{"id":7214,"date":"2024-06-28T07:35:50","date_gmt":"2024-06-28T05:35:50","guid":{"rendered":"https:\/\/aquaforest.eu\/aquaforest-ressourcen\/"},"modified":"2025-02-03T13:43:16","modified_gmt":"2025-02-03T12:43:16","slug":"ressourcen","status":"publish","type":"page","link":"https:\/\/aquaforest.eu\/de\/ressourcen\/","title":{"rendered":"Wissensdatenbank | Aquaforest"},"content":{"rendered":"\t\t<div data-elementor-type=\"wp-page\" data-elementor-id=\"7214\" class=\"elementor elementor-7214 elementor-3023\" data-elementor-post-type=\"page\">\n\t\t\t\t<div class=\"elementor-element elementor-element-27234660 e-flex e-con-boxed e-con e-parent\" data-id=\"27234660\" data-element_type=\"container\" data-e-type=\"container\" data-settings=\"{&quot;background_background&quot;:&quot;classic&quot;}\">\n\t\t\t\t\t<div class=\"e-con-inner\">\n\t\t\t\t<div class=\"elementor-element elementor-element-132b9b16 elementor-hidden-mobile elementor-widget-divider--view-line elementor-widget elementor-widget-divider\" data-id=\"132b9b16\" data-element_type=\"widget\" data-e-type=\"widget\" data-widget_type=\"divider.default\">\n\t\t\t\t\t\t\t<div class=\"elementor-divider\">\n\t\t\t<span class=\"elementor-divider-separator\">\n\t\t\t\t\t\t<\/span>\n\t\t<\/div>\n\t\t\t\t\t\t<\/div>\n\t\t\t\t<div class=\"elementor-element elementor-element-59c1b62 elementor-icon-list--layout-inline elementor-list-item-link-inline elementor-widget__width-initial elementor-widget elementor-widget-icon-list\" data-id=\"59c1b62\" data-element_type=\"widget\" data-e-type=\"widget\" data-widget_type=\"icon-list.default\">\n\t\t\t\t\t\t\t<ul class=\"elementor-icon-list-items elementor-inline-items\">\n\t\t\t\t\t\t\t<li class=\"elementor-icon-list-item elementor-inline-item\">\n\t\t\t\t\t\t\t\t\t\t\t<a href=\"https:\/\/aquaforest.eu\/en\/aquaforest\/\">\n\n\t\t\t\t\t\t\t\t\t\t\t<span class=\"elementor-icon-list-text\"><b>Aquaforest<\/b><\/span>\n\t\t\t\t\t\t\t\t\t\t\t<\/a>\n\t\t\t\t\t\t\t\t\t<\/li>\n\t\t\t\t\t\t\t\t<li class=\"elementor-icon-list-item elementor-inline-item\">\n\t\t\t\t\t\t\t\t\t\t\t<span class=\"elementor-icon-list-icon\">\n\t\t\t\t\t\t\t<svg xmlns=\"http:\/\/www.w3.org\/2000\/svg\" width=\"5\" height=\"8\" viewBox=\"0 0 5 8\"><path id=\"iconmonstr-arrow-64\" d=\"M8.557,0,9.5.943,6.387,4,9.5,7.057,8.557,8,4.5,4Z\" transform=\"translate(9.5 8) rotate(180)\" fill=\"#33003b\"><\/path><\/svg>\t\t\t\t\t\t<\/span>\n\t\t\t\t\t\t\t\t\t\t<span class=\"elementor-icon-list-text\">Ressourcen<\/span>\n\t\t\t\t\t\t\t\t\t<\/li>\n\t\t\t\t\t\t<\/ul>\n\t\t\t\t\t\t<\/div>\n\t\t\t\t\t<\/div>\n\t\t\t\t<\/div>\n\t\t<div class=\"elementor-element elementor-element-01925b1 e-con-full e-flex e-con e-parent\" data-id=\"01925b1\" data-element_type=\"container\" data-e-type=\"container\">\n\t\t<div class=\"elementor-element elementor-element-73eca51 e-con-full e-flex e-con e-child\" data-id=\"73eca51\" data-element_type=\"container\" data-e-type=\"container\">\n\t\t\t\t<div class=\"elementor-element elementor-element-078be8e elementor-widget elementor-widget-image\" data-id=\"078be8e\" data-element_type=\"widget\" data-e-type=\"widget\" data-widget_type=\"image.default\">\n\t\t\t\t\t\t\t\t\t\t\t\t\t\t\t<img fetchpriority=\"high\" decoding=\"async\" width=\"684\" height=\"1024\" src=\"https:\/\/aquaforest.eu\/wp-content\/uploads\/2024\/08\/DSC4772-684x1024.jpg\" class=\"attachment-large size-large wp-image-10557\" alt=\"\" srcset=\"https:\/\/aquaforest.eu\/wp-content\/uploads\/2024\/08\/DSC4772-684x1024.jpg 684w, https:\/\/aquaforest.eu\/wp-content\/uploads\/2024\/08\/DSC4772-200x300.jpg 200w, https:\/\/aquaforest.eu\/wp-content\/uploads\/2024\/08\/DSC4772-768x1150.jpg 768w, https:\/\/aquaforest.eu\/wp-content\/uploads\/2024\/08\/DSC4772-1026x1536.jpg 1026w, https:\/\/aquaforest.eu\/wp-content\/uploads\/2024\/08\/DSC4772-342x512.jpg 342w, https:\/\/aquaforest.eu\/wp-content\/uploads\/2024\/08\/DSC4772-600x899.jpg 600w, https:\/\/aquaforest.eu\/wp-content\/uploads\/2024\/08\/DSC4772.jpg 1282w\" sizes=\"(max-width: 684px) 100vw, 684px\" \/>\t\t\t\t\t\t\t\t\t\t\t\t\t\t\t<\/div>\n\t\t\t\t<\/div>\n\t\t<div class=\"elementor-element elementor-element-941e21c e-con-full e-flex e-con e-child\" data-id=\"941e21c\" data-element_type=\"container\" data-e-type=\"container\" data-settings=\"{&quot;background_background&quot;:&quot;classic&quot;}\">\n\t\t\t\t<div class=\"elementor-element elementor-element-583438f elementor-widget__width-initial elementor-invisible elementor-widget elementor-widget-heading\" data-id=\"583438f\" data-element_type=\"widget\" data-e-type=\"widget\" data-settings=\"{&quot;_animation&quot;:&quot;fadeInUp&quot;}\" data-widget_type=\"heading.default\">\n\t\t\t\t\t<h2 class=\"elementor-heading-title elementor-size-default\">AF Blog<\/h2>\t\t\t\t<\/div>\n\t\t\t\t<div class=\"elementor-element elementor-element-590e6c5 elementor-widget__width-initial elementor-widget-tablet__width-inherit elementor-widget elementor-widget-text-editor\" data-id=\"590e6c5\" data-element_type=\"widget\" data-e-type=\"widget\" data-widget_type=\"text-editor.default\">\n\t\t\t\t\t\t\t\t\t<p><span style=\"font-weight: 400;\">Sehen Sie sich unseren Blog an, der von Aquarianern aus der ganzen Welt erstellt wurde. Erfahren Sie n\u00fctzliche Tipps und interessante Geschichten von unseren Aquarianern! <\/span><\/p>\n\t\t\t\t\t\t\t\t<\/div>\n\t\t\t\t<div class=\"elementor-element elementor-element-0c8834a elementor-view-default elementor-widget elementor-widget-icon\" data-id=\"0c8834a\" data-element_type=\"widget\" data-e-type=\"widget\" data-widget_type=\"icon.default\">\n\t\t\t\t\t\t\t<div class=\"elementor-icon-wrapper\">\n\t\t\t<a class=\"elementor-icon\" href=\"https:\/\/aquaforest.eu\/en\/knowledge-base-tag\/blog\/\">\n\t\t\t<svg xmlns=\"http:\/\/www.w3.org\/2000\/svg\" width=\"17.998\" height=\"14.01\" viewBox=\"0 0 17.998 14.01\"><path id=\"iconmonstr-arrow-right-lined\" d=\"M14.523,18.787l6.255-6.26a.751.751,0,0,0,0-1.06L14.523,5.209A.736.736,0,0,0,14,4.992a.751.751,0,0,0-.536,1.277l4.978,4.978H3.749a.75.75,0,0,0,0,1.5H18.441l-4.979,4.979A.752.752,0,0,0,14,19a.737.737,0,0,0,.522-.215Z\" transform=\"translate(-2.999 -4.992)\" fill=\"#1e0123\"><\/path><\/svg>\t\t\t<\/a>\n\t\t<\/div>\n\t\t\t\t\t\t<\/div>\n\t\t\t\t<\/div>\n\t\t<div class=\"elementor-element elementor-element-41fdff4 e-con-full e-flex e-con e-child\" data-id=\"41fdff4\" data-element_type=\"container\" data-e-type=\"container\" data-settings=\"{&quot;background_background&quot;:&quot;classic&quot;}\">\n\t\t\t\t<div class=\"elementor-element elementor-element-e77e000 elementor-widget elementor-widget-image\" data-id=\"e77e000\" data-element_type=\"widget\" data-e-type=\"widget\" data-widget_type=\"image.default\">\n\t\t\t\t\t\t\t\t\t\t\t\t\t\t\t<img decoding=\"async\" width=\"640\" height=\"600\" src=\"https:\/\/aquaforest.eu\/wp-content\/uploads\/2024\/06\/FRESH_PORADNIK-2.png\" class=\"attachment-large size-large wp-image-7215\" alt=\"\" srcset=\"https:\/\/aquaforest.eu\/wp-content\/uploads\/2024\/06\/FRESH_PORADNIK-2.png 640w, https:\/\/aquaforest.eu\/wp-content\/uploads\/2024\/06\/FRESH_PORADNIK-2-300x281.png 300w, https:\/\/aquaforest.eu\/wp-content\/uploads\/2024\/06\/FRESH_PORADNIK-2-600x563.png 600w\" sizes=\"(max-width: 640px) 100vw, 640px\" \/>\t\t\t\t\t\t\t\t\t\t\t\t\t\t\t<\/div>\n\t\t\t\t<\/div>\n\t\t\t\t<\/div>\n\t\t<div class=\"elementor-element elementor-element-e36eb60 e-con-full e-flex e-con e-parent\" data-id=\"e36eb60\" data-element_type=\"container\" data-e-type=\"container\">\n\t\t<div class=\"elementor-element elementor-element-08b17db e-con-full e-flex e-con e-child\" data-id=\"08b17db\" data-element_type=\"container\" data-e-type=\"container\" data-settings=\"{&quot;background_background&quot;:&quot;classic&quot;}\">\n\t\t\t\t<div class=\"elementor-element elementor-element-6cf266e elementor-widget__width-initial elementor-widget-laptop__width-initial elementor-invisible elementor-widget elementor-widget-heading\" data-id=\"6cf266e\" data-element_type=\"widget\" data-e-type=\"widget\" data-settings=\"{&quot;_animation&quot;:&quot;fadeInUp&quot;}\" data-widget_type=\"heading.default\">\n\t\t\t\t\t<h2 class=\"elementor-heading-title elementor-size-default\">Wissensdatenbank<\/h2>\t\t\t\t<\/div>\n\t\t\t\t<div class=\"elementor-element elementor-element-a17d9b1 elementor-widget__width-initial elementor-widget-tablet__width-inherit elementor-widget elementor-widget-text-editor\" data-id=\"a17d9b1\" data-element_type=\"widget\" data-e-type=\"widget\" data-widget_type=\"text-editor.default\">\n\t\t\t\t\t\t\t\t\t<p>Entdecken Sie unser Lehrmaterial!<br \/>\nWir beantworten Ihre Fragen und teilen unser Fachwissen und bieten eine gro\u00dfartige Informationsquelle sowohl f\u00fcr Anf\u00e4nger als auch f\u00fcr erfahrene Aquarianer. <\/p>\n\t\t\t\t\t\t\t\t<\/div>\n\t\t\t\t<div class=\"elementor-element elementor-element-7162972 elementor-view-default elementor-widget elementor-widget-icon\" data-id=\"7162972\" data-element_type=\"widget\" data-e-type=\"widget\" data-widget_type=\"icon.default\">\n\t\t\t\t\t\t\t<div class=\"elementor-icon-wrapper\">\n\t\t\t<a class=\"elementor-icon\" href=\"https:\/\/aquaforest.eu\/en\/knowledge-base-tag\/aquaforest\/\">\n\t\t\t<svg xmlns=\"http:\/\/www.w3.org\/2000\/svg\" width=\"17.998\" height=\"14.01\" viewBox=\"0 0 17.998 14.01\"><path id=\"iconmonstr-arrow-right-lined\" d=\"M14.523,18.787l6.255-6.26a.751.751,0,0,0,0-1.06L14.523,5.209A.736.736,0,0,0,14,4.992a.751.751,0,0,0-.536,1.277l4.978,4.978H3.749a.75.75,0,0,0,0,1.5H18.441l-4.979,4.979A.752.752,0,0,0,14,19a.737.737,0,0,0,.522-.215Z\" transform=\"translate(-2.999 -4.992)\" fill=\"#fff\"><\/path><\/svg>\t\t\t<\/a>\n\t\t<\/div>\n\t\t\t\t\t\t<\/div>\n\t\t\t\t<\/div>\n\t\t<div class=\"elementor-element elementor-element-85f4199 e-con-full e-flex e-con e-child\" data-id=\"85f4199\" data-element_type=\"container\" data-e-type=\"container\" data-settings=\"{&quot;background_background&quot;:&quot;classic&quot;}\">\n\t\t\t\t<div class=\"elementor-element elementor-element-19c6992 elementor-widget elementor-widget-image\" data-id=\"19c6992\" data-element_type=\"widget\" data-e-type=\"widget\" data-widget_type=\"image.default\">\n\t\t\t\t\t\t\t\t\t\t\t\t\t\t\t<img decoding=\"async\" width=\"800\" height=\"533\" src=\"https:\/\/aquaforest.eu\/wp-content\/uploads\/2024\/08\/AF-Protein-Power-1024x682.jpg\" class=\"attachment-large size-large wp-image-10561\" alt=\"\" srcset=\"https:\/\/aquaforest.eu\/wp-content\/uploads\/2024\/08\/AF-Protein-Power-1024x682.jpg 1024w, https:\/\/aquaforest.eu\/wp-content\/uploads\/2024\/08\/AF-Protein-Power-300x200.jpg 300w, https:\/\/aquaforest.eu\/wp-content\/uploads\/2024\/08\/AF-Protein-Power-768x511.jpg 768w, https:\/\/aquaforest.eu\/wp-content\/uploads\/2024\/08\/AF-Protein-Power-1536x1022.jpg 1536w, https:\/\/aquaforest.eu\/wp-content\/uploads\/2024\/08\/AF-Protein-Power-360x240.jpg 360w, https:\/\/aquaforest.eu\/wp-content\/uploads\/2024\/08\/AF-Protein-Power-600x399.jpg 600w, https:\/\/aquaforest.eu\/wp-content\/uploads\/2024\/08\/AF-Protein-Power.jpg 1920w\" sizes=\"(max-width: 800px) 100vw, 800px\" \/>\t\t\t\t\t\t\t\t\t\t\t\t\t\t\t<\/div>\n\t\t\t\t<\/div>\n\t\t<div class=\"elementor-element elementor-element-3733575 e-con-full e-flex e-con e-child\" data-id=\"3733575\" data-element_type=\"container\" data-e-type=\"container\" data-settings=\"{&quot;background_background&quot;:&quot;classic&quot;}\">\n\t\t<div class=\"elementor-element elementor-element-c9da3bc e-con-full e-flex e-con e-child\" data-id=\"c9da3bc\" data-element_type=\"container\" data-e-type=\"container\">\n\t\t\t\t<div class=\"elementor-element elementor-element-e07b183 elementor-widget__width-initial elementor-widget-mobile__width-initial elementor-invisible elementor-widget elementor-widget-heading\" data-id=\"e07b183\" data-element_type=\"widget\" data-e-type=\"widget\" data-settings=\"{&quot;_animation&quot;:&quot;fadeInUp&quot;}\" data-widget_type=\"heading.default\">\n\t\t\t\t\t<h2 class=\"elementor-heading-title elementor-size-default\">Produkt-Rechner\n<\/h2>\t\t\t\t<\/div>\n\t\t\t\t<div class=\"elementor-element elementor-element-9c3de3b elementor-widget__width-initial elementor-widget-tablet__width-inherit elementor-widget-laptop__width-initial elementor-widget elementor-widget-text-editor\" data-id=\"9c3de3b\" data-element_type=\"widget\" data-e-type=\"widget\" data-widget_type=\"text-editor.default\">\n\t\t\t\t\t\t\t\t\t<div class=\"elementor-element elementor-element-294c714 e-con-full e-flex e-con e-child animated fadeInRight\" data-id=\"294c714\" data-element_type=\"container\" data-settings=\"{\"background_background\":\"classic\",\"animation\":\"fadeInRight\"}\">\n<div class=\"elementor-element elementor-element-927abc6 elementor-widget__width-initial elementor-widget-tablet__width-inherit elementor-widget elementor-widget-text-editor\" data-id=\"927abc6\" data-element_type=\"widget\" data-widget_type=\"text-editor.default\">\n<div class=\"elementor-widget-container\">\n<p>Nutzen Sie unseren speziellen Rechner f\u00fcr Aquarianer.<br \/>\nEr hilft Ihnen bei der Auswahl der richtigen Produkte, der Dosierung und der Stabilisierung von Parametern wie Magnesium, Kalzium und Alkalinit\u00e4t. <\/p>\n<\/div>\n<\/div>\n<\/div>\n\t\t\t\t\t\t\t\t<\/div>\n\t\t\t\t<div class=\"elementor-element elementor-element-0f018db elementor-view-default elementor-widget elementor-widget-icon\" data-id=\"0f018db\" data-element_type=\"widget\" data-e-type=\"widget\" data-widget_type=\"icon.default\">\n\t\t\t\t\t\t\t<div class=\"elementor-icon-wrapper\">\n\t\t\t<a class=\"elementor-icon\" href=\"https:\/\/aquaforest.eu\/en\/calculator\/\">\n\t\t\t<svg xmlns=\"http:\/\/www.w3.org\/2000\/svg\" width=\"17.998\" height=\"14.01\" viewBox=\"0 0 17.998 14.01\"><path id=\"iconmonstr-arrow-right-lined\" d=\"M14.523,18.787l6.255-6.26a.751.751,0,0,0,0-1.06L14.523,5.209A.736.736,0,0,0,14,4.992a.751.751,0,0,0-.536,1.277l4.978,4.978H3.749a.75.75,0,0,0,0,1.5H18.441l-4.979,4.979A.752.752,0,0,0,14,19a.737.737,0,0,0,.522-.215Z\" transform=\"translate(-2.999 -4.992)\" fill=\"#fff\"><\/path><\/svg>\t\t\t<\/a>\n\t\t<\/div>\n\t\t\t\t\t\t<\/div>\n\t\t\t\t<\/div>\n\t\t\t\t<\/div>\n\t\t\t\t<\/div>\n\t\t<div class=\"elementor-element elementor-element-1508af1d e-flex e-con-boxed e-con e-parent\" data-id=\"1508af1d\" data-element_type=\"container\" data-e-type=\"container\" data-settings=\"{&quot;background_background&quot;:&quot;classic&quot;}\">\n\t\t\t\t\t<div class=\"e-con-inner\">\n\t\t<div class=\"elementor-element elementor-element-11e2b465 e-con-full e-flex e-con e-child\" data-id=\"11e2b465\" data-element_type=\"container\" data-e-type=\"container\">\n\t\t\t\t<div class=\"elementor-element elementor-element-389165a8 elementor-invisible elementor-widget elementor-widget-heading\" data-id=\"389165a8\" data-element_type=\"widget\" data-e-type=\"widget\" data-settings=\"{&quot;_animation&quot;:&quot;fadeInUp&quot;}\" data-widget_type=\"heading.default\">\n\t\t\t\t\t<h2 class=\"elementor-heading-title elementor-size-default\">Neueste Beitr\u00e4ge<\/h2>\t\t\t\t<\/div>\n\t\t\t\t<\/div>\n\t\t\t\t\t<\/div>\n\t\t\t\t<\/div>\n\t\t<div class=\"elementor-element elementor-element-4717601f e-flex e-con-boxed e-con e-parent\" data-id=\"4717601f\" data-element_type=\"container\" data-e-type=\"container\" data-settings=\"{&quot;background_background&quot;:&quot;classic&quot;}\">\n\t\t\t\t\t<div class=\"e-con-inner\">\n\t\t\t\t<div class=\"elementor-element elementor-element-372ed721 elementor-widget-divider--view-line elementor-widget elementor-widget-divider\" data-id=\"372ed721\" data-element_type=\"widget\" data-e-type=\"widget\" data-widget_type=\"divider.default\">\n\t\t\t\t\t\t\t<div class=\"elementor-divider\">\n\t\t\t<span class=\"elementor-divider-separator\">\n\t\t\t\t\t\t<\/span>\n\t\t<\/div>\n\t\t\t\t\t\t<\/div>\n\t\t\t\t<div class=\"elementor-element elementor-element-3c0d1639 elementor-icon-list--layout-inline elementor-list-item-link-full_width elementor-widget elementor-widget-icon-list\" data-id=\"3c0d1639\" data-element_type=\"widget\" data-e-type=\"widget\" data-widget_type=\"icon-list.default\">\n\t\t\t\t\t\t\t<ul class=\"elementor-icon-list-items elementor-inline-items\">\n\t\t\t\t\t\t\t<li class=\"elementor-icon-list-item elementor-inline-item\">\n\t\t\t\t\t\t\t\t\t\t\t<a href=\"https:\/\/aquaforest.eu\/en\/seawater\/\">\n\n\t\t\t\t\t\t\t\t\t\t\t<span class=\"elementor-icon-list-text\">Seawater<\/span>\n\t\t\t\t\t\t\t\t\t\t\t<\/a>\n\t\t\t\t\t\t\t\t\t<\/li>\n\t\t\t\t\t\t\t\t<li class=\"elementor-icon-list-item elementor-inline-item\">\n\t\t\t\t\t\t\t\t\t\t\t<a href=\"https:\/\/aquaforest.eu\/en\/freshwater\/\">\n\n\t\t\t\t\t\t\t\t\t\t\t<span class=\"elementor-icon-list-text\">Freshwater<\/span>\n\t\t\t\t\t\t\t\t\t\t\t<\/a>\n\t\t\t\t\t\t\t\t\t<\/li>\n\t\t\t\t\t\t\t\t<li class=\"elementor-icon-list-item elementor-inline-item\">\n\t\t\t\t\t\t\t\t\t\t\t<a href=\"https:\/\/aquaforest.eu\/en\/oceanguard\/\">\n\n\t\t\t\t\t\t\t\t\t\t\t<span class=\"elementor-icon-list-text\">OceanGuard<\/span>\n\t\t\t\t\t\t\t\t\t\t\t<\/a>\n\t\t\t\t\t\t\t\t\t<\/li>\n\t\t\t\t\t\t\t\t<li class=\"elementor-icon-list-item elementor-inline-item\">\n\t\t\t\t\t\t\t\t\t\t\t<a href=\"https:\/\/aquaforest.eu\/en\/lab\/\">\n\n\t\t\t\t\t\t\t\t\t\t\t<span class=\"elementor-icon-list-text\">Aquaforest Lab<\/span>\n\t\t\t\t\t\t\t\t\t\t\t<\/a>\n\t\t\t\t\t\t\t\t\t<\/li>\n\t\t\t\t\t\t<\/ul>\n\t\t\t\t\t\t<\/div>\n\t\t\t\t\t<\/div>\n\t\t\t\t<\/div>\n\t\t\t\t<\/div>\n\t\t","protected":false},"excerpt":{"rendered":"<p>Aquaforest Ressourcen AF Blog Sehen Sie sich unseren Blog an, der von Aquarianern aus der ganzen Welt erstellt wurde. Erfahren Sie n\u00fctzliche Tipps und interessante Geschichten von unseren Aquarianern! Wissensdatenbank Entdecken Sie unser Lehrmaterial! Wir beantworten Ihre Fragen und teilen unser Fachwissen und bieten eine gro\u00dfartige Informationsquelle sowohl f\u00fcr Anf\u00e4nger als auch f\u00fcr erfahrene Aquarianer. [&hellip;]<\/p>\n","protected":false},"author":7,"featured_media":0,"parent":0,"menu_order":0,"comment_status":"closed","ping_status":"closed","template":"","meta":{"_acf_changed":false,"content-type":"","footnotes":""},"class_list":["post-7214","page","type-page","status-publish","hentry"],"acf":[],"yoast_head":"<!-- This site is optimized with the Yoast SEO plugin v27.1.1 - https:\/\/yoast.com\/product\/yoast-seo-wordpress\/ -->\n<title>Wissensdatenbank | Aquaforest<\/title>\n<meta name=\"description\" content=\"Alles, was Sie \u00fcber Aquaristik, Aquarienpflege und eine gesunde Wasserumgebung wissen m\u00f6chten.\" \/>\n<meta name=\"robots\" content=\"index, follow, max-snippet:-1, max-image-preview:large, max-video-preview:-1\" \/>\n<link rel=\"canonical\" href=\"https:\/\/aquaforest.eu\/de\/ressourcen\/\" \/>\n<meta property=\"og:locale\" content=\"de_DE\" \/>\n<meta property=\"og:type\" content=\"article\" \/>\n<meta property=\"og:title\" content=\"Wissensdatenbank | Aquaforest\" \/>\n<meta property=\"og:description\" content=\"Alles, was Sie \u00fcber Aquaristik, Aquarienpflege und eine gesunde Wasserumgebung wissen m\u00f6chten.\" \/>\n<meta property=\"og:url\" content=\"https:\/\/aquaforest.eu\/de\/ressourcen\/\" \/>\n<meta property=\"og:site_name\" content=\"Aquaforest\" \/>\n<meta property=\"article:publisher\" content=\"https:\/\/www.facebook.com\/Aquaforest\/\" \/>\n<meta property=\"article:modified_time\" content=\"2025-02-03T12:43:16+00:00\" \/>\n<meta property=\"og:image\" content=\"https:\/\/aquaforest.eu\/wp-content\/uploads\/2024\/08\/DSC4772-684x1024.jpg\" \/>\n<meta name=\"twitter:card\" content=\"summary_large_image\" \/>\n<meta name=\"twitter:label1\" content=\"Gesch\u00e4tzte Lesezeit\" \/>\n\t<meta name=\"twitter:data1\" content=\"4\u00a0Minuten\" \/>\n<script type=\"application\/ld+json\" class=\"yoast-schema-graph\">{\"@context\":\"https:\/\/schema.org\",\"@graph\":[{\"@type\":\"WebPage\",\"@id\":\"https:\/\/aquaforest.eu\/de\/ressourcen\/\",\"url\":\"https:\/\/aquaforest.eu\/de\/ressourcen\/\",\"name\":\"Wissensdatenbank | Aquaforest\",\"isPartOf\":{\"@id\":\"https:\/\/aquaforest.eu\/de\/#website\"},\"primaryImageOfPage\":{\"@id\":\"https:\/\/aquaforest.eu\/de\/ressourcen\/#primaryimage\"},\"image\":{\"@id\":\"https:\/\/aquaforest.eu\/de\/ressourcen\/#primaryimage\"},\"thumbnailUrl\":\"https:\/\/aquaforest.eu\/wp-content\/uploads\/2024\/08\/DSC4772-684x1024.jpg\",\"datePublished\":\"2024-06-28T05:35:50+00:00\",\"dateModified\":\"2025-02-03T12:43:16+00:00\",\"description\":\"Alles, was Sie \u00fcber Aquaristik, Aquarienpflege und eine gesunde Wasserumgebung wissen m\u00f6chten.\",\"breadcrumb\":{\"@id\":\"https:\/\/aquaforest.eu\/de\/ressourcen\/#breadcrumb\"},\"inLanguage\":\"de\",\"potentialAction\":[{\"@type\":\"ReadAction\",\"target\":[\"https:\/\/aquaforest.eu\/de\/ressourcen\/\"]}]},{\"@type\":\"ImageObject\",\"inLanguage\":\"de\",\"@id\":\"https:\/\/aquaforest.eu\/de\/ressourcen\/#primaryimage\",\"url\":\"https:\/\/aquaforest.eu\/wp-content\/uploads\/2024\/08\/DSC4772-684x1024.jpg\",\"contentUrl\":\"https:\/\/aquaforest.eu\/wp-content\/uploads\/2024\/08\/DSC4772-684x1024.jpg\"},{\"@type\":\"BreadcrumbList\",\"@id\":\"https:\/\/aquaforest.eu\/de\/ressourcen\/#breadcrumb\",\"itemListElement\":[{\"@type\":\"ListItem\",\"position\":1,\"name\":\"Home\",\"item\":\"https:\/\/aquaforest.eu\/de\/\"},{\"@type\":\"ListItem\",\"position\":2,\"name\":\"Wissensdatenbank | Aquaforest\"}]},{\"@type\":\"WebSite\",\"@id\":\"https:\/\/aquaforest.eu\/de\/#website\",\"url\":\"https:\/\/aquaforest.eu\/de\/\",\"name\":\"Aquaforest\",\"description\":\"\",\"publisher\":{\"@id\":\"https:\/\/aquaforest.eu\/de\/#organization\"},\"potentialAction\":[{\"@type\":\"SearchAction\",\"target\":{\"@type\":\"EntryPoint\",\"urlTemplate\":\"https:\/\/aquaforest.eu\/de\/?s={search_term_string}\"},\"query-input\":{\"@type\":\"PropertyValueSpecification\",\"valueRequired\":true,\"valueName\":\"search_term_string\"}}],\"inLanguage\":\"de\"},{\"@type\":\"Organization\",\"@id\":\"https:\/\/aquaforest.eu\/de\/#organization\",\"name\":\"Aquaforest\",\"url\":\"https:\/\/aquaforest.eu\/de\/\",\"logo\":{\"@type\":\"ImageObject\",\"inLanguage\":\"de\",\"@id\":\"https:\/\/aquaforest.eu\/de\/#\/schema\/logo\/image\/\",\"url\":\"https:\/\/aquaforest.eu\/wp-content\/uploads\/2024\/05\/logotyp-aquaforest.svg\",\"contentUrl\":\"https:\/\/aquaforest.eu\/wp-content\/uploads\/2024\/05\/logotyp-aquaforest.svg\",\"width\":170,\"height\":22,\"caption\":\"Aquaforest\"},\"image\":{\"@id\":\"https:\/\/aquaforest.eu\/de\/#\/schema\/logo\/image\/\"},\"sameAs\":[\"https:\/\/www.facebook.com\/Aquaforest\/\",\"https:\/\/www.instagram.com\/aquaforest.eu\/\"]}]}<\/script>\n<!-- \/ Yoast SEO plugin. -->","yoast_head_json":{"title":"Wissensdatenbank | Aquaforest","description":"Alles, was Sie \u00fcber Aquaristik, Aquarienpflege und eine gesunde Wasserumgebung wissen m\u00f6chten.","robots":{"index":"index","follow":"follow","max-snippet":"max-snippet:-1","max-image-preview":"max-image-preview:large","max-video-preview":"max-video-preview:-1"},"canonical":"https:\/\/aquaforest.eu\/de\/ressourcen\/","og_locale":"de_DE","og_type":"article","og_title":"Wissensdatenbank | Aquaforest","og_description":"Alles, was Sie \u00fcber Aquaristik, Aquarienpflege und eine gesunde Wasserumgebung wissen m\u00f6chten.","og_url":"https:\/\/aquaforest.eu\/de\/ressourcen\/","og_site_name":"Aquaforest","article_publisher":"https:\/\/www.facebook.com\/Aquaforest\/","article_modified_time":"2025-02-03T12:43:16+00:00","og_image":[{"url":"https:\/\/aquaforest.eu\/wp-content\/uploads\/2024\/08\/DSC4772-684x1024.jpg","type":"","width":"","height":""}],"twitter_card":"summary_large_image","twitter_misc":{"Gesch\u00e4tzte Lesezeit":"4\u00a0Minuten"},"schema":{"@context":"https:\/\/schema.org","@graph":[{"@type":"WebPage","@id":"https:\/\/aquaforest.eu\/de\/ressourcen\/","url":"https:\/\/aquaforest.eu\/de\/ressourcen\/","name":"Wissensdatenbank | Aquaforest","isPartOf":{"@id":"https:\/\/aquaforest.eu\/de\/#website"},"primaryImageOfPage":{"@id":"https:\/\/aquaforest.eu\/de\/ressourcen\/#primaryimage"},"image":{"@id":"https:\/\/aquaforest.eu\/de\/ressourcen\/#primaryimage"},"thumbnailUrl":"https:\/\/aquaforest.eu\/wp-content\/uploads\/2024\/08\/DSC4772-684x1024.jpg","datePublished":"2024-06-28T05:35:50+00:00","dateModified":"2025-02-03T12:43:16+00:00","description":"Alles, was Sie \u00fcber Aquaristik, Aquarienpflege und eine gesunde Wasserumgebung wissen m\u00f6chten.","breadcrumb":{"@id":"https:\/\/aquaforest.eu\/de\/ressourcen\/#breadcrumb"},"inLanguage":"de","potentialAction":[{"@type":"ReadAction","target":["https:\/\/aquaforest.eu\/de\/ressourcen\/"]}]},{"@type":"ImageObject","inLanguage":"de","@id":"https:\/\/aquaforest.eu\/de\/ressourcen\/#primaryimage","url":"https:\/\/aquaforest.eu\/wp-content\/uploads\/2024\/08\/DSC4772-684x1024.jpg","contentUrl":"https:\/\/aquaforest.eu\/wp-content\/uploads\/2024\/08\/DSC4772-684x1024.jpg"},{"@type":"BreadcrumbList","@id":"https:\/\/aquaforest.eu\/de\/ressourcen\/#breadcrumb","itemListElement":[{"@type":"ListItem","position":1,"name":"Home","item":"https:\/\/aquaforest.eu\/de\/"},{"@type":"ListItem","position":2,"name":"Wissensdatenbank | Aquaforest"}]},{"@type":"WebSite","@id":"https:\/\/aquaforest.eu\/de\/#website","url":"https:\/\/aquaforest.eu\/de\/","name":"Aquaforest","description":"","publisher":{"@id":"https:\/\/aquaforest.eu\/de\/#organization"},"potentialAction":[{"@type":"SearchAction","target":{"@type":"EntryPoint","urlTemplate":"https:\/\/aquaforest.eu\/de\/?s={search_term_string}"},"query-input":{"@type":"PropertyValueSpecification","valueRequired":true,"valueName":"search_term_string"}}],"inLanguage":"de"},{"@type":"Organization","@id":"https:\/\/aquaforest.eu\/de\/#organization","name":"Aquaforest","url":"https:\/\/aquaforest.eu\/de\/","logo":{"@type":"ImageObject","inLanguage":"de","@id":"https:\/\/aquaforest.eu\/de\/#\/schema\/logo\/image\/","url":"https:\/\/aquaforest.eu\/wp-content\/uploads\/2024\/05\/logotyp-aquaforest.svg","contentUrl":"https:\/\/aquaforest.eu\/wp-content\/uploads\/2024\/05\/logotyp-aquaforest.svg","width":170,"height":22,"caption":"Aquaforest"},"image":{"@id":"https:\/\/aquaforest.eu\/de\/#\/schema\/logo\/image\/"},"sameAs":["https:\/\/www.facebook.com\/Aquaforest\/","https:\/\/www.instagram.com\/aquaforest.eu\/"]}]}},"_links":{"self":[{"href":"https:\/\/aquaforest.eu\/de\/wp-json\/wp\/v2\/pages\/7214","targetHints":{"allow":["GET"]}}],"collection":[{"href":"https:\/\/aquaforest.eu\/de\/wp-json\/wp\/v2\/pages"}],"about":[{"href":"https:\/\/aquaforest.eu\/de\/wp-json\/wp\/v2\/types\/page"}],"author":[{"embeddable":true,"href":"https:\/\/aquaforest.eu\/de\/wp-json\/wp\/v2\/users\/7"}],"replies":[{"embeddable":true,"href":"https:\/\/aquaforest.eu\/de\/wp-json\/wp\/v2\/comments?post=7214"}],"version-history":[{"count":9,"href":"https:\/\/aquaforest.eu\/de\/wp-json\/wp\/v2\/pages\/7214\/revisions"}],"predecessor-version":[{"id":20783,"href":"https:\/\/aquaforest.eu\/de\/wp-json\/wp\/v2\/pages\/7214\/revisions\/20783"}],"wp:attachment":[{"href":"https:\/\/aquaforest.eu\/de\/wp-json\/wp\/v2\/media?parent=7214"}],"curies":[{"name":"wp","href":"https:\/\/api.w.org\/{rel}","templated":true}]}}