{"id":10440,"date":"2024-06-24T17:43:20","date_gmt":"2024-06-24T15:43:20","guid":{"rendered":"https:\/\/aquaforest.eu\/products\/unkategorisiert\/icp-test-1\/"},"modified":"2025-01-17T10:00:13","modified_gmt":"2025-01-17T09:00:13","slug":"icp-test-1","status":"publish","type":"product","link":"https:\/\/aquaforest.eu\/de\/produkte\/lab\/icp-tests\/icp-test-1\/","title":{"rendered":"ICP Test 1"},"content":{"rendered":"<div class=\"custom-product-tabs\">\n<h2><span style=\"color: #000000;\">Beschreibung:<\/span><\/h2>\n<p><span style=\"color: #000000;\">ICP-OES-Tests wurden entwickelt, um die Parameter von Meerwasser und RO-Wasser genau zu analysieren. Das Kit enth\u00e4lt 1 Testfl\u00e4schchen, einen individuellen Code und einen Umschlag f\u00fcr den Versand des Tests an unser Labor. Der ICP-OES-Test liefert genaue Ergebnisse f\u00fcr die Analyse von 39 Parametern. In unserem Labor pr\u00fcfen wir: Li, Si, I, Ba, Mo, Ni, Mn, Be, Cr, Co, Fe, V, Zn, Hg, Se, Cd, Sn, Sb, As, Al, Pb, Ti, Cu, La, Sc, W, Na, Ca, Mg, K, Br, B, Sr, S, P, PO4 sowie den Salzgehalt, KH und NO3!<\/span><\/p>\n<p><span style=\"color: #000000;\"><strong>Was ist der ICP-OES-Test?<\/strong><\/span><\/p>\n<p><span style=\"color: #000000;\">ICP-OES (<em>Inductively Coupled Plasma Optical Emission Spectrometry<\/em>) ist ein Verfahren zur Analyse der Zusammensetzung verschiedener Arten von Fl\u00fcssigkeitsproben, wie zum Beispiel Trinkwasser, Abwasser, Sole oder Meerwasser. Unser ICP-OES optisches Emissionsspektrometer mit induktiv gekoppelter Plasmaanregung ist das h\u00f6chstaufl\u00f6sende Ger\u00e4t auf dem Markt, das horizontales und vertikales Scannen im Wellenl\u00e4ngenbereich von 130-770nm erm\u00f6glicht. Es ist in der Lage, das gesamte Untersuchungsspektrum in nur 2 Sekunden zu analysieren und zu verarbeiten. Dank des schnellen Lesesystems ist es m\u00f6glich, die Komponenten mit einer Abtastfrequenz von bis zu 10Hz zu analysieren.<\/span><\/p>\n<p><span style=\"color: #000000;\">Wir verf\u00fcgen \u00fcber gleich zwei hochmoderne Spektrometer, wodurch wir Wassertests noch schneller durchf\u00fchren und Ergebnisse nahezu unmittelbar nach Erhalt der Probe liefern k\u00f6nnen.<\/span><\/p>\n<h2><span style=\"color: #000000;\">Verwendung:<\/span><\/h2>\n<\/div>\n<div class=\"tab-content\">\n<div id=\"fusion-tab-1\" class=\"tab-pane fade fusion-clearfix active in\">\n<ol>\n<li><span style=\"color: #000000;\">Sp\u00fclen Sie das Testr\u00f6hrchen zweimal mit dem f\u00fcr die Analyse vorgesehenen Wasser aus, bevor Sie die eigentliche Probe entnehmen.<\/span><br \/>\n<span style=\"color: #000000;\">F\u00fcllen Sie das Fl\u00e4schchen mit Wasser und stellen Sie sicher, dass Sie es fest verschlie\u00dfen.<\/span><\/li>\n<li><span style=\"color: #000000;\">Registrieren Sie sich und melden Sie sich an www.aquaforestlab.com.<\/span><br \/>\n<span style=\"color: #000000;\">Verwenden Sie den Fl\u00e4schchencode, um Ihre Probe zu registrieren.<\/span><\/li>\n<li><span style=\"color: #000000;\">F\u00fcllen Sie die Absenderangaben auf dem beiliegenden Umschlag aus und schicken Sie die Probe zur Analyse an unser Labor.<\/span><\/li>\n<li><span style=\"color: #000000;\">Wir werden Sie per E-Mail benachrichtigen, sobald die Ergebnisse verf\u00fcgbar sind.<\/span><br \/>\n<span style=\"color: #000000;\">Bitte melden Sie sich auf der Website www.aquaforestlab.com an, um Ihre Berichte zu erhalten.<\/span><\/li>\n<\/ol>\n<\/div>\n<\/div>\n","protected":false},"excerpt":{"rendered":"<p>Pr\u00e4ziser Test von Meerwasser zur gr\u00fcndlichen Analyse von Parametern. Enth\u00e4lt 1 Testfl\u00e4schchen und einen Testcode.<\/p>\n","protected":false},"featured_media":20125,"template":"","meta":{"_acf_changed":false,"content-type":""},"product_brand":[],"product_cat":[1142],"product_tag":[968,1014],"class_list":{"0":"post-10440","1":"product","2":"type-product","3":"status-publish","4":"has-post-thumbnail","6":"product_cat-icp-tests","7":"product_tag-aquaforest-lab-de","8":"product_tag-icp-tests-de","10":"first","11":"instock","12":"taxable","13":"shipping-taxable","14":"purchasable","15":"product-type-simple"},"acf":[],"yoast_head":"<!-- This site is optimized with the Yoast SEO plugin v27.1.1 - https:\/\/yoast.com\/product\/yoast-seo-wordpress\/ -->\n<title>ICP Test 1 - Aquaforest<\/title>\n<meta name=\"description\" content=\"ICP Test 1: ICP-OES-Tests wurden f\u00fcr die pr\u00e4zise Analyse von Meerwasser- und RO-Wasserparametern entwickelt. Das Kit enth\u00e4lt 1 Testfl\u00e4schchen, einen eindeutigen Code und einen Umschlag f\u00fcr den Versand des Tests an unser Labor.\" \/>\n<meta name=\"robots\" content=\"index, follow, max-snippet:-1, max-image-preview:large, max-video-preview:-1\" \/>\n<link rel=\"canonical\" href=\"https:\/\/aquaforest.eu\/de\/produkte\/lab\/icp-tests\/icp-test-1\/\" \/>\n<meta property=\"og:locale\" content=\"de_DE\" \/>\n<meta property=\"og:type\" content=\"article\" \/>\n<meta property=\"og:title\" content=\"ICP Test 1 - Aquaforest\" \/>\n<meta property=\"og:description\" content=\"ICP Test 1: ICP-OES-Tests wurden f\u00fcr die pr\u00e4zise Analyse von Meerwasser- und RO-Wasserparametern entwickelt. Das Kit enth\u00e4lt 1 Testfl\u00e4schchen, einen eindeutigen Code und einen Umschlag f\u00fcr den Versand des Tests an unser Labor.\" \/>\n<meta property=\"og:url\" content=\"https:\/\/aquaforest.eu\/de\/produkte\/lab\/icp-tests\/icp-test-1\/\" \/>\n<meta property=\"og:site_name\" content=\"Aquaforest\" \/>\n<meta property=\"article:publisher\" content=\"https:\/\/www.facebook.com\/Aquaforest\/\" \/>\n<meta property=\"article:modified_time\" content=\"2025-01-17T09:00:13+00:00\" \/>\n<meta property=\"og:image\" content=\"https:\/\/aquaforest.eu\/wp-content\/uploads\/2024\/06\/ICP-test1-no3-e1737376147233.png\" \/>\n\t<meta property=\"og:image:width\" content=\"1800\" \/>\n\t<meta property=\"og:image:height\" content=\"1800\" \/>\n\t<meta property=\"og:image:type\" content=\"image\/png\" \/>\n<meta name=\"twitter:card\" content=\"summary_large_image\" \/>\n<meta name=\"twitter:label1\" content=\"Gesch\u00e4tzte Lesezeit\" \/>\n\t<meta name=\"twitter:data1\" content=\"2\u00a0Minuten\" \/>\n<script type=\"application\/ld+json\" class=\"yoast-schema-graph\">{\"@context\":\"https:\/\/schema.org\",\"@graph\":[{\"@type\":\"WebPage\",\"@id\":\"https:\/\/aquaforest.eu\/de\/produkte\/lab\/icp-tests\/icp-test-1\/\",\"url\":\"https:\/\/aquaforest.eu\/de\/produkte\/lab\/icp-tests\/icp-test-1\/\",\"name\":\"ICP Test 1 - Aquaforest\",\"isPartOf\":{\"@id\":\"https:\/\/aquaforest.eu\/de\/#website\"},\"primaryImageOfPage\":{\"@id\":\"https:\/\/aquaforest.eu\/de\/produkte\/lab\/icp-tests\/icp-test-1\/#primaryimage\"},\"image\":{\"@id\":\"https:\/\/aquaforest.eu\/de\/produkte\/lab\/icp-tests\/icp-test-1\/#primaryimage\"},\"thumbnailUrl\":\"https:\/\/aquaforest.eu\/wp-content\/uploads\/2024\/06\/ICP-test1-no3-e1737376147233.png\",\"datePublished\":\"2024-06-24T15:43:20+00:00\",\"dateModified\":\"2025-01-17T09:00:13+00:00\",\"description\":\"ICP Test 1: ICP-OES-Tests wurden f\u00fcr die pr\u00e4zise Analyse von Meerwasser- und RO-Wasserparametern entwickelt. Das Kit enth\u00e4lt 1 Testfl\u00e4schchen, einen eindeutigen Code und einen Umschlag f\u00fcr den Versand des Tests an unser Labor.\",\"breadcrumb\":{\"@id\":\"https:\/\/aquaforest.eu\/de\/produkte\/lab\/icp-tests\/icp-test-1\/#breadcrumb\"},\"inLanguage\":\"de\",\"potentialAction\":[{\"@type\":\"ReadAction\",\"target\":[\"https:\/\/aquaforest.eu\/de\/produkte\/lab\/icp-tests\/icp-test-1\/\"]}]},{\"@type\":\"ImageObject\",\"inLanguage\":\"de\",\"@id\":\"https:\/\/aquaforest.eu\/de\/produkte\/lab\/icp-tests\/icp-test-1\/#primaryimage\",\"url\":\"https:\/\/aquaforest.eu\/wp-content\/uploads\/2024\/06\/ICP-test1-no3-e1737376147233.png\",\"contentUrl\":\"https:\/\/aquaforest.eu\/wp-content\/uploads\/2024\/06\/ICP-test1-no3-e1737376147233.png\",\"width\":1800,\"height\":1800},{\"@type\":\"BreadcrumbList\",\"@id\":\"https:\/\/aquaforest.eu\/de\/produkte\/lab\/icp-tests\/icp-test-1\/#breadcrumb\",\"itemListElement\":[{\"@type\":\"ListItem\",\"position\":1,\"name\":\"Home\",\"item\":\"https:\/\/aquaforest.eu\/de\/\"},{\"@type\":\"ListItem\",\"position\":2,\"name\":\"Produkte\",\"item\":\"https:\/\/aquaforest.eu\/de\/produkte\/\"},{\"@type\":\"ListItem\",\"position\":3,\"name\":\"ICP Test 1\"}]},{\"@type\":\"WebSite\",\"@id\":\"https:\/\/aquaforest.eu\/de\/#website\",\"url\":\"https:\/\/aquaforest.eu\/de\/\",\"name\":\"Aquaforest\",\"description\":\"\",\"publisher\":{\"@id\":\"https:\/\/aquaforest.eu\/de\/#organization\"},\"potentialAction\":[{\"@type\":\"SearchAction\",\"target\":{\"@type\":\"EntryPoint\",\"urlTemplate\":\"https:\/\/aquaforest.eu\/de\/?s={search_term_string}\"},\"query-input\":{\"@type\":\"PropertyValueSpecification\",\"valueRequired\":true,\"valueName\":\"search_term_string\"}}],\"inLanguage\":\"de\"},{\"@type\":\"Organization\",\"@id\":\"https:\/\/aquaforest.eu\/de\/#organization\",\"name\":\"Aquaforest\",\"url\":\"https:\/\/aquaforest.eu\/de\/\",\"logo\":{\"@type\":\"ImageObject\",\"inLanguage\":\"de\",\"@id\":\"https:\/\/aquaforest.eu\/de\/#\/schema\/logo\/image\/\",\"url\":\"https:\/\/aquaforest.eu\/wp-content\/uploads\/2024\/05\/logotyp-aquaforest.svg\",\"contentUrl\":\"https:\/\/aquaforest.eu\/wp-content\/uploads\/2024\/05\/logotyp-aquaforest.svg\",\"width\":170,\"height\":22,\"caption\":\"Aquaforest\"},\"image\":{\"@id\":\"https:\/\/aquaforest.eu\/de\/#\/schema\/logo\/image\/\"},\"sameAs\":[\"https:\/\/www.facebook.com\/Aquaforest\/\",\"https:\/\/www.instagram.com\/aquaforest.eu\/\"]}]}<\/script>\n<!-- \/ Yoast SEO plugin. -->","yoast_head_json":{"title":"ICP Test 1 - Aquaforest","description":"ICP Test 1: ICP-OES-Tests wurden f\u00fcr die pr\u00e4zise Analyse von Meerwasser- und RO-Wasserparametern entwickelt. Das Kit enth\u00e4lt 1 Testfl\u00e4schchen, einen eindeutigen Code und einen Umschlag f\u00fcr den Versand des Tests an unser Labor.","robots":{"index":"index","follow":"follow","max-snippet":"max-snippet:-1","max-image-preview":"max-image-preview:large","max-video-preview":"max-video-preview:-1"},"canonical":"https:\/\/aquaforest.eu\/de\/produkte\/lab\/icp-tests\/icp-test-1\/","og_locale":"de_DE","og_type":"article","og_title":"ICP Test 1 - Aquaforest","og_description":"ICP Test 1: ICP-OES-Tests wurden f\u00fcr die pr\u00e4zise Analyse von Meerwasser- und RO-Wasserparametern entwickelt. Das Kit enth\u00e4lt 1 Testfl\u00e4schchen, einen eindeutigen Code und einen Umschlag f\u00fcr den Versand des Tests an unser Labor.","og_url":"https:\/\/aquaforest.eu\/de\/produkte\/lab\/icp-tests\/icp-test-1\/","og_site_name":"Aquaforest","article_publisher":"https:\/\/www.facebook.com\/Aquaforest\/","article_modified_time":"2025-01-17T09:00:13+00:00","og_image":[{"width":1800,"height":1800,"url":"https:\/\/aquaforest.eu\/wp-content\/uploads\/2024\/06\/ICP-test1-no3-e1737376147233.png","type":"image\/png"}],"twitter_card":"summary_large_image","twitter_misc":{"Gesch\u00e4tzte Lesezeit":"2\u00a0Minuten"},"schema":{"@context":"https:\/\/schema.org","@graph":[{"@type":"WebPage","@id":"https:\/\/aquaforest.eu\/de\/produkte\/lab\/icp-tests\/icp-test-1\/","url":"https:\/\/aquaforest.eu\/de\/produkte\/lab\/icp-tests\/icp-test-1\/","name":"ICP Test 1 - Aquaforest","isPartOf":{"@id":"https:\/\/aquaforest.eu\/de\/#website"},"primaryImageOfPage":{"@id":"https:\/\/aquaforest.eu\/de\/produkte\/lab\/icp-tests\/icp-test-1\/#primaryimage"},"image":{"@id":"https:\/\/aquaforest.eu\/de\/produkte\/lab\/icp-tests\/icp-test-1\/#primaryimage"},"thumbnailUrl":"https:\/\/aquaforest.eu\/wp-content\/uploads\/2024\/06\/ICP-test1-no3-e1737376147233.png","datePublished":"2024-06-24T15:43:20+00:00","dateModified":"2025-01-17T09:00:13+00:00","description":"ICP Test 1: ICP-OES-Tests wurden f\u00fcr die pr\u00e4zise Analyse von Meerwasser- und RO-Wasserparametern entwickelt. Das Kit enth\u00e4lt 1 Testfl\u00e4schchen, einen eindeutigen Code und einen Umschlag f\u00fcr den Versand des Tests an unser Labor.","breadcrumb":{"@id":"https:\/\/aquaforest.eu\/de\/produkte\/lab\/icp-tests\/icp-test-1\/#breadcrumb"},"inLanguage":"de","potentialAction":[{"@type":"ReadAction","target":["https:\/\/aquaforest.eu\/de\/produkte\/lab\/icp-tests\/icp-test-1\/"]}]},{"@type":"ImageObject","inLanguage":"de","@id":"https:\/\/aquaforest.eu\/de\/produkte\/lab\/icp-tests\/icp-test-1\/#primaryimage","url":"https:\/\/aquaforest.eu\/wp-content\/uploads\/2024\/06\/ICP-test1-no3-e1737376147233.png","contentUrl":"https:\/\/aquaforest.eu\/wp-content\/uploads\/2024\/06\/ICP-test1-no3-e1737376147233.png","width":1800,"height":1800},{"@type":"BreadcrumbList","@id":"https:\/\/aquaforest.eu\/de\/produkte\/lab\/icp-tests\/icp-test-1\/#breadcrumb","itemListElement":[{"@type":"ListItem","position":1,"name":"Home","item":"https:\/\/aquaforest.eu\/de\/"},{"@type":"ListItem","position":2,"name":"Produkte","item":"https:\/\/aquaforest.eu\/de\/produkte\/"},{"@type":"ListItem","position":3,"name":"ICP Test 1"}]},{"@type":"WebSite","@id":"https:\/\/aquaforest.eu\/de\/#website","url":"https:\/\/aquaforest.eu\/de\/","name":"Aquaforest","description":"","publisher":{"@id":"https:\/\/aquaforest.eu\/de\/#organization"},"potentialAction":[{"@type":"SearchAction","target":{"@type":"EntryPoint","urlTemplate":"https:\/\/aquaforest.eu\/de\/?s={search_term_string}"},"query-input":{"@type":"PropertyValueSpecification","valueRequired":true,"valueName":"search_term_string"}}],"inLanguage":"de"},{"@type":"Organization","@id":"https:\/\/aquaforest.eu\/de\/#organization","name":"Aquaforest","url":"https:\/\/aquaforest.eu\/de\/","logo":{"@type":"ImageObject","inLanguage":"de","@id":"https:\/\/aquaforest.eu\/de\/#\/schema\/logo\/image\/","url":"https:\/\/aquaforest.eu\/wp-content\/uploads\/2024\/05\/logotyp-aquaforest.svg","contentUrl":"https:\/\/aquaforest.eu\/wp-content\/uploads\/2024\/05\/logotyp-aquaforest.svg","width":170,"height":22,"caption":"Aquaforest"},"image":{"@id":"https:\/\/aquaforest.eu\/de\/#\/schema\/logo\/image\/"},"sameAs":["https:\/\/www.facebook.com\/Aquaforest\/","https:\/\/www.instagram.com\/aquaforest.eu\/"]}]}},"_links":{"self":[{"href":"https:\/\/aquaforest.eu\/de\/wp-json\/wp\/v2\/product\/10440","targetHints":{"allow":["GET"]}}],"collection":[{"href":"https:\/\/aquaforest.eu\/de\/wp-json\/wp\/v2\/product"}],"about":[{"href":"https:\/\/aquaforest.eu\/de\/wp-json\/wp\/v2\/types\/product"}],"version-history":[{"count":2,"href":"https:\/\/aquaforest.eu\/de\/wp-json\/wp\/v2\/product\/10440\/revisions"}],"predecessor-version":[{"id":20099,"href":"https:\/\/aquaforest.eu\/de\/wp-json\/wp\/v2\/product\/10440\/revisions\/20099"}],"wp:featuredmedia":[{"embeddable":true,"href":"https:\/\/aquaforest.eu\/de\/wp-json\/wp\/v2\/media\/20125"}],"wp:attachment":[{"href":"https:\/\/aquaforest.eu\/de\/wp-json\/wp\/v2\/media?parent=10440"}],"wp:term":[{"taxonomy":"product_brand","embeddable":true,"href":"https:\/\/aquaforest.eu\/de\/wp-json\/wp\/v2\/product_brand?post=10440"},{"taxonomy":"product_cat","embeddable":true,"href":"https:\/\/aquaforest.eu\/de\/wp-json\/wp\/v2\/product_cat?post=10440"},{"taxonomy":"product_tag","embeddable":true,"href":"https:\/\/aquaforest.eu\/de\/wp-json\/wp\/v2\/product_tag?post=10440"}],"curies":[{"name":"wp","href":"https:\/\/api.w.org\/{rel}","templated":true}]}}