{"id":10443,"date":"2024-06-24T16:43:14","date_gmt":"2024-06-24T14:43:14","guid":{"rendered":"https:\/\/aquaforest.eu\/products\/unkategorisiert\/bromium\/"},"modified":"2024-11-21T13:09:15","modified_gmt":"2024-11-21T12:09:15","slug":"bromium","status":"publish","type":"product","link":"https:\/\/aquaforest.eu\/de\/produkte\/lab\/mikroelemente\/bromium\/","title":{"rendered":"Bromium"},"content":{"rendered":"<p>Nat\u00fcrliches Meerwasser besteht aus Tausenden von chemischen Verbindungen und fast allen Elementen, die auf dem Globus vorkommen.<br \/>\nDiese einzigartige Mischung bietet den Bewohnern von Korallenriffen perfekte Bedingungen f\u00fcr ihre Entwicklung.<br \/>\nZu den vielen Mikron\u00e4hrstoffen, die im Wasser enthalten sind, geh\u00f6rt unter anderem Brom.<br \/>\nBrom regt Meeresorganismen dazu an, Stoffe zu produzieren, die sie vor Fressfeinden sch\u00fctzen.<br \/>\nIn geschlossenen Systemen von Meerwasseraquarien wird Brom regelm\u00e4\u00dfig von den Riffbewohnern verbraucht.<br \/>\nWie bei den meisten Mikron\u00e4hrstoffen f\u00fchrt ein Mangel an Brom zu einer Verschlechterung der Gesundheit der Aquarienbewohner. Daher werden regelm\u00e4\u00dfige Wassertests und eine Erg\u00e4nzung des Wassers empfohlen, falls dies f\u00fcr das Aquarium erforderlich ist.<\/p>\n<p>&nbsp;<\/p>\n<hr \/>\n<p>&nbsp;<\/p>\n<ul>\n<li>Hilft, die richtige Bromkonzentration aufrechtzuerhalten<\/li>\n<li>Erstellt in einem hochmodernen Labor<\/li>\n<li>Hat eine positive Wirkung auf die Entwicklung von Korallen<\/li>\n<li>Einfach zu benutzen und sehr effizient<\/li>\n<li>Stimuliert die Produktion von wichtigen Enzymen<\/li>\n<\/ul>\n<p>&nbsp;<\/p>\n<hr \/>\n<p>&nbsp;<\/p>\n<p><strong>Die Dosierung<\/strong><\/p>\n<p>von 10 ml des Produkts erh\u00f6ht den Bromgehalt um 10 mg\/l (ppm) in 100 Litern (27 US gal) Wasser.<br \/>\nDer empfohlene Bromgehalt im Aquarienwasser betr\u00e4gt 55,00 &#8211; 74,00 mg\/l (ppm).<br \/>\nDie Dosierung sollte sich nach dem Verbrauch von Mikroelementen richten.<br \/>\nBitte beachten Sie, dass die maximale sichere Tagesdosis 10 ml pro 100 Liter Wasser betr\u00e4gt.<br \/>\nWenn Sie eine h\u00f6here Dosis ben\u00f6tigen, teilen Sie diese auf mehrere Tage auf.<br \/>\nBeachten Sie, dass jedes Aquarium anders ist und die endg\u00fcltige Dosierung vom Korallenbesatz und den individuellen Bed\u00fcrfnissen des Aquariums abh\u00e4ngt.<br \/>\nSowohl ein Mangel als auch ein \u00dcberschuss an Mikron\u00e4hrstoffen wirkt sich auf die Aquarienbewohner aus. Daher sollte die Dosierung auf der Grundlage regelm\u00e4\u00dfiger Wassertests im Aquaforest-Labor ausgew\u00e4hlt und angepasst werden.<\/p>\n","protected":false},"excerpt":{"rendered":"<p>Konzentrierter Bromzusatz.<br \/>\nRegt Meeresorganismen an, Stoffe zu produzieren, die sie vor Fressfeinden sch\u00fctzen.<\/p>\n","protected":false},"featured_media":29720,"template":"","meta":{"_acf_changed":false,"content-type":""},"product_brand":[],"product_cat":[1144],"product_tag":[968,1633,1126],"class_list":{"0":"post-10443","1":"product","2":"type-product","3":"status-publish","4":"has-post-thumbnail","6":"product_cat-mikroelemente","7":"product_tag-aquaforest-lab-de","8":"product_tag-simple-de","9":"product_tag-spurenelemente","11":"first","12":"instock","13":"taxable","14":"shipping-taxable","15":"purchasable","16":"product-type-simple"},"acf":[],"yoast_head":"<!-- This site is optimized with the Yoast SEO plugin v27.1.1 - https:\/\/yoast.com\/product\/yoast-seo-wordpress\/ -->\n<title>Bromium - Aquaforest<\/title>\n<meta name=\"description\" content=\"Bromium: Konzentrierter Bromzusatz zur Erh\u00f6hung des Eisengehalts im Meerwasser.\" \/>\n<meta name=\"robots\" content=\"index, follow, max-snippet:-1, max-image-preview:large, max-video-preview:-1\" \/>\n<link rel=\"canonical\" href=\"https:\/\/aquaforest.eu\/de\/produkte\/lab\/mikroelemente\/bromium\/\" \/>\n<meta property=\"og:locale\" content=\"de_DE\" \/>\n<meta property=\"og:type\" content=\"article\" \/>\n<meta property=\"og:title\" content=\"Bromium - Aquaforest\" \/>\n<meta property=\"og:description\" content=\"Bromium: Konzentrierter Bromzusatz zur Erh\u00f6hung des Eisengehalts im Meerwasser.\" \/>\n<meta property=\"og:url\" content=\"https:\/\/aquaforest.eu\/de\/produkte\/lab\/mikroelemente\/bromium\/\" \/>\n<meta property=\"og:site_name\" content=\"Aquaforest\" \/>\n<meta property=\"article:publisher\" content=\"https:\/\/www.facebook.com\/Aquaforest\/\" \/>\n<meta property=\"article:modified_time\" content=\"2024-11-21T12:09:15+00:00\" \/>\n<meta property=\"og:image\" content=\"https:\/\/aquaforest.eu\/wp-content\/uploads\/2024\/06\/bromium-1000.png\" \/>\n\t<meta property=\"og:image:width\" content=\"236\" \/>\n\t<meta property=\"og:image:height\" content=\"600\" \/>\n\t<meta property=\"og:image:type\" content=\"image\/png\" \/>\n<meta name=\"twitter:card\" content=\"summary_large_image\" \/>\n<meta name=\"twitter:label1\" content=\"Gesch\u00e4tzte Lesezeit\" \/>\n\t<meta name=\"twitter:data1\" content=\"2\u00a0Minuten\" \/>\n<script type=\"application\/ld+json\" class=\"yoast-schema-graph\">{\"@context\":\"https:\/\/schema.org\",\"@graph\":[{\"@type\":\"WebPage\",\"@id\":\"https:\/\/aquaforest.eu\/de\/produkte\/lab\/mikroelemente\/bromium\/\",\"url\":\"https:\/\/aquaforest.eu\/de\/produkte\/lab\/mikroelemente\/bromium\/\",\"name\":\"Bromium - Aquaforest\",\"isPartOf\":{\"@id\":\"https:\/\/aquaforest.eu\/de\/#website\"},\"primaryImageOfPage\":{\"@id\":\"https:\/\/aquaforest.eu\/de\/produkte\/lab\/mikroelemente\/bromium\/#primaryimage\"},\"image\":{\"@id\":\"https:\/\/aquaforest.eu\/de\/produkte\/lab\/mikroelemente\/bromium\/#primaryimage\"},\"thumbnailUrl\":\"https:\/\/aquaforest.eu\/wp-content\/uploads\/2024\/06\/bromium-1000.png\",\"datePublished\":\"2024-06-24T14:43:14+00:00\",\"dateModified\":\"2024-11-21T12:09:15+00:00\",\"description\":\"Bromium: Konzentrierter Bromzusatz zur Erh\u00f6hung des Eisengehalts im Meerwasser.\",\"breadcrumb\":{\"@id\":\"https:\/\/aquaforest.eu\/de\/produkte\/lab\/mikroelemente\/bromium\/#breadcrumb\"},\"inLanguage\":\"de\",\"potentialAction\":[{\"@type\":\"ReadAction\",\"target\":[\"https:\/\/aquaforest.eu\/de\/produkte\/lab\/mikroelemente\/bromium\/\"]}]},{\"@type\":\"ImageObject\",\"inLanguage\":\"de\",\"@id\":\"https:\/\/aquaforest.eu\/de\/produkte\/lab\/mikroelemente\/bromium\/#primaryimage\",\"url\":\"https:\/\/aquaforest.eu\/wp-content\/uploads\/2024\/06\/bromium-1000.png\",\"contentUrl\":\"https:\/\/aquaforest.eu\/wp-content\/uploads\/2024\/06\/bromium-1000.png\",\"width\":236,\"height\":600},{\"@type\":\"BreadcrumbList\",\"@id\":\"https:\/\/aquaforest.eu\/de\/produkte\/lab\/mikroelemente\/bromium\/#breadcrumb\",\"itemListElement\":[{\"@type\":\"ListItem\",\"position\":1,\"name\":\"Home\",\"item\":\"https:\/\/aquaforest.eu\/de\/\"},{\"@type\":\"ListItem\",\"position\":2,\"name\":\"Produkte\",\"item\":\"https:\/\/aquaforest.eu\/de\/produkte\/\"},{\"@type\":\"ListItem\",\"position\":3,\"name\":\"Bromium\"}]},{\"@type\":\"WebSite\",\"@id\":\"https:\/\/aquaforest.eu\/de\/#website\",\"url\":\"https:\/\/aquaforest.eu\/de\/\",\"name\":\"Aquaforest\",\"description\":\"\",\"publisher\":{\"@id\":\"https:\/\/aquaforest.eu\/de\/#organization\"},\"potentialAction\":[{\"@type\":\"SearchAction\",\"target\":{\"@type\":\"EntryPoint\",\"urlTemplate\":\"https:\/\/aquaforest.eu\/de\/?s={search_term_string}\"},\"query-input\":{\"@type\":\"PropertyValueSpecification\",\"valueRequired\":true,\"valueName\":\"search_term_string\"}}],\"inLanguage\":\"de\"},{\"@type\":\"Organization\",\"@id\":\"https:\/\/aquaforest.eu\/de\/#organization\",\"name\":\"Aquaforest\",\"url\":\"https:\/\/aquaforest.eu\/de\/\",\"logo\":{\"@type\":\"ImageObject\",\"inLanguage\":\"de\",\"@id\":\"https:\/\/aquaforest.eu\/de\/#\/schema\/logo\/image\/\",\"url\":\"https:\/\/aquaforest.eu\/wp-content\/uploads\/2024\/05\/logotyp-aquaforest.svg\",\"contentUrl\":\"https:\/\/aquaforest.eu\/wp-content\/uploads\/2024\/05\/logotyp-aquaforest.svg\",\"width\":170,\"height\":22,\"caption\":\"Aquaforest\"},\"image\":{\"@id\":\"https:\/\/aquaforest.eu\/de\/#\/schema\/logo\/image\/\"},\"sameAs\":[\"https:\/\/www.facebook.com\/Aquaforest\/\",\"https:\/\/www.instagram.com\/aquaforest.eu\/\"]}]}<\/script>\n<!-- \/ Yoast SEO plugin. -->","yoast_head_json":{"title":"Bromium - Aquaforest","description":"Bromium: Konzentrierter Bromzusatz zur Erh\u00f6hung des Eisengehalts im Meerwasser.","robots":{"index":"index","follow":"follow","max-snippet":"max-snippet:-1","max-image-preview":"max-image-preview:large","max-video-preview":"max-video-preview:-1"},"canonical":"https:\/\/aquaforest.eu\/de\/produkte\/lab\/mikroelemente\/bromium\/","og_locale":"de_DE","og_type":"article","og_title":"Bromium - Aquaforest","og_description":"Bromium: Konzentrierter Bromzusatz zur Erh\u00f6hung des Eisengehalts im Meerwasser.","og_url":"https:\/\/aquaforest.eu\/de\/produkte\/lab\/mikroelemente\/bromium\/","og_site_name":"Aquaforest","article_publisher":"https:\/\/www.facebook.com\/Aquaforest\/","article_modified_time":"2024-11-21T12:09:15+00:00","og_image":[{"width":236,"height":600,"url":"https:\/\/aquaforest.eu\/wp-content\/uploads\/2024\/06\/bromium-1000.png","type":"image\/png"}],"twitter_card":"summary_large_image","twitter_misc":{"Gesch\u00e4tzte Lesezeit":"2\u00a0Minuten"},"schema":{"@context":"https:\/\/schema.org","@graph":[{"@type":"WebPage","@id":"https:\/\/aquaforest.eu\/de\/produkte\/lab\/mikroelemente\/bromium\/","url":"https:\/\/aquaforest.eu\/de\/produkte\/lab\/mikroelemente\/bromium\/","name":"Bromium - Aquaforest","isPartOf":{"@id":"https:\/\/aquaforest.eu\/de\/#website"},"primaryImageOfPage":{"@id":"https:\/\/aquaforest.eu\/de\/produkte\/lab\/mikroelemente\/bromium\/#primaryimage"},"image":{"@id":"https:\/\/aquaforest.eu\/de\/produkte\/lab\/mikroelemente\/bromium\/#primaryimage"},"thumbnailUrl":"https:\/\/aquaforest.eu\/wp-content\/uploads\/2024\/06\/bromium-1000.png","datePublished":"2024-06-24T14:43:14+00:00","dateModified":"2024-11-21T12:09:15+00:00","description":"Bromium: Konzentrierter Bromzusatz zur Erh\u00f6hung des Eisengehalts im Meerwasser.","breadcrumb":{"@id":"https:\/\/aquaforest.eu\/de\/produkte\/lab\/mikroelemente\/bromium\/#breadcrumb"},"inLanguage":"de","potentialAction":[{"@type":"ReadAction","target":["https:\/\/aquaforest.eu\/de\/produkte\/lab\/mikroelemente\/bromium\/"]}]},{"@type":"ImageObject","inLanguage":"de","@id":"https:\/\/aquaforest.eu\/de\/produkte\/lab\/mikroelemente\/bromium\/#primaryimage","url":"https:\/\/aquaforest.eu\/wp-content\/uploads\/2024\/06\/bromium-1000.png","contentUrl":"https:\/\/aquaforest.eu\/wp-content\/uploads\/2024\/06\/bromium-1000.png","width":236,"height":600},{"@type":"BreadcrumbList","@id":"https:\/\/aquaforest.eu\/de\/produkte\/lab\/mikroelemente\/bromium\/#breadcrumb","itemListElement":[{"@type":"ListItem","position":1,"name":"Home","item":"https:\/\/aquaforest.eu\/de\/"},{"@type":"ListItem","position":2,"name":"Produkte","item":"https:\/\/aquaforest.eu\/de\/produkte\/"},{"@type":"ListItem","position":3,"name":"Bromium"}]},{"@type":"WebSite","@id":"https:\/\/aquaforest.eu\/de\/#website","url":"https:\/\/aquaforest.eu\/de\/","name":"Aquaforest","description":"","publisher":{"@id":"https:\/\/aquaforest.eu\/de\/#organization"},"potentialAction":[{"@type":"SearchAction","target":{"@type":"EntryPoint","urlTemplate":"https:\/\/aquaforest.eu\/de\/?s={search_term_string}"},"query-input":{"@type":"PropertyValueSpecification","valueRequired":true,"valueName":"search_term_string"}}],"inLanguage":"de"},{"@type":"Organization","@id":"https:\/\/aquaforest.eu\/de\/#organization","name":"Aquaforest","url":"https:\/\/aquaforest.eu\/de\/","logo":{"@type":"ImageObject","inLanguage":"de","@id":"https:\/\/aquaforest.eu\/de\/#\/schema\/logo\/image\/","url":"https:\/\/aquaforest.eu\/wp-content\/uploads\/2024\/05\/logotyp-aquaforest.svg","contentUrl":"https:\/\/aquaforest.eu\/wp-content\/uploads\/2024\/05\/logotyp-aquaforest.svg","width":170,"height":22,"caption":"Aquaforest"},"image":{"@id":"https:\/\/aquaforest.eu\/de\/#\/schema\/logo\/image\/"},"sameAs":["https:\/\/www.facebook.com\/Aquaforest\/","https:\/\/www.instagram.com\/aquaforest.eu\/"]}]}},"_links":{"self":[{"href":"https:\/\/aquaforest.eu\/de\/wp-json\/wp\/v2\/product\/10443","targetHints":{"allow":["GET"]}}],"collection":[{"href":"https:\/\/aquaforest.eu\/de\/wp-json\/wp\/v2\/product"}],"about":[{"href":"https:\/\/aquaforest.eu\/de\/wp-json\/wp\/v2\/types\/product"}],"version-history":[{"count":0,"href":"https:\/\/aquaforest.eu\/de\/wp-json\/wp\/v2\/product\/10443\/revisions"}],"wp:featuredmedia":[{"embeddable":true,"href":"https:\/\/aquaforest.eu\/de\/wp-json\/wp\/v2\/media\/29720"}],"wp:attachment":[{"href":"https:\/\/aquaforest.eu\/de\/wp-json\/wp\/v2\/media?parent=10443"}],"wp:term":[{"taxonomy":"product_brand","embeddable":true,"href":"https:\/\/aquaforest.eu\/de\/wp-json\/wp\/v2\/product_brand?post=10443"},{"taxonomy":"product_cat","embeddable":true,"href":"https:\/\/aquaforest.eu\/de\/wp-json\/wp\/v2\/product_cat?post=10443"},{"taxonomy":"product_tag","embeddable":true,"href":"https:\/\/aquaforest.eu\/de\/wp-json\/wp\/v2\/product_tag?post=10443"}],"curies":[{"name":"wp","href":"https:\/\/api.w.org\/{rel}","templated":true}]}}