{"id":10448,"date":"2024-06-24T16:43:13","date_gmt":"2024-06-24T14:43:13","guid":{"rendered":"https:\/\/aquaforest.eu\/products\/unkategorisiert\/jod\/"},"modified":"2024-11-21T14:56:33","modified_gmt":"2024-11-21T13:56:33","slug":"iodum","status":"publish","type":"product","link":"https:\/\/aquaforest.eu\/de\/produkte\/lab\/mikroelemente\/iodum\/","title":{"rendered":"Iodum"},"content":{"rendered":"<p>Nahrungserg\u00e4nzungsmittel mit konzentriertem Jod. In Meerwasseraquarien ist Jod von entscheidender Bedeutung f\u00fcr das allgemeine Funktionieren der Zellen und die \u00dcbertragung von N\u00e4hrstoffen zwischen den Zellen. Jod wird von den Aquarienbewohnern st\u00e4ndig verbraucht, daher sinkt der Jodgehalt ohne Supplementierung schnell ab. Jod wird von Korallen f\u00fcr die Synthese von Pigmenten verwendet, die es ihnen erm\u00f6glichen, sich an variable Lichtverh\u00e4ltnisse anzupassen und das empfindliche Korallengewebe vor UV-Strahlung zu sch\u00fctzen. Jod intensiviert die dunkelblaue und violette F\u00e4rbung von Steinkorallen. Ein angemessener Jodgehalt im Meerwasserbecken unterst\u00fctzt die H\u00e4utung der Garnelen. Eine regelm\u00e4\u00dfige Dosierung von Jodum h\u00e4lt den Jodgehalt auf dem gleichen Niveau wie im nat\u00fcrlichen Meerwasser.<\/p>\n<p>&nbsp;<\/p>\n<hr \/>\n<p>&nbsp;<\/p>\n<p><strong>Eine Dosierung<\/strong> von 10 ml des Produkts erh\u00f6ht den Jodgehalt um 0,1 mg\/l (ppm) in 100 Litern (27 US gal) Wasser. Empfohlener Wert: 0,055 &#8211; 0,07 mg\/l (ppm). Bitte beachten Sie, dass die maximale sichere Tagesdosis 2 ml pro 100 Liter Wasser betr\u00e4gt. Wenn Sie eine h\u00f6here Dosis ben\u00f6tigen, teilen Sie diese auf mehrere Tage auf. Empfohlene Dosierung: 1 ml\/100 l (27 US gal) Wasser t\u00e4glich.<\/p>\n","protected":false},"excerpt":{"rendered":"<p>Pr\u00e4ziser Jodzusatz.<br \/>\nF\u00f6rdert die dunkelblaue und violette F\u00e4rbung.<br \/>\nEntscheidend f\u00fcr das allgemeine Funktionieren der Zellen und die \u00dcbertragung von N\u00e4hrstoffen zwischen den Zellen.<\/p>\n","protected":false},"featured_media":29745,"template":"","meta":{"_acf_changed":false,"content-type":""},"product_brand":[],"product_cat":[1144],"product_tag":[968,1633,1126],"class_list":{"0":"post-10448","1":"product","2":"type-product","3":"status-publish","4":"has-post-thumbnail","6":"product_cat-mikroelemente","7":"product_tag-aquaforest-lab-de","8":"product_tag-simple-de","9":"product_tag-spurenelemente","11":"first","12":"instock","13":"taxable","14":"shipping-taxable","15":"purchasable","16":"product-type-simple"},"acf":[],"yoast_head":"<!-- This site is optimized with the Yoast SEO plugin v27.1.1 - https:\/\/yoast.com\/product\/yoast-seo-wordpress\/ -->\n<title>Iodum - Aquaforest<\/title>\n<meta name=\"description\" content=\"Jod: Pr\u00e4ziser Jodzusatz zur Unterst\u00fctzung der Gesundheit von Korallen und Fischen.\" \/>\n<meta name=\"robots\" content=\"index, follow, max-snippet:-1, max-image-preview:large, max-video-preview:-1\" \/>\n<link rel=\"canonical\" href=\"https:\/\/aquaforest.eu\/de\/produkte\/lab\/mikroelemente\/iodum\/\" \/>\n<meta property=\"og:locale\" content=\"de_DE\" \/>\n<meta property=\"og:type\" content=\"article\" \/>\n<meta property=\"og:title\" content=\"Iodum - Aquaforest\" \/>\n<meta property=\"og:description\" content=\"Jod: Pr\u00e4ziser Jodzusatz zur Unterst\u00fctzung der Gesundheit von Korallen und Fischen.\" \/>\n<meta property=\"og:url\" content=\"https:\/\/aquaforest.eu\/de\/produkte\/lab\/mikroelemente\/iodum\/\" \/>\n<meta property=\"og:site_name\" content=\"Aquaforest\" \/>\n<meta property=\"article:publisher\" content=\"https:\/\/www.facebook.com\/Aquaforest\/\" \/>\n<meta property=\"article:modified_time\" content=\"2024-11-21T13:56:33+00:00\" \/>\n<meta property=\"og:image\" content=\"https:\/\/aquaforest.eu\/wp-content\/uploads\/2024\/06\/iodum-200.png\" \/>\n\t<meta property=\"og:image:width\" content=\"269\" \/>\n\t<meta property=\"og:image:height\" content=\"600\" \/>\n\t<meta property=\"og:image:type\" content=\"image\/png\" \/>\n<meta name=\"twitter:card\" content=\"summary_large_image\" \/>\n<meta name=\"twitter:label1\" content=\"Gesch\u00e4tzte Lesezeit\" \/>\n\t<meta name=\"twitter:data1\" content=\"1\u00a0Minute\" \/>\n<script type=\"application\/ld+json\" class=\"yoast-schema-graph\">{\"@context\":\"https:\/\/schema.org\",\"@graph\":[{\"@type\":\"WebPage\",\"@id\":\"https:\/\/aquaforest.eu\/de\/produkte\/lab\/mikroelemente\/iodum\/\",\"url\":\"https:\/\/aquaforest.eu\/de\/produkte\/lab\/mikroelemente\/iodum\/\",\"name\":\"Iodum - Aquaforest\",\"isPartOf\":{\"@id\":\"https:\/\/aquaforest.eu\/de\/#website\"},\"primaryImageOfPage\":{\"@id\":\"https:\/\/aquaforest.eu\/de\/produkte\/lab\/mikroelemente\/iodum\/#primaryimage\"},\"image\":{\"@id\":\"https:\/\/aquaforest.eu\/de\/produkte\/lab\/mikroelemente\/iodum\/#primaryimage\"},\"thumbnailUrl\":\"https:\/\/aquaforest.eu\/wp-content\/uploads\/2024\/06\/iodum-200.png\",\"datePublished\":\"2024-06-24T14:43:13+00:00\",\"dateModified\":\"2024-11-21T13:56:33+00:00\",\"description\":\"Jod: Pr\u00e4ziser Jodzusatz zur Unterst\u00fctzung der Gesundheit von Korallen und Fischen.\",\"breadcrumb\":{\"@id\":\"https:\/\/aquaforest.eu\/de\/produkte\/lab\/mikroelemente\/iodum\/#breadcrumb\"},\"inLanguage\":\"de\",\"potentialAction\":[{\"@type\":\"ReadAction\",\"target\":[\"https:\/\/aquaforest.eu\/de\/produkte\/lab\/mikroelemente\/iodum\/\"]}]},{\"@type\":\"ImageObject\",\"inLanguage\":\"de\",\"@id\":\"https:\/\/aquaforest.eu\/de\/produkte\/lab\/mikroelemente\/iodum\/#primaryimage\",\"url\":\"https:\/\/aquaforest.eu\/wp-content\/uploads\/2024\/06\/iodum-200.png\",\"contentUrl\":\"https:\/\/aquaforest.eu\/wp-content\/uploads\/2024\/06\/iodum-200.png\",\"width\":269,\"height\":600},{\"@type\":\"BreadcrumbList\",\"@id\":\"https:\/\/aquaforest.eu\/de\/produkte\/lab\/mikroelemente\/iodum\/#breadcrumb\",\"itemListElement\":[{\"@type\":\"ListItem\",\"position\":1,\"name\":\"Home\",\"item\":\"https:\/\/aquaforest.eu\/de\/\"},{\"@type\":\"ListItem\",\"position\":2,\"name\":\"Produkte\",\"item\":\"https:\/\/aquaforest.eu\/de\/produkte\/\"},{\"@type\":\"ListItem\",\"position\":3,\"name\":\"Iodum\"}]},{\"@type\":\"WebSite\",\"@id\":\"https:\/\/aquaforest.eu\/de\/#website\",\"url\":\"https:\/\/aquaforest.eu\/de\/\",\"name\":\"Aquaforest\",\"description\":\"\",\"publisher\":{\"@id\":\"https:\/\/aquaforest.eu\/de\/#organization\"},\"potentialAction\":[{\"@type\":\"SearchAction\",\"target\":{\"@type\":\"EntryPoint\",\"urlTemplate\":\"https:\/\/aquaforest.eu\/de\/?s={search_term_string}\"},\"query-input\":{\"@type\":\"PropertyValueSpecification\",\"valueRequired\":true,\"valueName\":\"search_term_string\"}}],\"inLanguage\":\"de\"},{\"@type\":\"Organization\",\"@id\":\"https:\/\/aquaforest.eu\/de\/#organization\",\"name\":\"Aquaforest\",\"url\":\"https:\/\/aquaforest.eu\/de\/\",\"logo\":{\"@type\":\"ImageObject\",\"inLanguage\":\"de\",\"@id\":\"https:\/\/aquaforest.eu\/de\/#\/schema\/logo\/image\/\",\"url\":\"https:\/\/aquaforest.eu\/wp-content\/uploads\/2024\/05\/logotyp-aquaforest.svg\",\"contentUrl\":\"https:\/\/aquaforest.eu\/wp-content\/uploads\/2024\/05\/logotyp-aquaforest.svg\",\"width\":170,\"height\":22,\"caption\":\"Aquaforest\"},\"image\":{\"@id\":\"https:\/\/aquaforest.eu\/de\/#\/schema\/logo\/image\/\"},\"sameAs\":[\"https:\/\/www.facebook.com\/Aquaforest\/\",\"https:\/\/www.instagram.com\/aquaforest.eu\/\"]}]}<\/script>\n<!-- \/ Yoast SEO plugin. -->","yoast_head_json":{"title":"Iodum - Aquaforest","description":"Jod: Pr\u00e4ziser Jodzusatz zur Unterst\u00fctzung der Gesundheit von Korallen und Fischen.","robots":{"index":"index","follow":"follow","max-snippet":"max-snippet:-1","max-image-preview":"max-image-preview:large","max-video-preview":"max-video-preview:-1"},"canonical":"https:\/\/aquaforest.eu\/de\/produkte\/lab\/mikroelemente\/iodum\/","og_locale":"de_DE","og_type":"article","og_title":"Iodum - Aquaforest","og_description":"Jod: Pr\u00e4ziser Jodzusatz zur Unterst\u00fctzung der Gesundheit von Korallen und Fischen.","og_url":"https:\/\/aquaforest.eu\/de\/produkte\/lab\/mikroelemente\/iodum\/","og_site_name":"Aquaforest","article_publisher":"https:\/\/www.facebook.com\/Aquaforest\/","article_modified_time":"2024-11-21T13:56:33+00:00","og_image":[{"width":269,"height":600,"url":"https:\/\/aquaforest.eu\/wp-content\/uploads\/2024\/06\/iodum-200.png","type":"image\/png"}],"twitter_card":"summary_large_image","twitter_misc":{"Gesch\u00e4tzte Lesezeit":"1\u00a0Minute"},"schema":{"@context":"https:\/\/schema.org","@graph":[{"@type":"WebPage","@id":"https:\/\/aquaforest.eu\/de\/produkte\/lab\/mikroelemente\/iodum\/","url":"https:\/\/aquaforest.eu\/de\/produkte\/lab\/mikroelemente\/iodum\/","name":"Iodum - Aquaforest","isPartOf":{"@id":"https:\/\/aquaforest.eu\/de\/#website"},"primaryImageOfPage":{"@id":"https:\/\/aquaforest.eu\/de\/produkte\/lab\/mikroelemente\/iodum\/#primaryimage"},"image":{"@id":"https:\/\/aquaforest.eu\/de\/produkte\/lab\/mikroelemente\/iodum\/#primaryimage"},"thumbnailUrl":"https:\/\/aquaforest.eu\/wp-content\/uploads\/2024\/06\/iodum-200.png","datePublished":"2024-06-24T14:43:13+00:00","dateModified":"2024-11-21T13:56:33+00:00","description":"Jod: Pr\u00e4ziser Jodzusatz zur Unterst\u00fctzung der Gesundheit von Korallen und Fischen.","breadcrumb":{"@id":"https:\/\/aquaforest.eu\/de\/produkte\/lab\/mikroelemente\/iodum\/#breadcrumb"},"inLanguage":"de","potentialAction":[{"@type":"ReadAction","target":["https:\/\/aquaforest.eu\/de\/produkte\/lab\/mikroelemente\/iodum\/"]}]},{"@type":"ImageObject","inLanguage":"de","@id":"https:\/\/aquaforest.eu\/de\/produkte\/lab\/mikroelemente\/iodum\/#primaryimage","url":"https:\/\/aquaforest.eu\/wp-content\/uploads\/2024\/06\/iodum-200.png","contentUrl":"https:\/\/aquaforest.eu\/wp-content\/uploads\/2024\/06\/iodum-200.png","width":269,"height":600},{"@type":"BreadcrumbList","@id":"https:\/\/aquaforest.eu\/de\/produkte\/lab\/mikroelemente\/iodum\/#breadcrumb","itemListElement":[{"@type":"ListItem","position":1,"name":"Home","item":"https:\/\/aquaforest.eu\/de\/"},{"@type":"ListItem","position":2,"name":"Produkte","item":"https:\/\/aquaforest.eu\/de\/produkte\/"},{"@type":"ListItem","position":3,"name":"Iodum"}]},{"@type":"WebSite","@id":"https:\/\/aquaforest.eu\/de\/#website","url":"https:\/\/aquaforest.eu\/de\/","name":"Aquaforest","description":"","publisher":{"@id":"https:\/\/aquaforest.eu\/de\/#organization"},"potentialAction":[{"@type":"SearchAction","target":{"@type":"EntryPoint","urlTemplate":"https:\/\/aquaforest.eu\/de\/?s={search_term_string}"},"query-input":{"@type":"PropertyValueSpecification","valueRequired":true,"valueName":"search_term_string"}}],"inLanguage":"de"},{"@type":"Organization","@id":"https:\/\/aquaforest.eu\/de\/#organization","name":"Aquaforest","url":"https:\/\/aquaforest.eu\/de\/","logo":{"@type":"ImageObject","inLanguage":"de","@id":"https:\/\/aquaforest.eu\/de\/#\/schema\/logo\/image\/","url":"https:\/\/aquaforest.eu\/wp-content\/uploads\/2024\/05\/logotyp-aquaforest.svg","contentUrl":"https:\/\/aquaforest.eu\/wp-content\/uploads\/2024\/05\/logotyp-aquaforest.svg","width":170,"height":22,"caption":"Aquaforest"},"image":{"@id":"https:\/\/aquaforest.eu\/de\/#\/schema\/logo\/image\/"},"sameAs":["https:\/\/www.facebook.com\/Aquaforest\/","https:\/\/www.instagram.com\/aquaforest.eu\/"]}]}},"_links":{"self":[{"href":"https:\/\/aquaforest.eu\/de\/wp-json\/wp\/v2\/product\/10448","targetHints":{"allow":["GET"]}}],"collection":[{"href":"https:\/\/aquaforest.eu\/de\/wp-json\/wp\/v2\/product"}],"about":[{"href":"https:\/\/aquaforest.eu\/de\/wp-json\/wp\/v2\/types\/product"}],"version-history":[{"count":0,"href":"https:\/\/aquaforest.eu\/de\/wp-json\/wp\/v2\/product\/10448\/revisions"}],"wp:featuredmedia":[{"embeddable":true,"href":"https:\/\/aquaforest.eu\/de\/wp-json\/wp\/v2\/media\/29745"}],"wp:attachment":[{"href":"https:\/\/aquaforest.eu\/de\/wp-json\/wp\/v2\/media?parent=10448"}],"wp:term":[{"taxonomy":"product_brand","embeddable":true,"href":"https:\/\/aquaforest.eu\/de\/wp-json\/wp\/v2\/product_brand?post=10448"},{"taxonomy":"product_cat","embeddable":true,"href":"https:\/\/aquaforest.eu\/de\/wp-json\/wp\/v2\/product_cat?post=10448"},{"taxonomy":"product_tag","embeddable":true,"href":"https:\/\/aquaforest.eu\/de\/wp-json\/wp\/v2\/product_tag?post=10448"}],"curies":[{"name":"wp","href":"https:\/\/api.w.org\/{rel}","templated":true}]}}