{"id":10449,"date":"2024-06-24T16:43:12","date_gmt":"2024-06-24T14:43:12","guid":{"rendered":"https:\/\/aquaforest.eu\/products\/unkategorisiert\/molybdaen\/"},"modified":"2024-11-21T15:18:51","modified_gmt":"2024-11-21T14:18:51","slug":"molybdenum","status":"publish","type":"product","link":"https:\/\/aquaforest.eu\/de\/produkte\/lab\/mikroelemente\/molybdenum\/","title":{"rendered":"Molybdenum"},"content":{"rendered":"<p>Das Erg\u00e4nzungsmittel enth\u00e4lt konzentriertes Molybd\u00e4n. Es kommt nat\u00fcrlich im Meerwasser vor und ist an der Umwandlung und Bindung von Stickstoff, der Biosynthese von Proteinen und der Biosynthese von Vitamin C beteiligt. Ein Molybd\u00e4nmangel f\u00fchrt zu einer Verlangsamung oder vollst\u00e4ndigen Hemmung des Wachstums.<\/p>\n<p>&nbsp;<\/p>\n<hr \/>\n<p>&nbsp;<\/p>\n<p><strong>Dosierung<\/strong>:<\/p>\n<p>1 ml des Produkts erh\u00f6ht den Molybd\u00e4ngehalt um 0,001 mg\/l (ppm) in 100 Litern (27 US gal) Wasser. Empfohlener Wert: 0,0045 &#8211; 0,012 mg\/l (ppm). Bitte beachten Sie, dass die maximale sichere Tagesdosis 2 ml pro 100 Liter Wasser betr\u00e4gt. Wenn Sie eine h\u00f6here Dosis ben\u00f6tigen, teilen Sie diese auf mehrere Tage auf. Die Dosierung sollte auf dem Verbrauch von Mikroelementen basieren. Beachten Sie, dass jedes Aquarium anders ist und die endg\u00fcltige Dosierung vom Korallenbesatz und den individuellen Bed\u00fcrfnissen des Aquariums abh\u00e4ngt. Sowohl ein Mangel als auch ein \u00dcberschuss an Mikron\u00e4hrstoffen wirkt sich auf die Aquarienbewohner aus. Daher sollte die Dosierung auf der Grundlage regelm\u00e4\u00dfiger Wassertests im Aquaforest-Labor ausgew\u00e4hlt und angepasst werden.<\/p>\n","protected":false},"excerpt":{"rendered":"<p>Fortschrittliche Molybd\u00e4n-Erg\u00e4nzung. Unterst\u00fctzt die Biosynthese von Proteinen und die Biosynthese von Vitamin C.<\/p>\n","protected":false},"featured_media":13862,"template":"","meta":{"_acf_changed":false,"content-type":""},"product_brand":[],"product_cat":[1144],"product_tag":[968,1126],"class_list":{"0":"post-10449","1":"product","2":"type-product","3":"status-publish","4":"has-post-thumbnail","6":"product_cat-mikroelemente","7":"product_tag-aquaforest-lab-de","8":"product_tag-spurenelemente","10":"first","11":"instock","12":"taxable","13":"shipping-taxable","14":"purchasable","15":"product-type-simple"},"acf":[],"yoast_head":"<!-- This site is optimized with the Yoast SEO plugin v27.1.1 - https:\/\/yoast.com\/product\/yoast-seo-wordpress\/ -->\n<title>Molybdenum - Aquaforest<\/title>\n<meta name=\"description\" content=\"Molybd\u00e4n: Erweiterte Molybd\u00e4n-Erg\u00e4nzung f\u00fcr optimale Wasserparameter.\" \/>\n<meta name=\"robots\" content=\"index, follow, max-snippet:-1, max-image-preview:large, max-video-preview:-1\" \/>\n<link rel=\"canonical\" href=\"https:\/\/aquaforest.eu\/de\/produkte\/lab\/mikroelemente\/molybdenum\/\" \/>\n<meta property=\"og:locale\" content=\"de_DE\" \/>\n<meta property=\"og:type\" content=\"article\" \/>\n<meta property=\"og:title\" content=\"Molybdenum - Aquaforest\" \/>\n<meta property=\"og:description\" content=\"Molybd\u00e4n: Erweiterte Molybd\u00e4n-Erg\u00e4nzung f\u00fcr optimale Wasserparameter.\" \/>\n<meta property=\"og:url\" content=\"https:\/\/aquaforest.eu\/de\/produkte\/lab\/mikroelemente\/molybdenum\/\" \/>\n<meta property=\"og:site_name\" content=\"Aquaforest\" \/>\n<meta property=\"article:publisher\" content=\"https:\/\/www.facebook.com\/Aquaforest\/\" \/>\n<meta property=\"article:modified_time\" content=\"2024-11-21T14:18:51+00:00\" \/>\n<meta property=\"og:image\" content=\"https:\/\/aquaforest.eu\/wp-content\/uploads\/2024\/06\/AF_Lab_Molybdenum-200-ml.png\" \/>\n\t<meta property=\"og:image:width\" content=\"269\" \/>\n\t<meta property=\"og:image:height\" content=\"600\" \/>\n\t<meta property=\"og:image:type\" content=\"image\/png\" \/>\n<meta name=\"twitter:card\" content=\"summary_large_image\" \/>\n<meta name=\"twitter:label1\" content=\"Gesch\u00e4tzte Lesezeit\" \/>\n\t<meta name=\"twitter:data1\" content=\"1\u00a0Minute\" \/>\n<script type=\"application\/ld+json\" class=\"yoast-schema-graph\">{\"@context\":\"https:\/\/schema.org\",\"@graph\":[{\"@type\":\"WebPage\",\"@id\":\"https:\/\/aquaforest.eu\/de\/produkte\/lab\/mikroelemente\/molybdenum\/\",\"url\":\"https:\/\/aquaforest.eu\/de\/produkte\/lab\/mikroelemente\/molybdenum\/\",\"name\":\"Molybdenum - Aquaforest\",\"isPartOf\":{\"@id\":\"https:\/\/aquaforest.eu\/de\/#website\"},\"primaryImageOfPage\":{\"@id\":\"https:\/\/aquaforest.eu\/de\/produkte\/lab\/mikroelemente\/molybdenum\/#primaryimage\"},\"image\":{\"@id\":\"https:\/\/aquaforest.eu\/de\/produkte\/lab\/mikroelemente\/molybdenum\/#primaryimage\"},\"thumbnailUrl\":\"https:\/\/aquaforest.eu\/wp-content\/uploads\/2024\/06\/AF_Lab_Molybdenum-200-ml.png\",\"datePublished\":\"2024-06-24T14:43:12+00:00\",\"dateModified\":\"2024-11-21T14:18:51+00:00\",\"description\":\"Molybd\u00e4n: Erweiterte Molybd\u00e4n-Erg\u00e4nzung f\u00fcr optimale Wasserparameter.\",\"breadcrumb\":{\"@id\":\"https:\/\/aquaforest.eu\/de\/produkte\/lab\/mikroelemente\/molybdenum\/#breadcrumb\"},\"inLanguage\":\"de\",\"potentialAction\":[{\"@type\":\"ReadAction\",\"target\":[\"https:\/\/aquaforest.eu\/de\/produkte\/lab\/mikroelemente\/molybdenum\/\"]}]},{\"@type\":\"ImageObject\",\"inLanguage\":\"de\",\"@id\":\"https:\/\/aquaforest.eu\/de\/produkte\/lab\/mikroelemente\/molybdenum\/#primaryimage\",\"url\":\"https:\/\/aquaforest.eu\/wp-content\/uploads\/2024\/06\/AF_Lab_Molybdenum-200-ml.png\",\"contentUrl\":\"https:\/\/aquaforest.eu\/wp-content\/uploads\/2024\/06\/AF_Lab_Molybdenum-200-ml.png\",\"width\":269,\"height\":600},{\"@type\":\"BreadcrumbList\",\"@id\":\"https:\/\/aquaforest.eu\/de\/produkte\/lab\/mikroelemente\/molybdenum\/#breadcrumb\",\"itemListElement\":[{\"@type\":\"ListItem\",\"position\":1,\"name\":\"Home\",\"item\":\"https:\/\/aquaforest.eu\/de\/\"},{\"@type\":\"ListItem\",\"position\":2,\"name\":\"Produkte\",\"item\":\"https:\/\/aquaforest.eu\/de\/produkte\/\"},{\"@type\":\"ListItem\",\"position\":3,\"name\":\"Molybdenum\"}]},{\"@type\":\"WebSite\",\"@id\":\"https:\/\/aquaforest.eu\/de\/#website\",\"url\":\"https:\/\/aquaforest.eu\/de\/\",\"name\":\"Aquaforest\",\"description\":\"\",\"publisher\":{\"@id\":\"https:\/\/aquaforest.eu\/de\/#organization\"},\"potentialAction\":[{\"@type\":\"SearchAction\",\"target\":{\"@type\":\"EntryPoint\",\"urlTemplate\":\"https:\/\/aquaforest.eu\/de\/?s={search_term_string}\"},\"query-input\":{\"@type\":\"PropertyValueSpecification\",\"valueRequired\":true,\"valueName\":\"search_term_string\"}}],\"inLanguage\":\"de\"},{\"@type\":\"Organization\",\"@id\":\"https:\/\/aquaforest.eu\/de\/#organization\",\"name\":\"Aquaforest\",\"url\":\"https:\/\/aquaforest.eu\/de\/\",\"logo\":{\"@type\":\"ImageObject\",\"inLanguage\":\"de\",\"@id\":\"https:\/\/aquaforest.eu\/de\/#\/schema\/logo\/image\/\",\"url\":\"https:\/\/aquaforest.eu\/wp-content\/uploads\/2024\/05\/logotyp-aquaforest.svg\",\"contentUrl\":\"https:\/\/aquaforest.eu\/wp-content\/uploads\/2024\/05\/logotyp-aquaforest.svg\",\"width\":170,\"height\":22,\"caption\":\"Aquaforest\"},\"image\":{\"@id\":\"https:\/\/aquaforest.eu\/de\/#\/schema\/logo\/image\/\"},\"sameAs\":[\"https:\/\/www.facebook.com\/Aquaforest\/\",\"https:\/\/www.instagram.com\/aquaforest.eu\/\"]}]}<\/script>\n<!-- \/ Yoast SEO plugin. -->","yoast_head_json":{"title":"Molybdenum - Aquaforest","description":"Molybd\u00e4n: Erweiterte Molybd\u00e4n-Erg\u00e4nzung f\u00fcr optimale Wasserparameter.","robots":{"index":"index","follow":"follow","max-snippet":"max-snippet:-1","max-image-preview":"max-image-preview:large","max-video-preview":"max-video-preview:-1"},"canonical":"https:\/\/aquaforest.eu\/de\/produkte\/lab\/mikroelemente\/molybdenum\/","og_locale":"de_DE","og_type":"article","og_title":"Molybdenum - Aquaforest","og_description":"Molybd\u00e4n: Erweiterte Molybd\u00e4n-Erg\u00e4nzung f\u00fcr optimale Wasserparameter.","og_url":"https:\/\/aquaforest.eu\/de\/produkte\/lab\/mikroelemente\/molybdenum\/","og_site_name":"Aquaforest","article_publisher":"https:\/\/www.facebook.com\/Aquaforest\/","article_modified_time":"2024-11-21T14:18:51+00:00","og_image":[{"width":269,"height":600,"url":"https:\/\/aquaforest.eu\/wp-content\/uploads\/2024\/06\/AF_Lab_Molybdenum-200-ml.png","type":"image\/png"}],"twitter_card":"summary_large_image","twitter_misc":{"Gesch\u00e4tzte Lesezeit":"1\u00a0Minute"},"schema":{"@context":"https:\/\/schema.org","@graph":[{"@type":"WebPage","@id":"https:\/\/aquaforest.eu\/de\/produkte\/lab\/mikroelemente\/molybdenum\/","url":"https:\/\/aquaforest.eu\/de\/produkte\/lab\/mikroelemente\/molybdenum\/","name":"Molybdenum - Aquaforest","isPartOf":{"@id":"https:\/\/aquaforest.eu\/de\/#website"},"primaryImageOfPage":{"@id":"https:\/\/aquaforest.eu\/de\/produkte\/lab\/mikroelemente\/molybdenum\/#primaryimage"},"image":{"@id":"https:\/\/aquaforest.eu\/de\/produkte\/lab\/mikroelemente\/molybdenum\/#primaryimage"},"thumbnailUrl":"https:\/\/aquaforest.eu\/wp-content\/uploads\/2024\/06\/AF_Lab_Molybdenum-200-ml.png","datePublished":"2024-06-24T14:43:12+00:00","dateModified":"2024-11-21T14:18:51+00:00","description":"Molybd\u00e4n: Erweiterte Molybd\u00e4n-Erg\u00e4nzung f\u00fcr optimale Wasserparameter.","breadcrumb":{"@id":"https:\/\/aquaforest.eu\/de\/produkte\/lab\/mikroelemente\/molybdenum\/#breadcrumb"},"inLanguage":"de","potentialAction":[{"@type":"ReadAction","target":["https:\/\/aquaforest.eu\/de\/produkte\/lab\/mikroelemente\/molybdenum\/"]}]},{"@type":"ImageObject","inLanguage":"de","@id":"https:\/\/aquaforest.eu\/de\/produkte\/lab\/mikroelemente\/molybdenum\/#primaryimage","url":"https:\/\/aquaforest.eu\/wp-content\/uploads\/2024\/06\/AF_Lab_Molybdenum-200-ml.png","contentUrl":"https:\/\/aquaforest.eu\/wp-content\/uploads\/2024\/06\/AF_Lab_Molybdenum-200-ml.png","width":269,"height":600},{"@type":"BreadcrumbList","@id":"https:\/\/aquaforest.eu\/de\/produkte\/lab\/mikroelemente\/molybdenum\/#breadcrumb","itemListElement":[{"@type":"ListItem","position":1,"name":"Home","item":"https:\/\/aquaforest.eu\/de\/"},{"@type":"ListItem","position":2,"name":"Produkte","item":"https:\/\/aquaforest.eu\/de\/produkte\/"},{"@type":"ListItem","position":3,"name":"Molybdenum"}]},{"@type":"WebSite","@id":"https:\/\/aquaforest.eu\/de\/#website","url":"https:\/\/aquaforest.eu\/de\/","name":"Aquaforest","description":"","publisher":{"@id":"https:\/\/aquaforest.eu\/de\/#organization"},"potentialAction":[{"@type":"SearchAction","target":{"@type":"EntryPoint","urlTemplate":"https:\/\/aquaforest.eu\/de\/?s={search_term_string}"},"query-input":{"@type":"PropertyValueSpecification","valueRequired":true,"valueName":"search_term_string"}}],"inLanguage":"de"},{"@type":"Organization","@id":"https:\/\/aquaforest.eu\/de\/#organization","name":"Aquaforest","url":"https:\/\/aquaforest.eu\/de\/","logo":{"@type":"ImageObject","inLanguage":"de","@id":"https:\/\/aquaforest.eu\/de\/#\/schema\/logo\/image\/","url":"https:\/\/aquaforest.eu\/wp-content\/uploads\/2024\/05\/logotyp-aquaforest.svg","contentUrl":"https:\/\/aquaforest.eu\/wp-content\/uploads\/2024\/05\/logotyp-aquaforest.svg","width":170,"height":22,"caption":"Aquaforest"},"image":{"@id":"https:\/\/aquaforest.eu\/de\/#\/schema\/logo\/image\/"},"sameAs":["https:\/\/www.facebook.com\/Aquaforest\/","https:\/\/www.instagram.com\/aquaforest.eu\/"]}]}},"_links":{"self":[{"href":"https:\/\/aquaforest.eu\/de\/wp-json\/wp\/v2\/product\/10449","targetHints":{"allow":["GET"]}}],"collection":[{"href":"https:\/\/aquaforest.eu\/de\/wp-json\/wp\/v2\/product"}],"about":[{"href":"https:\/\/aquaforest.eu\/de\/wp-json\/wp\/v2\/types\/product"}],"version-history":[{"count":0,"href":"https:\/\/aquaforest.eu\/de\/wp-json\/wp\/v2\/product\/10449\/revisions"}],"wp:featuredmedia":[{"embeddable":true,"href":"https:\/\/aquaforest.eu\/de\/wp-json\/wp\/v2\/media\/13862"}],"wp:attachment":[{"href":"https:\/\/aquaforest.eu\/de\/wp-json\/wp\/v2\/media?parent=10449"}],"wp:term":[{"taxonomy":"product_brand","embeddable":true,"href":"https:\/\/aquaforest.eu\/de\/wp-json\/wp\/v2\/product_brand?post=10449"},{"taxonomy":"product_cat","embeddable":true,"href":"https:\/\/aquaforest.eu\/de\/wp-json\/wp\/v2\/product_cat?post=10449"},{"taxonomy":"product_tag","embeddable":true,"href":"https:\/\/aquaforest.eu\/de\/wp-json\/wp\/v2\/product_tag?post=10449"}],"curies":[{"name":"wp","href":"https:\/\/api.w.org\/{rel}","templated":true}]}}