{"id":10454,"date":"2024-06-24T16:43:12","date_gmt":"2024-06-24T14:43:12","guid":{"rendered":"https:\/\/aquaforest.eu\/products\/unkategorisiert\/po4\/"},"modified":"2024-11-25T08:34:34","modified_gmt":"2024-11-25T07:34:34","slug":"po4","status":"publish","type":"product","link":"https:\/\/aquaforest.eu\/de\/produkte\/lab\/mikroelemente\/po4\/","title":{"rendered":"Po4"},"content":{"rendered":"<p>Die Verwendung von starken Filtermedien, N\u00e4hrstoffentziehern und Absch\u00e4umern kann zu einem pl\u00f6tzlichen Absinken des Phosphatspiegels im Aquarium f\u00fchren. Phosphor ist ein wichtiges Element f\u00fcr Zooxanthellen &#8211; photosynthetische Algen, die in Symbiose mit Korallen leben. Bei einem Phosphatwert von Null im Aquarium &#8222;verhungern&#8220; die Zooxanthellen einfach. Ein PO4-Niveau von Null in einem Meerwasseraquarium erschwert den Abbau von NO3 erheblich, so dass eine genaue Korrektur des Phosphatwertes erforderlich ist. AF PO4 + ist ein Produkt, das vor allem f\u00fcr Aquarienbesitzer mit einer kleinen Anzahl von Fischen oder einer sehr intensiven Filterung gedacht ist. Stark sterilisiertes, n\u00e4hrstoffarmes Wasser verursacht Probleme mit der Korallenf\u00e4rbung, dem Ausbleichen und einem deutlich gehemmten Wachstum. LPS-Korallen sind besonders empfindlich gegen\u00fcber niedrigen N\u00e4hrstoffwerten. Mit AF PO4 + k\u00f6nnen Sie die Phosphatwerte genau korrigieren und die gew\u00fcnschten Werte schnell wiederherstellen. Das Verh\u00e4ltnis von Stickstoff zu Phosphor sollte 16:1 betragen. AF PO4 + ist ein Produkt aus der Aquaforest Lab-Linie, das f\u00fcr Aquarianer entwickelt wurde, die die volle Kontrolle \u00fcber die Parameter in ihrem Aquarium haben m\u00f6chten. Wir empfehlen Ihnen, vor der Anwendung sowohl den NO3- als auch den PO4-Gehalt zu testen und schrittweise zu dosieren, bis der gew\u00fcnschte Phosphatgehalt erreicht ist. Das Produkt in einer praktischen und sicheren Verpackung f\u00fcr die Verwendung in einem Meerwasseraquarium.<\/p>\n<p>&nbsp;<\/p>\n<hr \/>\n<p>&nbsp;<\/p>\n<p><strong>Dosierung<\/strong><\/p>\n<ul>\n<li>1 ml AF PO4 + in 100 l Aquarienwasser erh\u00f6ht den Phosphatgehalt um 0,01 mg\/l (ppm)<\/li>\n<li>Die empfohlene Tagesh\u00f6chstdosis betr\u00e4gt: 1 ml\/100 l<\/li>\n<li>Der optimale Phosphat (PO4)-Wert f\u00fcr ein Riffaquarium liegt bei 0,03-0,05 mg\/l (ppm)<\/li>\n<li>Nur verwenden, wenn der PO4-Gehalt sehr niedrig ist<\/li>\n<\/ul>\n<p>Von Kindern fernhalten. Nur f\u00fcr den Gebrauch im Aquarium. Nicht f\u00fcr den menschlichen Verzehr geeignet. Bewahren Sie es an einem k\u00fchlen, trockenen Ort und vor direktem Licht gesch\u00fctzt auf.<\/p>\n","protected":false},"excerpt":{"rendered":"<p>Ein Mittel zur Erh\u00f6hung des Phosphatgehalts.<br \/>\nDas Produkt ist vor allem f\u00fcr Aquarienbesitzer mit einer kleinen Anzahl von Fischen oder einer sehr intensiven Filterung gedacht.<\/p>\n","protected":false},"featured_media":29786,"template":"","meta":{"_acf_changed":false,"content-type":""},"product_brand":[],"product_cat":[1144],"product_tag":[968,1633,1126],"class_list":{"0":"post-10454","1":"product","2":"type-product","3":"status-publish","4":"has-post-thumbnail","6":"product_cat-mikroelemente","7":"product_tag-aquaforest-lab-de","8":"product_tag-simple-de","9":"product_tag-spurenelemente","11":"first","12":"instock","13":"taxable","14":"shipping-taxable","15":"purchasable","16":"product-type-simple"},"acf":[],"yoast_head":"<!-- This site is optimized with the Yoast SEO plugin v27.1.1 - https:\/\/yoast.com\/product\/yoast-seo-wordpress\/ -->\n<title>Po4 - Aquaforest<\/title>\n<meta name=\"description\" content=\"PO4: Wirksames Pr\u00e4parat zur Erh\u00f6hung des Phosphatgehalts im Meerwasser.\" \/>\n<meta name=\"robots\" content=\"index, follow, max-snippet:-1, max-image-preview:large, max-video-preview:-1\" \/>\n<link rel=\"canonical\" href=\"https:\/\/aquaforest.eu\/de\/produkte\/lab\/mikroelemente\/po4\/\" \/>\n<meta property=\"og:locale\" content=\"de_DE\" \/>\n<meta property=\"og:type\" content=\"article\" \/>\n<meta property=\"og:title\" content=\"Po4 - Aquaforest\" \/>\n<meta property=\"og:description\" content=\"PO4: Wirksames Pr\u00e4parat zur Erh\u00f6hung des Phosphatgehalts im Meerwasser.\" \/>\n<meta property=\"og:url\" content=\"https:\/\/aquaforest.eu\/de\/produkte\/lab\/mikroelemente\/po4\/\" \/>\n<meta property=\"og:site_name\" content=\"Aquaforest\" \/>\n<meta property=\"article:publisher\" content=\"https:\/\/www.facebook.com\/Aquaforest\/\" \/>\n<meta property=\"article:modified_time\" content=\"2024-11-25T07:34:34+00:00\" \/>\n<meta property=\"og:image\" content=\"https:\/\/aquaforest.eu\/wp-content\/uploads\/2024\/06\/phosphate-200.png\" \/>\n\t<meta property=\"og:image:width\" content=\"269\" \/>\n\t<meta property=\"og:image:height\" content=\"600\" \/>\n\t<meta property=\"og:image:type\" content=\"image\/png\" \/>\n<meta name=\"twitter:card\" content=\"summary_large_image\" \/>\n<meta name=\"twitter:label1\" content=\"Gesch\u00e4tzte Lesezeit\" \/>\n\t<meta name=\"twitter:data1\" content=\"2\u00a0Minuten\" \/>\n<script type=\"application\/ld+json\" class=\"yoast-schema-graph\">{\"@context\":\"https:\/\/schema.org\",\"@graph\":[{\"@type\":\"WebPage\",\"@id\":\"https:\/\/aquaforest.eu\/de\/produkte\/lab\/mikroelemente\/po4\/\",\"url\":\"https:\/\/aquaforest.eu\/de\/produkte\/lab\/mikroelemente\/po4\/\",\"name\":\"Po4 - Aquaforest\",\"isPartOf\":{\"@id\":\"https:\/\/aquaforest.eu\/de\/#website\"},\"primaryImageOfPage\":{\"@id\":\"https:\/\/aquaforest.eu\/de\/produkte\/lab\/mikroelemente\/po4\/#primaryimage\"},\"image\":{\"@id\":\"https:\/\/aquaforest.eu\/de\/produkte\/lab\/mikroelemente\/po4\/#primaryimage\"},\"thumbnailUrl\":\"https:\/\/aquaforest.eu\/wp-content\/uploads\/2024\/06\/phosphate-200.png\",\"datePublished\":\"2024-06-24T14:43:12+00:00\",\"dateModified\":\"2024-11-25T07:34:34+00:00\",\"description\":\"PO4: Wirksames Pr\u00e4parat zur Erh\u00f6hung des Phosphatgehalts im Meerwasser.\",\"breadcrumb\":{\"@id\":\"https:\/\/aquaforest.eu\/de\/produkte\/lab\/mikroelemente\/po4\/#breadcrumb\"},\"inLanguage\":\"de\",\"potentialAction\":[{\"@type\":\"ReadAction\",\"target\":[\"https:\/\/aquaforest.eu\/de\/produkte\/lab\/mikroelemente\/po4\/\"]}]},{\"@type\":\"ImageObject\",\"inLanguage\":\"de\",\"@id\":\"https:\/\/aquaforest.eu\/de\/produkte\/lab\/mikroelemente\/po4\/#primaryimage\",\"url\":\"https:\/\/aquaforest.eu\/wp-content\/uploads\/2024\/06\/phosphate-200.png\",\"contentUrl\":\"https:\/\/aquaforest.eu\/wp-content\/uploads\/2024\/06\/phosphate-200.png\",\"width\":269,\"height\":600},{\"@type\":\"BreadcrumbList\",\"@id\":\"https:\/\/aquaforest.eu\/de\/produkte\/lab\/mikroelemente\/po4\/#breadcrumb\",\"itemListElement\":[{\"@type\":\"ListItem\",\"position\":1,\"name\":\"Home\",\"item\":\"https:\/\/aquaforest.eu\/de\/\"},{\"@type\":\"ListItem\",\"position\":2,\"name\":\"Produkte\",\"item\":\"https:\/\/aquaforest.eu\/de\/produkte\/\"},{\"@type\":\"ListItem\",\"position\":3,\"name\":\"Po4\"}]},{\"@type\":\"WebSite\",\"@id\":\"https:\/\/aquaforest.eu\/de\/#website\",\"url\":\"https:\/\/aquaforest.eu\/de\/\",\"name\":\"Aquaforest\",\"description\":\"\",\"publisher\":{\"@id\":\"https:\/\/aquaforest.eu\/de\/#organization\"},\"potentialAction\":[{\"@type\":\"SearchAction\",\"target\":{\"@type\":\"EntryPoint\",\"urlTemplate\":\"https:\/\/aquaforest.eu\/de\/?s={search_term_string}\"},\"query-input\":{\"@type\":\"PropertyValueSpecification\",\"valueRequired\":true,\"valueName\":\"search_term_string\"}}],\"inLanguage\":\"de\"},{\"@type\":\"Organization\",\"@id\":\"https:\/\/aquaforest.eu\/de\/#organization\",\"name\":\"Aquaforest\",\"url\":\"https:\/\/aquaforest.eu\/de\/\",\"logo\":{\"@type\":\"ImageObject\",\"inLanguage\":\"de\",\"@id\":\"https:\/\/aquaforest.eu\/de\/#\/schema\/logo\/image\/\",\"url\":\"https:\/\/aquaforest.eu\/wp-content\/uploads\/2024\/05\/logotyp-aquaforest.svg\",\"contentUrl\":\"https:\/\/aquaforest.eu\/wp-content\/uploads\/2024\/05\/logotyp-aquaforest.svg\",\"width\":170,\"height\":22,\"caption\":\"Aquaforest\"},\"image\":{\"@id\":\"https:\/\/aquaforest.eu\/de\/#\/schema\/logo\/image\/\"},\"sameAs\":[\"https:\/\/www.facebook.com\/Aquaforest\/\",\"https:\/\/www.instagram.com\/aquaforest.eu\/\"]}]}<\/script>\n<!-- \/ Yoast SEO plugin. -->","yoast_head_json":{"title":"Po4 - Aquaforest","description":"PO4: Wirksames Pr\u00e4parat zur Erh\u00f6hung des Phosphatgehalts im Meerwasser.","robots":{"index":"index","follow":"follow","max-snippet":"max-snippet:-1","max-image-preview":"max-image-preview:large","max-video-preview":"max-video-preview:-1"},"canonical":"https:\/\/aquaforest.eu\/de\/produkte\/lab\/mikroelemente\/po4\/","og_locale":"de_DE","og_type":"article","og_title":"Po4 - Aquaforest","og_description":"PO4: Wirksames Pr\u00e4parat zur Erh\u00f6hung des Phosphatgehalts im Meerwasser.","og_url":"https:\/\/aquaforest.eu\/de\/produkte\/lab\/mikroelemente\/po4\/","og_site_name":"Aquaforest","article_publisher":"https:\/\/www.facebook.com\/Aquaforest\/","article_modified_time":"2024-11-25T07:34:34+00:00","og_image":[{"width":269,"height":600,"url":"https:\/\/aquaforest.eu\/wp-content\/uploads\/2024\/06\/phosphate-200.png","type":"image\/png"}],"twitter_card":"summary_large_image","twitter_misc":{"Gesch\u00e4tzte Lesezeit":"2\u00a0Minuten"},"schema":{"@context":"https:\/\/schema.org","@graph":[{"@type":"WebPage","@id":"https:\/\/aquaforest.eu\/de\/produkte\/lab\/mikroelemente\/po4\/","url":"https:\/\/aquaforest.eu\/de\/produkte\/lab\/mikroelemente\/po4\/","name":"Po4 - Aquaforest","isPartOf":{"@id":"https:\/\/aquaforest.eu\/de\/#website"},"primaryImageOfPage":{"@id":"https:\/\/aquaforest.eu\/de\/produkte\/lab\/mikroelemente\/po4\/#primaryimage"},"image":{"@id":"https:\/\/aquaforest.eu\/de\/produkte\/lab\/mikroelemente\/po4\/#primaryimage"},"thumbnailUrl":"https:\/\/aquaforest.eu\/wp-content\/uploads\/2024\/06\/phosphate-200.png","datePublished":"2024-06-24T14:43:12+00:00","dateModified":"2024-11-25T07:34:34+00:00","description":"PO4: Wirksames Pr\u00e4parat zur Erh\u00f6hung des Phosphatgehalts im Meerwasser.","breadcrumb":{"@id":"https:\/\/aquaforest.eu\/de\/produkte\/lab\/mikroelemente\/po4\/#breadcrumb"},"inLanguage":"de","potentialAction":[{"@type":"ReadAction","target":["https:\/\/aquaforest.eu\/de\/produkte\/lab\/mikroelemente\/po4\/"]}]},{"@type":"ImageObject","inLanguage":"de","@id":"https:\/\/aquaforest.eu\/de\/produkte\/lab\/mikroelemente\/po4\/#primaryimage","url":"https:\/\/aquaforest.eu\/wp-content\/uploads\/2024\/06\/phosphate-200.png","contentUrl":"https:\/\/aquaforest.eu\/wp-content\/uploads\/2024\/06\/phosphate-200.png","width":269,"height":600},{"@type":"BreadcrumbList","@id":"https:\/\/aquaforest.eu\/de\/produkte\/lab\/mikroelemente\/po4\/#breadcrumb","itemListElement":[{"@type":"ListItem","position":1,"name":"Home","item":"https:\/\/aquaforest.eu\/de\/"},{"@type":"ListItem","position":2,"name":"Produkte","item":"https:\/\/aquaforest.eu\/de\/produkte\/"},{"@type":"ListItem","position":3,"name":"Po4"}]},{"@type":"WebSite","@id":"https:\/\/aquaforest.eu\/de\/#website","url":"https:\/\/aquaforest.eu\/de\/","name":"Aquaforest","description":"","publisher":{"@id":"https:\/\/aquaforest.eu\/de\/#organization"},"potentialAction":[{"@type":"SearchAction","target":{"@type":"EntryPoint","urlTemplate":"https:\/\/aquaforest.eu\/de\/?s={search_term_string}"},"query-input":{"@type":"PropertyValueSpecification","valueRequired":true,"valueName":"search_term_string"}}],"inLanguage":"de"},{"@type":"Organization","@id":"https:\/\/aquaforest.eu\/de\/#organization","name":"Aquaforest","url":"https:\/\/aquaforest.eu\/de\/","logo":{"@type":"ImageObject","inLanguage":"de","@id":"https:\/\/aquaforest.eu\/de\/#\/schema\/logo\/image\/","url":"https:\/\/aquaforest.eu\/wp-content\/uploads\/2024\/05\/logotyp-aquaforest.svg","contentUrl":"https:\/\/aquaforest.eu\/wp-content\/uploads\/2024\/05\/logotyp-aquaforest.svg","width":170,"height":22,"caption":"Aquaforest"},"image":{"@id":"https:\/\/aquaforest.eu\/de\/#\/schema\/logo\/image\/"},"sameAs":["https:\/\/www.facebook.com\/Aquaforest\/","https:\/\/www.instagram.com\/aquaforest.eu\/"]}]}},"_links":{"self":[{"href":"https:\/\/aquaforest.eu\/de\/wp-json\/wp\/v2\/product\/10454","targetHints":{"allow":["GET"]}}],"collection":[{"href":"https:\/\/aquaforest.eu\/de\/wp-json\/wp\/v2\/product"}],"about":[{"href":"https:\/\/aquaforest.eu\/de\/wp-json\/wp\/v2\/types\/product"}],"version-history":[{"count":0,"href":"https:\/\/aquaforest.eu\/de\/wp-json\/wp\/v2\/product\/10454\/revisions"}],"wp:featuredmedia":[{"embeddable":true,"href":"https:\/\/aquaforest.eu\/de\/wp-json\/wp\/v2\/media\/29786"}],"wp:attachment":[{"href":"https:\/\/aquaforest.eu\/de\/wp-json\/wp\/v2\/media?parent=10454"}],"wp:term":[{"taxonomy":"product_brand","embeddable":true,"href":"https:\/\/aquaforest.eu\/de\/wp-json\/wp\/v2\/product_brand?post=10454"},{"taxonomy":"product_cat","embeddable":true,"href":"https:\/\/aquaforest.eu\/de\/wp-json\/wp\/v2\/product_cat?post=10454"},{"taxonomy":"product_tag","embeddable":true,"href":"https:\/\/aquaforest.eu\/de\/wp-json\/wp\/v2\/product_tag?post=10454"}],"curies":[{"name":"wp","href":"https:\/\/api.w.org\/{rel}","templated":true}]}}