{"id":10459,"date":"2024-06-24T16:19:50","date_gmt":"2024-06-24T14:19:50","guid":{"rendered":"https:\/\/aquaforest.eu\/products\/unkategorisiert\/mg-plus\/"},"modified":"2024-11-21T15:15:47","modified_gmt":"2024-11-21T14:15:47","slug":"mg-plus","status":"publish","type":"product","link":"https:\/\/aquaforest.eu\/de\/produkte\/lab\/makroelemente\/mg-plus\/","title":{"rendered":"Mg Plus"},"content":{"rendered":"<p>Die hochkonzentrierte Formel zur Erh\u00f6hung des Magnesiumspiegels in Meerwasseraquarien. Mg Plus wurde entwickelt, um einen Magnesiummangel und einen pl\u00f6tzlichen Abfall des Magnesiumspiegels auszugleichen. Magnesium ist f\u00fcr ein gesundes und ausgewogenes Wachstum von Korallen notwendig. Ein angemessener Magnesiumgehalt im Aquarienwasser erm\u00f6glicht den Korallen eine bessere Aufnahme von Kalzium. Ein verminderter Magnesiumgehalt kann dazu f\u00fchren, dass der Kalziumgehalt nicht aufrechterhalten werden kann und der pH-Wert sinkt. Der empfohlene Magnesiumgehalt in Riffaquarien betr\u00e4gt 1180 &#8211; 1460 mg\/l (ppm).<\/p>\n<p>&nbsp;<\/p>\n<hr \/>\n<p>&nbsp;<\/p>\n<p><strong>Dosierung<\/strong><\/p>\n<p>von 10 ml Mg Plus erh\u00f6ht den Magnesiumspiegel um 10 mg\/l (ppm) in 100 l (27 US gal) Wasser. Die Dosierung sollte auf der Grundlage von Wassertests und dem t\u00e4glichen Verbrauch von Korallen festgelegt werden. Bitte beachten Sie, dass die maximale sichere Tagesdosis 100 ml pro 100 Liter Wasser betr\u00e4gt. Wenn Sie eine h\u00f6here Dosis ben\u00f6tigen, teilen Sie diese auf mehrere Tage auf. Bevor Sie Mg Plus anwenden, sollten Sie den Magnesiumgehalt im Wasser testen. Wir empfehlen nicht, den Magnesiumspiegel um mehr als 100 ppm pro Tag zu erh\u00f6hen. Bitte vergewissern Sie sich, dass Ihr Magnesiumspiegel innerhalb des empfohlenen Bereichs liegt, bevor Sie versuchen, Ihren Kalzium- und Alkalinit\u00e4tsspiegel zu erh\u00f6hen oder anzupassen.<\/p>\n","protected":false},"excerpt":{"rendered":"<p>Ein Mittel zur Erh\u00f6hung des Magnesiumspiegels. Entwickelt, um Magnesiummangel und pl\u00f6tzlichen Magnesiumabfall zu beheben.<\/p>\n","protected":false},"featured_media":29921,"template":"","meta":{"_acf_changed":false,"content-type":""},"product_brand":[],"product_cat":[1146],"product_tag":[968,1124,1417],"class_list":{"0":"post-10459","1":"product","2":"type-product","3":"status-publish","4":"has-post-thumbnail","6":"product_cat-makroelemente","7":"product_tag-aquaforest-lab-de","8":"product_tag-makroelemente","9":"product_tag-variable-de","11":"first","12":"instock","13":"taxable","14":"shipping-taxable","15":"purchasable","16":"product-type-variable","17":"has-default-attributes"},"acf":[],"yoast_head":"<!-- This site is optimized with the Yoast SEO plugin v27.1.1 - https:\/\/yoast.com\/product\/yoast-seo-wordpress\/ -->\n<title>Mg Plus - Aquaforest<\/title>\n<meta name=\"description\" content=\"Mg Plus: Konzentrierter Magnesiumzusatz zur Stabilisierung der Wasserparameter. Zuverl\u00e4ssige Formel f\u00fcr die Gesundheit der Korallen und ein gutes Wachstum.\" \/>\n<meta name=\"robots\" content=\"index, follow, max-snippet:-1, max-image-preview:large, max-video-preview:-1\" \/>\n<link rel=\"canonical\" href=\"https:\/\/aquaforest.eu\/de\/produkte\/lab\/makroelemente\/mg-plus\/\" \/>\n<meta property=\"og:locale\" content=\"de_DE\" \/>\n<meta property=\"og:type\" content=\"article\" \/>\n<meta property=\"og:title\" content=\"Mg Plus - Aquaforest\" \/>\n<meta property=\"og:description\" content=\"Mg Plus: Konzentrierter Magnesiumzusatz zur Stabilisierung der Wasserparameter. Zuverl\u00e4ssige Formel f\u00fcr die Gesundheit der Korallen und ein gutes Wachstum.\" \/>\n<meta property=\"og:url\" content=\"https:\/\/aquaforest.eu\/de\/produkte\/lab\/makroelemente\/mg-plus\/\" \/>\n<meta property=\"og:site_name\" content=\"Aquaforest\" \/>\n<meta property=\"article:publisher\" content=\"https:\/\/www.facebook.com\/Aquaforest\/\" \/>\n<meta property=\"article:modified_time\" content=\"2024-11-21T14:15:47+00:00\" \/>\n<meta property=\"og:image\" content=\"https:\/\/aquaforest.eu\/wp-content\/uploads\/2024\/12\/AF_Lab_Mg-Plus-1000-ml-e1736494388485.png\" \/>\n\t<meta property=\"og:image:width\" content=\"1800\" \/>\n\t<meta property=\"og:image:height\" content=\"1800\" \/>\n\t<meta property=\"og:image:type\" content=\"image\/png\" \/>\n<meta name=\"twitter:card\" content=\"summary_large_image\" \/>\n<meta name=\"twitter:label1\" content=\"Gesch\u00e4tzte Lesezeit\" \/>\n\t<meta name=\"twitter:data1\" content=\"2\u00a0Minuten\" \/>\n<script type=\"application\/ld+json\" class=\"yoast-schema-graph\">{\"@context\":\"https:\/\/schema.org\",\"@graph\":[{\"@type\":\"WebPage\",\"@id\":\"https:\/\/aquaforest.eu\/de\/produkte\/lab\/makroelemente\/mg-plus\/\",\"url\":\"https:\/\/aquaforest.eu\/de\/produkte\/lab\/makroelemente\/mg-plus\/\",\"name\":\"Mg Plus - Aquaforest\",\"isPartOf\":{\"@id\":\"https:\/\/aquaforest.eu\/de\/#website\"},\"primaryImageOfPage\":{\"@id\":\"https:\/\/aquaforest.eu\/de\/produkte\/lab\/makroelemente\/mg-plus\/#primaryimage\"},\"image\":{\"@id\":\"https:\/\/aquaforest.eu\/de\/produkte\/lab\/makroelemente\/mg-plus\/#primaryimage\"},\"thumbnailUrl\":\"https:\/\/aquaforest.eu\/wp-content\/uploads\/2024\/06\/mg-plus-1000-1.png\",\"datePublished\":\"2024-06-24T14:19:50+00:00\",\"dateModified\":\"2024-11-21T14:15:47+00:00\",\"description\":\"Mg Plus: Konzentrierter Magnesiumzusatz zur Stabilisierung der Wasserparameter. Zuverl\u00e4ssige Formel f\u00fcr die Gesundheit der Korallen und ein gutes Wachstum.\",\"breadcrumb\":{\"@id\":\"https:\/\/aquaforest.eu\/de\/produkte\/lab\/makroelemente\/mg-plus\/#breadcrumb\"},\"inLanguage\":\"de\",\"potentialAction\":[{\"@type\":\"ReadAction\",\"target\":[\"https:\/\/aquaforest.eu\/de\/produkte\/lab\/makroelemente\/mg-plus\/\"]}]},{\"@type\":\"ImageObject\",\"inLanguage\":\"de\",\"@id\":\"https:\/\/aquaforest.eu\/de\/produkte\/lab\/makroelemente\/mg-plus\/#primaryimage\",\"url\":\"https:\/\/aquaforest.eu\/wp-content\/uploads\/2024\/06\/mg-plus-1000-1.png\",\"contentUrl\":\"https:\/\/aquaforest.eu\/wp-content\/uploads\/2024\/06\/mg-plus-1000-1.png\",\"width\":519,\"height\":600},{\"@type\":\"BreadcrumbList\",\"@id\":\"https:\/\/aquaforest.eu\/de\/produkte\/lab\/makroelemente\/mg-plus\/#breadcrumb\",\"itemListElement\":[{\"@type\":\"ListItem\",\"position\":1,\"name\":\"Home\",\"item\":\"https:\/\/aquaforest.eu\/de\/\"},{\"@type\":\"ListItem\",\"position\":2,\"name\":\"Produkte\",\"item\":\"https:\/\/aquaforest.eu\/de\/produkte\/\"},{\"@type\":\"ListItem\",\"position\":3,\"name\":\"Mg Plus\"}]},{\"@type\":\"WebSite\",\"@id\":\"https:\/\/aquaforest.eu\/de\/#website\",\"url\":\"https:\/\/aquaforest.eu\/de\/\",\"name\":\"Aquaforest\",\"description\":\"\",\"publisher\":{\"@id\":\"https:\/\/aquaforest.eu\/de\/#organization\"},\"potentialAction\":[{\"@type\":\"SearchAction\",\"target\":{\"@type\":\"EntryPoint\",\"urlTemplate\":\"https:\/\/aquaforest.eu\/de\/?s={search_term_string}\"},\"query-input\":{\"@type\":\"PropertyValueSpecification\",\"valueRequired\":true,\"valueName\":\"search_term_string\"}}],\"inLanguage\":\"de\"},{\"@type\":\"Organization\",\"@id\":\"https:\/\/aquaforest.eu\/de\/#organization\",\"name\":\"Aquaforest\",\"url\":\"https:\/\/aquaforest.eu\/de\/\",\"logo\":{\"@type\":\"ImageObject\",\"inLanguage\":\"de\",\"@id\":\"https:\/\/aquaforest.eu\/de\/#\/schema\/logo\/image\/\",\"url\":\"https:\/\/aquaforest.eu\/wp-content\/uploads\/2024\/05\/logotyp-aquaforest.svg\",\"contentUrl\":\"https:\/\/aquaforest.eu\/wp-content\/uploads\/2024\/05\/logotyp-aquaforest.svg\",\"width\":170,\"height\":22,\"caption\":\"Aquaforest\"},\"image\":{\"@id\":\"https:\/\/aquaforest.eu\/de\/#\/schema\/logo\/image\/\"},\"sameAs\":[\"https:\/\/www.facebook.com\/Aquaforest\/\",\"https:\/\/www.instagram.com\/aquaforest.eu\/\"]}]}<\/script>\n<!-- \/ Yoast SEO plugin. -->","yoast_head_json":{"title":"Mg Plus - Aquaforest","description":"Mg Plus: Konzentrierter Magnesiumzusatz zur Stabilisierung der Wasserparameter. Zuverl\u00e4ssige Formel f\u00fcr die Gesundheit der Korallen und ein gutes Wachstum.","robots":{"index":"index","follow":"follow","max-snippet":"max-snippet:-1","max-image-preview":"max-image-preview:large","max-video-preview":"max-video-preview:-1"},"canonical":"https:\/\/aquaforest.eu\/de\/produkte\/lab\/makroelemente\/mg-plus\/","og_locale":"de_DE","og_type":"article","og_title":"Mg Plus - Aquaforest","og_description":"Mg Plus: Konzentrierter Magnesiumzusatz zur Stabilisierung der Wasserparameter. Zuverl\u00e4ssige Formel f\u00fcr die Gesundheit der Korallen und ein gutes Wachstum.","og_url":"https:\/\/aquaforest.eu\/de\/produkte\/lab\/makroelemente\/mg-plus\/","og_site_name":"Aquaforest","article_publisher":"https:\/\/www.facebook.com\/Aquaforest\/","article_modified_time":"2024-11-21T14:15:47+00:00","og_image":[{"width":1800,"height":1800,"url":"https:\/\/aquaforest.eu\/wp-content\/uploads\/2024\/12\/AF_Lab_Mg-Plus-1000-ml-e1736494388485.png","type":"image\/png"}],"twitter_card":"summary_large_image","twitter_misc":{"Gesch\u00e4tzte Lesezeit":"2\u00a0Minuten"},"schema":{"@context":"https:\/\/schema.org","@graph":[{"@type":"WebPage","@id":"https:\/\/aquaforest.eu\/de\/produkte\/lab\/makroelemente\/mg-plus\/","url":"https:\/\/aquaforest.eu\/de\/produkte\/lab\/makroelemente\/mg-plus\/","name":"Mg Plus - Aquaforest","isPartOf":{"@id":"https:\/\/aquaforest.eu\/de\/#website"},"primaryImageOfPage":{"@id":"https:\/\/aquaforest.eu\/de\/produkte\/lab\/makroelemente\/mg-plus\/#primaryimage"},"image":{"@id":"https:\/\/aquaforest.eu\/de\/produkte\/lab\/makroelemente\/mg-plus\/#primaryimage"},"thumbnailUrl":"https:\/\/aquaforest.eu\/wp-content\/uploads\/2024\/06\/mg-plus-1000-1.png","datePublished":"2024-06-24T14:19:50+00:00","dateModified":"2024-11-21T14:15:47+00:00","description":"Mg Plus: Konzentrierter Magnesiumzusatz zur Stabilisierung der Wasserparameter. Zuverl\u00e4ssige Formel f\u00fcr die Gesundheit der Korallen und ein gutes Wachstum.","breadcrumb":{"@id":"https:\/\/aquaforest.eu\/de\/produkte\/lab\/makroelemente\/mg-plus\/#breadcrumb"},"inLanguage":"de","potentialAction":[{"@type":"ReadAction","target":["https:\/\/aquaforest.eu\/de\/produkte\/lab\/makroelemente\/mg-plus\/"]}]},{"@type":"ImageObject","inLanguage":"de","@id":"https:\/\/aquaforest.eu\/de\/produkte\/lab\/makroelemente\/mg-plus\/#primaryimage","url":"https:\/\/aquaforest.eu\/wp-content\/uploads\/2024\/06\/mg-plus-1000-1.png","contentUrl":"https:\/\/aquaforest.eu\/wp-content\/uploads\/2024\/06\/mg-plus-1000-1.png","width":519,"height":600},{"@type":"BreadcrumbList","@id":"https:\/\/aquaforest.eu\/de\/produkte\/lab\/makroelemente\/mg-plus\/#breadcrumb","itemListElement":[{"@type":"ListItem","position":1,"name":"Home","item":"https:\/\/aquaforest.eu\/de\/"},{"@type":"ListItem","position":2,"name":"Produkte","item":"https:\/\/aquaforest.eu\/de\/produkte\/"},{"@type":"ListItem","position":3,"name":"Mg Plus"}]},{"@type":"WebSite","@id":"https:\/\/aquaforest.eu\/de\/#website","url":"https:\/\/aquaforest.eu\/de\/","name":"Aquaforest","description":"","publisher":{"@id":"https:\/\/aquaforest.eu\/de\/#organization"},"potentialAction":[{"@type":"SearchAction","target":{"@type":"EntryPoint","urlTemplate":"https:\/\/aquaforest.eu\/de\/?s={search_term_string}"},"query-input":{"@type":"PropertyValueSpecification","valueRequired":true,"valueName":"search_term_string"}}],"inLanguage":"de"},{"@type":"Organization","@id":"https:\/\/aquaforest.eu\/de\/#organization","name":"Aquaforest","url":"https:\/\/aquaforest.eu\/de\/","logo":{"@type":"ImageObject","inLanguage":"de","@id":"https:\/\/aquaforest.eu\/de\/#\/schema\/logo\/image\/","url":"https:\/\/aquaforest.eu\/wp-content\/uploads\/2024\/05\/logotyp-aquaforest.svg","contentUrl":"https:\/\/aquaforest.eu\/wp-content\/uploads\/2024\/05\/logotyp-aquaforest.svg","width":170,"height":22,"caption":"Aquaforest"},"image":{"@id":"https:\/\/aquaforest.eu\/de\/#\/schema\/logo\/image\/"},"sameAs":["https:\/\/www.facebook.com\/Aquaforest\/","https:\/\/www.instagram.com\/aquaforest.eu\/"]}]}},"_links":{"self":[{"href":"https:\/\/aquaforest.eu\/de\/wp-json\/wp\/v2\/product\/10459","targetHints":{"allow":["GET"]}}],"collection":[{"href":"https:\/\/aquaforest.eu\/de\/wp-json\/wp\/v2\/product"}],"about":[{"href":"https:\/\/aquaforest.eu\/de\/wp-json\/wp\/v2\/types\/product"}],"version-history":[{"count":0,"href":"https:\/\/aquaforest.eu\/de\/wp-json\/wp\/v2\/product\/10459\/revisions"}],"wp:featuredmedia":[{"embeddable":true,"href":"https:\/\/aquaforest.eu\/de\/wp-json\/wp\/v2\/media\/29921"}],"wp:attachment":[{"href":"https:\/\/aquaforest.eu\/de\/wp-json\/wp\/v2\/media?parent=10459"}],"wp:term":[{"taxonomy":"product_brand","embeddable":true,"href":"https:\/\/aquaforest.eu\/de\/wp-json\/wp\/v2\/product_brand?post=10459"},{"taxonomy":"product_cat","embeddable":true,"href":"https:\/\/aquaforest.eu\/de\/wp-json\/wp\/v2\/product_cat?post=10459"},{"taxonomy":"product_tag","embeddable":true,"href":"https:\/\/aquaforest.eu\/de\/wp-json\/wp\/v2\/product_tag?post=10459"}],"curies":[{"name":"wp","href":"https:\/\/api.w.org\/{rel}","templated":true}]}}