{"id":10465,"date":"2024-06-24T15:27:00","date_gmt":"2024-06-24T13:27:00","guid":{"rendered":"https:\/\/aquaforest.eu\/products\/unkategorisiert\/icp-test-51\/"},"modified":"2024-09-08T21:34:41","modified_gmt":"2024-09-08T19:34:41","slug":"icp-test-51","status":"publish","type":"product","link":"https:\/\/aquaforest.eu\/de\/produkte\/lab\/icp-tests\/icp-test-51\/","title":{"rendered":"ICP Test 5+1"},"content":{"rendered":"<p>Multipack mit ICP-OES Testr\u00f6hrchen und Codes, mit denen Sie Ihr Wasser 6 Mal testen k\u00f6nnen. Auf der Grundlage unserer langj\u00e4hrigen Erfahrung haben wir die besten Wasserparameter f\u00fcr Meerwasseraquarien entwickelt, die den Tieren ein gesundes Wachstum und eine lebendige F\u00e4rbung erm\u00f6glichen. Es ist ganz einfach! Schicken Sie uns eine Wasserprobe und nach einer gr\u00fcndlichen Analyse sagen wir Ihnen, wie Sie Ihr Aquarium noch sch\u00f6ner machen k\u00f6nnen. Anhand der Ergebnisse des ICP-OES-Tests w\u00e4hlt unser System die Produkte aus, mit deren Erg\u00e4nzung Sie die empfohlenen Werte der Elemente erreichen. Zus\u00e4tzlich zu den Ergebnissen dieses erstaunlich detaillierten Tests erhalten Sie von uns auch einen Vorschlag f\u00fcr eine Erg\u00e4nzungsstrategie. Dank der detaillierten Analyse werden Sie in der Lage sein, optimale Bedingungen f\u00fcr die Entwicklung von Korallen und anderen Meeresorganismen zu schaffen. Denken Sie daran, dass verlangsamtes Wachstum, Algenbl\u00fcten oder eine schw\u00e4chere F\u00e4rbung der Korallen darauf hindeuten, dass im Aquarium etwas Schlimmes passiert.       <\/p>\n","protected":false},"excerpt":{"rendered":"<p>Ein Set mit 5 ICP-Tests zur gr\u00fcndlichen Analyse der Parameter des Meerwassers in Ihrem Aquarium.<br \/>\nEnth\u00e4lt 5 Testr\u00f6hrchen und 5 individuelle Testcodes. <\/p>\n","protected":false},"featured_media":20114,"template":"","meta":{"_acf_changed":false,"content-type":""},"product_brand":[],"product_cat":[1142],"product_tag":[968,1014],"class_list":{"0":"post-10465","1":"product","2":"type-product","3":"status-publish","4":"has-post-thumbnail","6":"product_cat-icp-tests","7":"product_tag-aquaforest-lab-de","8":"product_tag-icp-tests-de","10":"first","11":"instock","12":"taxable","13":"shipping-taxable","14":"purchasable","15":"product-type-simple"},"acf":[],"yoast_head":"<!-- This site is optimized with the Yoast SEO plugin v27.1.1 - https:\/\/yoast.com\/product\/yoast-seo-wordpress\/ -->\n<title>ICP Test 5+1 - Aquaforest<\/title>\n<meta name=\"description\" content=\"ICP Test 5in1: ICP-OES Tests wurden f\u00fcr die pr\u00e4zise Analyse von Meerwasserparametern entwickelt.\" \/>\n<meta name=\"robots\" content=\"index, follow, max-snippet:-1, max-image-preview:large, max-video-preview:-1\" \/>\n<link rel=\"canonical\" href=\"https:\/\/aquaforest.eu\/de\/produkte\/lab\/icp-tests\/icp-test-51\/\" \/>\n<meta property=\"og:locale\" content=\"de_DE\" \/>\n<meta property=\"og:type\" content=\"article\" \/>\n<meta property=\"og:title\" content=\"ICP Test 5+1 - Aquaforest\" \/>\n<meta property=\"og:description\" content=\"ICP Test 5in1: ICP-OES Tests wurden f\u00fcr die pr\u00e4zise Analyse von Meerwasserparametern entwickelt.\" \/>\n<meta property=\"og:url\" content=\"https:\/\/aquaforest.eu\/de\/produkte\/lab\/icp-tests\/icp-test-51\/\" \/>\n<meta property=\"og:site_name\" content=\"Aquaforest\" \/>\n<meta property=\"article:publisher\" content=\"https:\/\/www.facebook.com\/Aquaforest\/\" \/>\n<meta property=\"article:modified_time\" content=\"2024-09-08T19:34:41+00:00\" \/>\n<meta property=\"og:image\" content=\"https:\/\/aquaforest.eu\/wp-content\/uploads\/2024\/06\/ICP-multipack-no3-e1737373816639.png\" \/>\n\t<meta property=\"og:image:width\" content=\"1800\" \/>\n\t<meta property=\"og:image:height\" content=\"1800\" \/>\n\t<meta property=\"og:image:type\" content=\"image\/png\" \/>\n<meta name=\"twitter:card\" content=\"summary_large_image\" \/>\n<meta name=\"twitter:label1\" content=\"Gesch\u00e4tzte Lesezeit\" \/>\n\t<meta name=\"twitter:data1\" content=\"1\u00a0Minute\" \/>\n<script type=\"application\/ld+json\" class=\"yoast-schema-graph\">{\"@context\":\"https:\/\/schema.org\",\"@graph\":[{\"@type\":\"WebPage\",\"@id\":\"https:\/\/aquaforest.eu\/de\/produkte\/lab\/icp-tests\/icp-test-51\/\",\"url\":\"https:\/\/aquaforest.eu\/de\/produkte\/lab\/icp-tests\/icp-test-51\/\",\"name\":\"ICP Test 5+1 - Aquaforest\",\"isPartOf\":{\"@id\":\"https:\/\/aquaforest.eu\/de\/#website\"},\"primaryImageOfPage\":{\"@id\":\"https:\/\/aquaforest.eu\/de\/produkte\/lab\/icp-tests\/icp-test-51\/#primaryimage\"},\"image\":{\"@id\":\"https:\/\/aquaforest.eu\/de\/produkte\/lab\/icp-tests\/icp-test-51\/#primaryimage\"},\"thumbnailUrl\":\"https:\/\/aquaforest.eu\/wp-content\/uploads\/2024\/06\/ICP-multipack-no3-e1737373816639.png\",\"datePublished\":\"2024-06-24T13:27:00+00:00\",\"dateModified\":\"2024-09-08T19:34:41+00:00\",\"description\":\"ICP Test 5in1: ICP-OES Tests wurden f\u00fcr die pr\u00e4zise Analyse von Meerwasserparametern entwickelt.\",\"breadcrumb\":{\"@id\":\"https:\/\/aquaforest.eu\/de\/produkte\/lab\/icp-tests\/icp-test-51\/#breadcrumb\"},\"inLanguage\":\"de\",\"potentialAction\":[{\"@type\":\"ReadAction\",\"target\":[\"https:\/\/aquaforest.eu\/de\/produkte\/lab\/icp-tests\/icp-test-51\/\"]}]},{\"@type\":\"ImageObject\",\"inLanguage\":\"de\",\"@id\":\"https:\/\/aquaforest.eu\/de\/produkte\/lab\/icp-tests\/icp-test-51\/#primaryimage\",\"url\":\"https:\/\/aquaforest.eu\/wp-content\/uploads\/2024\/06\/ICP-multipack-no3-e1737373816639.png\",\"contentUrl\":\"https:\/\/aquaforest.eu\/wp-content\/uploads\/2024\/06\/ICP-multipack-no3-e1737373816639.png\",\"width\":1800,\"height\":1800},{\"@type\":\"BreadcrumbList\",\"@id\":\"https:\/\/aquaforest.eu\/de\/produkte\/lab\/icp-tests\/icp-test-51\/#breadcrumb\",\"itemListElement\":[{\"@type\":\"ListItem\",\"position\":1,\"name\":\"Home\",\"item\":\"https:\/\/aquaforest.eu\/de\/\"},{\"@type\":\"ListItem\",\"position\":2,\"name\":\"Produkte\",\"item\":\"https:\/\/aquaforest.eu\/de\/produkte\/\"},{\"@type\":\"ListItem\",\"position\":3,\"name\":\"ICP Test 5+1\"}]},{\"@type\":\"WebSite\",\"@id\":\"https:\/\/aquaforest.eu\/de\/#website\",\"url\":\"https:\/\/aquaforest.eu\/de\/\",\"name\":\"Aquaforest\",\"description\":\"\",\"publisher\":{\"@id\":\"https:\/\/aquaforest.eu\/de\/#organization\"},\"potentialAction\":[{\"@type\":\"SearchAction\",\"target\":{\"@type\":\"EntryPoint\",\"urlTemplate\":\"https:\/\/aquaforest.eu\/de\/?s={search_term_string}\"},\"query-input\":{\"@type\":\"PropertyValueSpecification\",\"valueRequired\":true,\"valueName\":\"search_term_string\"}}],\"inLanguage\":\"de\"},{\"@type\":\"Organization\",\"@id\":\"https:\/\/aquaforest.eu\/de\/#organization\",\"name\":\"Aquaforest\",\"url\":\"https:\/\/aquaforest.eu\/de\/\",\"logo\":{\"@type\":\"ImageObject\",\"inLanguage\":\"de\",\"@id\":\"https:\/\/aquaforest.eu\/de\/#\/schema\/logo\/image\/\",\"url\":\"https:\/\/aquaforest.eu\/wp-content\/uploads\/2024\/05\/logotyp-aquaforest.svg\",\"contentUrl\":\"https:\/\/aquaforest.eu\/wp-content\/uploads\/2024\/05\/logotyp-aquaforest.svg\",\"width\":170,\"height\":22,\"caption\":\"Aquaforest\"},\"image\":{\"@id\":\"https:\/\/aquaforest.eu\/de\/#\/schema\/logo\/image\/\"},\"sameAs\":[\"https:\/\/www.facebook.com\/Aquaforest\/\",\"https:\/\/www.instagram.com\/aquaforest.eu\/\"]}]}<\/script>\n<!-- \/ Yoast SEO plugin. -->","yoast_head_json":{"title":"ICP Test 5+1 - Aquaforest","description":"ICP Test 5in1: ICP-OES Tests wurden f\u00fcr die pr\u00e4zise Analyse von Meerwasserparametern entwickelt.","robots":{"index":"index","follow":"follow","max-snippet":"max-snippet:-1","max-image-preview":"max-image-preview:large","max-video-preview":"max-video-preview:-1"},"canonical":"https:\/\/aquaforest.eu\/de\/produkte\/lab\/icp-tests\/icp-test-51\/","og_locale":"de_DE","og_type":"article","og_title":"ICP Test 5+1 - Aquaforest","og_description":"ICP Test 5in1: ICP-OES Tests wurden f\u00fcr die pr\u00e4zise Analyse von Meerwasserparametern entwickelt.","og_url":"https:\/\/aquaforest.eu\/de\/produkte\/lab\/icp-tests\/icp-test-51\/","og_site_name":"Aquaforest","article_publisher":"https:\/\/www.facebook.com\/Aquaforest\/","article_modified_time":"2024-09-08T19:34:41+00:00","og_image":[{"width":1800,"height":1800,"url":"https:\/\/aquaforest.eu\/wp-content\/uploads\/2024\/06\/ICP-multipack-no3-e1737373816639.png","type":"image\/png"}],"twitter_card":"summary_large_image","twitter_misc":{"Gesch\u00e4tzte Lesezeit":"1\u00a0Minute"},"schema":{"@context":"https:\/\/schema.org","@graph":[{"@type":"WebPage","@id":"https:\/\/aquaforest.eu\/de\/produkte\/lab\/icp-tests\/icp-test-51\/","url":"https:\/\/aquaforest.eu\/de\/produkte\/lab\/icp-tests\/icp-test-51\/","name":"ICP Test 5+1 - Aquaforest","isPartOf":{"@id":"https:\/\/aquaforest.eu\/de\/#website"},"primaryImageOfPage":{"@id":"https:\/\/aquaforest.eu\/de\/produkte\/lab\/icp-tests\/icp-test-51\/#primaryimage"},"image":{"@id":"https:\/\/aquaforest.eu\/de\/produkte\/lab\/icp-tests\/icp-test-51\/#primaryimage"},"thumbnailUrl":"https:\/\/aquaforest.eu\/wp-content\/uploads\/2024\/06\/ICP-multipack-no3-e1737373816639.png","datePublished":"2024-06-24T13:27:00+00:00","dateModified":"2024-09-08T19:34:41+00:00","description":"ICP Test 5in1: ICP-OES Tests wurden f\u00fcr die pr\u00e4zise Analyse von Meerwasserparametern entwickelt.","breadcrumb":{"@id":"https:\/\/aquaforest.eu\/de\/produkte\/lab\/icp-tests\/icp-test-51\/#breadcrumb"},"inLanguage":"de","potentialAction":[{"@type":"ReadAction","target":["https:\/\/aquaforest.eu\/de\/produkte\/lab\/icp-tests\/icp-test-51\/"]}]},{"@type":"ImageObject","inLanguage":"de","@id":"https:\/\/aquaforest.eu\/de\/produkte\/lab\/icp-tests\/icp-test-51\/#primaryimage","url":"https:\/\/aquaforest.eu\/wp-content\/uploads\/2024\/06\/ICP-multipack-no3-e1737373816639.png","contentUrl":"https:\/\/aquaforest.eu\/wp-content\/uploads\/2024\/06\/ICP-multipack-no3-e1737373816639.png","width":1800,"height":1800},{"@type":"BreadcrumbList","@id":"https:\/\/aquaforest.eu\/de\/produkte\/lab\/icp-tests\/icp-test-51\/#breadcrumb","itemListElement":[{"@type":"ListItem","position":1,"name":"Home","item":"https:\/\/aquaforest.eu\/de\/"},{"@type":"ListItem","position":2,"name":"Produkte","item":"https:\/\/aquaforest.eu\/de\/produkte\/"},{"@type":"ListItem","position":3,"name":"ICP Test 5+1"}]},{"@type":"WebSite","@id":"https:\/\/aquaforest.eu\/de\/#website","url":"https:\/\/aquaforest.eu\/de\/","name":"Aquaforest","description":"","publisher":{"@id":"https:\/\/aquaforest.eu\/de\/#organization"},"potentialAction":[{"@type":"SearchAction","target":{"@type":"EntryPoint","urlTemplate":"https:\/\/aquaforest.eu\/de\/?s={search_term_string}"},"query-input":{"@type":"PropertyValueSpecification","valueRequired":true,"valueName":"search_term_string"}}],"inLanguage":"de"},{"@type":"Organization","@id":"https:\/\/aquaforest.eu\/de\/#organization","name":"Aquaforest","url":"https:\/\/aquaforest.eu\/de\/","logo":{"@type":"ImageObject","inLanguage":"de","@id":"https:\/\/aquaforest.eu\/de\/#\/schema\/logo\/image\/","url":"https:\/\/aquaforest.eu\/wp-content\/uploads\/2024\/05\/logotyp-aquaforest.svg","contentUrl":"https:\/\/aquaforest.eu\/wp-content\/uploads\/2024\/05\/logotyp-aquaforest.svg","width":170,"height":22,"caption":"Aquaforest"},"image":{"@id":"https:\/\/aquaforest.eu\/de\/#\/schema\/logo\/image\/"},"sameAs":["https:\/\/www.facebook.com\/Aquaforest\/","https:\/\/www.instagram.com\/aquaforest.eu\/"]}]}},"_links":{"self":[{"href":"https:\/\/aquaforest.eu\/de\/wp-json\/wp\/v2\/product\/10465","targetHints":{"allow":["GET"]}}],"collection":[{"href":"https:\/\/aquaforest.eu\/de\/wp-json\/wp\/v2\/product"}],"about":[{"href":"https:\/\/aquaforest.eu\/de\/wp-json\/wp\/v2\/types\/product"}],"version-history":[{"count":0,"href":"https:\/\/aquaforest.eu\/de\/wp-json\/wp\/v2\/product\/10465\/revisions"}],"wp:featuredmedia":[{"embeddable":true,"href":"https:\/\/aquaforest.eu\/de\/wp-json\/wp\/v2\/media\/20114"}],"wp:attachment":[{"href":"https:\/\/aquaforest.eu\/de\/wp-json\/wp\/v2\/media?parent=10465"}],"wp:term":[{"taxonomy":"product_brand","embeddable":true,"href":"https:\/\/aquaforest.eu\/de\/wp-json\/wp\/v2\/product_brand?post=10465"},{"taxonomy":"product_cat","embeddable":true,"href":"https:\/\/aquaforest.eu\/de\/wp-json\/wp\/v2\/product_cat?post=10465"},{"taxonomy":"product_tag","embeddable":true,"href":"https:\/\/aquaforest.eu\/de\/wp-json\/wp\/v2\/product_tag?post=10465"}],"curies":[{"name":"wp","href":"https:\/\/api.w.org\/{rel}","templated":true}]}}