{"id":10468,"date":"2024-06-24T16:24:37","date_gmt":"2024-06-24T14:24:37","guid":{"rendered":"https:\/\/aquaforest.eu\/products\/unkategorisiert\/kh-plus\/"},"modified":"2024-11-21T15:07:06","modified_gmt":"2024-11-21T14:07:06","slug":"kh-plus","status":"publish","type":"product","link":"https:\/\/aquaforest.eu\/de\/produkte\/lab\/makroelemente\/kh-plus\/","title":{"rendered":"Kh Plus"},"content":{"rendered":"<p>Die h\u00f6chstkonzentrierte L\u00f6sung zur Erh\u00f6hung der Karbonath\u00e4rte in Meerwasseraquarien. KH Plus wurde entwickelt, um einen pl\u00f6tzlichen Abfall der Karbonath\u00e4rte aufzufangen und das ionische Gleichgewicht im Aquarium wiederherzustellen. Der richtige Wert an Karbonat-Ionen ist f\u00fcr ein gesundes Korallenwachstum und f\u00fcr den Aufbau von Skeletten notwendig. Durch das Vorhandensein von Karbonat-Ionen ist die Aufrechterhaltung eines stabilen pH-Wertes m\u00f6glich.<\/p>\n<p>&nbsp;<\/p>\n<hr \/>\n<p>&nbsp;<\/p>\n<p><strong>Dosierung<\/strong><\/p>\n<p>10 ml KH Plus L\u00f6sung erh\u00f6ht die Karbonath\u00e4rte um 0,5 dKH in 100 l (27 US gal) Wasser. Die maximale Tagesdosis betr\u00e4gt 10 ml f\u00fcr 100 l (27 US gal) Wasser. Die Karbonath\u00e4rte in einem Riffaquarium sollte etwa 6,5 &#8211; 8,5 dKH betragen. Erh\u00f6hen Sie die dKH nicht mehr als 0,5 dKH pro 24 Stunden. Bitte vergewissern Sie sich, dass Ihr Magnesiumspiegel innerhalb des empfohlenen Bereichs liegt, bevor Sie versuchen, Ihren Kalzium- und Alkalinit\u00e4tsspiegel zu erh\u00f6hen oder anzupassen. Bitte denken Sie daran, dass die maximale sichere Tagesdosis 10 ml pro 100 Liter Wasser betr\u00e4gt. Wenn Sie eine h\u00f6here Dosis ben\u00f6tigen, teilen Sie diese auf mehrere Tage auf.<\/p>\n","protected":false},"excerpt":{"rendered":"<p>Ein Mittel zur Erh\u00f6hung des KH-Gehalts.<br \/>\nEntwickelt f\u00fcr die Bew\u00e4ltigung von Engp\u00e4ssen und pl\u00f6tzlichem Abfall der Alkalinit\u00e4t.<\/p>\n","protected":false},"featured_media":29893,"template":"","meta":{"_acf_changed":false,"content-type":""},"product_brand":[],"product_cat":[1146],"product_tag":[968,1124,1417],"class_list":{"0":"post-10468","1":"product","2":"type-product","3":"status-publish","4":"has-post-thumbnail","6":"product_cat-makroelemente","7":"product_tag-aquaforest-lab-de","8":"product_tag-makroelemente","9":"product_tag-variable-de","11":"first","12":"instock","13":"taxable","14":"shipping-taxable","15":"purchasable","16":"product-type-variable","17":"has-default-attributes"},"acf":[],"yoast_head":"<!-- This site is optimized with the Yoast SEO plugin v27.1.1 - https:\/\/yoast.com\/product\/yoast-seo-wordpress\/ -->\n<title>Kh Plus - Aquaforest<\/title>\n<meta name=\"description\" content=\"KH Plus von Aquaforest: ein Pr\u00e4parat zur Erh\u00f6hung der Karbonath\u00e4rte im Aquarium, das die pH-Stabilisierung und die gesunde Entwicklung der Korallen unterst\u00fctzt.\" \/>\n<meta name=\"robots\" content=\"index, follow, max-snippet:-1, max-image-preview:large, max-video-preview:-1\" \/>\n<link rel=\"canonical\" href=\"https:\/\/aquaforest.eu\/de\/produkte\/lab\/makroelemente\/kh-plus\/\" \/>\n<meta property=\"og:locale\" content=\"de_DE\" \/>\n<meta property=\"og:type\" content=\"article\" \/>\n<meta property=\"og:title\" content=\"Kh Plus - Aquaforest\" \/>\n<meta property=\"og:description\" content=\"KH Plus von Aquaforest: ein Pr\u00e4parat zur Erh\u00f6hung der Karbonath\u00e4rte im Aquarium, das die pH-Stabilisierung und die gesunde Entwicklung der Korallen unterst\u00fctzt.\" \/>\n<meta property=\"og:url\" content=\"https:\/\/aquaforest.eu\/de\/produkte\/lab\/makroelemente\/kh-plus\/\" \/>\n<meta property=\"og:site_name\" content=\"Aquaforest\" \/>\n<meta property=\"article:publisher\" content=\"https:\/\/www.facebook.com\/Aquaforest\/\" \/>\n<meta property=\"article:modified_time\" content=\"2024-11-21T14:07:06+00:00\" \/>\n<meta property=\"og:image\" content=\"https:\/\/aquaforest.eu\/wp-content\/uploads\/2024\/06\/AF_Lab_KH-Plus-1000-ml.png\" \/>\n\t<meta property=\"og:image:width\" content=\"236\" \/>\n\t<meta property=\"og:image:height\" content=\"600\" \/>\n\t<meta property=\"og:image:type\" content=\"image\/png\" \/>\n<meta name=\"twitter:card\" content=\"summary_large_image\" \/>\n<meta name=\"twitter:label1\" content=\"Gesch\u00e4tzte Lesezeit\" \/>\n\t<meta name=\"twitter:data1\" content=\"1\u00a0Minute\" \/>\n<script type=\"application\/ld+json\" class=\"yoast-schema-graph\">{\"@context\":\"https:\/\/schema.org\",\"@graph\":[{\"@type\":\"WebPage\",\"@id\":\"https:\/\/aquaforest.eu\/de\/produkte\/lab\/makroelemente\/kh-plus\/\",\"url\":\"https:\/\/aquaforest.eu\/de\/produkte\/lab\/makroelemente\/kh-plus\/\",\"name\":\"Kh Plus - Aquaforest\",\"isPartOf\":{\"@id\":\"https:\/\/aquaforest.eu\/de\/#website\"},\"primaryImageOfPage\":{\"@id\":\"https:\/\/aquaforest.eu\/de\/produkte\/lab\/makroelemente\/kh-plus\/#primaryimage\"},\"image\":{\"@id\":\"https:\/\/aquaforest.eu\/de\/produkte\/lab\/makroelemente\/kh-plus\/#primaryimage\"},\"thumbnailUrl\":\"https:\/\/aquaforest.eu\/wp-content\/uploads\/2024\/06\/kh-plus-1000.png\",\"datePublished\":\"2024-06-24T14:24:37+00:00\",\"dateModified\":\"2024-11-21T14:07:06+00:00\",\"description\":\"KH Plus von Aquaforest: ein Pr\u00e4parat zur Erh\u00f6hung der Karbonath\u00e4rte im Aquarium, das die pH-Stabilisierung und die gesunde Entwicklung der Korallen unterst\u00fctzt.\",\"breadcrumb\":{\"@id\":\"https:\/\/aquaforest.eu\/de\/produkte\/lab\/makroelemente\/kh-plus\/#breadcrumb\"},\"inLanguage\":\"de\",\"potentialAction\":[{\"@type\":\"ReadAction\",\"target\":[\"https:\/\/aquaforest.eu\/de\/produkte\/lab\/makroelemente\/kh-plus\/\"]}]},{\"@type\":\"ImageObject\",\"inLanguage\":\"de\",\"@id\":\"https:\/\/aquaforest.eu\/de\/produkte\/lab\/makroelemente\/kh-plus\/#primaryimage\",\"url\":\"https:\/\/aquaforest.eu\/wp-content\/uploads\/2024\/06\/kh-plus-1000.png\",\"contentUrl\":\"https:\/\/aquaforest.eu\/wp-content\/uploads\/2024\/06\/kh-plus-1000.png\",\"width\":519,\"height\":600},{\"@type\":\"BreadcrumbList\",\"@id\":\"https:\/\/aquaforest.eu\/de\/produkte\/lab\/makroelemente\/kh-plus\/#breadcrumb\",\"itemListElement\":[{\"@type\":\"ListItem\",\"position\":1,\"name\":\"Home\",\"item\":\"https:\/\/aquaforest.eu\/de\/\"},{\"@type\":\"ListItem\",\"position\":2,\"name\":\"Produkte\",\"item\":\"https:\/\/aquaforest.eu\/de\/produkte\/\"},{\"@type\":\"ListItem\",\"position\":3,\"name\":\"Kh Plus\"}]},{\"@type\":\"WebSite\",\"@id\":\"https:\/\/aquaforest.eu\/de\/#website\",\"url\":\"https:\/\/aquaforest.eu\/de\/\",\"name\":\"Aquaforest\",\"description\":\"\",\"publisher\":{\"@id\":\"https:\/\/aquaforest.eu\/de\/#organization\"},\"potentialAction\":[{\"@type\":\"SearchAction\",\"target\":{\"@type\":\"EntryPoint\",\"urlTemplate\":\"https:\/\/aquaforest.eu\/de\/?s={search_term_string}\"},\"query-input\":{\"@type\":\"PropertyValueSpecification\",\"valueRequired\":true,\"valueName\":\"search_term_string\"}}],\"inLanguage\":\"de\"},{\"@type\":\"Organization\",\"@id\":\"https:\/\/aquaforest.eu\/de\/#organization\",\"name\":\"Aquaforest\",\"url\":\"https:\/\/aquaforest.eu\/de\/\",\"logo\":{\"@type\":\"ImageObject\",\"inLanguage\":\"de\",\"@id\":\"https:\/\/aquaforest.eu\/de\/#\/schema\/logo\/image\/\",\"url\":\"https:\/\/aquaforest.eu\/wp-content\/uploads\/2024\/05\/logotyp-aquaforest.svg\",\"contentUrl\":\"https:\/\/aquaforest.eu\/wp-content\/uploads\/2024\/05\/logotyp-aquaforest.svg\",\"width\":170,\"height\":22,\"caption\":\"Aquaforest\"},\"image\":{\"@id\":\"https:\/\/aquaforest.eu\/de\/#\/schema\/logo\/image\/\"},\"sameAs\":[\"https:\/\/www.facebook.com\/Aquaforest\/\",\"https:\/\/www.instagram.com\/aquaforest.eu\/\"]}]}<\/script>\n<!-- \/ Yoast SEO plugin. -->","yoast_head_json":{"title":"Kh Plus - Aquaforest","description":"KH Plus von Aquaforest: ein Pr\u00e4parat zur Erh\u00f6hung der Karbonath\u00e4rte im Aquarium, das die pH-Stabilisierung und die gesunde Entwicklung der Korallen unterst\u00fctzt.","robots":{"index":"index","follow":"follow","max-snippet":"max-snippet:-1","max-image-preview":"max-image-preview:large","max-video-preview":"max-video-preview:-1"},"canonical":"https:\/\/aquaforest.eu\/de\/produkte\/lab\/makroelemente\/kh-plus\/","og_locale":"de_DE","og_type":"article","og_title":"Kh Plus - Aquaforest","og_description":"KH Plus von Aquaforest: ein Pr\u00e4parat zur Erh\u00f6hung der Karbonath\u00e4rte im Aquarium, das die pH-Stabilisierung und die gesunde Entwicklung der Korallen unterst\u00fctzt.","og_url":"https:\/\/aquaforest.eu\/de\/produkte\/lab\/makroelemente\/kh-plus\/","og_site_name":"Aquaforest","article_publisher":"https:\/\/www.facebook.com\/Aquaforest\/","article_modified_time":"2024-11-21T14:07:06+00:00","og_image":[{"width":236,"height":600,"url":"https:\/\/aquaforest.eu\/wp-content\/uploads\/2024\/06\/AF_Lab_KH-Plus-1000-ml.png","type":"image\/png"}],"twitter_card":"summary_large_image","twitter_misc":{"Gesch\u00e4tzte Lesezeit":"1\u00a0Minute"},"schema":{"@context":"https:\/\/schema.org","@graph":[{"@type":"WebPage","@id":"https:\/\/aquaforest.eu\/de\/produkte\/lab\/makroelemente\/kh-plus\/","url":"https:\/\/aquaforest.eu\/de\/produkte\/lab\/makroelemente\/kh-plus\/","name":"Kh Plus - Aquaforest","isPartOf":{"@id":"https:\/\/aquaforest.eu\/de\/#website"},"primaryImageOfPage":{"@id":"https:\/\/aquaforest.eu\/de\/produkte\/lab\/makroelemente\/kh-plus\/#primaryimage"},"image":{"@id":"https:\/\/aquaforest.eu\/de\/produkte\/lab\/makroelemente\/kh-plus\/#primaryimage"},"thumbnailUrl":"https:\/\/aquaforest.eu\/wp-content\/uploads\/2024\/06\/kh-plus-1000.png","datePublished":"2024-06-24T14:24:37+00:00","dateModified":"2024-11-21T14:07:06+00:00","description":"KH Plus von Aquaforest: ein Pr\u00e4parat zur Erh\u00f6hung der Karbonath\u00e4rte im Aquarium, das die pH-Stabilisierung und die gesunde Entwicklung der Korallen unterst\u00fctzt.","breadcrumb":{"@id":"https:\/\/aquaforest.eu\/de\/produkte\/lab\/makroelemente\/kh-plus\/#breadcrumb"},"inLanguage":"de","potentialAction":[{"@type":"ReadAction","target":["https:\/\/aquaforest.eu\/de\/produkte\/lab\/makroelemente\/kh-plus\/"]}]},{"@type":"ImageObject","inLanguage":"de","@id":"https:\/\/aquaforest.eu\/de\/produkte\/lab\/makroelemente\/kh-plus\/#primaryimage","url":"https:\/\/aquaforest.eu\/wp-content\/uploads\/2024\/06\/kh-plus-1000.png","contentUrl":"https:\/\/aquaforest.eu\/wp-content\/uploads\/2024\/06\/kh-plus-1000.png","width":519,"height":600},{"@type":"BreadcrumbList","@id":"https:\/\/aquaforest.eu\/de\/produkte\/lab\/makroelemente\/kh-plus\/#breadcrumb","itemListElement":[{"@type":"ListItem","position":1,"name":"Home","item":"https:\/\/aquaforest.eu\/de\/"},{"@type":"ListItem","position":2,"name":"Produkte","item":"https:\/\/aquaforest.eu\/de\/produkte\/"},{"@type":"ListItem","position":3,"name":"Kh Plus"}]},{"@type":"WebSite","@id":"https:\/\/aquaforest.eu\/de\/#website","url":"https:\/\/aquaforest.eu\/de\/","name":"Aquaforest","description":"","publisher":{"@id":"https:\/\/aquaforest.eu\/de\/#organization"},"potentialAction":[{"@type":"SearchAction","target":{"@type":"EntryPoint","urlTemplate":"https:\/\/aquaforest.eu\/de\/?s={search_term_string}"},"query-input":{"@type":"PropertyValueSpecification","valueRequired":true,"valueName":"search_term_string"}}],"inLanguage":"de"},{"@type":"Organization","@id":"https:\/\/aquaforest.eu\/de\/#organization","name":"Aquaforest","url":"https:\/\/aquaforest.eu\/de\/","logo":{"@type":"ImageObject","inLanguage":"de","@id":"https:\/\/aquaforest.eu\/de\/#\/schema\/logo\/image\/","url":"https:\/\/aquaforest.eu\/wp-content\/uploads\/2024\/05\/logotyp-aquaforest.svg","contentUrl":"https:\/\/aquaforest.eu\/wp-content\/uploads\/2024\/05\/logotyp-aquaforest.svg","width":170,"height":22,"caption":"Aquaforest"},"image":{"@id":"https:\/\/aquaforest.eu\/de\/#\/schema\/logo\/image\/"},"sameAs":["https:\/\/www.facebook.com\/Aquaforest\/","https:\/\/www.instagram.com\/aquaforest.eu\/"]}]}},"_links":{"self":[{"href":"https:\/\/aquaforest.eu\/de\/wp-json\/wp\/v2\/product\/10468","targetHints":{"allow":["GET"]}}],"collection":[{"href":"https:\/\/aquaforest.eu\/de\/wp-json\/wp\/v2\/product"}],"about":[{"href":"https:\/\/aquaforest.eu\/de\/wp-json\/wp\/v2\/types\/product"}],"version-history":[{"count":0,"href":"https:\/\/aquaforest.eu\/de\/wp-json\/wp\/v2\/product\/10468\/revisions"}],"wp:featuredmedia":[{"embeddable":true,"href":"https:\/\/aquaforest.eu\/de\/wp-json\/wp\/v2\/media\/29893"}],"wp:attachment":[{"href":"https:\/\/aquaforest.eu\/de\/wp-json\/wp\/v2\/media?parent=10468"}],"wp:term":[{"taxonomy":"product_brand","embeddable":true,"href":"https:\/\/aquaforest.eu\/de\/wp-json\/wp\/v2\/product_brand?post=10468"},{"taxonomy":"product_cat","embeddable":true,"href":"https:\/\/aquaforest.eu\/de\/wp-json\/wp\/v2\/product_cat?post=10468"},{"taxonomy":"product_tag","embeddable":true,"href":"https:\/\/aquaforest.eu\/de\/wp-json\/wp\/v2\/product_tag?post=10468"}],"curies":[{"name":"wp","href":"https:\/\/api.w.org\/{rel}","templated":true}]}}