{"id":10471,"date":"2024-06-24T16:43:11","date_gmt":"2024-06-24T14:43:11","guid":{"rendered":"https:\/\/aquaforest.eu\/products\/unkategorisiert\/strontium\/"},"modified":"2024-11-25T08:40:52","modified_gmt":"2024-11-25T07:40:52","slug":"strontium","status":"publish","type":"product","link":"https:\/\/aquaforest.eu\/de\/produkte\/lab\/mikroelemente\/strontium\/","title":{"rendered":"Strontium"},"content":{"rendered":"<p>Nahrungserg\u00e4nzungsmittel mit hochkonzentriertem Strontium. Strontium ist nach Kalzium und Magnesium eines der wichtigsten Elemente, die f\u00fcr das Wachstum von Steinkorallen ben\u00f6tigt werden. Strontium unterst\u00fctzt die Bildung des Skelettgewebes von Steinkorallen und verbessert die Kalziumaufnahme erheblich. Es unterst\u00fctzt auch das Wachstum von Weichkorallen. In einem geschlossenen Aquariensystem entfernen Absch\u00e4umer und Filtermedien Strontiumablagerungen aus dem Wasser, daher ist seine Erg\u00e4nzung notwendig. Um sicherzustellen, dass die Bedingungen im Aquarium den nat\u00fcrlichen Bedingungen so nahe wie m\u00f6glich kommen, wurde das Pr\u00e4parat mit Barium angereichert, das auch im Meerwasser vorhanden und von Bedeutung ist. Dank der angemessenen Proportionen erg\u00e4nzt Strontium wirksam den Strontiumbedarf im Aquarienwasser.<\/p>\n<p>&nbsp;<\/p>\n<hr \/>\n<p>&nbsp;<\/p>\n<p><strong>Eine Dosierung<\/strong><\/p>\n<p>von 10 ml des Produkts erh\u00f6ht den Strontiumgehalt um 1 mg\/l (ppm) in 100 Litern (27 US gal) Wasser. Empfohlener Wert: 6,00 &#8211; 10,00 mg\/l (ppm). Empfohlene Dosierung: 0,5 ml\/100 l (27 US gal) Wasser t\u00e4glich. Bitte beachten Sie, dass die maximale sichere Tagesdosis 10 ml pro 100 Liter Wasser betr\u00e4gt. Wenn Sie eine h\u00f6here Dosis ben\u00f6tigen, teilen Sie diese auf mehrere Tage auf. Beachten Sie, dass jedes Aquarium anders ist und die endg\u00fcltige Dosierung von der Korallenbesetzung und den individuellen Bed\u00fcrfnissen des Aquariums abh\u00e4ngt. Sowohl ein Mangel als auch ein \u00dcberschuss an Mikron\u00e4hrstoffen wirkt sich auf die Aquarienbewohner aus. Daher sollte die Dosierung auf der Grundlage regelm\u00e4\u00dfiger Wassertests im Aquaforest-Labor ausgew\u00e4hlt und angepasst werden.<\/p>\n","protected":false},"excerpt":{"rendered":"<p>Zusatz von Strontium, einem der wichtigsten Elemente, die f\u00fcr das Wachstum von Steinkorallen ben\u00f6tigt werden.<br \/>\nVerbessert die Kalziumaufnahme.<\/p>\n","protected":false},"featured_media":13847,"template":"","meta":{"_acf_changed":false,"content-type":""},"product_brand":[],"product_cat":[1144],"product_tag":[968,1126],"class_list":{"0":"post-10471","1":"product","2":"type-product","3":"status-publish","4":"has-post-thumbnail","6":"product_cat-mikroelemente","7":"product_tag-aquaforest-lab-de","8":"product_tag-spurenelemente","10":"first","11":"instock","12":"taxable","13":"shipping-taxable","14":"purchasable","15":"product-type-simple"},"acf":[],"yoast_head":"<!-- This site is optimized with the Yoast SEO plugin v27.1.1 - https:\/\/yoast.com\/product\/yoast-seo-wordpress\/ -->\n<title>Strontium - Aquaforest<\/title>\n<meta name=\"description\" content=\"Strontium: Pr\u00e4ziser Strontiumzusatz zur Stabilisierung und Unterst\u00fctzung des Korallenwachstums. Einzigartige Formel f\u00fcr die Gesundheit und \u00c4sthetik des Aquariums.\" \/>\n<meta name=\"robots\" content=\"index, follow, max-snippet:-1, max-image-preview:large, max-video-preview:-1\" \/>\n<link rel=\"canonical\" href=\"https:\/\/aquaforest.eu\/de\/produkte\/lab\/mikroelemente\/strontium\/\" \/>\n<meta property=\"og:locale\" content=\"de_DE\" \/>\n<meta property=\"og:type\" content=\"article\" \/>\n<meta property=\"og:title\" content=\"Strontium - Aquaforest\" \/>\n<meta property=\"og:description\" content=\"Strontium: Pr\u00e4ziser Strontiumzusatz zur Stabilisierung und Unterst\u00fctzung des Korallenwachstums. Einzigartige Formel f\u00fcr die Gesundheit und \u00c4sthetik des Aquariums.\" \/>\n<meta property=\"og:url\" content=\"https:\/\/aquaforest.eu\/de\/produkte\/lab\/mikroelemente\/strontium\/\" \/>\n<meta property=\"og:site_name\" content=\"Aquaforest\" \/>\n<meta property=\"article:publisher\" content=\"https:\/\/www.facebook.com\/Aquaforest\/\" \/>\n<meta property=\"article:modified_time\" content=\"2024-11-25T07:40:52+00:00\" \/>\n<meta property=\"og:image\" content=\"https:\/\/aquaforest.eu\/wp-content\/uploads\/2024\/06\/AF_Lab_Strontium-1000-ml.png\" \/>\n\t<meta property=\"og:image:width\" content=\"236\" \/>\n\t<meta property=\"og:image:height\" content=\"600\" \/>\n\t<meta property=\"og:image:type\" content=\"image\/png\" \/>\n<meta name=\"twitter:card\" content=\"summary_large_image\" \/>\n<meta name=\"twitter:label1\" content=\"Gesch\u00e4tzte Lesezeit\" \/>\n\t<meta name=\"twitter:data1\" content=\"2\u00a0Minuten\" \/>\n<script type=\"application\/ld+json\" class=\"yoast-schema-graph\">{\"@context\":\"https:\/\/schema.org\",\"@graph\":[{\"@type\":\"WebPage\",\"@id\":\"https:\/\/aquaforest.eu\/de\/produkte\/lab\/mikroelemente\/strontium\/\",\"url\":\"https:\/\/aquaforest.eu\/de\/produkte\/lab\/mikroelemente\/strontium\/\",\"name\":\"Strontium - Aquaforest\",\"isPartOf\":{\"@id\":\"https:\/\/aquaforest.eu\/de\/#website\"},\"primaryImageOfPage\":{\"@id\":\"https:\/\/aquaforest.eu\/de\/produkte\/lab\/mikroelemente\/strontium\/#primaryimage\"},\"image\":{\"@id\":\"https:\/\/aquaforest.eu\/de\/produkte\/lab\/mikroelemente\/strontium\/#primaryimage\"},\"thumbnailUrl\":\"https:\/\/aquaforest.eu\/wp-content\/uploads\/2024\/06\/AF_Lab_Strontium-1000-ml.png\",\"datePublished\":\"2024-06-24T14:43:11+00:00\",\"dateModified\":\"2024-11-25T07:40:52+00:00\",\"description\":\"Strontium: Pr\u00e4ziser Strontiumzusatz zur Stabilisierung und Unterst\u00fctzung des Korallenwachstums. Einzigartige Formel f\u00fcr die Gesundheit und \u00c4sthetik des Aquariums.\",\"breadcrumb\":{\"@id\":\"https:\/\/aquaforest.eu\/de\/produkte\/lab\/mikroelemente\/strontium\/#breadcrumb\"},\"inLanguage\":\"de\",\"potentialAction\":[{\"@type\":\"ReadAction\",\"target\":[\"https:\/\/aquaforest.eu\/de\/produkte\/lab\/mikroelemente\/strontium\/\"]}]},{\"@type\":\"ImageObject\",\"inLanguage\":\"de\",\"@id\":\"https:\/\/aquaforest.eu\/de\/produkte\/lab\/mikroelemente\/strontium\/#primaryimage\",\"url\":\"https:\/\/aquaforest.eu\/wp-content\/uploads\/2024\/06\/AF_Lab_Strontium-1000-ml.png\",\"contentUrl\":\"https:\/\/aquaforest.eu\/wp-content\/uploads\/2024\/06\/AF_Lab_Strontium-1000-ml.png\",\"width\":236,\"height\":600},{\"@type\":\"BreadcrumbList\",\"@id\":\"https:\/\/aquaforest.eu\/de\/produkte\/lab\/mikroelemente\/strontium\/#breadcrumb\",\"itemListElement\":[{\"@type\":\"ListItem\",\"position\":1,\"name\":\"Home\",\"item\":\"https:\/\/aquaforest.eu\/de\/\"},{\"@type\":\"ListItem\",\"position\":2,\"name\":\"Produkte\",\"item\":\"https:\/\/aquaforest.eu\/de\/produkte\/\"},{\"@type\":\"ListItem\",\"position\":3,\"name\":\"Strontium\"}]},{\"@type\":\"WebSite\",\"@id\":\"https:\/\/aquaforest.eu\/de\/#website\",\"url\":\"https:\/\/aquaforest.eu\/de\/\",\"name\":\"Aquaforest\",\"description\":\"\",\"publisher\":{\"@id\":\"https:\/\/aquaforest.eu\/de\/#organization\"},\"potentialAction\":[{\"@type\":\"SearchAction\",\"target\":{\"@type\":\"EntryPoint\",\"urlTemplate\":\"https:\/\/aquaforest.eu\/de\/?s={search_term_string}\"},\"query-input\":{\"@type\":\"PropertyValueSpecification\",\"valueRequired\":true,\"valueName\":\"search_term_string\"}}],\"inLanguage\":\"de\"},{\"@type\":\"Organization\",\"@id\":\"https:\/\/aquaforest.eu\/de\/#organization\",\"name\":\"Aquaforest\",\"url\":\"https:\/\/aquaforest.eu\/de\/\",\"logo\":{\"@type\":\"ImageObject\",\"inLanguage\":\"de\",\"@id\":\"https:\/\/aquaforest.eu\/de\/#\/schema\/logo\/image\/\",\"url\":\"https:\/\/aquaforest.eu\/wp-content\/uploads\/2024\/05\/logotyp-aquaforest.svg\",\"contentUrl\":\"https:\/\/aquaforest.eu\/wp-content\/uploads\/2024\/05\/logotyp-aquaforest.svg\",\"width\":170,\"height\":22,\"caption\":\"Aquaforest\"},\"image\":{\"@id\":\"https:\/\/aquaforest.eu\/de\/#\/schema\/logo\/image\/\"},\"sameAs\":[\"https:\/\/www.facebook.com\/Aquaforest\/\",\"https:\/\/www.instagram.com\/aquaforest.eu\/\"]}]}<\/script>\n<!-- \/ Yoast SEO plugin. -->","yoast_head_json":{"title":"Strontium - Aquaforest","description":"Strontium: Pr\u00e4ziser Strontiumzusatz zur Stabilisierung und Unterst\u00fctzung des Korallenwachstums. Einzigartige Formel f\u00fcr die Gesundheit und \u00c4sthetik des Aquariums.","robots":{"index":"index","follow":"follow","max-snippet":"max-snippet:-1","max-image-preview":"max-image-preview:large","max-video-preview":"max-video-preview:-1"},"canonical":"https:\/\/aquaforest.eu\/de\/produkte\/lab\/mikroelemente\/strontium\/","og_locale":"de_DE","og_type":"article","og_title":"Strontium - Aquaforest","og_description":"Strontium: Pr\u00e4ziser Strontiumzusatz zur Stabilisierung und Unterst\u00fctzung des Korallenwachstums. Einzigartige Formel f\u00fcr die Gesundheit und \u00c4sthetik des Aquariums.","og_url":"https:\/\/aquaforest.eu\/de\/produkte\/lab\/mikroelemente\/strontium\/","og_site_name":"Aquaforest","article_publisher":"https:\/\/www.facebook.com\/Aquaforest\/","article_modified_time":"2024-11-25T07:40:52+00:00","og_image":[{"width":236,"height":600,"url":"https:\/\/aquaforest.eu\/wp-content\/uploads\/2024\/06\/AF_Lab_Strontium-1000-ml.png","type":"image\/png"}],"twitter_card":"summary_large_image","twitter_misc":{"Gesch\u00e4tzte Lesezeit":"2\u00a0Minuten"},"schema":{"@context":"https:\/\/schema.org","@graph":[{"@type":"WebPage","@id":"https:\/\/aquaforest.eu\/de\/produkte\/lab\/mikroelemente\/strontium\/","url":"https:\/\/aquaforest.eu\/de\/produkte\/lab\/mikroelemente\/strontium\/","name":"Strontium - Aquaforest","isPartOf":{"@id":"https:\/\/aquaforest.eu\/de\/#website"},"primaryImageOfPage":{"@id":"https:\/\/aquaforest.eu\/de\/produkte\/lab\/mikroelemente\/strontium\/#primaryimage"},"image":{"@id":"https:\/\/aquaforest.eu\/de\/produkte\/lab\/mikroelemente\/strontium\/#primaryimage"},"thumbnailUrl":"https:\/\/aquaforest.eu\/wp-content\/uploads\/2024\/06\/AF_Lab_Strontium-1000-ml.png","datePublished":"2024-06-24T14:43:11+00:00","dateModified":"2024-11-25T07:40:52+00:00","description":"Strontium: Pr\u00e4ziser Strontiumzusatz zur Stabilisierung und Unterst\u00fctzung des Korallenwachstums. Einzigartige Formel f\u00fcr die Gesundheit und \u00c4sthetik des Aquariums.","breadcrumb":{"@id":"https:\/\/aquaforest.eu\/de\/produkte\/lab\/mikroelemente\/strontium\/#breadcrumb"},"inLanguage":"de","potentialAction":[{"@type":"ReadAction","target":["https:\/\/aquaforest.eu\/de\/produkte\/lab\/mikroelemente\/strontium\/"]}]},{"@type":"ImageObject","inLanguage":"de","@id":"https:\/\/aquaforest.eu\/de\/produkte\/lab\/mikroelemente\/strontium\/#primaryimage","url":"https:\/\/aquaforest.eu\/wp-content\/uploads\/2024\/06\/AF_Lab_Strontium-1000-ml.png","contentUrl":"https:\/\/aquaforest.eu\/wp-content\/uploads\/2024\/06\/AF_Lab_Strontium-1000-ml.png","width":236,"height":600},{"@type":"BreadcrumbList","@id":"https:\/\/aquaforest.eu\/de\/produkte\/lab\/mikroelemente\/strontium\/#breadcrumb","itemListElement":[{"@type":"ListItem","position":1,"name":"Home","item":"https:\/\/aquaforest.eu\/de\/"},{"@type":"ListItem","position":2,"name":"Produkte","item":"https:\/\/aquaforest.eu\/de\/produkte\/"},{"@type":"ListItem","position":3,"name":"Strontium"}]},{"@type":"WebSite","@id":"https:\/\/aquaforest.eu\/de\/#website","url":"https:\/\/aquaforest.eu\/de\/","name":"Aquaforest","description":"","publisher":{"@id":"https:\/\/aquaforest.eu\/de\/#organization"},"potentialAction":[{"@type":"SearchAction","target":{"@type":"EntryPoint","urlTemplate":"https:\/\/aquaforest.eu\/de\/?s={search_term_string}"},"query-input":{"@type":"PropertyValueSpecification","valueRequired":true,"valueName":"search_term_string"}}],"inLanguage":"de"},{"@type":"Organization","@id":"https:\/\/aquaforest.eu\/de\/#organization","name":"Aquaforest","url":"https:\/\/aquaforest.eu\/de\/","logo":{"@type":"ImageObject","inLanguage":"de","@id":"https:\/\/aquaforest.eu\/de\/#\/schema\/logo\/image\/","url":"https:\/\/aquaforest.eu\/wp-content\/uploads\/2024\/05\/logotyp-aquaforest.svg","contentUrl":"https:\/\/aquaforest.eu\/wp-content\/uploads\/2024\/05\/logotyp-aquaforest.svg","width":170,"height":22,"caption":"Aquaforest"},"image":{"@id":"https:\/\/aquaforest.eu\/de\/#\/schema\/logo\/image\/"},"sameAs":["https:\/\/www.facebook.com\/Aquaforest\/","https:\/\/www.instagram.com\/aquaforest.eu\/"]}]}},"_links":{"self":[{"href":"https:\/\/aquaforest.eu\/de\/wp-json\/wp\/v2\/product\/10471","targetHints":{"allow":["GET"]}}],"collection":[{"href":"https:\/\/aquaforest.eu\/de\/wp-json\/wp\/v2\/product"}],"about":[{"href":"https:\/\/aquaforest.eu\/de\/wp-json\/wp\/v2\/types\/product"}],"version-history":[{"count":0,"href":"https:\/\/aquaforest.eu\/de\/wp-json\/wp\/v2\/product\/10471\/revisions"}],"wp:featuredmedia":[{"embeddable":true,"href":"https:\/\/aquaforest.eu\/de\/wp-json\/wp\/v2\/media\/13847"}],"wp:attachment":[{"href":"https:\/\/aquaforest.eu\/de\/wp-json\/wp\/v2\/media?parent=10471"}],"wp:term":[{"taxonomy":"product_brand","embeddable":true,"href":"https:\/\/aquaforest.eu\/de\/wp-json\/wp\/v2\/product_brand?post=10471"},{"taxonomy":"product_cat","embeddable":true,"href":"https:\/\/aquaforest.eu\/de\/wp-json\/wp\/v2\/product_cat?post=10471"},{"taxonomy":"product_tag","embeddable":true,"href":"https:\/\/aquaforest.eu\/de\/wp-json\/wp\/v2\/product_tag?post=10471"}],"curies":[{"name":"wp","href":"https:\/\/api.w.org\/{rel}","templated":true}]}}