{"id":11051,"date":"2024-06-27T03:24:54","date_gmt":"2024-06-27T01:24:54","guid":{"rendered":"https:\/\/aquaforest.eu\/products\/unkategorisiert\/np-pro\/"},"modified":"2025-02-10T13:03:45","modified_gmt":"2025-02-10T12:03:45","slug":"np-pro","status":"publish","type":"product","link":"https:\/\/aquaforest.eu\/de\/produkte\/seawater\/probiotische-methode\/np-pro\/","title":{"rendered":"-NP Pro"},"content":{"rendered":"<h3 data-fontsize=\"22\" data-lineheight=\"27.5px\">Probiotisches Medium f\u00fcr Korallenaquarien<\/h3>\n<p>-NP Pro ist ein Medium f\u00fcr probiotische Bakterien, das f\u00fcr Riffaquarien entwickelt wurde (Pro Bio S). Das Produkt enth\u00e4lt biologisch abbaubare fl\u00fcssige Polymere, die eine ausgezeichnete Kohlenstoffquelle f\u00fcr probiotische Bakterien sind. -NP Pro wirkt sich positiv auf die organische Massenverteilung aus und reduziert unerw\u00fcnschtes NO3 und PO4 im Aquarienwasser. Im Gegensatz zu typischen Polymeren erfordert -NP Pro als einzige auf dem Markt erh\u00e4ltliche Formulierung nicht die Verwendung spezieller Str\u00f6mungsfilter.<\/p>\n<h3 data-fontsize=\"22\" data-lineheight=\"27.5px\">Aquaforest -NP Pro f\u00fcr ein effektives NO3- und PO4-Management im Riffaquarium<\/h3>\n<p>-NP Pro beschleunigt die Entwicklung und Vermehrung von n\u00fctzlichen probiotischen Bakterien, was zur Folge hat, dass sch\u00e4dliche Verbindungen wie Nitrate und Phosphate aus dem Wasser entfernt werden. Als Folge des hohen NO3-Gehalts verlieren die Korallen ihre Farbe oder werden braun. Bei regelm\u00e4\u00dfiger Anwendung von -NP Pro k\u00f6nnen Sie die Nitratmenge auf ein nicht mehr nachweisbares Niveau senken, wodurch die Korallen optimale Lebensbedingungen und eine hervorragende F\u00e4rbung erhalten. Ein falsches Verh\u00e4ltnis von Nitrat und Phosphat im Wasser f\u00fchrt auch zur Entwicklung von unerw\u00fcnschten Algen und Cyanobakterien, daher wird der Einsatz von -NP Pro vor allem dann empfohlen, wenn hohe Werte der beiden Verbindungen diagnostiziert werden. In Kombination mit Pro Bio S wandelt -NP Pro unerw\u00fcnschtes NO3 und PO4 im Aquarium in wertvolle Bakterien um, die dann von den Korallen aufgenommen werden und sie mit nat\u00fcrlicher Nahrung versorgen. Dosierung: 1 Tropfen pro 100 Liter (27 US gal) t\u00e4glich. F\u00fcr eine optimale Wirkung empfehlen wir, es zusammen mit Pro Bio S zu dosieren. Nach dem \u00d6ffnen im K\u00fchlschrank aufbewahren, wenn die Temperatur 24\u00b0C (75\u00b0F) \u00fcbersteigt. F\u00fcr Dosierpumpen (Beh\u00e4lter 2000ml) : 5ml\/100l (US: 1 Teel\u00f6ffel\/27 US gal. Wasser) t\u00e4glich. Wissenswert: Ziehen Sie den Deckel nicht zu fest an, sonst k\u00f6nnte das Gewinde des Deckels besch\u00e4digt werden.<\/p>\n","protected":false},"excerpt":{"rendered":"<p data-fontsize=\"22\" data-lineheight=\"27.5px\">Aquaforest -NP Pro f\u00fcr ein effektives NO3- und PO4-Management im Riffaquarium.<\/p>\n","protected":false},"featured_media":11063,"template":"","meta":{"_acf_changed":false,"content-type":""},"product_brand":[],"product_cat":[1156],"product_tag":[966,1120,1110,1417],"class_list":{"0":"post-11051","1":"product","2":"type-product","3":"status-publish","4":"has-post-thumbnail","6":"product_cat-probiotische-methode","7":"product_tag-aquaforest-de","8":"product_tag-meerwasser-aquarien","9":"product_tag-probiotische-methode","10":"product_tag-variable-de","12":"first","13":"instock","14":"taxable","15":"shipping-taxable","16":"purchasable","17":"product-type-variable","18":"has-default-attributes"},"acf":[],"yoast_head":"<!-- This site is optimized with the Yoast SEO plugin v27.1.1 - https:\/\/yoast.com\/product\/yoast-seo-wordpress\/ -->\n<title>-NP Pro - Aquaforest<\/title>\n<meta name=\"description\" content=\"NP Pro: N\u00e4hrstoff f\u00fcr probiotische Bakterien, die die Reduzierung von Nitraten und Phosphaten im Aquarium gew\u00e4hrleisten.\" \/>\n<meta name=\"robots\" content=\"index, follow, max-snippet:-1, max-image-preview:large, max-video-preview:-1\" \/>\n<link rel=\"canonical\" href=\"https:\/\/aquaforest.eu\/de\/produkte\/seawater\/probiotische-methode\/np-pro\/\" \/>\n<meta property=\"og:locale\" content=\"de_DE\" \/>\n<meta property=\"og:type\" content=\"article\" \/>\n<meta property=\"og:title\" content=\"-NP Pro - Aquaforest\" \/>\n<meta property=\"og:description\" content=\"NP Pro: N\u00e4hrstoff f\u00fcr probiotische Bakterien, die die Reduzierung von Nitraten und Phosphaten im Aquarium gew\u00e4hrleisten.\" \/>\n<meta property=\"og:url\" content=\"https:\/\/aquaforest.eu\/de\/produkte\/seawater\/probiotische-methode\/np-pro\/\" \/>\n<meta property=\"og:site_name\" content=\"Aquaforest\" \/>\n<meta property=\"article:publisher\" content=\"https:\/\/www.facebook.com\/Aquaforest\/\" \/>\n<meta property=\"article:modified_time\" content=\"2025-02-10T12:03:45+00:00\" \/>\n<meta property=\"og:image\" content=\"https:\/\/aquaforest.eu\/wp-content\/uploads\/2024\/06\/Minus-NP-Pro_10-ml.png\" \/>\n\t<meta property=\"og:image:width\" content=\"277\" \/>\n\t<meta property=\"og:image:height\" content=\"600\" \/>\n\t<meta property=\"og:image:type\" content=\"image\/png\" \/>\n<meta name=\"twitter:card\" content=\"summary_large_image\" \/>\n<meta name=\"twitter:label1\" content=\"Gesch\u00e4tzte Lesezeit\" \/>\n\t<meta name=\"twitter:data1\" content=\"2\u00a0Minuten\" \/>\n<script type=\"application\/ld+json\" class=\"yoast-schema-graph\">{\"@context\":\"https:\/\/schema.org\",\"@graph\":[{\"@type\":\"WebPage\",\"@id\":\"https:\/\/aquaforest.eu\/de\/produkte\/seawater\/probiotische-methode\/np-pro\/\",\"url\":\"https:\/\/aquaforest.eu\/de\/produkte\/seawater\/probiotische-methode\/np-pro\/\",\"name\":\"-NP Pro - Aquaforest\",\"isPartOf\":{\"@id\":\"https:\/\/aquaforest.eu\/de\/#website\"},\"primaryImageOfPage\":{\"@id\":\"https:\/\/aquaforest.eu\/de\/produkte\/seawater\/probiotische-methode\/np-pro\/#primaryimage\"},\"image\":{\"@id\":\"https:\/\/aquaforest.eu\/de\/produkte\/seawater\/probiotische-methode\/np-pro\/#primaryimage\"},\"thumbnailUrl\":\"https:\/\/aquaforest.eu\/wp-content\/uploads\/2024\/06\/Minus-NP-Pro_10-ml.png\",\"datePublished\":\"2024-06-27T01:24:54+00:00\",\"dateModified\":\"2025-02-10T12:03:45+00:00\",\"description\":\"NP Pro: N\u00e4hrstoff f\u00fcr probiotische Bakterien, die die Reduzierung von Nitraten und Phosphaten im Aquarium gew\u00e4hrleisten.\",\"breadcrumb\":{\"@id\":\"https:\/\/aquaforest.eu\/de\/produkte\/seawater\/probiotische-methode\/np-pro\/#breadcrumb\"},\"inLanguage\":\"de\",\"potentialAction\":[{\"@type\":\"ReadAction\",\"target\":[\"https:\/\/aquaforest.eu\/de\/produkte\/seawater\/probiotische-methode\/np-pro\/\"]}]},{\"@type\":\"ImageObject\",\"inLanguage\":\"de\",\"@id\":\"https:\/\/aquaforest.eu\/de\/produkte\/seawater\/probiotische-methode\/np-pro\/#primaryimage\",\"url\":\"https:\/\/aquaforest.eu\/wp-content\/uploads\/2024\/06\/Minus-NP-Pro_10-ml.png\",\"contentUrl\":\"https:\/\/aquaforest.eu\/wp-content\/uploads\/2024\/06\/Minus-NP-Pro_10-ml.png\",\"width\":277,\"height\":600},{\"@type\":\"BreadcrumbList\",\"@id\":\"https:\/\/aquaforest.eu\/de\/produkte\/seawater\/probiotische-methode\/np-pro\/#breadcrumb\",\"itemListElement\":[{\"@type\":\"ListItem\",\"position\":1,\"name\":\"Home\",\"item\":\"https:\/\/aquaforest.eu\/de\/\"},{\"@type\":\"ListItem\",\"position\":2,\"name\":\"Produkte\",\"item\":\"https:\/\/aquaforest.eu\/de\/produkte\/\"},{\"@type\":\"ListItem\",\"position\":3,\"name\":\"-NP Pro\"}]},{\"@type\":\"WebSite\",\"@id\":\"https:\/\/aquaforest.eu\/de\/#website\",\"url\":\"https:\/\/aquaforest.eu\/de\/\",\"name\":\"Aquaforest\",\"description\":\"\",\"publisher\":{\"@id\":\"https:\/\/aquaforest.eu\/de\/#organization\"},\"potentialAction\":[{\"@type\":\"SearchAction\",\"target\":{\"@type\":\"EntryPoint\",\"urlTemplate\":\"https:\/\/aquaforest.eu\/de\/?s={search_term_string}\"},\"query-input\":{\"@type\":\"PropertyValueSpecification\",\"valueRequired\":true,\"valueName\":\"search_term_string\"}}],\"inLanguage\":\"de\"},{\"@type\":\"Organization\",\"@id\":\"https:\/\/aquaforest.eu\/de\/#organization\",\"name\":\"Aquaforest\",\"url\":\"https:\/\/aquaforest.eu\/de\/\",\"logo\":{\"@type\":\"ImageObject\",\"inLanguage\":\"de\",\"@id\":\"https:\/\/aquaforest.eu\/de\/#\/schema\/logo\/image\/\",\"url\":\"https:\/\/aquaforest.eu\/wp-content\/uploads\/2024\/05\/logotyp-aquaforest.svg\",\"contentUrl\":\"https:\/\/aquaforest.eu\/wp-content\/uploads\/2024\/05\/logotyp-aquaforest.svg\",\"width\":170,\"height\":22,\"caption\":\"Aquaforest\"},\"image\":{\"@id\":\"https:\/\/aquaforest.eu\/de\/#\/schema\/logo\/image\/\"},\"sameAs\":[\"https:\/\/www.facebook.com\/Aquaforest\/\",\"https:\/\/www.instagram.com\/aquaforest.eu\/\"]}]}<\/script>\n<!-- \/ Yoast SEO plugin. -->","yoast_head_json":{"title":"-NP Pro - Aquaforest","description":"NP Pro: N\u00e4hrstoff f\u00fcr probiotische Bakterien, die die Reduzierung von Nitraten und Phosphaten im Aquarium gew\u00e4hrleisten.","robots":{"index":"index","follow":"follow","max-snippet":"max-snippet:-1","max-image-preview":"max-image-preview:large","max-video-preview":"max-video-preview:-1"},"canonical":"https:\/\/aquaforest.eu\/de\/produkte\/seawater\/probiotische-methode\/np-pro\/","og_locale":"de_DE","og_type":"article","og_title":"-NP Pro - Aquaforest","og_description":"NP Pro: N\u00e4hrstoff f\u00fcr probiotische Bakterien, die die Reduzierung von Nitraten und Phosphaten im Aquarium gew\u00e4hrleisten.","og_url":"https:\/\/aquaforest.eu\/de\/produkte\/seawater\/probiotische-methode\/np-pro\/","og_site_name":"Aquaforest","article_publisher":"https:\/\/www.facebook.com\/Aquaforest\/","article_modified_time":"2025-02-10T12:03:45+00:00","og_image":[{"width":277,"height":600,"url":"https:\/\/aquaforest.eu\/wp-content\/uploads\/2024\/06\/Minus-NP-Pro_10-ml.png","type":"image\/png"}],"twitter_card":"summary_large_image","twitter_misc":{"Gesch\u00e4tzte Lesezeit":"2\u00a0Minuten"},"schema":{"@context":"https:\/\/schema.org","@graph":[{"@type":"WebPage","@id":"https:\/\/aquaforest.eu\/de\/produkte\/seawater\/probiotische-methode\/np-pro\/","url":"https:\/\/aquaforest.eu\/de\/produkte\/seawater\/probiotische-methode\/np-pro\/","name":"-NP Pro - Aquaforest","isPartOf":{"@id":"https:\/\/aquaforest.eu\/de\/#website"},"primaryImageOfPage":{"@id":"https:\/\/aquaforest.eu\/de\/produkte\/seawater\/probiotische-methode\/np-pro\/#primaryimage"},"image":{"@id":"https:\/\/aquaforest.eu\/de\/produkte\/seawater\/probiotische-methode\/np-pro\/#primaryimage"},"thumbnailUrl":"https:\/\/aquaforest.eu\/wp-content\/uploads\/2024\/06\/Minus-NP-Pro_10-ml.png","datePublished":"2024-06-27T01:24:54+00:00","dateModified":"2025-02-10T12:03:45+00:00","description":"NP Pro: N\u00e4hrstoff f\u00fcr probiotische Bakterien, die die Reduzierung von Nitraten und Phosphaten im Aquarium gew\u00e4hrleisten.","breadcrumb":{"@id":"https:\/\/aquaforest.eu\/de\/produkte\/seawater\/probiotische-methode\/np-pro\/#breadcrumb"},"inLanguage":"de","potentialAction":[{"@type":"ReadAction","target":["https:\/\/aquaforest.eu\/de\/produkte\/seawater\/probiotische-methode\/np-pro\/"]}]},{"@type":"ImageObject","inLanguage":"de","@id":"https:\/\/aquaforest.eu\/de\/produkte\/seawater\/probiotische-methode\/np-pro\/#primaryimage","url":"https:\/\/aquaforest.eu\/wp-content\/uploads\/2024\/06\/Minus-NP-Pro_10-ml.png","contentUrl":"https:\/\/aquaforest.eu\/wp-content\/uploads\/2024\/06\/Minus-NP-Pro_10-ml.png","width":277,"height":600},{"@type":"BreadcrumbList","@id":"https:\/\/aquaforest.eu\/de\/produkte\/seawater\/probiotische-methode\/np-pro\/#breadcrumb","itemListElement":[{"@type":"ListItem","position":1,"name":"Home","item":"https:\/\/aquaforest.eu\/de\/"},{"@type":"ListItem","position":2,"name":"Produkte","item":"https:\/\/aquaforest.eu\/de\/produkte\/"},{"@type":"ListItem","position":3,"name":"-NP Pro"}]},{"@type":"WebSite","@id":"https:\/\/aquaforest.eu\/de\/#website","url":"https:\/\/aquaforest.eu\/de\/","name":"Aquaforest","description":"","publisher":{"@id":"https:\/\/aquaforest.eu\/de\/#organization"},"potentialAction":[{"@type":"SearchAction","target":{"@type":"EntryPoint","urlTemplate":"https:\/\/aquaforest.eu\/de\/?s={search_term_string}"},"query-input":{"@type":"PropertyValueSpecification","valueRequired":true,"valueName":"search_term_string"}}],"inLanguage":"de"},{"@type":"Organization","@id":"https:\/\/aquaforest.eu\/de\/#organization","name":"Aquaforest","url":"https:\/\/aquaforest.eu\/de\/","logo":{"@type":"ImageObject","inLanguage":"de","@id":"https:\/\/aquaforest.eu\/de\/#\/schema\/logo\/image\/","url":"https:\/\/aquaforest.eu\/wp-content\/uploads\/2024\/05\/logotyp-aquaforest.svg","contentUrl":"https:\/\/aquaforest.eu\/wp-content\/uploads\/2024\/05\/logotyp-aquaforest.svg","width":170,"height":22,"caption":"Aquaforest"},"image":{"@id":"https:\/\/aquaforest.eu\/de\/#\/schema\/logo\/image\/"},"sameAs":["https:\/\/www.facebook.com\/Aquaforest\/","https:\/\/www.instagram.com\/aquaforest.eu\/"]}]}},"_links":{"self":[{"href":"https:\/\/aquaforest.eu\/de\/wp-json\/wp\/v2\/product\/11051","targetHints":{"allow":["GET"]}}],"collection":[{"href":"https:\/\/aquaforest.eu\/de\/wp-json\/wp\/v2\/product"}],"about":[{"href":"https:\/\/aquaforest.eu\/de\/wp-json\/wp\/v2\/types\/product"}],"version-history":[{"count":2,"href":"https:\/\/aquaforest.eu\/de\/wp-json\/wp\/v2\/product\/11051\/revisions"}],"predecessor-version":[{"id":21263,"href":"https:\/\/aquaforest.eu\/de\/wp-json\/wp\/v2\/product\/11051\/revisions\/21263"}],"wp:featuredmedia":[{"embeddable":true,"href":"https:\/\/aquaforest.eu\/de\/wp-json\/wp\/v2\/media\/11063"}],"wp:attachment":[{"href":"https:\/\/aquaforest.eu\/de\/wp-json\/wp\/v2\/media?parent=11051"}],"wp:term":[{"taxonomy":"product_brand","embeddable":true,"href":"https:\/\/aquaforest.eu\/de\/wp-json\/wp\/v2\/product_brand?post=11051"},{"taxonomy":"product_cat","embeddable":true,"href":"https:\/\/aquaforest.eu\/de\/wp-json\/wp\/v2\/product_cat?post=11051"},{"taxonomy":"product_tag","embeddable":true,"href":"https:\/\/aquaforest.eu\/de\/wp-json\/wp\/v2\/product_tag?post=11051"}],"curies":[{"name":"wp","href":"https:\/\/api.w.org\/{rel}","templated":true}]}}