{"id":11054,"date":"2024-06-27T03:21:21","date_gmt":"2024-06-27T01:21:21","guid":{"rendered":"https:\/\/aquaforest.eu\/products\/unkategorisiert\/af-energie\/"},"modified":"2025-02-10T13:30:58","modified_gmt":"2025-02-10T12:30:58","slug":"af-energy","status":"publish","type":"product","link":"https:\/\/aquaforest.eu\/de\/produkte\/seawater\/lebensmittel-und-nahrungsergaenzungsmittel\/af-energy\/","title":{"rendered":"AF Energy"},"content":{"rendered":"<h4 class=\"fusion-responsive-typography-calculated\" data-fontsize=\"22\" data-lineheight=\"27.5px\"><span style=\"color: #000000;\">Hochgradig nahrhaftes Korallenfutterkonzentrat<\/span><\/h4>\n<p><span style=\"color: #000000;\">Nahrungserg\u00e4nzungsmittel mit einem sehr nahrhaften Kraftfutter f\u00fcr alle Arten von Korallen, insbesondere SPS-Korallen. <\/span><span style=\"color: #000000;\">AF Energy ist eine einzigartige Zusammensetzung aus den wertvollsten nat\u00fcrlichen Extrakten. <\/span><span style=\"color: #000000;\">Es enth\u00e4lt unges\u00e4ttigte Omega-3- und Omega-6-Fetts\u00e4uren, Vitamine und Aminos\u00e4uren.<\/span><\/p>\n<p>&nbsp;<\/p>\n<hr \/>\n<h4 data-fontsize=\"22\" data-lineheight=\"27.5px\"><\/h4>\n<h4 class=\"fusion-responsive-typography-calculated\" data-fontsize=\"22\" data-lineheight=\"27.5px\"><span style=\"color: #000000;\">Erzielen Sie eine lebendige Korallenf\u00e4rbung<\/span><\/h4>\n<p><span style=\"color: #000000;\">AF Energy enth\u00e4lt einen nat\u00fcrlichen Extrakt aus einem speziell ausgew\u00e4hlten Zooplankton. <\/span><span style=\"color: #000000;\">Indem er das Wachstum von Zooxanthellen begrenzt, erh\u00f6ht er die helle, pastellfarbene F\u00e4rbung von SPS-Korallen. <\/span><span style=\"color: #000000;\">AF Energy wurde mit Kupfersulfat angereichert, das f\u00fcr die richtige Entwicklung und intensive F\u00e4rbung der Korallen erforderlich ist. <\/span><span style=\"color: #000000;\">Der Gehalt an Kupfersulfat in diesem Produkt ist fast nicht nachweisbar und v\u00f6llig sicher f\u00fcr alle Meeresorganismen. <\/span><span style=\"color: #000000;\">Aufgrund der sauren Reaktion von AF Energy empfehlen wir, AF Build noch am selben Tag zu verwenden, um den pH-Wert zu stabilisieren.<\/span><\/p>\n<p>&nbsp;<\/p>\n<hr \/>\n<h4 data-fontsize=\"22\" data-lineheight=\"27.5px\"><\/h4>\n<h4 class=\"fusion-responsive-typography-calculated\" data-fontsize=\"22\" data-lineheight=\"27.5px\"><span style=\"color: #000000;\">Nat\u00fcrliche Extrakte f\u00fcr SPS-Korallen<\/span><\/h4>\n<p><span style=\"color: #000000;\"><strong>Dosierung<\/strong>: 1 Tropfen pro 100 l (27 US gal) Wasser jeden zweiten Tag nach Ende der Beleuchtungsphase. <\/span><span style=\"color: #000000;\">Nicht verd\u00fcnnen. <\/span><span style=\"color: #000000;\">Mischen Sie es nicht mit anderen Produkten in einem Beh\u00e4lter. <\/span><span style=\"color: #000000;\">Das Produkt kann mit einer Dosierpumpe dosiert werden, sofern diese Tropfen abgibt. <\/span><span style=\"color: #000000;\">Nach dem \u00d6ffnen im K\u00fchlschrank aufbewahren, wenn die Temperatur 24\u00b0C (75\u00b0F) \u00fcbersteigt. <\/span><\/p>\n<p><span style=\"color: #000000;\"><strong>Wissenswert:<\/strong> Alle Korallenerg\u00e4nzungsmittel haben eine empfohlene Dosierung von 1 Tropfen pro 100 l (27 US gal) Wasser, aber es ist wichtig, dass jedes Aquarium anders ist und die Dosierung je nach Korallenbesatz variieren kann. <\/span><span style=\"color: #000000;\">Wir empfehlen, mit der Dosierung von Futter und Nahrungserg\u00e4nzungsmitteln bei der H\u00e4lfte der empfohlenen Dosis oder (sogar \u00bc) der empfohlenen Menge zu beginnen und die Korallen und ihre Reaktion auf das verabreichte Futter zu beobachten. <\/span><span style=\"color: #000000;\">Sobald das Aquarium keine Anzeichen einer \u00dcberdosierung zeigt, empfehlen wir, die Dosierung auf die Zieldosis zu erh\u00f6hen. <\/span><span style=\"color: #000000;\">Korallen wie Zoanthus, Ricordea und andere Pilzkorallen sollten tags\u00fcber gef\u00fcttert werden. <\/span><span style=\"color: #000000;\">Um die Nahrungsaufnahme zu erleichtern, sollten SPS- und LPS-Korallen nach dem Ausgehen gef\u00fcttert werden. <\/span><span style=\"color: #000000;\">Um die beste N\u00e4hrstoffaufnahme zu gew\u00e4hrleisten, sollten alle Nahrungserg\u00e4nzungsmittel und Futtermittel f\u00fcr Korallen direkt in das Aquarium gegeben werden. <\/span><span style=\"color: #000000;\">W\u00e4hrend der F\u00fctterung empfehlen wir, den Absch\u00e4umer f\u00fcr etwa eine Stunde abzuschalten. <\/span><span style=\"color: #000000;\">Aufgrund der nat\u00fcrlichen Zusammensetzung des Produkts kann seine Farbe variieren. <\/span><span style=\"color: #000000;\">Nach dem \u00d6ffnen kann die Konsistenz von AF Energy aufgrund von Verdunstung dicker werden. <\/span><span style=\"color: #000000;\">Dies hat keinen Einfluss auf die Qualit\u00e4t und Wirksamkeit des Produkts. <\/span><span style=\"color: #000000;\">Ziehen Sie die Schraube nicht zu fest an, da sonst der Deckel besch\u00e4digt werden k\u00f6nnte.<\/span><\/p>\n","protected":false},"excerpt":{"rendered":"<p>Energieerg\u00e4nzung f\u00fcr Korallen.<br \/>\nEinzigartige Zusammensetzung der wertvollsten, nat\u00fcrlichen Extrakte.<\/p>\n","protected":false},"featured_media":11061,"template":"","meta":{"_acf_changed":false,"content-type":""},"product_brand":[],"product_cat":[1152],"product_tag":[966,1104,1120,1417],"class_list":{"0":"post-11054","1":"product","2":"type-product","3":"status-publish","4":"has-post-thumbnail","6":"product_cat-lebensmittel-und-nahrungsergaenzungsmittel","7":"product_tag-aquaforest-de","8":"product_tag-lebensmittel-und-nahrungserganzungsmittel","9":"product_tag-meerwasser-aquarien","10":"product_tag-variable-de","12":"first","13":"instock","14":"taxable","15":"shipping-taxable","16":"purchasable","17":"product-type-variable","18":"has-default-attributes"},"acf":[],"yoast_head":"<!-- This site is optimized with the Yoast SEO plugin v27.1.1 - https:\/\/yoast.com\/product\/yoast-seo-wordpress\/ -->\n<title>AF Energy - Aquaforest<\/title>\n<meta name=\"description\" content=\"AF Energie: Energieerg\u00e4nzung f\u00fcr Korallen, angereichert mit essentiellen N\u00e4hrstoffen. Zuverl\u00e4ssige Formel zur Unterst\u00fctzung von Vitalit\u00e4t und Gesundheit.\" \/>\n<meta name=\"robots\" content=\"index, follow, max-snippet:-1, max-image-preview:large, max-video-preview:-1\" \/>\n<link rel=\"canonical\" href=\"https:\/\/aquaforest.eu\/de\/produkte\/seawater\/lebensmittel-und-nahrungsergaenzungsmittel\/af-energy\/\" \/>\n<meta property=\"og:locale\" content=\"de_DE\" \/>\n<meta property=\"og:type\" content=\"article\" \/>\n<meta property=\"og:title\" content=\"AF Energy - Aquaforest\" \/>\n<meta property=\"og:description\" content=\"AF Energie: Energieerg\u00e4nzung f\u00fcr Korallen, angereichert mit essentiellen N\u00e4hrstoffen. Zuverl\u00e4ssige Formel zur Unterst\u00fctzung von Vitalit\u00e4t und Gesundheit.\" \/>\n<meta property=\"og:url\" content=\"https:\/\/aquaforest.eu\/de\/produkte\/seawater\/lebensmittel-und-nahrungsergaenzungsmittel\/af-energy\/\" \/>\n<meta property=\"og:site_name\" content=\"Aquaforest\" \/>\n<meta property=\"article:publisher\" content=\"https:\/\/www.facebook.com\/Aquaforest\/\" \/>\n<meta property=\"article:modified_time\" content=\"2025-02-10T12:30:58+00:00\" \/>\n<meta property=\"og:image\" content=\"https:\/\/aquaforest.eu\/wp-content\/uploads\/2024\/06\/AF-Energy-10-ml.png\" \/>\n\t<meta property=\"og:image:width\" content=\"277\" \/>\n\t<meta property=\"og:image:height\" content=\"600\" \/>\n\t<meta property=\"og:image:type\" content=\"image\/png\" \/>\n<meta name=\"twitter:card\" content=\"summary_large_image\" \/>\n<meta name=\"twitter:label1\" content=\"Gesch\u00e4tzte Lesezeit\" \/>\n\t<meta name=\"twitter:data1\" content=\"2\u00a0Minuten\" \/>\n<script type=\"application\/ld+json\" class=\"yoast-schema-graph\">{\"@context\":\"https:\/\/schema.org\",\"@graph\":[{\"@type\":\"WebPage\",\"@id\":\"https:\/\/aquaforest.eu\/de\/produkte\/seawater\/lebensmittel-und-nahrungsergaenzungsmittel\/af-energy\/\",\"url\":\"https:\/\/aquaforest.eu\/de\/produkte\/seawater\/lebensmittel-und-nahrungsergaenzungsmittel\/af-energy\/\",\"name\":\"AF Energy - Aquaforest\",\"isPartOf\":{\"@id\":\"https:\/\/aquaforest.eu\/de\/#website\"},\"primaryImageOfPage\":{\"@id\":\"https:\/\/aquaforest.eu\/de\/produkte\/seawater\/lebensmittel-und-nahrungsergaenzungsmittel\/af-energy\/#primaryimage\"},\"image\":{\"@id\":\"https:\/\/aquaforest.eu\/de\/produkte\/seawater\/lebensmittel-und-nahrungsergaenzungsmittel\/af-energy\/#primaryimage\"},\"thumbnailUrl\":\"https:\/\/aquaforest.eu\/wp-content\/uploads\/2024\/06\/AF-Energy-10-ml.png\",\"datePublished\":\"2024-06-27T01:21:21+00:00\",\"dateModified\":\"2025-02-10T12:30:58+00:00\",\"description\":\"AF Energie: Energieerg\u00e4nzung f\u00fcr Korallen, angereichert mit essentiellen N\u00e4hrstoffen. Zuverl\u00e4ssige Formel zur Unterst\u00fctzung von Vitalit\u00e4t und Gesundheit.\",\"breadcrumb\":{\"@id\":\"https:\/\/aquaforest.eu\/de\/produkte\/seawater\/lebensmittel-und-nahrungsergaenzungsmittel\/af-energy\/#breadcrumb\"},\"inLanguage\":\"de\",\"potentialAction\":[{\"@type\":\"ReadAction\",\"target\":[\"https:\/\/aquaforest.eu\/de\/produkte\/seawater\/lebensmittel-und-nahrungsergaenzungsmittel\/af-energy\/\"]}]},{\"@type\":\"ImageObject\",\"inLanguage\":\"de\",\"@id\":\"https:\/\/aquaforest.eu\/de\/produkte\/seawater\/lebensmittel-und-nahrungsergaenzungsmittel\/af-energy\/#primaryimage\",\"url\":\"https:\/\/aquaforest.eu\/wp-content\/uploads\/2024\/06\/AF-Energy-10-ml.png\",\"contentUrl\":\"https:\/\/aquaforest.eu\/wp-content\/uploads\/2024\/06\/AF-Energy-10-ml.png\",\"width\":277,\"height\":600},{\"@type\":\"BreadcrumbList\",\"@id\":\"https:\/\/aquaforest.eu\/de\/produkte\/seawater\/lebensmittel-und-nahrungsergaenzungsmittel\/af-energy\/#breadcrumb\",\"itemListElement\":[{\"@type\":\"ListItem\",\"position\":1,\"name\":\"Home\",\"item\":\"https:\/\/aquaforest.eu\/de\/\"},{\"@type\":\"ListItem\",\"position\":2,\"name\":\"Produkte\",\"item\":\"https:\/\/aquaforest.eu\/de\/produkte\/\"},{\"@type\":\"ListItem\",\"position\":3,\"name\":\"AF Energy\"}]},{\"@type\":\"WebSite\",\"@id\":\"https:\/\/aquaforest.eu\/de\/#website\",\"url\":\"https:\/\/aquaforest.eu\/de\/\",\"name\":\"Aquaforest\",\"description\":\"\",\"publisher\":{\"@id\":\"https:\/\/aquaforest.eu\/de\/#organization\"},\"potentialAction\":[{\"@type\":\"SearchAction\",\"target\":{\"@type\":\"EntryPoint\",\"urlTemplate\":\"https:\/\/aquaforest.eu\/de\/?s={search_term_string}\"},\"query-input\":{\"@type\":\"PropertyValueSpecification\",\"valueRequired\":true,\"valueName\":\"search_term_string\"}}],\"inLanguage\":\"de\"},{\"@type\":\"Organization\",\"@id\":\"https:\/\/aquaforest.eu\/de\/#organization\",\"name\":\"Aquaforest\",\"url\":\"https:\/\/aquaforest.eu\/de\/\",\"logo\":{\"@type\":\"ImageObject\",\"inLanguage\":\"de\",\"@id\":\"https:\/\/aquaforest.eu\/de\/#\/schema\/logo\/image\/\",\"url\":\"https:\/\/aquaforest.eu\/wp-content\/uploads\/2024\/05\/logotyp-aquaforest.svg\",\"contentUrl\":\"https:\/\/aquaforest.eu\/wp-content\/uploads\/2024\/05\/logotyp-aquaforest.svg\",\"width\":170,\"height\":22,\"caption\":\"Aquaforest\"},\"image\":{\"@id\":\"https:\/\/aquaforest.eu\/de\/#\/schema\/logo\/image\/\"},\"sameAs\":[\"https:\/\/www.facebook.com\/Aquaforest\/\",\"https:\/\/www.instagram.com\/aquaforest.eu\/\"]}]}<\/script>\n<!-- \/ Yoast SEO plugin. -->","yoast_head_json":{"title":"AF Energy - Aquaforest","description":"AF Energie: Energieerg\u00e4nzung f\u00fcr Korallen, angereichert mit essentiellen N\u00e4hrstoffen. Zuverl\u00e4ssige Formel zur Unterst\u00fctzung von Vitalit\u00e4t und Gesundheit.","robots":{"index":"index","follow":"follow","max-snippet":"max-snippet:-1","max-image-preview":"max-image-preview:large","max-video-preview":"max-video-preview:-1"},"canonical":"https:\/\/aquaforest.eu\/de\/produkte\/seawater\/lebensmittel-und-nahrungsergaenzungsmittel\/af-energy\/","og_locale":"de_DE","og_type":"article","og_title":"AF Energy - Aquaforest","og_description":"AF Energie: Energieerg\u00e4nzung f\u00fcr Korallen, angereichert mit essentiellen N\u00e4hrstoffen. Zuverl\u00e4ssige Formel zur Unterst\u00fctzung von Vitalit\u00e4t und Gesundheit.","og_url":"https:\/\/aquaforest.eu\/de\/produkte\/seawater\/lebensmittel-und-nahrungsergaenzungsmittel\/af-energy\/","og_site_name":"Aquaforest","article_publisher":"https:\/\/www.facebook.com\/Aquaforest\/","article_modified_time":"2025-02-10T12:30:58+00:00","og_image":[{"width":277,"height":600,"url":"https:\/\/aquaforest.eu\/wp-content\/uploads\/2024\/06\/AF-Energy-10-ml.png","type":"image\/png"}],"twitter_card":"summary_large_image","twitter_misc":{"Gesch\u00e4tzte Lesezeit":"2\u00a0Minuten"},"schema":{"@context":"https:\/\/schema.org","@graph":[{"@type":"WebPage","@id":"https:\/\/aquaforest.eu\/de\/produkte\/seawater\/lebensmittel-und-nahrungsergaenzungsmittel\/af-energy\/","url":"https:\/\/aquaforest.eu\/de\/produkte\/seawater\/lebensmittel-und-nahrungsergaenzungsmittel\/af-energy\/","name":"AF Energy - Aquaforest","isPartOf":{"@id":"https:\/\/aquaforest.eu\/de\/#website"},"primaryImageOfPage":{"@id":"https:\/\/aquaforest.eu\/de\/produkte\/seawater\/lebensmittel-und-nahrungsergaenzungsmittel\/af-energy\/#primaryimage"},"image":{"@id":"https:\/\/aquaforest.eu\/de\/produkte\/seawater\/lebensmittel-und-nahrungsergaenzungsmittel\/af-energy\/#primaryimage"},"thumbnailUrl":"https:\/\/aquaforest.eu\/wp-content\/uploads\/2024\/06\/AF-Energy-10-ml.png","datePublished":"2024-06-27T01:21:21+00:00","dateModified":"2025-02-10T12:30:58+00:00","description":"AF Energie: Energieerg\u00e4nzung f\u00fcr Korallen, angereichert mit essentiellen N\u00e4hrstoffen. Zuverl\u00e4ssige Formel zur Unterst\u00fctzung von Vitalit\u00e4t und Gesundheit.","breadcrumb":{"@id":"https:\/\/aquaforest.eu\/de\/produkte\/seawater\/lebensmittel-und-nahrungsergaenzungsmittel\/af-energy\/#breadcrumb"},"inLanguage":"de","potentialAction":[{"@type":"ReadAction","target":["https:\/\/aquaforest.eu\/de\/produkte\/seawater\/lebensmittel-und-nahrungsergaenzungsmittel\/af-energy\/"]}]},{"@type":"ImageObject","inLanguage":"de","@id":"https:\/\/aquaforest.eu\/de\/produkte\/seawater\/lebensmittel-und-nahrungsergaenzungsmittel\/af-energy\/#primaryimage","url":"https:\/\/aquaforest.eu\/wp-content\/uploads\/2024\/06\/AF-Energy-10-ml.png","contentUrl":"https:\/\/aquaforest.eu\/wp-content\/uploads\/2024\/06\/AF-Energy-10-ml.png","width":277,"height":600},{"@type":"BreadcrumbList","@id":"https:\/\/aquaforest.eu\/de\/produkte\/seawater\/lebensmittel-und-nahrungsergaenzungsmittel\/af-energy\/#breadcrumb","itemListElement":[{"@type":"ListItem","position":1,"name":"Home","item":"https:\/\/aquaforest.eu\/de\/"},{"@type":"ListItem","position":2,"name":"Produkte","item":"https:\/\/aquaforest.eu\/de\/produkte\/"},{"@type":"ListItem","position":3,"name":"AF Energy"}]},{"@type":"WebSite","@id":"https:\/\/aquaforest.eu\/de\/#website","url":"https:\/\/aquaforest.eu\/de\/","name":"Aquaforest","description":"","publisher":{"@id":"https:\/\/aquaforest.eu\/de\/#organization"},"potentialAction":[{"@type":"SearchAction","target":{"@type":"EntryPoint","urlTemplate":"https:\/\/aquaforest.eu\/de\/?s={search_term_string}"},"query-input":{"@type":"PropertyValueSpecification","valueRequired":true,"valueName":"search_term_string"}}],"inLanguage":"de"},{"@type":"Organization","@id":"https:\/\/aquaforest.eu\/de\/#organization","name":"Aquaforest","url":"https:\/\/aquaforest.eu\/de\/","logo":{"@type":"ImageObject","inLanguage":"de","@id":"https:\/\/aquaforest.eu\/de\/#\/schema\/logo\/image\/","url":"https:\/\/aquaforest.eu\/wp-content\/uploads\/2024\/05\/logotyp-aquaforest.svg","contentUrl":"https:\/\/aquaforest.eu\/wp-content\/uploads\/2024\/05\/logotyp-aquaforest.svg","width":170,"height":22,"caption":"Aquaforest"},"image":{"@id":"https:\/\/aquaforest.eu\/de\/#\/schema\/logo\/image\/"},"sameAs":["https:\/\/www.facebook.com\/Aquaforest\/","https:\/\/www.instagram.com\/aquaforest.eu\/"]}]}},"_links":{"self":[{"href":"https:\/\/aquaforest.eu\/de\/wp-json\/wp\/v2\/product\/11054","targetHints":{"allow":["GET"]}}],"collection":[{"href":"https:\/\/aquaforest.eu\/de\/wp-json\/wp\/v2\/product"}],"about":[{"href":"https:\/\/aquaforest.eu\/de\/wp-json\/wp\/v2\/types\/product"}],"version-history":[{"count":2,"href":"https:\/\/aquaforest.eu\/de\/wp-json\/wp\/v2\/product\/11054\/revisions"}],"predecessor-version":[{"id":21275,"href":"https:\/\/aquaforest.eu\/de\/wp-json\/wp\/v2\/product\/11054\/revisions\/21275"}],"wp:featuredmedia":[{"embeddable":true,"href":"https:\/\/aquaforest.eu\/de\/wp-json\/wp\/v2\/media\/11061"}],"wp:attachment":[{"href":"https:\/\/aquaforest.eu\/de\/wp-json\/wp\/v2\/media?parent=11054"}],"wp:term":[{"taxonomy":"product_brand","embeddable":true,"href":"https:\/\/aquaforest.eu\/de\/wp-json\/wp\/v2\/product_brand?post=11054"},{"taxonomy":"product_cat","embeddable":true,"href":"https:\/\/aquaforest.eu\/de\/wp-json\/wp\/v2\/product_cat?post=11054"},{"taxonomy":"product_tag","embeddable":true,"href":"https:\/\/aquaforest.eu\/de\/wp-json\/wp\/v2\/product_tag?post=11054"}],"curies":[{"name":"wp","href":"https:\/\/api.w.org\/{rel}","templated":true}]}}