{"id":11069,"date":"2024-06-27T03:22:55","date_gmt":"2024-06-27T01:22:55","guid":{"rendered":"https:\/\/aquaforest.eu\/products\/unkategorisiert\/af-amino-mix\/"},"modified":"2025-02-10T13:27:00","modified_gmt":"2025-02-10T12:27:00","slug":"af-amino-mix","status":"publish","type":"product","link":"https:\/\/aquaforest.eu\/de\/produkte\/seawater\/lebensmittel-und-nahrungsergaenzungsmittel\/af-amino-mix\/","title":{"rendered":"AF Amino Mix"},"content":{"rendered":"<h4 class=\"fusion-responsive-typography-calculated\" data-fontsize=\"22\" data-lineheight=\"27.5px\"><span style=\"color: #000000;\">Aminos\u00e4uren f\u00fcr Korallen<\/span><\/h4>\n<p><span style=\"color: #000000;\">Nahrungserg\u00e4nzungsmittel mit konzentrierten Aminos\u00e4uren, die f\u00fcr ein gesundes Wachstum der Korallen wichtig sind. Die Verwendung von starken Absch\u00e4umern in Meerwasseraquarien f\u00fchrt h\u00e4ufig zu einem Mangel an Aminos\u00e4uren und zur Sterilisierung des Wassers. Der geringe Gehalt an N\u00e4hrstoffen f\u00fchrt zu einer verminderten F\u00e4rbung und sogar zum Ausbleichen der Korallen.<\/span><\/p>\n<p>&nbsp;<\/p>\n<hr \/>\n<h4 data-fontsize=\"22\" data-lineheight=\"27.5px\"><\/h4>\n<h4 class=\"fusion-responsive-typography-calculated\" data-fontsize=\"22\" data-lineheight=\"27.5px\"><span style=\"color: #000000;\">Verhindert das Bleichen von Korallen &#8211; einzigartige Aminos\u00e4uremischung<\/span><\/h4>\n<p><span style=\"color: #000000;\">AF Amino Mix erg\u00e4nzt das Wasser mit allen notwendigen Aminos\u00e4uren, verhindert so das Ausbleichen der Korallen und verst\u00e4rkt ihre Farben. Die einzigartige Zusammensetzung von AF Amino Mix basiert unter anderem auf Biotin, Alanin, Glutamin, Leucin, Lysin und Serin. Die sorgf\u00e4ltig ausgew\u00e4hlten Aminos\u00e4uren erh\u00f6hen die Anzahl der Zooxanthellen, die die Produktion von photosynthetischen Pigmenten wie Chlorophyll unterst\u00fctzen.<\/span><br \/>\n<span style=\"color: #000000;\">Amino Mix f\u00f6rdert also nicht nur die F\u00e4rbung, sondern verbessert auch die Qualit\u00e4t der Photosynthese. Dadurch gewinnen die Korallen mehr Energie aus dem Licht, bleiben in perfekter Kondition und wachsen schneller.<\/span><br \/>\n<span style=\"color: #000000;\">Die regelm\u00e4\u00dfige Anwendung von AF Amino Mix verbessert die Immunit\u00e4t und beschleunigt das Wachstum der Korallen sp\u00fcrbar.<\/span><\/p>\n<p>&nbsp;<\/p>\n<hr \/>\n<h4 data-fontsize=\"22\" data-lineheight=\"27.5px\"><\/h4>\n<h4 class=\"fusion-responsive-typography-calculated\" data-fontsize=\"22\" data-lineheight=\"27.5px\"><span style=\"color: #000000;\">Verbessern Sie die F\u00e4rbung und das Wachstum von Korallen mit AF Amino Mix<\/span><\/h4>\n<p><span style=\"color: #000000;\"><strong>Dosierung: <\/strong>1 Tropfen pro 100 l (27 US gal) Wasser jeden zweiten Tag nach Sonnenuntergang. Nicht verd\u00fcnnen. Mischen Sie es nicht mit anderen Produkten in einem Beh\u00e4lter. Das Produkt kann mit einer Dosierpumpe dosiert werden, sofern diese Tropfen abgibt. Nach dem \u00d6ffnen im K\u00fchlschrank aufbewahren, wenn die Temperatur 24\u00b0C (75\u00b0F) \u00fcbersteigt.<\/span><\/p>\n<p>&nbsp;<\/p>\n<hr \/>\n<p>&nbsp;<\/p>\n<p><span style=\"color: #000000;\"><strong>Wissenswert: <\/strong>Alle Korallenerg\u00e4nzungsmittel haben eine empfohlene Dosierung von 1 Tropfen pro 100 l Wasser, aber es ist wichtig, dass jedes Aquarium anders ist und die Dosierung je nach Korallenbesatz variieren kann. Wir empfehlen, mit der Dosierung von Futter und Erg\u00e4nzungsmitteln bei der H\u00e4lfte der Dosis (sogar \u00bc) zu beginnen und die Korallen und ihre Reaktionen auf das verabreichte Futter zu beobachten. Sobald das Aquarium keine Anzeichen einer \u00dcberdosierung zeigt, empfehlen wir, die Dosierung auf die Zieldosis zu erh\u00f6hen. Um die Futteraufnahme zu erleichtern, sollten SPS- und LPS-Korallen gef\u00fcttert werden, nachdem das Licht ausgegangen ist. Korallen wie Zoanthus, Ricordea und andere Pilzkorallen sollten tags\u00fcber gef\u00fcttert werden. Um die beste N\u00e4hrstoffaufnahme zu gew\u00e4hrleisten, sollten alle Nahrungserg\u00e4nzungsmittel und Futtermittel f\u00fcr Korallen direkt in das Aquarium gegeben werden. W\u00e4hrend der F\u00fctterung empfehlen wir, den Absch\u00e4umer f\u00fcr etwa eine Stunde abzuschalten. Ziehen Sie den Deckel nicht zu fest an, sonst k\u00f6nnte der Verschluss besch\u00e4digt werden.<\/span><\/p>\n","protected":false},"excerpt":{"rendered":"<p>Komplexes Aminos\u00e4urepr\u00e4parat.<br \/>\nVerhindert das Ausbleichen von Korallen und verst\u00e4rkt ihre Farben.<\/p>\n","protected":false},"featured_media":11057,"template":"","meta":{"_acf_changed":false,"content-type":""},"product_brand":[],"product_cat":[1152],"product_tag":[966,1104,1120,1417],"class_list":{"0":"post-11069","1":"product","2":"type-product","3":"status-publish","4":"has-post-thumbnail","6":"product_cat-lebensmittel-und-nahrungsergaenzungsmittel","7":"product_tag-aquaforest-de","8":"product_tag-lebensmittel-und-nahrungserganzungsmittel","9":"product_tag-meerwasser-aquarien","10":"product_tag-variable-de","12":"first","13":"instock","14":"taxable","15":"shipping-taxable","16":"purchasable","17":"product-type-variable","18":"has-default-attributes"},"acf":[],"yoast_head":"<!-- This site is optimized with the Yoast SEO plugin v27.1.1 - https:\/\/yoast.com\/product\/yoast-seo-wordpress\/ -->\n<title>AF Amino Mix - Aquaforest<\/title>\n<meta name=\"description\" content=\"AF Amino Mix: Komplexes Aminos\u00e4urepr\u00e4parat zur Unterst\u00fctzung des Wachstums und der F\u00e4rbung von Korallen.\" \/>\n<meta name=\"robots\" content=\"index, follow, max-snippet:-1, max-image-preview:large, max-video-preview:-1\" \/>\n<link rel=\"canonical\" href=\"https:\/\/aquaforest.eu\/de\/produkte\/seawater\/lebensmittel-und-nahrungsergaenzungsmittel\/af-amino-mix\/\" \/>\n<meta property=\"og:locale\" content=\"de_DE\" \/>\n<meta property=\"og:type\" content=\"article\" \/>\n<meta property=\"og:title\" content=\"AF Amino Mix - Aquaforest\" \/>\n<meta property=\"og:description\" content=\"AF Amino Mix: Komplexes Aminos\u00e4urepr\u00e4parat zur Unterst\u00fctzung des Wachstums und der F\u00e4rbung von Korallen.\" \/>\n<meta property=\"og:url\" content=\"https:\/\/aquaforest.eu\/de\/produkte\/seawater\/lebensmittel-und-nahrungsergaenzungsmittel\/af-amino-mix\/\" \/>\n<meta property=\"og:site_name\" content=\"Aquaforest\" \/>\n<meta property=\"article:publisher\" content=\"https:\/\/www.facebook.com\/Aquaforest\/\" \/>\n<meta property=\"article:modified_time\" content=\"2025-02-10T12:27:00+00:00\" \/>\n<meta property=\"og:image\" content=\"https:\/\/aquaforest.eu\/wp-content\/uploads\/2024\/06\/AF-Amino-Mix-10-ml.png\" \/>\n\t<meta property=\"og:image:width\" content=\"277\" \/>\n\t<meta property=\"og:image:height\" content=\"600\" \/>\n\t<meta property=\"og:image:type\" content=\"image\/png\" \/>\n<meta name=\"twitter:card\" content=\"summary_large_image\" \/>\n<meta name=\"twitter:label1\" content=\"Gesch\u00e4tzte Lesezeit\" \/>\n\t<meta name=\"twitter:data1\" content=\"2\u00a0Minuten\" \/>\n<script type=\"application\/ld+json\" class=\"yoast-schema-graph\">{\"@context\":\"https:\/\/schema.org\",\"@graph\":[{\"@type\":\"WebPage\",\"@id\":\"https:\/\/aquaforest.eu\/de\/produkte\/seawater\/lebensmittel-und-nahrungsergaenzungsmittel\/af-amino-mix\/\",\"url\":\"https:\/\/aquaforest.eu\/de\/produkte\/seawater\/lebensmittel-und-nahrungsergaenzungsmittel\/af-amino-mix\/\",\"name\":\"AF Amino Mix - Aquaforest\",\"isPartOf\":{\"@id\":\"https:\/\/aquaforest.eu\/de\/#website\"},\"primaryImageOfPage\":{\"@id\":\"https:\/\/aquaforest.eu\/de\/produkte\/seawater\/lebensmittel-und-nahrungsergaenzungsmittel\/af-amino-mix\/#primaryimage\"},\"image\":{\"@id\":\"https:\/\/aquaforest.eu\/de\/produkte\/seawater\/lebensmittel-und-nahrungsergaenzungsmittel\/af-amino-mix\/#primaryimage\"},\"thumbnailUrl\":\"https:\/\/aquaforest.eu\/wp-content\/uploads\/2024\/06\/AF-Amino-Mix-10-ml.png\",\"datePublished\":\"2024-06-27T01:22:55+00:00\",\"dateModified\":\"2025-02-10T12:27:00+00:00\",\"description\":\"AF Amino Mix: Komplexes Aminos\u00e4urepr\u00e4parat zur Unterst\u00fctzung des Wachstums und der F\u00e4rbung von Korallen.\",\"breadcrumb\":{\"@id\":\"https:\/\/aquaforest.eu\/de\/produkte\/seawater\/lebensmittel-und-nahrungsergaenzungsmittel\/af-amino-mix\/#breadcrumb\"},\"inLanguage\":\"de\",\"potentialAction\":[{\"@type\":\"ReadAction\",\"target\":[\"https:\/\/aquaforest.eu\/de\/produkte\/seawater\/lebensmittel-und-nahrungsergaenzungsmittel\/af-amino-mix\/\"]}]},{\"@type\":\"ImageObject\",\"inLanguage\":\"de\",\"@id\":\"https:\/\/aquaforest.eu\/de\/produkte\/seawater\/lebensmittel-und-nahrungsergaenzungsmittel\/af-amino-mix\/#primaryimage\",\"url\":\"https:\/\/aquaforest.eu\/wp-content\/uploads\/2024\/06\/AF-Amino-Mix-10-ml.png\",\"contentUrl\":\"https:\/\/aquaforest.eu\/wp-content\/uploads\/2024\/06\/AF-Amino-Mix-10-ml.png\",\"width\":277,\"height\":600},{\"@type\":\"BreadcrumbList\",\"@id\":\"https:\/\/aquaforest.eu\/de\/produkte\/seawater\/lebensmittel-und-nahrungsergaenzungsmittel\/af-amino-mix\/#breadcrumb\",\"itemListElement\":[{\"@type\":\"ListItem\",\"position\":1,\"name\":\"Home\",\"item\":\"https:\/\/aquaforest.eu\/de\/\"},{\"@type\":\"ListItem\",\"position\":2,\"name\":\"Produkte\",\"item\":\"https:\/\/aquaforest.eu\/de\/produkte\/\"},{\"@type\":\"ListItem\",\"position\":3,\"name\":\"AF Amino Mix\"}]},{\"@type\":\"WebSite\",\"@id\":\"https:\/\/aquaforest.eu\/de\/#website\",\"url\":\"https:\/\/aquaforest.eu\/de\/\",\"name\":\"Aquaforest\",\"description\":\"\",\"publisher\":{\"@id\":\"https:\/\/aquaforest.eu\/de\/#organization\"},\"potentialAction\":[{\"@type\":\"SearchAction\",\"target\":{\"@type\":\"EntryPoint\",\"urlTemplate\":\"https:\/\/aquaforest.eu\/de\/?s={search_term_string}\"},\"query-input\":{\"@type\":\"PropertyValueSpecification\",\"valueRequired\":true,\"valueName\":\"search_term_string\"}}],\"inLanguage\":\"de\"},{\"@type\":\"Organization\",\"@id\":\"https:\/\/aquaforest.eu\/de\/#organization\",\"name\":\"Aquaforest\",\"url\":\"https:\/\/aquaforest.eu\/de\/\",\"logo\":{\"@type\":\"ImageObject\",\"inLanguage\":\"de\",\"@id\":\"https:\/\/aquaforest.eu\/de\/#\/schema\/logo\/image\/\",\"url\":\"https:\/\/aquaforest.eu\/wp-content\/uploads\/2024\/05\/logotyp-aquaforest.svg\",\"contentUrl\":\"https:\/\/aquaforest.eu\/wp-content\/uploads\/2024\/05\/logotyp-aquaforest.svg\",\"width\":170,\"height\":22,\"caption\":\"Aquaforest\"},\"image\":{\"@id\":\"https:\/\/aquaforest.eu\/de\/#\/schema\/logo\/image\/\"},\"sameAs\":[\"https:\/\/www.facebook.com\/Aquaforest\/\",\"https:\/\/www.instagram.com\/aquaforest.eu\/\"]}]}<\/script>\n<!-- \/ Yoast SEO plugin. -->","yoast_head_json":{"title":"AF Amino Mix - Aquaforest","description":"AF Amino Mix: Komplexes Aminos\u00e4urepr\u00e4parat zur Unterst\u00fctzung des Wachstums und der F\u00e4rbung von Korallen.","robots":{"index":"index","follow":"follow","max-snippet":"max-snippet:-1","max-image-preview":"max-image-preview:large","max-video-preview":"max-video-preview:-1"},"canonical":"https:\/\/aquaforest.eu\/de\/produkte\/seawater\/lebensmittel-und-nahrungsergaenzungsmittel\/af-amino-mix\/","og_locale":"de_DE","og_type":"article","og_title":"AF Amino Mix - Aquaforest","og_description":"AF Amino Mix: Komplexes Aminos\u00e4urepr\u00e4parat zur Unterst\u00fctzung des Wachstums und der F\u00e4rbung von Korallen.","og_url":"https:\/\/aquaforest.eu\/de\/produkte\/seawater\/lebensmittel-und-nahrungsergaenzungsmittel\/af-amino-mix\/","og_site_name":"Aquaforest","article_publisher":"https:\/\/www.facebook.com\/Aquaforest\/","article_modified_time":"2025-02-10T12:27:00+00:00","og_image":[{"width":277,"height":600,"url":"https:\/\/aquaforest.eu\/wp-content\/uploads\/2024\/06\/AF-Amino-Mix-10-ml.png","type":"image\/png"}],"twitter_card":"summary_large_image","twitter_misc":{"Gesch\u00e4tzte Lesezeit":"2\u00a0Minuten"},"schema":{"@context":"https:\/\/schema.org","@graph":[{"@type":"WebPage","@id":"https:\/\/aquaforest.eu\/de\/produkte\/seawater\/lebensmittel-und-nahrungsergaenzungsmittel\/af-amino-mix\/","url":"https:\/\/aquaforest.eu\/de\/produkte\/seawater\/lebensmittel-und-nahrungsergaenzungsmittel\/af-amino-mix\/","name":"AF Amino Mix - Aquaforest","isPartOf":{"@id":"https:\/\/aquaforest.eu\/de\/#website"},"primaryImageOfPage":{"@id":"https:\/\/aquaforest.eu\/de\/produkte\/seawater\/lebensmittel-und-nahrungsergaenzungsmittel\/af-amino-mix\/#primaryimage"},"image":{"@id":"https:\/\/aquaforest.eu\/de\/produkte\/seawater\/lebensmittel-und-nahrungsergaenzungsmittel\/af-amino-mix\/#primaryimage"},"thumbnailUrl":"https:\/\/aquaforest.eu\/wp-content\/uploads\/2024\/06\/AF-Amino-Mix-10-ml.png","datePublished":"2024-06-27T01:22:55+00:00","dateModified":"2025-02-10T12:27:00+00:00","description":"AF Amino Mix: Komplexes Aminos\u00e4urepr\u00e4parat zur Unterst\u00fctzung des Wachstums und der F\u00e4rbung von Korallen.","breadcrumb":{"@id":"https:\/\/aquaforest.eu\/de\/produkte\/seawater\/lebensmittel-und-nahrungsergaenzungsmittel\/af-amino-mix\/#breadcrumb"},"inLanguage":"de","potentialAction":[{"@type":"ReadAction","target":["https:\/\/aquaforest.eu\/de\/produkte\/seawater\/lebensmittel-und-nahrungsergaenzungsmittel\/af-amino-mix\/"]}]},{"@type":"ImageObject","inLanguage":"de","@id":"https:\/\/aquaforest.eu\/de\/produkte\/seawater\/lebensmittel-und-nahrungsergaenzungsmittel\/af-amino-mix\/#primaryimage","url":"https:\/\/aquaforest.eu\/wp-content\/uploads\/2024\/06\/AF-Amino-Mix-10-ml.png","contentUrl":"https:\/\/aquaforest.eu\/wp-content\/uploads\/2024\/06\/AF-Amino-Mix-10-ml.png","width":277,"height":600},{"@type":"BreadcrumbList","@id":"https:\/\/aquaforest.eu\/de\/produkte\/seawater\/lebensmittel-und-nahrungsergaenzungsmittel\/af-amino-mix\/#breadcrumb","itemListElement":[{"@type":"ListItem","position":1,"name":"Home","item":"https:\/\/aquaforest.eu\/de\/"},{"@type":"ListItem","position":2,"name":"Produkte","item":"https:\/\/aquaforest.eu\/de\/produkte\/"},{"@type":"ListItem","position":3,"name":"AF Amino Mix"}]},{"@type":"WebSite","@id":"https:\/\/aquaforest.eu\/de\/#website","url":"https:\/\/aquaforest.eu\/de\/","name":"Aquaforest","description":"","publisher":{"@id":"https:\/\/aquaforest.eu\/de\/#organization"},"potentialAction":[{"@type":"SearchAction","target":{"@type":"EntryPoint","urlTemplate":"https:\/\/aquaforest.eu\/de\/?s={search_term_string}"},"query-input":{"@type":"PropertyValueSpecification","valueRequired":true,"valueName":"search_term_string"}}],"inLanguage":"de"},{"@type":"Organization","@id":"https:\/\/aquaforest.eu\/de\/#organization","name":"Aquaforest","url":"https:\/\/aquaforest.eu\/de\/","logo":{"@type":"ImageObject","inLanguage":"de","@id":"https:\/\/aquaforest.eu\/de\/#\/schema\/logo\/image\/","url":"https:\/\/aquaforest.eu\/wp-content\/uploads\/2024\/05\/logotyp-aquaforest.svg","contentUrl":"https:\/\/aquaforest.eu\/wp-content\/uploads\/2024\/05\/logotyp-aquaforest.svg","width":170,"height":22,"caption":"Aquaforest"},"image":{"@id":"https:\/\/aquaforest.eu\/de\/#\/schema\/logo\/image\/"},"sameAs":["https:\/\/www.facebook.com\/Aquaforest\/","https:\/\/www.instagram.com\/aquaforest.eu\/"]}]}},"_links":{"self":[{"href":"https:\/\/aquaforest.eu\/de\/wp-json\/wp\/v2\/product\/11069","targetHints":{"allow":["GET"]}}],"collection":[{"href":"https:\/\/aquaforest.eu\/de\/wp-json\/wp\/v2\/product"}],"about":[{"href":"https:\/\/aquaforest.eu\/de\/wp-json\/wp\/v2\/types\/product"}],"version-history":[{"count":2,"href":"https:\/\/aquaforest.eu\/de\/wp-json\/wp\/v2\/product\/11069\/revisions"}],"predecessor-version":[{"id":21271,"href":"https:\/\/aquaforest.eu\/de\/wp-json\/wp\/v2\/product\/11069\/revisions\/21271"}],"wp:featuredmedia":[{"embeddable":true,"href":"https:\/\/aquaforest.eu\/de\/wp-json\/wp\/v2\/media\/11057"}],"wp:attachment":[{"href":"https:\/\/aquaforest.eu\/de\/wp-json\/wp\/v2\/media?parent=11069"}],"wp:term":[{"taxonomy":"product_brand","embeddable":true,"href":"https:\/\/aquaforest.eu\/de\/wp-json\/wp\/v2\/product_brand?post=11069"},{"taxonomy":"product_cat","embeddable":true,"href":"https:\/\/aquaforest.eu\/de\/wp-json\/wp\/v2\/product_cat?post=11069"},{"taxonomy":"product_tag","embeddable":true,"href":"https:\/\/aquaforest.eu\/de\/wp-json\/wp\/v2\/product_tag?post=11069"}],"curies":[{"name":"wp","href":"https:\/\/api.w.org\/{rel}","templated":true}]}}