{"id":11072,"date":"2024-06-27T03:14:22","date_gmt":"2024-06-27T01:14:22","guid":{"rendered":"https:\/\/aquaforest.eu\/products\/unkategorisiert\/af-vitalitaet\/"},"modified":"2024-11-12T15:32:19","modified_gmt":"2024-11-12T14:32:19","slug":"af-vitality","status":"publish","type":"product","link":"https:\/\/aquaforest.eu\/de\/produkte\/seawater\/lebensmittel-und-nahrungsergaenzungsmittel\/af-vitality\/","title":{"rendered":"AF Vitality"},"content":{"rendered":"<h4 class=\"fusion-responsive-typography-calculated\" data-fontsize=\"22\" data-lineheight=\"27.5px\">Einzigartige Mischung von Vitaminen f\u00fcr Ihre Korallen<\/h4>\n<p>Ein Erg\u00e4nzungsmittel mit konzentrierten Vitaminen f\u00fcr Korallen.<br \/>\nDie Verwendung von Ozonatoren, Aktivkohlepatronen und starken Absch\u00e4umern kann zu einer Sterilisierung des Wassers und infolgedessen zu Vitaminmangel f\u00fchren.<br \/>\nAF Vitality erg\u00e4nzt das Wasser mit allen notwendigen Vitaminen, die durch das Filtersystem in einem geschlossenen Aquariensystem entfernt werden.<br \/>\nUm die wichtigsten Bestandteile f\u00fcr die richtige Entwicklung der Korallen zu liefern, basiert die einzigartige Formel auf B-Vitaminen.<\/p>\n<p>&nbsp;<\/p>\n<hr \/>\n<h4 data-fontsize=\"22\" data-lineheight=\"27.5px\"><\/h4>\n<h4 class=\"fusion-responsive-typography-calculated\" data-fontsize=\"22\" data-lineheight=\"27.5px\">Verbessert die F\u00e4rbung und das Wachstum der Korallen<\/h4>\n<p>AF Vitality ist ein spezielles Vitaminset, das entwickelt wurde, um die beste Korallenf\u00e4rbung zu erzielen.<br \/>\nEs verst\u00e4rkt die Intensit\u00e4t der Farben und bietet den Bewohnern des Aquariums einen kontinuierlichen Zugang zu Vitaminen, die den Zustand der Korallen verbessern.<br \/>\nDas Produkt enth\u00e4lt Vitamine: A, B1, B2, B6, B12, C, D3, E und K3.<br \/>\nDank seiner einzigartigen Zusammensetzung schafft es ein optimales Milieu mit gleichbleibenden Parametern, das den Korallen ideale Bedingungen f\u00fcr ihre Entwicklung und wunderbare F\u00e4rbung bietet.<br \/>\nAF Vitality erg\u00e4nzt das Wasser mit Vitaminen, die f\u00fcr die Entwicklung der Korallen notwendig sind, und garantiert ihnen ein gesundes Wachstum und eine hohe Immunit\u00e4t.<\/p>\n<p>&nbsp;<\/p>\n<hr \/>\n<h4 data-fontsize=\"22\" data-lineheight=\"27.5px\"><\/h4>\n<h4 class=\"fusion-responsive-typography-calculated\" data-fontsize=\"22\" data-lineheight=\"27.5px\">AF Vitality &#8211; Unterst\u00fctzung f\u00fcr eine gesunde Entwicklung der Korallen<\/h4>\n<p><strong>Dosierung:<\/strong> 1 Tropfen pro 100 Liter Wasser jeden zweiten Tag nach Sonnenuntergang. Nicht verd\u00fcnnen. Mischen Sie es nicht mit anderen Produkten in einem Beh\u00e4lter. Das Produkt kann mit einer Dosierpumpe dosiert werden, sofern diese Tropfen abgibt. Nach dem \u00d6ffnen im K\u00fchlschrank aufbewahren, wenn die Temperatur 24\u00b0C (75\u00b0F) \u00fcbersteigt.<\/p>\n<p><strong>Wissenswert<\/strong>: Alle Korallenerg\u00e4nzungsmittel haben eine empfohlene Dosierung von 1 Tropfen pro 100 l Wasser, aber es ist wichtig, dass jedes Aquarium anders ist und die Dosierung je nach Korallenbesatz variieren kann. Wir empfehlen, mit der Dosierung von Futter und Erg\u00e4nzungsmitteln bei der H\u00e4lfte der Dosis (sogar \u00bc) zu beginnen und die Korallen und ihre Reaktionen auf das verabreichte Futter zu beobachten. Sobald das Aquarium keine Anzeichen einer \u00dcberdosierung zeigt, empfehlen wir, die Dosierung auf die Zieldosis zu erh\u00f6hen. Um die Futteraufnahme zu erleichtern, sollten SPS- und LPS-Korallen gef\u00fcttert werden, nachdem das Licht ausgegangen ist. Korallen wie Zoanthus, Ricordea und andere Pilzkorallen sollten tags\u00fcber gef\u00fcttert werden. Um die beste N\u00e4hrstoffaufnahme zu gew\u00e4hrleisten, sollten alle Nahrungserg\u00e4nzungsmittel und Futtermittel f\u00fcr Korallen direkt in das Aquarium gegeben werden. W\u00e4hrend der F\u00fctterung empfehlen wir, den Absch\u00e4umer f\u00fcr etwa eine Stunde abzuschalten. Die Bildung von Sedimenten ist nat\u00fcrlich und beeintr\u00e4chtigt die Qualit\u00e4t des Produkts nicht. Vor Gebrauch sch\u00fctteln.<\/p>\n","protected":false},"excerpt":{"rendered":"<p>Nahrungserg\u00e4nzungsmittel f\u00fcr die Gesundheit der Korallen. Ein spezielles Vitaminset, das entwickelt wurde, um die beste Korallenf\u00e4rbung zu erhalten.<\/p>\n","protected":false},"featured_media":11113,"template":"","meta":{"_acf_changed":false,"content-type":""},"product_brand":[],"product_cat":[1152],"product_tag":[966,1104,1120,1417],"class_list":{"0":"post-11072","1":"product","2":"type-product","3":"status-publish","4":"has-post-thumbnail","6":"product_cat-lebensmittel-und-nahrungsergaenzungsmittel","7":"product_tag-aquaforest-de","8":"product_tag-lebensmittel-und-nahrungserganzungsmittel","9":"product_tag-meerwasser-aquarien","10":"product_tag-variable-de","12":"first","13":"instock","14":"taxable","15":"shipping-taxable","16":"purchasable","17":"product-type-variable","18":"has-default-attributes"},"acf":[],"yoast_head":"<!-- This site is optimized with the Yoast SEO plugin v27.1.1 - https:\/\/yoast.com\/product\/yoast-seo-wordpress\/ -->\n<title>AF Vitality - Aquaforest<\/title>\n<meta name=\"description\" content=\"AF Vitality von Aquaforest: umfassendes Erg\u00e4nzungsmittel f\u00fcr die Gesundheit der Korallen. Zuverl\u00e4ssige Formel, angereichert mit Vitaminen und Mineralien f\u00fcr eine optimale Entwicklung und Immunit\u00e4t.\" \/>\n<meta name=\"robots\" content=\"index, follow, max-snippet:-1, max-image-preview:large, max-video-preview:-1\" \/>\n<link rel=\"canonical\" href=\"https:\/\/aquaforest.eu\/de\/produkte\/seawater\/lebensmittel-und-nahrungsergaenzungsmittel\/af-vitality\/\" \/>\n<meta property=\"og:locale\" content=\"de_DE\" \/>\n<meta property=\"og:type\" content=\"article\" \/>\n<meta property=\"og:title\" content=\"AF Vitality - Aquaforest\" \/>\n<meta property=\"og:description\" content=\"AF Vitality von Aquaforest: umfassendes Erg\u00e4nzungsmittel f\u00fcr die Gesundheit der Korallen. Zuverl\u00e4ssige Formel, angereichert mit Vitaminen und Mineralien f\u00fcr eine optimale Entwicklung und Immunit\u00e4t.\" \/>\n<meta property=\"og:url\" content=\"https:\/\/aquaforest.eu\/de\/produkte\/seawater\/lebensmittel-und-nahrungsergaenzungsmittel\/af-vitality\/\" \/>\n<meta property=\"og:site_name\" content=\"Aquaforest\" \/>\n<meta property=\"article:publisher\" content=\"https:\/\/www.facebook.com\/Aquaforest\/\" \/>\n<meta property=\"article:modified_time\" content=\"2024-11-12T14:32:19+00:00\" \/>\n<meta property=\"og:image\" content=\"https:\/\/aquaforest.eu\/wp-content\/uploads\/2024\/06\/AF-Vitality-10-ml.png\" \/>\n\t<meta property=\"og:image:width\" content=\"277\" \/>\n\t<meta property=\"og:image:height\" content=\"600\" \/>\n\t<meta property=\"og:image:type\" content=\"image\/png\" \/>\n<meta name=\"twitter:card\" content=\"summary_large_image\" \/>\n<meta name=\"twitter:label1\" content=\"Gesch\u00e4tzte Lesezeit\" \/>\n\t<meta name=\"twitter:data1\" content=\"2\u00a0Minuten\" \/>\n<script type=\"application\/ld+json\" class=\"yoast-schema-graph\">{\"@context\":\"https:\/\/schema.org\",\"@graph\":[{\"@type\":\"WebPage\",\"@id\":\"https:\/\/aquaforest.eu\/de\/produkte\/seawater\/lebensmittel-und-nahrungsergaenzungsmittel\/af-vitality\/\",\"url\":\"https:\/\/aquaforest.eu\/de\/produkte\/seawater\/lebensmittel-und-nahrungsergaenzungsmittel\/af-vitality\/\",\"name\":\"AF Vitality - Aquaforest\",\"isPartOf\":{\"@id\":\"https:\/\/aquaforest.eu\/de\/#website\"},\"primaryImageOfPage\":{\"@id\":\"https:\/\/aquaforest.eu\/de\/produkte\/seawater\/lebensmittel-und-nahrungsergaenzungsmittel\/af-vitality\/#primaryimage\"},\"image\":{\"@id\":\"https:\/\/aquaforest.eu\/de\/produkte\/seawater\/lebensmittel-und-nahrungsergaenzungsmittel\/af-vitality\/#primaryimage\"},\"thumbnailUrl\":\"https:\/\/aquaforest.eu\/wp-content\/uploads\/2024\/06\/AF-Vitality-10-ml.png\",\"datePublished\":\"2024-06-27T01:14:22+00:00\",\"dateModified\":\"2024-11-12T14:32:19+00:00\",\"description\":\"AF Vitality von Aquaforest: umfassendes Erg\u00e4nzungsmittel f\u00fcr die Gesundheit der Korallen. Zuverl\u00e4ssige Formel, angereichert mit Vitaminen und Mineralien f\u00fcr eine optimale Entwicklung und Immunit\u00e4t.\",\"breadcrumb\":{\"@id\":\"https:\/\/aquaforest.eu\/de\/produkte\/seawater\/lebensmittel-und-nahrungsergaenzungsmittel\/af-vitality\/#breadcrumb\"},\"inLanguage\":\"de\",\"potentialAction\":[{\"@type\":\"ReadAction\",\"target\":[\"https:\/\/aquaforest.eu\/de\/produkte\/seawater\/lebensmittel-und-nahrungsergaenzungsmittel\/af-vitality\/\"]}]},{\"@type\":\"ImageObject\",\"inLanguage\":\"de\",\"@id\":\"https:\/\/aquaforest.eu\/de\/produkte\/seawater\/lebensmittel-und-nahrungsergaenzungsmittel\/af-vitality\/#primaryimage\",\"url\":\"https:\/\/aquaforest.eu\/wp-content\/uploads\/2024\/06\/AF-Vitality-10-ml.png\",\"contentUrl\":\"https:\/\/aquaforest.eu\/wp-content\/uploads\/2024\/06\/AF-Vitality-10-ml.png\",\"width\":277,\"height\":600},{\"@type\":\"BreadcrumbList\",\"@id\":\"https:\/\/aquaforest.eu\/de\/produkte\/seawater\/lebensmittel-und-nahrungsergaenzungsmittel\/af-vitality\/#breadcrumb\",\"itemListElement\":[{\"@type\":\"ListItem\",\"position\":1,\"name\":\"Home\",\"item\":\"https:\/\/aquaforest.eu\/de\/\"},{\"@type\":\"ListItem\",\"position\":2,\"name\":\"Produkte\",\"item\":\"https:\/\/aquaforest.eu\/de\/produkte\/\"},{\"@type\":\"ListItem\",\"position\":3,\"name\":\"AF Vitality\"}]},{\"@type\":\"WebSite\",\"@id\":\"https:\/\/aquaforest.eu\/de\/#website\",\"url\":\"https:\/\/aquaforest.eu\/de\/\",\"name\":\"Aquaforest\",\"description\":\"\",\"publisher\":{\"@id\":\"https:\/\/aquaforest.eu\/de\/#organization\"},\"potentialAction\":[{\"@type\":\"SearchAction\",\"target\":{\"@type\":\"EntryPoint\",\"urlTemplate\":\"https:\/\/aquaforest.eu\/de\/?s={search_term_string}\"},\"query-input\":{\"@type\":\"PropertyValueSpecification\",\"valueRequired\":true,\"valueName\":\"search_term_string\"}}],\"inLanguage\":\"de\"},{\"@type\":\"Organization\",\"@id\":\"https:\/\/aquaforest.eu\/de\/#organization\",\"name\":\"Aquaforest\",\"url\":\"https:\/\/aquaforest.eu\/de\/\",\"logo\":{\"@type\":\"ImageObject\",\"inLanguage\":\"de\",\"@id\":\"https:\/\/aquaforest.eu\/de\/#\/schema\/logo\/image\/\",\"url\":\"https:\/\/aquaforest.eu\/wp-content\/uploads\/2024\/05\/logotyp-aquaforest.svg\",\"contentUrl\":\"https:\/\/aquaforest.eu\/wp-content\/uploads\/2024\/05\/logotyp-aquaforest.svg\",\"width\":170,\"height\":22,\"caption\":\"Aquaforest\"},\"image\":{\"@id\":\"https:\/\/aquaforest.eu\/de\/#\/schema\/logo\/image\/\"},\"sameAs\":[\"https:\/\/www.facebook.com\/Aquaforest\/\",\"https:\/\/www.instagram.com\/aquaforest.eu\/\"]}]}<\/script>\n<!-- \/ Yoast SEO plugin. -->","yoast_head_json":{"title":"AF Vitality - Aquaforest","description":"AF Vitality von Aquaforest: umfassendes Erg\u00e4nzungsmittel f\u00fcr die Gesundheit der Korallen. Zuverl\u00e4ssige Formel, angereichert mit Vitaminen und Mineralien f\u00fcr eine optimale Entwicklung und Immunit\u00e4t.","robots":{"index":"index","follow":"follow","max-snippet":"max-snippet:-1","max-image-preview":"max-image-preview:large","max-video-preview":"max-video-preview:-1"},"canonical":"https:\/\/aquaforest.eu\/de\/produkte\/seawater\/lebensmittel-und-nahrungsergaenzungsmittel\/af-vitality\/","og_locale":"de_DE","og_type":"article","og_title":"AF Vitality - Aquaforest","og_description":"AF Vitality von Aquaforest: umfassendes Erg\u00e4nzungsmittel f\u00fcr die Gesundheit der Korallen. Zuverl\u00e4ssige Formel, angereichert mit Vitaminen und Mineralien f\u00fcr eine optimale Entwicklung und Immunit\u00e4t.","og_url":"https:\/\/aquaforest.eu\/de\/produkte\/seawater\/lebensmittel-und-nahrungsergaenzungsmittel\/af-vitality\/","og_site_name":"Aquaforest","article_publisher":"https:\/\/www.facebook.com\/Aquaforest\/","article_modified_time":"2024-11-12T14:32:19+00:00","og_image":[{"width":277,"height":600,"url":"https:\/\/aquaforest.eu\/wp-content\/uploads\/2024\/06\/AF-Vitality-10-ml.png","type":"image\/png"}],"twitter_card":"summary_large_image","twitter_misc":{"Gesch\u00e4tzte Lesezeit":"2\u00a0Minuten"},"schema":{"@context":"https:\/\/schema.org","@graph":[{"@type":"WebPage","@id":"https:\/\/aquaforest.eu\/de\/produkte\/seawater\/lebensmittel-und-nahrungsergaenzungsmittel\/af-vitality\/","url":"https:\/\/aquaforest.eu\/de\/produkte\/seawater\/lebensmittel-und-nahrungsergaenzungsmittel\/af-vitality\/","name":"AF Vitality - Aquaforest","isPartOf":{"@id":"https:\/\/aquaforest.eu\/de\/#website"},"primaryImageOfPage":{"@id":"https:\/\/aquaforest.eu\/de\/produkte\/seawater\/lebensmittel-und-nahrungsergaenzungsmittel\/af-vitality\/#primaryimage"},"image":{"@id":"https:\/\/aquaforest.eu\/de\/produkte\/seawater\/lebensmittel-und-nahrungsergaenzungsmittel\/af-vitality\/#primaryimage"},"thumbnailUrl":"https:\/\/aquaforest.eu\/wp-content\/uploads\/2024\/06\/AF-Vitality-10-ml.png","datePublished":"2024-06-27T01:14:22+00:00","dateModified":"2024-11-12T14:32:19+00:00","description":"AF Vitality von Aquaforest: umfassendes Erg\u00e4nzungsmittel f\u00fcr die Gesundheit der Korallen. Zuverl\u00e4ssige Formel, angereichert mit Vitaminen und Mineralien f\u00fcr eine optimale Entwicklung und Immunit\u00e4t.","breadcrumb":{"@id":"https:\/\/aquaforest.eu\/de\/produkte\/seawater\/lebensmittel-und-nahrungsergaenzungsmittel\/af-vitality\/#breadcrumb"},"inLanguage":"de","potentialAction":[{"@type":"ReadAction","target":["https:\/\/aquaforest.eu\/de\/produkte\/seawater\/lebensmittel-und-nahrungsergaenzungsmittel\/af-vitality\/"]}]},{"@type":"ImageObject","inLanguage":"de","@id":"https:\/\/aquaforest.eu\/de\/produkte\/seawater\/lebensmittel-und-nahrungsergaenzungsmittel\/af-vitality\/#primaryimage","url":"https:\/\/aquaforest.eu\/wp-content\/uploads\/2024\/06\/AF-Vitality-10-ml.png","contentUrl":"https:\/\/aquaforest.eu\/wp-content\/uploads\/2024\/06\/AF-Vitality-10-ml.png","width":277,"height":600},{"@type":"BreadcrumbList","@id":"https:\/\/aquaforest.eu\/de\/produkte\/seawater\/lebensmittel-und-nahrungsergaenzungsmittel\/af-vitality\/#breadcrumb","itemListElement":[{"@type":"ListItem","position":1,"name":"Home","item":"https:\/\/aquaforest.eu\/de\/"},{"@type":"ListItem","position":2,"name":"Produkte","item":"https:\/\/aquaforest.eu\/de\/produkte\/"},{"@type":"ListItem","position":3,"name":"AF Vitality"}]},{"@type":"WebSite","@id":"https:\/\/aquaforest.eu\/de\/#website","url":"https:\/\/aquaforest.eu\/de\/","name":"Aquaforest","description":"","publisher":{"@id":"https:\/\/aquaforest.eu\/de\/#organization"},"potentialAction":[{"@type":"SearchAction","target":{"@type":"EntryPoint","urlTemplate":"https:\/\/aquaforest.eu\/de\/?s={search_term_string}"},"query-input":{"@type":"PropertyValueSpecification","valueRequired":true,"valueName":"search_term_string"}}],"inLanguage":"de"},{"@type":"Organization","@id":"https:\/\/aquaforest.eu\/de\/#organization","name":"Aquaforest","url":"https:\/\/aquaforest.eu\/de\/","logo":{"@type":"ImageObject","inLanguage":"de","@id":"https:\/\/aquaforest.eu\/de\/#\/schema\/logo\/image\/","url":"https:\/\/aquaforest.eu\/wp-content\/uploads\/2024\/05\/logotyp-aquaforest.svg","contentUrl":"https:\/\/aquaforest.eu\/wp-content\/uploads\/2024\/05\/logotyp-aquaforest.svg","width":170,"height":22,"caption":"Aquaforest"},"image":{"@id":"https:\/\/aquaforest.eu\/de\/#\/schema\/logo\/image\/"},"sameAs":["https:\/\/www.facebook.com\/Aquaforest\/","https:\/\/www.instagram.com\/aquaforest.eu\/"]}]}},"_links":{"self":[{"href":"https:\/\/aquaforest.eu\/de\/wp-json\/wp\/v2\/product\/11072","targetHints":{"allow":["GET"]}}],"collection":[{"href":"https:\/\/aquaforest.eu\/de\/wp-json\/wp\/v2\/product"}],"about":[{"href":"https:\/\/aquaforest.eu\/de\/wp-json\/wp\/v2\/types\/product"}],"version-history":[{"count":0,"href":"https:\/\/aquaforest.eu\/de\/wp-json\/wp\/v2\/product\/11072\/revisions"}],"wp:featuredmedia":[{"embeddable":true,"href":"https:\/\/aquaforest.eu\/de\/wp-json\/wp\/v2\/media\/11113"}],"wp:attachment":[{"href":"https:\/\/aquaforest.eu\/de\/wp-json\/wp\/v2\/media?parent=11072"}],"wp:term":[{"taxonomy":"product_brand","embeddable":true,"href":"https:\/\/aquaforest.eu\/de\/wp-json\/wp\/v2\/product_brand?post=11072"},{"taxonomy":"product_cat","embeddable":true,"href":"https:\/\/aquaforest.eu\/de\/wp-json\/wp\/v2\/product_cat?post=11072"},{"taxonomy":"product_tag","embeddable":true,"href":"https:\/\/aquaforest.eu\/de\/wp-json\/wp\/v2\/product_tag?post=11072"}],"curies":[{"name":"wp","href":"https:\/\/api.w.org\/{rel}","templated":true}]}}