{"id":11079,"date":"2024-06-27T03:18:13","date_gmt":"2024-06-27T01:18:13","guid":{"rendered":"https:\/\/aquaforest.eu\/products\/unkategorisiert\/af-kraftelixier\/"},"modified":"2026-04-30T13:45:23","modified_gmt":"2026-04-30T11:45:23","slug":"af-power-elixir","status":"publish","type":"product","link":"https:\/\/aquaforest.eu\/de\/produkte\/seawater\/lebensmittel-und-nahrungsergaenzungsmittel\/af-power-elixir\/","title":{"rendered":"AF Power Elixir"},"content":{"rendered":"<h3 class=\"fusion-responsive-typography-calculated\" data-fontsize=\"22\" data-lineheight=\"27.5px\"><strong><span style=\"color: #000000;\">Mischung aus Aminos\u00e4uren und Vitaminen f\u00fcr verbessertes Wachstum, F\u00e4rbung und Immunit\u00e4t<\/span><\/strong><\/h3>\n<p><span style=\"color: #000000;\">Fr\u00fcher glaubte man, dass Korallen ihren gesamten N\u00e4hrstoffbedarf durch die Sonne &#8211; auch bekannt als unsere Beckenbeleuchtung &#8211; decken.<\/span><br \/>\n<span style=\"color: #000000;\">Fortschritte in der j\u00fcngsten wissenschaftlichen Forschung haben gezeigt, wie sehr Korallen (kleinpolypige Steinkorallen (SPS) oder gro\u00dfpolypige Steinkorallen (LPS)) von einer regelm\u00e4\u00dfigen F\u00fctterung mit Aminos\u00e4uren und ausgew\u00e4hlten Vitaminen profitieren k\u00f6nnen, um ein besseres Wachstum, eine bessere F\u00e4rbung und eine bessere Widerstandsf\u00e4higkeit gegen Stressfaktoren zu erreichen.<\/span><\/p>\n<hr \/>\n<h3 class=\"fusion-responsive-typography-calculated\" data-fontsize=\"22\" data-lineheight=\"27.5px\"><strong><span style=\"color: #000000;\">Erforschung der Bedeutung von Aminos\u00e4uren als Proteinbausteine<\/span><\/strong><\/h3>\n<p><span style=\"color: #000000;\">Was sind also Aminos\u00e4uren? Aminos\u00e4uren sind die Bausteine von Proteinen. Ohne Proteine k\u00f6nnen Korallen kein neues Gewebe bilden, keine weiteren Skelettstrukturen aufbauen und keine Stoffwechselaktivit\u00e4ten durchf\u00fchren. Daher spielen Aminos\u00e4uren eine wichtige Rolle f\u00fcr die Gesundheit der Korallen, die Verdauung und eine lebendige F\u00e4rbung mit einer l\u00e4ngeren Ausdehnung der Polypen. \u00c4hnlich wie Aminos\u00e4uren spielen auch Vitamine eine wichtige Rolle bei der Versorgung der Korallen mit zus\u00e4tzlichen N\u00e4hrstoffen, um ein besseres Wachstum, eine bessere F\u00e4rbung und eine st\u00e4rkere symbiotische Beziehung mit ihren Zooxanthellen zu unterst\u00fctzen.<\/span><\/p>\n<hr \/>\n<h3><span style=\"color: #000000;\"><b>Was ist AF Power Elixir?<\/b><\/span><\/h3>\n<ul>\n<li aria-level=\"1\"><span style=\"color: #000000;\">Eine propriet\u00e4re Mischung aus perfekt ausgewogenen komplexen Aminos\u00e4uren und Vitaminen<\/span><\/li>\n<li aria-level=\"1\"><span style=\"color: #000000;\">F\u00f6rdert die F\u00e4rbung der Zooxanthellen der Korallen durch kontinuierlichen Zugang zu hochwertigen N\u00e4hrstoffen<\/span><\/li>\n<li aria-level=\"1\"><span style=\"color: #000000;\">Unterst\u00fctzt die Photosynthese und das nat\u00fcrliche Wachstum der Korallen<\/span><\/li>\n<li aria-level=\"1\"><span style=\"color: #000000;\">Entwickelt, um selbst die Bed\u00fcrfnisse der anspruchsvollsten und empfindlichsten Korallen zu \u00fcbertreffen<\/span><\/li>\n<\/ul>\n<hr \/>\n<h3><span style=\"color: #000000;\"><b>Warum AF Power Elixir kaufen?<\/b><\/span><\/h3>\n<ul>\n<li aria-level=\"1\"><span style=\"color: #000000;\">Wissenschaftlich getestet und bewiesen, dass es das Korallenwachstum deutlich beschleunigt<\/span><\/li>\n<li aria-level=\"1\"><span style=\"color: #000000;\">Entwickelt f\u00fcr den Anschluss an eine Dosierpumpe<\/span><\/li>\n<li aria-level=\"1\"><span style=\"color: #000000;\">Keine K\u00fchlung, Verd\u00fcnnung oder Sch\u00fctteln erforderlich<\/span><\/li>\n<li aria-level=\"1\"><span style=\"color: #000000;\">Enth\u00e4lt keine sch\u00e4dlichen Substanzen, die die Tankchemie durcheinander bringen k\u00f6nnen<\/span><\/li>\n<\/ul>\n<hr \/>\n<p><span style=\"color: #000000;\"><strong>Dosierung:<\/strong> 4 ml\/100 l Aquarienwasser t\u00e4glich bei einem durchschnittlichen Korallenbesatz. Es erfordert keine vorherige Vorbereitung. Nach dem \u00d6ffnen des Produkts ist es sofort einsatzbereit, schlie\u00dfen Sie es einfach an die Dosierpumpe an. Bei manueller Dosierung geben Sie die gesamte empfohlene Dosis in das Aquarium. Nach dem \u00d6ffnen bei Raumtemperatur bis zu 30 Tage aufbewahren. F\u00fcr die Dosierpumpe empfehlen wir, die monatliche Dosis abzumessen und in den Beh\u00e4lter zu gie\u00dfen, aus dem sie dosiert werden soll. Der Rest des Produkts sollte gek\u00fchlt aufbewahrt und innerhalb von 6 Monaten verbraucht werden. Au\u00dferhalb der Reichweite von Kindern aufbewahren. Das Produkt ist nur f\u00fcr den Gebrauch im Aquarium bestimmt. Nicht f\u00fcr den menschlichen Verzehr geeignet.<\/span><\/p>\n","protected":false},"excerpt":{"rendered":"<p>Hochentwickeltes Erg\u00e4nzungsmittel, perfekt f\u00fcr Dosierpumpen. F\u00f6rdert die F\u00e4rbung der Zooxanthellen der Korallen durch kontinuierlichen Zugang zu hochwertigen N\u00e4hrstoffen.<\/p>\n","protected":false},"featured_media":11099,"template":"","meta":{"_acf_changed":false,"content-type":""},"product_brand":[],"product_cat":[1152],"product_tag":[966,1104,1120,1417],"class_list":{"0":"post-11079","1":"product","2":"type-product","3":"status-publish","4":"has-post-thumbnail","6":"product_cat-lebensmittel-und-nahrungsergaenzungsmittel","7":"product_tag-aquaforest-de","8":"product_tag-lebensmittel-und-nahrungserganzungsmittel","9":"product_tag-meerwasser-aquarien","10":"product_tag-variable-de","12":"first","13":"instock","14":"taxable","15":"shipping-taxable","16":"purchasable","17":"product-type-variable","18":"has-default-attributes"},"acf":[],"yoast_head":"<!-- This site is optimized with the Yoast SEO plugin v27.1.1 - https:\/\/yoast.com\/product\/yoast-seo-wordpress\/ -->\n<title>AF Power Elixir - Aquaforest<\/title>\n<meta name=\"description\" content=\"Hochentwickeltes Erg\u00e4nzungsmittel, perfekt f\u00fcr Dosierpumpen. F\u00f6rdert die F\u00e4rbung der Zooxanthellen der Korallen durch kontinuierlichen Zugang zu hochwertigen N\u00e4hrstoffen.\" \/>\n<meta name=\"robots\" content=\"index, follow, max-snippet:-1, max-image-preview:large, max-video-preview:-1\" \/>\n<link rel=\"canonical\" href=\"https:\/\/aquaforest.eu\/de\/produkte\/seawater\/lebensmittel-und-nahrungsergaenzungsmittel\/af-power-elixir\/\" \/>\n<meta property=\"og:locale\" content=\"de_DE\" \/>\n<meta property=\"og:type\" content=\"article\" \/>\n<meta property=\"og:title\" content=\"AF Power Elixir - Aquaforest\" \/>\n<meta property=\"og:description\" content=\"Hochentwickeltes Erg\u00e4nzungsmittel, perfekt f\u00fcr Dosierpumpen. F\u00f6rdert die F\u00e4rbung der Zooxanthellen der Korallen durch kontinuierlichen Zugang zu hochwertigen N\u00e4hrstoffen.\" \/>\n<meta property=\"og:url\" content=\"https:\/\/aquaforest.eu\/de\/produkte\/seawater\/lebensmittel-und-nahrungsergaenzungsmittel\/af-power-elixir\/\" \/>\n<meta property=\"og:site_name\" content=\"Aquaforest\" \/>\n<meta property=\"article:publisher\" content=\"https:\/\/www.facebook.com\/Aquaforest\/\" \/>\n<meta property=\"article:modified_time\" content=\"2026-04-30T11:45:23+00:00\" \/>\n<meta property=\"og:image\" content=\"https:\/\/aquaforest.eu\/wp-content\/uploads\/2024\/06\/AF-Power-Elixir_200-ml.png\" \/>\n\t<meta property=\"og:image:width\" content=\"330\" \/>\n\t<meta property=\"og:image:height\" content=\"600\" \/>\n\t<meta property=\"og:image:type\" content=\"image\/png\" \/>\n<meta name=\"twitter:card\" content=\"summary_large_image\" \/>\n<meta name=\"twitter:label1\" content=\"Gesch\u00e4tzte Lesezeit\" \/>\n\t<meta name=\"twitter:data1\" content=\"2\u00a0Minuten\" \/>\n<script type=\"application\/ld+json\" class=\"yoast-schema-graph\">{\"@context\":\"https:\/\/schema.org\",\"@graph\":[{\"@type\":\"WebPage\",\"@id\":\"https:\/\/aquaforest.eu\/de\/produkte\/seawater\/lebensmittel-und-nahrungsergaenzungsmittel\/af-power-elixir\/\",\"url\":\"https:\/\/aquaforest.eu\/de\/produkte\/seawater\/lebensmittel-und-nahrungsergaenzungsmittel\/af-power-elixir\/\",\"name\":\"AF Power Elixir - Aquaforest\",\"isPartOf\":{\"@id\":\"https:\/\/aquaforest.eu\/de\/#website\"},\"primaryImageOfPage\":{\"@id\":\"https:\/\/aquaforest.eu\/de\/produkte\/seawater\/lebensmittel-und-nahrungsergaenzungsmittel\/af-power-elixir\/#primaryimage\"},\"image\":{\"@id\":\"https:\/\/aquaforest.eu\/de\/produkte\/seawater\/lebensmittel-und-nahrungsergaenzungsmittel\/af-power-elixir\/#primaryimage\"},\"thumbnailUrl\":\"https:\/\/aquaforest.eu\/wp-content\/uploads\/2024\/06\/AF-Power-Elixir_200-ml.png\",\"datePublished\":\"2024-06-27T01:18:13+00:00\",\"dateModified\":\"2026-04-30T11:45:23+00:00\",\"description\":\"Hochentwickeltes Erg\u00e4nzungsmittel, perfekt f\u00fcr Dosierpumpen. F\u00f6rdert die F\u00e4rbung der Zooxanthellen der Korallen durch kontinuierlichen Zugang zu hochwertigen N\u00e4hrstoffen.\",\"breadcrumb\":{\"@id\":\"https:\/\/aquaforest.eu\/de\/produkte\/seawater\/lebensmittel-und-nahrungsergaenzungsmittel\/af-power-elixir\/#breadcrumb\"},\"inLanguage\":\"de\",\"potentialAction\":[{\"@type\":\"ReadAction\",\"target\":[\"https:\/\/aquaforest.eu\/de\/produkte\/seawater\/lebensmittel-und-nahrungsergaenzungsmittel\/af-power-elixir\/\"]}]},{\"@type\":\"ImageObject\",\"inLanguage\":\"de\",\"@id\":\"https:\/\/aquaforest.eu\/de\/produkte\/seawater\/lebensmittel-und-nahrungsergaenzungsmittel\/af-power-elixir\/#primaryimage\",\"url\":\"https:\/\/aquaforest.eu\/wp-content\/uploads\/2024\/06\/AF-Power-Elixir_200-ml.png\",\"contentUrl\":\"https:\/\/aquaforest.eu\/wp-content\/uploads\/2024\/06\/AF-Power-Elixir_200-ml.png\",\"width\":330,\"height\":600,\"caption\":\"AF Power Elixir 200ml\"},{\"@type\":\"BreadcrumbList\",\"@id\":\"https:\/\/aquaforest.eu\/de\/produkte\/seawater\/lebensmittel-und-nahrungsergaenzungsmittel\/af-power-elixir\/#breadcrumb\",\"itemListElement\":[{\"@type\":\"ListItem\",\"position\":1,\"name\":\"Home\",\"item\":\"https:\/\/aquaforest.eu\/de\/\"},{\"@type\":\"ListItem\",\"position\":2,\"name\":\"Produkte\",\"item\":\"https:\/\/aquaforest.eu\/de\/produkte\/\"},{\"@type\":\"ListItem\",\"position\":3,\"name\":\"AF Power Elixir\"}]},{\"@type\":\"WebSite\",\"@id\":\"https:\/\/aquaforest.eu\/de\/#website\",\"url\":\"https:\/\/aquaforest.eu\/de\/\",\"name\":\"Aquaforest\",\"description\":\"\",\"publisher\":{\"@id\":\"https:\/\/aquaforest.eu\/de\/#organization\"},\"potentialAction\":[{\"@type\":\"SearchAction\",\"target\":{\"@type\":\"EntryPoint\",\"urlTemplate\":\"https:\/\/aquaforest.eu\/de\/?s={search_term_string}\"},\"query-input\":{\"@type\":\"PropertyValueSpecification\",\"valueRequired\":true,\"valueName\":\"search_term_string\"}}],\"inLanguage\":\"de\"},{\"@type\":\"Organization\",\"@id\":\"https:\/\/aquaforest.eu\/de\/#organization\",\"name\":\"Aquaforest\",\"url\":\"https:\/\/aquaforest.eu\/de\/\",\"logo\":{\"@type\":\"ImageObject\",\"inLanguage\":\"de\",\"@id\":\"https:\/\/aquaforest.eu\/de\/#\/schema\/logo\/image\/\",\"url\":\"https:\/\/aquaforest.eu\/wp-content\/uploads\/2024\/05\/logotyp-aquaforest.svg\",\"contentUrl\":\"https:\/\/aquaforest.eu\/wp-content\/uploads\/2024\/05\/logotyp-aquaforest.svg\",\"width\":170,\"height\":22,\"caption\":\"Aquaforest\"},\"image\":{\"@id\":\"https:\/\/aquaforest.eu\/de\/#\/schema\/logo\/image\/\"},\"sameAs\":[\"https:\/\/www.facebook.com\/Aquaforest\/\",\"https:\/\/www.instagram.com\/aquaforest.eu\/\"]}]}<\/script>\n<!-- \/ Yoast SEO plugin. -->","yoast_head_json":{"title":"AF Power Elixir - Aquaforest","description":"Hochentwickeltes Erg\u00e4nzungsmittel, perfekt f\u00fcr Dosierpumpen. F\u00f6rdert die F\u00e4rbung der Zooxanthellen der Korallen durch kontinuierlichen Zugang zu hochwertigen N\u00e4hrstoffen.","robots":{"index":"index","follow":"follow","max-snippet":"max-snippet:-1","max-image-preview":"max-image-preview:large","max-video-preview":"max-video-preview:-1"},"canonical":"https:\/\/aquaforest.eu\/de\/produkte\/seawater\/lebensmittel-und-nahrungsergaenzungsmittel\/af-power-elixir\/","og_locale":"de_DE","og_type":"article","og_title":"AF Power Elixir - Aquaforest","og_description":"Hochentwickeltes Erg\u00e4nzungsmittel, perfekt f\u00fcr Dosierpumpen. F\u00f6rdert die F\u00e4rbung der Zooxanthellen der Korallen durch kontinuierlichen Zugang zu hochwertigen N\u00e4hrstoffen.","og_url":"https:\/\/aquaforest.eu\/de\/produkte\/seawater\/lebensmittel-und-nahrungsergaenzungsmittel\/af-power-elixir\/","og_site_name":"Aquaforest","article_publisher":"https:\/\/www.facebook.com\/Aquaforest\/","article_modified_time":"2026-04-30T11:45:23+00:00","og_image":[{"width":330,"height":600,"url":"https:\/\/aquaforest.eu\/wp-content\/uploads\/2024\/06\/AF-Power-Elixir_200-ml.png","type":"image\/png"}],"twitter_card":"summary_large_image","twitter_misc":{"Gesch\u00e4tzte Lesezeit":"2\u00a0Minuten"},"schema":{"@context":"https:\/\/schema.org","@graph":[{"@type":"WebPage","@id":"https:\/\/aquaforest.eu\/de\/produkte\/seawater\/lebensmittel-und-nahrungsergaenzungsmittel\/af-power-elixir\/","url":"https:\/\/aquaforest.eu\/de\/produkte\/seawater\/lebensmittel-und-nahrungsergaenzungsmittel\/af-power-elixir\/","name":"AF Power Elixir - Aquaforest","isPartOf":{"@id":"https:\/\/aquaforest.eu\/de\/#website"},"primaryImageOfPage":{"@id":"https:\/\/aquaforest.eu\/de\/produkte\/seawater\/lebensmittel-und-nahrungsergaenzungsmittel\/af-power-elixir\/#primaryimage"},"image":{"@id":"https:\/\/aquaforest.eu\/de\/produkte\/seawater\/lebensmittel-und-nahrungsergaenzungsmittel\/af-power-elixir\/#primaryimage"},"thumbnailUrl":"https:\/\/aquaforest.eu\/wp-content\/uploads\/2024\/06\/AF-Power-Elixir_200-ml.png","datePublished":"2024-06-27T01:18:13+00:00","dateModified":"2026-04-30T11:45:23+00:00","description":"Hochentwickeltes Erg\u00e4nzungsmittel, perfekt f\u00fcr Dosierpumpen. F\u00f6rdert die F\u00e4rbung der Zooxanthellen der Korallen durch kontinuierlichen Zugang zu hochwertigen N\u00e4hrstoffen.","breadcrumb":{"@id":"https:\/\/aquaforest.eu\/de\/produkte\/seawater\/lebensmittel-und-nahrungsergaenzungsmittel\/af-power-elixir\/#breadcrumb"},"inLanguage":"de","potentialAction":[{"@type":"ReadAction","target":["https:\/\/aquaforest.eu\/de\/produkte\/seawater\/lebensmittel-und-nahrungsergaenzungsmittel\/af-power-elixir\/"]}]},{"@type":"ImageObject","inLanguage":"de","@id":"https:\/\/aquaforest.eu\/de\/produkte\/seawater\/lebensmittel-und-nahrungsergaenzungsmittel\/af-power-elixir\/#primaryimage","url":"https:\/\/aquaforest.eu\/wp-content\/uploads\/2024\/06\/AF-Power-Elixir_200-ml.png","contentUrl":"https:\/\/aquaforest.eu\/wp-content\/uploads\/2024\/06\/AF-Power-Elixir_200-ml.png","width":330,"height":600,"caption":"AF Power Elixir 200ml"},{"@type":"BreadcrumbList","@id":"https:\/\/aquaforest.eu\/de\/produkte\/seawater\/lebensmittel-und-nahrungsergaenzungsmittel\/af-power-elixir\/#breadcrumb","itemListElement":[{"@type":"ListItem","position":1,"name":"Home","item":"https:\/\/aquaforest.eu\/de\/"},{"@type":"ListItem","position":2,"name":"Produkte","item":"https:\/\/aquaforest.eu\/de\/produkte\/"},{"@type":"ListItem","position":3,"name":"AF Power Elixir"}]},{"@type":"WebSite","@id":"https:\/\/aquaforest.eu\/de\/#website","url":"https:\/\/aquaforest.eu\/de\/","name":"Aquaforest","description":"","publisher":{"@id":"https:\/\/aquaforest.eu\/de\/#organization"},"potentialAction":[{"@type":"SearchAction","target":{"@type":"EntryPoint","urlTemplate":"https:\/\/aquaforest.eu\/de\/?s={search_term_string}"},"query-input":{"@type":"PropertyValueSpecification","valueRequired":true,"valueName":"search_term_string"}}],"inLanguage":"de"},{"@type":"Organization","@id":"https:\/\/aquaforest.eu\/de\/#organization","name":"Aquaforest","url":"https:\/\/aquaforest.eu\/de\/","logo":{"@type":"ImageObject","inLanguage":"de","@id":"https:\/\/aquaforest.eu\/de\/#\/schema\/logo\/image\/","url":"https:\/\/aquaforest.eu\/wp-content\/uploads\/2024\/05\/logotyp-aquaforest.svg","contentUrl":"https:\/\/aquaforest.eu\/wp-content\/uploads\/2024\/05\/logotyp-aquaforest.svg","width":170,"height":22,"caption":"Aquaforest"},"image":{"@id":"https:\/\/aquaforest.eu\/de\/#\/schema\/logo\/image\/"},"sameAs":["https:\/\/www.facebook.com\/Aquaforest\/","https:\/\/www.instagram.com\/aquaforest.eu\/"]}]}},"_links":{"self":[{"href":"https:\/\/aquaforest.eu\/de\/wp-json\/wp\/v2\/product\/11079","targetHints":{"allow":["GET"]}}],"collection":[{"href":"https:\/\/aquaforest.eu\/de\/wp-json\/wp\/v2\/product"}],"about":[{"href":"https:\/\/aquaforest.eu\/de\/wp-json\/wp\/v2\/types\/product"}],"version-history":[{"count":1,"href":"https:\/\/aquaforest.eu\/de\/wp-json\/wp\/v2\/product\/11079\/revisions"}],"predecessor-version":[{"id":31323,"href":"https:\/\/aquaforest.eu\/de\/wp-json\/wp\/v2\/product\/11079\/revisions\/31323"}],"wp:featuredmedia":[{"embeddable":true,"href":"https:\/\/aquaforest.eu\/de\/wp-json\/wp\/v2\/media\/11099"}],"wp:attachment":[{"href":"https:\/\/aquaforest.eu\/de\/wp-json\/wp\/v2\/media?parent=11079"}],"wp:term":[{"taxonomy":"product_brand","embeddable":true,"href":"https:\/\/aquaforest.eu\/de\/wp-json\/wp\/v2\/product_brand?post=11079"},{"taxonomy":"product_cat","embeddable":true,"href":"https:\/\/aquaforest.eu\/de\/wp-json\/wp\/v2\/product_cat?post=11079"},{"taxonomy":"product_tag","embeddable":true,"href":"https:\/\/aquaforest.eu\/de\/wp-json\/wp\/v2\/product_tag?post=11079"}],"curies":[{"name":"wp","href":"https:\/\/api.w.org\/{rel}","templated":true}]}}