{"id":11083,"date":"2024-06-27T03:16:19","date_gmt":"2024-06-27T01:16:19","guid":{"rendered":"https:\/\/aquaforest.eu\/products\/unkategorisiert\/af-protect-dip\/"},"modified":"2026-01-27T13:47:38","modified_gmt":"2026-01-27T12:47:38","slug":"af-protect-dip","status":"publish","type":"product","link":"https:\/\/aquaforest.eu\/de\/produkte\/seawater\/wasseraufbereitung\/af-protect-dip\/","title":{"rendered":"AF Protect Dip"},"content":{"rendered":"<h4 class=\"fusion-responsive-typography-calculated\" data-fontsize=\"22\" data-lineheight=\"27.5px\"><span style=\"color: #000000;\">Vorbeugender Korallenschutz<\/span><\/h4>\n<p><span style=\"color: #000000;\">Eine desinfizierende L\u00f6sung f\u00fcr Badekorallen. <\/span><span style=\"color: #000000;\">Reinigt die Oberfl\u00e4che der Korallen gr\u00fcndlich. <\/span><span style=\"color: #000000;\">Verringert das Risiko der Entwicklung vieler Krankheiten, z.B. Gewebsnekrose, Korallenbleiche, Mykose, AEFW oder Brown Jelly Syndrom.<\/span><\/p>\n<p>&nbsp;<\/p>\n<hr \/>\n<h4 data-fontsize=\"22\" data-lineheight=\"27.5px\"><\/h4>\n<h4 class=\"fusion-responsive-typography-calculated\" data-fontsize=\"22\" data-lineheight=\"27.5px\"><span style=\"color: #000000;\">Beugen Sie Korallenerkrankungen mit AF Protect Dip vor<\/span><\/h4>\n<p><span style=\"color: #000000;\">Die Formel ist perfekt f\u00fcr die Einf\u00fchrung neuer Korallen in das Aquarium und f\u00fcr die Quarant\u00e4ne. <\/span><span style=\"color: #000000;\">Der Badevorgang sorgt f\u00fcr ein gesundes Aussehen, Wachstum und Entwicklung der Korallen. <\/span><span style=\"color: #000000;\">Dar\u00fcber hinaus ist die L\u00f6sung sicher f\u00fcr Korallen, enth\u00e4lt kein Jod und keine oxidierenden Verbindungen.<\/span><\/p>\n<p>&nbsp;<\/p>\n<hr \/>\n<h4 data-fontsize=\"22\" data-lineheight=\"27.5px\"><\/h4>\n<h4 class=\"fusion-responsive-typography-calculated\" data-fontsize=\"22\" data-lineheight=\"27.5px\"><span style=\"color: #000000;\">Sicheres Baden f\u00fcr gesunde Korallen<\/span><\/h4>\n<p><strong data-start=\"126\" data-end=\"140\">Dosierung:<\/strong> Durchf\u00fchrung des Bades au\u00dferhalb des Aquariums. Vor Gebrauch sch\u00fctteln. 2,5 ml AF Protect Dip in 5 Litern Wasser direkt aus dem Aquarium aufl\u00f6sen. Den Korallen in die vorbereitete L\u00f6sung tauchen und die Oberfl\u00e4che vorsichtig durch Absp\u00fclen mit Wasser oder mit einer Zahnb\u00fcrste reinigen. Das Bad sollte bis zu 5 Minuten dauern. Zum Absp\u00fclen die Koralle in einen Beh\u00e4lter mit frischem Aquarienwasser \u00fcberf\u00fchren. Die gereinigte Koralle wieder ins Aquarium einsetzen. Die verwendete L\u00f6sung darf nicht wiederverwendet werden. Die L\u00f6sung nicht ins Aquarium gie\u00dfen. Das Eintauchen der Koralle sollte au\u00dferhalb des Hauptbeckens erfolgen. Nicht f\u00fcr den menschlichen Verzehr geeignet.<\/p>\n<p>&nbsp;<\/p>\n<hr \/>\n<p>&nbsp;<\/p>\n<p><span style=\"color: #000000;\"><strong>Wissenswert:<\/strong> Von Kindern fernhalten. <\/span><span style=\"color: #000000;\">Produkt nur f\u00fcr den Gebrauch im Aquarium. <\/span><span style=\"color: #000000;\">Nicht f\u00fcr den menschlichen Verzehr geeignet.<\/span><\/p>\n","protected":false},"excerpt":{"rendered":"<p>Dip zum Absp\u00fclen von Korallen, zum Schutz vor Parasiten und Infektionen.<br \/>\nReinigt die Oberfl\u00e4che der Korallen gr\u00fcndlich.<\/p>\n","protected":false},"featured_media":11114,"template":"","meta":{"_acf_changed":false,"content-type":""},"product_brand":[],"product_cat":[1158],"product_tag":[966,1120,1417,1097],"class_list":{"0":"post-11083","1":"product","2":"type-product","3":"status-publish","4":"has-post-thumbnail","6":"product_cat-wasseraufbereitung","7":"product_tag-aquaforest-de","8":"product_tag-meerwasser-aquarien","9":"product_tag-variable-de","10":"product_tag-wasserversorgung","12":"first","13":"instock","14":"taxable","15":"shipping-taxable","16":"purchasable","17":"product-type-variable","18":"has-default-attributes"},"acf":[],"yoast_head":"<!-- This site is optimized with the Yoast SEO plugin v27.1.1 - https:\/\/yoast.com\/product\/yoast-seo-wordpress\/ -->\n<title>AF Protect Dip - Aquaforest<\/title>\n<meta name=\"description\" content=\"AF Protect Dip: ein wirksames Pr\u00e4parat zum Absp\u00fclen von Korallen, das vor Parasiten und Infektionen sch\u00fctzt. Eine einzigartige Formel f\u00fcr die Gesundheit und Sicherheit der Aquarienbewohner.\" \/>\n<meta name=\"robots\" content=\"index, follow, max-snippet:-1, max-image-preview:large, max-video-preview:-1\" \/>\n<link rel=\"canonical\" href=\"https:\/\/aquaforest.eu\/de\/produkte\/seawater\/wasseraufbereitung\/af-protect-dip\/\" \/>\n<meta property=\"og:locale\" content=\"de_DE\" \/>\n<meta property=\"og:type\" content=\"article\" \/>\n<meta property=\"og:title\" content=\"AF Protect Dip - Aquaforest\" \/>\n<meta property=\"og:description\" content=\"AF Protect Dip: ein wirksames Pr\u00e4parat zum Absp\u00fclen von Korallen, das vor Parasiten und Infektionen sch\u00fctzt. Eine einzigartige Formel f\u00fcr die Gesundheit und Sicherheit der Aquarienbewohner.\" \/>\n<meta property=\"og:url\" content=\"https:\/\/aquaforest.eu\/de\/produkte\/seawater\/wasseraufbereitung\/af-protect-dip\/\" \/>\n<meta property=\"og:site_name\" content=\"Aquaforest\" \/>\n<meta property=\"article:publisher\" content=\"https:\/\/www.facebook.com\/Aquaforest\/\" \/>\n<meta property=\"article:modified_time\" content=\"2026-01-27T12:47:38+00:00\" \/>\n<meta property=\"og:image\" content=\"https:\/\/aquaforest.eu\/wp-content\/uploads\/2024\/06\/AF-Protect-Dip-10-ml.png\" \/>\n\t<meta property=\"og:image:width\" content=\"340\" \/>\n\t<meta property=\"og:image:height\" content=\"600\" \/>\n\t<meta property=\"og:image:type\" content=\"image\/png\" \/>\n<meta name=\"twitter:card\" content=\"summary_large_image\" \/>\n<meta name=\"twitter:label1\" content=\"Gesch\u00e4tzte Lesezeit\" \/>\n\t<meta name=\"twitter:data1\" content=\"2\u00a0Minuten\" \/>\n<script type=\"application\/ld+json\" class=\"yoast-schema-graph\">{\"@context\":\"https:\/\/schema.org\",\"@graph\":[{\"@type\":\"WebPage\",\"@id\":\"https:\/\/aquaforest.eu\/de\/produkte\/seawater\/wasseraufbereitung\/af-protect-dip\/\",\"url\":\"https:\/\/aquaforest.eu\/de\/produkte\/seawater\/wasseraufbereitung\/af-protect-dip\/\",\"name\":\"AF Protect Dip - Aquaforest\",\"isPartOf\":{\"@id\":\"https:\/\/aquaforest.eu\/de\/#website\"},\"primaryImageOfPage\":{\"@id\":\"https:\/\/aquaforest.eu\/de\/produkte\/seawater\/wasseraufbereitung\/af-protect-dip\/#primaryimage\"},\"image\":{\"@id\":\"https:\/\/aquaforest.eu\/de\/produkte\/seawater\/wasseraufbereitung\/af-protect-dip\/#primaryimage\"},\"thumbnailUrl\":\"https:\/\/aquaforest.eu\/wp-content\/uploads\/2024\/06\/AF-Protect-Dip-10-ml.png\",\"datePublished\":\"2024-06-27T01:16:19+00:00\",\"dateModified\":\"2026-01-27T12:47:38+00:00\",\"description\":\"AF Protect Dip: ein wirksames Pr\u00e4parat zum Absp\u00fclen von Korallen, das vor Parasiten und Infektionen sch\u00fctzt. Eine einzigartige Formel f\u00fcr die Gesundheit und Sicherheit der Aquarienbewohner.\",\"breadcrumb\":{\"@id\":\"https:\/\/aquaforest.eu\/de\/produkte\/seawater\/wasseraufbereitung\/af-protect-dip\/#breadcrumb\"},\"inLanguage\":\"de\",\"potentialAction\":[{\"@type\":\"ReadAction\",\"target\":[\"https:\/\/aquaforest.eu\/de\/produkte\/seawater\/wasseraufbereitung\/af-protect-dip\/\"]}]},{\"@type\":\"ImageObject\",\"inLanguage\":\"de\",\"@id\":\"https:\/\/aquaforest.eu\/de\/produkte\/seawater\/wasseraufbereitung\/af-protect-dip\/#primaryimage\",\"url\":\"https:\/\/aquaforest.eu\/wp-content\/uploads\/2024\/06\/AF-Protect-Dip-10-ml.png\",\"contentUrl\":\"https:\/\/aquaforest.eu\/wp-content\/uploads\/2024\/06\/AF-Protect-Dip-10-ml.png\",\"width\":340,\"height\":600},{\"@type\":\"BreadcrumbList\",\"@id\":\"https:\/\/aquaforest.eu\/de\/produkte\/seawater\/wasseraufbereitung\/af-protect-dip\/#breadcrumb\",\"itemListElement\":[{\"@type\":\"ListItem\",\"position\":1,\"name\":\"Home\",\"item\":\"https:\/\/aquaforest.eu\/de\/\"},{\"@type\":\"ListItem\",\"position\":2,\"name\":\"Produkte\",\"item\":\"https:\/\/aquaforest.eu\/de\/produkte\/\"},{\"@type\":\"ListItem\",\"position\":3,\"name\":\"AF Protect Dip\"}]},{\"@type\":\"WebSite\",\"@id\":\"https:\/\/aquaforest.eu\/de\/#website\",\"url\":\"https:\/\/aquaforest.eu\/de\/\",\"name\":\"Aquaforest\",\"description\":\"\",\"publisher\":{\"@id\":\"https:\/\/aquaforest.eu\/de\/#organization\"},\"potentialAction\":[{\"@type\":\"SearchAction\",\"target\":{\"@type\":\"EntryPoint\",\"urlTemplate\":\"https:\/\/aquaforest.eu\/de\/?s={search_term_string}\"},\"query-input\":{\"@type\":\"PropertyValueSpecification\",\"valueRequired\":true,\"valueName\":\"search_term_string\"}}],\"inLanguage\":\"de\"},{\"@type\":\"Organization\",\"@id\":\"https:\/\/aquaforest.eu\/de\/#organization\",\"name\":\"Aquaforest\",\"url\":\"https:\/\/aquaforest.eu\/de\/\",\"logo\":{\"@type\":\"ImageObject\",\"inLanguage\":\"de\",\"@id\":\"https:\/\/aquaforest.eu\/de\/#\/schema\/logo\/image\/\",\"url\":\"https:\/\/aquaforest.eu\/wp-content\/uploads\/2024\/05\/logotyp-aquaforest.svg\",\"contentUrl\":\"https:\/\/aquaforest.eu\/wp-content\/uploads\/2024\/05\/logotyp-aquaforest.svg\",\"width\":170,\"height\":22,\"caption\":\"Aquaforest\"},\"image\":{\"@id\":\"https:\/\/aquaforest.eu\/de\/#\/schema\/logo\/image\/\"},\"sameAs\":[\"https:\/\/www.facebook.com\/Aquaforest\/\",\"https:\/\/www.instagram.com\/aquaforest.eu\/\"]}]}<\/script>\n<!-- \/ Yoast SEO plugin. -->","yoast_head_json":{"title":"AF Protect Dip - Aquaforest","description":"AF Protect Dip: ein wirksames Pr\u00e4parat zum Absp\u00fclen von Korallen, das vor Parasiten und Infektionen sch\u00fctzt. Eine einzigartige Formel f\u00fcr die Gesundheit und Sicherheit der Aquarienbewohner.","robots":{"index":"index","follow":"follow","max-snippet":"max-snippet:-1","max-image-preview":"max-image-preview:large","max-video-preview":"max-video-preview:-1"},"canonical":"https:\/\/aquaforest.eu\/de\/produkte\/seawater\/wasseraufbereitung\/af-protect-dip\/","og_locale":"de_DE","og_type":"article","og_title":"AF Protect Dip - Aquaforest","og_description":"AF Protect Dip: ein wirksames Pr\u00e4parat zum Absp\u00fclen von Korallen, das vor Parasiten und Infektionen sch\u00fctzt. Eine einzigartige Formel f\u00fcr die Gesundheit und Sicherheit der Aquarienbewohner.","og_url":"https:\/\/aquaforest.eu\/de\/produkte\/seawater\/wasseraufbereitung\/af-protect-dip\/","og_site_name":"Aquaforest","article_publisher":"https:\/\/www.facebook.com\/Aquaforest\/","article_modified_time":"2026-01-27T12:47:38+00:00","og_image":[{"width":340,"height":600,"url":"https:\/\/aquaforest.eu\/wp-content\/uploads\/2024\/06\/AF-Protect-Dip-10-ml.png","type":"image\/png"}],"twitter_card":"summary_large_image","twitter_misc":{"Gesch\u00e4tzte Lesezeit":"2\u00a0Minuten"},"schema":{"@context":"https:\/\/schema.org","@graph":[{"@type":"WebPage","@id":"https:\/\/aquaforest.eu\/de\/produkte\/seawater\/wasseraufbereitung\/af-protect-dip\/","url":"https:\/\/aquaforest.eu\/de\/produkte\/seawater\/wasseraufbereitung\/af-protect-dip\/","name":"AF Protect Dip - Aquaforest","isPartOf":{"@id":"https:\/\/aquaforest.eu\/de\/#website"},"primaryImageOfPage":{"@id":"https:\/\/aquaforest.eu\/de\/produkte\/seawater\/wasseraufbereitung\/af-protect-dip\/#primaryimage"},"image":{"@id":"https:\/\/aquaforest.eu\/de\/produkte\/seawater\/wasseraufbereitung\/af-protect-dip\/#primaryimage"},"thumbnailUrl":"https:\/\/aquaforest.eu\/wp-content\/uploads\/2024\/06\/AF-Protect-Dip-10-ml.png","datePublished":"2024-06-27T01:16:19+00:00","dateModified":"2026-01-27T12:47:38+00:00","description":"AF Protect Dip: ein wirksames Pr\u00e4parat zum Absp\u00fclen von Korallen, das vor Parasiten und Infektionen sch\u00fctzt. Eine einzigartige Formel f\u00fcr die Gesundheit und Sicherheit der Aquarienbewohner.","breadcrumb":{"@id":"https:\/\/aquaforest.eu\/de\/produkte\/seawater\/wasseraufbereitung\/af-protect-dip\/#breadcrumb"},"inLanguage":"de","potentialAction":[{"@type":"ReadAction","target":["https:\/\/aquaforest.eu\/de\/produkte\/seawater\/wasseraufbereitung\/af-protect-dip\/"]}]},{"@type":"ImageObject","inLanguage":"de","@id":"https:\/\/aquaforest.eu\/de\/produkte\/seawater\/wasseraufbereitung\/af-protect-dip\/#primaryimage","url":"https:\/\/aquaforest.eu\/wp-content\/uploads\/2024\/06\/AF-Protect-Dip-10-ml.png","contentUrl":"https:\/\/aquaforest.eu\/wp-content\/uploads\/2024\/06\/AF-Protect-Dip-10-ml.png","width":340,"height":600},{"@type":"BreadcrumbList","@id":"https:\/\/aquaforest.eu\/de\/produkte\/seawater\/wasseraufbereitung\/af-protect-dip\/#breadcrumb","itemListElement":[{"@type":"ListItem","position":1,"name":"Home","item":"https:\/\/aquaforest.eu\/de\/"},{"@type":"ListItem","position":2,"name":"Produkte","item":"https:\/\/aquaforest.eu\/de\/produkte\/"},{"@type":"ListItem","position":3,"name":"AF Protect Dip"}]},{"@type":"WebSite","@id":"https:\/\/aquaforest.eu\/de\/#website","url":"https:\/\/aquaforest.eu\/de\/","name":"Aquaforest","description":"","publisher":{"@id":"https:\/\/aquaforest.eu\/de\/#organization"},"potentialAction":[{"@type":"SearchAction","target":{"@type":"EntryPoint","urlTemplate":"https:\/\/aquaforest.eu\/de\/?s={search_term_string}"},"query-input":{"@type":"PropertyValueSpecification","valueRequired":true,"valueName":"search_term_string"}}],"inLanguage":"de"},{"@type":"Organization","@id":"https:\/\/aquaforest.eu\/de\/#organization","name":"Aquaforest","url":"https:\/\/aquaforest.eu\/de\/","logo":{"@type":"ImageObject","inLanguage":"de","@id":"https:\/\/aquaforest.eu\/de\/#\/schema\/logo\/image\/","url":"https:\/\/aquaforest.eu\/wp-content\/uploads\/2024\/05\/logotyp-aquaforest.svg","contentUrl":"https:\/\/aquaforest.eu\/wp-content\/uploads\/2024\/05\/logotyp-aquaforest.svg","width":170,"height":22,"caption":"Aquaforest"},"image":{"@id":"https:\/\/aquaforest.eu\/de\/#\/schema\/logo\/image\/"},"sameAs":["https:\/\/www.facebook.com\/Aquaforest\/","https:\/\/www.instagram.com\/aquaforest.eu\/"]}]}},"_links":{"self":[{"href":"https:\/\/aquaforest.eu\/de\/wp-json\/wp\/v2\/product\/11083","targetHints":{"allow":["GET"]}}],"collection":[{"href":"https:\/\/aquaforest.eu\/de\/wp-json\/wp\/v2\/product"}],"about":[{"href":"https:\/\/aquaforest.eu\/de\/wp-json\/wp\/v2\/types\/product"}],"version-history":[{"count":1,"href":"https:\/\/aquaforest.eu\/de\/wp-json\/wp\/v2\/product\/11083\/revisions"}],"predecessor-version":[{"id":28390,"href":"https:\/\/aquaforest.eu\/de\/wp-json\/wp\/v2\/product\/11083\/revisions\/28390"}],"wp:featuredmedia":[{"embeddable":true,"href":"https:\/\/aquaforest.eu\/de\/wp-json\/wp\/v2\/media\/11114"}],"wp:attachment":[{"href":"https:\/\/aquaforest.eu\/de\/wp-json\/wp\/v2\/media?parent=11083"}],"wp:term":[{"taxonomy":"product_brand","embeddable":true,"href":"https:\/\/aquaforest.eu\/de\/wp-json\/wp\/v2\/product_brand?post=11083"},{"taxonomy":"product_cat","embeddable":true,"href":"https:\/\/aquaforest.eu\/de\/wp-json\/wp\/v2\/product_cat?post=11083"},{"taxonomy":"product_tag","embeddable":true,"href":"https:\/\/aquaforest.eu\/de\/wp-json\/wp\/v2\/product_tag?post=11083"}],"curies":[{"name":"wp","href":"https:\/\/api.w.org\/{rel}","templated":true}]}}