{"id":11089,"date":"2024-06-27T02:55:26","date_gmt":"2024-06-27T00:55:26","guid":{"rendered":"https:\/\/aquaforest.eu\/products\/unkategorisiert\/kalzium\/"},"modified":"2024-10-23T02:33:33","modified_gmt":"2024-10-23T00:33:33","slug":"calcium","status":"publish","type":"product","link":"https:\/\/aquaforest.eu\/de\/produkte\/seawater\/wasseraufbereitung\/calcium\/","title":{"rendered":"Calcium"},"content":{"rendered":"<h4 class=\"fusion-responsive-typography-calculated\" data-fontsize=\"22\" data-lineheight=\"27.5px\"><span style=\"color: #000000;\">H\u00e4lt einen konstanten Kalziumspiegel aufrecht und reguliert den pH-Wert in Riffaquarien<\/span><\/h4>\n<p><span style=\"color: #000000;\">Ein Mittel zur Aufrechterhaltung eines konstanten Kalziumspiegels und zur pH-Anpassung in Riffaquarien. <\/span><span style=\"color: #000000;\">Im Meerwasser ist ein konstanter Kalziumwert f\u00fcr die richtige Entwicklung von Korallen und Korallenalgen unerl\u00e4sslich. <\/span><span style=\"color: #000000;\">Der empfohlene Kalziumgehalt in Riffaquarien betr\u00e4gt 380-460 mg\/l (ppm)<\/span><\/p>\n<p>&nbsp;<\/p>\n<hr \/>\n<p>&nbsp;<\/p>\n<p><span style=\"color: #000000;\"><strong>Dosierung:<\/strong> L\u00f6sen Sie 50 g Calcium in 1000 ml RODI Wasser auf. <\/span><span style=\"color: #000000;\">Die Dosierung sollte anhand der Wassertestergebnisse und des t\u00e4glichen Verbrauchs der Korallen bestimmt werden. <\/span><span style=\"color: #000000;\">Bevor Sie die Calciuml\u00f6sung in das Wasser geben, sollten Sie einen Wassertest durchf\u00fchren, um die aktuellen Wasserparameter zu \u00fcberpr\u00fcfen. <strong>100 ml Calciuml\u00f6sung erh\u00f6hen den Calciumgehalt in 100 l Wasser um 18 mg\/l (ppm).<\/strong> Das Produkt ist auch f\u00fcr den gelegentlichen Gebrauch geeignet, um den Calciumspiegel einmalig anzuheben. <\/span><span style=\"color: #000000;\">10 g Calcium in 100 l Wasser heben den Calciumspiegel um etwa 36 mg\/l (ppm) an. <\/span><span style=\"color: #000000;\">Wir empfehlen, den Kalziumspiegel nicht um mehr als 20 ppm pro Tag zu erh\u00f6hen. <\/span><span style=\"color: #000000;\">Um das Ionengleichgewicht aufrechtzuerhalten, sollten auch KH-Puffer und Riffmineralsalz verwendet werden. <\/span><span style=\"color: #000000;\">Calcium und Magnesium k\u00f6nnen zusammen in einer L\u00f6sung verwendet werden.<\/span><\/p>\n<p>&nbsp;<\/p>\n<hr \/>\n<p>&nbsp;<\/p>\n<p><span style=\"color: #000000;\"><strong>Wissenswertes;<\/strong> Enth\u00e4lt: Calciumchlorid &#8211; CaCl2 (CAS: 10043-52-4). <\/span><span style=\"color: #000000;\">Verursacht schwere Augenreizungen. <\/span><span style=\"color: #000000;\">Au\u00dferhalb der Reichweite von Kindern aufbewahren. <\/span><span style=\"color: #000000;\">Waschen Sie sich nach der Handhabung gr\u00fcndlich die H\u00e4nde. <\/span><span style=\"color: #000000;\">Tragen Sie einen Augenschutz. <\/span><span style=\"color: #000000;\">BEI KONTAKT MIT DEN AUGEN: Einige Minuten lang behutsam mit Wasser sp\u00fclen. <\/span><span style=\"color: #000000;\">Entfernen Sie Kontaktlinsen, falls vorhanden und leicht m\u00f6glich. <\/span><span style=\"color: #000000;\">Setzen Sie die Sp\u00fclung fort. <\/span><span style=\"color: #000000;\">Wenn die Augenreizung anh\u00e4lt: \u00c4rztlichen Rat einholen\/\u00e4rztliche Hilfe in Anspruch nehmen. <\/span><span style=\"color: #000000;\">Entsorgen Sie den Inhalt\/Beh\u00e4lter in entsprechend gekennzeichneten Abfallbeh\u00e4ltern in \u00dcbereinstimmung mit den nationalen Vorschriften.<\/span><\/p>\n","protected":false},"excerpt":{"rendered":"<p>Ein Mittel zur Aufrechterhaltung eines konstanten Kalziumspiegels und zur pH-Einstellung in Riffaquarien.<\/p>\n","protected":false},"featured_media":11225,"template":"","meta":{"_acf_changed":false,"content-type":""},"product_brand":[],"product_cat":[1158],"product_tag":[966,1120,1417,1097],"class_list":{"0":"post-11089","1":"product","2":"type-product","3":"status-publish","4":"has-post-thumbnail","6":"product_cat-wasseraufbereitung","7":"product_tag-aquaforest-de","8":"product_tag-meerwasser-aquarien","9":"product_tag-variable-de","10":"product_tag-wasserversorgung","12":"first","13":"instock","14":"taxable","15":"shipping-taxable","16":"purchasable","17":"product-type-variable","18":"has-default-attributes"},"acf":[],"yoast_head":"<!-- This site is optimized with the Yoast SEO plugin v27.1.1 - https:\/\/yoast.com\/product\/yoast-seo-wordpress\/ -->\n<title>Calcium - Aquaforest<\/title>\n<meta name=\"description\" content=\"Calcium von Aquaforest: ein wirksames Pr\u00e4parat zur Aufrechterhaltung eines konstanten Calciumspiegels im Aquarium, das die gesunde Entwicklung der Korallen und die Stabilit\u00e4t der Wasserparameter unterst\u00fctzt. Eine zuverl\u00e4ssige Formel f\u00fcr eine gesunde Umgebung.\" \/>\n<meta name=\"robots\" content=\"index, follow, max-snippet:-1, max-image-preview:large, max-video-preview:-1\" \/>\n<link rel=\"canonical\" href=\"https:\/\/aquaforest.eu\/de\/produkte\/seawater\/wasseraufbereitung\/calcium\/\" \/>\n<meta property=\"og:locale\" content=\"de_DE\" \/>\n<meta property=\"og:type\" content=\"article\" \/>\n<meta property=\"og:title\" content=\"Calcium - Aquaforest\" \/>\n<meta property=\"og:description\" content=\"Calcium von Aquaforest: ein wirksames Pr\u00e4parat zur Aufrechterhaltung eines konstanten Calciumspiegels im Aquarium, das die gesunde Entwicklung der Korallen und die Stabilit\u00e4t der Wasserparameter unterst\u00fctzt. Eine zuverl\u00e4ssige Formel f\u00fcr eine gesunde Umgebung.\" \/>\n<meta property=\"og:url\" content=\"https:\/\/aquaforest.eu\/de\/produkte\/seawater\/wasseraufbereitung\/calcium\/\" \/>\n<meta property=\"og:site_name\" content=\"Aquaforest\" \/>\n<meta property=\"article:publisher\" content=\"https:\/\/www.facebook.com\/Aquaforest\/\" \/>\n<meta property=\"article:modified_time\" content=\"2024-10-23T00:33:33+00:00\" \/>\n<meta property=\"og:image\" content=\"https:\/\/aquaforest.eu\/wp-content\/uploads\/2024\/06\/Calcium-1-kg.png\" \/>\n\t<meta property=\"og:image:width\" content=\"426\" \/>\n\t<meta property=\"og:image:height\" content=\"600\" \/>\n\t<meta property=\"og:image:type\" content=\"image\/png\" \/>\n<meta name=\"twitter:card\" content=\"summary_large_image\" \/>\n<meta name=\"twitter:label1\" content=\"Gesch\u00e4tzte Lesezeit\" \/>\n\t<meta name=\"twitter:data1\" content=\"2\u00a0Minuten\" \/>\n<script type=\"application\/ld+json\" class=\"yoast-schema-graph\">{\"@context\":\"https:\/\/schema.org\",\"@graph\":[{\"@type\":\"WebPage\",\"@id\":\"https:\/\/aquaforest.eu\/de\/produkte\/seawater\/wasseraufbereitung\/calcium\/\",\"url\":\"https:\/\/aquaforest.eu\/de\/produkte\/seawater\/wasseraufbereitung\/calcium\/\",\"name\":\"Calcium - Aquaforest\",\"isPartOf\":{\"@id\":\"https:\/\/aquaforest.eu\/de\/#website\"},\"primaryImageOfPage\":{\"@id\":\"https:\/\/aquaforest.eu\/de\/produkte\/seawater\/wasseraufbereitung\/calcium\/#primaryimage\"},\"image\":{\"@id\":\"https:\/\/aquaforest.eu\/de\/produkte\/seawater\/wasseraufbereitung\/calcium\/#primaryimage\"},\"thumbnailUrl\":\"https:\/\/aquaforest.eu\/wp-content\/uploads\/2024\/06\/Calcium-1-kg.png\",\"datePublished\":\"2024-06-27T00:55:26+00:00\",\"dateModified\":\"2024-10-23T00:33:33+00:00\",\"description\":\"Calcium von Aquaforest: ein wirksames Pr\u00e4parat zur Aufrechterhaltung eines konstanten Calciumspiegels im Aquarium, das die gesunde Entwicklung der Korallen und die Stabilit\u00e4t der Wasserparameter unterst\u00fctzt. Eine zuverl\u00e4ssige Formel f\u00fcr eine gesunde Umgebung.\",\"breadcrumb\":{\"@id\":\"https:\/\/aquaforest.eu\/de\/produkte\/seawater\/wasseraufbereitung\/calcium\/#breadcrumb\"},\"inLanguage\":\"de\",\"potentialAction\":[{\"@type\":\"ReadAction\",\"target\":[\"https:\/\/aquaforest.eu\/de\/produkte\/seawater\/wasseraufbereitung\/calcium\/\"]}]},{\"@type\":\"ImageObject\",\"inLanguage\":\"de\",\"@id\":\"https:\/\/aquaforest.eu\/de\/produkte\/seawater\/wasseraufbereitung\/calcium\/#primaryimage\",\"url\":\"https:\/\/aquaforest.eu\/wp-content\/uploads\/2024\/06\/Calcium-1-kg.png\",\"contentUrl\":\"https:\/\/aquaforest.eu\/wp-content\/uploads\/2024\/06\/Calcium-1-kg.png\",\"width\":426,\"height\":600},{\"@type\":\"BreadcrumbList\",\"@id\":\"https:\/\/aquaforest.eu\/de\/produkte\/seawater\/wasseraufbereitung\/calcium\/#breadcrumb\",\"itemListElement\":[{\"@type\":\"ListItem\",\"position\":1,\"name\":\"Home\",\"item\":\"https:\/\/aquaforest.eu\/de\/\"},{\"@type\":\"ListItem\",\"position\":2,\"name\":\"Produkte\",\"item\":\"https:\/\/aquaforest.eu\/de\/produkte\/\"},{\"@type\":\"ListItem\",\"position\":3,\"name\":\"Calcium\"}]},{\"@type\":\"WebSite\",\"@id\":\"https:\/\/aquaforest.eu\/de\/#website\",\"url\":\"https:\/\/aquaforest.eu\/de\/\",\"name\":\"Aquaforest\",\"description\":\"\",\"publisher\":{\"@id\":\"https:\/\/aquaforest.eu\/de\/#organization\"},\"potentialAction\":[{\"@type\":\"SearchAction\",\"target\":{\"@type\":\"EntryPoint\",\"urlTemplate\":\"https:\/\/aquaforest.eu\/de\/?s={search_term_string}\"},\"query-input\":{\"@type\":\"PropertyValueSpecification\",\"valueRequired\":true,\"valueName\":\"search_term_string\"}}],\"inLanguage\":\"de\"},{\"@type\":\"Organization\",\"@id\":\"https:\/\/aquaforest.eu\/de\/#organization\",\"name\":\"Aquaforest\",\"url\":\"https:\/\/aquaforest.eu\/de\/\",\"logo\":{\"@type\":\"ImageObject\",\"inLanguage\":\"de\",\"@id\":\"https:\/\/aquaforest.eu\/de\/#\/schema\/logo\/image\/\",\"url\":\"https:\/\/aquaforest.eu\/wp-content\/uploads\/2024\/05\/logotyp-aquaforest.svg\",\"contentUrl\":\"https:\/\/aquaforest.eu\/wp-content\/uploads\/2024\/05\/logotyp-aquaforest.svg\",\"width\":170,\"height\":22,\"caption\":\"Aquaforest\"},\"image\":{\"@id\":\"https:\/\/aquaforest.eu\/de\/#\/schema\/logo\/image\/\"},\"sameAs\":[\"https:\/\/www.facebook.com\/Aquaforest\/\",\"https:\/\/www.instagram.com\/aquaforest.eu\/\"]}]}<\/script>\n<!-- \/ Yoast SEO plugin. -->","yoast_head_json":{"title":"Calcium - Aquaforest","description":"Calcium von Aquaforest: ein wirksames Pr\u00e4parat zur Aufrechterhaltung eines konstanten Calciumspiegels im Aquarium, das die gesunde Entwicklung der Korallen und die Stabilit\u00e4t der Wasserparameter unterst\u00fctzt. Eine zuverl\u00e4ssige Formel f\u00fcr eine gesunde Umgebung.","robots":{"index":"index","follow":"follow","max-snippet":"max-snippet:-1","max-image-preview":"max-image-preview:large","max-video-preview":"max-video-preview:-1"},"canonical":"https:\/\/aquaforest.eu\/de\/produkte\/seawater\/wasseraufbereitung\/calcium\/","og_locale":"de_DE","og_type":"article","og_title":"Calcium - Aquaforest","og_description":"Calcium von Aquaforest: ein wirksames Pr\u00e4parat zur Aufrechterhaltung eines konstanten Calciumspiegels im Aquarium, das die gesunde Entwicklung der Korallen und die Stabilit\u00e4t der Wasserparameter unterst\u00fctzt. Eine zuverl\u00e4ssige Formel f\u00fcr eine gesunde Umgebung.","og_url":"https:\/\/aquaforest.eu\/de\/produkte\/seawater\/wasseraufbereitung\/calcium\/","og_site_name":"Aquaforest","article_publisher":"https:\/\/www.facebook.com\/Aquaforest\/","article_modified_time":"2024-10-23T00:33:33+00:00","og_image":[{"width":426,"height":600,"url":"https:\/\/aquaforest.eu\/wp-content\/uploads\/2024\/06\/Calcium-1-kg.png","type":"image\/png"}],"twitter_card":"summary_large_image","twitter_misc":{"Gesch\u00e4tzte Lesezeit":"2\u00a0Minuten"},"schema":{"@context":"https:\/\/schema.org","@graph":[{"@type":"WebPage","@id":"https:\/\/aquaforest.eu\/de\/produkte\/seawater\/wasseraufbereitung\/calcium\/","url":"https:\/\/aquaforest.eu\/de\/produkte\/seawater\/wasseraufbereitung\/calcium\/","name":"Calcium - Aquaforest","isPartOf":{"@id":"https:\/\/aquaforest.eu\/de\/#website"},"primaryImageOfPage":{"@id":"https:\/\/aquaforest.eu\/de\/produkte\/seawater\/wasseraufbereitung\/calcium\/#primaryimage"},"image":{"@id":"https:\/\/aquaforest.eu\/de\/produkte\/seawater\/wasseraufbereitung\/calcium\/#primaryimage"},"thumbnailUrl":"https:\/\/aquaforest.eu\/wp-content\/uploads\/2024\/06\/Calcium-1-kg.png","datePublished":"2024-06-27T00:55:26+00:00","dateModified":"2024-10-23T00:33:33+00:00","description":"Calcium von Aquaforest: ein wirksames Pr\u00e4parat zur Aufrechterhaltung eines konstanten Calciumspiegels im Aquarium, das die gesunde Entwicklung der Korallen und die Stabilit\u00e4t der Wasserparameter unterst\u00fctzt. Eine zuverl\u00e4ssige Formel f\u00fcr eine gesunde Umgebung.","breadcrumb":{"@id":"https:\/\/aquaforest.eu\/de\/produkte\/seawater\/wasseraufbereitung\/calcium\/#breadcrumb"},"inLanguage":"de","potentialAction":[{"@type":"ReadAction","target":["https:\/\/aquaforest.eu\/de\/produkte\/seawater\/wasseraufbereitung\/calcium\/"]}]},{"@type":"ImageObject","inLanguage":"de","@id":"https:\/\/aquaforest.eu\/de\/produkte\/seawater\/wasseraufbereitung\/calcium\/#primaryimage","url":"https:\/\/aquaforest.eu\/wp-content\/uploads\/2024\/06\/Calcium-1-kg.png","contentUrl":"https:\/\/aquaforest.eu\/wp-content\/uploads\/2024\/06\/Calcium-1-kg.png","width":426,"height":600},{"@type":"BreadcrumbList","@id":"https:\/\/aquaforest.eu\/de\/produkte\/seawater\/wasseraufbereitung\/calcium\/#breadcrumb","itemListElement":[{"@type":"ListItem","position":1,"name":"Home","item":"https:\/\/aquaforest.eu\/de\/"},{"@type":"ListItem","position":2,"name":"Produkte","item":"https:\/\/aquaforest.eu\/de\/produkte\/"},{"@type":"ListItem","position":3,"name":"Calcium"}]},{"@type":"WebSite","@id":"https:\/\/aquaforest.eu\/de\/#website","url":"https:\/\/aquaforest.eu\/de\/","name":"Aquaforest","description":"","publisher":{"@id":"https:\/\/aquaforest.eu\/de\/#organization"},"potentialAction":[{"@type":"SearchAction","target":{"@type":"EntryPoint","urlTemplate":"https:\/\/aquaforest.eu\/de\/?s={search_term_string}"},"query-input":{"@type":"PropertyValueSpecification","valueRequired":true,"valueName":"search_term_string"}}],"inLanguage":"de"},{"@type":"Organization","@id":"https:\/\/aquaforest.eu\/de\/#organization","name":"Aquaforest","url":"https:\/\/aquaforest.eu\/de\/","logo":{"@type":"ImageObject","inLanguage":"de","@id":"https:\/\/aquaforest.eu\/de\/#\/schema\/logo\/image\/","url":"https:\/\/aquaforest.eu\/wp-content\/uploads\/2024\/05\/logotyp-aquaforest.svg","contentUrl":"https:\/\/aquaforest.eu\/wp-content\/uploads\/2024\/05\/logotyp-aquaforest.svg","width":170,"height":22,"caption":"Aquaforest"},"image":{"@id":"https:\/\/aquaforest.eu\/de\/#\/schema\/logo\/image\/"},"sameAs":["https:\/\/www.facebook.com\/Aquaforest\/","https:\/\/www.instagram.com\/aquaforest.eu\/"]}]}},"_links":{"self":[{"href":"https:\/\/aquaforest.eu\/de\/wp-json\/wp\/v2\/product\/11089","targetHints":{"allow":["GET"]}}],"collection":[{"href":"https:\/\/aquaforest.eu\/de\/wp-json\/wp\/v2\/product"}],"about":[{"href":"https:\/\/aquaforest.eu\/de\/wp-json\/wp\/v2\/types\/product"}],"version-history":[{"count":0,"href":"https:\/\/aquaforest.eu\/de\/wp-json\/wp\/v2\/product\/11089\/revisions"}],"wp:featuredmedia":[{"embeddable":true,"href":"https:\/\/aquaforest.eu\/de\/wp-json\/wp\/v2\/media\/11225"}],"wp:attachment":[{"href":"https:\/\/aquaforest.eu\/de\/wp-json\/wp\/v2\/media?parent=11089"}],"wp:term":[{"taxonomy":"product_brand","embeddable":true,"href":"https:\/\/aquaforest.eu\/de\/wp-json\/wp\/v2\/product_brand?post=11089"},{"taxonomy":"product_cat","embeddable":true,"href":"https:\/\/aquaforest.eu\/de\/wp-json\/wp\/v2\/product_cat?post=11089"},{"taxonomy":"product_tag","embeddable":true,"href":"https:\/\/aquaforest.eu\/de\/wp-json\/wp\/v2\/product_tag?post=11089"}],"curies":[{"name":"wp","href":"https:\/\/api.w.org\/{rel}","templated":true}]}}