{"id":11095,"date":"2024-06-27T03:05:26","date_gmt":"2024-06-27T01:05:26","guid":{"rendered":"https:\/\/aquaforest.eu\/products\/unkategorisiert\/af-stecker-felsen\/"},"modified":"2024-10-24T12:32:04","modified_gmt":"2024-10-24T10:32:04","slug":"af-plug-rocks","status":"publish","type":"product","link":"https:\/\/aquaforest.eu\/de\/produkte\/seawater\/aquascaping\/af-plug-rocks\/","title":{"rendered":"AF Plug Rocks"},"content":{"rendered":"<p>Hochwertige und biologisch neutrale Wobbler, die das Fragmentieren erleichtern. Unsere k\u00fcnstlichen Felsen \u00e4hneln nat\u00fcrlichem Lebendgestein und sie passen perfekt in eine Standardkiste. AF Plug Rocks sind ideal f\u00fcr das Fragmentieren von SPS, LPS und Weichkorallen. Plugs verhindern, dass die Fragmente umkippen und sorgen f\u00fcr Stabilit\u00e4t. Plugs f\u00fcgen sich nat\u00fcrlich in die Aquarienlandschaft ein.<\/p>\n","protected":false},"excerpt":{"rendered":"<p>Kleine Wobbler mit integrierten Haken f\u00fcr Fragmente.<br \/>\nErh\u00e4ltlich in drei Farben.<\/p>\n","protected":false},"featured_media":11103,"template":"","meta":{"_acf_changed":false,"content-type":""},"product_brand":[],"product_cat":[1149],"product_tag":[966,1099,1120,1417],"class_list":{"0":"post-11095","1":"product","2":"type-product","3":"status-publish","4":"has-post-thumbnail","6":"product_cat-aquascaping","7":"product_tag-aquaforest-de","8":"product_tag-aquascaping-de","9":"product_tag-meerwasser-aquarien","10":"product_tag-variable-de","12":"first","13":"instock","14":"taxable","15":"shipping-taxable","16":"purchasable","17":"product-type-variable","18":"has-default-attributes"},"acf":[],"yoast_head":"<!-- This site is optimized with the Yoast SEO plugin v27.1.1 - https:\/\/yoast.com\/product\/yoast-seo-wordpress\/ -->\n<title>AF Plug Rocks - Aquaforest<\/title>\n<meta name=\"description\" content=\"AF Plug Rocks von Aquaforest: Felsen mit eingebauten Haken zum einfachen Einsetzen von Korallen. Zuverl\u00e4ssige Formel f\u00fcr stabile Arrangements und gesundes Wachstum im Aquarium.\" \/>\n<meta name=\"robots\" content=\"index, follow, max-snippet:-1, max-image-preview:large, max-video-preview:-1\" \/>\n<link rel=\"canonical\" href=\"https:\/\/aquaforest.eu\/de\/produkte\/seawater\/aquascaping\/af-plug-rocks\/\" \/>\n<meta property=\"og:locale\" content=\"de_DE\" \/>\n<meta property=\"og:type\" content=\"article\" \/>\n<meta property=\"og:title\" content=\"AF Plug Rocks - Aquaforest\" \/>\n<meta property=\"og:description\" content=\"AF Plug Rocks von Aquaforest: Felsen mit eingebauten Haken zum einfachen Einsetzen von Korallen. Zuverl\u00e4ssige Formel f\u00fcr stabile Arrangements und gesundes Wachstum im Aquarium.\" \/>\n<meta property=\"og:url\" content=\"https:\/\/aquaforest.eu\/de\/produkte\/seawater\/aquascaping\/af-plug-rocks\/\" \/>\n<meta property=\"og:site_name\" content=\"Aquaforest\" \/>\n<meta property=\"article:publisher\" content=\"https:\/\/www.facebook.com\/Aquaforest\/\" \/>\n<meta property=\"article:modified_time\" content=\"2024-10-24T10:32:04+00:00\" \/>\n<meta property=\"og:image\" content=\"https:\/\/aquaforest.eu\/wp-content\/uploads\/2024\/06\/AF_Plug-Rocks_WHITE.png\" \/>\n\t<meta property=\"og:image:width\" content=\"470\" \/>\n\t<meta property=\"og:image:height\" content=\"600\" \/>\n\t<meta property=\"og:image:type\" content=\"image\/png\" \/>\n<meta name=\"twitter:card\" content=\"summary_large_image\" \/>\n<meta name=\"twitter:label1\" content=\"Gesch\u00e4tzte Lesezeit\" \/>\n\t<meta name=\"twitter:data1\" content=\"1\u00a0Minute\" \/>\n<script type=\"application\/ld+json\" class=\"yoast-schema-graph\">{\"@context\":\"https:\/\/schema.org\",\"@graph\":[{\"@type\":\"WebPage\",\"@id\":\"https:\/\/aquaforest.eu\/de\/produkte\/seawater\/aquascaping\/af-plug-rocks\/\",\"url\":\"https:\/\/aquaforest.eu\/de\/produkte\/seawater\/aquascaping\/af-plug-rocks\/\",\"name\":\"AF Plug Rocks - Aquaforest\",\"isPartOf\":{\"@id\":\"https:\/\/aquaforest.eu\/de\/#website\"},\"primaryImageOfPage\":{\"@id\":\"https:\/\/aquaforest.eu\/de\/produkte\/seawater\/aquascaping\/af-plug-rocks\/#primaryimage\"},\"image\":{\"@id\":\"https:\/\/aquaforest.eu\/de\/produkte\/seawater\/aquascaping\/af-plug-rocks\/#primaryimage\"},\"thumbnailUrl\":\"https:\/\/aquaforest.eu\/wp-content\/uploads\/2024\/06\/AF_Plug-Rocks_WHITE.png\",\"datePublished\":\"2024-06-27T01:05:26+00:00\",\"dateModified\":\"2024-10-24T10:32:04+00:00\",\"description\":\"AF Plug Rocks von Aquaforest: Felsen mit eingebauten Haken zum einfachen Einsetzen von Korallen. Zuverl\u00e4ssige Formel f\u00fcr stabile Arrangements und gesundes Wachstum im Aquarium.\",\"breadcrumb\":{\"@id\":\"https:\/\/aquaforest.eu\/de\/produkte\/seawater\/aquascaping\/af-plug-rocks\/#breadcrumb\"},\"inLanguage\":\"de\",\"potentialAction\":[{\"@type\":\"ReadAction\",\"target\":[\"https:\/\/aquaforest.eu\/de\/produkte\/seawater\/aquascaping\/af-plug-rocks\/\"]}]},{\"@type\":\"ImageObject\",\"inLanguage\":\"de\",\"@id\":\"https:\/\/aquaforest.eu\/de\/produkte\/seawater\/aquascaping\/af-plug-rocks\/#primaryimage\",\"url\":\"https:\/\/aquaforest.eu\/wp-content\/uploads\/2024\/06\/AF_Plug-Rocks_WHITE.png\",\"contentUrl\":\"https:\/\/aquaforest.eu\/wp-content\/uploads\/2024\/06\/AF_Plug-Rocks_WHITE.png\",\"width\":470,\"height\":600},{\"@type\":\"BreadcrumbList\",\"@id\":\"https:\/\/aquaforest.eu\/de\/produkte\/seawater\/aquascaping\/af-plug-rocks\/#breadcrumb\",\"itemListElement\":[{\"@type\":\"ListItem\",\"position\":1,\"name\":\"Home\",\"item\":\"https:\/\/aquaforest.eu\/de\/\"},{\"@type\":\"ListItem\",\"position\":2,\"name\":\"Produkte\",\"item\":\"https:\/\/aquaforest.eu\/de\/produkte\/\"},{\"@type\":\"ListItem\",\"position\":3,\"name\":\"AF Plug Rocks\"}]},{\"@type\":\"WebSite\",\"@id\":\"https:\/\/aquaforest.eu\/de\/#website\",\"url\":\"https:\/\/aquaforest.eu\/de\/\",\"name\":\"Aquaforest\",\"description\":\"\",\"publisher\":{\"@id\":\"https:\/\/aquaforest.eu\/de\/#organization\"},\"potentialAction\":[{\"@type\":\"SearchAction\",\"target\":{\"@type\":\"EntryPoint\",\"urlTemplate\":\"https:\/\/aquaforest.eu\/de\/?s={search_term_string}\"},\"query-input\":{\"@type\":\"PropertyValueSpecification\",\"valueRequired\":true,\"valueName\":\"search_term_string\"}}],\"inLanguage\":\"de\"},{\"@type\":\"Organization\",\"@id\":\"https:\/\/aquaforest.eu\/de\/#organization\",\"name\":\"Aquaforest\",\"url\":\"https:\/\/aquaforest.eu\/de\/\",\"logo\":{\"@type\":\"ImageObject\",\"inLanguage\":\"de\",\"@id\":\"https:\/\/aquaforest.eu\/de\/#\/schema\/logo\/image\/\",\"url\":\"https:\/\/aquaforest.eu\/wp-content\/uploads\/2024\/05\/logotyp-aquaforest.svg\",\"contentUrl\":\"https:\/\/aquaforest.eu\/wp-content\/uploads\/2024\/05\/logotyp-aquaforest.svg\",\"width\":170,\"height\":22,\"caption\":\"Aquaforest\"},\"image\":{\"@id\":\"https:\/\/aquaforest.eu\/de\/#\/schema\/logo\/image\/\"},\"sameAs\":[\"https:\/\/www.facebook.com\/Aquaforest\/\",\"https:\/\/www.instagram.com\/aquaforest.eu\/\"]}]}<\/script>\n<!-- \/ Yoast SEO plugin. -->","yoast_head_json":{"title":"AF Plug Rocks - Aquaforest","description":"AF Plug Rocks von Aquaforest: Felsen mit eingebauten Haken zum einfachen Einsetzen von Korallen. Zuverl\u00e4ssige Formel f\u00fcr stabile Arrangements und gesundes Wachstum im Aquarium.","robots":{"index":"index","follow":"follow","max-snippet":"max-snippet:-1","max-image-preview":"max-image-preview:large","max-video-preview":"max-video-preview:-1"},"canonical":"https:\/\/aquaforest.eu\/de\/produkte\/seawater\/aquascaping\/af-plug-rocks\/","og_locale":"de_DE","og_type":"article","og_title":"AF Plug Rocks - Aquaforest","og_description":"AF Plug Rocks von Aquaforest: Felsen mit eingebauten Haken zum einfachen Einsetzen von Korallen. Zuverl\u00e4ssige Formel f\u00fcr stabile Arrangements und gesundes Wachstum im Aquarium.","og_url":"https:\/\/aquaforest.eu\/de\/produkte\/seawater\/aquascaping\/af-plug-rocks\/","og_site_name":"Aquaforest","article_publisher":"https:\/\/www.facebook.com\/Aquaforest\/","article_modified_time":"2024-10-24T10:32:04+00:00","og_image":[{"width":470,"height":600,"url":"https:\/\/aquaforest.eu\/wp-content\/uploads\/2024\/06\/AF_Plug-Rocks_WHITE.png","type":"image\/png"}],"twitter_card":"summary_large_image","twitter_misc":{"Gesch\u00e4tzte Lesezeit":"1\u00a0Minute"},"schema":{"@context":"https:\/\/schema.org","@graph":[{"@type":"WebPage","@id":"https:\/\/aquaforest.eu\/de\/produkte\/seawater\/aquascaping\/af-plug-rocks\/","url":"https:\/\/aquaforest.eu\/de\/produkte\/seawater\/aquascaping\/af-plug-rocks\/","name":"AF Plug Rocks - Aquaforest","isPartOf":{"@id":"https:\/\/aquaforest.eu\/de\/#website"},"primaryImageOfPage":{"@id":"https:\/\/aquaforest.eu\/de\/produkte\/seawater\/aquascaping\/af-plug-rocks\/#primaryimage"},"image":{"@id":"https:\/\/aquaforest.eu\/de\/produkte\/seawater\/aquascaping\/af-plug-rocks\/#primaryimage"},"thumbnailUrl":"https:\/\/aquaforest.eu\/wp-content\/uploads\/2024\/06\/AF_Plug-Rocks_WHITE.png","datePublished":"2024-06-27T01:05:26+00:00","dateModified":"2024-10-24T10:32:04+00:00","description":"AF Plug Rocks von Aquaforest: Felsen mit eingebauten Haken zum einfachen Einsetzen von Korallen. Zuverl\u00e4ssige Formel f\u00fcr stabile Arrangements und gesundes Wachstum im Aquarium.","breadcrumb":{"@id":"https:\/\/aquaforest.eu\/de\/produkte\/seawater\/aquascaping\/af-plug-rocks\/#breadcrumb"},"inLanguage":"de","potentialAction":[{"@type":"ReadAction","target":["https:\/\/aquaforest.eu\/de\/produkte\/seawater\/aquascaping\/af-plug-rocks\/"]}]},{"@type":"ImageObject","inLanguage":"de","@id":"https:\/\/aquaforest.eu\/de\/produkte\/seawater\/aquascaping\/af-plug-rocks\/#primaryimage","url":"https:\/\/aquaforest.eu\/wp-content\/uploads\/2024\/06\/AF_Plug-Rocks_WHITE.png","contentUrl":"https:\/\/aquaforest.eu\/wp-content\/uploads\/2024\/06\/AF_Plug-Rocks_WHITE.png","width":470,"height":600},{"@type":"BreadcrumbList","@id":"https:\/\/aquaforest.eu\/de\/produkte\/seawater\/aquascaping\/af-plug-rocks\/#breadcrumb","itemListElement":[{"@type":"ListItem","position":1,"name":"Home","item":"https:\/\/aquaforest.eu\/de\/"},{"@type":"ListItem","position":2,"name":"Produkte","item":"https:\/\/aquaforest.eu\/de\/produkte\/"},{"@type":"ListItem","position":3,"name":"AF Plug Rocks"}]},{"@type":"WebSite","@id":"https:\/\/aquaforest.eu\/de\/#website","url":"https:\/\/aquaforest.eu\/de\/","name":"Aquaforest","description":"","publisher":{"@id":"https:\/\/aquaforest.eu\/de\/#organization"},"potentialAction":[{"@type":"SearchAction","target":{"@type":"EntryPoint","urlTemplate":"https:\/\/aquaforest.eu\/de\/?s={search_term_string}"},"query-input":{"@type":"PropertyValueSpecification","valueRequired":true,"valueName":"search_term_string"}}],"inLanguage":"de"},{"@type":"Organization","@id":"https:\/\/aquaforest.eu\/de\/#organization","name":"Aquaforest","url":"https:\/\/aquaforest.eu\/de\/","logo":{"@type":"ImageObject","inLanguage":"de","@id":"https:\/\/aquaforest.eu\/de\/#\/schema\/logo\/image\/","url":"https:\/\/aquaforest.eu\/wp-content\/uploads\/2024\/05\/logotyp-aquaforest.svg","contentUrl":"https:\/\/aquaforest.eu\/wp-content\/uploads\/2024\/05\/logotyp-aquaforest.svg","width":170,"height":22,"caption":"Aquaforest"},"image":{"@id":"https:\/\/aquaforest.eu\/de\/#\/schema\/logo\/image\/"},"sameAs":["https:\/\/www.facebook.com\/Aquaforest\/","https:\/\/www.instagram.com\/aquaforest.eu\/"]}]}},"_links":{"self":[{"href":"https:\/\/aquaforest.eu\/de\/wp-json\/wp\/v2\/product\/11095","targetHints":{"allow":["GET"]}}],"collection":[{"href":"https:\/\/aquaforest.eu\/de\/wp-json\/wp\/v2\/product"}],"about":[{"href":"https:\/\/aquaforest.eu\/de\/wp-json\/wp\/v2\/types\/product"}],"version-history":[{"count":0,"href":"https:\/\/aquaforest.eu\/de\/wp-json\/wp\/v2\/product\/11095\/revisions"}],"wp:featuredmedia":[{"embeddable":true,"href":"https:\/\/aquaforest.eu\/de\/wp-json\/wp\/v2\/media\/11103"}],"wp:attachment":[{"href":"https:\/\/aquaforest.eu\/de\/wp-json\/wp\/v2\/media?parent=11095"}],"wp:term":[{"taxonomy":"product_brand","embeddable":true,"href":"https:\/\/aquaforest.eu\/de\/wp-json\/wp\/v2\/product_brand?post=11095"},{"taxonomy":"product_cat","embeddable":true,"href":"https:\/\/aquaforest.eu\/de\/wp-json\/wp\/v2\/product_cat?post=11095"},{"taxonomy":"product_tag","embeddable":true,"href":"https:\/\/aquaforest.eu\/de\/wp-json\/wp\/v2\/product_tag?post=11095"}],"curies":[{"name":"wp","href":"https:\/\/api.w.org\/{rel}","templated":true}]}}