{"id":11209,"date":"2024-06-27T02:37:17","date_gmt":"2024-06-27T00:37:17","guid":{"rendered":"https:\/\/aquaforest.eu\/products\/unkategorisiert\/garlic-essence\/"},"modified":"2025-05-23T10:33:19","modified_gmt":"2025-05-23T08:33:19","slug":"garlic-essence","status":"publish","type":"product","link":"https:\/\/aquaforest.eu\/de\/produkte\/seawater\/lebensmittel-und-nahrungsergaenzungsmittel\/garlic-essence\/","title":{"rendered":"Garlic Essence"},"content":{"rendered":"<p>Garlic Essence &#8211; eine umfassende Unterst\u00fctzung f\u00fcr das Immunsystem von Aquarienfischen durch die <b>Kombination von Vitaminen, Omega-3-Fetts\u00e4uren<\/b> und <b>nat\u00fcrlichem Knoblauchextrakt<\/b>.<br \/>\nEs ist ein wirksames Produkt sowohl zur t\u00e4glichen Unterst\u00fctzung der Ern\u00e4hrung als auch <b>w\u00e4hrend der Behandlung, Rekonvaleszenz oder Quarant\u00e4nezeiten<\/b>.<br \/>\nMit einer einzigartigen Formel aus nat\u00fcrlichen Inhaltsstoffen f\u00f6rdert Garlic Essence die Gesundheit und <b>unterst\u00fctzt den Gesamtzustand Ihrer Fische<\/b> durch das Vorhandensein von Vitaminen und Omega-3-Fetts\u00e4uren <b>. Dieses Produkt verwendet nat\u00fcrliche Inhaltsstoffe wie Knoblauchextrakt, pflanzliche \u00d6le und Lebertran, um die Gesundheit Ihrer Aquarienfische zu erhalten.<\/b> Garlic Essence ist ein Nahrungserg\u00e4nzungsmittel, das den t\u00e4glichen Bedarf von Fischen deckt und eine wichtige Rolle bei der Pflege ihrer Gesundheit spielen kann. <b>Es bietet eine umfassende Unterst\u00fctzung f\u00fcr Aquarienfische, die auf ihren nat\u00fcrlichen Bed\u00fcrfnissen basiert.<\/b><\/p>\n<p>&nbsp;<\/p>\n<hr \/>\n<p>&nbsp;<\/p>\n<p><strong>Was macht dieses Produkt einzigartig?<\/strong><\/p>\n<ul>\n<li>Nahrungserg\u00e4nzungsmittel mit Vitaminen, Omega-3-S\u00e4uren und nat\u00fcrlichem Knoblauchextrakt.<\/li>\n<li>Bereichert die t\u00e4gliche Ern\u00e4hrung von Fischen.<\/li>\n<li>G\u00fcltig w\u00e4hrend der Quarant\u00e4nezeit.<\/li>\n<li>Zu den Inhaltsstoffen geh\u00f6ren Knoblauchextrakt, pflanzliche \u00d6le und Fisch\u00f6l.<\/li>\n<li>Wirkt sich positiv auf das Kreislaufsystem aus.<\/li>\n<li>Verbessert die Regenerationsrate und die Wundheilung.<\/li>\n<\/ul>\n","protected":false},"excerpt":{"rendered":"<p>Nat\u00fcrliches Erg\u00e4nzungsmittel aus Knoblauchextrakt. Enth\u00e4lt Vitamine, Omega-3-S\u00e4ure, Fisch\u00f6l und nat\u00fcrlichem Knoblauchextrakt.<\/p>\n","protected":false},"featured_media":11222,"template":"","meta":{"_acf_changed":false,"content-type":""},"product_brand":[],"product_cat":[1152],"product_tag":[966,1104,1120,1417],"class_list":{"0":"post-11209","1":"product","2":"type-product","3":"status-publish","4":"has-post-thumbnail","6":"product_cat-lebensmittel-und-nahrungsergaenzungsmittel","7":"product_tag-aquaforest-de","8":"product_tag-lebensmittel-und-nahrungserganzungsmittel","9":"product_tag-meerwasser-aquarien","10":"product_tag-variable-de","12":"first","13":"instock","14":"taxable","15":"shipping-taxable","16":"purchasable","17":"product-type-variable","18":"has-default-attributes"},"acf":[],"yoast_head":"<!-- This site is optimized with the Yoast SEO plugin v27.1.1 - https:\/\/yoast.com\/product\/yoast-seo-wordpress\/ -->\n<title>Garlic Essence - Aquaforest<\/title>\n<meta name=\"description\" content=\"Garlic Essence von Aquaforest: einzigartiger Knoblauchextrakt, der den Appetit verbessert, das Immunsystem st\u00e4rkt und Parasiten auf nat\u00fcrliche Weise abwehrt. Einzigartige Formel f\u00fcr die Gesundheit von Fischen und Korallen.\" \/>\n<meta name=\"robots\" content=\"index, follow, max-snippet:-1, max-image-preview:large, max-video-preview:-1\" \/>\n<link rel=\"canonical\" href=\"https:\/\/aquaforest.eu\/de\/produkte\/seawater\/lebensmittel-und-nahrungsergaenzungsmittel\/garlic-essence\/\" \/>\n<meta property=\"og:locale\" content=\"de_DE\" \/>\n<meta property=\"og:type\" content=\"article\" \/>\n<meta property=\"og:title\" content=\"Garlic Essence - Aquaforest\" \/>\n<meta property=\"og:description\" content=\"Garlic Essence von Aquaforest: einzigartiger Knoblauchextrakt, der den Appetit verbessert, das Immunsystem st\u00e4rkt und Parasiten auf nat\u00fcrliche Weise abwehrt. Einzigartige Formel f\u00fcr die Gesundheit von Fischen und Korallen.\" \/>\n<meta property=\"og:url\" content=\"https:\/\/aquaforest.eu\/de\/produkte\/seawater\/lebensmittel-und-nahrungsergaenzungsmittel\/garlic-essence\/\" \/>\n<meta property=\"og:site_name\" content=\"Aquaforest\" \/>\n<meta property=\"article:publisher\" content=\"https:\/\/www.facebook.com\/Aquaforest\/\" \/>\n<meta property=\"article:modified_time\" content=\"2025-05-23T08:33:19+00:00\" \/>\n<meta property=\"og:image\" content=\"https:\/\/aquaforest.eu\/wp-content\/uploads\/2024\/06\/Garlic_Essence_50ml.png\" \/>\n\t<meta property=\"og:image:width\" content=\"767\" \/>\n\t<meta property=\"og:image:height\" content=\"1423\" \/>\n\t<meta property=\"og:image:type\" content=\"image\/png\" \/>\n<meta name=\"twitter:card\" content=\"summary_large_image\" \/>\n<meta name=\"twitter:label1\" content=\"Gesch\u00e4tzte Lesezeit\" \/>\n\t<meta name=\"twitter:data1\" content=\"1\u00a0Minute\" \/>\n<script type=\"application\/ld+json\" class=\"yoast-schema-graph\">{\"@context\":\"https:\/\/schema.org\",\"@graph\":[{\"@type\":\"WebPage\",\"@id\":\"https:\/\/aquaforest.eu\/de\/produkte\/seawater\/lebensmittel-und-nahrungsergaenzungsmittel\/garlic-essence\/\",\"url\":\"https:\/\/aquaforest.eu\/de\/produkte\/seawater\/lebensmittel-und-nahrungsergaenzungsmittel\/garlic-essence\/\",\"name\":\"Garlic Essence - Aquaforest\",\"isPartOf\":{\"@id\":\"https:\/\/aquaforest.eu\/de\/#website\"},\"primaryImageOfPage\":{\"@id\":\"https:\/\/aquaforest.eu\/de\/produkte\/seawater\/lebensmittel-und-nahrungsergaenzungsmittel\/garlic-essence\/#primaryimage\"},\"image\":{\"@id\":\"https:\/\/aquaforest.eu\/de\/produkte\/seawater\/lebensmittel-und-nahrungsergaenzungsmittel\/garlic-essence\/#primaryimage\"},\"thumbnailUrl\":\"https:\/\/aquaforest.eu\/wp-content\/uploads\/2024\/06\/Garlic_Essence_50ml.png\",\"datePublished\":\"2024-06-27T00:37:17+00:00\",\"dateModified\":\"2025-05-23T08:33:19+00:00\",\"description\":\"Garlic Essence von Aquaforest: einzigartiger Knoblauchextrakt, der den Appetit verbessert, das Immunsystem st\u00e4rkt und Parasiten auf nat\u00fcrliche Weise abwehrt. Einzigartige Formel f\u00fcr die Gesundheit von Fischen und Korallen.\",\"breadcrumb\":{\"@id\":\"https:\/\/aquaforest.eu\/de\/produkte\/seawater\/lebensmittel-und-nahrungsergaenzungsmittel\/garlic-essence\/#breadcrumb\"},\"inLanguage\":\"de\",\"potentialAction\":[{\"@type\":\"ReadAction\",\"target\":[\"https:\/\/aquaforest.eu\/de\/produkte\/seawater\/lebensmittel-und-nahrungsergaenzungsmittel\/garlic-essence\/\"]}]},{\"@type\":\"ImageObject\",\"inLanguage\":\"de\",\"@id\":\"https:\/\/aquaforest.eu\/de\/produkte\/seawater\/lebensmittel-und-nahrungsergaenzungsmittel\/garlic-essence\/#primaryimage\",\"url\":\"https:\/\/aquaforest.eu\/wp-content\/uploads\/2024\/06\/Garlic_Essence_50ml.png\",\"contentUrl\":\"https:\/\/aquaforest.eu\/wp-content\/uploads\/2024\/06\/Garlic_Essence_50ml.png\",\"width\":767,\"height\":1423},{\"@type\":\"BreadcrumbList\",\"@id\":\"https:\/\/aquaforest.eu\/de\/produkte\/seawater\/lebensmittel-und-nahrungsergaenzungsmittel\/garlic-essence\/#breadcrumb\",\"itemListElement\":[{\"@type\":\"ListItem\",\"position\":1,\"name\":\"Home\",\"item\":\"https:\/\/aquaforest.eu\/de\/\"},{\"@type\":\"ListItem\",\"position\":2,\"name\":\"Produkte\",\"item\":\"https:\/\/aquaforest.eu\/de\/produkte\/\"},{\"@type\":\"ListItem\",\"position\":3,\"name\":\"Garlic Essence\"}]},{\"@type\":\"WebSite\",\"@id\":\"https:\/\/aquaforest.eu\/de\/#website\",\"url\":\"https:\/\/aquaforest.eu\/de\/\",\"name\":\"Aquaforest\",\"description\":\"\",\"publisher\":{\"@id\":\"https:\/\/aquaforest.eu\/de\/#organization\"},\"potentialAction\":[{\"@type\":\"SearchAction\",\"target\":{\"@type\":\"EntryPoint\",\"urlTemplate\":\"https:\/\/aquaforest.eu\/de\/?s={search_term_string}\"},\"query-input\":{\"@type\":\"PropertyValueSpecification\",\"valueRequired\":true,\"valueName\":\"search_term_string\"}}],\"inLanguage\":\"de\"},{\"@type\":\"Organization\",\"@id\":\"https:\/\/aquaforest.eu\/de\/#organization\",\"name\":\"Aquaforest\",\"url\":\"https:\/\/aquaforest.eu\/de\/\",\"logo\":{\"@type\":\"ImageObject\",\"inLanguage\":\"de\",\"@id\":\"https:\/\/aquaforest.eu\/de\/#\/schema\/logo\/image\/\",\"url\":\"https:\/\/aquaforest.eu\/wp-content\/uploads\/2024\/05\/logotyp-aquaforest.svg\",\"contentUrl\":\"https:\/\/aquaforest.eu\/wp-content\/uploads\/2024\/05\/logotyp-aquaforest.svg\",\"width\":170,\"height\":22,\"caption\":\"Aquaforest\"},\"image\":{\"@id\":\"https:\/\/aquaforest.eu\/de\/#\/schema\/logo\/image\/\"},\"sameAs\":[\"https:\/\/www.facebook.com\/Aquaforest\/\",\"https:\/\/www.instagram.com\/aquaforest.eu\/\"]}]}<\/script>\n<!-- \/ Yoast SEO plugin. -->","yoast_head_json":{"title":"Garlic Essence - Aquaforest","description":"Garlic Essence von Aquaforest: einzigartiger Knoblauchextrakt, der den Appetit verbessert, das Immunsystem st\u00e4rkt und Parasiten auf nat\u00fcrliche Weise abwehrt. Einzigartige Formel f\u00fcr die Gesundheit von Fischen und Korallen.","robots":{"index":"index","follow":"follow","max-snippet":"max-snippet:-1","max-image-preview":"max-image-preview:large","max-video-preview":"max-video-preview:-1"},"canonical":"https:\/\/aquaforest.eu\/de\/produkte\/seawater\/lebensmittel-und-nahrungsergaenzungsmittel\/garlic-essence\/","og_locale":"de_DE","og_type":"article","og_title":"Garlic Essence - Aquaforest","og_description":"Garlic Essence von Aquaforest: einzigartiger Knoblauchextrakt, der den Appetit verbessert, das Immunsystem st\u00e4rkt und Parasiten auf nat\u00fcrliche Weise abwehrt. Einzigartige Formel f\u00fcr die Gesundheit von Fischen und Korallen.","og_url":"https:\/\/aquaforest.eu\/de\/produkte\/seawater\/lebensmittel-und-nahrungsergaenzungsmittel\/garlic-essence\/","og_site_name":"Aquaforest","article_publisher":"https:\/\/www.facebook.com\/Aquaforest\/","article_modified_time":"2025-05-23T08:33:19+00:00","og_image":[{"width":767,"height":1423,"url":"https:\/\/aquaforest.eu\/wp-content\/uploads\/2024\/06\/Garlic_Essence_50ml.png","type":"image\/png"}],"twitter_card":"summary_large_image","twitter_misc":{"Gesch\u00e4tzte Lesezeit":"1\u00a0Minute"},"schema":{"@context":"https:\/\/schema.org","@graph":[{"@type":"WebPage","@id":"https:\/\/aquaforest.eu\/de\/produkte\/seawater\/lebensmittel-und-nahrungsergaenzungsmittel\/garlic-essence\/","url":"https:\/\/aquaforest.eu\/de\/produkte\/seawater\/lebensmittel-und-nahrungsergaenzungsmittel\/garlic-essence\/","name":"Garlic Essence - Aquaforest","isPartOf":{"@id":"https:\/\/aquaforest.eu\/de\/#website"},"primaryImageOfPage":{"@id":"https:\/\/aquaforest.eu\/de\/produkte\/seawater\/lebensmittel-und-nahrungsergaenzungsmittel\/garlic-essence\/#primaryimage"},"image":{"@id":"https:\/\/aquaforest.eu\/de\/produkte\/seawater\/lebensmittel-und-nahrungsergaenzungsmittel\/garlic-essence\/#primaryimage"},"thumbnailUrl":"https:\/\/aquaforest.eu\/wp-content\/uploads\/2024\/06\/Garlic_Essence_50ml.png","datePublished":"2024-06-27T00:37:17+00:00","dateModified":"2025-05-23T08:33:19+00:00","description":"Garlic Essence von Aquaforest: einzigartiger Knoblauchextrakt, der den Appetit verbessert, das Immunsystem st\u00e4rkt und Parasiten auf nat\u00fcrliche Weise abwehrt. Einzigartige Formel f\u00fcr die Gesundheit von Fischen und Korallen.","breadcrumb":{"@id":"https:\/\/aquaforest.eu\/de\/produkte\/seawater\/lebensmittel-und-nahrungsergaenzungsmittel\/garlic-essence\/#breadcrumb"},"inLanguage":"de","potentialAction":[{"@type":"ReadAction","target":["https:\/\/aquaforest.eu\/de\/produkte\/seawater\/lebensmittel-und-nahrungsergaenzungsmittel\/garlic-essence\/"]}]},{"@type":"ImageObject","inLanguage":"de","@id":"https:\/\/aquaforest.eu\/de\/produkte\/seawater\/lebensmittel-und-nahrungsergaenzungsmittel\/garlic-essence\/#primaryimage","url":"https:\/\/aquaforest.eu\/wp-content\/uploads\/2024\/06\/Garlic_Essence_50ml.png","contentUrl":"https:\/\/aquaforest.eu\/wp-content\/uploads\/2024\/06\/Garlic_Essence_50ml.png","width":767,"height":1423},{"@type":"BreadcrumbList","@id":"https:\/\/aquaforest.eu\/de\/produkte\/seawater\/lebensmittel-und-nahrungsergaenzungsmittel\/garlic-essence\/#breadcrumb","itemListElement":[{"@type":"ListItem","position":1,"name":"Home","item":"https:\/\/aquaforest.eu\/de\/"},{"@type":"ListItem","position":2,"name":"Produkte","item":"https:\/\/aquaforest.eu\/de\/produkte\/"},{"@type":"ListItem","position":3,"name":"Garlic Essence"}]},{"@type":"WebSite","@id":"https:\/\/aquaforest.eu\/de\/#website","url":"https:\/\/aquaforest.eu\/de\/","name":"Aquaforest","description":"","publisher":{"@id":"https:\/\/aquaforest.eu\/de\/#organization"},"potentialAction":[{"@type":"SearchAction","target":{"@type":"EntryPoint","urlTemplate":"https:\/\/aquaforest.eu\/de\/?s={search_term_string}"},"query-input":{"@type":"PropertyValueSpecification","valueRequired":true,"valueName":"search_term_string"}}],"inLanguage":"de"},{"@type":"Organization","@id":"https:\/\/aquaforest.eu\/de\/#organization","name":"Aquaforest","url":"https:\/\/aquaforest.eu\/de\/","logo":{"@type":"ImageObject","inLanguage":"de","@id":"https:\/\/aquaforest.eu\/de\/#\/schema\/logo\/image\/","url":"https:\/\/aquaforest.eu\/wp-content\/uploads\/2024\/05\/logotyp-aquaforest.svg","contentUrl":"https:\/\/aquaforest.eu\/wp-content\/uploads\/2024\/05\/logotyp-aquaforest.svg","width":170,"height":22,"caption":"Aquaforest"},"image":{"@id":"https:\/\/aquaforest.eu\/de\/#\/schema\/logo\/image\/"},"sameAs":["https:\/\/www.facebook.com\/Aquaforest\/","https:\/\/www.instagram.com\/aquaforest.eu\/"]}]}},"_links":{"self":[{"href":"https:\/\/aquaforest.eu\/de\/wp-json\/wp\/v2\/product\/11209","targetHints":{"allow":["GET"]}}],"collection":[{"href":"https:\/\/aquaforest.eu\/de\/wp-json\/wp\/v2\/product"}],"about":[{"href":"https:\/\/aquaforest.eu\/de\/wp-json\/wp\/v2\/types\/product"}],"version-history":[{"count":1,"href":"https:\/\/aquaforest.eu\/de\/wp-json\/wp\/v2\/product\/11209\/revisions"}],"predecessor-version":[{"id":22415,"href":"https:\/\/aquaforest.eu\/de\/wp-json\/wp\/v2\/product\/11209\/revisions\/22415"}],"wp:featuredmedia":[{"embeddable":true,"href":"https:\/\/aquaforest.eu\/de\/wp-json\/wp\/v2\/media\/11222"}],"wp:attachment":[{"href":"https:\/\/aquaforest.eu\/de\/wp-json\/wp\/v2\/media?parent=11209"}],"wp:term":[{"taxonomy":"product_brand","embeddable":true,"href":"https:\/\/aquaforest.eu\/de\/wp-json\/wp\/v2\/product_brand?post=11209"},{"taxonomy":"product_cat","embeddable":true,"href":"https:\/\/aquaforest.eu\/de\/wp-json\/wp\/v2\/product_cat?post=11209"},{"taxonomy":"product_tag","embeddable":true,"href":"https:\/\/aquaforest.eu\/de\/wp-json\/wp\/v2\/product_tag?post=11209"}],"curies":[{"name":"wp","href":"https:\/\/api.w.org\/{rel}","templated":true}]}}