{"id":11215,"date":"2024-06-27T02:33:46","date_gmt":"2024-06-27T00:33:46","guid":{"rendered":"https:\/\/aquaforest.eu\/products\/unkategorisiert\/kh-puffer\/"},"modified":"2024-10-23T02:30:17","modified_gmt":"2024-10-23T00:30:17","slug":"kh-buffer","status":"publish","type":"product","link":"https:\/\/aquaforest.eu\/de\/produkte\/seawater\/wasseraufbereitung\/kh-buffer\/","title":{"rendered":"Kh Buffer"},"content":{"rendered":"<h4 class=\"fusion-responsive-typography-calculated\" data-fontsize=\"22\" data-lineheight=\"27.5px\"><span style=\"color: #000000;\">Aufrechterhaltung einer stabilen Karbonath\u00e4rte f\u00fcr ein perfektes Gleichgewicht im Aquarium<\/span><\/h4>\n<p><span style=\"color: #000000;\">Ein Mittel zur Aufrechterhaltung eines konstanten Karbonath\u00e4rtegehalts in Riffaquarien. Ein genaues Niveau der Karbonath\u00e4rte ist f\u00fcr die Stabilisierung des pH-Werts unerl\u00e4sslich. Ein pl\u00f6tzlicher Abfall der Karbonatkonzentration im Aquarium kann den Nitrifikationsprozess vollst\u00e4ndig stoppen. Der empfohlene KH-Wert in Riffaquarien betr\u00e4gt 6,5-8,5 dKH.<\/span><\/p>\n<p>&nbsp;<\/p>\n<hr \/>\n<h4 data-fontsize=\"22\" data-lineheight=\"27.5px\"><\/h4>\n<h4 class=\"fusion-responsive-typography-calculated\" data-fontsize=\"22\" data-lineheight=\"27.5px\"><span style=\"color: #000000;\">Genaue Dosierung des KH-Puffers f\u00fcr optimale Wasserparameter<\/span><\/h4>\n<p><span style=\"color: #000000;\"><strong>Dosierung:<\/strong> L\u00f6sen Sie 80 g KH-Puffer in 1000 ml RODI-Wasser auf. Die Dosierung sollte anhand der Ergebnisse Ihres Wassertests und des t\u00e4glichen Verbrauchs der Korallen bestimmt werden. Bevor Sie KH-Pufferl\u00f6sung in das Wasser geben, sollten Sie einen Wassertest durchf\u00fchren, um die aktuellen Wasserparameter zu \u00fcberpr\u00fcfen. 100 ml KH-Pufferl\u00f6sung erh\u00f6hen den KH-Wert in 100 l (27 US gal) Wasser um 2,6 dKH. Das Produkt ist auch f\u00fcr den gelegentlichen Gebrauch zur einmaligen Anhebung des KH-Wertes geeignet. 10 g KH-Puffer in 100 l Wasser erh\u00f6hen den KH-Wert um etwa 3,3 dKH (Alk. 1,18 Meg\/l). Wir empfehlen, den KH-Wert nicht um mehr als 0,5 dKH pro Tag zu erh\u00f6hen.<\/span><\/p>\n<p>&nbsp;<\/p>\n<hr \/>\n<p>&nbsp;<\/p>\n<p><span style=\"color: #000000;\"><strong>Was ist das Tolle an diesem Produkt?<\/strong> Sorgt f\u00fcr eine konstante Karbonath\u00e4rte L\u00f6st sich schnell auf und ist leicht zu dosieren Stabilisiert die Was<\/span><span style=\"color: #000000;\">serparameter Entscheidend f\u00fcr die Gesundheit der Korallen<\/span><\/p>\n<p>&nbsp;<\/p>\n<hr \/>\n<p>&nbsp;<\/p>\n<p><span style=\"color: #000000;\"><strong>Gut zu wissen:<\/strong> Empfohlener Wert: 6,5-8,0 dKH Maximale t\u00e4gliche Erh\u00f6hung: 0,5 dKH<\/span><\/p>\n","protected":false},"excerpt":{"rendered":"<p>Ein Mittel zur Aufrechterhaltung eines konstanten Karbonath\u00e4rtegrades in Riffaquarien.<\/p>\n","protected":false},"featured_media":11223,"template":"","meta":{"_acf_changed":false,"content-type":""},"product_brand":[],"product_cat":[1158],"product_tag":[966,1120,1417,1097],"class_list":{"0":"post-11215","1":"product","2":"type-product","3":"status-publish","4":"has-post-thumbnail","6":"product_cat-wasseraufbereitung","7":"product_tag-aquaforest-de","8":"product_tag-meerwasser-aquarien","9":"product_tag-variable-de","10":"product_tag-wasserversorgung","12":"first","13":"instock","14":"taxable","15":"shipping-taxable","16":"purchasable","17":"product-type-variable","18":"has-default-attributes"},"acf":[],"yoast_head":"<!-- This site is optimized with the Yoast SEO plugin v27.1.1 - https:\/\/yoast.com\/product\/yoast-seo-wordpress\/ -->\n<title>Kh Buffer - Aquaforest<\/title>\n<meta name=\"description\" content=\"KH Buffer von Aquaforest: ein Pr\u00e4parat zur Stabilisierung der Karbonath\u00e4rte im Aquarium, das die Aufrechterhaltung eines stabilen pH-Werts und die Gesundheit der Korallen unterst\u00fctzt.\" \/>\n<meta name=\"robots\" content=\"index, follow, max-snippet:-1, max-image-preview:large, max-video-preview:-1\" \/>\n<link rel=\"canonical\" href=\"https:\/\/aquaforest.eu\/de\/produkte\/seawater\/wasseraufbereitung\/kh-buffer\/\" \/>\n<meta property=\"og:locale\" content=\"de_DE\" \/>\n<meta property=\"og:type\" content=\"article\" \/>\n<meta property=\"og:title\" content=\"Kh Buffer - Aquaforest\" \/>\n<meta property=\"og:description\" content=\"KH Buffer von Aquaforest: ein Pr\u00e4parat zur Stabilisierung der Karbonath\u00e4rte im Aquarium, das die Aufrechterhaltung eines stabilen pH-Werts und die Gesundheit der Korallen unterst\u00fctzt.\" \/>\n<meta property=\"og:url\" content=\"https:\/\/aquaforest.eu\/de\/produkte\/seawater\/wasseraufbereitung\/kh-buffer\/\" \/>\n<meta property=\"og:site_name\" content=\"Aquaforest\" \/>\n<meta property=\"article:publisher\" content=\"https:\/\/www.facebook.com\/Aquaforest\/\" \/>\n<meta property=\"article:modified_time\" content=\"2024-10-23T00:30:17+00:00\" \/>\n<meta property=\"og:image\" content=\"https:\/\/aquaforest.eu\/wp-content\/uploads\/2024\/06\/KH-Buffer-1-kg.png\" \/>\n\t<meta property=\"og:image:width\" content=\"784\" \/>\n\t<meta property=\"og:image:height\" content=\"944\" \/>\n\t<meta property=\"og:image:type\" content=\"image\/png\" \/>\n<meta name=\"twitter:card\" content=\"summary_large_image\" \/>\n<meta name=\"twitter:label1\" content=\"Gesch\u00e4tzte Lesezeit\" \/>\n\t<meta name=\"twitter:data1\" content=\"2\u00a0Minuten\" \/>\n<script type=\"application\/ld+json\" class=\"yoast-schema-graph\">{\"@context\":\"https:\/\/schema.org\",\"@graph\":[{\"@type\":\"WebPage\",\"@id\":\"https:\/\/aquaforest.eu\/de\/produkte\/seawater\/wasseraufbereitung\/kh-buffer\/\",\"url\":\"https:\/\/aquaforest.eu\/de\/produkte\/seawater\/wasseraufbereitung\/kh-buffer\/\",\"name\":\"Kh Buffer - Aquaforest\",\"isPartOf\":{\"@id\":\"https:\/\/aquaforest.eu\/de\/#website\"},\"primaryImageOfPage\":{\"@id\":\"https:\/\/aquaforest.eu\/de\/produkte\/seawater\/wasseraufbereitung\/kh-buffer\/#primaryimage\"},\"image\":{\"@id\":\"https:\/\/aquaforest.eu\/de\/produkte\/seawater\/wasseraufbereitung\/kh-buffer\/#primaryimage\"},\"thumbnailUrl\":\"https:\/\/aquaforest.eu\/wp-content\/uploads\/2024\/06\/KH-Buffer-1-kg.png\",\"datePublished\":\"2024-06-27T00:33:46+00:00\",\"dateModified\":\"2024-10-23T00:30:17+00:00\",\"description\":\"KH Buffer von Aquaforest: ein Pr\u00e4parat zur Stabilisierung der Karbonath\u00e4rte im Aquarium, das die Aufrechterhaltung eines stabilen pH-Werts und die Gesundheit der Korallen unterst\u00fctzt.\",\"breadcrumb\":{\"@id\":\"https:\/\/aquaforest.eu\/de\/produkte\/seawater\/wasseraufbereitung\/kh-buffer\/#breadcrumb\"},\"inLanguage\":\"de\",\"potentialAction\":[{\"@type\":\"ReadAction\",\"target\":[\"https:\/\/aquaforest.eu\/de\/produkte\/seawater\/wasseraufbereitung\/kh-buffer\/\"]}]},{\"@type\":\"ImageObject\",\"inLanguage\":\"de\",\"@id\":\"https:\/\/aquaforest.eu\/de\/produkte\/seawater\/wasseraufbereitung\/kh-buffer\/#primaryimage\",\"url\":\"https:\/\/aquaforest.eu\/wp-content\/uploads\/2024\/06\/KH-Buffer-1-kg.png\",\"contentUrl\":\"https:\/\/aquaforest.eu\/wp-content\/uploads\/2024\/06\/KH-Buffer-1-kg.png\",\"width\":784,\"height\":944},{\"@type\":\"BreadcrumbList\",\"@id\":\"https:\/\/aquaforest.eu\/de\/produkte\/seawater\/wasseraufbereitung\/kh-buffer\/#breadcrumb\",\"itemListElement\":[{\"@type\":\"ListItem\",\"position\":1,\"name\":\"Home\",\"item\":\"https:\/\/aquaforest.eu\/de\/\"},{\"@type\":\"ListItem\",\"position\":2,\"name\":\"Produkte\",\"item\":\"https:\/\/aquaforest.eu\/de\/produkte\/\"},{\"@type\":\"ListItem\",\"position\":3,\"name\":\"Kh Buffer\"}]},{\"@type\":\"WebSite\",\"@id\":\"https:\/\/aquaforest.eu\/de\/#website\",\"url\":\"https:\/\/aquaforest.eu\/de\/\",\"name\":\"Aquaforest\",\"description\":\"\",\"publisher\":{\"@id\":\"https:\/\/aquaforest.eu\/de\/#organization\"},\"potentialAction\":[{\"@type\":\"SearchAction\",\"target\":{\"@type\":\"EntryPoint\",\"urlTemplate\":\"https:\/\/aquaforest.eu\/de\/?s={search_term_string}\"},\"query-input\":{\"@type\":\"PropertyValueSpecification\",\"valueRequired\":true,\"valueName\":\"search_term_string\"}}],\"inLanguage\":\"de\"},{\"@type\":\"Organization\",\"@id\":\"https:\/\/aquaforest.eu\/de\/#organization\",\"name\":\"Aquaforest\",\"url\":\"https:\/\/aquaforest.eu\/de\/\",\"logo\":{\"@type\":\"ImageObject\",\"inLanguage\":\"de\",\"@id\":\"https:\/\/aquaforest.eu\/de\/#\/schema\/logo\/image\/\",\"url\":\"https:\/\/aquaforest.eu\/wp-content\/uploads\/2024\/05\/logotyp-aquaforest.svg\",\"contentUrl\":\"https:\/\/aquaforest.eu\/wp-content\/uploads\/2024\/05\/logotyp-aquaforest.svg\",\"width\":170,\"height\":22,\"caption\":\"Aquaforest\"},\"image\":{\"@id\":\"https:\/\/aquaforest.eu\/de\/#\/schema\/logo\/image\/\"},\"sameAs\":[\"https:\/\/www.facebook.com\/Aquaforest\/\",\"https:\/\/www.instagram.com\/aquaforest.eu\/\"]}]}<\/script>\n<!-- \/ Yoast SEO plugin. -->","yoast_head_json":{"title":"Kh Buffer - Aquaforest","description":"KH Buffer von Aquaforest: ein Pr\u00e4parat zur Stabilisierung der Karbonath\u00e4rte im Aquarium, das die Aufrechterhaltung eines stabilen pH-Werts und die Gesundheit der Korallen unterst\u00fctzt.","robots":{"index":"index","follow":"follow","max-snippet":"max-snippet:-1","max-image-preview":"max-image-preview:large","max-video-preview":"max-video-preview:-1"},"canonical":"https:\/\/aquaforest.eu\/de\/produkte\/seawater\/wasseraufbereitung\/kh-buffer\/","og_locale":"de_DE","og_type":"article","og_title":"Kh Buffer - Aquaforest","og_description":"KH Buffer von Aquaforest: ein Pr\u00e4parat zur Stabilisierung der Karbonath\u00e4rte im Aquarium, das die Aufrechterhaltung eines stabilen pH-Werts und die Gesundheit der Korallen unterst\u00fctzt.","og_url":"https:\/\/aquaforest.eu\/de\/produkte\/seawater\/wasseraufbereitung\/kh-buffer\/","og_site_name":"Aquaforest","article_publisher":"https:\/\/www.facebook.com\/Aquaforest\/","article_modified_time":"2024-10-23T00:30:17+00:00","og_image":[{"width":784,"height":944,"url":"https:\/\/aquaforest.eu\/wp-content\/uploads\/2024\/06\/KH-Buffer-1-kg.png","type":"image\/png"}],"twitter_card":"summary_large_image","twitter_misc":{"Gesch\u00e4tzte Lesezeit":"2\u00a0Minuten"},"schema":{"@context":"https:\/\/schema.org","@graph":[{"@type":"WebPage","@id":"https:\/\/aquaforest.eu\/de\/produkte\/seawater\/wasseraufbereitung\/kh-buffer\/","url":"https:\/\/aquaforest.eu\/de\/produkte\/seawater\/wasseraufbereitung\/kh-buffer\/","name":"Kh Buffer - Aquaforest","isPartOf":{"@id":"https:\/\/aquaforest.eu\/de\/#website"},"primaryImageOfPage":{"@id":"https:\/\/aquaforest.eu\/de\/produkte\/seawater\/wasseraufbereitung\/kh-buffer\/#primaryimage"},"image":{"@id":"https:\/\/aquaforest.eu\/de\/produkte\/seawater\/wasseraufbereitung\/kh-buffer\/#primaryimage"},"thumbnailUrl":"https:\/\/aquaforest.eu\/wp-content\/uploads\/2024\/06\/KH-Buffer-1-kg.png","datePublished":"2024-06-27T00:33:46+00:00","dateModified":"2024-10-23T00:30:17+00:00","description":"KH Buffer von Aquaforest: ein Pr\u00e4parat zur Stabilisierung der Karbonath\u00e4rte im Aquarium, das die Aufrechterhaltung eines stabilen pH-Werts und die Gesundheit der Korallen unterst\u00fctzt.","breadcrumb":{"@id":"https:\/\/aquaforest.eu\/de\/produkte\/seawater\/wasseraufbereitung\/kh-buffer\/#breadcrumb"},"inLanguage":"de","potentialAction":[{"@type":"ReadAction","target":["https:\/\/aquaforest.eu\/de\/produkte\/seawater\/wasseraufbereitung\/kh-buffer\/"]}]},{"@type":"ImageObject","inLanguage":"de","@id":"https:\/\/aquaforest.eu\/de\/produkte\/seawater\/wasseraufbereitung\/kh-buffer\/#primaryimage","url":"https:\/\/aquaforest.eu\/wp-content\/uploads\/2024\/06\/KH-Buffer-1-kg.png","contentUrl":"https:\/\/aquaforest.eu\/wp-content\/uploads\/2024\/06\/KH-Buffer-1-kg.png","width":784,"height":944},{"@type":"BreadcrumbList","@id":"https:\/\/aquaforest.eu\/de\/produkte\/seawater\/wasseraufbereitung\/kh-buffer\/#breadcrumb","itemListElement":[{"@type":"ListItem","position":1,"name":"Home","item":"https:\/\/aquaforest.eu\/de\/"},{"@type":"ListItem","position":2,"name":"Produkte","item":"https:\/\/aquaforest.eu\/de\/produkte\/"},{"@type":"ListItem","position":3,"name":"Kh Buffer"}]},{"@type":"WebSite","@id":"https:\/\/aquaforest.eu\/de\/#website","url":"https:\/\/aquaforest.eu\/de\/","name":"Aquaforest","description":"","publisher":{"@id":"https:\/\/aquaforest.eu\/de\/#organization"},"potentialAction":[{"@type":"SearchAction","target":{"@type":"EntryPoint","urlTemplate":"https:\/\/aquaforest.eu\/de\/?s={search_term_string}"},"query-input":{"@type":"PropertyValueSpecification","valueRequired":true,"valueName":"search_term_string"}}],"inLanguage":"de"},{"@type":"Organization","@id":"https:\/\/aquaforest.eu\/de\/#organization","name":"Aquaforest","url":"https:\/\/aquaforest.eu\/de\/","logo":{"@type":"ImageObject","inLanguage":"de","@id":"https:\/\/aquaforest.eu\/de\/#\/schema\/logo\/image\/","url":"https:\/\/aquaforest.eu\/wp-content\/uploads\/2024\/05\/logotyp-aquaforest.svg","contentUrl":"https:\/\/aquaforest.eu\/wp-content\/uploads\/2024\/05\/logotyp-aquaforest.svg","width":170,"height":22,"caption":"Aquaforest"},"image":{"@id":"https:\/\/aquaforest.eu\/de\/#\/schema\/logo\/image\/"},"sameAs":["https:\/\/www.facebook.com\/Aquaforest\/","https:\/\/www.instagram.com\/aquaforest.eu\/"]}]}},"_links":{"self":[{"href":"https:\/\/aquaforest.eu\/de\/wp-json\/wp\/v2\/product\/11215","targetHints":{"allow":["GET"]}}],"collection":[{"href":"https:\/\/aquaforest.eu\/de\/wp-json\/wp\/v2\/product"}],"about":[{"href":"https:\/\/aquaforest.eu\/de\/wp-json\/wp\/v2\/types\/product"}],"version-history":[{"count":0,"href":"https:\/\/aquaforest.eu\/de\/wp-json\/wp\/v2\/product\/11215\/revisions"}],"wp:featuredmedia":[{"embeddable":true,"href":"https:\/\/aquaforest.eu\/de\/wp-json\/wp\/v2\/media\/11223"}],"wp:attachment":[{"href":"https:\/\/aquaforest.eu\/de\/wp-json\/wp\/v2\/media?parent=11215"}],"wp:term":[{"taxonomy":"product_brand","embeddable":true,"href":"https:\/\/aquaforest.eu\/de\/wp-json\/wp\/v2\/product_brand?post=11215"},{"taxonomy":"product_cat","embeddable":true,"href":"https:\/\/aquaforest.eu\/de\/wp-json\/wp\/v2\/product_cat?post=11215"},{"taxonomy":"product_tag","embeddable":true,"href":"https:\/\/aquaforest.eu\/de\/wp-json\/wp\/v2\/product_tag?post=11215"}],"curies":[{"name":"wp","href":"https:\/\/api.w.org\/{rel}","templated":true}]}}