{"id":11241,"date":"2024-06-27T02:40:10","date_gmt":"2024-06-27T00:40:10","guid":{"rendered":"https:\/\/aquaforest.eu\/products\/unkategorisiert\/fisch-v\/"},"modified":"2024-11-12T15:58:30","modified_gmt":"2024-11-12T14:58:30","slug":"fish-v","status":"publish","type":"product","link":"https:\/\/aquaforest.eu\/de\/produkte\/seawater\/lebensmittel-und-nahrungsergaenzungsmittel\/fish-v\/","title":{"rendered":"Fish V"},"content":{"rendered":"<p>Fish V ist ein spezielles Multivitaminpr\u00e4parat zur St\u00e4rkung der Immunit\u00e4t aller Zierfische, sowohl im S\u00fc\u00df- als auch im Meerwasser, und bietet eine umfassende Pflege. Fish V <b>basiert auf B-Vitaminen<\/b> und<b> wirkt sich positiv auf die Vitalit\u00e4t der Fische aus<\/b>, <b>erh\u00f6ht die Stressresistenz<\/b> und<b> reguliert die Funktion des Nervensystems<\/b>.<br \/>\nB-Vitamine spielen eine entscheidende Rolle bei der Verhinderung des Verlusts von Haut und Schuppen, bei der Regulierung der Funktion der Schleimh\u00e4ute und bei der Verbesserung der allgemeinen Gesundheit der Fische.<br \/>\nEs enth\u00e4lt Vitamin C <b>, das den Heilungsprozess von Wunden und die Regeneration des Fischk\u00f6rpers beschleunigt<\/b>, was im Falle einer Verletzung oder eines kleinen Schadens von entscheidender Bedeutung ist.<br \/>\nVitamin K ist besonders n\u00fctzlich bei der Genesung von Krankheiten, da es f\u00fcr die Blutgerinnung verantwortlich ist.<br \/>\nFisch V ist auch mit Vitamin E angereichert, das eine <b>positive Wirkung auf die Blutgef\u00e4\u00dfw\u00e4nde hat.<\/b> Am besten verwenden Sie es zusammen mit Tiefk\u00fchlkost, die in der Regel nicht gen\u00fcgend essentielle Vitamine enth\u00e4lt.<br \/>\nFish V ist eine ausgezeichnete Erg\u00e4nzung zur Ern\u00e4hrung von Fischen, die sich um ihre allgemeine Gesundheit sowie um ihre Kondition in Stresssituationen k\u00fcmmern.<br \/>\nFish V ist eine ausgezeichnete Erg\u00e4nzung der Fischnahrung, die sowohl die allgemeine Gesundheit als auch die Kondition der Fische in Stresssituationen unterst\u00fctzt.<br \/>\nDie einzigartige Zusammensetzung wirkt sich positiv auf den Geschmack aus und <b>steigert den Appetit der Fische.<\/b><\/p>\n<p>&nbsp;<\/p>\n<hr \/>\n<p>&nbsp;<\/p>\n<p><strong>Was dieses Produkt so einzigartig macht:<\/strong><\/p>\n<ul>\n<li>Erg\u00e4nzungsfuttermittel f\u00fcr alle Zierfische (sowohl Meeres- als auch S\u00fc\u00dfwasserfische).<\/li>\n<li>Die einzigartige Multivitaminzusammensetzung st\u00e4rkt die Immunit\u00e4t der Aquarienfische.<\/li>\n<li>Verbessert die Vitalit\u00e4t der Fische.<br \/>\nErh\u00f6ht die Widerstandsf\u00e4higkeit gegen Stress und reguliert die Funktion des Nervensystems.<\/li>\n<li>Verhindert den Verlust von Epidermis und Schuppen, reguliert die Funktion der Schleimh\u00e4ute.<\/li>\n<li>Beschleunigt die Wundheilung und die Regeneration des K\u00f6rpers.<\/li>\n<li>Besonders w\u00e4hrend der Rekonvaleszenz empfohlen.<\/li>\n<li>St\u00e4rkt die W\u00e4nde der Blutgef\u00e4\u00dfe.<\/li>\n<li>Eine ideale Nahrungserg\u00e4nzung, wenn Sie Tiefk\u00fchlkost verwenden.<\/li>\n<\/ul>\n<p><strong>Dosierung:<\/strong> 1 Tropfen pro W\u00fcrfel Tiefk\u00fchlkost. Nach dem \u00d6ffnen im K\u00fchlschrank aufbewahren, wenn die Temperatur \u00fcber 24\u00b0C liegt.<\/p>\n","protected":false},"excerpt":{"rendered":"<p>Multivitaminformel zur St\u00e4rkung der Immunit\u00e4t aller Zierfische, sowohl im S\u00fc\u00df- als auch im Meerwasser, f\u00fcr eine umfassende Pflege.<\/p>\n","protected":false},"featured_media":11219,"template":"","meta":{"_acf_changed":false,"content-type":""},"product_brand":[],"product_cat":[1152],"product_tag":[966,1104,1120,1417],"class_list":{"0":"post-11241","1":"product","2":"type-product","3":"status-publish","4":"has-post-thumbnail","6":"product_cat-lebensmittel-und-nahrungsergaenzungsmittel","7":"product_tag-aquaforest-de","8":"product_tag-lebensmittel-und-nahrungserganzungsmittel","9":"product_tag-meerwasser-aquarien","10":"product_tag-variable-de","12":"first","13":"instock","14":"taxable","15":"shipping-taxable","16":"purchasable","17":"product-type-variable","18":"has-default-attributes"},"acf":[],"yoast_head":"<!-- This site is optimized with the Yoast SEO plugin v27.1.1 - https:\/\/yoast.com\/product\/yoast-seo-wordpress\/ -->\n<title>Fish V - Aquaforest<\/title>\n<meta name=\"description\" content=\"Fish V von Aquaforest: einzigartige Mischung von Vitaminen f\u00fcr Fische, die ihre Gesundheit, Kondition und Farbe verbessern. Ein zuverl\u00e4ssiges Erg\u00e4nzungsmittel f\u00fcr die Vitalit\u00e4t und Langlebigkeit der Aquarienbewohner.\" \/>\n<meta name=\"robots\" content=\"index, follow, max-snippet:-1, max-image-preview:large, max-video-preview:-1\" \/>\n<link rel=\"canonical\" href=\"https:\/\/aquaforest.eu\/de\/produkte\/seawater\/lebensmittel-und-nahrungsergaenzungsmittel\/fish-v\/\" \/>\n<meta property=\"og:locale\" content=\"de_DE\" \/>\n<meta property=\"og:type\" content=\"article\" \/>\n<meta property=\"og:title\" content=\"Fish V - Aquaforest\" \/>\n<meta property=\"og:description\" content=\"Fish V von Aquaforest: einzigartige Mischung von Vitaminen f\u00fcr Fische, die ihre Gesundheit, Kondition und Farbe verbessern. Ein zuverl\u00e4ssiges Erg\u00e4nzungsmittel f\u00fcr die Vitalit\u00e4t und Langlebigkeit der Aquarienbewohner.\" \/>\n<meta property=\"og:url\" content=\"https:\/\/aquaforest.eu\/de\/produkte\/seawater\/lebensmittel-und-nahrungsergaenzungsmittel\/fish-v\/\" \/>\n<meta property=\"og:site_name\" content=\"Aquaforest\" \/>\n<meta property=\"article:publisher\" content=\"https:\/\/www.facebook.com\/Aquaforest\/\" \/>\n<meta property=\"article:modified_time\" content=\"2024-11-12T14:58:30+00:00\" \/>\n<meta property=\"og:image\" content=\"https:\/\/aquaforest.eu\/wp-content\/uploads\/2024\/06\/Fish-V-10-ml.png\" \/>\n\t<meta property=\"og:image:width\" content=\"277\" \/>\n\t<meta property=\"og:image:height\" content=\"600\" \/>\n\t<meta property=\"og:image:type\" content=\"image\/png\" \/>\n<meta name=\"twitter:card\" content=\"summary_large_image\" \/>\n<meta name=\"twitter:label1\" content=\"Gesch\u00e4tzte Lesezeit\" \/>\n\t<meta name=\"twitter:data1\" content=\"2\u00a0Minuten\" \/>\n<script type=\"application\/ld+json\" class=\"yoast-schema-graph\">{\"@context\":\"https:\/\/schema.org\",\"@graph\":[{\"@type\":\"WebPage\",\"@id\":\"https:\/\/aquaforest.eu\/de\/produkte\/seawater\/lebensmittel-und-nahrungsergaenzungsmittel\/fish-v\/\",\"url\":\"https:\/\/aquaforest.eu\/de\/produkte\/seawater\/lebensmittel-und-nahrungsergaenzungsmittel\/fish-v\/\",\"name\":\"Fish V - Aquaforest\",\"isPartOf\":{\"@id\":\"https:\/\/aquaforest.eu\/de\/#website\"},\"primaryImageOfPage\":{\"@id\":\"https:\/\/aquaforest.eu\/de\/produkte\/seawater\/lebensmittel-und-nahrungsergaenzungsmittel\/fish-v\/#primaryimage\"},\"image\":{\"@id\":\"https:\/\/aquaforest.eu\/de\/produkte\/seawater\/lebensmittel-und-nahrungsergaenzungsmittel\/fish-v\/#primaryimage\"},\"thumbnailUrl\":\"https:\/\/aquaforest.eu\/wp-content\/uploads\/2024\/06\/Fish-V-10-ml.png\",\"datePublished\":\"2024-06-27T00:40:10+00:00\",\"dateModified\":\"2024-11-12T14:58:30+00:00\",\"description\":\"Fish V von Aquaforest: einzigartige Mischung von Vitaminen f\u00fcr Fische, die ihre Gesundheit, Kondition und Farbe verbessern. Ein zuverl\u00e4ssiges Erg\u00e4nzungsmittel f\u00fcr die Vitalit\u00e4t und Langlebigkeit der Aquarienbewohner.\",\"breadcrumb\":{\"@id\":\"https:\/\/aquaforest.eu\/de\/produkte\/seawater\/lebensmittel-und-nahrungsergaenzungsmittel\/fish-v\/#breadcrumb\"},\"inLanguage\":\"de\",\"potentialAction\":[{\"@type\":\"ReadAction\",\"target\":[\"https:\/\/aquaforest.eu\/de\/produkte\/seawater\/lebensmittel-und-nahrungsergaenzungsmittel\/fish-v\/\"]}]},{\"@type\":\"ImageObject\",\"inLanguage\":\"de\",\"@id\":\"https:\/\/aquaforest.eu\/de\/produkte\/seawater\/lebensmittel-und-nahrungsergaenzungsmittel\/fish-v\/#primaryimage\",\"url\":\"https:\/\/aquaforest.eu\/wp-content\/uploads\/2024\/06\/Fish-V-10-ml.png\",\"contentUrl\":\"https:\/\/aquaforest.eu\/wp-content\/uploads\/2024\/06\/Fish-V-10-ml.png\",\"width\":277,\"height\":600},{\"@type\":\"BreadcrumbList\",\"@id\":\"https:\/\/aquaforest.eu\/de\/produkte\/seawater\/lebensmittel-und-nahrungsergaenzungsmittel\/fish-v\/#breadcrumb\",\"itemListElement\":[{\"@type\":\"ListItem\",\"position\":1,\"name\":\"Home\",\"item\":\"https:\/\/aquaforest.eu\/de\/\"},{\"@type\":\"ListItem\",\"position\":2,\"name\":\"Produkte\",\"item\":\"https:\/\/aquaforest.eu\/de\/produkte\/\"},{\"@type\":\"ListItem\",\"position\":3,\"name\":\"Fish V\"}]},{\"@type\":\"WebSite\",\"@id\":\"https:\/\/aquaforest.eu\/de\/#website\",\"url\":\"https:\/\/aquaforest.eu\/de\/\",\"name\":\"Aquaforest\",\"description\":\"\",\"publisher\":{\"@id\":\"https:\/\/aquaforest.eu\/de\/#organization\"},\"potentialAction\":[{\"@type\":\"SearchAction\",\"target\":{\"@type\":\"EntryPoint\",\"urlTemplate\":\"https:\/\/aquaforest.eu\/de\/?s={search_term_string}\"},\"query-input\":{\"@type\":\"PropertyValueSpecification\",\"valueRequired\":true,\"valueName\":\"search_term_string\"}}],\"inLanguage\":\"de\"},{\"@type\":\"Organization\",\"@id\":\"https:\/\/aquaforest.eu\/de\/#organization\",\"name\":\"Aquaforest\",\"url\":\"https:\/\/aquaforest.eu\/de\/\",\"logo\":{\"@type\":\"ImageObject\",\"inLanguage\":\"de\",\"@id\":\"https:\/\/aquaforest.eu\/de\/#\/schema\/logo\/image\/\",\"url\":\"https:\/\/aquaforest.eu\/wp-content\/uploads\/2024\/05\/logotyp-aquaforest.svg\",\"contentUrl\":\"https:\/\/aquaforest.eu\/wp-content\/uploads\/2024\/05\/logotyp-aquaforest.svg\",\"width\":170,\"height\":22,\"caption\":\"Aquaforest\"},\"image\":{\"@id\":\"https:\/\/aquaforest.eu\/de\/#\/schema\/logo\/image\/\"},\"sameAs\":[\"https:\/\/www.facebook.com\/Aquaforest\/\",\"https:\/\/www.instagram.com\/aquaforest.eu\/\"]}]}<\/script>\n<!-- \/ Yoast SEO plugin. -->","yoast_head_json":{"title":"Fish V - Aquaforest","description":"Fish V von Aquaforest: einzigartige Mischung von Vitaminen f\u00fcr Fische, die ihre Gesundheit, Kondition und Farbe verbessern. Ein zuverl\u00e4ssiges Erg\u00e4nzungsmittel f\u00fcr die Vitalit\u00e4t und Langlebigkeit der Aquarienbewohner.","robots":{"index":"index","follow":"follow","max-snippet":"max-snippet:-1","max-image-preview":"max-image-preview:large","max-video-preview":"max-video-preview:-1"},"canonical":"https:\/\/aquaforest.eu\/de\/produkte\/seawater\/lebensmittel-und-nahrungsergaenzungsmittel\/fish-v\/","og_locale":"de_DE","og_type":"article","og_title":"Fish V - Aquaforest","og_description":"Fish V von Aquaforest: einzigartige Mischung von Vitaminen f\u00fcr Fische, die ihre Gesundheit, Kondition und Farbe verbessern. Ein zuverl\u00e4ssiges Erg\u00e4nzungsmittel f\u00fcr die Vitalit\u00e4t und Langlebigkeit der Aquarienbewohner.","og_url":"https:\/\/aquaforest.eu\/de\/produkte\/seawater\/lebensmittel-und-nahrungsergaenzungsmittel\/fish-v\/","og_site_name":"Aquaforest","article_publisher":"https:\/\/www.facebook.com\/Aquaforest\/","article_modified_time":"2024-11-12T14:58:30+00:00","og_image":[{"width":277,"height":600,"url":"https:\/\/aquaforest.eu\/wp-content\/uploads\/2024\/06\/Fish-V-10-ml.png","type":"image\/png"}],"twitter_card":"summary_large_image","twitter_misc":{"Gesch\u00e4tzte Lesezeit":"2\u00a0Minuten"},"schema":{"@context":"https:\/\/schema.org","@graph":[{"@type":"WebPage","@id":"https:\/\/aquaforest.eu\/de\/produkte\/seawater\/lebensmittel-und-nahrungsergaenzungsmittel\/fish-v\/","url":"https:\/\/aquaforest.eu\/de\/produkte\/seawater\/lebensmittel-und-nahrungsergaenzungsmittel\/fish-v\/","name":"Fish V - Aquaforest","isPartOf":{"@id":"https:\/\/aquaforest.eu\/de\/#website"},"primaryImageOfPage":{"@id":"https:\/\/aquaforest.eu\/de\/produkte\/seawater\/lebensmittel-und-nahrungsergaenzungsmittel\/fish-v\/#primaryimage"},"image":{"@id":"https:\/\/aquaforest.eu\/de\/produkte\/seawater\/lebensmittel-und-nahrungsergaenzungsmittel\/fish-v\/#primaryimage"},"thumbnailUrl":"https:\/\/aquaforest.eu\/wp-content\/uploads\/2024\/06\/Fish-V-10-ml.png","datePublished":"2024-06-27T00:40:10+00:00","dateModified":"2024-11-12T14:58:30+00:00","description":"Fish V von Aquaforest: einzigartige Mischung von Vitaminen f\u00fcr Fische, die ihre Gesundheit, Kondition und Farbe verbessern. Ein zuverl\u00e4ssiges Erg\u00e4nzungsmittel f\u00fcr die Vitalit\u00e4t und Langlebigkeit der Aquarienbewohner.","breadcrumb":{"@id":"https:\/\/aquaforest.eu\/de\/produkte\/seawater\/lebensmittel-und-nahrungsergaenzungsmittel\/fish-v\/#breadcrumb"},"inLanguage":"de","potentialAction":[{"@type":"ReadAction","target":["https:\/\/aquaforest.eu\/de\/produkte\/seawater\/lebensmittel-und-nahrungsergaenzungsmittel\/fish-v\/"]}]},{"@type":"ImageObject","inLanguage":"de","@id":"https:\/\/aquaforest.eu\/de\/produkte\/seawater\/lebensmittel-und-nahrungsergaenzungsmittel\/fish-v\/#primaryimage","url":"https:\/\/aquaforest.eu\/wp-content\/uploads\/2024\/06\/Fish-V-10-ml.png","contentUrl":"https:\/\/aquaforest.eu\/wp-content\/uploads\/2024\/06\/Fish-V-10-ml.png","width":277,"height":600},{"@type":"BreadcrumbList","@id":"https:\/\/aquaforest.eu\/de\/produkte\/seawater\/lebensmittel-und-nahrungsergaenzungsmittel\/fish-v\/#breadcrumb","itemListElement":[{"@type":"ListItem","position":1,"name":"Home","item":"https:\/\/aquaforest.eu\/de\/"},{"@type":"ListItem","position":2,"name":"Produkte","item":"https:\/\/aquaforest.eu\/de\/produkte\/"},{"@type":"ListItem","position":3,"name":"Fish V"}]},{"@type":"WebSite","@id":"https:\/\/aquaforest.eu\/de\/#website","url":"https:\/\/aquaforest.eu\/de\/","name":"Aquaforest","description":"","publisher":{"@id":"https:\/\/aquaforest.eu\/de\/#organization"},"potentialAction":[{"@type":"SearchAction","target":{"@type":"EntryPoint","urlTemplate":"https:\/\/aquaforest.eu\/de\/?s={search_term_string}"},"query-input":{"@type":"PropertyValueSpecification","valueRequired":true,"valueName":"search_term_string"}}],"inLanguage":"de"},{"@type":"Organization","@id":"https:\/\/aquaforest.eu\/de\/#organization","name":"Aquaforest","url":"https:\/\/aquaforest.eu\/de\/","logo":{"@type":"ImageObject","inLanguage":"de","@id":"https:\/\/aquaforest.eu\/de\/#\/schema\/logo\/image\/","url":"https:\/\/aquaforest.eu\/wp-content\/uploads\/2024\/05\/logotyp-aquaforest.svg","contentUrl":"https:\/\/aquaforest.eu\/wp-content\/uploads\/2024\/05\/logotyp-aquaforest.svg","width":170,"height":22,"caption":"Aquaforest"},"image":{"@id":"https:\/\/aquaforest.eu\/de\/#\/schema\/logo\/image\/"},"sameAs":["https:\/\/www.facebook.com\/Aquaforest\/","https:\/\/www.instagram.com\/aquaforest.eu\/"]}]}},"_links":{"self":[{"href":"https:\/\/aquaforest.eu\/de\/wp-json\/wp\/v2\/product\/11241","targetHints":{"allow":["GET"]}}],"collection":[{"href":"https:\/\/aquaforest.eu\/de\/wp-json\/wp\/v2\/product"}],"about":[{"href":"https:\/\/aquaforest.eu\/de\/wp-json\/wp\/v2\/types\/product"}],"version-history":[{"count":0,"href":"https:\/\/aquaforest.eu\/de\/wp-json\/wp\/v2\/product\/11241\/revisions"}],"wp:featuredmedia":[{"embeddable":true,"href":"https:\/\/aquaforest.eu\/de\/wp-json\/wp\/v2\/media\/11219"}],"wp:attachment":[{"href":"https:\/\/aquaforest.eu\/de\/wp-json\/wp\/v2\/media?parent=11241"}],"wp:term":[{"taxonomy":"product_brand","embeddable":true,"href":"https:\/\/aquaforest.eu\/de\/wp-json\/wp\/v2\/product_brand?post=11241"},{"taxonomy":"product_cat","embeddable":true,"href":"https:\/\/aquaforest.eu\/de\/wp-json\/wp\/v2\/product_cat?post=11241"},{"taxonomy":"product_tag","embeddable":true,"href":"https:\/\/aquaforest.eu\/de\/wp-json\/wp\/v2\/product_tag?post=11241"}],"curies":[{"name":"wp","href":"https:\/\/api.w.org\/{rel}","templated":true}]}}