{"id":11244,"date":"2024-06-27T02:42:24","date_gmt":"2024-06-27T00:42:24","guid":{"rendered":"https:\/\/aquaforest.eu\/products\/unkategorisiert\/komponenten-stark\/"},"modified":"2024-10-23T02:39:34","modified_gmt":"2024-10-23T00:39:34","slug":"components-strong","status":"publish","type":"product","link":"https:\/\/aquaforest.eu\/de\/produkte\/seawater\/wasseraufbereitung\/components-strong\/","title":{"rendered":"Components Strong"},"content":{"rendered":"<h4 class=\"fusion-responsive-typography-calculated\" data-fontsize=\"22\" data-lineheight=\"27.5px\"><span style=\"color: #000000;\">Konzentrierte Spurenelemente f\u00fcr Riffaquarien<\/span><\/h4>\n<p><span style=\"color: #000000;\">Components Strong enth\u00e4lt konzentrierte Spurenelemente f\u00fcr die Verwendung in Riffaquarien.<\/span><br \/>\n<span style=\"color: #000000;\">Components Strong ist in Kombination mit Calcium, Magnesium, KH-Puffer und Riffmineralsalz ein komplettes Set, das f\u00fcr die Pflege eines Riffaquariums nach der von H. W. Balling vorgeschlagenen Methode entwickelt wurde, daher sollten diese Produkte parallel verwendet werden.<\/span><br \/>\n<span style=\"color: #000000;\">Da die Mikroelemente im Aquarium im richtigen Verh\u00e4ltnis zu den Makroelementen verbraucht werden, sind die Konzentrationen von Components Strong auf der Grundlage anderer Werte entwickelt worden.<\/span><br \/>\n<span style=\"color: #000000;\">Nur die Verwendung der gesamten Produktpalette von Aquaforest gew\u00e4hrleistet die Wirksamkeit und garantiert das chemische Gleichgewicht im Aquarium.<\/span><br \/>\n<span style=\"color: #000000;\">Die Menge der zugef\u00fchrten Mikroelemente h\u00e4ngt vom individuellen Bedarf des Aquariums an Magnesium und Kalzium ab.<\/span><br \/>\n<span style=\"color: #000000;\">Die Komponenten von Strong werden als Set geliefert und k\u00f6nnen nicht einzeln gekauft werden.<\/span><\/p>\n<p>&nbsp;<\/p>\n<hr \/>\n<h4 data-fontsize=\"22\" data-lineheight=\"27.5px\"><\/h4>\n<h4 class=\"fusion-responsive-typography-calculated\" data-fontsize=\"22\" data-lineheight=\"27.5px\"><span style=\"color: #000000;\">Setzen Sie<\/span><\/h4>\n<h4 class=\"fusion-responsive-typography-calculated\" data-fontsize=\"16.38\" data-lineheight=\"27.846px\"><span style=\"color: #000000;\">Komponente A &#8211; konzentriertes Strontium und Barium<\/span><\/h4>\n<p><span style=\"color: #000000;\">Die Komponente enth\u00e4lt konzentriertes Strontium und Barium.<\/span><br \/>\n<span style=\"color: #000000;\">Die Menge an Strontium und Barium h\u00e4ngt vom Bedarf an Magnesium und Calcium ab.<\/span><br \/>\n<span style=\"color: #000000;\">5 ml sollten zu 1 Liter fertiger Calciumchloridl\u00f6sung hinzugef\u00fcgt werden.<\/span><br \/>\n<span style=\"color: #000000;\">Empfohlen f\u00fcr die Verwendung mit Aquaforest Calcium-Produkten.<\/span><br \/>\n<span style=\"color: #000000;\">Inhalt: Flasche mit 75ml US:19ml sollten zu 1 US gal hinzugef\u00fcgt werden.<\/span><\/p>\n<p>&nbsp;<\/p>\n<hr \/>\n<h4 data-fontsize=\"16.38\" data-lineheight=\"27.846px\"><\/h4>\n<h4 class=\"fusion-responsive-typography-calculated\" data-fontsize=\"16.38\" data-lineheight=\"27.846px\"><span style=\"color: #000000;\">Komponente B &#8211; konzentrierte Schwermetalle<\/span><\/h4>\n<p><span style=\"color: #000000;\">Die Komponente enth\u00e4lt konzentrierte Schwermetalle.<\/span><br \/>\n<span style=\"color: #000000;\">Die Menge der Schwermetalle h\u00e4ngt vom Bedarf an Magnesium und Calcium ab.<\/span><br \/>\n<span style=\"color: #000000;\">5 ml sollten zu 1 Liter fertiger Calciumchloridl\u00f6sung hinzugef\u00fcgt werden.<\/span><br \/>\n<span style=\"color: #000000;\">Empfohlene Verwendung mit Aquaforest Calcium Produkten.<\/span><br \/>\n<span style=\"color: #000000;\">Inhalt: Flasche mit 75ml US:19ml sollten zu 1 US gal hinzugef\u00fcgt werden.<\/span><\/p>\n<p>&nbsp;<\/p>\n<hr \/>\n<h4 data-fontsize=\"16.38\" data-lineheight=\"27.846px\"><\/h4>\n<h4 class=\"fusion-responsive-typography-calculated\" data-fontsize=\"16.38\" data-lineheight=\"27.846px\"><span style=\"color: #000000;\">Komponente C &#8211; konzentriertes Jodid und Fluorid<\/span><\/h4>\n<p><span style=\"color: #000000;\">Der Bestandteil enth\u00e4lt konzentriertes Jodid und Fluorid.<\/span><br \/>\n<span style=\"color: #000000;\">Die Menge an Jodid und Fluorid richtet sich nach dem Bedarf an Kalzium.<\/span><br \/>\n<span style=\"color: #000000;\">5 ml sollten zu 1 Liter fertiger Natriumbicarbonatl\u00f6sung hinzugef\u00fcgt werden.<\/span><br \/>\n<span style=\"color: #000000;\">Empfohlene Verwendung mit dem Aquaforest\u00ae KH-Puffer.<\/span><br \/>\n<span style=\"color: #000000;\">Inhalt: Flasche mit 75ml US:19ml sollten zu 1 US gal hinzugef\u00fcgt werden.<\/span><\/p>\n<p>&nbsp;<\/p>\n<hr \/>\n<h4 data-fontsize=\"16.38\" data-lineheight=\"27.846px\"><\/h4>\n<h4 class=\"fusion-responsive-typography-calculated\" data-fontsize=\"16.38\" data-lineheight=\"27.846px\"><span style=\"color: #000000;\">Komponente K &#8211; konzentriertes Kalium<\/span><\/h4>\n<p><span style=\"color: #000000;\">Die Komponente enth\u00e4lt konzentriertes Kalium.<\/span><br \/>\n<span style=\"color: #000000;\">Die Menge an Kalium richtet sich nach dem Bedarf an Magnesium und Calcium.<\/span><br \/>\n<span style=\"color: #000000;\">5 ml sollten zu 1 Liter fertiger L\u00f6sung von Magnesiumchlorid und Mineralsalz hinzugef\u00fcgt werden.<\/span><br \/>\n<span style=\"color: #000000;\">Empfohlene Verwendung mit Aquaforest\u00ae Magnesium und Riffmineralsalz.<\/span><br \/>\n<span style=\"color: #000000;\">Inhalt: Flasche mit 75 ml.<\/span><br \/>\n<span style=\"color: #000000;\">US:19ml sollten zu 1 US gal hinzugef\u00fcgt werden.<\/span><\/p>\n","protected":false},"excerpt":{"rendered":"<p>Enth\u00e4lt konzentrierte Spurenelemente f\u00fcr den Einsatz in Riffaquarien.<\/p>\n","protected":false},"featured_media":11238,"template":"","meta":{"_acf_changed":false,"content-type":""},"product_brand":[],"product_cat":[1158],"product_tag":[966,1120,1417,1097],"class_list":{"0":"post-11244","1":"product","2":"type-product","3":"status-publish","4":"has-post-thumbnail","6":"product_cat-wasseraufbereitung","7":"product_tag-aquaforest-de","8":"product_tag-meerwasser-aquarien","9":"product_tag-variable-de","10":"product_tag-wasserversorgung","12":"first","13":"instock","14":"taxable","15":"shipping-taxable","16":"purchasable","17":"product-type-variable","18":"has-default-attributes"},"acf":[],"yoast_head":"<!-- This site is optimized with the Yoast SEO plugin v27.1.1 - https:\/\/yoast.com\/product\/yoast-seo-wordpress\/ -->\n<title>Components Strong - Aquaforest<\/title>\n<meta name=\"description\" content=\"Components Strong von Aquaforest: eine fortschrittliche Zusammenstellung von Inhaltsstoffen f\u00fcr ein pr\u00e4zises Management der Calcium-, Magnesium- und Karbonath\u00e4rte im Aquarium. Einzigartige Formel f\u00fcr gesunde Korallen und stabile Wasserbedingungen.\" \/>\n<meta name=\"robots\" content=\"index, follow, max-snippet:-1, max-image-preview:large, max-video-preview:-1\" \/>\n<link rel=\"canonical\" href=\"https:\/\/aquaforest.eu\/de\/produkte\/seawater\/wasseraufbereitung\/components-strong\/\" \/>\n<meta property=\"og:locale\" content=\"de_DE\" \/>\n<meta property=\"og:type\" content=\"article\" \/>\n<meta property=\"og:title\" content=\"Components Strong - Aquaforest\" \/>\n<meta property=\"og:description\" content=\"Components Strong von Aquaforest: eine fortschrittliche Zusammenstellung von Inhaltsstoffen f\u00fcr ein pr\u00e4zises Management der Calcium-, Magnesium- und Karbonath\u00e4rte im Aquarium. Einzigartige Formel f\u00fcr gesunde Korallen und stabile Wasserbedingungen.\" \/>\n<meta property=\"og:url\" content=\"https:\/\/aquaforest.eu\/de\/produkte\/seawater\/wasseraufbereitung\/components-strong\/\" \/>\n<meta property=\"og:site_name\" content=\"Aquaforest\" \/>\n<meta property=\"article:publisher\" content=\"https:\/\/www.facebook.com\/Aquaforest\/\" \/>\n<meta property=\"article:modified_time\" content=\"2024-10-23T00:39:34+00:00\" \/>\n<meta property=\"og:image\" content=\"https:\/\/aquaforest.eu\/wp-content\/uploads\/2024\/06\/Components-Strong_4x75-ml.png\" \/>\n\t<meta property=\"og:image:width\" content=\"520\" \/>\n\t<meta property=\"og:image:height\" content=\"600\" \/>\n\t<meta property=\"og:image:type\" content=\"image\/png\" \/>\n<meta name=\"twitter:card\" content=\"summary_large_image\" \/>\n<meta name=\"twitter:label1\" content=\"Gesch\u00e4tzte Lesezeit\" \/>\n\t<meta name=\"twitter:data1\" content=\"2\u00a0Minuten\" \/>\n<script type=\"application\/ld+json\" class=\"yoast-schema-graph\">{\"@context\":\"https:\/\/schema.org\",\"@graph\":[{\"@type\":\"WebPage\",\"@id\":\"https:\/\/aquaforest.eu\/de\/produkte\/seawater\/wasseraufbereitung\/components-strong\/\",\"url\":\"https:\/\/aquaforest.eu\/de\/produkte\/seawater\/wasseraufbereitung\/components-strong\/\",\"name\":\"Components Strong - Aquaforest\",\"isPartOf\":{\"@id\":\"https:\/\/aquaforest.eu\/de\/#website\"},\"primaryImageOfPage\":{\"@id\":\"https:\/\/aquaforest.eu\/de\/produkte\/seawater\/wasseraufbereitung\/components-strong\/#primaryimage\"},\"image\":{\"@id\":\"https:\/\/aquaforest.eu\/de\/produkte\/seawater\/wasseraufbereitung\/components-strong\/#primaryimage\"},\"thumbnailUrl\":\"https:\/\/aquaforest.eu\/wp-content\/uploads\/2024\/06\/Components-Strong_4x75-ml.png\",\"datePublished\":\"2024-06-27T00:42:24+00:00\",\"dateModified\":\"2024-10-23T00:39:34+00:00\",\"description\":\"Components Strong von Aquaforest: eine fortschrittliche Zusammenstellung von Inhaltsstoffen f\u00fcr ein pr\u00e4zises Management der Calcium-, Magnesium- und Karbonath\u00e4rte im Aquarium. Einzigartige Formel f\u00fcr gesunde Korallen und stabile Wasserbedingungen.\",\"breadcrumb\":{\"@id\":\"https:\/\/aquaforest.eu\/de\/produkte\/seawater\/wasseraufbereitung\/components-strong\/#breadcrumb\"},\"inLanguage\":\"de\",\"potentialAction\":[{\"@type\":\"ReadAction\",\"target\":[\"https:\/\/aquaforest.eu\/de\/produkte\/seawater\/wasseraufbereitung\/components-strong\/\"]}]},{\"@type\":\"ImageObject\",\"inLanguage\":\"de\",\"@id\":\"https:\/\/aquaforest.eu\/de\/produkte\/seawater\/wasseraufbereitung\/components-strong\/#primaryimage\",\"url\":\"https:\/\/aquaforest.eu\/wp-content\/uploads\/2024\/06\/Components-Strong_4x75-ml.png\",\"contentUrl\":\"https:\/\/aquaforest.eu\/wp-content\/uploads\/2024\/06\/Components-Strong_4x75-ml.png\",\"width\":520,\"height\":600,\"caption\":\"Aquaforest product, Component 1+2+3+. Developed based on the Balling Method\"},{\"@type\":\"BreadcrumbList\",\"@id\":\"https:\/\/aquaforest.eu\/de\/produkte\/seawater\/wasseraufbereitung\/components-strong\/#breadcrumb\",\"itemListElement\":[{\"@type\":\"ListItem\",\"position\":1,\"name\":\"Home\",\"item\":\"https:\/\/aquaforest.eu\/de\/\"},{\"@type\":\"ListItem\",\"position\":2,\"name\":\"Produkte\",\"item\":\"https:\/\/aquaforest.eu\/de\/produkte\/\"},{\"@type\":\"ListItem\",\"position\":3,\"name\":\"Components Strong\"}]},{\"@type\":\"WebSite\",\"@id\":\"https:\/\/aquaforest.eu\/de\/#website\",\"url\":\"https:\/\/aquaforest.eu\/de\/\",\"name\":\"Aquaforest\",\"description\":\"\",\"publisher\":{\"@id\":\"https:\/\/aquaforest.eu\/de\/#organization\"},\"potentialAction\":[{\"@type\":\"SearchAction\",\"target\":{\"@type\":\"EntryPoint\",\"urlTemplate\":\"https:\/\/aquaforest.eu\/de\/?s={search_term_string}\"},\"query-input\":{\"@type\":\"PropertyValueSpecification\",\"valueRequired\":true,\"valueName\":\"search_term_string\"}}],\"inLanguage\":\"de\"},{\"@type\":\"Organization\",\"@id\":\"https:\/\/aquaforest.eu\/de\/#organization\",\"name\":\"Aquaforest\",\"url\":\"https:\/\/aquaforest.eu\/de\/\",\"logo\":{\"@type\":\"ImageObject\",\"inLanguage\":\"de\",\"@id\":\"https:\/\/aquaforest.eu\/de\/#\/schema\/logo\/image\/\",\"url\":\"https:\/\/aquaforest.eu\/wp-content\/uploads\/2024\/05\/logotyp-aquaforest.svg\",\"contentUrl\":\"https:\/\/aquaforest.eu\/wp-content\/uploads\/2024\/05\/logotyp-aquaforest.svg\",\"width\":170,\"height\":22,\"caption\":\"Aquaforest\"},\"image\":{\"@id\":\"https:\/\/aquaforest.eu\/de\/#\/schema\/logo\/image\/\"},\"sameAs\":[\"https:\/\/www.facebook.com\/Aquaforest\/\",\"https:\/\/www.instagram.com\/aquaforest.eu\/\"]}]}<\/script>\n<!-- \/ Yoast SEO plugin. -->","yoast_head_json":{"title":"Components Strong - Aquaforest","description":"Components Strong von Aquaforest: eine fortschrittliche Zusammenstellung von Inhaltsstoffen f\u00fcr ein pr\u00e4zises Management der Calcium-, Magnesium- und Karbonath\u00e4rte im Aquarium. Einzigartige Formel f\u00fcr gesunde Korallen und stabile Wasserbedingungen.","robots":{"index":"index","follow":"follow","max-snippet":"max-snippet:-1","max-image-preview":"max-image-preview:large","max-video-preview":"max-video-preview:-1"},"canonical":"https:\/\/aquaforest.eu\/de\/produkte\/seawater\/wasseraufbereitung\/components-strong\/","og_locale":"de_DE","og_type":"article","og_title":"Components Strong - Aquaforest","og_description":"Components Strong von Aquaforest: eine fortschrittliche Zusammenstellung von Inhaltsstoffen f\u00fcr ein pr\u00e4zises Management der Calcium-, Magnesium- und Karbonath\u00e4rte im Aquarium. Einzigartige Formel f\u00fcr gesunde Korallen und stabile Wasserbedingungen.","og_url":"https:\/\/aquaforest.eu\/de\/produkte\/seawater\/wasseraufbereitung\/components-strong\/","og_site_name":"Aquaforest","article_publisher":"https:\/\/www.facebook.com\/Aquaforest\/","article_modified_time":"2024-10-23T00:39:34+00:00","og_image":[{"width":520,"height":600,"url":"https:\/\/aquaforest.eu\/wp-content\/uploads\/2024\/06\/Components-Strong_4x75-ml.png","type":"image\/png"}],"twitter_card":"summary_large_image","twitter_misc":{"Gesch\u00e4tzte Lesezeit":"2\u00a0Minuten"},"schema":{"@context":"https:\/\/schema.org","@graph":[{"@type":"WebPage","@id":"https:\/\/aquaforest.eu\/de\/produkte\/seawater\/wasseraufbereitung\/components-strong\/","url":"https:\/\/aquaforest.eu\/de\/produkte\/seawater\/wasseraufbereitung\/components-strong\/","name":"Components Strong - Aquaforest","isPartOf":{"@id":"https:\/\/aquaforest.eu\/de\/#website"},"primaryImageOfPage":{"@id":"https:\/\/aquaforest.eu\/de\/produkte\/seawater\/wasseraufbereitung\/components-strong\/#primaryimage"},"image":{"@id":"https:\/\/aquaforest.eu\/de\/produkte\/seawater\/wasseraufbereitung\/components-strong\/#primaryimage"},"thumbnailUrl":"https:\/\/aquaforest.eu\/wp-content\/uploads\/2024\/06\/Components-Strong_4x75-ml.png","datePublished":"2024-06-27T00:42:24+00:00","dateModified":"2024-10-23T00:39:34+00:00","description":"Components Strong von Aquaforest: eine fortschrittliche Zusammenstellung von Inhaltsstoffen f\u00fcr ein pr\u00e4zises Management der Calcium-, Magnesium- und Karbonath\u00e4rte im Aquarium. Einzigartige Formel f\u00fcr gesunde Korallen und stabile Wasserbedingungen.","breadcrumb":{"@id":"https:\/\/aquaforest.eu\/de\/produkte\/seawater\/wasseraufbereitung\/components-strong\/#breadcrumb"},"inLanguage":"de","potentialAction":[{"@type":"ReadAction","target":["https:\/\/aquaforest.eu\/de\/produkte\/seawater\/wasseraufbereitung\/components-strong\/"]}]},{"@type":"ImageObject","inLanguage":"de","@id":"https:\/\/aquaforest.eu\/de\/produkte\/seawater\/wasseraufbereitung\/components-strong\/#primaryimage","url":"https:\/\/aquaforest.eu\/wp-content\/uploads\/2024\/06\/Components-Strong_4x75-ml.png","contentUrl":"https:\/\/aquaforest.eu\/wp-content\/uploads\/2024\/06\/Components-Strong_4x75-ml.png","width":520,"height":600,"caption":"Aquaforest product, Component 1+2+3+. Developed based on the Balling Method"},{"@type":"BreadcrumbList","@id":"https:\/\/aquaforest.eu\/de\/produkte\/seawater\/wasseraufbereitung\/components-strong\/#breadcrumb","itemListElement":[{"@type":"ListItem","position":1,"name":"Home","item":"https:\/\/aquaforest.eu\/de\/"},{"@type":"ListItem","position":2,"name":"Produkte","item":"https:\/\/aquaforest.eu\/de\/produkte\/"},{"@type":"ListItem","position":3,"name":"Components Strong"}]},{"@type":"WebSite","@id":"https:\/\/aquaforest.eu\/de\/#website","url":"https:\/\/aquaforest.eu\/de\/","name":"Aquaforest","description":"","publisher":{"@id":"https:\/\/aquaforest.eu\/de\/#organization"},"potentialAction":[{"@type":"SearchAction","target":{"@type":"EntryPoint","urlTemplate":"https:\/\/aquaforest.eu\/de\/?s={search_term_string}"},"query-input":{"@type":"PropertyValueSpecification","valueRequired":true,"valueName":"search_term_string"}}],"inLanguage":"de"},{"@type":"Organization","@id":"https:\/\/aquaforest.eu\/de\/#organization","name":"Aquaforest","url":"https:\/\/aquaforest.eu\/de\/","logo":{"@type":"ImageObject","inLanguage":"de","@id":"https:\/\/aquaforest.eu\/de\/#\/schema\/logo\/image\/","url":"https:\/\/aquaforest.eu\/wp-content\/uploads\/2024\/05\/logotyp-aquaforest.svg","contentUrl":"https:\/\/aquaforest.eu\/wp-content\/uploads\/2024\/05\/logotyp-aquaforest.svg","width":170,"height":22,"caption":"Aquaforest"},"image":{"@id":"https:\/\/aquaforest.eu\/de\/#\/schema\/logo\/image\/"},"sameAs":["https:\/\/www.facebook.com\/Aquaforest\/","https:\/\/www.instagram.com\/aquaforest.eu\/"]}]}},"_links":{"self":[{"href":"https:\/\/aquaforest.eu\/de\/wp-json\/wp\/v2\/product\/11244","targetHints":{"allow":["GET"]}}],"collection":[{"href":"https:\/\/aquaforest.eu\/de\/wp-json\/wp\/v2\/product"}],"about":[{"href":"https:\/\/aquaforest.eu\/de\/wp-json\/wp\/v2\/types\/product"}],"version-history":[{"count":0,"href":"https:\/\/aquaforest.eu\/de\/wp-json\/wp\/v2\/product\/11244\/revisions"}],"wp:featuredmedia":[{"embeddable":true,"href":"https:\/\/aquaforest.eu\/de\/wp-json\/wp\/v2\/media\/11238"}],"wp:attachment":[{"href":"https:\/\/aquaforest.eu\/de\/wp-json\/wp\/v2\/media?parent=11244"}],"wp:term":[{"taxonomy":"product_brand","embeddable":true,"href":"https:\/\/aquaforest.eu\/de\/wp-json\/wp\/v2\/product_brand?post=11244"},{"taxonomy":"product_cat","embeddable":true,"href":"https:\/\/aquaforest.eu\/de\/wp-json\/wp\/v2\/product_cat?post=11244"},{"taxonomy":"product_tag","embeddable":true,"href":"https:\/\/aquaforest.eu\/de\/wp-json\/wp\/v2\/product_tag?post=11244"}],"curies":[{"name":"wp","href":"https:\/\/api.w.org\/{rel}","templated":true}]}}