{"id":11247,"date":"2024-06-27T02:19:16","date_gmt":"2024-06-27T00:19:16","guid":{"rendered":"https:\/\/aquaforest.eu\/products\/unkategorisiert\/leben-bio-fil\/"},"modified":"2024-10-23T02:31:05","modified_gmt":"2024-10-23T00:31:05","slug":"life-bio-fil","status":"publish","type":"product","link":"https:\/\/aquaforest.eu\/de\/produkte\/seawater\/wasseraufbereitung\/life-bio-fil\/","title":{"rendered":"Life Bio Fil"},"content":{"rendered":"<h4 class=\"fusion-responsive-typography-calculated\" data-fontsize=\"22\" data-lineheight=\"27.5px\"><span style=\"color: #000000;\">Initiiert und unterst\u00fctzt den Nitrifikationsprozess<\/span><\/h4>\n<p><span style=\"color: #000000;\">Life Bio Fil ist ein nat\u00fcrliches biologisches Filtermaterial. Dank sorgf\u00e4ltig ausgew\u00e4hlter Bakterienst\u00e4mme initiiert und unterst\u00fctzt es den Nitrifikationsprozess, der die Reifung beschleunigt.<\/span><\/p>\n<p>&nbsp;<\/p>\n<hr \/>\n<h4 data-fontsize=\"22\" data-lineheight=\"27.5px\"><\/h4>\n<p>&nbsp;<\/p>\n<h4 class=\"fusion-responsive-typography-calculated\" data-fontsize=\"22\" data-lineheight=\"27.5px\"><span style=\"color: #000000;\">Erh\u00f6ht die Filtrationsleistung<\/span><\/h4>\n<p><span style=\"color: #000000;\">Life Bio Fil ist das perfekte Filtermaterial f\u00fcr neu eingerichtete Becken. Life Bio Fil erh\u00f6ht auch die Effizienz der Filtration in \u00e4lteren, bereits funktionierenden Becken. Aufgrund des Bakteriengehalts setzt der Nitrifikationsprozess fast sofort ein &#8211; Sie brauchen nicht auf die Ansiedlung des Mediums zu warten. Life Bio Fil sollte bei guter Wasserstr\u00f6mung in den Sumpf gestellt werden. 1000 ml Medium sollten in einem Aquarium mit einem Fassungsverm\u00f6gen von 400 l verwendet werden. Wir empfehlen, alle 6 Wochen 10-20 % der F\u00fcllung zu ersetzen.<\/span><\/p>\n","protected":false},"excerpt":{"rendered":"<p>Filtrationsmedien mit bereits angesiedelter Bakterienpopulation.<br \/>\nUnterst\u00fctzt den Reifungsprozess und reichert die Biologie an,<\/p>\n","protected":false},"featured_media":11288,"template":"","meta":{"_acf_changed":false,"content-type":""},"product_brand":[],"product_cat":[1158],"product_tag":[966,1120,1417,1097],"class_list":{"0":"post-11247","1":"product","2":"type-product","3":"status-publish","4":"has-post-thumbnail","6":"product_cat-wasseraufbereitung","7":"product_tag-aquaforest-de","8":"product_tag-meerwasser-aquarien","9":"product_tag-variable-de","10":"product_tag-wasserversorgung","12":"first","13":"instock","14":"taxable","15":"shipping-taxable","16":"purchasable","17":"product-type-variable","18":"has-default-attributes"},"acf":[],"yoast_head":"<!-- This site is optimized with the Yoast SEO plugin v27.1.1 - https:\/\/yoast.com\/product\/yoast-seo-wordpress\/ -->\n<title>Life Bio Fil - Aquaforest<\/title>\n<meta name=\"description\" content=\"Life Bio-Fil von Aquaforest: ein Pr\u00e4parat mit gefriergetrockneten probiotischen Bakterien, das die effektive Filterung im Aquarium unterst\u00fctzt und die Wasserqualit\u00e4t verbessert.\" \/>\n<meta name=\"robots\" content=\"index, follow, max-snippet:-1, max-image-preview:large, max-video-preview:-1\" \/>\n<link rel=\"canonical\" href=\"https:\/\/aquaforest.eu\/de\/produkte\/seawater\/wasseraufbereitung\/life-bio-fil\/\" \/>\n<meta property=\"og:locale\" content=\"de_DE\" \/>\n<meta property=\"og:type\" content=\"article\" \/>\n<meta property=\"og:title\" content=\"Life Bio Fil - Aquaforest\" \/>\n<meta property=\"og:description\" content=\"Life Bio-Fil von Aquaforest: ein Pr\u00e4parat mit gefriergetrockneten probiotischen Bakterien, das die effektive Filterung im Aquarium unterst\u00fctzt und die Wasserqualit\u00e4t verbessert.\" \/>\n<meta property=\"og:url\" content=\"https:\/\/aquaforest.eu\/de\/produkte\/seawater\/wasseraufbereitung\/life-bio-fil\/\" \/>\n<meta property=\"og:site_name\" content=\"Aquaforest\" \/>\n<meta property=\"article:publisher\" content=\"https:\/\/www.facebook.com\/Aquaforest\/\" \/>\n<meta property=\"article:modified_time\" content=\"2024-10-23T00:31:05+00:00\" \/>\n<meta property=\"og:image\" content=\"https:\/\/aquaforest.eu\/wp-content\/uploads\/2024\/06\/Life-Bio-Fil-1-kg.png\" \/>\n\t<meta property=\"og:image:width\" content=\"432\" \/>\n\t<meta property=\"og:image:height\" content=\"600\" \/>\n\t<meta property=\"og:image:type\" content=\"image\/png\" \/>\n<meta name=\"twitter:card\" content=\"summary_large_image\" \/>\n<meta name=\"twitter:label1\" content=\"Gesch\u00e4tzte Lesezeit\" \/>\n\t<meta name=\"twitter:data1\" content=\"1\u00a0Minute\" \/>\n<script type=\"application\/ld+json\" class=\"yoast-schema-graph\">{\"@context\":\"https:\/\/schema.org\",\"@graph\":[{\"@type\":\"WebPage\",\"@id\":\"https:\/\/aquaforest.eu\/de\/produkte\/seawater\/wasseraufbereitung\/life-bio-fil\/\",\"url\":\"https:\/\/aquaforest.eu\/de\/produkte\/seawater\/wasseraufbereitung\/life-bio-fil\/\",\"name\":\"Life Bio Fil - Aquaforest\",\"isPartOf\":{\"@id\":\"https:\/\/aquaforest.eu\/de\/#website\"},\"primaryImageOfPage\":{\"@id\":\"https:\/\/aquaforest.eu\/de\/produkte\/seawater\/wasseraufbereitung\/life-bio-fil\/#primaryimage\"},\"image\":{\"@id\":\"https:\/\/aquaforest.eu\/de\/produkte\/seawater\/wasseraufbereitung\/life-bio-fil\/#primaryimage\"},\"thumbnailUrl\":\"https:\/\/aquaforest.eu\/wp-content\/uploads\/2024\/06\/Life-Bio-Fil-1-kg.png\",\"datePublished\":\"2024-06-27T00:19:16+00:00\",\"dateModified\":\"2024-10-23T00:31:05+00:00\",\"description\":\"Life Bio-Fil von Aquaforest: ein Pr\u00e4parat mit gefriergetrockneten probiotischen Bakterien, das die effektive Filterung im Aquarium unterst\u00fctzt und die Wasserqualit\u00e4t verbessert.\",\"breadcrumb\":{\"@id\":\"https:\/\/aquaforest.eu\/de\/produkte\/seawater\/wasseraufbereitung\/life-bio-fil\/#breadcrumb\"},\"inLanguage\":\"de\",\"potentialAction\":[{\"@type\":\"ReadAction\",\"target\":[\"https:\/\/aquaforest.eu\/de\/produkte\/seawater\/wasseraufbereitung\/life-bio-fil\/\"]}]},{\"@type\":\"ImageObject\",\"inLanguage\":\"de\",\"@id\":\"https:\/\/aquaforest.eu\/de\/produkte\/seawater\/wasseraufbereitung\/life-bio-fil\/#primaryimage\",\"url\":\"https:\/\/aquaforest.eu\/wp-content\/uploads\/2024\/06\/Life-Bio-Fil-1-kg.png\",\"contentUrl\":\"https:\/\/aquaforest.eu\/wp-content\/uploads\/2024\/06\/Life-Bio-Fil-1-kg.png\",\"width\":432,\"height\":600},{\"@type\":\"BreadcrumbList\",\"@id\":\"https:\/\/aquaforest.eu\/de\/produkte\/seawater\/wasseraufbereitung\/life-bio-fil\/#breadcrumb\",\"itemListElement\":[{\"@type\":\"ListItem\",\"position\":1,\"name\":\"Home\",\"item\":\"https:\/\/aquaforest.eu\/de\/\"},{\"@type\":\"ListItem\",\"position\":2,\"name\":\"Produkte\",\"item\":\"https:\/\/aquaforest.eu\/de\/produkte\/\"},{\"@type\":\"ListItem\",\"position\":3,\"name\":\"Life Bio Fil\"}]},{\"@type\":\"WebSite\",\"@id\":\"https:\/\/aquaforest.eu\/de\/#website\",\"url\":\"https:\/\/aquaforest.eu\/de\/\",\"name\":\"Aquaforest\",\"description\":\"\",\"publisher\":{\"@id\":\"https:\/\/aquaforest.eu\/de\/#organization\"},\"potentialAction\":[{\"@type\":\"SearchAction\",\"target\":{\"@type\":\"EntryPoint\",\"urlTemplate\":\"https:\/\/aquaforest.eu\/de\/?s={search_term_string}\"},\"query-input\":{\"@type\":\"PropertyValueSpecification\",\"valueRequired\":true,\"valueName\":\"search_term_string\"}}],\"inLanguage\":\"de\"},{\"@type\":\"Organization\",\"@id\":\"https:\/\/aquaforest.eu\/de\/#organization\",\"name\":\"Aquaforest\",\"url\":\"https:\/\/aquaforest.eu\/de\/\",\"logo\":{\"@type\":\"ImageObject\",\"inLanguage\":\"de\",\"@id\":\"https:\/\/aquaforest.eu\/de\/#\/schema\/logo\/image\/\",\"url\":\"https:\/\/aquaforest.eu\/wp-content\/uploads\/2024\/05\/logotyp-aquaforest.svg\",\"contentUrl\":\"https:\/\/aquaforest.eu\/wp-content\/uploads\/2024\/05\/logotyp-aquaforest.svg\",\"width\":170,\"height\":22,\"caption\":\"Aquaforest\"},\"image\":{\"@id\":\"https:\/\/aquaforest.eu\/de\/#\/schema\/logo\/image\/\"},\"sameAs\":[\"https:\/\/www.facebook.com\/Aquaforest\/\",\"https:\/\/www.instagram.com\/aquaforest.eu\/\"]}]}<\/script>\n<!-- \/ Yoast SEO plugin. -->","yoast_head_json":{"title":"Life Bio Fil - Aquaforest","description":"Life Bio-Fil von Aquaforest: ein Pr\u00e4parat mit gefriergetrockneten probiotischen Bakterien, das die effektive Filterung im Aquarium unterst\u00fctzt und die Wasserqualit\u00e4t verbessert.","robots":{"index":"index","follow":"follow","max-snippet":"max-snippet:-1","max-image-preview":"max-image-preview:large","max-video-preview":"max-video-preview:-1"},"canonical":"https:\/\/aquaforest.eu\/de\/produkte\/seawater\/wasseraufbereitung\/life-bio-fil\/","og_locale":"de_DE","og_type":"article","og_title":"Life Bio Fil - Aquaforest","og_description":"Life Bio-Fil von Aquaforest: ein Pr\u00e4parat mit gefriergetrockneten probiotischen Bakterien, das die effektive Filterung im Aquarium unterst\u00fctzt und die Wasserqualit\u00e4t verbessert.","og_url":"https:\/\/aquaforest.eu\/de\/produkte\/seawater\/wasseraufbereitung\/life-bio-fil\/","og_site_name":"Aquaforest","article_publisher":"https:\/\/www.facebook.com\/Aquaforest\/","article_modified_time":"2024-10-23T00:31:05+00:00","og_image":[{"width":432,"height":600,"url":"https:\/\/aquaforest.eu\/wp-content\/uploads\/2024\/06\/Life-Bio-Fil-1-kg.png","type":"image\/png"}],"twitter_card":"summary_large_image","twitter_misc":{"Gesch\u00e4tzte Lesezeit":"1\u00a0Minute"},"schema":{"@context":"https:\/\/schema.org","@graph":[{"@type":"WebPage","@id":"https:\/\/aquaforest.eu\/de\/produkte\/seawater\/wasseraufbereitung\/life-bio-fil\/","url":"https:\/\/aquaforest.eu\/de\/produkte\/seawater\/wasseraufbereitung\/life-bio-fil\/","name":"Life Bio Fil - Aquaforest","isPartOf":{"@id":"https:\/\/aquaforest.eu\/de\/#website"},"primaryImageOfPage":{"@id":"https:\/\/aquaforest.eu\/de\/produkte\/seawater\/wasseraufbereitung\/life-bio-fil\/#primaryimage"},"image":{"@id":"https:\/\/aquaforest.eu\/de\/produkte\/seawater\/wasseraufbereitung\/life-bio-fil\/#primaryimage"},"thumbnailUrl":"https:\/\/aquaforest.eu\/wp-content\/uploads\/2024\/06\/Life-Bio-Fil-1-kg.png","datePublished":"2024-06-27T00:19:16+00:00","dateModified":"2024-10-23T00:31:05+00:00","description":"Life Bio-Fil von Aquaforest: ein Pr\u00e4parat mit gefriergetrockneten probiotischen Bakterien, das die effektive Filterung im Aquarium unterst\u00fctzt und die Wasserqualit\u00e4t verbessert.","breadcrumb":{"@id":"https:\/\/aquaforest.eu\/de\/produkte\/seawater\/wasseraufbereitung\/life-bio-fil\/#breadcrumb"},"inLanguage":"de","potentialAction":[{"@type":"ReadAction","target":["https:\/\/aquaforest.eu\/de\/produkte\/seawater\/wasseraufbereitung\/life-bio-fil\/"]}]},{"@type":"ImageObject","inLanguage":"de","@id":"https:\/\/aquaforest.eu\/de\/produkte\/seawater\/wasseraufbereitung\/life-bio-fil\/#primaryimage","url":"https:\/\/aquaforest.eu\/wp-content\/uploads\/2024\/06\/Life-Bio-Fil-1-kg.png","contentUrl":"https:\/\/aquaforest.eu\/wp-content\/uploads\/2024\/06\/Life-Bio-Fil-1-kg.png","width":432,"height":600},{"@type":"BreadcrumbList","@id":"https:\/\/aquaforest.eu\/de\/produkte\/seawater\/wasseraufbereitung\/life-bio-fil\/#breadcrumb","itemListElement":[{"@type":"ListItem","position":1,"name":"Home","item":"https:\/\/aquaforest.eu\/de\/"},{"@type":"ListItem","position":2,"name":"Produkte","item":"https:\/\/aquaforest.eu\/de\/produkte\/"},{"@type":"ListItem","position":3,"name":"Life Bio Fil"}]},{"@type":"WebSite","@id":"https:\/\/aquaforest.eu\/de\/#website","url":"https:\/\/aquaforest.eu\/de\/","name":"Aquaforest","description":"","publisher":{"@id":"https:\/\/aquaforest.eu\/de\/#organization"},"potentialAction":[{"@type":"SearchAction","target":{"@type":"EntryPoint","urlTemplate":"https:\/\/aquaforest.eu\/de\/?s={search_term_string}"},"query-input":{"@type":"PropertyValueSpecification","valueRequired":true,"valueName":"search_term_string"}}],"inLanguage":"de"},{"@type":"Organization","@id":"https:\/\/aquaforest.eu\/de\/#organization","name":"Aquaforest","url":"https:\/\/aquaforest.eu\/de\/","logo":{"@type":"ImageObject","inLanguage":"de","@id":"https:\/\/aquaforest.eu\/de\/#\/schema\/logo\/image\/","url":"https:\/\/aquaforest.eu\/wp-content\/uploads\/2024\/05\/logotyp-aquaforest.svg","contentUrl":"https:\/\/aquaforest.eu\/wp-content\/uploads\/2024\/05\/logotyp-aquaforest.svg","width":170,"height":22,"caption":"Aquaforest"},"image":{"@id":"https:\/\/aquaforest.eu\/de\/#\/schema\/logo\/image\/"},"sameAs":["https:\/\/www.facebook.com\/Aquaforest\/","https:\/\/www.instagram.com\/aquaforest.eu\/"]}]}},"_links":{"self":[{"href":"https:\/\/aquaforest.eu\/de\/wp-json\/wp\/v2\/product\/11247","targetHints":{"allow":["GET"]}}],"collection":[{"href":"https:\/\/aquaforest.eu\/de\/wp-json\/wp\/v2\/product"}],"about":[{"href":"https:\/\/aquaforest.eu\/de\/wp-json\/wp\/v2\/types\/product"}],"version-history":[{"count":0,"href":"https:\/\/aquaforest.eu\/de\/wp-json\/wp\/v2\/product\/11247\/revisions"}],"wp:featuredmedia":[{"embeddable":true,"href":"https:\/\/aquaforest.eu\/de\/wp-json\/wp\/v2\/media\/11288"}],"wp:attachment":[{"href":"https:\/\/aquaforest.eu\/de\/wp-json\/wp\/v2\/media?parent=11247"}],"wp:term":[{"taxonomy":"product_brand","embeddable":true,"href":"https:\/\/aquaforest.eu\/de\/wp-json\/wp\/v2\/product_brand?post=11247"},{"taxonomy":"product_cat","embeddable":true,"href":"https:\/\/aquaforest.eu\/de\/wp-json\/wp\/v2\/product_cat?post=11247"},{"taxonomy":"product_tag","embeddable":true,"href":"https:\/\/aquaforest.eu\/de\/wp-json\/wp\/v2\/product_tag?post=11247"}],"curies":[{"name":"wp","href":"https:\/\/api.w.org\/{rel}","templated":true}]}}