{"id":11251,"date":"2024-06-27T02:09:14","date_gmt":"2024-06-27T00:09:14","guid":{"rendered":"https:\/\/aquaforest.eu\/products\/unkategorisiert\/pro-bio-s\/"},"modified":"2025-04-14T08:57:28","modified_gmt":"2025-04-14T06:57:28","slug":"pro-bio-s","status":"publish","type":"product","link":"https:\/\/aquaforest.eu\/de\/produkte\/seawater\/probiotische-methode\/pro-bio-s\/","title":{"rendered":"Pro Bio S"},"content":{"rendered":"<h4 class=\"fusion-responsive-typography-calculated\" data-fontsize=\"22\" data-lineheight=\"27.5px\"><span style=\"color: #000000;\">Beschleunigte Zersetzung von organischem Material<\/span><\/h4>\n<p>Eine einzigartige Zusammensetzung speziell ausgew\u00e4hlter probiotischer Bakterienst\u00e4mme, die die Zersetzung organischer Stoffe beschleunigen.<br \/>\nZersetzt toxische Substanzen f\u00fcr die Fische und erh\u00f6ht durch die Freisetzung von Makro- und Mikron\u00e4hrstoffen deren Verf\u00fcgbarkeit.<br \/>\nPro Bio S wird besonders f\u00fcr gro\u00dfe, anspruchsvolle und stark besetzte Becken empfohlen.<br \/>\nDie in Pro Bio S enthaltenen Bakterien leiten den Prozess des Abbaus sch\u00e4dlicher Nitrate und Phosphate ein, die anschlie\u00dfend mit einem Eiwei\u00dfabsch\u00e4umer aus dem Wasser entfernt werden.<\/p>\n<h4 class=\"fusion-responsive-typography-calculated\" data-fontsize=\"22\" data-lineheight=\"27.5px\"><span style=\"color: #000000;\">Nat\u00fcrlicher biologischer Filter<\/span><\/h4>\n<p>Pro Bio S bildet einen nat\u00fcrlichen biologischen Filter, der die Entwicklung einer pathogenen Mikroflora behindert.<br \/>\nDie Verwendung von probiotischen Bakterien verringert das Risiko von Krankheiten bei den Aquarienbewohnern erheblich und erh\u00f6ht ihre Widerstandsf\u00e4higkeit gegen Stress.<br \/>\nDie Bakterien sind auch eine hervorragende Quelle f\u00fcr Bakterioplankton &#8211; die wichtigste Nahrung f\u00fcr Korallen.<br \/>\nUm die probiotischen Bakterien in gutem Zustand zu halten, empfehlen wir die Verwendung von -NP Pro als N\u00e4hrl\u00f6sung.<br \/>\nAuf der Oberfl\u00e4che des Produkts kann sich ein nat\u00fcrlicher Niederschlag bilden.<br \/>\nDies hat keinen Einfluss auf die Qualit\u00e4t und Wirkung des Produkts.<\/p>\n<h4 class=\"fusion-responsive-typography-calculated\" data-fontsize=\"22\" data-lineheight=\"27.5px\"><span style=\"color: #000000;\">Reduziert das Risiko von Krankheiten der Aquarienbewohner<\/span><\/h4>\n<p><strong>Dosierung:<\/strong> 1 Tropfen pro 100 l Wasser t\u00e4glich.<br \/>\nNach dem \u00d6ffnen im K\u00fchlschrank aufbewahren, wenn die Temperatur 24\u00b0C (75\u00b0F) \u00fcbersteigt.<br \/>\nWir empfehlen die Verwendung mit -NP Pro.<br \/>\nVor Gebrauch gut sch\u00fctteln. <strong>Wissenswert:<\/strong> Ziehen Sie die Schraube nicht zu fest an, da sonst der Deckel besch\u00e4digt werden k\u00f6nnte.<\/p>\n","protected":false},"excerpt":{"rendered":"<p>Probiotika zur Reduzierung von Nitrat und Phosphat.<br \/>\nBeschleunigt die Zersetzung von organischem Material.<\/p>\n","protected":false},"featured_media":11295,"template":"","meta":{"_acf_changed":false,"content-type":""},"product_brand":[],"product_cat":[1156],"product_tag":[966,1120,1110,1417],"class_list":{"0":"post-11251","1":"product","2":"type-product","3":"status-publish","4":"has-post-thumbnail","6":"product_cat-probiotische-methode","7":"product_tag-aquaforest-de","8":"product_tag-meerwasser-aquarien","9":"product_tag-probiotische-methode","10":"product_tag-variable-de","12":"first","13":"instock","14":"taxable","15":"shipping-taxable","16":"purchasable","17":"product-type-variable","18":"has-default-attributes"},"acf":[],"yoast_head":"<!-- This site is optimized with the Yoast SEO plugin v27.1.1 - https:\/\/yoast.com\/product\/yoast-seo-wordpress\/ -->\n<title>Pro Bio S - Aquaforest<\/title>\n<meta name=\"description\" content=\"Pro Bio S: probiotische Bakterien, die den Abbau von organischem Material beschleunigen und Nitrate und Phosphate reduzieren. Erh\u00f6ht die Verf\u00fcgbarkeit von Elementen und verbessert die Wasserqualit\u00e4t in gro\u00dfen Aquarien.\" \/>\n<meta name=\"robots\" content=\"index, follow, max-snippet:-1, max-image-preview:large, max-video-preview:-1\" \/>\n<link rel=\"canonical\" href=\"https:\/\/aquaforest.eu\/de\/produkte\/seawater\/probiotische-methode\/pro-bio-s\/\" \/>\n<meta property=\"og:locale\" content=\"de_DE\" \/>\n<meta property=\"og:type\" content=\"article\" \/>\n<meta property=\"og:title\" content=\"Pro Bio S - Aquaforest\" \/>\n<meta property=\"og:description\" content=\"Pro Bio S: probiotische Bakterien, die den Abbau von organischem Material beschleunigen und Nitrate und Phosphate reduzieren. Erh\u00f6ht die Verf\u00fcgbarkeit von Elementen und verbessert die Wasserqualit\u00e4t in gro\u00dfen Aquarien.\" \/>\n<meta property=\"og:url\" content=\"https:\/\/aquaforest.eu\/de\/produkte\/seawater\/probiotische-methode\/pro-bio-s\/\" \/>\n<meta property=\"og:site_name\" content=\"Aquaforest\" \/>\n<meta property=\"article:publisher\" content=\"https:\/\/www.facebook.com\/Aquaforest\/\" \/>\n<meta property=\"article:modified_time\" content=\"2025-04-14T06:57:28+00:00\" \/>\n<meta property=\"og:image\" content=\"https:\/\/aquaforest.eu\/wp-content\/uploads\/2024\/06\/Pro-Bio-S_10-ml.png\" \/>\n\t<meta property=\"og:image:width\" content=\"277\" \/>\n\t<meta property=\"og:image:height\" content=\"600\" \/>\n\t<meta property=\"og:image:type\" content=\"image\/png\" \/>\n<meta name=\"twitter:card\" content=\"summary_large_image\" \/>\n<meta name=\"twitter:label1\" content=\"Gesch\u00e4tzte Lesezeit\" \/>\n\t<meta name=\"twitter:data1\" content=\"2\u00a0Minuten\" \/>\n<script type=\"application\/ld+json\" class=\"yoast-schema-graph\">{\"@context\":\"https:\/\/schema.org\",\"@graph\":[{\"@type\":\"WebPage\",\"@id\":\"https:\/\/aquaforest.eu\/de\/produkte\/seawater\/probiotische-methode\/pro-bio-s\/\",\"url\":\"https:\/\/aquaforest.eu\/de\/produkte\/seawater\/probiotische-methode\/pro-bio-s\/\",\"name\":\"Pro Bio S - Aquaforest\",\"isPartOf\":{\"@id\":\"https:\/\/aquaforest.eu\/de\/#website\"},\"primaryImageOfPage\":{\"@id\":\"https:\/\/aquaforest.eu\/de\/produkte\/seawater\/probiotische-methode\/pro-bio-s\/#primaryimage\"},\"image\":{\"@id\":\"https:\/\/aquaforest.eu\/de\/produkte\/seawater\/probiotische-methode\/pro-bio-s\/#primaryimage\"},\"thumbnailUrl\":\"https:\/\/aquaforest.eu\/wp-content\/uploads\/2024\/06\/Pro-Bio-S_10-ml.png\",\"datePublished\":\"2024-06-27T00:09:14+00:00\",\"dateModified\":\"2025-04-14T06:57:28+00:00\",\"description\":\"Pro Bio S: probiotische Bakterien, die den Abbau von organischem Material beschleunigen und Nitrate und Phosphate reduzieren. Erh\u00f6ht die Verf\u00fcgbarkeit von Elementen und verbessert die Wasserqualit\u00e4t in gro\u00dfen Aquarien.\",\"breadcrumb\":{\"@id\":\"https:\/\/aquaforest.eu\/de\/produkte\/seawater\/probiotische-methode\/pro-bio-s\/#breadcrumb\"},\"inLanguage\":\"de\",\"potentialAction\":[{\"@type\":\"ReadAction\",\"target\":[\"https:\/\/aquaforest.eu\/de\/produkte\/seawater\/probiotische-methode\/pro-bio-s\/\"]}]},{\"@type\":\"ImageObject\",\"inLanguage\":\"de\",\"@id\":\"https:\/\/aquaforest.eu\/de\/produkte\/seawater\/probiotische-methode\/pro-bio-s\/#primaryimage\",\"url\":\"https:\/\/aquaforest.eu\/wp-content\/uploads\/2024\/06\/Pro-Bio-S_10-ml.png\",\"contentUrl\":\"https:\/\/aquaforest.eu\/wp-content\/uploads\/2024\/06\/Pro-Bio-S_10-ml.png\",\"width\":277,\"height\":600},{\"@type\":\"BreadcrumbList\",\"@id\":\"https:\/\/aquaforest.eu\/de\/produkte\/seawater\/probiotische-methode\/pro-bio-s\/#breadcrumb\",\"itemListElement\":[{\"@type\":\"ListItem\",\"position\":1,\"name\":\"Home\",\"item\":\"https:\/\/aquaforest.eu\/de\/\"},{\"@type\":\"ListItem\",\"position\":2,\"name\":\"Produkte\",\"item\":\"https:\/\/aquaforest.eu\/de\/produkte\/\"},{\"@type\":\"ListItem\",\"position\":3,\"name\":\"Pro Bio S\"}]},{\"@type\":\"WebSite\",\"@id\":\"https:\/\/aquaforest.eu\/de\/#website\",\"url\":\"https:\/\/aquaforest.eu\/de\/\",\"name\":\"Aquaforest\",\"description\":\"\",\"publisher\":{\"@id\":\"https:\/\/aquaforest.eu\/de\/#organization\"},\"potentialAction\":[{\"@type\":\"SearchAction\",\"target\":{\"@type\":\"EntryPoint\",\"urlTemplate\":\"https:\/\/aquaforest.eu\/de\/?s={search_term_string}\"},\"query-input\":{\"@type\":\"PropertyValueSpecification\",\"valueRequired\":true,\"valueName\":\"search_term_string\"}}],\"inLanguage\":\"de\"},{\"@type\":\"Organization\",\"@id\":\"https:\/\/aquaforest.eu\/de\/#organization\",\"name\":\"Aquaforest\",\"url\":\"https:\/\/aquaforest.eu\/de\/\",\"logo\":{\"@type\":\"ImageObject\",\"inLanguage\":\"de\",\"@id\":\"https:\/\/aquaforest.eu\/de\/#\/schema\/logo\/image\/\",\"url\":\"https:\/\/aquaforest.eu\/wp-content\/uploads\/2024\/05\/logotyp-aquaforest.svg\",\"contentUrl\":\"https:\/\/aquaforest.eu\/wp-content\/uploads\/2024\/05\/logotyp-aquaforest.svg\",\"width\":170,\"height\":22,\"caption\":\"Aquaforest\"},\"image\":{\"@id\":\"https:\/\/aquaforest.eu\/de\/#\/schema\/logo\/image\/\"},\"sameAs\":[\"https:\/\/www.facebook.com\/Aquaforest\/\",\"https:\/\/www.instagram.com\/aquaforest.eu\/\"]}]}<\/script>\n<!-- \/ Yoast SEO plugin. -->","yoast_head_json":{"title":"Pro Bio S - Aquaforest","description":"Pro Bio S: probiotische Bakterien, die den Abbau von organischem Material beschleunigen und Nitrate und Phosphate reduzieren. Erh\u00f6ht die Verf\u00fcgbarkeit von Elementen und verbessert die Wasserqualit\u00e4t in gro\u00dfen Aquarien.","robots":{"index":"index","follow":"follow","max-snippet":"max-snippet:-1","max-image-preview":"max-image-preview:large","max-video-preview":"max-video-preview:-1"},"canonical":"https:\/\/aquaforest.eu\/de\/produkte\/seawater\/probiotische-methode\/pro-bio-s\/","og_locale":"de_DE","og_type":"article","og_title":"Pro Bio S - Aquaforest","og_description":"Pro Bio S: probiotische Bakterien, die den Abbau von organischem Material beschleunigen und Nitrate und Phosphate reduzieren. Erh\u00f6ht die Verf\u00fcgbarkeit von Elementen und verbessert die Wasserqualit\u00e4t in gro\u00dfen Aquarien.","og_url":"https:\/\/aquaforest.eu\/de\/produkte\/seawater\/probiotische-methode\/pro-bio-s\/","og_site_name":"Aquaforest","article_publisher":"https:\/\/www.facebook.com\/Aquaforest\/","article_modified_time":"2025-04-14T06:57:28+00:00","og_image":[{"width":277,"height":600,"url":"https:\/\/aquaforest.eu\/wp-content\/uploads\/2024\/06\/Pro-Bio-S_10-ml.png","type":"image\/png"}],"twitter_card":"summary_large_image","twitter_misc":{"Gesch\u00e4tzte Lesezeit":"2\u00a0Minuten"},"schema":{"@context":"https:\/\/schema.org","@graph":[{"@type":"WebPage","@id":"https:\/\/aquaforest.eu\/de\/produkte\/seawater\/probiotische-methode\/pro-bio-s\/","url":"https:\/\/aquaforest.eu\/de\/produkte\/seawater\/probiotische-methode\/pro-bio-s\/","name":"Pro Bio S - Aquaforest","isPartOf":{"@id":"https:\/\/aquaforest.eu\/de\/#website"},"primaryImageOfPage":{"@id":"https:\/\/aquaforest.eu\/de\/produkte\/seawater\/probiotische-methode\/pro-bio-s\/#primaryimage"},"image":{"@id":"https:\/\/aquaforest.eu\/de\/produkte\/seawater\/probiotische-methode\/pro-bio-s\/#primaryimage"},"thumbnailUrl":"https:\/\/aquaforest.eu\/wp-content\/uploads\/2024\/06\/Pro-Bio-S_10-ml.png","datePublished":"2024-06-27T00:09:14+00:00","dateModified":"2025-04-14T06:57:28+00:00","description":"Pro Bio S: probiotische Bakterien, die den Abbau von organischem Material beschleunigen und Nitrate und Phosphate reduzieren. Erh\u00f6ht die Verf\u00fcgbarkeit von Elementen und verbessert die Wasserqualit\u00e4t in gro\u00dfen Aquarien.","breadcrumb":{"@id":"https:\/\/aquaforest.eu\/de\/produkte\/seawater\/probiotische-methode\/pro-bio-s\/#breadcrumb"},"inLanguage":"de","potentialAction":[{"@type":"ReadAction","target":["https:\/\/aquaforest.eu\/de\/produkte\/seawater\/probiotische-methode\/pro-bio-s\/"]}]},{"@type":"ImageObject","inLanguage":"de","@id":"https:\/\/aquaforest.eu\/de\/produkte\/seawater\/probiotische-methode\/pro-bio-s\/#primaryimage","url":"https:\/\/aquaforest.eu\/wp-content\/uploads\/2024\/06\/Pro-Bio-S_10-ml.png","contentUrl":"https:\/\/aquaforest.eu\/wp-content\/uploads\/2024\/06\/Pro-Bio-S_10-ml.png","width":277,"height":600},{"@type":"BreadcrumbList","@id":"https:\/\/aquaforest.eu\/de\/produkte\/seawater\/probiotische-methode\/pro-bio-s\/#breadcrumb","itemListElement":[{"@type":"ListItem","position":1,"name":"Home","item":"https:\/\/aquaforest.eu\/de\/"},{"@type":"ListItem","position":2,"name":"Produkte","item":"https:\/\/aquaforest.eu\/de\/produkte\/"},{"@type":"ListItem","position":3,"name":"Pro Bio S"}]},{"@type":"WebSite","@id":"https:\/\/aquaforest.eu\/de\/#website","url":"https:\/\/aquaforest.eu\/de\/","name":"Aquaforest","description":"","publisher":{"@id":"https:\/\/aquaforest.eu\/de\/#organization"},"potentialAction":[{"@type":"SearchAction","target":{"@type":"EntryPoint","urlTemplate":"https:\/\/aquaforest.eu\/de\/?s={search_term_string}"},"query-input":{"@type":"PropertyValueSpecification","valueRequired":true,"valueName":"search_term_string"}}],"inLanguage":"de"},{"@type":"Organization","@id":"https:\/\/aquaforest.eu\/de\/#organization","name":"Aquaforest","url":"https:\/\/aquaforest.eu\/de\/","logo":{"@type":"ImageObject","inLanguage":"de","@id":"https:\/\/aquaforest.eu\/de\/#\/schema\/logo\/image\/","url":"https:\/\/aquaforest.eu\/wp-content\/uploads\/2024\/05\/logotyp-aquaforest.svg","contentUrl":"https:\/\/aquaforest.eu\/wp-content\/uploads\/2024\/05\/logotyp-aquaforest.svg","width":170,"height":22,"caption":"Aquaforest"},"image":{"@id":"https:\/\/aquaforest.eu\/de\/#\/schema\/logo\/image\/"},"sameAs":["https:\/\/www.facebook.com\/Aquaforest\/","https:\/\/www.instagram.com\/aquaforest.eu\/"]}]}},"_links":{"self":[{"href":"https:\/\/aquaforest.eu\/de\/wp-json\/wp\/v2\/product\/11251","targetHints":{"allow":["GET"]}}],"collection":[{"href":"https:\/\/aquaforest.eu\/de\/wp-json\/wp\/v2\/product"}],"about":[{"href":"https:\/\/aquaforest.eu\/de\/wp-json\/wp\/v2\/types\/product"}],"version-history":[{"count":1,"href":"https:\/\/aquaforest.eu\/de\/wp-json\/wp\/v2\/product\/11251\/revisions"}],"predecessor-version":[{"id":22276,"href":"https:\/\/aquaforest.eu\/de\/wp-json\/wp\/v2\/product\/11251\/revisions\/22276"}],"wp:featuredmedia":[{"embeddable":true,"href":"https:\/\/aquaforest.eu\/de\/wp-json\/wp\/v2\/media\/11295"}],"wp:attachment":[{"href":"https:\/\/aquaforest.eu\/de\/wp-json\/wp\/v2\/media?parent=11251"}],"wp:term":[{"taxonomy":"product_brand","embeddable":true,"href":"https:\/\/aquaforest.eu\/de\/wp-json\/wp\/v2\/product_brand?post=11251"},{"taxonomy":"product_cat","embeddable":true,"href":"https:\/\/aquaforest.eu\/de\/wp-json\/wp\/v2\/product_cat?post=11251"},{"taxonomy":"product_tag","embeddable":true,"href":"https:\/\/aquaforest.eu\/de\/wp-json\/wp\/v2\/product_tag?post=11251"}],"curies":[{"name":"wp","href":"https:\/\/api.w.org\/{rel}","templated":true}]}}