{"id":11254,"date":"2024-06-27T02:14:22","date_gmt":"2024-06-27T00:14:22","guid":{"rendered":"https:\/\/aquaforest.eu\/products\/unkategorisiert\/af-nitraphos-minus\/"},"modified":"2026-05-04T12:44:44","modified_gmt":"2026-05-04T10:44:44","slug":"af-nitraphos-minus","status":"publish","type":"product","link":"https:\/\/aquaforest.eu\/de\/produkte\/seawater\/probiotische-methode\/af-nitraphos-minus\/","title":{"rendered":"AF Nitraphos Minus"},"content":{"rendered":"<h3 class=\"fusion-responsive-typography-calculated\" data-fontsize=\"22\" data-lineheight=\"27.5px\"><strong>Entfernen Sie \u00fcbersch\u00fcssiges Nitrat, Nitrit und Phosphat aus Ihrem Meerwasser<\/strong><\/h3>\n<p>NitraPhos Minus ist eine einzigartige Formel, die darauf abzielt, Nitrat, Nitrit und Phosphat biologisch aus dem Aquarium zu entfernen. Es aktiviert den Stoffwechsel in verschiedenen Arten von Bakterien, die f\u00fcr die Verwaltung und Beseitigung von \u00fcbersch\u00fcssigen N\u00e4hrstoffen verantwortlich sind.<\/p>\n<h3 class=\"fusion-responsive-typography-calculated\" data-fontsize=\"22\" data-lineheight=\"27.5px\"><strong>Spezielle Zusammensetzung f\u00fcr verbessertes Korallenwachstum<\/strong><\/h3>\n<p>Dank der besonderen Zusammensetzung aus mehreren Formen von organischem Kohlenstoff, Aminos\u00e4uren und Vitaminen laufen alle biochemischen Ver\u00e4nderungen problemlos ab und die Bakterien nehmen die Verbindungen problemlos auf und wandeln sie in Biomasse um.<br \/>\nDiese Biomasse wird zu einer wertvollen Nahrung f\u00fcr die Korallen, w\u00e4hrend der \u00dcberschuss und die R\u00fcckst\u00e4nde davon durch Filter oder Skimmer aus dem Wasser entfernt werden.<br \/>\nNitraPhos Minus verbessert den allgemeinen Zustand der Korallen, sorgt f\u00fcr eine bessere F\u00e4rbung und f\u00f6rdert ihr Wachstum.<br \/>\nDurch die Aufrechterhaltung des biologischen Gleichgewichts im Aquarium verhindert es die Bildung unerw\u00fcnschter Gr\u00fcnalgen und die Entwicklung von Cyanobakterien.<\/p>\n<h3><strong>Produktmerkmale:<\/strong><\/h3>\n<ul>\n<li>Entfernt effektiv \u00fcbersch\u00fcssiges Nitrat und Phosphat<\/li>\n<li>Bringt das chemische Gleichgewicht<\/li>\n<li>Reduziert schnell unerw\u00fcnschte Algen<\/li>\n<li>F\u00f6rdert die F\u00e4rbung und das Wachstum von Korallen<\/li>\n<\/ul>\n<h3 class=\"fusion-responsive-typography-calculated\" data-fontsize=\"22\" data-lineheight=\"27.5px\"><strong>Verbessern Sie die Gesundheit der Korallen und verbessern Sie ihre F\u00e4rbung<\/strong><\/h3>\n<h3><strong>Dosierung:<\/strong><\/h3>\n<p>Es wird empfohlen, NitraPhos Minus mit der H\u00e4lfte der empfohlenen Dosis zu beginnen.<br \/>\nEs wird empfohlen, die Konzentration von NO3 und PO4 ein- bis zweimal pro Woche zu kontrollieren.<br \/>\nDie empfohlene Tagesdosis ist unten angegeben: <img class=\"alignnone wp-image-3512 size-full\" alt=\"\" width=\"\" height=\"\" \/><\/p>\n<h3><strong>Wissenswert:<\/strong><\/h3>\n<ul>\n<li>Niedrige Nitrat- und Phosphatwerte erfordern eine Erg\u00e4nzung mit reichhaltigen Korallen<\/li>\n<li>Ineffiziente Filtration kann der Grund f\u00fcr hohe Nitrat- und Phosphatwerte sein<\/li>\n<li>Zu viel Nahrung oder Nahrungserg\u00e4nzungsmittel k\u00f6nnen ebenfalls die Ursache f\u00fcr zu hohe Nitrat- und Phosphatwerte sein<\/li>\n<li>Ein starker Abfall der Nitrat- und Phosphatwerte kann die Zooxanthellen zerst\u00f6ren und zum Tod der Korallen f\u00fchren.<\/li>\n<li>NitraPhos Minus wurde entwickelt, um hohe Nitrat- und Phosphatwerte schnell zu beseitigen.<br \/>\nSie k\u00f6nnen es zusammen mit Pro Bio S verwenden. -NP Pro ist ein N\u00e4hrstoff f\u00fcr Bakterien und muss bei der Dosierung von NitraPhos Minus nicht verwendet werden.<\/li>\n<\/ul>\n","protected":false},"excerpt":{"rendered":"<p>Kohlenstoffquelle zur effektiven Senkung des N\u00e4hrstoffgehalts. Entfernt auf biologische Weise Nitrat, Nitrit und Phosphat aus dem Aquarium.<\/p>\n","protected":false},"featured_media":11258,"template":"","meta":{"_acf_changed":false,"content-type":""},"product_brand":[],"product_cat":[1156],"product_tag":[966,1120,1110,1417],"class_list":{"0":"post-11254","1":"product","2":"type-product","3":"status-publish","4":"has-post-thumbnail","6":"product_cat-probiotische-methode","7":"product_tag-aquaforest-de","8":"product_tag-meerwasser-aquarien","9":"product_tag-probiotische-methode","10":"product_tag-variable-de","12":"first","13":"instock","14":"taxable","15":"shipping-taxable","16":"purchasable","17":"product-type-variable","18":"has-default-attributes"},"acf":[],"yoast_head":"<!-- This site is optimized with the Yoast SEO plugin v27.1.1 - https:\/\/yoast.com\/product\/yoast-seo-wordpress\/ -->\n<title>AF Nitraphos Minus - Aquaforest<\/title>\n<meta name=\"description\" content=\"NitraPhos Minus: entfernt \u00fcbersch\u00fcssige Nitrate, Nitrite und Phosphate aus dem Meerwasseraquarium, unterst\u00fctzt das Korallenwachstum und verhindert Algen.\" \/>\n<meta name=\"robots\" content=\"index, follow, max-snippet:-1, max-image-preview:large, max-video-preview:-1\" \/>\n<link rel=\"canonical\" href=\"https:\/\/aquaforest.eu\/de\/produkte\/seawater\/probiotische-methode\/af-nitraphos-minus\/\" \/>\n<meta property=\"og:locale\" content=\"de_DE\" \/>\n<meta property=\"og:type\" content=\"article\" \/>\n<meta property=\"og:title\" content=\"AF Nitraphos Minus - Aquaforest\" \/>\n<meta property=\"og:description\" content=\"NitraPhos Minus: entfernt \u00fcbersch\u00fcssige Nitrate, Nitrite und Phosphate aus dem Meerwasseraquarium, unterst\u00fctzt das Korallenwachstum und verhindert Algen.\" \/>\n<meta property=\"og:url\" content=\"https:\/\/aquaforest.eu\/de\/produkte\/seawater\/probiotische-methode\/af-nitraphos-minus\/\" \/>\n<meta property=\"og:site_name\" content=\"Aquaforest\" \/>\n<meta property=\"article:publisher\" content=\"https:\/\/www.facebook.com\/Aquaforest\/\" \/>\n<meta property=\"article:modified_time\" content=\"2026-05-04T10:44:44+00:00\" \/>\n<meta property=\"og:image\" content=\"https:\/\/aquaforest.eu\/wp-content\/uploads\/2024\/06\/NitraPhos-Minus-250ml.png\" \/>\n\t<meta property=\"og:image:width\" content=\"368\" \/>\n\t<meta property=\"og:image:height\" content=\"600\" \/>\n\t<meta property=\"og:image:type\" content=\"image\/png\" \/>\n<meta name=\"twitter:card\" content=\"summary_large_image\" \/>\n<meta name=\"twitter:label1\" content=\"Gesch\u00e4tzte Lesezeit\" \/>\n\t<meta name=\"twitter:data1\" content=\"2\u00a0Minuten\" \/>\n<script type=\"application\/ld+json\" class=\"yoast-schema-graph\">{\"@context\":\"https:\/\/schema.org\",\"@graph\":[{\"@type\":\"WebPage\",\"@id\":\"https:\/\/aquaforest.eu\/de\/produkte\/seawater\/probiotische-methode\/af-nitraphos-minus\/\",\"url\":\"https:\/\/aquaforest.eu\/de\/produkte\/seawater\/probiotische-methode\/af-nitraphos-minus\/\",\"name\":\"AF Nitraphos Minus - Aquaforest\",\"isPartOf\":{\"@id\":\"https:\/\/aquaforest.eu\/de\/#website\"},\"primaryImageOfPage\":{\"@id\":\"https:\/\/aquaforest.eu\/de\/produkte\/seawater\/probiotische-methode\/af-nitraphos-minus\/#primaryimage\"},\"image\":{\"@id\":\"https:\/\/aquaforest.eu\/de\/produkte\/seawater\/probiotische-methode\/af-nitraphos-minus\/#primaryimage\"},\"thumbnailUrl\":\"https:\/\/aquaforest.eu\/wp-content\/uploads\/2024\/06\/NitraPhos-Minus-250ml.png\",\"datePublished\":\"2024-06-27T00:14:22+00:00\",\"dateModified\":\"2026-05-04T10:44:44+00:00\",\"description\":\"NitraPhos Minus: entfernt \u00fcbersch\u00fcssige Nitrate, Nitrite und Phosphate aus dem Meerwasseraquarium, unterst\u00fctzt das Korallenwachstum und verhindert Algen.\",\"breadcrumb\":{\"@id\":\"https:\/\/aquaforest.eu\/de\/produkte\/seawater\/probiotische-methode\/af-nitraphos-minus\/#breadcrumb\"},\"inLanguage\":\"de\",\"potentialAction\":[{\"@type\":\"ReadAction\",\"target\":[\"https:\/\/aquaforest.eu\/de\/produkte\/seawater\/probiotische-methode\/af-nitraphos-minus\/\"]}]},{\"@type\":\"ImageObject\",\"inLanguage\":\"de\",\"@id\":\"https:\/\/aquaforest.eu\/de\/produkte\/seawater\/probiotische-methode\/af-nitraphos-minus\/#primaryimage\",\"url\":\"https:\/\/aquaforest.eu\/wp-content\/uploads\/2024\/06\/NitraPhos-Minus-250ml.png\",\"contentUrl\":\"https:\/\/aquaforest.eu\/wp-content\/uploads\/2024\/06\/NitraPhos-Minus-250ml.png\",\"width\":368,\"height\":600},{\"@type\":\"BreadcrumbList\",\"@id\":\"https:\/\/aquaforest.eu\/de\/produkte\/seawater\/probiotische-methode\/af-nitraphos-minus\/#breadcrumb\",\"itemListElement\":[{\"@type\":\"ListItem\",\"position\":1,\"name\":\"Home\",\"item\":\"https:\/\/aquaforest.eu\/de\/\"},{\"@type\":\"ListItem\",\"position\":2,\"name\":\"Produkte\",\"item\":\"https:\/\/aquaforest.eu\/de\/produkte\/\"},{\"@type\":\"ListItem\",\"position\":3,\"name\":\"AF Nitraphos Minus\"}]},{\"@type\":\"WebSite\",\"@id\":\"https:\/\/aquaforest.eu\/de\/#website\",\"url\":\"https:\/\/aquaforest.eu\/de\/\",\"name\":\"Aquaforest\",\"description\":\"\",\"publisher\":{\"@id\":\"https:\/\/aquaforest.eu\/de\/#organization\"},\"potentialAction\":[{\"@type\":\"SearchAction\",\"target\":{\"@type\":\"EntryPoint\",\"urlTemplate\":\"https:\/\/aquaforest.eu\/de\/?s={search_term_string}\"},\"query-input\":{\"@type\":\"PropertyValueSpecification\",\"valueRequired\":true,\"valueName\":\"search_term_string\"}}],\"inLanguage\":\"de\"},{\"@type\":\"Organization\",\"@id\":\"https:\/\/aquaforest.eu\/de\/#organization\",\"name\":\"Aquaforest\",\"url\":\"https:\/\/aquaforest.eu\/de\/\",\"logo\":{\"@type\":\"ImageObject\",\"inLanguage\":\"de\",\"@id\":\"https:\/\/aquaforest.eu\/de\/#\/schema\/logo\/image\/\",\"url\":\"https:\/\/aquaforest.eu\/wp-content\/uploads\/2024\/05\/logotyp-aquaforest.svg\",\"contentUrl\":\"https:\/\/aquaforest.eu\/wp-content\/uploads\/2024\/05\/logotyp-aquaforest.svg\",\"width\":170,\"height\":22,\"caption\":\"Aquaforest\"},\"image\":{\"@id\":\"https:\/\/aquaforest.eu\/de\/#\/schema\/logo\/image\/\"},\"sameAs\":[\"https:\/\/www.facebook.com\/Aquaforest\/\",\"https:\/\/www.instagram.com\/aquaforest.eu\/\"]}]}<\/script>\n<!-- \/ Yoast SEO plugin. -->","yoast_head_json":{"title":"AF Nitraphos Minus - Aquaforest","description":"NitraPhos Minus: entfernt \u00fcbersch\u00fcssige Nitrate, Nitrite und Phosphate aus dem Meerwasseraquarium, unterst\u00fctzt das Korallenwachstum und verhindert Algen.","robots":{"index":"index","follow":"follow","max-snippet":"max-snippet:-1","max-image-preview":"max-image-preview:large","max-video-preview":"max-video-preview:-1"},"canonical":"https:\/\/aquaforest.eu\/de\/produkte\/seawater\/probiotische-methode\/af-nitraphos-minus\/","og_locale":"de_DE","og_type":"article","og_title":"AF Nitraphos Minus - Aquaforest","og_description":"NitraPhos Minus: entfernt \u00fcbersch\u00fcssige Nitrate, Nitrite und Phosphate aus dem Meerwasseraquarium, unterst\u00fctzt das Korallenwachstum und verhindert Algen.","og_url":"https:\/\/aquaforest.eu\/de\/produkte\/seawater\/probiotische-methode\/af-nitraphos-minus\/","og_site_name":"Aquaforest","article_publisher":"https:\/\/www.facebook.com\/Aquaforest\/","article_modified_time":"2026-05-04T10:44:44+00:00","og_image":[{"width":368,"height":600,"url":"https:\/\/aquaforest.eu\/wp-content\/uploads\/2024\/06\/NitraPhos-Minus-250ml.png","type":"image\/png"}],"twitter_card":"summary_large_image","twitter_misc":{"Gesch\u00e4tzte Lesezeit":"2\u00a0Minuten"},"schema":{"@context":"https:\/\/schema.org","@graph":[{"@type":"WebPage","@id":"https:\/\/aquaforest.eu\/de\/produkte\/seawater\/probiotische-methode\/af-nitraphos-minus\/","url":"https:\/\/aquaforest.eu\/de\/produkte\/seawater\/probiotische-methode\/af-nitraphos-minus\/","name":"AF Nitraphos Minus - Aquaforest","isPartOf":{"@id":"https:\/\/aquaforest.eu\/de\/#website"},"primaryImageOfPage":{"@id":"https:\/\/aquaforest.eu\/de\/produkte\/seawater\/probiotische-methode\/af-nitraphos-minus\/#primaryimage"},"image":{"@id":"https:\/\/aquaforest.eu\/de\/produkte\/seawater\/probiotische-methode\/af-nitraphos-minus\/#primaryimage"},"thumbnailUrl":"https:\/\/aquaforest.eu\/wp-content\/uploads\/2024\/06\/NitraPhos-Minus-250ml.png","datePublished":"2024-06-27T00:14:22+00:00","dateModified":"2026-05-04T10:44:44+00:00","description":"NitraPhos Minus: entfernt \u00fcbersch\u00fcssige Nitrate, Nitrite und Phosphate aus dem Meerwasseraquarium, unterst\u00fctzt das Korallenwachstum und verhindert Algen.","breadcrumb":{"@id":"https:\/\/aquaforest.eu\/de\/produkte\/seawater\/probiotische-methode\/af-nitraphos-minus\/#breadcrumb"},"inLanguage":"de","potentialAction":[{"@type":"ReadAction","target":["https:\/\/aquaforest.eu\/de\/produkte\/seawater\/probiotische-methode\/af-nitraphos-minus\/"]}]},{"@type":"ImageObject","inLanguage":"de","@id":"https:\/\/aquaforest.eu\/de\/produkte\/seawater\/probiotische-methode\/af-nitraphos-minus\/#primaryimage","url":"https:\/\/aquaforest.eu\/wp-content\/uploads\/2024\/06\/NitraPhos-Minus-250ml.png","contentUrl":"https:\/\/aquaforest.eu\/wp-content\/uploads\/2024\/06\/NitraPhos-Minus-250ml.png","width":368,"height":600},{"@type":"BreadcrumbList","@id":"https:\/\/aquaforest.eu\/de\/produkte\/seawater\/probiotische-methode\/af-nitraphos-minus\/#breadcrumb","itemListElement":[{"@type":"ListItem","position":1,"name":"Home","item":"https:\/\/aquaforest.eu\/de\/"},{"@type":"ListItem","position":2,"name":"Produkte","item":"https:\/\/aquaforest.eu\/de\/produkte\/"},{"@type":"ListItem","position":3,"name":"AF Nitraphos Minus"}]},{"@type":"WebSite","@id":"https:\/\/aquaforest.eu\/de\/#website","url":"https:\/\/aquaforest.eu\/de\/","name":"Aquaforest","description":"","publisher":{"@id":"https:\/\/aquaforest.eu\/de\/#organization"},"potentialAction":[{"@type":"SearchAction","target":{"@type":"EntryPoint","urlTemplate":"https:\/\/aquaforest.eu\/de\/?s={search_term_string}"},"query-input":{"@type":"PropertyValueSpecification","valueRequired":true,"valueName":"search_term_string"}}],"inLanguage":"de"},{"@type":"Organization","@id":"https:\/\/aquaforest.eu\/de\/#organization","name":"Aquaforest","url":"https:\/\/aquaforest.eu\/de\/","logo":{"@type":"ImageObject","inLanguage":"de","@id":"https:\/\/aquaforest.eu\/de\/#\/schema\/logo\/image\/","url":"https:\/\/aquaforest.eu\/wp-content\/uploads\/2024\/05\/logotyp-aquaforest.svg","contentUrl":"https:\/\/aquaforest.eu\/wp-content\/uploads\/2024\/05\/logotyp-aquaforest.svg","width":170,"height":22,"caption":"Aquaforest"},"image":{"@id":"https:\/\/aquaforest.eu\/de\/#\/schema\/logo\/image\/"},"sameAs":["https:\/\/www.facebook.com\/Aquaforest\/","https:\/\/www.instagram.com\/aquaforest.eu\/"]}]}},"_links":{"self":[{"href":"https:\/\/aquaforest.eu\/de\/wp-json\/wp\/v2\/product\/11254","targetHints":{"allow":["GET"]}}],"collection":[{"href":"https:\/\/aquaforest.eu\/de\/wp-json\/wp\/v2\/product"}],"about":[{"href":"https:\/\/aquaforest.eu\/de\/wp-json\/wp\/v2\/types\/product"}],"version-history":[{"count":4,"href":"https:\/\/aquaforest.eu\/de\/wp-json\/wp\/v2\/product\/11254\/revisions"}],"predecessor-version":[{"id":31448,"href":"https:\/\/aquaforest.eu\/de\/wp-json\/wp\/v2\/product\/11254\/revisions\/31448"}],"wp:featuredmedia":[{"embeddable":true,"href":"https:\/\/aquaforest.eu\/de\/wp-json\/wp\/v2\/media\/11258"}],"wp:attachment":[{"href":"https:\/\/aquaforest.eu\/de\/wp-json\/wp\/v2\/media?parent=11254"}],"wp:term":[{"taxonomy":"product_brand","embeddable":true,"href":"https:\/\/aquaforest.eu\/de\/wp-json\/wp\/v2\/product_brand?post=11254"},{"taxonomy":"product_cat","embeddable":true,"href":"https:\/\/aquaforest.eu\/de\/wp-json\/wp\/v2\/product_cat?post=11254"},{"taxonomy":"product_tag","embeddable":true,"href":"https:\/\/aquaforest.eu\/de\/wp-json\/wp\/v2\/product_tag?post=11254"}],"curies":[{"name":"wp","href":"https:\/\/api.w.org\/{rel}","templated":true}]}}