{"id":11264,"date":"2024-06-27T01:56:13","date_gmt":"2024-06-26T23:56:13","guid":{"rendered":"https:\/\/aquaforest.eu\/products\/unkategorisiert\/reef-mineral-salt\/"},"modified":"2025-08-08T13:15:56","modified_gmt":"2025-08-08T11:15:56","slug":"reef-mineral-salt","status":"publish","type":"product","link":"https:\/\/aquaforest.eu\/de\/produkte\/seawater\/wasseraufbereitung\/reef-mineral-salt\/","title":{"rendered":"Reef Mineral Salt"},"content":{"rendered":"<h4 class=\"fusion-responsive-typography-calculated\" data-fontsize=\"22\" data-lineheight=\"27.5px\"><span style=\"color: #000000;\">Ein Mittel zur Aufrechterhaltung eines konstanten Mineralienspiegels in Riffaquarien<\/span><\/h4>\n<p><span style=\"color: #000000;\">Die Verwendung von Riffmineralsalz ist eines der wichtigsten Elemente bei der Erg\u00e4nzung von Kalziumchlorid und Natriumbicarbonat (d.h. Balling-Methode). Eine fehlende Erg\u00e4nzung mit Riffmineralsalz f\u00fchrt zu einem gef\u00e4hrlichen Mineralienmangel.<\/span><br \/>\n<span style=\"color: #000000;\">Ein langfristiger Mangel an Mikro- und Makron\u00e4hrstoffen f\u00fchrt zu einer \u00fcberm\u00e4\u00dfigen Verlangsamung des Wachstums und einer ung\u00fcltigen, blassen F\u00e4rbung der Korallen. <strong>Dosierung:<\/strong> L\u00f6sen Sie 25 g in 1000 ml RODI Wasser auf.<\/span><br \/>\n<span style=\"color: #000000;\">Um das Ionengleichgewicht aufrechtzuerhalten, wird empfohlen, auch zu verwenden: Kalzium, KH-Puffer und Magnesium, wobei die Dosierung auf der Grundlage von Wassertests und dem t\u00e4glichen Verbrauch der Korallen festgelegt werden sollte.<\/span><br \/>\n<span style=\"color: #000000;\">Reef Mineral Salt kann in einer L\u00f6sung mit\u00a0Magnesium kombiniert werden. <strong>Die L\u00f6sung des Riffmineralsalzes sollte mit den gleichen Fl\u00fcssigkeitsmengen dosiert werden wie die L\u00f6sungen von Calcium und KH-Puffer.<\/strong><\/span><\/p>\n<h4 class=\"fusion-responsive-typography-calculated\" data-fontsize=\"22\" data-lineheight=\"27.5px\"><span style=\"color: #000000;\">NaCl-freies Salz<\/span><\/h4>\n<p><span style=\"color: #000000;\"><strong>Wissenswert: <\/strong>Die Salzdosierung von Reef Mineral kann nicht als Ersatz f\u00fcr wichtige Wasserwechsel angesehen werden, die nach wie vor notwendig sind.<\/span><\/p>\n<div><span style=\"color: #000000;\">Aquaforest Reef Mineral Salt ist ein Meersalz ohne Natriumchlorid (NaCl).<\/span><br \/>\n<span style=\"color: #000000;\">Es enth\u00e4lt alle anderen Grundbestandteile, die im nat\u00fcrlichen Meerwasser vorkommen, wie Magnesium, Kalzium, Kalium, Brom, Fluor, Barium, Jod und Spurenelemente.<\/span><\/div>\n<div><span style=\"color: #000000;\">NaCl-freies Salz ist eine der wichtigsten Komponenten der Balling-Methode und spielt eine wichtige Rolle, wenn Calciumchlorid und Natriumbicarbonat zugesetzt werden.<\/span><\/div>\n<div><\/div>\n<div><span style=\"color: #000000;\">Es ist ein weit verbreiteter Irrglaube unter Aquarianern, dass die Verabreichung von natriumchloridfreiem Salz in erster Linie dazu dient, die Spurenelemente wieder aufzuf\u00fcllen.<\/span><br \/>\n<span style=\"color: #000000;\">Die Hauptaufgabe von natriumchloridfreiem Salz besteht darin, das Ionengleichgewicht des Aquarienwassers aufrechtzuerhalten.<\/span><\/div>\n<div><span style=\"color: #000000;\">Diese Praxis basiert auf einer wichtigen Entdeckung von Prof. William Dittmar, einem chemischen Analytiker, und der &#8222;Regel der konstanten Proportionen&#8220;.<\/span><br \/>\n<span style=\"color: #000000;\">Er analysierte Wasserproben aus Ozeanen und Meeren rund um den Globus und dokumentierte, dass die Zusammensetzung des nat\u00fcrlichen Meerwassers konstant bleibt, auch wenn der Salzgehalt variiert.<\/span><\/div>\n<div><span style=\"color: #000000;\">Welche Bedeutung hat also die Zugabe von NaCl-freiem Salz bei der Gabe von Calciumchlorid und Natriumbicarbonat?<\/span><br \/>\n<span style=\"color: #000000;\">Viele Meeresorganismen (z.B. Steinkorallen) ben\u00f6tigen Calciumcarbonat (CaCO3), um ihre kalkhaltigen Strukturen aufzubauen.<\/span><br \/>\n<span style=\"color: #000000;\">Diese wichtige Substanz ist im nat\u00fcrlichen Meerwasser unl\u00f6slich. Eine M\u00f6glichkeit, dieses Problem zu umgehen, ist die Verabreichung von Ca++ und HCO3 in Form von wasserl\u00f6slichem Calciumchlorid (CaCl2) und Natriumbicarbonat (NaHCO3).<\/span><br \/>\n<span style=\"color: #000000;\">Diese Methode hat jedoch einen Nachteil &#8211; in Form von unerw\u00fcnschtem NaCl:<\/span><\/div>\n<div><\/div>\n<div><span style=\"color: #000000;\">CaCl2 + 2NaHCO3 = &gt; CaCO3 + 2NaCl +H2O +CO2<\/span><\/div>\n<div><\/div>\n<div><span style=\"color: #000000;\">Viele Menschen gehen davon aus, dass die zus\u00e4tzliche Anwesenheit von Natriumchlorid harmlos ist, solange der Salzgehalt auf dem gew\u00fcnschten Niveau gehalten wird.<\/span><br \/>\n<span style=\"color: #000000;\">Der Salzgehalt ist jedoch nicht nur ein Ma\u00df f\u00fcr das Kochsalz in H2O.<\/span><br \/>\n<span style=\"color: #000000;\">Auch Magnesiumsulfat, Kalziumsulfat, Kaliumsulfat, Magnesiumchlorid, Kalziumchlorid und Kaliumchlorid sind eigentlich Salze. Wenn also der Natrium- und Chloridgehalt steigt, verschiebt sich das nat\u00fcrliche Gleichgewicht der wichtigsten Elemente.<\/span><br \/>\n<span style=\"color: #000000;\">\u00dcbrigens kann der Salzgehalt stabil bleiben, aber nur aufgrund der \u00fcberm\u00e4\u00dfigen Anwesenheit von Natriumchlorid.<\/span><br \/>\n<span style=\"color: #000000;\">In einem geschlossenen Aquarien-\u00d6kosystem k\u00f6nnen die Auswirkungen der NaCl-Ansammlung erheblich sein.<\/span><\/div>\n<div><\/div>\n<div><span style=\"color: #000000;\">Viele Aquarianer gehen f\u00e4lschlicherweise davon aus, dass sich dieses Problem durch regelm\u00e4\u00dfige Wasserwechsel leicht beheben l\u00e4sst.<\/span><br \/>\n<span style=\"color: #000000;\">Bedenken Sie jedoch, dass die einzige M\u00f6glichkeit, zu den urspr\u00fcnglichen Wasserparametern zur\u00fcckzukehren, ein 100%iger Wasserwechsel w\u00e4re, w\u00e4hrend kaum jemand w\u00f6chentlich mehr als 10% austauscht.<\/span><\/div>\n<div><\/div>\n<div><span style=\"color: #000000;\">Die Verwendung von NaCl-freiem Salz ist nicht mehr so \u00fcblich, und die Anwendung der Balling-Methode beschr\u00e4nkt sich oft auf 2 oder manchmal 3 seiner Hauptkomponenten.<\/span><br \/>\n<span style=\"color: #000000;\">Diese Methode wird wahrscheinlich mehrere Wochen oder sogar Monate lang keine Probleme verursachen, aber in der Zwischenzeit werden die chemischen Reaktionen, die im Meerwasseraquarium stattfinden, zu einem Defizit an Spurenelementen f\u00fchren.<\/span><\/div>\n<div><\/div>\n<div><span style=\"color: #000000;\">Balling &#8222;zweiteilig&#8220; oder &#8222;leicht&#8220; wird immer beliebter, aber die Wahrheit ist, dass die alte, aber revolution\u00e4re Originalmethode viel effektiver ist, wenn es darum geht, stabile Wasserparameter zu erhalten.<\/span><br \/>\n<span style=\"color: #000000;\">Die regelm\u00e4\u00dfige Verwendung von NaCl-freiem Salz wird dringend empfohlen, um Probleme mit dem Ionen-Ungleichgewicht langfristig zu l\u00f6sen.<\/span><\/div>\n","protected":false},"excerpt":{"rendered":"<p>Mineralsalze, die f\u00fcr optimale Bedingungen und ein ionisches Gleichgewicht sorgen. Natriumchlorid (NaCl) freies Salz.<\/p>\n","protected":false},"featured_media":12603,"template":"","meta":{"_acf_changed":false,"content-type":""},"product_brand":[],"product_cat":[1158],"product_tag":[966,1120,1417,1097],"class_list":{"0":"post-11264","1":"product","2":"type-product","3":"status-publish","4":"has-post-thumbnail","6":"product_cat-wasseraufbereitung","7":"product_tag-aquaforest-de","8":"product_tag-meerwasser-aquarien","9":"product_tag-variable-de","10":"product_tag-wasserversorgung","12":"first","13":"instock","14":"taxable","15":"shipping-taxable","16":"purchasable","17":"product-type-variable"},"acf":[],"yoast_head":"<!-- This site is optimized with the Yoast SEO plugin v27.1.1 - https:\/\/yoast.com\/product\/yoast-seo-wordpress\/ -->\n<title>Reef Mineral Salt - Aquaforest<\/title>\n<meta name=\"description\" content=\"Riff-Mineralsalz: der Schl\u00fcssel zur Aufrechterhaltung eines konstanten Mineralienspiegels in Riffaquarien. Beugt Mineralienmangel vor und f\u00f6rdert das Wachstum und die F\u00e4rbung von Korallen, insbesondere wenn es mit Kalziumchlorid und Natriumbikarbonat erg\u00e4nzt wird.\" \/>\n<meta name=\"robots\" content=\"index, follow, max-snippet:-1, max-image-preview:large, max-video-preview:-1\" \/>\n<link rel=\"canonical\" href=\"https:\/\/aquaforest.eu\/de\/produkte\/seawater\/wasseraufbereitung\/reef-mineral-salt\/\" \/>\n<meta property=\"og:locale\" content=\"de_DE\" \/>\n<meta property=\"og:type\" content=\"article\" \/>\n<meta property=\"og:title\" content=\"Reef Mineral Salt - Aquaforest\" \/>\n<meta property=\"og:description\" content=\"Riff-Mineralsalz: der Schl\u00fcssel zur Aufrechterhaltung eines konstanten Mineralienspiegels in Riffaquarien. Beugt Mineralienmangel vor und f\u00f6rdert das Wachstum und die F\u00e4rbung von Korallen, insbesondere wenn es mit Kalziumchlorid und Natriumbikarbonat erg\u00e4nzt wird.\" \/>\n<meta property=\"og:url\" content=\"https:\/\/aquaforest.eu\/de\/produkte\/seawater\/wasseraufbereitung\/reef-mineral-salt\/\" \/>\n<meta property=\"og:site_name\" content=\"Aquaforest\" \/>\n<meta property=\"article:publisher\" content=\"https:\/\/www.facebook.com\/Aquaforest\/\" \/>\n<meta property=\"article:modified_time\" content=\"2025-08-08T11:15:56+00:00\" \/>\n<meta property=\"og:image\" content=\"https:\/\/aquaforest.eu\/wp-content\/uploads\/2024\/06\/Reef-Mineral-Salt-1-kg.png\" \/>\n\t<meta property=\"og:image:width\" content=\"431\" \/>\n\t<meta property=\"og:image:height\" content=\"600\" \/>\n\t<meta property=\"og:image:type\" content=\"image\/png\" \/>\n<meta name=\"twitter:card\" content=\"summary_large_image\" \/>\n<meta name=\"twitter:label1\" content=\"Gesch\u00e4tzte Lesezeit\" \/>\n\t<meta name=\"twitter:data1\" content=\"3\u00a0Minuten\" \/>\n<script type=\"application\/ld+json\" class=\"yoast-schema-graph\">{\"@context\":\"https:\/\/schema.org\",\"@graph\":[{\"@type\":\"WebPage\",\"@id\":\"https:\/\/aquaforest.eu\/de\/produkte\/seawater\/wasseraufbereitung\/reef-mineral-salt\/\",\"url\":\"https:\/\/aquaforest.eu\/de\/produkte\/seawater\/wasseraufbereitung\/reef-mineral-salt\/\",\"name\":\"Reef Mineral Salt - Aquaforest\",\"isPartOf\":{\"@id\":\"https:\/\/aquaforest.eu\/de\/#website\"},\"primaryImageOfPage\":{\"@id\":\"https:\/\/aquaforest.eu\/de\/produkte\/seawater\/wasseraufbereitung\/reef-mineral-salt\/#primaryimage\"},\"image\":{\"@id\":\"https:\/\/aquaforest.eu\/de\/produkte\/seawater\/wasseraufbereitung\/reef-mineral-salt\/#primaryimage\"},\"thumbnailUrl\":\"https:\/\/aquaforest.eu\/wp-content\/uploads\/2024\/06\/Reef-Mineral-Salt-1-kg.png\",\"datePublished\":\"2024-06-26T23:56:13+00:00\",\"dateModified\":\"2025-08-08T11:15:56+00:00\",\"description\":\"Riff-Mineralsalz: der Schl\u00fcssel zur Aufrechterhaltung eines konstanten Mineralienspiegels in Riffaquarien. Beugt Mineralienmangel vor und f\u00f6rdert das Wachstum und die F\u00e4rbung von Korallen, insbesondere wenn es mit Kalziumchlorid und Natriumbikarbonat erg\u00e4nzt wird.\",\"breadcrumb\":{\"@id\":\"https:\/\/aquaforest.eu\/de\/produkte\/seawater\/wasseraufbereitung\/reef-mineral-salt\/#breadcrumb\"},\"inLanguage\":\"de\",\"potentialAction\":[{\"@type\":\"ReadAction\",\"target\":[\"https:\/\/aquaforest.eu\/de\/produkte\/seawater\/wasseraufbereitung\/reef-mineral-salt\/\"]}]},{\"@type\":\"ImageObject\",\"inLanguage\":\"de\",\"@id\":\"https:\/\/aquaforest.eu\/de\/produkte\/seawater\/wasseraufbereitung\/reef-mineral-salt\/#primaryimage\",\"url\":\"https:\/\/aquaforest.eu\/wp-content\/uploads\/2024\/06\/Reef-Mineral-Salt-1-kg.png\",\"contentUrl\":\"https:\/\/aquaforest.eu\/wp-content\/uploads\/2024\/06\/Reef-Mineral-Salt-1-kg.png\",\"width\":431,\"height\":600},{\"@type\":\"BreadcrumbList\",\"@id\":\"https:\/\/aquaforest.eu\/de\/produkte\/seawater\/wasseraufbereitung\/reef-mineral-salt\/#breadcrumb\",\"itemListElement\":[{\"@type\":\"ListItem\",\"position\":1,\"name\":\"Home\",\"item\":\"https:\/\/aquaforest.eu\/de\/\"},{\"@type\":\"ListItem\",\"position\":2,\"name\":\"Produkte\",\"item\":\"https:\/\/aquaforest.eu\/de\/produkte\/\"},{\"@type\":\"ListItem\",\"position\":3,\"name\":\"Reef Mineral Salt\"}]},{\"@type\":\"WebSite\",\"@id\":\"https:\/\/aquaforest.eu\/de\/#website\",\"url\":\"https:\/\/aquaforest.eu\/de\/\",\"name\":\"Aquaforest\",\"description\":\"\",\"publisher\":{\"@id\":\"https:\/\/aquaforest.eu\/de\/#organization\"},\"potentialAction\":[{\"@type\":\"SearchAction\",\"target\":{\"@type\":\"EntryPoint\",\"urlTemplate\":\"https:\/\/aquaforest.eu\/de\/?s={search_term_string}\"},\"query-input\":{\"@type\":\"PropertyValueSpecification\",\"valueRequired\":true,\"valueName\":\"search_term_string\"}}],\"inLanguage\":\"de\"},{\"@type\":\"Organization\",\"@id\":\"https:\/\/aquaforest.eu\/de\/#organization\",\"name\":\"Aquaforest\",\"url\":\"https:\/\/aquaforest.eu\/de\/\",\"logo\":{\"@type\":\"ImageObject\",\"inLanguage\":\"de\",\"@id\":\"https:\/\/aquaforest.eu\/de\/#\/schema\/logo\/image\/\",\"url\":\"https:\/\/aquaforest.eu\/wp-content\/uploads\/2024\/05\/logotyp-aquaforest.svg\",\"contentUrl\":\"https:\/\/aquaforest.eu\/wp-content\/uploads\/2024\/05\/logotyp-aquaforest.svg\",\"width\":170,\"height\":22,\"caption\":\"Aquaforest\"},\"image\":{\"@id\":\"https:\/\/aquaforest.eu\/de\/#\/schema\/logo\/image\/\"},\"sameAs\":[\"https:\/\/www.facebook.com\/Aquaforest\/\",\"https:\/\/www.instagram.com\/aquaforest.eu\/\"]}]}<\/script>\n<!-- \/ Yoast SEO plugin. -->","yoast_head_json":{"title":"Reef Mineral Salt - Aquaforest","description":"Riff-Mineralsalz: der Schl\u00fcssel zur Aufrechterhaltung eines konstanten Mineralienspiegels in Riffaquarien. Beugt Mineralienmangel vor und f\u00f6rdert das Wachstum und die F\u00e4rbung von Korallen, insbesondere wenn es mit Kalziumchlorid und Natriumbikarbonat erg\u00e4nzt wird.","robots":{"index":"index","follow":"follow","max-snippet":"max-snippet:-1","max-image-preview":"max-image-preview:large","max-video-preview":"max-video-preview:-1"},"canonical":"https:\/\/aquaforest.eu\/de\/produkte\/seawater\/wasseraufbereitung\/reef-mineral-salt\/","og_locale":"de_DE","og_type":"article","og_title":"Reef Mineral Salt - Aquaforest","og_description":"Riff-Mineralsalz: der Schl\u00fcssel zur Aufrechterhaltung eines konstanten Mineralienspiegels in Riffaquarien. Beugt Mineralienmangel vor und f\u00f6rdert das Wachstum und die F\u00e4rbung von Korallen, insbesondere wenn es mit Kalziumchlorid und Natriumbikarbonat erg\u00e4nzt wird.","og_url":"https:\/\/aquaforest.eu\/de\/produkte\/seawater\/wasseraufbereitung\/reef-mineral-salt\/","og_site_name":"Aquaforest","article_publisher":"https:\/\/www.facebook.com\/Aquaforest\/","article_modified_time":"2025-08-08T11:15:56+00:00","og_image":[{"width":431,"height":600,"url":"https:\/\/aquaforest.eu\/wp-content\/uploads\/2024\/06\/Reef-Mineral-Salt-1-kg.png","type":"image\/png"}],"twitter_card":"summary_large_image","twitter_misc":{"Gesch\u00e4tzte Lesezeit":"3\u00a0Minuten"},"schema":{"@context":"https:\/\/schema.org","@graph":[{"@type":"WebPage","@id":"https:\/\/aquaforest.eu\/de\/produkte\/seawater\/wasseraufbereitung\/reef-mineral-salt\/","url":"https:\/\/aquaforest.eu\/de\/produkte\/seawater\/wasseraufbereitung\/reef-mineral-salt\/","name":"Reef Mineral Salt - Aquaforest","isPartOf":{"@id":"https:\/\/aquaforest.eu\/de\/#website"},"primaryImageOfPage":{"@id":"https:\/\/aquaforest.eu\/de\/produkte\/seawater\/wasseraufbereitung\/reef-mineral-salt\/#primaryimage"},"image":{"@id":"https:\/\/aquaforest.eu\/de\/produkte\/seawater\/wasseraufbereitung\/reef-mineral-salt\/#primaryimage"},"thumbnailUrl":"https:\/\/aquaforest.eu\/wp-content\/uploads\/2024\/06\/Reef-Mineral-Salt-1-kg.png","datePublished":"2024-06-26T23:56:13+00:00","dateModified":"2025-08-08T11:15:56+00:00","description":"Riff-Mineralsalz: der Schl\u00fcssel zur Aufrechterhaltung eines konstanten Mineralienspiegels in Riffaquarien. Beugt Mineralienmangel vor und f\u00f6rdert das Wachstum und die F\u00e4rbung von Korallen, insbesondere wenn es mit Kalziumchlorid und Natriumbikarbonat erg\u00e4nzt wird.","breadcrumb":{"@id":"https:\/\/aquaforest.eu\/de\/produkte\/seawater\/wasseraufbereitung\/reef-mineral-salt\/#breadcrumb"},"inLanguage":"de","potentialAction":[{"@type":"ReadAction","target":["https:\/\/aquaforest.eu\/de\/produkte\/seawater\/wasseraufbereitung\/reef-mineral-salt\/"]}]},{"@type":"ImageObject","inLanguage":"de","@id":"https:\/\/aquaforest.eu\/de\/produkte\/seawater\/wasseraufbereitung\/reef-mineral-salt\/#primaryimage","url":"https:\/\/aquaforest.eu\/wp-content\/uploads\/2024\/06\/Reef-Mineral-Salt-1-kg.png","contentUrl":"https:\/\/aquaforest.eu\/wp-content\/uploads\/2024\/06\/Reef-Mineral-Salt-1-kg.png","width":431,"height":600},{"@type":"BreadcrumbList","@id":"https:\/\/aquaforest.eu\/de\/produkte\/seawater\/wasseraufbereitung\/reef-mineral-salt\/#breadcrumb","itemListElement":[{"@type":"ListItem","position":1,"name":"Home","item":"https:\/\/aquaforest.eu\/de\/"},{"@type":"ListItem","position":2,"name":"Produkte","item":"https:\/\/aquaforest.eu\/de\/produkte\/"},{"@type":"ListItem","position":3,"name":"Reef Mineral Salt"}]},{"@type":"WebSite","@id":"https:\/\/aquaforest.eu\/de\/#website","url":"https:\/\/aquaforest.eu\/de\/","name":"Aquaforest","description":"","publisher":{"@id":"https:\/\/aquaforest.eu\/de\/#organization"},"potentialAction":[{"@type":"SearchAction","target":{"@type":"EntryPoint","urlTemplate":"https:\/\/aquaforest.eu\/de\/?s={search_term_string}"},"query-input":{"@type":"PropertyValueSpecification","valueRequired":true,"valueName":"search_term_string"}}],"inLanguage":"de"},{"@type":"Organization","@id":"https:\/\/aquaforest.eu\/de\/#organization","name":"Aquaforest","url":"https:\/\/aquaforest.eu\/de\/","logo":{"@type":"ImageObject","inLanguage":"de","@id":"https:\/\/aquaforest.eu\/de\/#\/schema\/logo\/image\/","url":"https:\/\/aquaforest.eu\/wp-content\/uploads\/2024\/05\/logotyp-aquaforest.svg","contentUrl":"https:\/\/aquaforest.eu\/wp-content\/uploads\/2024\/05\/logotyp-aquaforest.svg","width":170,"height":22,"caption":"Aquaforest"},"image":{"@id":"https:\/\/aquaforest.eu\/de\/#\/schema\/logo\/image\/"},"sameAs":["https:\/\/www.facebook.com\/Aquaforest\/","https:\/\/www.instagram.com\/aquaforest.eu\/"]}]}},"_links":{"self":[{"href":"https:\/\/aquaforest.eu\/de\/wp-json\/wp\/v2\/product\/11264","targetHints":{"allow":["GET"]}}],"collection":[{"href":"https:\/\/aquaforest.eu\/de\/wp-json\/wp\/v2\/product"}],"about":[{"href":"https:\/\/aquaforest.eu\/de\/wp-json\/wp\/v2\/types\/product"}],"version-history":[{"count":1,"href":"https:\/\/aquaforest.eu\/de\/wp-json\/wp\/v2\/product\/11264\/revisions"}],"predecessor-version":[{"id":24602,"href":"https:\/\/aquaforest.eu\/de\/wp-json\/wp\/v2\/product\/11264\/revisions\/24602"}],"wp:featuredmedia":[{"embeddable":true,"href":"https:\/\/aquaforest.eu\/de\/wp-json\/wp\/v2\/media\/12603"}],"wp:attachment":[{"href":"https:\/\/aquaforest.eu\/de\/wp-json\/wp\/v2\/media?parent=11264"}],"wp:term":[{"taxonomy":"product_brand","embeddable":true,"href":"https:\/\/aquaforest.eu\/de\/wp-json\/wp\/v2\/product_brand?post=11264"},{"taxonomy":"product_cat","embeddable":true,"href":"https:\/\/aquaforest.eu\/de\/wp-json\/wp\/v2\/product_cat?post=11264"},{"taxonomy":"product_tag","embeddable":true,"href":"https:\/\/aquaforest.eu\/de\/wp-json\/wp\/v2\/product_tag?post=11264"}],"curies":[{"name":"wp","href":"https:\/\/api.w.org\/{rel}","templated":true}]}}