{"id":11265,"date":"2024-06-27T02:08:51","date_gmt":"2024-06-27T00:08:51","guid":{"rendered":"https:\/\/aquaforest.eu\/products\/unkategorisiert\/bio-s\/"},"modified":"2025-06-17T10:12:21","modified_gmt":"2025-06-17T08:12:21","slug":"bio-s","status":"publish","type":"product","link":"https:\/\/aquaforest.eu\/de\/produkte\/seawater\/probiotische-methode\/bio-s\/","title":{"rendered":"Bio S"},"content":{"rendered":"<h4 class=\"fusion-responsive-typography-calculated\" data-fontsize=\"22\" data-lineheight=\"27.5px\"><span style=\"color: #000000;\">Schnelle und effektive Eliminierung von Ammoniak und Stickstoffverbindungen<\/span><\/h4>\n<p><span style=\"color: #000000;\">Eine spezielle Formel, die f\u00fcr die schnelle und effektive Beseitigung von Ammoniak und Stickstoffverbindungen aus dem Aquarium entwickelt wurde.<\/span><br \/>\n<span style=\"color: #000000;\">Bio S enth\u00e4lt speziell ausgew\u00e4hlte Bakterienst\u00e4mme, die eine perfekte Umgebung f\u00fcr die Vermehrung von Nitrospirae- und Nitrobacteraceae-Bakterien schaffen, die f\u00fcr den Stickstoffzyklus verantwortlich sind.<\/span><\/p>\n<h4 class=\"fusion-responsive-typography-calculated\" data-fontsize=\"22\" data-lineheight=\"27.5px\"><span style=\"color: #000000;\">Beschleunigen Sie den Nitrifikationsprozess<\/span><\/h4>\n<p><span style=\"color: #000000;\">Beim Nitrifikationsprozess entfernen die Bakterien Verbindungen wie Ammoniak und Nitrit aus dem Wasser.<\/span><br \/>\n<span style=\"color: #000000;\">Bio S wird besonders in den ersten Tagen nach der Einrichtung eines neuen Aquariums empfohlen, um den Nitrifikationsprozess zu starten und zu beschleunigen.<\/span><br \/>\n<span style=\"color: #000000;\">Bio S eignet sich auch hervorragend zum Einrichten von Filtermedien in neu eingerichteten Aquarien.<\/span><br \/>\n<span style=\"color: #000000;\">In ausgewachsenen Aquarien beschleunigt es die Zersetzung von Futterresten sowie anderen organischen Verbindungen und Sedimenten.<\/span><br \/>\n<span style=\"color: #000000;\">Es verbessert die Klarheit des Wassers und f\u00f6rdert die Reinigung des Bodengrunds.<\/span><br \/>\n<span style=\"color: #000000;\">Bio S kann auch in Aquarien mit Filtersystemen auf Basis probiotischer Bakterien verwendet werden.<\/span><\/p>\n<h4 class=\"fusion-responsive-typography-calculated\" data-fontsize=\"22\" data-lineheight=\"27.5px\"><span style=\"color: #000000;\">Verbessern Sie die Klarheit des Wassers<\/span><\/h4>\n<p><span style=\"color: #000000;\"><strong>Dosierung:<\/strong> 1 Tropfen pro 100 l Wasser t\u00e4glich in den ersten 2 Wochen.<\/span><br \/>\n<span style=\"color: #000000;\">In funktionierenden Aquarien sollte Bio S nach Wasserwechseln verwendet werden.<\/span><br \/>\n<span style=\"color: #000000;\">Vor Gebrauch sch\u00fctteln.<\/span><\/p>\n","protected":false},"excerpt":{"rendered":"<p>Nitrifizierende Bakterien zur F\u00f6rderung der Reifung.<br \/>\nEnth\u00e4lt speziell ausgew\u00e4hlte Bakterienst\u00e4mme.<\/p>\n","protected":false},"featured_media":11286,"template":"","meta":{"_acf_changed":false,"content-type":""},"product_brand":[],"product_cat":[1156],"product_tag":[966,1120,1110,1417],"class_list":{"0":"post-11265","1":"product","2":"type-product","3":"status-publish","4":"has-post-thumbnail","6":"product_cat-probiotische-methode","7":"product_tag-aquaforest-de","8":"product_tag-meerwasser-aquarien","9":"product_tag-probiotische-methode","10":"product_tag-variable-de","12":"first","13":"instock","14":"taxable","15":"shipping-taxable","16":"purchasable","17":"product-type-variable","18":"has-default-attributes"},"acf":[],"yoast_head":"<!-- This site is optimized with the Yoast SEO plugin v27.1.1 - https:\/\/yoast.com\/product\/yoast-seo-wordpress\/ -->\n<title>Bio S - Aquaforest<\/title>\n<meta name=\"description\" content=\"Bio S: eine spezielle Formel f\u00fcr die schnelle und effektive Beseitigung von Ammoniak und Stickstoff aus dem Aquarium. Enth\u00e4lt St\u00e4mme von Nitrospirae- und Nitrobacteraceae-Bakterien, die den Stickstoffkreislauf unterst\u00fctzen.\" \/>\n<meta name=\"robots\" content=\"index, follow, max-snippet:-1, max-image-preview:large, max-video-preview:-1\" \/>\n<link rel=\"canonical\" href=\"https:\/\/aquaforest.eu\/de\/produkte\/seawater\/probiotische-methode\/bio-s\/\" \/>\n<meta property=\"og:locale\" content=\"de_DE\" \/>\n<meta property=\"og:type\" content=\"article\" \/>\n<meta property=\"og:title\" content=\"Bio S - Aquaforest\" \/>\n<meta property=\"og:description\" content=\"Bio S: eine spezielle Formel f\u00fcr die schnelle und effektive Beseitigung von Ammoniak und Stickstoff aus dem Aquarium. Enth\u00e4lt St\u00e4mme von Nitrospirae- und Nitrobacteraceae-Bakterien, die den Stickstoffkreislauf unterst\u00fctzen.\" \/>\n<meta property=\"og:url\" content=\"https:\/\/aquaforest.eu\/de\/produkte\/seawater\/probiotische-methode\/bio-s\/\" \/>\n<meta property=\"og:site_name\" content=\"Aquaforest\" \/>\n<meta property=\"article:publisher\" content=\"https:\/\/www.facebook.com\/Aquaforest\/\" \/>\n<meta property=\"article:modified_time\" content=\"2025-06-17T08:12:21+00:00\" \/>\n<meta property=\"og:image\" content=\"https:\/\/aquaforest.eu\/wp-content\/uploads\/2024\/06\/Bio-S-10-ml.png\" \/>\n\t<meta property=\"og:image:width\" content=\"277\" \/>\n\t<meta property=\"og:image:height\" content=\"600\" \/>\n\t<meta property=\"og:image:type\" content=\"image\/png\" \/>\n<meta name=\"twitter:card\" content=\"summary_large_image\" \/>\n<meta name=\"twitter:label1\" content=\"Gesch\u00e4tzte Lesezeit\" \/>\n\t<meta name=\"twitter:data1\" content=\"1\u00a0Minute\" \/>\n<script type=\"application\/ld+json\" class=\"yoast-schema-graph\">{\"@context\":\"https:\/\/schema.org\",\"@graph\":[{\"@type\":\"WebPage\",\"@id\":\"https:\/\/aquaforest.eu\/de\/produkte\/seawater\/probiotische-methode\/bio-s\/\",\"url\":\"https:\/\/aquaforest.eu\/de\/produkte\/seawater\/probiotische-methode\/bio-s\/\",\"name\":\"Bio S - Aquaforest\",\"isPartOf\":{\"@id\":\"https:\/\/aquaforest.eu\/de\/#website\"},\"primaryImageOfPage\":{\"@id\":\"https:\/\/aquaforest.eu\/de\/produkte\/seawater\/probiotische-methode\/bio-s\/#primaryimage\"},\"image\":{\"@id\":\"https:\/\/aquaforest.eu\/de\/produkte\/seawater\/probiotische-methode\/bio-s\/#primaryimage\"},\"thumbnailUrl\":\"https:\/\/aquaforest.eu\/wp-content\/uploads\/2024\/06\/Bio-S-10-ml.png\",\"datePublished\":\"2024-06-27T00:08:51+00:00\",\"dateModified\":\"2025-06-17T08:12:21+00:00\",\"description\":\"Bio S: eine spezielle Formel f\u00fcr die schnelle und effektive Beseitigung von Ammoniak und Stickstoff aus dem Aquarium. Enth\u00e4lt St\u00e4mme von Nitrospirae- und Nitrobacteraceae-Bakterien, die den Stickstoffkreislauf unterst\u00fctzen.\",\"breadcrumb\":{\"@id\":\"https:\/\/aquaforest.eu\/de\/produkte\/seawater\/probiotische-methode\/bio-s\/#breadcrumb\"},\"inLanguage\":\"de\",\"potentialAction\":[{\"@type\":\"ReadAction\",\"target\":[\"https:\/\/aquaforest.eu\/de\/produkte\/seawater\/probiotische-methode\/bio-s\/\"]}]},{\"@type\":\"ImageObject\",\"inLanguage\":\"de\",\"@id\":\"https:\/\/aquaforest.eu\/de\/produkte\/seawater\/probiotische-methode\/bio-s\/#primaryimage\",\"url\":\"https:\/\/aquaforest.eu\/wp-content\/uploads\/2024\/06\/Bio-S-10-ml.png\",\"contentUrl\":\"https:\/\/aquaforest.eu\/wp-content\/uploads\/2024\/06\/Bio-S-10-ml.png\",\"width\":277,\"height\":600},{\"@type\":\"BreadcrumbList\",\"@id\":\"https:\/\/aquaforest.eu\/de\/produkte\/seawater\/probiotische-methode\/bio-s\/#breadcrumb\",\"itemListElement\":[{\"@type\":\"ListItem\",\"position\":1,\"name\":\"Home\",\"item\":\"https:\/\/aquaforest.eu\/de\/\"},{\"@type\":\"ListItem\",\"position\":2,\"name\":\"Produkte\",\"item\":\"https:\/\/aquaforest.eu\/de\/produkte\/\"},{\"@type\":\"ListItem\",\"position\":3,\"name\":\"Bio S\"}]},{\"@type\":\"WebSite\",\"@id\":\"https:\/\/aquaforest.eu\/de\/#website\",\"url\":\"https:\/\/aquaforest.eu\/de\/\",\"name\":\"Aquaforest\",\"description\":\"\",\"publisher\":{\"@id\":\"https:\/\/aquaforest.eu\/de\/#organization\"},\"potentialAction\":[{\"@type\":\"SearchAction\",\"target\":{\"@type\":\"EntryPoint\",\"urlTemplate\":\"https:\/\/aquaforest.eu\/de\/?s={search_term_string}\"},\"query-input\":{\"@type\":\"PropertyValueSpecification\",\"valueRequired\":true,\"valueName\":\"search_term_string\"}}],\"inLanguage\":\"de\"},{\"@type\":\"Organization\",\"@id\":\"https:\/\/aquaforest.eu\/de\/#organization\",\"name\":\"Aquaforest\",\"url\":\"https:\/\/aquaforest.eu\/de\/\",\"logo\":{\"@type\":\"ImageObject\",\"inLanguage\":\"de\",\"@id\":\"https:\/\/aquaforest.eu\/de\/#\/schema\/logo\/image\/\",\"url\":\"https:\/\/aquaforest.eu\/wp-content\/uploads\/2024\/05\/logotyp-aquaforest.svg\",\"contentUrl\":\"https:\/\/aquaforest.eu\/wp-content\/uploads\/2024\/05\/logotyp-aquaforest.svg\",\"width\":170,\"height\":22,\"caption\":\"Aquaforest\"},\"image\":{\"@id\":\"https:\/\/aquaforest.eu\/de\/#\/schema\/logo\/image\/\"},\"sameAs\":[\"https:\/\/www.facebook.com\/Aquaforest\/\",\"https:\/\/www.instagram.com\/aquaforest.eu\/\"]}]}<\/script>\n<!-- \/ Yoast SEO plugin. -->","yoast_head_json":{"title":"Bio S - Aquaforest","description":"Bio S: eine spezielle Formel f\u00fcr die schnelle und effektive Beseitigung von Ammoniak und Stickstoff aus dem Aquarium. Enth\u00e4lt St\u00e4mme von Nitrospirae- und Nitrobacteraceae-Bakterien, die den Stickstoffkreislauf unterst\u00fctzen.","robots":{"index":"index","follow":"follow","max-snippet":"max-snippet:-1","max-image-preview":"max-image-preview:large","max-video-preview":"max-video-preview:-1"},"canonical":"https:\/\/aquaforest.eu\/de\/produkte\/seawater\/probiotische-methode\/bio-s\/","og_locale":"de_DE","og_type":"article","og_title":"Bio S - Aquaforest","og_description":"Bio S: eine spezielle Formel f\u00fcr die schnelle und effektive Beseitigung von Ammoniak und Stickstoff aus dem Aquarium. Enth\u00e4lt St\u00e4mme von Nitrospirae- und Nitrobacteraceae-Bakterien, die den Stickstoffkreislauf unterst\u00fctzen.","og_url":"https:\/\/aquaforest.eu\/de\/produkte\/seawater\/probiotische-methode\/bio-s\/","og_site_name":"Aquaforest","article_publisher":"https:\/\/www.facebook.com\/Aquaforest\/","article_modified_time":"2025-06-17T08:12:21+00:00","og_image":[{"width":277,"height":600,"url":"https:\/\/aquaforest.eu\/wp-content\/uploads\/2024\/06\/Bio-S-10-ml.png","type":"image\/png"}],"twitter_card":"summary_large_image","twitter_misc":{"Gesch\u00e4tzte Lesezeit":"1\u00a0Minute"},"schema":{"@context":"https:\/\/schema.org","@graph":[{"@type":"WebPage","@id":"https:\/\/aquaforest.eu\/de\/produkte\/seawater\/probiotische-methode\/bio-s\/","url":"https:\/\/aquaforest.eu\/de\/produkte\/seawater\/probiotische-methode\/bio-s\/","name":"Bio S - Aquaforest","isPartOf":{"@id":"https:\/\/aquaforest.eu\/de\/#website"},"primaryImageOfPage":{"@id":"https:\/\/aquaforest.eu\/de\/produkte\/seawater\/probiotische-methode\/bio-s\/#primaryimage"},"image":{"@id":"https:\/\/aquaforest.eu\/de\/produkte\/seawater\/probiotische-methode\/bio-s\/#primaryimage"},"thumbnailUrl":"https:\/\/aquaforest.eu\/wp-content\/uploads\/2024\/06\/Bio-S-10-ml.png","datePublished":"2024-06-27T00:08:51+00:00","dateModified":"2025-06-17T08:12:21+00:00","description":"Bio S: eine spezielle Formel f\u00fcr die schnelle und effektive Beseitigung von Ammoniak und Stickstoff aus dem Aquarium. Enth\u00e4lt St\u00e4mme von Nitrospirae- und Nitrobacteraceae-Bakterien, die den Stickstoffkreislauf unterst\u00fctzen.","breadcrumb":{"@id":"https:\/\/aquaforest.eu\/de\/produkte\/seawater\/probiotische-methode\/bio-s\/#breadcrumb"},"inLanguage":"de","potentialAction":[{"@type":"ReadAction","target":["https:\/\/aquaforest.eu\/de\/produkte\/seawater\/probiotische-methode\/bio-s\/"]}]},{"@type":"ImageObject","inLanguage":"de","@id":"https:\/\/aquaforest.eu\/de\/produkte\/seawater\/probiotische-methode\/bio-s\/#primaryimage","url":"https:\/\/aquaforest.eu\/wp-content\/uploads\/2024\/06\/Bio-S-10-ml.png","contentUrl":"https:\/\/aquaforest.eu\/wp-content\/uploads\/2024\/06\/Bio-S-10-ml.png","width":277,"height":600},{"@type":"BreadcrumbList","@id":"https:\/\/aquaforest.eu\/de\/produkte\/seawater\/probiotische-methode\/bio-s\/#breadcrumb","itemListElement":[{"@type":"ListItem","position":1,"name":"Home","item":"https:\/\/aquaforest.eu\/de\/"},{"@type":"ListItem","position":2,"name":"Produkte","item":"https:\/\/aquaforest.eu\/de\/produkte\/"},{"@type":"ListItem","position":3,"name":"Bio S"}]},{"@type":"WebSite","@id":"https:\/\/aquaforest.eu\/de\/#website","url":"https:\/\/aquaforest.eu\/de\/","name":"Aquaforest","description":"","publisher":{"@id":"https:\/\/aquaforest.eu\/de\/#organization"},"potentialAction":[{"@type":"SearchAction","target":{"@type":"EntryPoint","urlTemplate":"https:\/\/aquaforest.eu\/de\/?s={search_term_string}"},"query-input":{"@type":"PropertyValueSpecification","valueRequired":true,"valueName":"search_term_string"}}],"inLanguage":"de"},{"@type":"Organization","@id":"https:\/\/aquaforest.eu\/de\/#organization","name":"Aquaforest","url":"https:\/\/aquaforest.eu\/de\/","logo":{"@type":"ImageObject","inLanguage":"de","@id":"https:\/\/aquaforest.eu\/de\/#\/schema\/logo\/image\/","url":"https:\/\/aquaforest.eu\/wp-content\/uploads\/2024\/05\/logotyp-aquaforest.svg","contentUrl":"https:\/\/aquaforest.eu\/wp-content\/uploads\/2024\/05\/logotyp-aquaforest.svg","width":170,"height":22,"caption":"Aquaforest"},"image":{"@id":"https:\/\/aquaforest.eu\/de\/#\/schema\/logo\/image\/"},"sameAs":["https:\/\/www.facebook.com\/Aquaforest\/","https:\/\/www.instagram.com\/aquaforest.eu\/"]}]}},"_links":{"self":[{"href":"https:\/\/aquaforest.eu\/de\/wp-json\/wp\/v2\/product\/11265","targetHints":{"allow":["GET"]}}],"collection":[{"href":"https:\/\/aquaforest.eu\/de\/wp-json\/wp\/v2\/product"}],"about":[{"href":"https:\/\/aquaforest.eu\/de\/wp-json\/wp\/v2\/types\/product"}],"version-history":[{"count":1,"href":"https:\/\/aquaforest.eu\/de\/wp-json\/wp\/v2\/product\/11265\/revisions"}],"predecessor-version":[{"id":22788,"href":"https:\/\/aquaforest.eu\/de\/wp-json\/wp\/v2\/product\/11265\/revisions\/22788"}],"wp:featuredmedia":[{"embeddable":true,"href":"https:\/\/aquaforest.eu\/de\/wp-json\/wp\/v2\/media\/11286"}],"wp:attachment":[{"href":"https:\/\/aquaforest.eu\/de\/wp-json\/wp\/v2\/media?parent=11265"}],"wp:term":[{"taxonomy":"product_brand","embeddable":true,"href":"https:\/\/aquaforest.eu\/de\/wp-json\/wp\/v2\/product_brand?post=11265"},{"taxonomy":"product_cat","embeddable":true,"href":"https:\/\/aquaforest.eu\/de\/wp-json\/wp\/v2\/product_cat?post=11265"},{"taxonomy":"product_tag","embeddable":true,"href":"https:\/\/aquaforest.eu\/de\/wp-json\/wp\/v2\/product_tag?post=11265"}],"curies":[{"name":"wp","href":"https:\/\/api.w.org\/{rel}","templated":true}]}}