{"id":11270,"date":"2024-06-27T01:40:32","date_gmt":"2024-06-26T23:40:32","guid":{"rendered":"https:\/\/aquaforest.eu\/products\/unkategorisiert\/reef-salt\/"},"modified":"2026-01-29T15:55:42","modified_gmt":"2026-01-29T14:55:42","slug":"reef-salt","status":"publish","type":"product","link":"https:\/\/aquaforest.eu\/de\/produkte\/seawater\/meersalze\/reef-salt\/","title":{"rendered":"Reef Salt"},"content":{"rendered":"<h4 class=\"fusion-responsive-typography-calculated\" data-fontsize=\"22\" data-lineheight=\"27.5px\"><span style=\"color: #000000;\">Premium-Meersalz f\u00fcr SPS- und LPS-Korallen<\/span><\/h4>\n<p>Vollsynthetisches Meersalz, das f\u00fcr Korallen in Aquakultur entwickelt wurde.<br \/>\nDiese Formel wurde entwickelt, um die besten Bedingungen f\u00fcr Meerestiere zu schaffen. Die Mikro- und Makron\u00e4hrstoffe in Aquaforest Reef Salt erf\u00fcllen den Bedarf der Korallen an richtigem Wachstum und Pigmentierung. Nachdem Sie das Salz aufgel\u00f6st haben, k\u00f6nnen Sie Ihr frisch zubereitetes Meerwasser sofort verwenden.<br \/>\nDie Salzmischung ist mit Aminos\u00e4uren und Vitamin C angereichert. Der Zusatz von Vitamin C f\u00f6rdert das Wachstum und hat positive Auswirkungen auf die allgemeine Gesundheit aller Aquarienbewohner.<\/p>\n<p>&nbsp;<\/p>\n<hr \/>\n<h4 data-fontsize=\"22\" data-lineheight=\"27.5px\"><\/h4>\n<h4 class=\"fusion-responsive-typography-calculated\" data-fontsize=\"22\" data-lineheight=\"27.5px\"><span style=\"color: #000000;\">Einfache Zubereitung und sofortige Verwendung von frisch zubereitetem Meerwasser<\/span><\/h4>\n<p><strong>Zubereitung:<\/strong> L\u00f6sen Sie das Salz in dem zuvor zubereiteten demineralisierten Wasser auf.<br \/>\nDie Wassertemperatur sollte etwa 24\u00b0C (75\u00b0F) betragen.<br \/>\nF\u00fcr einen Salzgehalt von 33 ppt (1,025 S.G.) l\u00f6sen Sie etwa 390 g (13,75 oz.) in 10 l (2,7 US gal) Wasser auf.<br \/>\nR\u00fchren Sie die L\u00f6sung etwa 15 Minuten lang kr\u00e4ftig um.<br \/>\nSobald sich das Salz vollst\u00e4ndig aufgel\u00f6st hat und die L\u00f6sung klar ist, ist das Salzwasser einsatzbereit.<br \/>\nBewahren Sie das Salz an einem trockenen und dunklen Ort auf.<br \/>\nVerwenden Sie das Salz innerhalb von 5 Tagen, sobald es sich aufgel\u00f6st hat.<br \/>\nDurch Verdunstung k\u00f6nnen sich die Wasserparameter ver\u00e4ndern. Bewahren Sie daher frisch gemischtes Salzwasser in einem verschlossenen Beh\u00e4lter auf, wenn Sie es nicht sofort verwenden.<br \/>\nSie sollten den Salzgehalt Ihres Salzwassers vor der Verwendung erneut \u00fcberpr\u00fcfen, wenn Sie es ein paar Tage lang aufbewahren.<br \/>\nDieses Produkt ist nur f\u00fcr den Gebrauch im Aquarium bestimmt.<br \/>\nNicht f\u00fcr den menschlichen Verzehr geeignet.<br \/>\nHalten Sie es von Kindern fern.<br \/>\nDas Sicherheitsdatenblatt ist auf Anfrage erh\u00e4ltlich.<\/p>\n<p>&nbsp;<\/p>\n<hr \/>\n<h4 data-fontsize=\"22\" data-lineheight=\"27.5px\"><\/h4>\n<h4 class=\"fusion-responsive-typography-calculated\" data-fontsize=\"22\" data-lineheight=\"27.5px\"><span style=\"color: #000000;\">Gr\u00fcndliche Tests und Qualit\u00e4tskontrolle unseres Meersalzsortiments<\/span><\/h4>\n<p><strong>Wissenswert:<\/strong> Die Produkte von Aquaforest werden in der EU unter strenger Laboraufsicht hergestellt, um die h\u00f6chsten Qualit\u00e4tsstandards zu erf\u00fcllen.<br \/>\nJedes Produkt wird aus sorgf\u00e4ltig ausgew\u00e4hlten Rohkomponenten in Mengen hergestellt, die nachweislich eine gleichbleibende Zusammensetzung ergeben.<\/p>\n<p>&nbsp;<\/p>\n<hr \/>\n<h4 data-fontsize=\"16.38\" data-lineheight=\"27.846px\"><\/h4>\n<h4 class=\"fusion-responsive-typography-calculated\" data-fontsize=\"16.38\" data-lineheight=\"27.846px\"><span style=\"color: #000000;\">Wie wird unsere Marine Salt Produktpalette getestet?<\/span><\/h4>\n<p><span style=\"font-weight: 400;\">Wir mischen unser Salz und nehmen von jeder 600-Kilo-Charge 3 Proben zum Testen. Jede dieser Proben wird in 15 Litern RO-Wasser aufgel\u00f6st. Mit der ICP-OES-Analyse pr\u00fcft unser Team, ob die Zusammensetzung einheitlich ist und unerw\u00fcnschte Verunreinigungen ausgeschlossen werden. Die Glaubw\u00fcrdigkeit der Ergebnisse wird durch zwei individuell kalibrierte Spektrometer der Spitzenklasse gew\u00e4hrleistet.<\/span><\/p>\n<p><span style=\"font-weight: 400;\">Die Testergebnisse f\u00fcr jedes Salz sind sofort auf unserer Website verf\u00fcgbar, <a href=\"https:\/\/aquaforest.eu\/de\/pruefen-sie-ihr-salz\/\">hier<\/a>.<\/span><\/p>\n<p>&nbsp;<\/p>\n<hr \/>\n<h4 class=\"fusion-responsive-typography-calculated\" data-fontsize=\"22\" data-lineheight=\"27.5px\"><\/h4>\n<h4 class=\"fusion-responsive-typography-calculated\" data-fontsize=\"16.38\" data-lineheight=\"27.846px\"><span style=\"color: #000000;\">Empfohlener Salzgehalt f\u00fcr verschiedene Aquarientypen:<\/span><\/h4>\n<p><img fetchpriority=\"high\" decoding=\"async\" class=\"alignnone wp-image-3489 size-full\" src=\"https:\/\/aquaforest.eu\/wp-content\/uploads\/2024\/06\/RS_aquarium-types.png\" alt=\"\" width=\"709\" height=\"202\" srcset=\"https:\/\/aquaforest.eu\/wp-content\/uploads\/2024\/06\/RS_aquarium-types.png 709w, https:\/\/aquaforest.eu\/wp-content\/uploads\/2024\/06\/RS_aquarium-types-300x85.png 300w, https:\/\/aquaforest.eu\/wp-content\/uploads\/2024\/06\/RS_aquarium-types-600x171.png 600w\" sizes=\"(max-width: 709px) 100vw, 709px\" \/><\/p>\n<h4 class=\"fusion-responsive-typography-calculated\" data-fontsize=\"16.38\" data-lineheight=\"27.846px\"><span style=\"color: #000000;\">Die Makro- und Mikroelemente im Wasser haben je nach Salzgehalt<br \/>\nunterschiedliche Werte:<\/span><\/h4>\n<p><img decoding=\"async\" class=\"alignnone wp-image-3488 size-full\" src=\"https:\/\/aquaforest.eu\/wp-content\/uploads\/2024\/06\/RS_micromacro.png\" alt=\"\" width=\"709\" height=\"202\" srcset=\"https:\/\/aquaforest.eu\/wp-content\/uploads\/2024\/06\/RS_micromacro.png 709w, https:\/\/aquaforest.eu\/wp-content\/uploads\/2024\/06\/RS_micromacro-300x85.png 300w, https:\/\/aquaforest.eu\/wp-content\/uploads\/2024\/06\/RS_micromacro-600x171.png 600w\" sizes=\"(max-width: 709px) 100vw, 709px\" \/><\/p>\n","protected":false},"excerpt":{"rendered":"<p>Das vielseitigste Salz, das sowohl f\u00fcr gemischte Riffe als auch f\u00fcr SPS geeignet ist. Die Salzmischung ist mit Aminos\u00e4uren und Vitamin C angereichert.<\/p>\n","protected":false},"featured_media":16843,"template":"","meta":{"_acf_changed":false,"content-type":""},"product_brand":[],"product_cat":[1154],"product_tag":[966,1106,1120,1417],"class_list":{"0":"post-11270","1":"product","2":"type-product","3":"status-publish","4":"has-post-thumbnail","6":"product_cat-meersalze","7":"product_tag-aquaforest-de","8":"product_tag-meersalze","9":"product_tag-meerwasser-aquarien","10":"product_tag-variable-de","12":"first","13":"instock","14":"taxable","15":"shipping-taxable","16":"purchasable","17":"product-type-variable","18":"has-default-attributes"},"acf":[],"yoast_head":"<!-- This site is optimized with the Yoast SEO plugin v27.1.1 - https:\/\/yoast.com\/product\/yoast-seo-wordpress\/ -->\n<title>Reef Salt - Aquaforest<\/title>\n<meta name=\"description\" content=\"Das beste Meersalz f\u00fcr Korallen: synthetisches Salz, das mit Blick auf optimale Bedingungen f\u00fcr Korallen entwickelt wurde. Ideale Mikro- und Makroelemente unterst\u00fctzen das Wachstum und die F\u00e4rbung der Korallen.\" \/>\n<meta name=\"robots\" content=\"index, follow, max-snippet:-1, max-image-preview:large, max-video-preview:-1\" \/>\n<link rel=\"canonical\" href=\"https:\/\/aquaforest.eu\/de\/produkte\/seawater\/meersalze\/reef-salt\/\" \/>\n<meta property=\"og:locale\" content=\"de_DE\" \/>\n<meta property=\"og:type\" content=\"article\" \/>\n<meta property=\"og:title\" content=\"Reef Salt - Aquaforest\" \/>\n<meta property=\"og:description\" content=\"Das beste Meersalz f\u00fcr Korallen: synthetisches Salz, das mit Blick auf optimale Bedingungen f\u00fcr Korallen entwickelt wurde. Ideale Mikro- und Makroelemente unterst\u00fctzen das Wachstum und die F\u00e4rbung der Korallen.\" \/>\n<meta property=\"og:url\" content=\"https:\/\/aquaforest.eu\/de\/produkte\/seawater\/meersalze\/reef-salt\/\" \/>\n<meta property=\"og:site_name\" content=\"Aquaforest\" \/>\n<meta property=\"article:publisher\" content=\"https:\/\/www.facebook.com\/Aquaforest\/\" \/>\n<meta property=\"article:modified_time\" content=\"2026-01-29T14:55:42+00:00\" \/>\n<meta property=\"og:image\" content=\"https:\/\/aquaforest.eu\/wp-content\/uploads\/2024\/06\/Reef-Salt-2kg.png\" \/>\n\t<meta property=\"og:image:width\" content=\"1800\" \/>\n\t<meta property=\"og:image:height\" content=\"1800\" \/>\n\t<meta property=\"og:image:type\" content=\"image\/png\" \/>\n<meta name=\"twitter:card\" content=\"summary_large_image\" \/>\n<meta name=\"twitter:label1\" content=\"Gesch\u00e4tzte Lesezeit\" \/>\n\t<meta name=\"twitter:data1\" content=\"3\u00a0Minuten\" \/>\n<script type=\"application\/ld+json\" class=\"yoast-schema-graph\">{\"@context\":\"https:\/\/schema.org\",\"@graph\":[{\"@type\":\"WebPage\",\"@id\":\"https:\/\/aquaforest.eu\/de\/produkte\/seawater\/meersalze\/reef-salt\/\",\"url\":\"https:\/\/aquaforest.eu\/de\/produkte\/seawater\/meersalze\/reef-salt\/\",\"name\":\"Reef Salt - Aquaforest\",\"isPartOf\":{\"@id\":\"https:\/\/aquaforest.eu\/de\/#website\"},\"primaryImageOfPage\":{\"@id\":\"https:\/\/aquaforest.eu\/de\/produkte\/seawater\/meersalze\/reef-salt\/#primaryimage\"},\"image\":{\"@id\":\"https:\/\/aquaforest.eu\/de\/produkte\/seawater\/meersalze\/reef-salt\/#primaryimage\"},\"thumbnailUrl\":\"https:\/\/aquaforest.eu\/wp-content\/uploads\/2024\/06\/Reef-Salt-2kg.png\",\"datePublished\":\"2024-06-26T23:40:32+00:00\",\"dateModified\":\"2026-01-29T14:55:42+00:00\",\"description\":\"Das beste Meersalz f\u00fcr Korallen: synthetisches Salz, das mit Blick auf optimale Bedingungen f\u00fcr Korallen entwickelt wurde. Ideale Mikro- und Makroelemente unterst\u00fctzen das Wachstum und die F\u00e4rbung der Korallen.\",\"breadcrumb\":{\"@id\":\"https:\/\/aquaforest.eu\/de\/produkte\/seawater\/meersalze\/reef-salt\/#breadcrumb\"},\"inLanguage\":\"de\",\"potentialAction\":[{\"@type\":\"ReadAction\",\"target\":[\"https:\/\/aquaforest.eu\/de\/produkte\/seawater\/meersalze\/reef-salt\/\"]}]},{\"@type\":\"ImageObject\",\"inLanguage\":\"de\",\"@id\":\"https:\/\/aquaforest.eu\/de\/produkte\/seawater\/meersalze\/reef-salt\/#primaryimage\",\"url\":\"https:\/\/aquaforest.eu\/wp-content\/uploads\/2024\/06\/Reef-Salt-2kg.png\",\"contentUrl\":\"https:\/\/aquaforest.eu\/wp-content\/uploads\/2024\/06\/Reef-Salt-2kg.png\",\"width\":1800,\"height\":1800},{\"@type\":\"BreadcrumbList\",\"@id\":\"https:\/\/aquaforest.eu\/de\/produkte\/seawater\/meersalze\/reef-salt\/#breadcrumb\",\"itemListElement\":[{\"@type\":\"ListItem\",\"position\":1,\"name\":\"Home\",\"item\":\"https:\/\/aquaforest.eu\/de\/\"},{\"@type\":\"ListItem\",\"position\":2,\"name\":\"Produkte\",\"item\":\"https:\/\/aquaforest.eu\/de\/produkte\/\"},{\"@type\":\"ListItem\",\"position\":3,\"name\":\"Reef Salt\"}]},{\"@type\":\"WebSite\",\"@id\":\"https:\/\/aquaforest.eu\/de\/#website\",\"url\":\"https:\/\/aquaforest.eu\/de\/\",\"name\":\"Aquaforest\",\"description\":\"\",\"publisher\":{\"@id\":\"https:\/\/aquaforest.eu\/de\/#organization\"},\"potentialAction\":[{\"@type\":\"SearchAction\",\"target\":{\"@type\":\"EntryPoint\",\"urlTemplate\":\"https:\/\/aquaforest.eu\/de\/?s={search_term_string}\"},\"query-input\":{\"@type\":\"PropertyValueSpecification\",\"valueRequired\":true,\"valueName\":\"search_term_string\"}}],\"inLanguage\":\"de\"},{\"@type\":\"Organization\",\"@id\":\"https:\/\/aquaforest.eu\/de\/#organization\",\"name\":\"Aquaforest\",\"url\":\"https:\/\/aquaforest.eu\/de\/\",\"logo\":{\"@type\":\"ImageObject\",\"inLanguage\":\"de\",\"@id\":\"https:\/\/aquaforest.eu\/de\/#\/schema\/logo\/image\/\",\"url\":\"https:\/\/aquaforest.eu\/wp-content\/uploads\/2024\/05\/logotyp-aquaforest.svg\",\"contentUrl\":\"https:\/\/aquaforest.eu\/wp-content\/uploads\/2024\/05\/logotyp-aquaforest.svg\",\"width\":170,\"height\":22,\"caption\":\"Aquaforest\"},\"image\":{\"@id\":\"https:\/\/aquaforest.eu\/de\/#\/schema\/logo\/image\/\"},\"sameAs\":[\"https:\/\/www.facebook.com\/Aquaforest\/\",\"https:\/\/www.instagram.com\/aquaforest.eu\/\"]}]}<\/script>\n<!-- \/ Yoast SEO plugin. -->","yoast_head_json":{"title":"Reef Salt - Aquaforest","description":"Das beste Meersalz f\u00fcr Korallen: synthetisches Salz, das mit Blick auf optimale Bedingungen f\u00fcr Korallen entwickelt wurde. Ideale Mikro- und Makroelemente unterst\u00fctzen das Wachstum und die F\u00e4rbung der Korallen.","robots":{"index":"index","follow":"follow","max-snippet":"max-snippet:-1","max-image-preview":"max-image-preview:large","max-video-preview":"max-video-preview:-1"},"canonical":"https:\/\/aquaforest.eu\/de\/produkte\/seawater\/meersalze\/reef-salt\/","og_locale":"de_DE","og_type":"article","og_title":"Reef Salt - Aquaforest","og_description":"Das beste Meersalz f\u00fcr Korallen: synthetisches Salz, das mit Blick auf optimale Bedingungen f\u00fcr Korallen entwickelt wurde. Ideale Mikro- und Makroelemente unterst\u00fctzen das Wachstum und die F\u00e4rbung der Korallen.","og_url":"https:\/\/aquaforest.eu\/de\/produkte\/seawater\/meersalze\/reef-salt\/","og_site_name":"Aquaforest","article_publisher":"https:\/\/www.facebook.com\/Aquaforest\/","article_modified_time":"2026-01-29T14:55:42+00:00","og_image":[{"width":1800,"height":1800,"url":"https:\/\/aquaforest.eu\/wp-content\/uploads\/2024\/06\/Reef-Salt-2kg.png","type":"image\/png"}],"twitter_card":"summary_large_image","twitter_misc":{"Gesch\u00e4tzte Lesezeit":"3\u00a0Minuten"},"schema":{"@context":"https:\/\/schema.org","@graph":[{"@type":"WebPage","@id":"https:\/\/aquaforest.eu\/de\/produkte\/seawater\/meersalze\/reef-salt\/","url":"https:\/\/aquaforest.eu\/de\/produkte\/seawater\/meersalze\/reef-salt\/","name":"Reef Salt - Aquaforest","isPartOf":{"@id":"https:\/\/aquaforest.eu\/de\/#website"},"primaryImageOfPage":{"@id":"https:\/\/aquaforest.eu\/de\/produkte\/seawater\/meersalze\/reef-salt\/#primaryimage"},"image":{"@id":"https:\/\/aquaforest.eu\/de\/produkte\/seawater\/meersalze\/reef-salt\/#primaryimage"},"thumbnailUrl":"https:\/\/aquaforest.eu\/wp-content\/uploads\/2024\/06\/Reef-Salt-2kg.png","datePublished":"2024-06-26T23:40:32+00:00","dateModified":"2026-01-29T14:55:42+00:00","description":"Das beste Meersalz f\u00fcr Korallen: synthetisches Salz, das mit Blick auf optimale Bedingungen f\u00fcr Korallen entwickelt wurde. Ideale Mikro- und Makroelemente unterst\u00fctzen das Wachstum und die F\u00e4rbung der Korallen.","breadcrumb":{"@id":"https:\/\/aquaforest.eu\/de\/produkte\/seawater\/meersalze\/reef-salt\/#breadcrumb"},"inLanguage":"de","potentialAction":[{"@type":"ReadAction","target":["https:\/\/aquaforest.eu\/de\/produkte\/seawater\/meersalze\/reef-salt\/"]}]},{"@type":"ImageObject","inLanguage":"de","@id":"https:\/\/aquaforest.eu\/de\/produkte\/seawater\/meersalze\/reef-salt\/#primaryimage","url":"https:\/\/aquaforest.eu\/wp-content\/uploads\/2024\/06\/Reef-Salt-2kg.png","contentUrl":"https:\/\/aquaforest.eu\/wp-content\/uploads\/2024\/06\/Reef-Salt-2kg.png","width":1800,"height":1800},{"@type":"BreadcrumbList","@id":"https:\/\/aquaforest.eu\/de\/produkte\/seawater\/meersalze\/reef-salt\/#breadcrumb","itemListElement":[{"@type":"ListItem","position":1,"name":"Home","item":"https:\/\/aquaforest.eu\/de\/"},{"@type":"ListItem","position":2,"name":"Produkte","item":"https:\/\/aquaforest.eu\/de\/produkte\/"},{"@type":"ListItem","position":3,"name":"Reef Salt"}]},{"@type":"WebSite","@id":"https:\/\/aquaforest.eu\/de\/#website","url":"https:\/\/aquaforest.eu\/de\/","name":"Aquaforest","description":"","publisher":{"@id":"https:\/\/aquaforest.eu\/de\/#organization"},"potentialAction":[{"@type":"SearchAction","target":{"@type":"EntryPoint","urlTemplate":"https:\/\/aquaforest.eu\/de\/?s={search_term_string}"},"query-input":{"@type":"PropertyValueSpecification","valueRequired":true,"valueName":"search_term_string"}}],"inLanguage":"de"},{"@type":"Organization","@id":"https:\/\/aquaforest.eu\/de\/#organization","name":"Aquaforest","url":"https:\/\/aquaforest.eu\/de\/","logo":{"@type":"ImageObject","inLanguage":"de","@id":"https:\/\/aquaforest.eu\/de\/#\/schema\/logo\/image\/","url":"https:\/\/aquaforest.eu\/wp-content\/uploads\/2024\/05\/logotyp-aquaforest.svg","contentUrl":"https:\/\/aquaforest.eu\/wp-content\/uploads\/2024\/05\/logotyp-aquaforest.svg","width":170,"height":22,"caption":"Aquaforest"},"image":{"@id":"https:\/\/aquaforest.eu\/de\/#\/schema\/logo\/image\/"},"sameAs":["https:\/\/www.facebook.com\/Aquaforest\/","https:\/\/www.instagram.com\/aquaforest.eu\/"]}]}},"_links":{"self":[{"href":"https:\/\/aquaforest.eu\/de\/wp-json\/wp\/v2\/product\/11270","targetHints":{"allow":["GET"]}}],"collection":[{"href":"https:\/\/aquaforest.eu\/de\/wp-json\/wp\/v2\/product"}],"about":[{"href":"https:\/\/aquaforest.eu\/de\/wp-json\/wp\/v2\/types\/product"}],"version-history":[{"count":3,"href":"https:\/\/aquaforest.eu\/de\/wp-json\/wp\/v2\/product\/11270\/revisions"}],"predecessor-version":[{"id":28395,"href":"https:\/\/aquaforest.eu\/de\/wp-json\/wp\/v2\/product\/11270\/revisions\/28395"}],"wp:featuredmedia":[{"embeddable":true,"href":"https:\/\/aquaforest.eu\/de\/wp-json\/wp\/v2\/media\/16843"}],"wp:attachment":[{"href":"https:\/\/aquaforest.eu\/de\/wp-json\/wp\/v2\/media?parent=11270"}],"wp:term":[{"taxonomy":"product_brand","embeddable":true,"href":"https:\/\/aquaforest.eu\/de\/wp-json\/wp\/v2\/product_brand?post=11270"},{"taxonomy":"product_cat","embeddable":true,"href":"https:\/\/aquaforest.eu\/de\/wp-json\/wp\/v2\/product_cat?post=11270"},{"taxonomy":"product_tag","embeddable":true,"href":"https:\/\/aquaforest.eu\/de\/wp-json\/wp\/v2\/product_tag?post=11270"}],"curies":[{"name":"wp","href":"https:\/\/api.w.org\/{rel}","templated":true}]}}