{"id":11278,"date":"2024-06-27T01:58:31","date_gmt":"2024-06-26T23:58:31","guid":{"rendered":"https:\/\/aquaforest.eu\/products\/unkategorisiert\/phosphate-minus\/"},"modified":"2024-10-24T10:48:32","modified_gmt":"2024-10-24T08:48:32","slug":"phosphate-minus","status":"publish","type":"product","link":"https:\/\/aquaforest.eu\/de\/produkte\/seawater\/wasseraufbereitung\/phosphate-minus\/","title":{"rendered":"Phosphate Minus"},"content":{"rendered":"<h4 class=\"fusion-responsive-typography-calculated\" data-fontsize=\"22\" data-lineheight=\"27.5px\"><span style=\"color: #000000;\">Effizientes Medium f\u00fcr Fluidisierungsfilter<\/span><\/h4>\n<p><span style=\"color: #000000;\">Effizientes Medium f\u00fcr <span class=\"hiddenSpellError\">Fluidisierungsfilter<\/span>. Zu viel Futter und Nahrungserg\u00e4nzungsmittel k\u00f6nnen die Ursache f\u00fcr zu hohe Phosphatwerte sein. Dank der einzigartigen Technologie reduziert Phosphate Minus effektiv den Phosphat- und Silikatgehalt in Meerwasseraquarien. <span class=\"hiddenGrammarError\">Seine<\/span> Adsorptionsf\u00e4higkeit erm\u00f6glicht die Bindung gro\u00dfer Phosphatmengen ohne negativen Einfluss auf die Aquarienbewohner.<\/span><\/p>\n<p>&nbsp;<\/p>\n<hr \/>\n<h4 data-fontsize=\"22\" data-lineheight=\"27.5px\"><\/h4>\n<h4 class=\"fusion-responsive-typography-calculated\" data-fontsize=\"22\" data-lineheight=\"27.5px\"><span style=\"color: #000000;\">Reduzieren Sie den Phosphat- und Silikatgehalt in einem Meerwasseraquarium<\/span><\/h4>\n<p><span style=\"color: #000000;\">Phosphate Minus wird sowohl f\u00fcr neue als auch f\u00fcr ausgewachsene Aquarien empfohlen. In frisch eingerichteten Aquarien verhindert es das Auftreten hoher Phosphatwerte und in ausgewachsenen Aquarien reduziert es die PO4-Werte und stabilisiert die Wasserchemie. Da es das biologische Gleichgewicht im Aquarium aufrechterh\u00e4lt, verhindert es die Bildung unerw\u00fcnschter Gr\u00fcnalgen und die Entwicklung von Cyanobakterien.<\/span><\/p>\n<p>&nbsp;<\/p>\n<hr \/>\n<h4 data-fontsize=\"22\" data-lineheight=\"27.5px\"><\/h4>\n<h4 class=\"fusion-responsive-typography-calculated\" data-fontsize=\"22\" data-lineheight=\"27.5px\"><span style=\"color: #000000;\">Wasserverh\u00e4ltnisse stabilisieren<\/span><\/h4>\n<p><span style=\"color: #000000;\"><strong>Dosierung<\/strong>: 25-100 ml pro 100 l (27 US gal) Wasser.<\/span><br \/>\n<span style=\"color: #000000;\">Phosphate Minus sollte in Medienreaktoren mit einem empfohlenen Wasserdurchfluss von mindestens 400 l\/Std. eingesetzt werden. Es ist auch f\u00fcr die passive Verwendung in Filtersocken geeignet. Phosphate Minus sollte alle 4 Wochen oder bei einem deutlichen Anstieg des Phosphatgehalts im Wasser ausgetauscht werden. Kurz nach dem Einsetzen in ein Filtersystem kann das Produkt das Wasser leicht f\u00e4rben. Obwohl Phosphate Minus vor dem Gebrauch nicht ausgesp\u00fclt werden sollte, ist der braune Staub ein aktiver Phosphatentferner und v\u00f6llig unsch\u00e4dlich f\u00fcr das Wasserleben. Die Braunf\u00e4rbung des Wassers wird nach kurzer Zeit verschwinden. Wenn Sie das Produkt in einem <span class=\"hiddenSpellError\">RODI-Wasser<\/span> aussp\u00fclen, verringert sich seine Wirksamkeit.<\/span><\/p>\n","protected":false},"excerpt":{"rendered":"<p>Reduziert den Phosphat- und Silikatgehalt in Meerwasseraquarien.<br \/>\nBindet gro\u00dfe Mengen an PO4 ohne negative Auswirkungen auf die Aquarienbewohner.<\/p>\n","protected":false},"featured_media":11285,"template":"","meta":{"_acf_changed":false,"content-type":""},"product_brand":[],"product_cat":[1158],"product_tag":[966,1120,1417,1097],"class_list":{"0":"post-11278","1":"product","2":"type-product","3":"status-publish","4":"has-post-thumbnail","6":"product_cat-wasseraufbereitung","7":"product_tag-aquaforest-de","8":"product_tag-meerwasser-aquarien","9":"product_tag-variable-de","10":"product_tag-wasserversorgung","12":"first","13":"instock","14":"taxable","15":"shipping-taxable","16":"purchasable","17":"product-type-variable","18":"has-default-attributes"},"acf":[],"yoast_head":"<!-- This site is optimized with the Yoast SEO plugin v27.1.1 - https:\/\/yoast.com\/product\/yoast-seo-wordpress\/ -->\n<title>Phosphate Minus - Aquaforest<\/title>\n<meta name=\"description\" content=\"Phosphate Minus: effektives Medium f\u00fcr Wirbelfilter, reduziert den Phosphat- und Silikatgehalt in Meerwasseraquarien und bindet diese, ohne die Aquarienbewohner zu beeintr\u00e4chtigen.\" \/>\n<meta name=\"robots\" content=\"index, follow, max-snippet:-1, max-image-preview:large, max-video-preview:-1\" \/>\n<link rel=\"canonical\" href=\"https:\/\/aquaforest.eu\/de\/produkte\/seawater\/wasseraufbereitung\/phosphate-minus\/\" \/>\n<meta property=\"og:locale\" content=\"de_DE\" \/>\n<meta property=\"og:type\" content=\"article\" \/>\n<meta property=\"og:title\" content=\"Phosphate Minus - Aquaforest\" \/>\n<meta property=\"og:description\" content=\"Phosphate Minus: effektives Medium f\u00fcr Wirbelfilter, reduziert den Phosphat- und Silikatgehalt in Meerwasseraquarien und bindet diese, ohne die Aquarienbewohner zu beeintr\u00e4chtigen.\" \/>\n<meta property=\"og:url\" content=\"https:\/\/aquaforest.eu\/de\/produkte\/seawater\/wasseraufbereitung\/phosphate-minus\/\" \/>\n<meta property=\"og:site_name\" content=\"Aquaforest\" \/>\n<meta property=\"article:publisher\" content=\"https:\/\/www.facebook.com\/Aquaforest\/\" \/>\n<meta property=\"article:modified_time\" content=\"2024-10-24T08:48:32+00:00\" \/>\n<meta property=\"og:image\" content=\"https:\/\/aquaforest.eu\/wp-content\/uploads\/2024\/06\/Phosphate-Minus-1000ml.png\" \/>\n\t<meta property=\"og:image:width\" content=\"439\" \/>\n\t<meta property=\"og:image:height\" content=\"600\" \/>\n\t<meta property=\"og:image:type\" content=\"image\/png\" \/>\n<meta name=\"twitter:card\" content=\"summary_large_image\" \/>\n<meta name=\"twitter:label1\" content=\"Gesch\u00e4tzte Lesezeit\" \/>\n\t<meta name=\"twitter:data1\" content=\"2\u00a0Minuten\" \/>\n<script type=\"application\/ld+json\" class=\"yoast-schema-graph\">{\"@context\":\"https:\/\/schema.org\",\"@graph\":[{\"@type\":\"WebPage\",\"@id\":\"https:\/\/aquaforest.eu\/de\/produkte\/seawater\/wasseraufbereitung\/phosphate-minus\/\",\"url\":\"https:\/\/aquaforest.eu\/de\/produkte\/seawater\/wasseraufbereitung\/phosphate-minus\/\",\"name\":\"Phosphate Minus - Aquaforest\",\"isPartOf\":{\"@id\":\"https:\/\/aquaforest.eu\/de\/#website\"},\"primaryImageOfPage\":{\"@id\":\"https:\/\/aquaforest.eu\/de\/produkte\/seawater\/wasseraufbereitung\/phosphate-minus\/#primaryimage\"},\"image\":{\"@id\":\"https:\/\/aquaforest.eu\/de\/produkte\/seawater\/wasseraufbereitung\/phosphate-minus\/#primaryimage\"},\"thumbnailUrl\":\"https:\/\/aquaforest.eu\/wp-content\/uploads\/2024\/06\/Phosphate-Minus-1000ml.png\",\"datePublished\":\"2024-06-26T23:58:31+00:00\",\"dateModified\":\"2024-10-24T08:48:32+00:00\",\"description\":\"Phosphate Minus: effektives Medium f\u00fcr Wirbelfilter, reduziert den Phosphat- und Silikatgehalt in Meerwasseraquarien und bindet diese, ohne die Aquarienbewohner zu beeintr\u00e4chtigen.\",\"breadcrumb\":{\"@id\":\"https:\/\/aquaforest.eu\/de\/produkte\/seawater\/wasseraufbereitung\/phosphate-minus\/#breadcrumb\"},\"inLanguage\":\"de\",\"potentialAction\":[{\"@type\":\"ReadAction\",\"target\":[\"https:\/\/aquaforest.eu\/de\/produkte\/seawater\/wasseraufbereitung\/phosphate-minus\/\"]}]},{\"@type\":\"ImageObject\",\"inLanguage\":\"de\",\"@id\":\"https:\/\/aquaforest.eu\/de\/produkte\/seawater\/wasseraufbereitung\/phosphate-minus\/#primaryimage\",\"url\":\"https:\/\/aquaforest.eu\/wp-content\/uploads\/2024\/06\/Phosphate-Minus-1000ml.png\",\"contentUrl\":\"https:\/\/aquaforest.eu\/wp-content\/uploads\/2024\/06\/Phosphate-Minus-1000ml.png\",\"width\":439,\"height\":600},{\"@type\":\"BreadcrumbList\",\"@id\":\"https:\/\/aquaforest.eu\/de\/produkte\/seawater\/wasseraufbereitung\/phosphate-minus\/#breadcrumb\",\"itemListElement\":[{\"@type\":\"ListItem\",\"position\":1,\"name\":\"Home\",\"item\":\"https:\/\/aquaforest.eu\/de\/\"},{\"@type\":\"ListItem\",\"position\":2,\"name\":\"Produkte\",\"item\":\"https:\/\/aquaforest.eu\/de\/produkte\/\"},{\"@type\":\"ListItem\",\"position\":3,\"name\":\"Phosphate Minus\"}]},{\"@type\":\"WebSite\",\"@id\":\"https:\/\/aquaforest.eu\/de\/#website\",\"url\":\"https:\/\/aquaforest.eu\/de\/\",\"name\":\"Aquaforest\",\"description\":\"\",\"publisher\":{\"@id\":\"https:\/\/aquaforest.eu\/de\/#organization\"},\"potentialAction\":[{\"@type\":\"SearchAction\",\"target\":{\"@type\":\"EntryPoint\",\"urlTemplate\":\"https:\/\/aquaforest.eu\/de\/?s={search_term_string}\"},\"query-input\":{\"@type\":\"PropertyValueSpecification\",\"valueRequired\":true,\"valueName\":\"search_term_string\"}}],\"inLanguage\":\"de\"},{\"@type\":\"Organization\",\"@id\":\"https:\/\/aquaforest.eu\/de\/#organization\",\"name\":\"Aquaforest\",\"url\":\"https:\/\/aquaforest.eu\/de\/\",\"logo\":{\"@type\":\"ImageObject\",\"inLanguage\":\"de\",\"@id\":\"https:\/\/aquaforest.eu\/de\/#\/schema\/logo\/image\/\",\"url\":\"https:\/\/aquaforest.eu\/wp-content\/uploads\/2024\/05\/logotyp-aquaforest.svg\",\"contentUrl\":\"https:\/\/aquaforest.eu\/wp-content\/uploads\/2024\/05\/logotyp-aquaforest.svg\",\"width\":170,\"height\":22,\"caption\":\"Aquaforest\"},\"image\":{\"@id\":\"https:\/\/aquaforest.eu\/de\/#\/schema\/logo\/image\/\"},\"sameAs\":[\"https:\/\/www.facebook.com\/Aquaforest\/\",\"https:\/\/www.instagram.com\/aquaforest.eu\/\"]}]}<\/script>\n<!-- \/ Yoast SEO plugin. -->","yoast_head_json":{"title":"Phosphate Minus - Aquaforest","description":"Phosphate Minus: effektives Medium f\u00fcr Wirbelfilter, reduziert den Phosphat- und Silikatgehalt in Meerwasseraquarien und bindet diese, ohne die Aquarienbewohner zu beeintr\u00e4chtigen.","robots":{"index":"index","follow":"follow","max-snippet":"max-snippet:-1","max-image-preview":"max-image-preview:large","max-video-preview":"max-video-preview:-1"},"canonical":"https:\/\/aquaforest.eu\/de\/produkte\/seawater\/wasseraufbereitung\/phosphate-minus\/","og_locale":"de_DE","og_type":"article","og_title":"Phosphate Minus - Aquaforest","og_description":"Phosphate Minus: effektives Medium f\u00fcr Wirbelfilter, reduziert den Phosphat- und Silikatgehalt in Meerwasseraquarien und bindet diese, ohne die Aquarienbewohner zu beeintr\u00e4chtigen.","og_url":"https:\/\/aquaforest.eu\/de\/produkte\/seawater\/wasseraufbereitung\/phosphate-minus\/","og_site_name":"Aquaforest","article_publisher":"https:\/\/www.facebook.com\/Aquaforest\/","article_modified_time":"2024-10-24T08:48:32+00:00","og_image":[{"width":439,"height":600,"url":"https:\/\/aquaforest.eu\/wp-content\/uploads\/2024\/06\/Phosphate-Minus-1000ml.png","type":"image\/png"}],"twitter_card":"summary_large_image","twitter_misc":{"Gesch\u00e4tzte Lesezeit":"2\u00a0Minuten"},"schema":{"@context":"https:\/\/schema.org","@graph":[{"@type":"WebPage","@id":"https:\/\/aquaforest.eu\/de\/produkte\/seawater\/wasseraufbereitung\/phosphate-minus\/","url":"https:\/\/aquaforest.eu\/de\/produkte\/seawater\/wasseraufbereitung\/phosphate-minus\/","name":"Phosphate Minus - Aquaforest","isPartOf":{"@id":"https:\/\/aquaforest.eu\/de\/#website"},"primaryImageOfPage":{"@id":"https:\/\/aquaforest.eu\/de\/produkte\/seawater\/wasseraufbereitung\/phosphate-minus\/#primaryimage"},"image":{"@id":"https:\/\/aquaforest.eu\/de\/produkte\/seawater\/wasseraufbereitung\/phosphate-minus\/#primaryimage"},"thumbnailUrl":"https:\/\/aquaforest.eu\/wp-content\/uploads\/2024\/06\/Phosphate-Minus-1000ml.png","datePublished":"2024-06-26T23:58:31+00:00","dateModified":"2024-10-24T08:48:32+00:00","description":"Phosphate Minus: effektives Medium f\u00fcr Wirbelfilter, reduziert den Phosphat- und Silikatgehalt in Meerwasseraquarien und bindet diese, ohne die Aquarienbewohner zu beeintr\u00e4chtigen.","breadcrumb":{"@id":"https:\/\/aquaforest.eu\/de\/produkte\/seawater\/wasseraufbereitung\/phosphate-minus\/#breadcrumb"},"inLanguage":"de","potentialAction":[{"@type":"ReadAction","target":["https:\/\/aquaforest.eu\/de\/produkte\/seawater\/wasseraufbereitung\/phosphate-minus\/"]}]},{"@type":"ImageObject","inLanguage":"de","@id":"https:\/\/aquaforest.eu\/de\/produkte\/seawater\/wasseraufbereitung\/phosphate-minus\/#primaryimage","url":"https:\/\/aquaforest.eu\/wp-content\/uploads\/2024\/06\/Phosphate-Minus-1000ml.png","contentUrl":"https:\/\/aquaforest.eu\/wp-content\/uploads\/2024\/06\/Phosphate-Minus-1000ml.png","width":439,"height":600},{"@type":"BreadcrumbList","@id":"https:\/\/aquaforest.eu\/de\/produkte\/seawater\/wasseraufbereitung\/phosphate-minus\/#breadcrumb","itemListElement":[{"@type":"ListItem","position":1,"name":"Home","item":"https:\/\/aquaforest.eu\/de\/"},{"@type":"ListItem","position":2,"name":"Produkte","item":"https:\/\/aquaforest.eu\/de\/produkte\/"},{"@type":"ListItem","position":3,"name":"Phosphate Minus"}]},{"@type":"WebSite","@id":"https:\/\/aquaforest.eu\/de\/#website","url":"https:\/\/aquaforest.eu\/de\/","name":"Aquaforest","description":"","publisher":{"@id":"https:\/\/aquaforest.eu\/de\/#organization"},"potentialAction":[{"@type":"SearchAction","target":{"@type":"EntryPoint","urlTemplate":"https:\/\/aquaforest.eu\/de\/?s={search_term_string}"},"query-input":{"@type":"PropertyValueSpecification","valueRequired":true,"valueName":"search_term_string"}}],"inLanguage":"de"},{"@type":"Organization","@id":"https:\/\/aquaforest.eu\/de\/#organization","name":"Aquaforest","url":"https:\/\/aquaforest.eu\/de\/","logo":{"@type":"ImageObject","inLanguage":"de","@id":"https:\/\/aquaforest.eu\/de\/#\/schema\/logo\/image\/","url":"https:\/\/aquaforest.eu\/wp-content\/uploads\/2024\/05\/logotyp-aquaforest.svg","contentUrl":"https:\/\/aquaforest.eu\/wp-content\/uploads\/2024\/05\/logotyp-aquaforest.svg","width":170,"height":22,"caption":"Aquaforest"},"image":{"@id":"https:\/\/aquaforest.eu\/de\/#\/schema\/logo\/image\/"},"sameAs":["https:\/\/www.facebook.com\/Aquaforest\/","https:\/\/www.instagram.com\/aquaforest.eu\/"]}]}},"_links":{"self":[{"href":"https:\/\/aquaforest.eu\/de\/wp-json\/wp\/v2\/product\/11278","targetHints":{"allow":["GET"]}}],"collection":[{"href":"https:\/\/aquaforest.eu\/de\/wp-json\/wp\/v2\/product"}],"about":[{"href":"https:\/\/aquaforest.eu\/de\/wp-json\/wp\/v2\/types\/product"}],"version-history":[{"count":0,"href":"https:\/\/aquaforest.eu\/de\/wp-json\/wp\/v2\/product\/11278\/revisions"}],"wp:featuredmedia":[{"embeddable":true,"href":"https:\/\/aquaforest.eu\/de\/wp-json\/wp\/v2\/media\/11285"}],"wp:attachment":[{"href":"https:\/\/aquaforest.eu\/de\/wp-json\/wp\/v2\/media?parent=11278"}],"wp:term":[{"taxonomy":"product_brand","embeddable":true,"href":"https:\/\/aquaforest.eu\/de\/wp-json\/wp\/v2\/product_brand?post=11278"},{"taxonomy":"product_cat","embeddable":true,"href":"https:\/\/aquaforest.eu\/de\/wp-json\/wp\/v2\/product_cat?post=11278"},{"taxonomy":"product_tag","embeddable":true,"href":"https:\/\/aquaforest.eu\/de\/wp-json\/wp\/v2\/product_tag?post=11278"}],"curies":[{"name":"wp","href":"https:\/\/api.w.org\/{rel}","templated":true}]}}