{"id":11309,"date":"2024-06-27T01:39:17","date_gmt":"2024-06-26T23:39:17","guid":{"rendered":"https:\/\/aquaforest.eu\/products\/unkategorisiert\/riffsalz-plus\/"},"modified":"2025-03-26T11:18:07","modified_gmt":"2025-03-26T10:18:07","slug":"reef-salt-plus","status":"publish","type":"product","link":"https:\/\/aquaforest.eu\/de\/produkte\/seawater\/meersalze\/reef-salt-plus\/","title":{"rendered":"Reef Salt Plus"},"content":{"rendered":"<p>F\u00fcr Aquarianer mit voll ausgestatteten Riffbecken ist Reef Salt+ das ideale Salz f\u00fcr Sie. Mit einem erh\u00f6hten Gehalt an ionisch ausgeglichenen wichtigen Makron\u00e4hrstoffen wie Alkalinit\u00e4t, Kalzium und Magnesium wurde es entwickelt, um selbst mit den n\u00e4hrstoffintensivsten und schnell wachsenden Korallenkolonien Schritt zu halten.<\/p>\n<p>Im Gegensatz zur nat\u00fcrlichen Umgebung eines Riffs, in der Mikro- und Makron\u00e4hrstoffe im \u00dcberfluss vorhanden sind, ist ein Aquarium ein geschlossenes \u00d6kosystem, in dem wertvolle Mikro- und Makrospurenelemente von den Korallen st\u00e4ndig in unterschiedlichem Ma\u00dfe verbraucht werden.<br \/>\nDer st\u00e4ndige Zugang zu Makron\u00e4hrstoffen ist einer der wichtigsten Aspekte bei der Haltung eines gesunden und stabilen Riffaquariums.<br \/>\nWenn Sie die Mikroelemente nicht einzeln dosieren, helfen regelm\u00e4\u00dfige Wasserwechsel mit Reef Salt + dabei, diese wertvollen Elemente in einem ausgewogenen Verh\u00e4ltnis wieder dem Wasser zuzuf\u00fchren, damit die Korallen sie aufnehmen und ihr Wachstum, ihre F\u00e4rbung und ihre Immunit\u00e4t f\u00f6rdern k\u00f6nnen.<\/p>\n<p>&nbsp;<\/p>\n<hr \/>\n<p>&nbsp;<\/p>\n<p><strong>Was macht Reef Salt+ einzigartig?<\/strong><\/p>\n<p>Die einzigartige Formel von Reef Salt + wurde nach jahrelanger Forschung \u00fcber das Wachstum von Korallen bei unterschiedlichen Parametern und Koloniegr\u00f6\u00dfen entwickelt. Aufgrund unserer Beobachtungen haben wir dieses Produkt f\u00fcr diejenigen entwickelt, die \u00fcber ein voll ausgestattetes Aquarium verf\u00fcgen und die Bed\u00fcrfnisse ihrer Korallen befriedigen m\u00f6chten.<\/p>\n<ul>\n<li>Entwickelt f\u00fcr Aquarien mit vollem LPS- oder SPS-Korallenbesatz<\/li>\n<li>Erh\u00f6hte Werte f\u00fcr Alkalinit\u00e4t, Kalzium und Magnesium<\/li>\n<li>Die reichhaltige Zusammensetzung an Spurenelementen erm\u00f6glicht Ihnen die Reduzierung zus\u00e4tzlicher Dosierungen zur Korrektur von Unterschieden in den Wasserparametern<\/li>\n<\/ul>\n<p>Der Schl\u00fcssel zum Erfolg von Meerwasseraquarien liegt in stabilen Parametern. Die Verwendung von Reef Salt+ bei regelm\u00e4\u00dfigen 10%igen Wasserwechseln schafft daher optimale Bedingungen f\u00fcr das Wachstum und die Entwicklung von Korallen.<br \/>\nHochwertiges Salz unterst\u00fctzt nicht nur ein besseres Wachstum, es f\u00f6rdert auch den Aufbau neuer Skelette, den Ionenaustausch, verbessert die F\u00e4rbung und den nat\u00fcrlichen Photosyntheseprozess.<\/p>\n<p>&nbsp;<\/p>\n<hr \/>\n<p>&nbsp;<\/p>\n<p><strong>Dosierung und Lagerung<\/strong><\/p>\n<ul>\n<li>F\u00fcr eine optimale Verwendung sollte Reef Salt+ in RODI-Wasser bei einer Temperatur zwischen 24-25\u00b0C (75-77\u00b0F) und einem Salzgehalt von 33 ppt (1,025 S.G.) aufgel\u00f6st werden.<\/li>\n<li>L\u00f6sen Sie 390 Gramm Salz in 10 Litern RODI-Wasser auf.<\/li>\n<li>Mischen Sie etwa 15 Minuten lang.<br \/>\nSobald das Salzwasser vollst\u00e4ndig aufgel\u00f6st ist, kann es sofort verwendet werden.<\/li>\n<li>Das gel\u00f6ste Salz sollte innerhalb von 3 Tagen aufgebraucht werden.<br \/>\nDie Verdunstung ver\u00e4ndert die Parameter des Wassers. Halten Sie das zubereitete Salzwasser daher gut verschlossen.<br \/>\nWenn Sie es f\u00fcr mehrere Tage aufbewahren, \u00fcberpr\u00fcfen Sie den Salzgehalt vor der Verwendung<\/li>\n<li>Sicherheitsdatenblatt auf Anfrage erh\u00e4ltlich<\/li>\n<\/ul>\n<p><b>Wie testen wir unser Salz?<\/b><\/p>\n<p><span style=\"font-weight: 400;\">Wir mischen unser Salz und nehmen von jeder 600-Kilo-Charge 3 Proben zum Testen. Jede dieser Proben wird in 15 Litern RO-Wasser aufgel\u00f6st. Mit der ICP-OES-Analyse pr\u00fcft unser Team, ob die Zusammensetzung einheitlich ist und unerw\u00fcnschte Verunreinigungen ausgeschlossen werden. Die Glaubw\u00fcrdigkeit der Ergebnisse wird durch zwei individuell kalibrierte Spektrometer der Spitzenklasse gew\u00e4hrleistet.<\/span><\/p>\n<p><span style=\"font-weight: 400;\">Die Testergebnisse f\u00fcr jedes Salz sind sofort auf unserer Website verf\u00fcgbar, <\/span><a href=\"http:\/\/aquaforest.eu\/icp-oes\"><span style=\"font-weight: 400;\">hier<\/span><\/a><span style=\"font-weight: 400;\">.<\/span><\/p>\n<p>&nbsp;<\/p>\n<hr \/>\n<p>&nbsp;<\/p>\n<p><strong>Empfohlener Salzgehalt f\u00fcr verschiedene Aquarientypen:<\/strong><\/p>\n<p><img fetchpriority=\"high\" decoding=\"async\" class=\"alignnone wp-image-3485 size-full\" src=\"https:\/\/aquaforest.eu\/wp-content\/uploads\/2024\/06\/Reef-Salt_tabelka_1_709x200.png\" alt=\"\" width=\"709\" height=\"218\" srcset=\"https:\/\/aquaforest.eu\/wp-content\/uploads\/2024\/06\/Reef-Salt_tabelka_1_709x200.png 709w, https:\/\/aquaforest.eu\/wp-content\/uploads\/2024\/06\/Reef-Salt_tabelka_1_709x200-300x92.png 300w, https:\/\/aquaforest.eu\/wp-content\/uploads\/2024\/06\/Reef-Salt_tabelka_1_709x200-600x184.png 600w\" sizes=\"(max-width: 709px) 100vw, 709px\" \/><\/p>\n<p><strong>Makro- und Mikroelemente im Wasser haben je nach Salzgehalt unterschiedliche Werte:<\/strong><\/p>\n<p><img decoding=\"async\" class=\"alignnone wp-image-3484 size-full\" src=\"https:\/\/aquaforest.eu\/wp-content\/uploads\/2024\/06\/Reef-Salt_tabelka_2_709x200.png\" alt=\"\" width=\"709\" height=\"218\" srcset=\"https:\/\/aquaforest.eu\/wp-content\/uploads\/2024\/06\/Reef-Salt_tabelka_2_709x200.png 709w, https:\/\/aquaforest.eu\/wp-content\/uploads\/2024\/06\/Reef-Salt_tabelka_2_709x200-300x92.png 300w, https:\/\/aquaforest.eu\/wp-content\/uploads\/2024\/06\/Reef-Salt_tabelka_2_709x200-600x184.png 600w\" sizes=\"(max-width: 709px) 100vw, 709px\" \/><\/p>\n<p><strong>Vergleich<\/strong><\/p>\n<p>&nbsp;<\/p>\n<p><img decoding=\"async\" class=\"alignnone wp-image-3486 size-full\" src=\"https:\/\/aquaforest.eu\/wp-content\/uploads\/2024\/06\/tabelka-nowe-sole-768x268-1.png\" alt=\"\" width=\"768\" height=\"268\" srcset=\"https:\/\/aquaforest.eu\/wp-content\/uploads\/2024\/06\/tabelka-nowe-sole-768x268-1.png 768w, https:\/\/aquaforest.eu\/wp-content\/uploads\/2024\/06\/tabelka-nowe-sole-768x268-1-300x105.png 300w, https:\/\/aquaforest.eu\/wp-content\/uploads\/2024\/06\/tabelka-nowe-sole-768x268-1-600x209.png 600w\" sizes=\"(max-width: 768px) 100vw, 768px\" \/><\/p>\n","protected":false},"excerpt":{"rendered":"<p>Salz mit einem erh\u00f6hten Gehalt an ionisch ausgeglichenen wichtigen Makron\u00e4hrstoffen wie Alkalinit\u00e4t, Kalzium und Magnesium.<\/p>\n","protected":false},"featured_media":16847,"template":"","meta":{"_acf_changed":false,"content-type":""},"product_brand":[],"product_cat":[1154],"product_tag":[966,1106,1120,1417],"class_list":{"0":"post-11309","1":"product","2":"type-product","3":"status-publish","4":"has-post-thumbnail","6":"product_cat-meersalze","7":"product_tag-aquaforest-de","8":"product_tag-meersalze","9":"product_tag-meerwasser-aquarien","10":"product_tag-variable-de","12":"first","13":"instock","14":"taxable","15":"shipping-taxable","16":"purchasable","17":"product-type-variable","18":"has-default-attributes"},"acf":[],"yoast_head":"<!-- This site is optimized with the Yoast SEO plugin v27.1.1 - https:\/\/yoast.com\/product\/yoast-seo-wordpress\/ -->\n<title>Reef Salt Plus - Aquaforest<\/title>\n<meta name=\"description\" content=\"Reef Salt+: das hochwertigste Salz f\u00fcr Korallenaquarien, das ideale Konzentrationen von Makroelementen f\u00fcr ein schnelles Koloniewachstum liefert.\" \/>\n<meta name=\"robots\" content=\"index, follow, max-snippet:-1, max-image-preview:large, max-video-preview:-1\" \/>\n<link rel=\"canonical\" href=\"https:\/\/aquaforest.eu\/de\/produkte\/seawater\/meersalze\/reef-salt-plus\/\" \/>\n<meta property=\"og:locale\" content=\"de_DE\" \/>\n<meta property=\"og:type\" content=\"article\" \/>\n<meta property=\"og:title\" content=\"Reef Salt Plus - Aquaforest\" \/>\n<meta property=\"og:description\" content=\"Reef Salt+: das hochwertigste Salz f\u00fcr Korallenaquarien, das ideale Konzentrationen von Makroelementen f\u00fcr ein schnelles Koloniewachstum liefert.\" \/>\n<meta property=\"og:url\" content=\"https:\/\/aquaforest.eu\/de\/produkte\/seawater\/meersalze\/reef-salt-plus\/\" \/>\n<meta property=\"og:site_name\" content=\"Aquaforest\" \/>\n<meta property=\"article:publisher\" content=\"https:\/\/www.facebook.com\/Aquaforest\/\" \/>\n<meta property=\"article:modified_time\" content=\"2025-03-26T10:18:07+00:00\" \/>\n<meta property=\"og:image\" content=\"https:\/\/aquaforest.eu\/wp-content\/uploads\/2024\/06\/Reef-Salt-22kg-1.png\" \/>\n\t<meta property=\"og:image:width\" content=\"1800\" \/>\n\t<meta property=\"og:image:height\" content=\"1800\" \/>\n\t<meta property=\"og:image:type\" content=\"image\/png\" \/>\n<meta name=\"twitter:card\" content=\"summary_large_image\" \/>\n<meta name=\"twitter:label1\" content=\"Gesch\u00e4tzte Lesezeit\" \/>\n\t<meta name=\"twitter:data1\" content=\"3\u00a0Minuten\" \/>\n<script type=\"application\/ld+json\" class=\"yoast-schema-graph\">{\"@context\":\"https:\/\/schema.org\",\"@graph\":[{\"@type\":\"WebPage\",\"@id\":\"https:\/\/aquaforest.eu\/de\/produkte\/seawater\/meersalze\/reef-salt-plus\/\",\"url\":\"https:\/\/aquaforest.eu\/de\/produkte\/seawater\/meersalze\/reef-salt-plus\/\",\"name\":\"Reef Salt Plus - Aquaforest\",\"isPartOf\":{\"@id\":\"https:\/\/aquaforest.eu\/de\/#website\"},\"primaryImageOfPage\":{\"@id\":\"https:\/\/aquaforest.eu\/de\/produkte\/seawater\/meersalze\/reef-salt-plus\/#primaryimage\"},\"image\":{\"@id\":\"https:\/\/aquaforest.eu\/de\/produkte\/seawater\/meersalze\/reef-salt-plus\/#primaryimage\"},\"thumbnailUrl\":\"https:\/\/aquaforest.eu\/wp-content\/uploads\/2024\/06\/Reef-Salt-22kg-1.png\",\"datePublished\":\"2024-06-26T23:39:17+00:00\",\"dateModified\":\"2025-03-26T10:18:07+00:00\",\"description\":\"Reef Salt+: das hochwertigste Salz f\u00fcr Korallenaquarien, das ideale Konzentrationen von Makroelementen f\u00fcr ein schnelles Koloniewachstum liefert.\",\"breadcrumb\":{\"@id\":\"https:\/\/aquaforest.eu\/de\/produkte\/seawater\/meersalze\/reef-salt-plus\/#breadcrumb\"},\"inLanguage\":\"de\",\"potentialAction\":[{\"@type\":\"ReadAction\",\"target\":[\"https:\/\/aquaforest.eu\/de\/produkte\/seawater\/meersalze\/reef-salt-plus\/\"]}]},{\"@type\":\"ImageObject\",\"inLanguage\":\"de\",\"@id\":\"https:\/\/aquaforest.eu\/de\/produkte\/seawater\/meersalze\/reef-salt-plus\/#primaryimage\",\"url\":\"https:\/\/aquaforest.eu\/wp-content\/uploads\/2024\/06\/Reef-Salt-22kg-1.png\",\"contentUrl\":\"https:\/\/aquaforest.eu\/wp-content\/uploads\/2024\/06\/Reef-Salt-22kg-1.png\",\"width\":1800,\"height\":1800},{\"@type\":\"BreadcrumbList\",\"@id\":\"https:\/\/aquaforest.eu\/de\/produkte\/seawater\/meersalze\/reef-salt-plus\/#breadcrumb\",\"itemListElement\":[{\"@type\":\"ListItem\",\"position\":1,\"name\":\"Home\",\"item\":\"https:\/\/aquaforest.eu\/de\/\"},{\"@type\":\"ListItem\",\"position\":2,\"name\":\"Produkte\",\"item\":\"https:\/\/aquaforest.eu\/de\/produkte\/\"},{\"@type\":\"ListItem\",\"position\":3,\"name\":\"Reef Salt Plus\"}]},{\"@type\":\"WebSite\",\"@id\":\"https:\/\/aquaforest.eu\/de\/#website\",\"url\":\"https:\/\/aquaforest.eu\/de\/\",\"name\":\"Aquaforest\",\"description\":\"\",\"publisher\":{\"@id\":\"https:\/\/aquaforest.eu\/de\/#organization\"},\"potentialAction\":[{\"@type\":\"SearchAction\",\"target\":{\"@type\":\"EntryPoint\",\"urlTemplate\":\"https:\/\/aquaforest.eu\/de\/?s={search_term_string}\"},\"query-input\":{\"@type\":\"PropertyValueSpecification\",\"valueRequired\":true,\"valueName\":\"search_term_string\"}}],\"inLanguage\":\"de\"},{\"@type\":\"Organization\",\"@id\":\"https:\/\/aquaforest.eu\/de\/#organization\",\"name\":\"Aquaforest\",\"url\":\"https:\/\/aquaforest.eu\/de\/\",\"logo\":{\"@type\":\"ImageObject\",\"inLanguage\":\"de\",\"@id\":\"https:\/\/aquaforest.eu\/de\/#\/schema\/logo\/image\/\",\"url\":\"https:\/\/aquaforest.eu\/wp-content\/uploads\/2024\/05\/logotyp-aquaforest.svg\",\"contentUrl\":\"https:\/\/aquaforest.eu\/wp-content\/uploads\/2024\/05\/logotyp-aquaforest.svg\",\"width\":170,\"height\":22,\"caption\":\"Aquaforest\"},\"image\":{\"@id\":\"https:\/\/aquaforest.eu\/de\/#\/schema\/logo\/image\/\"},\"sameAs\":[\"https:\/\/www.facebook.com\/Aquaforest\/\",\"https:\/\/www.instagram.com\/aquaforest.eu\/\"]}]}<\/script>\n<!-- \/ Yoast SEO plugin. -->","yoast_head_json":{"title":"Reef Salt Plus - Aquaforest","description":"Reef Salt+: das hochwertigste Salz f\u00fcr Korallenaquarien, das ideale Konzentrationen von Makroelementen f\u00fcr ein schnelles Koloniewachstum liefert.","robots":{"index":"index","follow":"follow","max-snippet":"max-snippet:-1","max-image-preview":"max-image-preview:large","max-video-preview":"max-video-preview:-1"},"canonical":"https:\/\/aquaforest.eu\/de\/produkte\/seawater\/meersalze\/reef-salt-plus\/","og_locale":"de_DE","og_type":"article","og_title":"Reef Salt Plus - Aquaforest","og_description":"Reef Salt+: das hochwertigste Salz f\u00fcr Korallenaquarien, das ideale Konzentrationen von Makroelementen f\u00fcr ein schnelles Koloniewachstum liefert.","og_url":"https:\/\/aquaforest.eu\/de\/produkte\/seawater\/meersalze\/reef-salt-plus\/","og_site_name":"Aquaforest","article_publisher":"https:\/\/www.facebook.com\/Aquaforest\/","article_modified_time":"2025-03-26T10:18:07+00:00","og_image":[{"width":1800,"height":1800,"url":"https:\/\/aquaforest.eu\/wp-content\/uploads\/2024\/06\/Reef-Salt-22kg-1.png","type":"image\/png"}],"twitter_card":"summary_large_image","twitter_misc":{"Gesch\u00e4tzte Lesezeit":"3\u00a0Minuten"},"schema":{"@context":"https:\/\/schema.org","@graph":[{"@type":"WebPage","@id":"https:\/\/aquaforest.eu\/de\/produkte\/seawater\/meersalze\/reef-salt-plus\/","url":"https:\/\/aquaforest.eu\/de\/produkte\/seawater\/meersalze\/reef-salt-plus\/","name":"Reef Salt Plus - Aquaforest","isPartOf":{"@id":"https:\/\/aquaforest.eu\/de\/#website"},"primaryImageOfPage":{"@id":"https:\/\/aquaforest.eu\/de\/produkte\/seawater\/meersalze\/reef-salt-plus\/#primaryimage"},"image":{"@id":"https:\/\/aquaforest.eu\/de\/produkte\/seawater\/meersalze\/reef-salt-plus\/#primaryimage"},"thumbnailUrl":"https:\/\/aquaforest.eu\/wp-content\/uploads\/2024\/06\/Reef-Salt-22kg-1.png","datePublished":"2024-06-26T23:39:17+00:00","dateModified":"2025-03-26T10:18:07+00:00","description":"Reef Salt+: das hochwertigste Salz f\u00fcr Korallenaquarien, das ideale Konzentrationen von Makroelementen f\u00fcr ein schnelles Koloniewachstum liefert.","breadcrumb":{"@id":"https:\/\/aquaforest.eu\/de\/produkte\/seawater\/meersalze\/reef-salt-plus\/#breadcrumb"},"inLanguage":"de","potentialAction":[{"@type":"ReadAction","target":["https:\/\/aquaforest.eu\/de\/produkte\/seawater\/meersalze\/reef-salt-plus\/"]}]},{"@type":"ImageObject","inLanguage":"de","@id":"https:\/\/aquaforest.eu\/de\/produkte\/seawater\/meersalze\/reef-salt-plus\/#primaryimage","url":"https:\/\/aquaforest.eu\/wp-content\/uploads\/2024\/06\/Reef-Salt-22kg-1.png","contentUrl":"https:\/\/aquaforest.eu\/wp-content\/uploads\/2024\/06\/Reef-Salt-22kg-1.png","width":1800,"height":1800},{"@type":"BreadcrumbList","@id":"https:\/\/aquaforest.eu\/de\/produkte\/seawater\/meersalze\/reef-salt-plus\/#breadcrumb","itemListElement":[{"@type":"ListItem","position":1,"name":"Home","item":"https:\/\/aquaforest.eu\/de\/"},{"@type":"ListItem","position":2,"name":"Produkte","item":"https:\/\/aquaforest.eu\/de\/produkte\/"},{"@type":"ListItem","position":3,"name":"Reef Salt Plus"}]},{"@type":"WebSite","@id":"https:\/\/aquaforest.eu\/de\/#website","url":"https:\/\/aquaforest.eu\/de\/","name":"Aquaforest","description":"","publisher":{"@id":"https:\/\/aquaforest.eu\/de\/#organization"},"potentialAction":[{"@type":"SearchAction","target":{"@type":"EntryPoint","urlTemplate":"https:\/\/aquaforest.eu\/de\/?s={search_term_string}"},"query-input":{"@type":"PropertyValueSpecification","valueRequired":true,"valueName":"search_term_string"}}],"inLanguage":"de"},{"@type":"Organization","@id":"https:\/\/aquaforest.eu\/de\/#organization","name":"Aquaforest","url":"https:\/\/aquaforest.eu\/de\/","logo":{"@type":"ImageObject","inLanguage":"de","@id":"https:\/\/aquaforest.eu\/de\/#\/schema\/logo\/image\/","url":"https:\/\/aquaforest.eu\/wp-content\/uploads\/2024\/05\/logotyp-aquaforest.svg","contentUrl":"https:\/\/aquaforest.eu\/wp-content\/uploads\/2024\/05\/logotyp-aquaforest.svg","width":170,"height":22,"caption":"Aquaforest"},"image":{"@id":"https:\/\/aquaforest.eu\/de\/#\/schema\/logo\/image\/"},"sameAs":["https:\/\/www.facebook.com\/Aquaforest\/","https:\/\/www.instagram.com\/aquaforest.eu\/"]}]}},"_links":{"self":[{"href":"https:\/\/aquaforest.eu\/de\/wp-json\/wp\/v2\/product\/11309","targetHints":{"allow":["GET"]}}],"collection":[{"href":"https:\/\/aquaforest.eu\/de\/wp-json\/wp\/v2\/product"}],"about":[{"href":"https:\/\/aquaforest.eu\/de\/wp-json\/wp\/v2\/types\/product"}],"version-history":[{"count":1,"href":"https:\/\/aquaforest.eu\/de\/wp-json\/wp\/v2\/product\/11309\/revisions"}],"predecessor-version":[{"id":22143,"href":"https:\/\/aquaforest.eu\/de\/wp-json\/wp\/v2\/product\/11309\/revisions\/22143"}],"wp:featuredmedia":[{"embeddable":true,"href":"https:\/\/aquaforest.eu\/de\/wp-json\/wp\/v2\/media\/16847"}],"wp:attachment":[{"href":"https:\/\/aquaforest.eu\/de\/wp-json\/wp\/v2\/media?parent=11309"}],"wp:term":[{"taxonomy":"product_brand","embeddable":true,"href":"https:\/\/aquaforest.eu\/de\/wp-json\/wp\/v2\/product_brand?post=11309"},{"taxonomy":"product_cat","embeddable":true,"href":"https:\/\/aquaforest.eu\/de\/wp-json\/wp\/v2\/product_cat?post=11309"},{"taxonomy":"product_tag","embeddable":true,"href":"https:\/\/aquaforest.eu\/de\/wp-json\/wp\/v2\/product_tag?post=11309"}],"curies":[{"name":"wp","href":"https:\/\/api.w.org\/{rel}","templated":true}]}}