{"id":11431,"date":"2024-06-27T00:21:57","date_gmt":"2024-06-26T22:21:57","guid":{"rendered":"https:\/\/aquaforest.eu\/products\/unkategorisiert\/hybrid-pro-salt\/"},"modified":"2026-01-29T15:56:28","modified_gmt":"2026-01-29T14:56:28","slug":"hybrid-pro-salt","status":"publish","type":"product","link":"https:\/\/aquaforest.eu\/de\/produkte\/seawater\/meersalze\/hybrid-pro-salt\/","title":{"rendered":"Hybrid Pro Salt"},"content":{"rendered":"<h4 class=\"fusion-responsive-typography-calculated\" data-fontsize=\"22\" data-lineheight=\"27.5px\"><span style=\"color: #000000;\">Das fortschrittlichste Riffsalz von Aquaforest<\/span><\/h4>\n<p>Wir stellen Hybrid Pro Salt vor; unser bisher fortschrittlichstes Riffsalz.<br \/>\nNachdem wir jahrelang beobachtet haben, wie Riffaquarien entweder mit nat\u00fcrlichem Meerwasser (NSW) oder mit chemisch reinem, im Labor hergestelltem Salz gedeihen, wollten wir eine Hybrid Pro Salt Formel entwickeln, die die Vorteile beider Salze f\u00fcr unsere empfindlichen Riffbewohner und moderne Aquarianer bietet, die nach nat\u00fcrlicheren, mit Probiotika angereicherten Riffmethoden suchen.<\/p>\n<p>&nbsp;<\/p>\n<hr \/>\n<h4 data-fontsize=\"22\" data-lineheight=\"27.5px\"><\/h4>\n<h4 class=\"fusion-responsive-typography-calculated\" data-fontsize=\"22\" data-lineheight=\"27.5px\"><span style=\"color: #000000;\">Einzigartige, von Spezialisten entwickelte Hybrid-Salzformel<\/span><\/h4>\n<p>Nachdem wir eine Vielzahl von Wasserproben von nat\u00fcrlich gedeihenden Riffen in \u00c4gypten, Kenia, Indonesien und auf den Fidschi-Inseln gesammelt hatten, analysierten unsere Chemiker und Biologen die ICP-Ergebnisse dieser etablierten Korallenriffhabitate, um eine Reihe von Parametern zu erstellen, die selbst den anspruchsvollsten Korallen gerecht werden.<br \/>\nAnders als der Ozean ist ein Aquarium ein geschlossenes \u00d6kosystem und nicht alle Elemente werden gleichm\u00e4\u00dfig aufgenommen.<br \/>\nUm die Absorptionsunterschiede auszugleichen, haben wir die Werte der am h\u00e4ufigsten verbrauchten Mikron\u00e4hrstoffe und Spurenelemente wie Strontium und Jod erh\u00f6ht, um eine gr\u00f6\u00dfere Stabilit\u00e4t zu erreichen.<\/p>\n<p>&nbsp;<\/p>\n<p><img fetchpriority=\"high\" decoding=\"async\" class=\"alignnone wp-image-2818 size-full\" src=\"https:\/\/aquaforest.eu\/wp-content\/uploads\/2024\/06\/tabelka-nowe-sole-600x210-1.png\" alt=\"\" width=\"600\" height=\"210\" srcset=\"https:\/\/aquaforest.eu\/wp-content\/uploads\/2024\/06\/tabelka-nowe-sole-600x210-1.png 600w, https:\/\/aquaforest.eu\/wp-content\/uploads\/2024\/06\/tabelka-nowe-sole-600x210-1-300x105.png 300w\" sizes=\"(max-width: 600px) 100vw, 600px\" \/><\/p>\n<p>&nbsp;<\/p>\n<hr \/>\n<h4 data-fontsize=\"22\" data-lineheight=\"27.5px\"><\/h4>\n<h4 class=\"fusion-responsive-typography-calculated\" data-fontsize=\"22\" data-lineheight=\"27.5px\"><span style=\"color: #000000;\">Was macht Hybrid Pro Salt einzigartig?<\/span><\/h4>\n<ul>\n<li>Hybrid Pro Salt vereint chemisch reines, im Labor hergestelltes Salz mit nat\u00fcrlichen Meersalzflocken aus den saubersten Gew\u00e4ssern des Nordatlantiks.<\/li>\n<li>Propriet\u00e4re Mischung aus probiotischen Bakterien zur Senkung des Nitrat- und Phosphatgehalts bei gleichzeitiger Steigerung der Farbintensit\u00e4t und des Wachstumspotenzials, das oft durch hohe Phosphatwerte gehemmt wird.<\/li>\n<li>Enth\u00e4lt eine Reihe von Mikro- und Makrospurenelementen und ist mit den hochwertigsten Aminos\u00e4uren und Vitaminen angereichert, die das Immunsystem und die nat\u00fcrlichen Stoffwechselfunktionen unterst\u00fctzen.<\/li>\n<\/ul>\n<p>&nbsp;<\/p>\n<p>Diese neue Hybrid Pro Salt Formel schafft Bedingungen, die fast identisch sind mit denen, die in nat\u00fcrlichem Meerwasser zu finden sind, und bietet den zus\u00e4tzlichen Vorteil von Probiotika, um das mikrobiologische Gleichgewicht zu erhalten und den Nitrat- und Phosphatgehalt sicher zu senken.<\/p>\n<h4><strong>Wie testen wir unser Salz?<\/strong><\/h4>\n<p><span style=\"font-weight: 400;\">Wir mischen unser Salz und nehmen von jeder 600-Kilo-Charge 3 Proben zum Testen. Jede dieser Proben wird in 15 Litern RO-Wasser aufgel\u00f6st. Mit der ICP-OES-Analyse pr\u00fcft unser Team, ob die Zusammensetzung einheitlich ist und unerw\u00fcnschte Verunreinigungen ausgeschlossen werden. Die Glaubw\u00fcrdigkeit der Ergebnisse wird durch zwei individuell kalibrierte Spektrometer der Spitzenklasse gew\u00e4hrleistet.<\/span><\/p>\n<p><span style=\"font-weight: 400;\">Die Testergebnisse f\u00fcr jedes Salz sind sofort auf unserer Website verf\u00fcgbar, <a href=\"https:\/\/aquaforest.eu\/de\/pruefen-sie-ihr-salz\/\">hier<\/a>.<\/span><\/p>\n<p>&nbsp;<\/p>\n<hr \/>\n<p>&nbsp;<\/p>\n<p><strong>Dosierung und Lagerung<\/strong><\/p>\n<ul>\n<li>F\u00fcr eine optimale Verwendung sollte Hybrid Pro Salt in RODI-Wasser bei einer Temperatur zwischen 24-25\u00b0C (75-77\u00b0F) und einem Salzgehalt von 33 ppt (1,025 S.G.) aufgel\u00f6st werden.<\/li>\n<li>L\u00f6sen Sie 390 Gramm Salz in 10 Litern RODI-Wasser auf.<\/li>\n<li>Mischen Sie etwa 15 Minuten lang.<br \/>\nSobald das Salzwasser vollst\u00e4ndig aufgel\u00f6st ist, kann es sofort verwendet werden.<\/li>\n<\/ul>\n<ul>\n<li>Das gel\u00f6ste Salz sollte innerhalb von 3 Tagen aufgebraucht werden.<br \/>\nDie Verdunstung ver\u00e4ndert die Parameter des Wassers. Halten Sie das zubereitete Salzwasser daher gut verschlossen.<br \/>\nWenn Sie es f\u00fcr mehrere Tage aufbewahren, \u00fcberpr\u00fcfen Sie den Salzgehalt vor der Verwendung<\/li>\n<\/ul>\n<ul>\n<li>Lagern Sie Salz an einem trockenen, feuchtigkeitsfreien und dunklen Ort<\/li>\n<li>Sicherheitsdatenblatt auf Anfrage erh\u00e4ltlich<\/li>\n<\/ul>\n<p>&nbsp;<\/p>\n<hr \/>\n<p>&nbsp;<\/p>\n<p><strong>TIPPS<\/strong><\/p>\n<ul>\n<li>Wir empfehlen, den dKH-Wert zwischen 7,5-8,5 zu halten, um die Vermehrung der probiotischen Bakterien zu f\u00f6rdern.<br \/>\nH\u00f6here\/niedrigere Werte k\u00f6nnen die bakterielle Aktivit\u00e4t verringern.<\/li>\n<li>Bei der Einrichtung eines neuen Aquariums empfehlen wir, die ersten Fische\/Korallen fr\u00fchestens 10-14 Tage nach der Einrichtung des Beckens und der Stabilisierung der Wasserparameter einzusetzen.<\/li>\n<\/ul>\n<p>&nbsp;<\/p>\n<hr \/>\n<p>&nbsp;<\/p>\n<p><strong>Empfohlener Salzgehalt f\u00fcr verschiedene Aquarientypen:<\/strong><img decoding=\"async\" class=\"alignnone wp-image-2819 size-full\" src=\"https:\/\/aquaforest.eu\/wp-content\/uploads\/2024\/06\/Hybrid-Pro-Salt_tabelka_1_709x200.png\" alt=\"\" width=\"709\" height=\"218\" srcset=\"https:\/\/aquaforest.eu\/wp-content\/uploads\/2024\/06\/Hybrid-Pro-Salt_tabelka_1_709x200.png 709w, https:\/\/aquaforest.eu\/wp-content\/uploads\/2024\/06\/Hybrid-Pro-Salt_tabelka_1_709x200-300x92.png 300w, https:\/\/aquaforest.eu\/wp-content\/uploads\/2024\/06\/Hybrid-Pro-Salt_tabelka_1_709x200-600x184.png 600w\" sizes=\"(max-width: 709px) 100vw, 709px\" \/><\/p>\n<p>&nbsp;<\/p>\n<hr \/>\n<p>&nbsp;<\/p>\n<p><strong>Die Makro- und Mikroelemente im Wasser haben je nach Salzgehalt unterschiedliche Werte:<\/strong><\/p>\n<p><img decoding=\"async\" class=\"alignnone wp-image-2820 size-full\" src=\"https:\/\/aquaforest.eu\/wp-content\/uploads\/2024\/06\/Hybrid-Pro-Salt_tabelka_2_709x200.png\" alt=\"\" width=\"709\" height=\"218\" srcset=\"https:\/\/aquaforest.eu\/wp-content\/uploads\/2024\/06\/Hybrid-Pro-Salt_tabelka_2_709x200.png 709w, https:\/\/aquaforest.eu\/wp-content\/uploads\/2024\/06\/Hybrid-Pro-Salt_tabelka_2_709x200-300x92.png 300w, https:\/\/aquaforest.eu\/wp-content\/uploads\/2024\/06\/Hybrid-Pro-Salt_tabelka_2_709x200-600x184.png 600w\" sizes=\"(max-width: 709px) 100vw, 709px\" \/><\/p>\n<p>&nbsp;<\/p>\n<p>&nbsp;<\/p>\n","protected":false},"excerpt":{"rendered":"<p>Mit Probiotika angereichertes Salz zur Senkung des N\u00e4hrstoffgehalts. Chemisch reines, im Labor hergestelltes Salz mit nat\u00fcrlichen Meersalzflocken.<\/p>\n","protected":false},"featured_media":16857,"template":"","meta":{"_acf_changed":false,"content-type":""},"product_brand":[],"product_cat":[1154,1156],"product_tag":[966,1106,1120,1417],"class_list":{"0":"post-11431","1":"product","2":"type-product","3":"status-publish","4":"has-post-thumbnail","6":"product_cat-meersalze","7":"product_cat-probiotische-methode","8":"product_tag-aquaforest-de","9":"product_tag-meersalze","10":"product_tag-meerwasser-aquarien","11":"product_tag-variable-de","13":"first","14":"instock","15":"taxable","16":"shipping-taxable","17":"purchasable","18":"product-type-variable","19":"has-default-attributes"},"acf":[],"yoast_head":"<!-- This site is optimized with the Yoast SEO plugin v27.1.1 - https:\/\/yoast.com\/product\/yoast-seo-wordpress\/ -->\n<title>Hybrid Pro Salt - Aquaforest<\/title>\n<meta name=\"description\" content=\"Die fortschrittlichste Formel f\u00fcr Aquariensalz: Hybrid Pro Salt kombiniert die Vorteile von nat\u00fcrlichem Meerwasser und reinem Laborsalz. Angereichert mit probiotischen Bakterien, bietet es optimale Bedingungen f\u00fcr moderne Aquarien und empfindliche Meeresorganismen.\" \/>\n<meta name=\"robots\" content=\"index, follow, max-snippet:-1, max-image-preview:large, max-video-preview:-1\" \/>\n<link rel=\"canonical\" href=\"https:\/\/aquaforest.eu\/de\/produkte\/seawater\/meersalze\/hybrid-pro-salt\/\" \/>\n<meta property=\"og:locale\" content=\"de_DE\" \/>\n<meta property=\"og:type\" content=\"article\" \/>\n<meta property=\"og:title\" content=\"Hybrid Pro Salt - Aquaforest\" \/>\n<meta property=\"og:description\" content=\"Die fortschrittlichste Formel f\u00fcr Aquariensalz: Hybrid Pro Salt kombiniert die Vorteile von nat\u00fcrlichem Meerwasser und reinem Laborsalz. Angereichert mit probiotischen Bakterien, bietet es optimale Bedingungen f\u00fcr moderne Aquarien und empfindliche Meeresorganismen.\" \/>\n<meta property=\"og:url\" content=\"https:\/\/aquaforest.eu\/de\/produkte\/seawater\/meersalze\/hybrid-pro-salt\/\" \/>\n<meta property=\"og:site_name\" content=\"Aquaforest\" \/>\n<meta property=\"article:publisher\" content=\"https:\/\/www.facebook.com\/Aquaforest\/\" \/>\n<meta property=\"article:modified_time\" content=\"2026-01-29T14:56:28+00:00\" \/>\n<meta property=\"og:image\" content=\"https:\/\/aquaforest.eu\/wp-content\/uploads\/2024\/06\/Hybrid-Pro-Salt-22kg.png\" \/>\n\t<meta property=\"og:image:width\" content=\"1800\" \/>\n\t<meta property=\"og:image:height\" content=\"1800\" \/>\n\t<meta property=\"og:image:type\" content=\"image\/png\" \/>\n<meta name=\"twitter:card\" content=\"summary_large_image\" \/>\n<meta name=\"twitter:label1\" content=\"Gesch\u00e4tzte Lesezeit\" \/>\n\t<meta name=\"twitter:data1\" content=\"4\u00a0Minuten\" \/>\n<script type=\"application\/ld+json\" class=\"yoast-schema-graph\">{\"@context\":\"https:\/\/schema.org\",\"@graph\":[{\"@type\":\"WebPage\",\"@id\":\"https:\/\/aquaforest.eu\/de\/produkte\/seawater\/meersalze\/hybrid-pro-salt\/\",\"url\":\"https:\/\/aquaforest.eu\/de\/produkte\/seawater\/meersalze\/hybrid-pro-salt\/\",\"name\":\"Hybrid Pro Salt - Aquaforest\",\"isPartOf\":{\"@id\":\"https:\/\/aquaforest.eu\/de\/#website\"},\"primaryImageOfPage\":{\"@id\":\"https:\/\/aquaforest.eu\/de\/produkte\/seawater\/meersalze\/hybrid-pro-salt\/#primaryimage\"},\"image\":{\"@id\":\"https:\/\/aquaforest.eu\/de\/produkte\/seawater\/meersalze\/hybrid-pro-salt\/#primaryimage\"},\"thumbnailUrl\":\"https:\/\/aquaforest.eu\/wp-content\/uploads\/2024\/06\/Hybrid-Pro-Salt-22kg.png\",\"datePublished\":\"2024-06-26T22:21:57+00:00\",\"dateModified\":\"2026-01-29T14:56:28+00:00\",\"description\":\"Die fortschrittlichste Formel f\u00fcr Aquariensalz: Hybrid Pro Salt kombiniert die Vorteile von nat\u00fcrlichem Meerwasser und reinem Laborsalz. Angereichert mit probiotischen Bakterien, bietet es optimale Bedingungen f\u00fcr moderne Aquarien und empfindliche Meeresorganismen.\",\"breadcrumb\":{\"@id\":\"https:\/\/aquaforest.eu\/de\/produkte\/seawater\/meersalze\/hybrid-pro-salt\/#breadcrumb\"},\"inLanguage\":\"de\",\"potentialAction\":[{\"@type\":\"ReadAction\",\"target\":[\"https:\/\/aquaforest.eu\/de\/produkte\/seawater\/meersalze\/hybrid-pro-salt\/\"]}]},{\"@type\":\"ImageObject\",\"inLanguage\":\"de\",\"@id\":\"https:\/\/aquaforest.eu\/de\/produkte\/seawater\/meersalze\/hybrid-pro-salt\/#primaryimage\",\"url\":\"https:\/\/aquaforest.eu\/wp-content\/uploads\/2024\/06\/Hybrid-Pro-Salt-22kg.png\",\"contentUrl\":\"https:\/\/aquaforest.eu\/wp-content\/uploads\/2024\/06\/Hybrid-Pro-Salt-22kg.png\",\"width\":1800,\"height\":1800},{\"@type\":\"BreadcrumbList\",\"@id\":\"https:\/\/aquaforest.eu\/de\/produkte\/seawater\/meersalze\/hybrid-pro-salt\/#breadcrumb\",\"itemListElement\":[{\"@type\":\"ListItem\",\"position\":1,\"name\":\"Home\",\"item\":\"https:\/\/aquaforest.eu\/de\/\"},{\"@type\":\"ListItem\",\"position\":2,\"name\":\"Produkte\",\"item\":\"https:\/\/aquaforest.eu\/de\/produkte\/\"},{\"@type\":\"ListItem\",\"position\":3,\"name\":\"Hybrid Pro Salt\"}]},{\"@type\":\"WebSite\",\"@id\":\"https:\/\/aquaforest.eu\/de\/#website\",\"url\":\"https:\/\/aquaforest.eu\/de\/\",\"name\":\"Aquaforest\",\"description\":\"\",\"publisher\":{\"@id\":\"https:\/\/aquaforest.eu\/de\/#organization\"},\"potentialAction\":[{\"@type\":\"SearchAction\",\"target\":{\"@type\":\"EntryPoint\",\"urlTemplate\":\"https:\/\/aquaforest.eu\/de\/?s={search_term_string}\"},\"query-input\":{\"@type\":\"PropertyValueSpecification\",\"valueRequired\":true,\"valueName\":\"search_term_string\"}}],\"inLanguage\":\"de\"},{\"@type\":\"Organization\",\"@id\":\"https:\/\/aquaforest.eu\/de\/#organization\",\"name\":\"Aquaforest\",\"url\":\"https:\/\/aquaforest.eu\/de\/\",\"logo\":{\"@type\":\"ImageObject\",\"inLanguage\":\"de\",\"@id\":\"https:\/\/aquaforest.eu\/de\/#\/schema\/logo\/image\/\",\"url\":\"https:\/\/aquaforest.eu\/wp-content\/uploads\/2024\/05\/logotyp-aquaforest.svg\",\"contentUrl\":\"https:\/\/aquaforest.eu\/wp-content\/uploads\/2024\/05\/logotyp-aquaforest.svg\",\"width\":170,\"height\":22,\"caption\":\"Aquaforest\"},\"image\":{\"@id\":\"https:\/\/aquaforest.eu\/de\/#\/schema\/logo\/image\/\"},\"sameAs\":[\"https:\/\/www.facebook.com\/Aquaforest\/\",\"https:\/\/www.instagram.com\/aquaforest.eu\/\"]}]}<\/script>\n<!-- \/ Yoast SEO plugin. -->","yoast_head_json":{"title":"Hybrid Pro Salt - Aquaforest","description":"Die fortschrittlichste Formel f\u00fcr Aquariensalz: Hybrid Pro Salt kombiniert die Vorteile von nat\u00fcrlichem Meerwasser und reinem Laborsalz. Angereichert mit probiotischen Bakterien, bietet es optimale Bedingungen f\u00fcr moderne Aquarien und empfindliche Meeresorganismen.","robots":{"index":"index","follow":"follow","max-snippet":"max-snippet:-1","max-image-preview":"max-image-preview:large","max-video-preview":"max-video-preview:-1"},"canonical":"https:\/\/aquaforest.eu\/de\/produkte\/seawater\/meersalze\/hybrid-pro-salt\/","og_locale":"de_DE","og_type":"article","og_title":"Hybrid Pro Salt - Aquaforest","og_description":"Die fortschrittlichste Formel f\u00fcr Aquariensalz: Hybrid Pro Salt kombiniert die Vorteile von nat\u00fcrlichem Meerwasser und reinem Laborsalz. Angereichert mit probiotischen Bakterien, bietet es optimale Bedingungen f\u00fcr moderne Aquarien und empfindliche Meeresorganismen.","og_url":"https:\/\/aquaforest.eu\/de\/produkte\/seawater\/meersalze\/hybrid-pro-salt\/","og_site_name":"Aquaforest","article_publisher":"https:\/\/www.facebook.com\/Aquaforest\/","article_modified_time":"2026-01-29T14:56:28+00:00","og_image":[{"width":1800,"height":1800,"url":"https:\/\/aquaforest.eu\/wp-content\/uploads\/2024\/06\/Hybrid-Pro-Salt-22kg.png","type":"image\/png"}],"twitter_card":"summary_large_image","twitter_misc":{"Gesch\u00e4tzte Lesezeit":"4\u00a0Minuten"},"schema":{"@context":"https:\/\/schema.org","@graph":[{"@type":"WebPage","@id":"https:\/\/aquaforest.eu\/de\/produkte\/seawater\/meersalze\/hybrid-pro-salt\/","url":"https:\/\/aquaforest.eu\/de\/produkte\/seawater\/meersalze\/hybrid-pro-salt\/","name":"Hybrid Pro Salt - Aquaforest","isPartOf":{"@id":"https:\/\/aquaforest.eu\/de\/#website"},"primaryImageOfPage":{"@id":"https:\/\/aquaforest.eu\/de\/produkte\/seawater\/meersalze\/hybrid-pro-salt\/#primaryimage"},"image":{"@id":"https:\/\/aquaforest.eu\/de\/produkte\/seawater\/meersalze\/hybrid-pro-salt\/#primaryimage"},"thumbnailUrl":"https:\/\/aquaforest.eu\/wp-content\/uploads\/2024\/06\/Hybrid-Pro-Salt-22kg.png","datePublished":"2024-06-26T22:21:57+00:00","dateModified":"2026-01-29T14:56:28+00:00","description":"Die fortschrittlichste Formel f\u00fcr Aquariensalz: Hybrid Pro Salt kombiniert die Vorteile von nat\u00fcrlichem Meerwasser und reinem Laborsalz. Angereichert mit probiotischen Bakterien, bietet es optimale Bedingungen f\u00fcr moderne Aquarien und empfindliche Meeresorganismen.","breadcrumb":{"@id":"https:\/\/aquaforest.eu\/de\/produkte\/seawater\/meersalze\/hybrid-pro-salt\/#breadcrumb"},"inLanguage":"de","potentialAction":[{"@type":"ReadAction","target":["https:\/\/aquaforest.eu\/de\/produkte\/seawater\/meersalze\/hybrid-pro-salt\/"]}]},{"@type":"ImageObject","inLanguage":"de","@id":"https:\/\/aquaforest.eu\/de\/produkte\/seawater\/meersalze\/hybrid-pro-salt\/#primaryimage","url":"https:\/\/aquaforest.eu\/wp-content\/uploads\/2024\/06\/Hybrid-Pro-Salt-22kg.png","contentUrl":"https:\/\/aquaforest.eu\/wp-content\/uploads\/2024\/06\/Hybrid-Pro-Salt-22kg.png","width":1800,"height":1800},{"@type":"BreadcrumbList","@id":"https:\/\/aquaforest.eu\/de\/produkte\/seawater\/meersalze\/hybrid-pro-salt\/#breadcrumb","itemListElement":[{"@type":"ListItem","position":1,"name":"Home","item":"https:\/\/aquaforest.eu\/de\/"},{"@type":"ListItem","position":2,"name":"Produkte","item":"https:\/\/aquaforest.eu\/de\/produkte\/"},{"@type":"ListItem","position":3,"name":"Hybrid Pro Salt"}]},{"@type":"WebSite","@id":"https:\/\/aquaforest.eu\/de\/#website","url":"https:\/\/aquaforest.eu\/de\/","name":"Aquaforest","description":"","publisher":{"@id":"https:\/\/aquaforest.eu\/de\/#organization"},"potentialAction":[{"@type":"SearchAction","target":{"@type":"EntryPoint","urlTemplate":"https:\/\/aquaforest.eu\/de\/?s={search_term_string}"},"query-input":{"@type":"PropertyValueSpecification","valueRequired":true,"valueName":"search_term_string"}}],"inLanguage":"de"},{"@type":"Organization","@id":"https:\/\/aquaforest.eu\/de\/#organization","name":"Aquaforest","url":"https:\/\/aquaforest.eu\/de\/","logo":{"@type":"ImageObject","inLanguage":"de","@id":"https:\/\/aquaforest.eu\/de\/#\/schema\/logo\/image\/","url":"https:\/\/aquaforest.eu\/wp-content\/uploads\/2024\/05\/logotyp-aquaforest.svg","contentUrl":"https:\/\/aquaforest.eu\/wp-content\/uploads\/2024\/05\/logotyp-aquaforest.svg","width":170,"height":22,"caption":"Aquaforest"},"image":{"@id":"https:\/\/aquaforest.eu\/de\/#\/schema\/logo\/image\/"},"sameAs":["https:\/\/www.facebook.com\/Aquaforest\/","https:\/\/www.instagram.com\/aquaforest.eu\/"]}]}},"_links":{"self":[{"href":"https:\/\/aquaforest.eu\/de\/wp-json\/wp\/v2\/product\/11431","targetHints":{"allow":["GET"]}}],"collection":[{"href":"https:\/\/aquaforest.eu\/de\/wp-json\/wp\/v2\/product"}],"about":[{"href":"https:\/\/aquaforest.eu\/de\/wp-json\/wp\/v2\/types\/product"}],"version-history":[{"count":4,"href":"https:\/\/aquaforest.eu\/de\/wp-json\/wp\/v2\/product\/11431\/revisions"}],"predecessor-version":[{"id":28397,"href":"https:\/\/aquaforest.eu\/de\/wp-json\/wp\/v2\/product\/11431\/revisions\/28397"}],"wp:featuredmedia":[{"embeddable":true,"href":"https:\/\/aquaforest.eu\/de\/wp-json\/wp\/v2\/media\/16857"}],"wp:attachment":[{"href":"https:\/\/aquaforest.eu\/de\/wp-json\/wp\/v2\/media?parent=11431"}],"wp:term":[{"taxonomy":"product_brand","embeddable":true,"href":"https:\/\/aquaforest.eu\/de\/wp-json\/wp\/v2\/product_brand?post=11431"},{"taxonomy":"product_cat","embeddable":true,"href":"https:\/\/aquaforest.eu\/de\/wp-json\/wp\/v2\/product_cat?post=11431"},{"taxonomy":"product_tag","embeddable":true,"href":"https:\/\/aquaforest.eu\/de\/wp-json\/wp\/v2\/product_tag?post=11431"}],"curies":[{"name":"wp","href":"https:\/\/api.w.org\/{rel}","templated":true}]}}