{"id":11437,"date":"2024-06-27T00:21:57","date_gmt":"2024-06-26T22:21:57","guid":{"rendered":"https:\/\/aquaforest.eu\/products\/unkategorisiert\/testpro-pack\/"},"modified":"2026-05-04T13:51:13","modified_gmt":"2026-05-04T11:51:13","slug":"testpro-pack","status":"publish","type":"product","link":"https:\/\/aquaforest.eu\/de\/produkte\/seawater\/wassertests\/testpro-pack\/","title":{"rendered":"Testpro Pack"},"content":{"rendered":"<h3>Mehrfachpackung mit Tropfentests zur Bestimmung der wichtigsten Parameter wie Ca, KH und Mg.<\/h3>\n<ul>\n<li><span class=\"hiddenSpellError\">Aquaforest<\/span> TestPro Ca wurde entwickelt, um schnell den Kalziumgehalt in Meerwasseraquarien, S\u00fc\u00dfwasseraquarien, Teichen oder Wasserreservoirs zu messen.<br \/>\nUm das ordnungsgem\u00e4\u00dfe Funktionieren des Meerwasseraquariums zu gew\u00e4hrleisten, sollte der Kalziumgehalt im Bereich von 380-460 mg\/l (ppm) gehalten werden.<br \/>\nDas Set enth\u00e4lt gen\u00fcgend Reagenzien, um 55-65 Bestimmungen des Calciumspiegels durchzuf\u00fchren.<\/li>\n<li>Der Aquaforest TestPro KH wurde entwickelt, um die Karbonath\u00e4rte in Meerwasseraquarien schnell zu messen.<br \/>\nUm das ordnungsgem\u00e4\u00dfe Funktionieren des Meerwasseraquariums zu gew\u00e4hrleisten, sollte die Alkalinit\u00e4t zwischen 6,5-8,0 dKH f\u00fcr Ultra Low Nutrient Systems (ULNS) liegen.<br \/>\nH\u00f6here Werte sind f\u00fcr Aquarien mit h\u00f6herem N\u00e4hrstoffgehalt zul\u00e4ssig.<br \/>\nDas Set enth\u00e4lt gen\u00fcgend Reagenzien, um 78-100 Bestimmungen der Karbonath\u00e4rte durchzuf\u00fchren.<\/li>\n<li>Aquaforest TestPro Magnesium wurde entwickelt, um schnell die Konzentration von Magnesium (Mg) im Meerwasser zu messen.<br \/>\nMagnesium spielt bei vielen biologischen Prozessen eine wichtige Rolle, z.B. beim Aufbau des Kalziumkarbonatskeletts von Hartkorallen.<br \/>\nAufgrund seiner einzigartigen chemischen Eigenschaften hat es einen bedeutenden Einfluss auf die Pufferkapazit\u00e4t des Meerwassers und verhindert au\u00dferdem eine \u00fcberm\u00e4\u00dfige Ausf\u00e4llung von Kalziumkarbonat auf der Aquarienausstattung.<br \/>\nEin angemessener Magnesiumgehalt ist f\u00fcr die Aufrechterhaltung eines ausgewogenen Gleichgewichts zwischen Kalzium und Alkalinit\u00e4t in Riffaquarien von entscheidender Bedeutung.<br \/>\nDer Magnesiumgehalt sollte zusammen mit anderen kritischen Wasserparametern wie Kalzium und Alkalinit\u00e4t regelm\u00e4\u00dfig analysiert werden.<br \/>\nDie Konzentration von Magnesium in nat\u00fcrlichem Meerwasser liegt zwischen 1260-1460 mg\/l (ppm).<br \/>\nDas Testkit enth\u00e4lt gen\u00fcgend Reagenzien, um ca.<br \/>\n55-60 separate Tests innerhalb dieses Bereichs durchzuf\u00fchren.<\/li>\n<\/ul>\n<p>Von Kindern fernhalten.<br \/>\nNur f\u00fcr den Gebrauch im Aquarium.<br \/>\nNicht f\u00fcr den menschlichen Verzehr geeignet. Bewahren Sie es an einem k\u00fchlen, trockenen Ort und vor direktem Licht gesch\u00fctzt auf.<\/p>\n","protected":false},"excerpt":{"rendered":"<p>Mehrfachpackung mit Tropfentests zur Bestimmung der wichtigsten Parameter wie Ca, KH und Mg.<\/p>\n","protected":false},"featured_media":11447,"template":"","meta":{"_acf_changed":false,"content-type":""},"product_brand":[],"product_cat":[1565],"product_tag":[966,1120,1633,1566],"class_list":{"0":"post-11437","1":"product","2":"type-product","3":"status-publish","4":"has-post-thumbnail","6":"product_cat-wassertests","7":"product_tag-aquaforest-de","8":"product_tag-meerwasser-aquarien","9":"product_tag-simple-de","10":"product_tag-wassertests","12":"first","13":"instock","14":"taxable","15":"shipping-taxable","16":"purchasable","17":"product-type-simple"},"acf":[],"yoast_head":"<!-- This site is optimized with the Yoast SEO plugin v27.1.1 - https:\/\/yoast.com\/product\/yoast-seo-wordpress\/ -->\n<title>Testpro Pack - Aquaforest<\/title>\n<meta name=\"description\" content=\"Kontrollieren und korrigieren Sie die Parameter mit den besten Aquaforest Aquarienwassertests. Einfach zu verwenden und supergenaue Tests. Inklusive Referenzfl\u00fcssigkeiten und Qualit\u00e4tszertifikat.\" \/>\n<meta name=\"robots\" content=\"index, follow, max-snippet:-1, max-image-preview:large, max-video-preview:-1\" \/>\n<link rel=\"canonical\" href=\"https:\/\/aquaforest.eu\/de\/produkte\/seawater\/wassertests\/testpro-pack\/\" \/>\n<meta property=\"og:locale\" content=\"de_DE\" \/>\n<meta property=\"og:type\" content=\"article\" \/>\n<meta property=\"og:title\" content=\"Testpro Pack - Aquaforest\" \/>\n<meta property=\"og:description\" content=\"Kontrollieren und korrigieren Sie die Parameter mit den besten Aquaforest Aquarienwassertests. Einfach zu verwenden und supergenaue Tests. Inklusive Referenzfl\u00fcssigkeiten und Qualit\u00e4tszertifikat.\" \/>\n<meta property=\"og:url\" content=\"https:\/\/aquaforest.eu\/de\/produkte\/seawater\/wassertests\/testpro-pack\/\" \/>\n<meta property=\"og:site_name\" content=\"Aquaforest\" \/>\n<meta property=\"article:publisher\" content=\"https:\/\/www.facebook.com\/Aquaforest\/\" \/>\n<meta property=\"article:modified_time\" content=\"2026-05-04T11:51:13+00:00\" \/>\n<meta property=\"og:image\" content=\"https:\/\/aquaforest.eu\/wp-content\/uploads\/2024\/06\/AF-TestPro.png\" \/>\n\t<meta property=\"og:image:width\" content=\"417\" \/>\n\t<meta property=\"og:image:height\" content=\"600\" \/>\n\t<meta property=\"og:image:type\" content=\"image\/png\" \/>\n<meta name=\"twitter:card\" content=\"summary_large_image\" \/>\n<meta name=\"twitter:label1\" content=\"Gesch\u00e4tzte Lesezeit\" \/>\n\t<meta name=\"twitter:data1\" content=\"2\u00a0Minuten\" \/>\n<script type=\"application\/ld+json\" class=\"yoast-schema-graph\">{\"@context\":\"https:\/\/schema.org\",\"@graph\":[{\"@type\":\"WebPage\",\"@id\":\"https:\/\/aquaforest.eu\/de\/produkte\/seawater\/wassertests\/testpro-pack\/\",\"url\":\"https:\/\/aquaforest.eu\/de\/produkte\/seawater\/wassertests\/testpro-pack\/\",\"name\":\"Testpro Pack - Aquaforest\",\"isPartOf\":{\"@id\":\"https:\/\/aquaforest.eu\/de\/#website\"},\"primaryImageOfPage\":{\"@id\":\"https:\/\/aquaforest.eu\/de\/produkte\/seawater\/wassertests\/testpro-pack\/#primaryimage\"},\"image\":{\"@id\":\"https:\/\/aquaforest.eu\/de\/produkte\/seawater\/wassertests\/testpro-pack\/#primaryimage\"},\"thumbnailUrl\":\"https:\/\/aquaforest.eu\/wp-content\/uploads\/2024\/06\/AF-TestPro.png\",\"datePublished\":\"2024-06-26T22:21:57+00:00\",\"dateModified\":\"2026-05-04T11:51:13+00:00\",\"description\":\"Kontrollieren und korrigieren Sie die Parameter mit den besten Aquaforest Aquarienwassertests. Einfach zu verwenden und supergenaue Tests. Inklusive Referenzfl\u00fcssigkeiten und Qualit\u00e4tszertifikat.\",\"breadcrumb\":{\"@id\":\"https:\/\/aquaforest.eu\/de\/produkte\/seawater\/wassertests\/testpro-pack\/#breadcrumb\"},\"inLanguage\":\"de\",\"potentialAction\":[{\"@type\":\"ReadAction\",\"target\":[\"https:\/\/aquaforest.eu\/de\/produkte\/seawater\/wassertests\/testpro-pack\/\"]}]},{\"@type\":\"ImageObject\",\"inLanguage\":\"de\",\"@id\":\"https:\/\/aquaforest.eu\/de\/produkte\/seawater\/wassertests\/testpro-pack\/#primaryimage\",\"url\":\"https:\/\/aquaforest.eu\/wp-content\/uploads\/2024\/06\/AF-TestPro.png\",\"contentUrl\":\"https:\/\/aquaforest.eu\/wp-content\/uploads\/2024\/06\/AF-TestPro.png\",\"width\":417,\"height\":600},{\"@type\":\"BreadcrumbList\",\"@id\":\"https:\/\/aquaforest.eu\/de\/produkte\/seawater\/wassertests\/testpro-pack\/#breadcrumb\",\"itemListElement\":[{\"@type\":\"ListItem\",\"position\":1,\"name\":\"Home\",\"item\":\"https:\/\/aquaforest.eu\/de\/\"},{\"@type\":\"ListItem\",\"position\":2,\"name\":\"Produkte\",\"item\":\"https:\/\/aquaforest.eu\/de\/produkte\/\"},{\"@type\":\"ListItem\",\"position\":3,\"name\":\"Testpro Pack\"}]},{\"@type\":\"WebSite\",\"@id\":\"https:\/\/aquaforest.eu\/de\/#website\",\"url\":\"https:\/\/aquaforest.eu\/de\/\",\"name\":\"Aquaforest\",\"description\":\"\",\"publisher\":{\"@id\":\"https:\/\/aquaforest.eu\/de\/#organization\"},\"potentialAction\":[{\"@type\":\"SearchAction\",\"target\":{\"@type\":\"EntryPoint\",\"urlTemplate\":\"https:\/\/aquaforest.eu\/de\/?s={search_term_string}\"},\"query-input\":{\"@type\":\"PropertyValueSpecification\",\"valueRequired\":true,\"valueName\":\"search_term_string\"}}],\"inLanguage\":\"de\"},{\"@type\":\"Organization\",\"@id\":\"https:\/\/aquaforest.eu\/de\/#organization\",\"name\":\"Aquaforest\",\"url\":\"https:\/\/aquaforest.eu\/de\/\",\"logo\":{\"@type\":\"ImageObject\",\"inLanguage\":\"de\",\"@id\":\"https:\/\/aquaforest.eu\/de\/#\/schema\/logo\/image\/\",\"url\":\"https:\/\/aquaforest.eu\/wp-content\/uploads\/2024\/05\/logotyp-aquaforest.svg\",\"contentUrl\":\"https:\/\/aquaforest.eu\/wp-content\/uploads\/2024\/05\/logotyp-aquaforest.svg\",\"width\":170,\"height\":22,\"caption\":\"Aquaforest\"},\"image\":{\"@id\":\"https:\/\/aquaforest.eu\/de\/#\/schema\/logo\/image\/\"},\"sameAs\":[\"https:\/\/www.facebook.com\/Aquaforest\/\",\"https:\/\/www.instagram.com\/aquaforest.eu\/\"]}]}<\/script>\n<!-- \/ Yoast SEO plugin. -->","yoast_head_json":{"title":"Testpro Pack - Aquaforest","description":"Kontrollieren und korrigieren Sie die Parameter mit den besten Aquaforest Aquarienwassertests. Einfach zu verwenden und supergenaue Tests. Inklusive Referenzfl\u00fcssigkeiten und Qualit\u00e4tszertifikat.","robots":{"index":"index","follow":"follow","max-snippet":"max-snippet:-1","max-image-preview":"max-image-preview:large","max-video-preview":"max-video-preview:-1"},"canonical":"https:\/\/aquaforest.eu\/de\/produkte\/seawater\/wassertests\/testpro-pack\/","og_locale":"de_DE","og_type":"article","og_title":"Testpro Pack - Aquaforest","og_description":"Kontrollieren und korrigieren Sie die Parameter mit den besten Aquaforest Aquarienwassertests. Einfach zu verwenden und supergenaue Tests. Inklusive Referenzfl\u00fcssigkeiten und Qualit\u00e4tszertifikat.","og_url":"https:\/\/aquaforest.eu\/de\/produkte\/seawater\/wassertests\/testpro-pack\/","og_site_name":"Aquaforest","article_publisher":"https:\/\/www.facebook.com\/Aquaforest\/","article_modified_time":"2026-05-04T11:51:13+00:00","og_image":[{"width":417,"height":600,"url":"https:\/\/aquaforest.eu\/wp-content\/uploads\/2024\/06\/AF-TestPro.png","type":"image\/png"}],"twitter_card":"summary_large_image","twitter_misc":{"Gesch\u00e4tzte Lesezeit":"2\u00a0Minuten"},"schema":{"@context":"https:\/\/schema.org","@graph":[{"@type":"WebPage","@id":"https:\/\/aquaforest.eu\/de\/produkte\/seawater\/wassertests\/testpro-pack\/","url":"https:\/\/aquaforest.eu\/de\/produkte\/seawater\/wassertests\/testpro-pack\/","name":"Testpro Pack - Aquaforest","isPartOf":{"@id":"https:\/\/aquaforest.eu\/de\/#website"},"primaryImageOfPage":{"@id":"https:\/\/aquaforest.eu\/de\/produkte\/seawater\/wassertests\/testpro-pack\/#primaryimage"},"image":{"@id":"https:\/\/aquaforest.eu\/de\/produkte\/seawater\/wassertests\/testpro-pack\/#primaryimage"},"thumbnailUrl":"https:\/\/aquaforest.eu\/wp-content\/uploads\/2024\/06\/AF-TestPro.png","datePublished":"2024-06-26T22:21:57+00:00","dateModified":"2026-05-04T11:51:13+00:00","description":"Kontrollieren und korrigieren Sie die Parameter mit den besten Aquaforest Aquarienwassertests. Einfach zu verwenden und supergenaue Tests. Inklusive Referenzfl\u00fcssigkeiten und Qualit\u00e4tszertifikat.","breadcrumb":{"@id":"https:\/\/aquaforest.eu\/de\/produkte\/seawater\/wassertests\/testpro-pack\/#breadcrumb"},"inLanguage":"de","potentialAction":[{"@type":"ReadAction","target":["https:\/\/aquaforest.eu\/de\/produkte\/seawater\/wassertests\/testpro-pack\/"]}]},{"@type":"ImageObject","inLanguage":"de","@id":"https:\/\/aquaforest.eu\/de\/produkte\/seawater\/wassertests\/testpro-pack\/#primaryimage","url":"https:\/\/aquaforest.eu\/wp-content\/uploads\/2024\/06\/AF-TestPro.png","contentUrl":"https:\/\/aquaforest.eu\/wp-content\/uploads\/2024\/06\/AF-TestPro.png","width":417,"height":600},{"@type":"BreadcrumbList","@id":"https:\/\/aquaforest.eu\/de\/produkte\/seawater\/wassertests\/testpro-pack\/#breadcrumb","itemListElement":[{"@type":"ListItem","position":1,"name":"Home","item":"https:\/\/aquaforest.eu\/de\/"},{"@type":"ListItem","position":2,"name":"Produkte","item":"https:\/\/aquaforest.eu\/de\/produkte\/"},{"@type":"ListItem","position":3,"name":"Testpro Pack"}]},{"@type":"WebSite","@id":"https:\/\/aquaforest.eu\/de\/#website","url":"https:\/\/aquaforest.eu\/de\/","name":"Aquaforest","description":"","publisher":{"@id":"https:\/\/aquaforest.eu\/de\/#organization"},"potentialAction":[{"@type":"SearchAction","target":{"@type":"EntryPoint","urlTemplate":"https:\/\/aquaforest.eu\/de\/?s={search_term_string}"},"query-input":{"@type":"PropertyValueSpecification","valueRequired":true,"valueName":"search_term_string"}}],"inLanguage":"de"},{"@type":"Organization","@id":"https:\/\/aquaforest.eu\/de\/#organization","name":"Aquaforest","url":"https:\/\/aquaforest.eu\/de\/","logo":{"@type":"ImageObject","inLanguage":"de","@id":"https:\/\/aquaforest.eu\/de\/#\/schema\/logo\/image\/","url":"https:\/\/aquaforest.eu\/wp-content\/uploads\/2024\/05\/logotyp-aquaforest.svg","contentUrl":"https:\/\/aquaforest.eu\/wp-content\/uploads\/2024\/05\/logotyp-aquaforest.svg","width":170,"height":22,"caption":"Aquaforest"},"image":{"@id":"https:\/\/aquaforest.eu\/de\/#\/schema\/logo\/image\/"},"sameAs":["https:\/\/www.facebook.com\/Aquaforest\/","https:\/\/www.instagram.com\/aquaforest.eu\/"]}]}},"_links":{"self":[{"href":"https:\/\/aquaforest.eu\/de\/wp-json\/wp\/v2\/product\/11437","targetHints":{"allow":["GET"]}}],"collection":[{"href":"https:\/\/aquaforest.eu\/de\/wp-json\/wp\/v2\/product"}],"about":[{"href":"https:\/\/aquaforest.eu\/de\/wp-json\/wp\/v2\/types\/product"}],"version-history":[{"count":1,"href":"https:\/\/aquaforest.eu\/de\/wp-json\/wp\/v2\/product\/11437\/revisions"}],"predecessor-version":[{"id":31513,"href":"https:\/\/aquaforest.eu\/de\/wp-json\/wp\/v2\/product\/11437\/revisions\/31513"}],"wp:featuredmedia":[{"embeddable":true,"href":"https:\/\/aquaforest.eu\/de\/wp-json\/wp\/v2\/media\/11447"}],"wp:attachment":[{"href":"https:\/\/aquaforest.eu\/de\/wp-json\/wp\/v2\/media?parent=11437"}],"wp:term":[{"taxonomy":"product_brand","embeddable":true,"href":"https:\/\/aquaforest.eu\/de\/wp-json\/wp\/v2\/product_brand?post=11437"},{"taxonomy":"product_cat","embeddable":true,"href":"https:\/\/aquaforest.eu\/de\/wp-json\/wp\/v2\/product_cat?post=11437"},{"taxonomy":"product_tag","embeddable":true,"href":"https:\/\/aquaforest.eu\/de\/wp-json\/wp\/v2\/product_tag?post=11437"}],"curies":[{"name":"wp","href":"https:\/\/api.w.org\/{rel}","templated":true}]}}