{"id":11443,"date":"2024-06-26T02:18:25","date_gmt":"2024-06-26T00:18:25","guid":{"rendered":"https:\/\/aquaforest.eu\/products\/unkategorisiert\/alkanity-test-kit\/"},"modified":"2026-05-04T16:04:51","modified_gmt":"2026-05-04T14:04:51","slug":"alkanity-test-kit","status":"publish","type":"product","link":"https:\/\/aquaforest.eu\/de\/produkte\/seawater\/wassertests\/alkanity-test-kit\/","title":{"rendered":"Alkanity Test Kit"},"content":{"rendered":"<p>Der Aquaforest TestPro KH wurde entwickelt, um die Karbonath\u00e4rte in Meerwasseraquarien schnell zu messen. Um das ordnungsgem\u00e4\u00dfe Funktionieren des Meerwasseraquariums zu gew\u00e4hrleisten, sollte die Alkalinit\u00e4t zwischen 6,5-8,0 dKH f\u00fcr Ultra Low Nutrient Systems (ULNS) liegen. H\u00f6here Werte sind f\u00fcr Aquarien mit h\u00f6herem N\u00e4hrstoffgehalt zul\u00e4ssig. Das Set enth\u00e4lt gen\u00fcgend Reagenzien, um 78-100 Bestimmungen der Karbonath\u00e4rte durchzuf\u00fchren.<\/p>\n<hr \/>\n<h3><strong>Set: <\/strong><\/h3>\n<ol>\n<li>Reagenz A-KH &#8211; 10 ml Flasche<\/li>\n<li>Reagenz B-KH &#8211; 50 ml Flasche<\/li>\n<li>Testfl\u00e4schchen<\/li>\n<li>Spritze (3 ml)<\/li>\n<li>Spritze (1 ml)<\/li>\n<li>Spitze der Spritze<\/li>\n<li>Qualit\u00e4tszertifikat<\/li>\n<li>Gebrauchsanweisung<\/li>\n<\/ol>\n","protected":false},"excerpt":{"rendered":"<p>Schnelltest f\u00fcr die KH-Messung.<br \/>\nReagenzien zur Durchf\u00fchrung von 78-100 Bestimmungen der Karbonath\u00e4rte.<\/p>\n","protected":false},"featured_media":11621,"template":"","meta":{"_acf_changed":false,"content-type":""},"product_brand":[],"product_cat":[1565],"product_tag":[966,1120,1633,1566],"class_list":{"0":"post-11443","1":"product","2":"type-product","3":"status-publish","4":"has-post-thumbnail","6":"product_cat-wassertests","7":"product_tag-aquaforest-de","8":"product_tag-meerwasser-aquarien","9":"product_tag-simple-de","10":"product_tag-wassertests","12":"first","13":"instock","14":"taxable","15":"shipping-taxable","16":"purchasable","17":"product-type-simple"},"acf":[],"yoast_head":"<!-- This site is optimized with the Yoast SEO plugin v27.1.1 - https:\/\/yoast.com\/product\/yoast-seo-wordpress\/ -->\n<title>Alkanity Test Kit - Aquaforest<\/title>\n<meta name=\"description\" content=\"Alkalinity Test Kit von Aquaforest: pr\u00e4zises Kit zur Messung der KH im Aquarium. Zuverl\u00e4ssige Formel f\u00fcr eine pr\u00e4zise Kontrolle und Stabilisierung der Wasserparameter.\" \/>\n<meta name=\"robots\" content=\"index, follow, max-snippet:-1, max-image-preview:large, max-video-preview:-1\" \/>\n<link rel=\"canonical\" href=\"https:\/\/aquaforest.eu\/de\/produkte\/seawater\/wassertests\/alkanity-test-kit\/\" \/>\n<meta property=\"og:locale\" content=\"de_DE\" \/>\n<meta property=\"og:type\" content=\"article\" \/>\n<meta property=\"og:title\" content=\"Alkanity Test Kit - Aquaforest\" \/>\n<meta property=\"og:description\" content=\"Alkalinity Test Kit von Aquaforest: pr\u00e4zises Kit zur Messung der KH im Aquarium. Zuverl\u00e4ssige Formel f\u00fcr eine pr\u00e4zise Kontrolle und Stabilisierung der Wasserparameter.\" \/>\n<meta property=\"og:url\" content=\"https:\/\/aquaforest.eu\/de\/produkte\/seawater\/wassertests\/alkanity-test-kit\/\" \/>\n<meta property=\"og:site_name\" content=\"Aquaforest\" \/>\n<meta property=\"article:publisher\" content=\"https:\/\/www.facebook.com\/Aquaforest\/\" \/>\n<meta property=\"article:modified_time\" content=\"2026-05-04T14:04:51+00:00\" \/>\n<meta property=\"og:image\" content=\"https:\/\/aquaforest.eu\/wp-content\/uploads\/2024\/06\/Alkanity_Test_Kit.png\" \/>\n\t<meta property=\"og:image:width\" content=\"434\" \/>\n\t<meta property=\"og:image:height\" content=\"600\" \/>\n\t<meta property=\"og:image:type\" content=\"image\/png\" \/>\n<meta name=\"twitter:card\" content=\"summary_large_image\" \/>\n<meta name=\"twitter:label1\" content=\"Gesch\u00e4tzte Lesezeit\" \/>\n\t<meta name=\"twitter:data1\" content=\"1\u00a0Minute\" \/>\n<script type=\"application\/ld+json\" class=\"yoast-schema-graph\">{\"@context\":\"https:\/\/schema.org\",\"@graph\":[{\"@type\":\"WebPage\",\"@id\":\"https:\/\/aquaforest.eu\/de\/produkte\/seawater\/wassertests\/alkanity-test-kit\/\",\"url\":\"https:\/\/aquaforest.eu\/de\/produkte\/seawater\/wassertests\/alkanity-test-kit\/\",\"name\":\"Alkanity Test Kit - Aquaforest\",\"isPartOf\":{\"@id\":\"https:\/\/aquaforest.eu\/de\/#website\"},\"primaryImageOfPage\":{\"@id\":\"https:\/\/aquaforest.eu\/de\/produkte\/seawater\/wassertests\/alkanity-test-kit\/#primaryimage\"},\"image\":{\"@id\":\"https:\/\/aquaforest.eu\/de\/produkte\/seawater\/wassertests\/alkanity-test-kit\/#primaryimage\"},\"thumbnailUrl\":\"https:\/\/aquaforest.eu\/wp-content\/uploads\/2024\/06\/Alkanity_Test_Kit.png\",\"datePublished\":\"2024-06-26T00:18:25+00:00\",\"dateModified\":\"2026-05-04T14:04:51+00:00\",\"description\":\"Alkalinity Test Kit von Aquaforest: pr\u00e4zises Kit zur Messung der KH im Aquarium. Zuverl\u00e4ssige Formel f\u00fcr eine pr\u00e4zise Kontrolle und Stabilisierung der Wasserparameter.\",\"breadcrumb\":{\"@id\":\"https:\/\/aquaforest.eu\/de\/produkte\/seawater\/wassertests\/alkanity-test-kit\/#breadcrumb\"},\"inLanguage\":\"de\",\"potentialAction\":[{\"@type\":\"ReadAction\",\"target\":[\"https:\/\/aquaforest.eu\/de\/produkte\/seawater\/wassertests\/alkanity-test-kit\/\"]}]},{\"@type\":\"ImageObject\",\"inLanguage\":\"de\",\"@id\":\"https:\/\/aquaforest.eu\/de\/produkte\/seawater\/wassertests\/alkanity-test-kit\/#primaryimage\",\"url\":\"https:\/\/aquaforest.eu\/wp-content\/uploads\/2024\/06\/Alkanity_Test_Kit.png\",\"contentUrl\":\"https:\/\/aquaforest.eu\/wp-content\/uploads\/2024\/06\/Alkanity_Test_Kit.png\",\"width\":434,\"height\":600},{\"@type\":\"BreadcrumbList\",\"@id\":\"https:\/\/aquaforest.eu\/de\/produkte\/seawater\/wassertests\/alkanity-test-kit\/#breadcrumb\",\"itemListElement\":[{\"@type\":\"ListItem\",\"position\":1,\"name\":\"Home\",\"item\":\"https:\/\/aquaforest.eu\/de\/\"},{\"@type\":\"ListItem\",\"position\":2,\"name\":\"Produkte\",\"item\":\"https:\/\/aquaforest.eu\/de\/produkte\/\"},{\"@type\":\"ListItem\",\"position\":3,\"name\":\"Alkanity Test Kit\"}]},{\"@type\":\"WebSite\",\"@id\":\"https:\/\/aquaforest.eu\/de\/#website\",\"url\":\"https:\/\/aquaforest.eu\/de\/\",\"name\":\"Aquaforest\",\"description\":\"\",\"publisher\":{\"@id\":\"https:\/\/aquaforest.eu\/de\/#organization\"},\"potentialAction\":[{\"@type\":\"SearchAction\",\"target\":{\"@type\":\"EntryPoint\",\"urlTemplate\":\"https:\/\/aquaforest.eu\/de\/?s={search_term_string}\"},\"query-input\":{\"@type\":\"PropertyValueSpecification\",\"valueRequired\":true,\"valueName\":\"search_term_string\"}}],\"inLanguage\":\"de\"},{\"@type\":\"Organization\",\"@id\":\"https:\/\/aquaforest.eu\/de\/#organization\",\"name\":\"Aquaforest\",\"url\":\"https:\/\/aquaforest.eu\/de\/\",\"logo\":{\"@type\":\"ImageObject\",\"inLanguage\":\"de\",\"@id\":\"https:\/\/aquaforest.eu\/de\/#\/schema\/logo\/image\/\",\"url\":\"https:\/\/aquaforest.eu\/wp-content\/uploads\/2024\/05\/logotyp-aquaforest.svg\",\"contentUrl\":\"https:\/\/aquaforest.eu\/wp-content\/uploads\/2024\/05\/logotyp-aquaforest.svg\",\"width\":170,\"height\":22,\"caption\":\"Aquaforest\"},\"image\":{\"@id\":\"https:\/\/aquaforest.eu\/de\/#\/schema\/logo\/image\/\"},\"sameAs\":[\"https:\/\/www.facebook.com\/Aquaforest\/\",\"https:\/\/www.instagram.com\/aquaforest.eu\/\"]}]}<\/script>\n<!-- \/ Yoast SEO plugin. -->","yoast_head_json":{"title":"Alkanity Test Kit - Aquaforest","description":"Alkalinity Test Kit von Aquaforest: pr\u00e4zises Kit zur Messung der KH im Aquarium. Zuverl\u00e4ssige Formel f\u00fcr eine pr\u00e4zise Kontrolle und Stabilisierung der Wasserparameter.","robots":{"index":"index","follow":"follow","max-snippet":"max-snippet:-1","max-image-preview":"max-image-preview:large","max-video-preview":"max-video-preview:-1"},"canonical":"https:\/\/aquaforest.eu\/de\/produkte\/seawater\/wassertests\/alkanity-test-kit\/","og_locale":"de_DE","og_type":"article","og_title":"Alkanity Test Kit - Aquaforest","og_description":"Alkalinity Test Kit von Aquaforest: pr\u00e4zises Kit zur Messung der KH im Aquarium. Zuverl\u00e4ssige Formel f\u00fcr eine pr\u00e4zise Kontrolle und Stabilisierung der Wasserparameter.","og_url":"https:\/\/aquaforest.eu\/de\/produkte\/seawater\/wassertests\/alkanity-test-kit\/","og_site_name":"Aquaforest","article_publisher":"https:\/\/www.facebook.com\/Aquaforest\/","article_modified_time":"2026-05-04T14:04:51+00:00","og_image":[{"width":434,"height":600,"url":"https:\/\/aquaforest.eu\/wp-content\/uploads\/2024\/06\/Alkanity_Test_Kit.png","type":"image\/png"}],"twitter_card":"summary_large_image","twitter_misc":{"Gesch\u00e4tzte Lesezeit":"1\u00a0Minute"},"schema":{"@context":"https:\/\/schema.org","@graph":[{"@type":"WebPage","@id":"https:\/\/aquaforest.eu\/de\/produkte\/seawater\/wassertests\/alkanity-test-kit\/","url":"https:\/\/aquaforest.eu\/de\/produkte\/seawater\/wassertests\/alkanity-test-kit\/","name":"Alkanity Test Kit - Aquaforest","isPartOf":{"@id":"https:\/\/aquaforest.eu\/de\/#website"},"primaryImageOfPage":{"@id":"https:\/\/aquaforest.eu\/de\/produkte\/seawater\/wassertests\/alkanity-test-kit\/#primaryimage"},"image":{"@id":"https:\/\/aquaforest.eu\/de\/produkte\/seawater\/wassertests\/alkanity-test-kit\/#primaryimage"},"thumbnailUrl":"https:\/\/aquaforest.eu\/wp-content\/uploads\/2024\/06\/Alkanity_Test_Kit.png","datePublished":"2024-06-26T00:18:25+00:00","dateModified":"2026-05-04T14:04:51+00:00","description":"Alkalinity Test Kit von Aquaforest: pr\u00e4zises Kit zur Messung der KH im Aquarium. Zuverl\u00e4ssige Formel f\u00fcr eine pr\u00e4zise Kontrolle und Stabilisierung der Wasserparameter.","breadcrumb":{"@id":"https:\/\/aquaforest.eu\/de\/produkte\/seawater\/wassertests\/alkanity-test-kit\/#breadcrumb"},"inLanguage":"de","potentialAction":[{"@type":"ReadAction","target":["https:\/\/aquaforest.eu\/de\/produkte\/seawater\/wassertests\/alkanity-test-kit\/"]}]},{"@type":"ImageObject","inLanguage":"de","@id":"https:\/\/aquaforest.eu\/de\/produkte\/seawater\/wassertests\/alkanity-test-kit\/#primaryimage","url":"https:\/\/aquaforest.eu\/wp-content\/uploads\/2024\/06\/Alkanity_Test_Kit.png","contentUrl":"https:\/\/aquaforest.eu\/wp-content\/uploads\/2024\/06\/Alkanity_Test_Kit.png","width":434,"height":600},{"@type":"BreadcrumbList","@id":"https:\/\/aquaforest.eu\/de\/produkte\/seawater\/wassertests\/alkanity-test-kit\/#breadcrumb","itemListElement":[{"@type":"ListItem","position":1,"name":"Home","item":"https:\/\/aquaforest.eu\/de\/"},{"@type":"ListItem","position":2,"name":"Produkte","item":"https:\/\/aquaforest.eu\/de\/produkte\/"},{"@type":"ListItem","position":3,"name":"Alkanity Test Kit"}]},{"@type":"WebSite","@id":"https:\/\/aquaforest.eu\/de\/#website","url":"https:\/\/aquaforest.eu\/de\/","name":"Aquaforest","description":"","publisher":{"@id":"https:\/\/aquaforest.eu\/de\/#organization"},"potentialAction":[{"@type":"SearchAction","target":{"@type":"EntryPoint","urlTemplate":"https:\/\/aquaforest.eu\/de\/?s={search_term_string}"},"query-input":{"@type":"PropertyValueSpecification","valueRequired":true,"valueName":"search_term_string"}}],"inLanguage":"de"},{"@type":"Organization","@id":"https:\/\/aquaforest.eu\/de\/#organization","name":"Aquaforest","url":"https:\/\/aquaforest.eu\/de\/","logo":{"@type":"ImageObject","inLanguage":"de","@id":"https:\/\/aquaforest.eu\/de\/#\/schema\/logo\/image\/","url":"https:\/\/aquaforest.eu\/wp-content\/uploads\/2024\/05\/logotyp-aquaforest.svg","contentUrl":"https:\/\/aquaforest.eu\/wp-content\/uploads\/2024\/05\/logotyp-aquaforest.svg","width":170,"height":22,"caption":"Aquaforest"},"image":{"@id":"https:\/\/aquaforest.eu\/de\/#\/schema\/logo\/image\/"},"sameAs":["https:\/\/www.facebook.com\/Aquaforest\/","https:\/\/www.instagram.com\/aquaforest.eu\/"]}]}},"_links":{"self":[{"href":"https:\/\/aquaforest.eu\/de\/wp-json\/wp\/v2\/product\/11443","targetHints":{"allow":["GET"]}}],"collection":[{"href":"https:\/\/aquaforest.eu\/de\/wp-json\/wp\/v2\/product"}],"about":[{"href":"https:\/\/aquaforest.eu\/de\/wp-json\/wp\/v2\/types\/product"}],"version-history":[{"count":1,"href":"https:\/\/aquaforest.eu\/de\/wp-json\/wp\/v2\/product\/11443\/revisions"}],"predecessor-version":[{"id":31563,"href":"https:\/\/aquaforest.eu\/de\/wp-json\/wp\/v2\/product\/11443\/revisions\/31563"}],"wp:featuredmedia":[{"embeddable":true,"href":"https:\/\/aquaforest.eu\/de\/wp-json\/wp\/v2\/media\/11621"}],"wp:attachment":[{"href":"https:\/\/aquaforest.eu\/de\/wp-json\/wp\/v2\/media?parent=11443"}],"wp:term":[{"taxonomy":"product_brand","embeddable":true,"href":"https:\/\/aquaforest.eu\/de\/wp-json\/wp\/v2\/product_brand?post=11443"},{"taxonomy":"product_cat","embeddable":true,"href":"https:\/\/aquaforest.eu\/de\/wp-json\/wp\/v2\/product_cat?post=11443"},{"taxonomy":"product_tag","embeddable":true,"href":"https:\/\/aquaforest.eu\/de\/wp-json\/wp\/v2\/product_tag?post=11443"}],"curies":[{"name":"wp","href":"https:\/\/api.w.org\/{rel}","templated":true}]}}