{"id":11457,"date":"2024-06-26T02:18:25","date_gmt":"2024-06-26T00:18:25","guid":{"rendered":"https:\/\/aquaforest.eu\/products\/unkategorisiert\/di-harz\/"},"modified":"2024-10-23T02:24:44","modified_gmt":"2024-10-23T00:24:44","slug":"di-resin","status":"publish","type":"product","link":"https:\/\/aquaforest.eu\/de\/produkte\/seawater\/wasseraufbereitung\/di-resin\/","title":{"rendered":"Di Resin"},"content":{"rendered":"<p>Gebrauchsfertiges Harz h\u00f6chster Qualit\u00e4t f\u00fcr die Demineralisierung von Wasser. Speziell f\u00fcr Umkehrosmosefilter entwickelt, vor allem als letzte Stufe der Leitungswasseraufbereitung. Das Entmineralisierungsharz ist perfekt f\u00fcr die Herstellung von vollst\u00e4ndig entmineralisiertem Wasser. Es garantiert ein Wasser, das frei von Silikaten, Kohlendioxid und anderen Verunreinigungen ist.<\/p>\n<p>&nbsp;<\/p>\n<hr \/>\n<p>&nbsp;<\/p>\n<p><strong>Dosierung:<\/strong> Setzen Sie das Harz als letzte Stufe der Filtration in den Filter ein. Das Harz sollte ersetzt werden, wenn der TDS-Wert beginnt, mehr als 001 anzuzeigen.<\/p>\n<p>&nbsp;<\/p>\n<hr \/>\n<p>&nbsp;<\/p>\n<p><strong>Wissenswert:<\/strong> Verursacht schwere Augenreizungen. Waschen Sie sich nach der Handhabung gr\u00fcndlich die H\u00e4nde. Tragen Sie Schutzhandschuhe\/Schutzkleidung\/Augenschutz\/Gesichtsschutz. BEI KONTAKT MIT DEN AUGEN: Einige Minuten lang behutsam mit Wasser sp\u00fclen. Entfernen Sie Kontaktlinsen, falls vorhanden und leicht m\u00f6glich. Weiter aussp\u00fclen. Wenn die Augenreizung anh\u00e4lt: \u00c4rztlichen Rat einholen\/\u00e4rztliche Hilfe in Anspruch nehmen.<\/p>\n","protected":false},"excerpt":{"rendered":"<p>Harz f\u00fcr RO-Filter.<br \/>\nSpeziell f\u00fcr Umkehrosmosefilter entwickelt, vor allem als letzte Stufe der Leitungswasseraufbereitung.<\/p>\n","protected":false},"featured_media":11471,"template":"","meta":{"_acf_changed":false,"content-type":""},"product_brand":[],"product_cat":[1158],"product_tag":[966,1120,1097],"class_list":{"0":"post-11457","1":"product","2":"type-product","3":"status-publish","4":"has-post-thumbnail","6":"product_cat-wasseraufbereitung","7":"product_tag-aquaforest-de","8":"product_tag-meerwasser-aquarien","9":"product_tag-wasserversorgung","11":"first","12":"instock","13":"taxable","14":"shipping-taxable","15":"purchasable","16":"product-type-simple"},"acf":[],"yoast_head":"<!-- This site is optimized with the Yoast SEO plugin v27.1.1 - https:\/\/yoast.com\/product\/yoast-seo-wordpress\/ -->\n<title>Di Resin - Aquaforest<\/title>\n<meta name=\"description\" content=\"Gebrauchsfertiges Harz h\u00f6chster Qualit\u00e4t f\u00fcr die Demineralisierung von Wasser. Speziell f\u00fcr Umkehrosmosefilter entwickelt, haupts\u00e4chlich als letzte Stufe der Leitungswasseraufbereitung.\" \/>\n<meta name=\"robots\" content=\"index, follow, max-snippet:-1, max-image-preview:large, max-video-preview:-1\" \/>\n<link rel=\"canonical\" href=\"https:\/\/aquaforest.eu\/de\/produkte\/seawater\/wasseraufbereitung\/di-resin\/\" \/>\n<meta property=\"og:locale\" content=\"de_DE\" \/>\n<meta property=\"og:type\" content=\"article\" \/>\n<meta property=\"og:title\" content=\"Di Resin - Aquaforest\" \/>\n<meta property=\"og:description\" content=\"Gebrauchsfertiges Harz h\u00f6chster Qualit\u00e4t f\u00fcr die Demineralisierung von Wasser. Speziell f\u00fcr Umkehrosmosefilter entwickelt, haupts\u00e4chlich als letzte Stufe der Leitungswasseraufbereitung.\" \/>\n<meta property=\"og:url\" content=\"https:\/\/aquaforest.eu\/de\/produkte\/seawater\/wasseraufbereitung\/di-resin\/\" \/>\n<meta property=\"og:site_name\" content=\"Aquaforest\" \/>\n<meta property=\"article:publisher\" content=\"https:\/\/www.facebook.com\/Aquaforest\/\" \/>\n<meta property=\"article:modified_time\" content=\"2024-10-23T00:24:44+00:00\" \/>\n<meta property=\"og:image\" content=\"https:\/\/aquaforest.eu\/wp-content\/uploads\/2024\/06\/Di-Resin.png\" \/>\n\t<meta property=\"og:image:width\" content=\"432\" \/>\n\t<meta property=\"og:image:height\" content=\"600\" \/>\n\t<meta property=\"og:image:type\" content=\"image\/png\" \/>\n<meta name=\"twitter:card\" content=\"summary_large_image\" \/>\n<meta name=\"twitter:label1\" content=\"Gesch\u00e4tzte Lesezeit\" \/>\n\t<meta name=\"twitter:data1\" content=\"1\u00a0Minute\" \/>\n<script type=\"application\/ld+json\" class=\"yoast-schema-graph\">{\"@context\":\"https:\/\/schema.org\",\"@graph\":[{\"@type\":\"WebPage\",\"@id\":\"https:\/\/aquaforest.eu\/de\/produkte\/seawater\/wasseraufbereitung\/di-resin\/\",\"url\":\"https:\/\/aquaforest.eu\/de\/produkte\/seawater\/wasseraufbereitung\/di-resin\/\",\"name\":\"Di Resin - Aquaforest\",\"isPartOf\":{\"@id\":\"https:\/\/aquaforest.eu\/de\/#website\"},\"primaryImageOfPage\":{\"@id\":\"https:\/\/aquaforest.eu\/de\/produkte\/seawater\/wasseraufbereitung\/di-resin\/#primaryimage\"},\"image\":{\"@id\":\"https:\/\/aquaforest.eu\/de\/produkte\/seawater\/wasseraufbereitung\/di-resin\/#primaryimage\"},\"thumbnailUrl\":\"https:\/\/aquaforest.eu\/wp-content\/uploads\/2024\/06\/Di-Resin.png\",\"datePublished\":\"2024-06-26T00:18:25+00:00\",\"dateModified\":\"2024-10-23T00:24:44+00:00\",\"description\":\"Gebrauchsfertiges Harz h\u00f6chster Qualit\u00e4t f\u00fcr die Demineralisierung von Wasser. Speziell f\u00fcr Umkehrosmosefilter entwickelt, haupts\u00e4chlich als letzte Stufe der Leitungswasseraufbereitung.\",\"breadcrumb\":{\"@id\":\"https:\/\/aquaforest.eu\/de\/produkte\/seawater\/wasseraufbereitung\/di-resin\/#breadcrumb\"},\"inLanguage\":\"de\",\"potentialAction\":[{\"@type\":\"ReadAction\",\"target\":[\"https:\/\/aquaforest.eu\/de\/produkte\/seawater\/wasseraufbereitung\/di-resin\/\"]}]},{\"@type\":\"ImageObject\",\"inLanguage\":\"de\",\"@id\":\"https:\/\/aquaforest.eu\/de\/produkte\/seawater\/wasseraufbereitung\/di-resin\/#primaryimage\",\"url\":\"https:\/\/aquaforest.eu\/wp-content\/uploads\/2024\/06\/Di-Resin.png\",\"contentUrl\":\"https:\/\/aquaforest.eu\/wp-content\/uploads\/2024\/06\/Di-Resin.png\",\"width\":432,\"height\":600},{\"@type\":\"BreadcrumbList\",\"@id\":\"https:\/\/aquaforest.eu\/de\/produkte\/seawater\/wasseraufbereitung\/di-resin\/#breadcrumb\",\"itemListElement\":[{\"@type\":\"ListItem\",\"position\":1,\"name\":\"Home\",\"item\":\"https:\/\/aquaforest.eu\/de\/\"},{\"@type\":\"ListItem\",\"position\":2,\"name\":\"Produkte\",\"item\":\"https:\/\/aquaforest.eu\/de\/produkte\/\"},{\"@type\":\"ListItem\",\"position\":3,\"name\":\"Di Resin\"}]},{\"@type\":\"WebSite\",\"@id\":\"https:\/\/aquaforest.eu\/de\/#website\",\"url\":\"https:\/\/aquaforest.eu\/de\/\",\"name\":\"Aquaforest\",\"description\":\"\",\"publisher\":{\"@id\":\"https:\/\/aquaforest.eu\/de\/#organization\"},\"potentialAction\":[{\"@type\":\"SearchAction\",\"target\":{\"@type\":\"EntryPoint\",\"urlTemplate\":\"https:\/\/aquaforest.eu\/de\/?s={search_term_string}\"},\"query-input\":{\"@type\":\"PropertyValueSpecification\",\"valueRequired\":true,\"valueName\":\"search_term_string\"}}],\"inLanguage\":\"de\"},{\"@type\":\"Organization\",\"@id\":\"https:\/\/aquaforest.eu\/de\/#organization\",\"name\":\"Aquaforest\",\"url\":\"https:\/\/aquaforest.eu\/de\/\",\"logo\":{\"@type\":\"ImageObject\",\"inLanguage\":\"de\",\"@id\":\"https:\/\/aquaforest.eu\/de\/#\/schema\/logo\/image\/\",\"url\":\"https:\/\/aquaforest.eu\/wp-content\/uploads\/2024\/05\/logotyp-aquaforest.svg\",\"contentUrl\":\"https:\/\/aquaforest.eu\/wp-content\/uploads\/2024\/05\/logotyp-aquaforest.svg\",\"width\":170,\"height\":22,\"caption\":\"Aquaforest\"},\"image\":{\"@id\":\"https:\/\/aquaforest.eu\/de\/#\/schema\/logo\/image\/\"},\"sameAs\":[\"https:\/\/www.facebook.com\/Aquaforest\/\",\"https:\/\/www.instagram.com\/aquaforest.eu\/\"]}]}<\/script>\n<!-- \/ Yoast SEO plugin. -->","yoast_head_json":{"title":"Di Resin - Aquaforest","description":"Gebrauchsfertiges Harz h\u00f6chster Qualit\u00e4t f\u00fcr die Demineralisierung von Wasser. Speziell f\u00fcr Umkehrosmosefilter entwickelt, haupts\u00e4chlich als letzte Stufe der Leitungswasseraufbereitung.","robots":{"index":"index","follow":"follow","max-snippet":"max-snippet:-1","max-image-preview":"max-image-preview:large","max-video-preview":"max-video-preview:-1"},"canonical":"https:\/\/aquaforest.eu\/de\/produkte\/seawater\/wasseraufbereitung\/di-resin\/","og_locale":"de_DE","og_type":"article","og_title":"Di Resin - Aquaforest","og_description":"Gebrauchsfertiges Harz h\u00f6chster Qualit\u00e4t f\u00fcr die Demineralisierung von Wasser. Speziell f\u00fcr Umkehrosmosefilter entwickelt, haupts\u00e4chlich als letzte Stufe der Leitungswasseraufbereitung.","og_url":"https:\/\/aquaforest.eu\/de\/produkte\/seawater\/wasseraufbereitung\/di-resin\/","og_site_name":"Aquaforest","article_publisher":"https:\/\/www.facebook.com\/Aquaforest\/","article_modified_time":"2024-10-23T00:24:44+00:00","og_image":[{"width":432,"height":600,"url":"https:\/\/aquaforest.eu\/wp-content\/uploads\/2024\/06\/Di-Resin.png","type":"image\/png"}],"twitter_card":"summary_large_image","twitter_misc":{"Gesch\u00e4tzte Lesezeit":"1\u00a0Minute"},"schema":{"@context":"https:\/\/schema.org","@graph":[{"@type":"WebPage","@id":"https:\/\/aquaforest.eu\/de\/produkte\/seawater\/wasseraufbereitung\/di-resin\/","url":"https:\/\/aquaforest.eu\/de\/produkte\/seawater\/wasseraufbereitung\/di-resin\/","name":"Di Resin - Aquaforest","isPartOf":{"@id":"https:\/\/aquaforest.eu\/de\/#website"},"primaryImageOfPage":{"@id":"https:\/\/aquaforest.eu\/de\/produkte\/seawater\/wasseraufbereitung\/di-resin\/#primaryimage"},"image":{"@id":"https:\/\/aquaforest.eu\/de\/produkte\/seawater\/wasseraufbereitung\/di-resin\/#primaryimage"},"thumbnailUrl":"https:\/\/aquaforest.eu\/wp-content\/uploads\/2024\/06\/Di-Resin.png","datePublished":"2024-06-26T00:18:25+00:00","dateModified":"2024-10-23T00:24:44+00:00","description":"Gebrauchsfertiges Harz h\u00f6chster Qualit\u00e4t f\u00fcr die Demineralisierung von Wasser. Speziell f\u00fcr Umkehrosmosefilter entwickelt, haupts\u00e4chlich als letzte Stufe der Leitungswasseraufbereitung.","breadcrumb":{"@id":"https:\/\/aquaforest.eu\/de\/produkte\/seawater\/wasseraufbereitung\/di-resin\/#breadcrumb"},"inLanguage":"de","potentialAction":[{"@type":"ReadAction","target":["https:\/\/aquaforest.eu\/de\/produkte\/seawater\/wasseraufbereitung\/di-resin\/"]}]},{"@type":"ImageObject","inLanguage":"de","@id":"https:\/\/aquaforest.eu\/de\/produkte\/seawater\/wasseraufbereitung\/di-resin\/#primaryimage","url":"https:\/\/aquaforest.eu\/wp-content\/uploads\/2024\/06\/Di-Resin.png","contentUrl":"https:\/\/aquaforest.eu\/wp-content\/uploads\/2024\/06\/Di-Resin.png","width":432,"height":600},{"@type":"BreadcrumbList","@id":"https:\/\/aquaforest.eu\/de\/produkte\/seawater\/wasseraufbereitung\/di-resin\/#breadcrumb","itemListElement":[{"@type":"ListItem","position":1,"name":"Home","item":"https:\/\/aquaforest.eu\/de\/"},{"@type":"ListItem","position":2,"name":"Produkte","item":"https:\/\/aquaforest.eu\/de\/produkte\/"},{"@type":"ListItem","position":3,"name":"Di Resin"}]},{"@type":"WebSite","@id":"https:\/\/aquaforest.eu\/de\/#website","url":"https:\/\/aquaforest.eu\/de\/","name":"Aquaforest","description":"","publisher":{"@id":"https:\/\/aquaforest.eu\/de\/#organization"},"potentialAction":[{"@type":"SearchAction","target":{"@type":"EntryPoint","urlTemplate":"https:\/\/aquaforest.eu\/de\/?s={search_term_string}"},"query-input":{"@type":"PropertyValueSpecification","valueRequired":true,"valueName":"search_term_string"}}],"inLanguage":"de"},{"@type":"Organization","@id":"https:\/\/aquaforest.eu\/de\/#organization","name":"Aquaforest","url":"https:\/\/aquaforest.eu\/de\/","logo":{"@type":"ImageObject","inLanguage":"de","@id":"https:\/\/aquaforest.eu\/de\/#\/schema\/logo\/image\/","url":"https:\/\/aquaforest.eu\/wp-content\/uploads\/2024\/05\/logotyp-aquaforest.svg","contentUrl":"https:\/\/aquaforest.eu\/wp-content\/uploads\/2024\/05\/logotyp-aquaforest.svg","width":170,"height":22,"caption":"Aquaforest"},"image":{"@id":"https:\/\/aquaforest.eu\/de\/#\/schema\/logo\/image\/"},"sameAs":["https:\/\/www.facebook.com\/Aquaforest\/","https:\/\/www.instagram.com\/aquaforest.eu\/"]}]}},"_links":{"self":[{"href":"https:\/\/aquaforest.eu\/de\/wp-json\/wp\/v2\/product\/11457","targetHints":{"allow":["GET"]}}],"collection":[{"href":"https:\/\/aquaforest.eu\/de\/wp-json\/wp\/v2\/product"}],"about":[{"href":"https:\/\/aquaforest.eu\/de\/wp-json\/wp\/v2\/types\/product"}],"version-history":[{"count":0,"href":"https:\/\/aquaforest.eu\/de\/wp-json\/wp\/v2\/product\/11457\/revisions"}],"wp:featuredmedia":[{"embeddable":true,"href":"https:\/\/aquaforest.eu\/de\/wp-json\/wp\/v2\/media\/11471"}],"wp:attachment":[{"href":"https:\/\/aquaforest.eu\/de\/wp-json\/wp\/v2\/media?parent=11457"}],"wp:term":[{"taxonomy":"product_brand","embeddable":true,"href":"https:\/\/aquaforest.eu\/de\/wp-json\/wp\/v2\/product_brand?post=11457"},{"taxonomy":"product_cat","embeddable":true,"href":"https:\/\/aquaforest.eu\/de\/wp-json\/wp\/v2\/product_cat?post=11457"},{"taxonomy":"product_tag","embeddable":true,"href":"https:\/\/aquaforest.eu\/de\/wp-json\/wp\/v2\/product_tag?post=11457"}],"curies":[{"name":"wp","href":"https:\/\/api.w.org\/{rel}","templated":true}]}}