{"id":11459,"date":"2024-06-26T02:18:25","date_gmt":"2024-06-26T00:18:25","guid":{"rendered":"https:\/\/aquaforest.eu\/products\/unkategorisiert\/af-luftwaescher-medien\/"},"modified":"2025-02-10T13:15:58","modified_gmt":"2025-02-10T12:15:58","slug":"af-air-scrubber-media","status":"publish","type":"product","link":"https:\/\/aquaforest.eu\/de\/produkte\/seawater\/wasseraufbereitung\/af-air-scrubber-media\/","title":{"rendered":"AF Air Scrubber Media"},"content":{"rendered":"<p>Riffaquarien sind komplexe und oft empfindliche \u00d6kosysteme, die auf Stabilit\u00e4t angewiesen sind, um erfolgreich zu sein.<br \/>\nT\u00e4gliche Schwankungen des Kohlendioxidgehalts (CO2) in der Luft, die durch normale Atmung, Haustiere und Kochen verursacht werden, k\u00f6nnen den pH-Wert des Aquariums beeinflussen. Je h\u00f6her die CO2-Konzentration ist, die der Absch\u00e4umer ansaugt, desto st\u00e4rker wird das Wasser versauert, was oft zu einem Absinken des pH-Werts, einem instabilen dKH-Wert und einer erheblich gehemmten Korallenwachstum f\u00fchrt.<br \/>\nIm Laufe der Zeit kann dies zu gestressten Korallen und sogar zum Verlust der Koralle f\u00fchren.<br \/>\nF\u00fcr eine gute Entwicklung ben\u00f6tigen Korallen einen stabilen pH-Wert von 8,1-8,4.<\/p>\n<p>&nbsp;<\/p>\n<hr \/>\n<p>&nbsp;<\/p>\n<p>Wenn das Licht eingeschaltet ist, findet Photosynthese statt, um den pH-Wert des Aquariums zu stabilisieren. Nachts sinkt der pH-Wert jedoch, da der Sauerstoffbedarf steigt. Dies gilt vor allem im Herbst und Winter, wenn die Fenster oft geschlossen sind und die R\u00e4ume weniger gel\u00fcftet werden. Dies ist die ideale Zeit, um mit dem AF Air Scrubber Medium zu beginnen, um ein stabiles Riffaquarium zu unterst\u00fctzen.<\/p>\n<p>&nbsp;<\/p>\n<hr \/>\n<p>&nbsp;<\/p>\n<p>AF Air Scrubber Medium hilft, sch\u00e4dliche Schwankungen der Parameter zu verhindern, die durch einen niedrigen pH-Wert des Wassers verursacht werden. Das Adsorbergranulat besteht aus wei\u00dfen trockenen Pellets. Es f\u00fcllt die Filterkammer dicht aus und l\u00e4sst gleichzeitig einen Luftstrom zu. Dadurch absorbiert es perfekt das Kohlendioxid. Bei regelm\u00e4\u00dfigem Gebrauch und Austausch garantiert es einen stabilen pH-Wert im Aquarium.<\/p>\n<p>&nbsp;<\/p>\n<hr \/>\n<p>&nbsp;<\/p>\n<p>Unseren Tests zufolge kann das AF Air Scrubber Medium den pH-Wert um ~0,2 &#8211; 0,4 Punkte anheben und ihn im Bereich von 8,0 &#8211; 8,4 stabilisieren.<br \/>\nWir empfehlen, das AF Air Scrubber Medium zusammen mit dem AF Air Scrubber Filter zu verwenden.<br \/>\nDiese Konfiguration gew\u00e4hrleistet die effektivste Entfernung von CO2 aus der Luft, die vom Absch\u00e4umer angesaugt wird.<br \/>\nDas farbwechselnde Medium nutzt sich allm\u00e4hlich ab, so dass Sie leicht erkennen k\u00f6nnen, wann Sie die Patrone ersetzen m\u00fcssen.<br \/>\nWir empfehlen, sie zu ersetzen, bevor sich die Farbe vollst\u00e4ndig ver\u00e4ndert.<br \/>\nDas Adsorbergranulat ist f\u00fcr den einmaligen Gebrauch bestimmt und kann nicht regeneriert und wiederverwendet werden.<br \/>\nIhre S\u00e4ttigung mit Kohlendioxid erkennen Sie an der Farbe der Pellets.<br \/>\nWenn sich das Adsorbergranulat lila f\u00e4rbt, bedeutet dies, dass sie Kohlendioxid absorbiert hat.<br \/>\nNur unser AF Scrubber Media gew\u00e4hrleisten ihren ununterbrochenen Betrieb und die h\u00f6chste Effizienz.<br \/>\nUm eine optimale und lang anhaltende Filtration zu erreichen, wird empfohlen, AF Air Scrubber Medium zusammen mit einem speziellen AF Air Scrubber Filter zu verwenden.<\/p>\n<p>&nbsp;<\/p>\n<hr \/>\n<p>&nbsp;<\/p>\n<p><strong>Wesentliche Merkmale<\/strong><\/p>\n<ul>\n<li>Ausgezeichnete CO2-Absorptionseigenschaften<\/li>\n<li>Hebt den pH-Wert wirksam an<\/li>\n<li>Unterst\u00fctzt den Zustand und das Wachstum von Korallen<\/li>\n<li>Verhindert pH-Schwankungen in einem Meerwasseraquarium<\/li>\n<li>Indikator f\u00fcr den Grad der Abnutzung<\/li>\n<li>Einfach zu benutzen<\/li>\n<li>Das hochwertigste Produkt, v\u00f6llig sicher f\u00fcr Fische und Korallen<\/li>\n<\/ul>\n<p>&nbsp;<\/p>\n<hr \/>\n<p>&nbsp;<\/p>\n<p><strong>Wichtig<\/strong><\/p>\n<p>Wir empfehlen, die Medien zu ersetzen, wenn sich die Farbe \u00e4ndert oder der pH-Wert zu sinken beginnt. Eine Packung ist eine vollst\u00e4ndige Nachf\u00fcllung des AF Air Scrubber Reaktors. AF Air Scrubber Medien k\u00f6nnen zusammen mit Aktivkohle verwendet werden. Wenn verbrauchte adsorbergranulat zu lange im Reaktor verbleiben, k\u00f6nnen sie sich wieder verf\u00e4rben, aber sie sind nicht mehr wirksam bei der Entfernung von CO2 aus der Luft. Wenn Sie das Medium austauschen, tragen Sie am besten Handschuhe und f\u00fchren Sie dies in einem gut bel\u00fcfteten Raum durch.<br \/>\nDas Produkt ist nur f\u00fcr den Gebrauch in Aquarien bestimmt.<br \/>\nNicht f\u00fcr den menschlichen Verzehr geeignet.<br \/>\nBewahren Sie es an einem k\u00fchlen, trockenen Ort und vor direktem Licht gesch\u00fctzt auf.<\/p>\n","protected":false},"excerpt":{"rendered":"<p>Mittel zur Erh\u00f6hung des pH-Werts.<br \/>\nHilft, sch\u00e4dliche Schwankungen der Parameter zu verhindern, die durch einen niedrigen pH-Wert im Wasser verursacht werden.<\/p>\n","protected":false},"featured_media":11675,"template":"","meta":{"_acf_changed":false,"content-type":""},"product_brand":[],"product_cat":[1158],"product_tag":[966,1120,1633,1097],"class_list":{"0":"post-11459","1":"product","2":"type-product","3":"status-publish","4":"has-post-thumbnail","6":"product_cat-wasseraufbereitung","7":"product_tag-aquaforest-de","8":"product_tag-meerwasser-aquarien","9":"product_tag-simple-de","10":"product_tag-wasserversorgung","12":"first","13":"instock","14":"taxable","15":"shipping-taxable","16":"purchasable","17":"product-type-simple"},"acf":[],"yoast_head":"<!-- This site is optimized with the Yoast SEO plugin v27.1.1 - https:\/\/yoast.com\/product\/yoast-seo-wordpress\/ -->\n<title>AF Air Scrubber Media - Aquaforest<\/title>\n<meta name=\"description\" content=\"AF Air Scrubber Media: Effektives Filtermedium zur Anhebung des pH-Werts des Wassers.\" \/>\n<meta name=\"robots\" content=\"index, follow, max-snippet:-1, max-image-preview:large, max-video-preview:-1\" \/>\n<link rel=\"canonical\" href=\"https:\/\/aquaforest.eu\/de\/produkte\/seawater\/wasseraufbereitung\/af-air-scrubber-media\/\" \/>\n<meta property=\"og:locale\" content=\"de_DE\" \/>\n<meta property=\"og:type\" content=\"article\" \/>\n<meta property=\"og:title\" content=\"AF Air Scrubber Media - Aquaforest\" \/>\n<meta property=\"og:description\" content=\"AF Air Scrubber Media: Effektives Filtermedium zur Anhebung des pH-Werts des Wassers.\" \/>\n<meta property=\"og:url\" content=\"https:\/\/aquaforest.eu\/de\/produkte\/seawater\/wasseraufbereitung\/af-air-scrubber-media\/\" \/>\n<meta property=\"og:site_name\" content=\"Aquaforest\" \/>\n<meta property=\"article:publisher\" content=\"https:\/\/www.facebook.com\/Aquaforest\/\" \/>\n<meta property=\"article:modified_time\" content=\"2025-02-10T12:15:58+00:00\" \/>\n<meta property=\"og:image\" content=\"https:\/\/aquaforest.eu\/wp-content\/uploads\/2024\/06\/AF-Air-Scrubber-Media.png\" \/>\n\t<meta property=\"og:image:width\" content=\"452\" \/>\n\t<meta property=\"og:image:height\" content=\"600\" \/>\n\t<meta property=\"og:image:type\" content=\"image\/png\" \/>\n<meta name=\"twitter:card\" content=\"summary_large_image\" \/>\n<meta name=\"twitter:label1\" content=\"Gesch\u00e4tzte Lesezeit\" \/>\n\t<meta name=\"twitter:data1\" content=\"3\u00a0Minuten\" \/>\n<script type=\"application\/ld+json\" class=\"yoast-schema-graph\">{\"@context\":\"https:\/\/schema.org\",\"@graph\":[{\"@type\":\"WebPage\",\"@id\":\"https:\/\/aquaforest.eu\/de\/produkte\/seawater\/wasseraufbereitung\/af-air-scrubber-media\/\",\"url\":\"https:\/\/aquaforest.eu\/de\/produkte\/seawater\/wasseraufbereitung\/af-air-scrubber-media\/\",\"name\":\"AF Air Scrubber Media - Aquaforest\",\"isPartOf\":{\"@id\":\"https:\/\/aquaforest.eu\/de\/#website\"},\"primaryImageOfPage\":{\"@id\":\"https:\/\/aquaforest.eu\/de\/produkte\/seawater\/wasseraufbereitung\/af-air-scrubber-media\/#primaryimage\"},\"image\":{\"@id\":\"https:\/\/aquaforest.eu\/de\/produkte\/seawater\/wasseraufbereitung\/af-air-scrubber-media\/#primaryimage\"},\"thumbnailUrl\":\"https:\/\/aquaforest.eu\/wp-content\/uploads\/2024\/06\/AF-Air-Scrubber-Media.png\",\"datePublished\":\"2024-06-26T00:18:25+00:00\",\"dateModified\":\"2025-02-10T12:15:58+00:00\",\"description\":\"AF Air Scrubber Media: Effektives Filtermedium zur Anhebung des pH-Werts des Wassers.\",\"breadcrumb\":{\"@id\":\"https:\/\/aquaforest.eu\/de\/produkte\/seawater\/wasseraufbereitung\/af-air-scrubber-media\/#breadcrumb\"},\"inLanguage\":\"de\",\"potentialAction\":[{\"@type\":\"ReadAction\",\"target\":[\"https:\/\/aquaforest.eu\/de\/produkte\/seawater\/wasseraufbereitung\/af-air-scrubber-media\/\"]}]},{\"@type\":\"ImageObject\",\"inLanguage\":\"de\",\"@id\":\"https:\/\/aquaforest.eu\/de\/produkte\/seawater\/wasseraufbereitung\/af-air-scrubber-media\/#primaryimage\",\"url\":\"https:\/\/aquaforest.eu\/wp-content\/uploads\/2024\/06\/AF-Air-Scrubber-Media.png\",\"contentUrl\":\"https:\/\/aquaforest.eu\/wp-content\/uploads\/2024\/06\/AF-Air-Scrubber-Media.png\",\"width\":452,\"height\":600},{\"@type\":\"BreadcrumbList\",\"@id\":\"https:\/\/aquaforest.eu\/de\/produkte\/seawater\/wasseraufbereitung\/af-air-scrubber-media\/#breadcrumb\",\"itemListElement\":[{\"@type\":\"ListItem\",\"position\":1,\"name\":\"Home\",\"item\":\"https:\/\/aquaforest.eu\/de\/\"},{\"@type\":\"ListItem\",\"position\":2,\"name\":\"Produkte\",\"item\":\"https:\/\/aquaforest.eu\/de\/produkte\/\"},{\"@type\":\"ListItem\",\"position\":3,\"name\":\"AF Air Scrubber Media\"}]},{\"@type\":\"WebSite\",\"@id\":\"https:\/\/aquaforest.eu\/de\/#website\",\"url\":\"https:\/\/aquaforest.eu\/de\/\",\"name\":\"Aquaforest\",\"description\":\"\",\"publisher\":{\"@id\":\"https:\/\/aquaforest.eu\/de\/#organization\"},\"potentialAction\":[{\"@type\":\"SearchAction\",\"target\":{\"@type\":\"EntryPoint\",\"urlTemplate\":\"https:\/\/aquaforest.eu\/de\/?s={search_term_string}\"},\"query-input\":{\"@type\":\"PropertyValueSpecification\",\"valueRequired\":true,\"valueName\":\"search_term_string\"}}],\"inLanguage\":\"de\"},{\"@type\":\"Organization\",\"@id\":\"https:\/\/aquaforest.eu\/de\/#organization\",\"name\":\"Aquaforest\",\"url\":\"https:\/\/aquaforest.eu\/de\/\",\"logo\":{\"@type\":\"ImageObject\",\"inLanguage\":\"de\",\"@id\":\"https:\/\/aquaforest.eu\/de\/#\/schema\/logo\/image\/\",\"url\":\"https:\/\/aquaforest.eu\/wp-content\/uploads\/2024\/05\/logotyp-aquaforest.svg\",\"contentUrl\":\"https:\/\/aquaforest.eu\/wp-content\/uploads\/2024\/05\/logotyp-aquaforest.svg\",\"width\":170,\"height\":22,\"caption\":\"Aquaforest\"},\"image\":{\"@id\":\"https:\/\/aquaforest.eu\/de\/#\/schema\/logo\/image\/\"},\"sameAs\":[\"https:\/\/www.facebook.com\/Aquaforest\/\",\"https:\/\/www.instagram.com\/aquaforest.eu\/\"]}]}<\/script>\n<!-- \/ Yoast SEO plugin. -->","yoast_head_json":{"title":"AF Air Scrubber Media - Aquaforest","description":"AF Air Scrubber Media: Effektives Filtermedium zur Anhebung des pH-Werts des Wassers.","robots":{"index":"index","follow":"follow","max-snippet":"max-snippet:-1","max-image-preview":"max-image-preview:large","max-video-preview":"max-video-preview:-1"},"canonical":"https:\/\/aquaforest.eu\/de\/produkte\/seawater\/wasseraufbereitung\/af-air-scrubber-media\/","og_locale":"de_DE","og_type":"article","og_title":"AF Air Scrubber Media - Aquaforest","og_description":"AF Air Scrubber Media: Effektives Filtermedium zur Anhebung des pH-Werts des Wassers.","og_url":"https:\/\/aquaforest.eu\/de\/produkte\/seawater\/wasseraufbereitung\/af-air-scrubber-media\/","og_site_name":"Aquaforest","article_publisher":"https:\/\/www.facebook.com\/Aquaforest\/","article_modified_time":"2025-02-10T12:15:58+00:00","og_image":[{"width":452,"height":600,"url":"https:\/\/aquaforest.eu\/wp-content\/uploads\/2024\/06\/AF-Air-Scrubber-Media.png","type":"image\/png"}],"twitter_card":"summary_large_image","twitter_misc":{"Gesch\u00e4tzte Lesezeit":"3\u00a0Minuten"},"schema":{"@context":"https:\/\/schema.org","@graph":[{"@type":"WebPage","@id":"https:\/\/aquaforest.eu\/de\/produkte\/seawater\/wasseraufbereitung\/af-air-scrubber-media\/","url":"https:\/\/aquaforest.eu\/de\/produkte\/seawater\/wasseraufbereitung\/af-air-scrubber-media\/","name":"AF Air Scrubber Media - Aquaforest","isPartOf":{"@id":"https:\/\/aquaforest.eu\/de\/#website"},"primaryImageOfPage":{"@id":"https:\/\/aquaforest.eu\/de\/produkte\/seawater\/wasseraufbereitung\/af-air-scrubber-media\/#primaryimage"},"image":{"@id":"https:\/\/aquaforest.eu\/de\/produkte\/seawater\/wasseraufbereitung\/af-air-scrubber-media\/#primaryimage"},"thumbnailUrl":"https:\/\/aquaforest.eu\/wp-content\/uploads\/2024\/06\/AF-Air-Scrubber-Media.png","datePublished":"2024-06-26T00:18:25+00:00","dateModified":"2025-02-10T12:15:58+00:00","description":"AF Air Scrubber Media: Effektives Filtermedium zur Anhebung des pH-Werts des Wassers.","breadcrumb":{"@id":"https:\/\/aquaforest.eu\/de\/produkte\/seawater\/wasseraufbereitung\/af-air-scrubber-media\/#breadcrumb"},"inLanguage":"de","potentialAction":[{"@type":"ReadAction","target":["https:\/\/aquaforest.eu\/de\/produkte\/seawater\/wasseraufbereitung\/af-air-scrubber-media\/"]}]},{"@type":"ImageObject","inLanguage":"de","@id":"https:\/\/aquaforest.eu\/de\/produkte\/seawater\/wasseraufbereitung\/af-air-scrubber-media\/#primaryimage","url":"https:\/\/aquaforest.eu\/wp-content\/uploads\/2024\/06\/AF-Air-Scrubber-Media.png","contentUrl":"https:\/\/aquaforest.eu\/wp-content\/uploads\/2024\/06\/AF-Air-Scrubber-Media.png","width":452,"height":600},{"@type":"BreadcrumbList","@id":"https:\/\/aquaforest.eu\/de\/produkte\/seawater\/wasseraufbereitung\/af-air-scrubber-media\/#breadcrumb","itemListElement":[{"@type":"ListItem","position":1,"name":"Home","item":"https:\/\/aquaforest.eu\/de\/"},{"@type":"ListItem","position":2,"name":"Produkte","item":"https:\/\/aquaforest.eu\/de\/produkte\/"},{"@type":"ListItem","position":3,"name":"AF Air Scrubber Media"}]},{"@type":"WebSite","@id":"https:\/\/aquaforest.eu\/de\/#website","url":"https:\/\/aquaforest.eu\/de\/","name":"Aquaforest","description":"","publisher":{"@id":"https:\/\/aquaforest.eu\/de\/#organization"},"potentialAction":[{"@type":"SearchAction","target":{"@type":"EntryPoint","urlTemplate":"https:\/\/aquaforest.eu\/de\/?s={search_term_string}"},"query-input":{"@type":"PropertyValueSpecification","valueRequired":true,"valueName":"search_term_string"}}],"inLanguage":"de"},{"@type":"Organization","@id":"https:\/\/aquaforest.eu\/de\/#organization","name":"Aquaforest","url":"https:\/\/aquaforest.eu\/de\/","logo":{"@type":"ImageObject","inLanguage":"de","@id":"https:\/\/aquaforest.eu\/de\/#\/schema\/logo\/image\/","url":"https:\/\/aquaforest.eu\/wp-content\/uploads\/2024\/05\/logotyp-aquaforest.svg","contentUrl":"https:\/\/aquaforest.eu\/wp-content\/uploads\/2024\/05\/logotyp-aquaforest.svg","width":170,"height":22,"caption":"Aquaforest"},"image":{"@id":"https:\/\/aquaforest.eu\/de\/#\/schema\/logo\/image\/"},"sameAs":["https:\/\/www.facebook.com\/Aquaforest\/","https:\/\/www.instagram.com\/aquaforest.eu\/"]}]}},"_links":{"self":[{"href":"https:\/\/aquaforest.eu\/de\/wp-json\/wp\/v2\/product\/11459","targetHints":{"allow":["GET"]}}],"collection":[{"href":"https:\/\/aquaforest.eu\/de\/wp-json\/wp\/v2\/product"}],"about":[{"href":"https:\/\/aquaforest.eu\/de\/wp-json\/wp\/v2\/types\/product"}],"version-history":[{"count":2,"href":"https:\/\/aquaforest.eu\/de\/wp-json\/wp\/v2\/product\/11459\/revisions"}],"predecessor-version":[{"id":21266,"href":"https:\/\/aquaforest.eu\/de\/wp-json\/wp\/v2\/product\/11459\/revisions\/21266"}],"wp:featuredmedia":[{"embeddable":true,"href":"https:\/\/aquaforest.eu\/de\/wp-json\/wp\/v2\/media\/11675"}],"wp:attachment":[{"href":"https:\/\/aquaforest.eu\/de\/wp-json\/wp\/v2\/media?parent=11459"}],"wp:term":[{"taxonomy":"product_brand","embeddable":true,"href":"https:\/\/aquaforest.eu\/de\/wp-json\/wp\/v2\/product_brand?post=11459"},{"taxonomy":"product_cat","embeddable":true,"href":"https:\/\/aquaforest.eu\/de\/wp-json\/wp\/v2\/product_cat?post=11459"},{"taxonomy":"product_tag","embeddable":true,"href":"https:\/\/aquaforest.eu\/de\/wp-json\/wp\/v2\/product_tag?post=11459"}],"curies":[{"name":"wp","href":"https:\/\/api.w.org\/{rel}","templated":true}]}}