{"id":11465,"date":"2024-06-27T00:21:56","date_gmt":"2024-06-26T22:21:56","guid":{"rendered":"https:\/\/aquaforest.eu\/products\/unkategorisiert\/fluessiges-vege\/"},"modified":"2024-11-13T08:37:38","modified_gmt":"2024-11-13T07:37:38","slug":"liquid-vege","status":"publish","type":"product","link":"https:\/\/aquaforest.eu\/de\/produkte\/seawater\/lebensmittel-und-nahrungsergaenzungsmittel\/liquid-vege\/","title":{"rendered":"Liquid Vege"},"content":{"rendered":"<p><span style=\"color: #000000;\">Liquid Vege ist ein <b>pflanzliches Futter, das aus hochwertigen nat\u00fcrlichen Zutaten hergestellt wird<\/b>.<\/span><br \/>\n<span style=\"color: #000000;\">Es ist eine ausgezeichnete Wahl f\u00fcr pflanzenfressende Aquarientiere.<\/span><br \/>\n<span style=\"color: #000000;\">Die <b>Zusammensetzung basiert auf Spinat und Nori-Algen<\/b>, die eine unvergleichliche N\u00e4hrstoffquelle darstellen.<\/span><br \/>\n<span style=\"color: #000000;\">Als <b>Hauptquelle von Beta-Carotin und Vitaminen (K, C, B1, B2, PP, B6, E, Fols\u00e4ure)<\/b> ist Spinat eine nat\u00fcrliche Vitaminbombe.<\/span><br \/>\n<span style=\"color: #000000;\">Er ist viel mehr als nur ein leckerer Snack; er unterst\u00fctzt die gesunde Entwicklung und den allgemeinen Zustand von Fischen.<\/span><br \/>\n<span style=\"color: #000000;\">Nori-Algen, ein wesentlicher Bestandteil dieser Zusammensetzung,<b> sorgen nicht nur f\u00fcr einen einzigartigen Geschmack, sondern auch f\u00fcr wichtige Mineralien wie Kalzium, Magnesium, Phosphor, Eisen, Kalium und Jod<\/b>.<\/span><br \/>\n<span style=\"color: #000000;\">Diese Elemente sind f\u00fcr das reibungslose Funktionieren der Fische und die Aufrechterhaltung ihrer Gesundheit unerl\u00e4sslich.<\/span><br \/>\n<span style=\"color: #000000;\">Dieses pflanzliche Futter wurde sorgf\u00e4ltig entwickelt, um die Bed\u00fcrfnisse von Aquarienfischen in jeder Phase ihres Lebens zu erf\u00fcllen, wobei <b>jahrelange Erfahrungen von Aquarianern<\/b> eingeflossen sind.<\/span><br \/>\n<span style=\"color: #000000;\">Die reichhaltige Formel des Futters erg\u00e4nzt wirksam die Ern\u00e4hrung, was <b>das Wohlbefinden und die Aktivit\u00e4t der Meeresfische verbessert<\/b>.<\/span><br \/>\n<span style=\"color: #000000;\">Was dieses Futter au\u00dferdem auszeichnet, ist seine Bequemlichkeit.<\/span><br \/>\n<span style=\"color: #000000;\">Das Futter <b>muss nicht aufgetaut werden<\/b>, und seine fl\u00fcssige Form sorgt daf\u00fcr, dass es sofort verwendet werden kann, wodurch sich der Zeitaufwand f\u00fcr die F\u00fctterung der Fische verringert.<\/span><br \/>\n<span style=\"color: #000000;\">Diese praktische L\u00f6sung vereinfacht nicht nur die F\u00fctterung, sondern bewahrt auch den <b>vollen N\u00e4hrwert<\/b> dieses Pflanzenfutters.<\/span><br \/>\n<span style=\"color: #000000;\">So ist dieses Futter nicht nur eine schmackhafte Erg\u00e4nzung der Ern\u00e4hrung von Aquarienfischen, sondern auch ein wichtiger Bestandteil der Pflege ihrer Gesundheit und ihres Wohlbefindens.<\/span><\/p>\n<p>&nbsp;<\/p>\n<hr \/>\n<p>&nbsp;<\/p>\n<p><span style=\"color: #000000;\"><strong>Was dieses <\/strong><strong>Produkt einzigartig macht:<\/strong><\/span><\/p>\n<ul>\n<li><span style=\"color: #000000;\">Pflanzliche Nahrung aus nat\u00fcrlichen Zutaten von h\u00f6chster Qualit\u00e4t.<\/span><\/li>\n<li><span style=\"color: #000000;\">Spinat ist eine ausgezeichnete Quelle f\u00fcr Beta-Carotin und Vitamine (K, C, B1, B2, PP, B6, E, Fols\u00e4ure).<\/span><\/li>\n<li><span style=\"color: #000000;\">Nori-Algen liefern Mineralien: Kalzium, Magnesium, Phosphor, Eisen, Kalium und Jod.<\/span><\/li>\n<li><span style=\"color: #000000;\">Entwickelt auf der Grundlage langj\u00e4hriger Erfahrung von Aquarianern.<\/span><\/li>\n<li><span style=\"color: #000000;\">Reichhaltige Nahrungserg\u00e4nzungsmittel erg\u00e4nzen die Ern\u00e4hrung.<\/span><\/li>\n<li><span style=\"color: #000000;\">Muss im Gegensatz zu anderen pflanzlichen Lebensmitteln nicht aufgetaut werden.<\/span><\/li>\n<\/ul>\n<p>&nbsp;<\/p>\n<hr \/>\n<h4 data-fontsize=\"16\" data-lineheight=\"24px\"><\/h4>\n<h4 class=\"fusion-tab-heading fusion-responsive-typography-calculated\" data-fontsize=\"16\" data-lineheight=\"24px\"><span style=\"color: #000000;\">Inhaltsstoffe &amp; Dosierung<\/span><\/h4>\n<p><span style=\"color: #000000;\"><strong>Dosierung:<\/strong> F\u00fcttern Sie es in kleinen Portionen einmal am Tag.<\/span><br \/>\n<span style=\"color: #000000;\">Vor Gebrauch gut sch\u00fctteln.<\/span><br \/>\n<span style=\"color: #000000;\">Bewahren Sie Aquaforest Fl\u00fcssigfutter nach dem \u00d6ffnen im K\u00fchlschrank auf. Aquaforest Fl\u00fcssigfutter ist eine perfekte Alternative f\u00fcr Frostfutter und sollte in \u00e4hnlichen Mengen dosiert werden. <\/span><span style=\"color: #000000;\">Es ist wichtig, die Dosierung auf die Bed\u00fcrfnisse des Aquarienbestandes abzustimmen. <\/span><\/p>\n<p><span style=\"color: #000000;\"><strong>Zusammensetzung:<\/strong> Spinat, Meeresalgen, Wasser, Salz, Antioxidationsmittel.<\/span><\/p>\n","protected":false},"excerpt":{"rendered":"<p>Pflanzliches Futter aus hochwertigen nat\u00fcrlichen Zutaten auf der Basis von Spinat und Nori-Algen.<\/p>\n","protected":false},"featured_media":11451,"template":"","meta":{"_acf_changed":false,"content-type":""},"product_brand":[],"product_cat":[1152],"product_tag":[966,1104,1120],"class_list":{"0":"post-11465","1":"product","2":"type-product","3":"status-publish","4":"has-post-thumbnail","6":"product_cat-lebensmittel-und-nahrungsergaenzungsmittel","7":"product_tag-aquaforest-de","8":"product_tag-lebensmittel-und-nahrungserganzungsmittel","9":"product_tag-meerwasser-aquarien","11":"first","12":"instock","13":"taxable","14":"shipping-taxable","15":"purchasable","16":"product-type-simple"},"acf":[],"yoast_head":"<!-- This site is optimized with the Yoast SEO plugin v27.1.1 - https:\/\/yoast.com\/product\/yoast-seo-wordpress\/ -->\n<title>Liquid Vege - Aquaforest<\/title>\n<meta name=\"description\" content=\"Liquid Vege von Aquaforest: konzentrierter D\u00fcnger f\u00fcr Wasserpflanzen, der deren gesundes Wachstum und intensive F\u00e4rbung unterst\u00fctzt. Enth\u00e4lt wichtige Mikroelemente und Vitamine.\" \/>\n<meta name=\"robots\" content=\"index, follow, max-snippet:-1, max-image-preview:large, max-video-preview:-1\" \/>\n<link rel=\"canonical\" href=\"https:\/\/aquaforest.eu\/de\/produkte\/seawater\/lebensmittel-und-nahrungsergaenzungsmittel\/liquid-vege\/\" \/>\n<meta property=\"og:locale\" content=\"de_DE\" \/>\n<meta property=\"og:type\" content=\"article\" \/>\n<meta property=\"og:title\" content=\"Liquid Vege - Aquaforest\" \/>\n<meta property=\"og:description\" content=\"Liquid Vege von Aquaforest: konzentrierter D\u00fcnger f\u00fcr Wasserpflanzen, der deren gesundes Wachstum und intensive F\u00e4rbung unterst\u00fctzt. Enth\u00e4lt wichtige Mikroelemente und Vitamine.\" \/>\n<meta property=\"og:url\" content=\"https:\/\/aquaforest.eu\/de\/produkte\/seawater\/lebensmittel-und-nahrungsergaenzungsmittel\/liquid-vege\/\" \/>\n<meta property=\"og:site_name\" content=\"Aquaforest\" \/>\n<meta property=\"article:publisher\" content=\"https:\/\/www.facebook.com\/Aquaforest\/\" \/>\n<meta property=\"article:modified_time\" content=\"2024-11-13T07:37:38+00:00\" \/>\n<meta property=\"og:image\" content=\"https:\/\/aquaforest.eu\/wp-content\/uploads\/2024\/06\/Liquid-Vege.png\" \/>\n\t<meta property=\"og:image:width\" content=\"238\" \/>\n\t<meta property=\"og:image:height\" content=\"600\" \/>\n\t<meta property=\"og:image:type\" content=\"image\/png\" \/>\n<meta name=\"twitter:card\" content=\"summary_large_image\" \/>\n<meta name=\"twitter:label1\" content=\"Gesch\u00e4tzte Lesezeit\" \/>\n\t<meta name=\"twitter:data1\" content=\"2\u00a0Minuten\" \/>\n<script type=\"application\/ld+json\" class=\"yoast-schema-graph\">{\"@context\":\"https:\/\/schema.org\",\"@graph\":[{\"@type\":\"WebPage\",\"@id\":\"https:\/\/aquaforest.eu\/de\/produkte\/seawater\/lebensmittel-und-nahrungsergaenzungsmittel\/liquid-vege\/\",\"url\":\"https:\/\/aquaforest.eu\/de\/produkte\/seawater\/lebensmittel-und-nahrungsergaenzungsmittel\/liquid-vege\/\",\"name\":\"Liquid Vege - Aquaforest\",\"isPartOf\":{\"@id\":\"https:\/\/aquaforest.eu\/de\/#website\"},\"primaryImageOfPage\":{\"@id\":\"https:\/\/aquaforest.eu\/de\/produkte\/seawater\/lebensmittel-und-nahrungsergaenzungsmittel\/liquid-vege\/#primaryimage\"},\"image\":{\"@id\":\"https:\/\/aquaforest.eu\/de\/produkte\/seawater\/lebensmittel-und-nahrungsergaenzungsmittel\/liquid-vege\/#primaryimage\"},\"thumbnailUrl\":\"https:\/\/aquaforest.eu\/wp-content\/uploads\/2024\/06\/Liquid-Vege.png\",\"datePublished\":\"2024-06-26T22:21:56+00:00\",\"dateModified\":\"2024-11-13T07:37:38+00:00\",\"description\":\"Liquid Vege von Aquaforest: konzentrierter D\u00fcnger f\u00fcr Wasserpflanzen, der deren gesundes Wachstum und intensive F\u00e4rbung unterst\u00fctzt. Enth\u00e4lt wichtige Mikroelemente und Vitamine.\",\"breadcrumb\":{\"@id\":\"https:\/\/aquaforest.eu\/de\/produkte\/seawater\/lebensmittel-und-nahrungsergaenzungsmittel\/liquid-vege\/#breadcrumb\"},\"inLanguage\":\"de\",\"potentialAction\":[{\"@type\":\"ReadAction\",\"target\":[\"https:\/\/aquaforest.eu\/de\/produkte\/seawater\/lebensmittel-und-nahrungsergaenzungsmittel\/liquid-vege\/\"]}]},{\"@type\":\"ImageObject\",\"inLanguage\":\"de\",\"@id\":\"https:\/\/aquaforest.eu\/de\/produkte\/seawater\/lebensmittel-und-nahrungsergaenzungsmittel\/liquid-vege\/#primaryimage\",\"url\":\"https:\/\/aquaforest.eu\/wp-content\/uploads\/2024\/06\/Liquid-Vege.png\",\"contentUrl\":\"https:\/\/aquaforest.eu\/wp-content\/uploads\/2024\/06\/Liquid-Vege.png\",\"width\":238,\"height\":600},{\"@type\":\"BreadcrumbList\",\"@id\":\"https:\/\/aquaforest.eu\/de\/produkte\/seawater\/lebensmittel-und-nahrungsergaenzungsmittel\/liquid-vege\/#breadcrumb\",\"itemListElement\":[{\"@type\":\"ListItem\",\"position\":1,\"name\":\"Home\",\"item\":\"https:\/\/aquaforest.eu\/de\/\"},{\"@type\":\"ListItem\",\"position\":2,\"name\":\"Produkte\",\"item\":\"https:\/\/aquaforest.eu\/de\/produkte\/\"},{\"@type\":\"ListItem\",\"position\":3,\"name\":\"Liquid Vege\"}]},{\"@type\":\"WebSite\",\"@id\":\"https:\/\/aquaforest.eu\/de\/#website\",\"url\":\"https:\/\/aquaforest.eu\/de\/\",\"name\":\"Aquaforest\",\"description\":\"\",\"publisher\":{\"@id\":\"https:\/\/aquaforest.eu\/de\/#organization\"},\"potentialAction\":[{\"@type\":\"SearchAction\",\"target\":{\"@type\":\"EntryPoint\",\"urlTemplate\":\"https:\/\/aquaforest.eu\/de\/?s={search_term_string}\"},\"query-input\":{\"@type\":\"PropertyValueSpecification\",\"valueRequired\":true,\"valueName\":\"search_term_string\"}}],\"inLanguage\":\"de\"},{\"@type\":\"Organization\",\"@id\":\"https:\/\/aquaforest.eu\/de\/#organization\",\"name\":\"Aquaforest\",\"url\":\"https:\/\/aquaforest.eu\/de\/\",\"logo\":{\"@type\":\"ImageObject\",\"inLanguage\":\"de\",\"@id\":\"https:\/\/aquaforest.eu\/de\/#\/schema\/logo\/image\/\",\"url\":\"https:\/\/aquaforest.eu\/wp-content\/uploads\/2024\/05\/logotyp-aquaforest.svg\",\"contentUrl\":\"https:\/\/aquaforest.eu\/wp-content\/uploads\/2024\/05\/logotyp-aquaforest.svg\",\"width\":170,\"height\":22,\"caption\":\"Aquaforest\"},\"image\":{\"@id\":\"https:\/\/aquaforest.eu\/de\/#\/schema\/logo\/image\/\"},\"sameAs\":[\"https:\/\/www.facebook.com\/Aquaforest\/\",\"https:\/\/www.instagram.com\/aquaforest.eu\/\"]}]}<\/script>\n<!-- \/ Yoast SEO plugin. -->","yoast_head_json":{"title":"Liquid Vege - Aquaforest","description":"Liquid Vege von Aquaforest: konzentrierter D\u00fcnger f\u00fcr Wasserpflanzen, der deren gesundes Wachstum und intensive F\u00e4rbung unterst\u00fctzt. Enth\u00e4lt wichtige Mikroelemente und Vitamine.","robots":{"index":"index","follow":"follow","max-snippet":"max-snippet:-1","max-image-preview":"max-image-preview:large","max-video-preview":"max-video-preview:-1"},"canonical":"https:\/\/aquaforest.eu\/de\/produkte\/seawater\/lebensmittel-und-nahrungsergaenzungsmittel\/liquid-vege\/","og_locale":"de_DE","og_type":"article","og_title":"Liquid Vege - Aquaforest","og_description":"Liquid Vege von Aquaforest: konzentrierter D\u00fcnger f\u00fcr Wasserpflanzen, der deren gesundes Wachstum und intensive F\u00e4rbung unterst\u00fctzt. Enth\u00e4lt wichtige Mikroelemente und Vitamine.","og_url":"https:\/\/aquaforest.eu\/de\/produkte\/seawater\/lebensmittel-und-nahrungsergaenzungsmittel\/liquid-vege\/","og_site_name":"Aquaforest","article_publisher":"https:\/\/www.facebook.com\/Aquaforest\/","article_modified_time":"2024-11-13T07:37:38+00:00","og_image":[{"width":238,"height":600,"url":"https:\/\/aquaforest.eu\/wp-content\/uploads\/2024\/06\/Liquid-Vege.png","type":"image\/png"}],"twitter_card":"summary_large_image","twitter_misc":{"Gesch\u00e4tzte Lesezeit":"2\u00a0Minuten"},"schema":{"@context":"https:\/\/schema.org","@graph":[{"@type":"WebPage","@id":"https:\/\/aquaforest.eu\/de\/produkte\/seawater\/lebensmittel-und-nahrungsergaenzungsmittel\/liquid-vege\/","url":"https:\/\/aquaforest.eu\/de\/produkte\/seawater\/lebensmittel-und-nahrungsergaenzungsmittel\/liquid-vege\/","name":"Liquid Vege - Aquaforest","isPartOf":{"@id":"https:\/\/aquaforest.eu\/de\/#website"},"primaryImageOfPage":{"@id":"https:\/\/aquaforest.eu\/de\/produkte\/seawater\/lebensmittel-und-nahrungsergaenzungsmittel\/liquid-vege\/#primaryimage"},"image":{"@id":"https:\/\/aquaforest.eu\/de\/produkte\/seawater\/lebensmittel-und-nahrungsergaenzungsmittel\/liquid-vege\/#primaryimage"},"thumbnailUrl":"https:\/\/aquaforest.eu\/wp-content\/uploads\/2024\/06\/Liquid-Vege.png","datePublished":"2024-06-26T22:21:56+00:00","dateModified":"2024-11-13T07:37:38+00:00","description":"Liquid Vege von Aquaforest: konzentrierter D\u00fcnger f\u00fcr Wasserpflanzen, der deren gesundes Wachstum und intensive F\u00e4rbung unterst\u00fctzt. Enth\u00e4lt wichtige Mikroelemente und Vitamine.","breadcrumb":{"@id":"https:\/\/aquaforest.eu\/de\/produkte\/seawater\/lebensmittel-und-nahrungsergaenzungsmittel\/liquid-vege\/#breadcrumb"},"inLanguage":"de","potentialAction":[{"@type":"ReadAction","target":["https:\/\/aquaforest.eu\/de\/produkte\/seawater\/lebensmittel-und-nahrungsergaenzungsmittel\/liquid-vege\/"]}]},{"@type":"ImageObject","inLanguage":"de","@id":"https:\/\/aquaforest.eu\/de\/produkte\/seawater\/lebensmittel-und-nahrungsergaenzungsmittel\/liquid-vege\/#primaryimage","url":"https:\/\/aquaforest.eu\/wp-content\/uploads\/2024\/06\/Liquid-Vege.png","contentUrl":"https:\/\/aquaforest.eu\/wp-content\/uploads\/2024\/06\/Liquid-Vege.png","width":238,"height":600},{"@type":"BreadcrumbList","@id":"https:\/\/aquaforest.eu\/de\/produkte\/seawater\/lebensmittel-und-nahrungsergaenzungsmittel\/liquid-vege\/#breadcrumb","itemListElement":[{"@type":"ListItem","position":1,"name":"Home","item":"https:\/\/aquaforest.eu\/de\/"},{"@type":"ListItem","position":2,"name":"Produkte","item":"https:\/\/aquaforest.eu\/de\/produkte\/"},{"@type":"ListItem","position":3,"name":"Liquid Vege"}]},{"@type":"WebSite","@id":"https:\/\/aquaforest.eu\/de\/#website","url":"https:\/\/aquaforest.eu\/de\/","name":"Aquaforest","description":"","publisher":{"@id":"https:\/\/aquaforest.eu\/de\/#organization"},"potentialAction":[{"@type":"SearchAction","target":{"@type":"EntryPoint","urlTemplate":"https:\/\/aquaforest.eu\/de\/?s={search_term_string}"},"query-input":{"@type":"PropertyValueSpecification","valueRequired":true,"valueName":"search_term_string"}}],"inLanguage":"de"},{"@type":"Organization","@id":"https:\/\/aquaforest.eu\/de\/#organization","name":"Aquaforest","url":"https:\/\/aquaforest.eu\/de\/","logo":{"@type":"ImageObject","inLanguage":"de","@id":"https:\/\/aquaforest.eu\/de\/#\/schema\/logo\/image\/","url":"https:\/\/aquaforest.eu\/wp-content\/uploads\/2024\/05\/logotyp-aquaforest.svg","contentUrl":"https:\/\/aquaforest.eu\/wp-content\/uploads\/2024\/05\/logotyp-aquaforest.svg","width":170,"height":22,"caption":"Aquaforest"},"image":{"@id":"https:\/\/aquaforest.eu\/de\/#\/schema\/logo\/image\/"},"sameAs":["https:\/\/www.facebook.com\/Aquaforest\/","https:\/\/www.instagram.com\/aquaforest.eu\/"]}]}},"_links":{"self":[{"href":"https:\/\/aquaforest.eu\/de\/wp-json\/wp\/v2\/product\/11465","targetHints":{"allow":["GET"]}}],"collection":[{"href":"https:\/\/aquaforest.eu\/de\/wp-json\/wp\/v2\/product"}],"about":[{"href":"https:\/\/aquaforest.eu\/de\/wp-json\/wp\/v2\/types\/product"}],"version-history":[{"count":0,"href":"https:\/\/aquaforest.eu\/de\/wp-json\/wp\/v2\/product\/11465\/revisions"}],"wp:featuredmedia":[{"embeddable":true,"href":"https:\/\/aquaforest.eu\/de\/wp-json\/wp\/v2\/media\/11451"}],"wp:attachment":[{"href":"https:\/\/aquaforest.eu\/de\/wp-json\/wp\/v2\/media?parent=11465"}],"wp:term":[{"taxonomy":"product_brand","embeddable":true,"href":"https:\/\/aquaforest.eu\/de\/wp-json\/wp\/v2\/product_brand?post=11465"},{"taxonomy":"product_cat","embeddable":true,"href":"https:\/\/aquaforest.eu\/de\/wp-json\/wp\/v2\/product_cat?post=11465"},{"taxonomy":"product_tag","embeddable":true,"href":"https:\/\/aquaforest.eu\/de\/wp-json\/wp\/v2\/product_tag?post=11465"}],"curies":[{"name":"wp","href":"https:\/\/api.w.org\/{rel}","templated":true}]}}