{"id":11478,"date":"2024-06-26T02:18:24","date_gmt":"2024-06-26T00:18:24","guid":{"rendered":"https:\/\/aquaforest.eu\/products\/unkategorisiert\/komponente-123\/"},"modified":"2024-10-23T02:16:00","modified_gmt":"2024-10-23T00:16:00","slug":"component-123","status":"publish","type":"product","link":"https:\/\/aquaforest.eu\/de\/produkte\/seawater\/wasseraufbereitung\/component-123\/","title":{"rendered":"Component 123"},"content":{"rendered":"<h3 class=\"fusion-responsive-typography-calculated\" data-fontsize=\"22\" data-lineheight=\"27.5px\">Komponente 1+2+3+: Der Schl\u00fcssel zur ausgewogenen Dosierung von Makro- und Spurenelementen<\/h3>\n<p>Die chemische Zusammensetzung von Component 1+2+3+ basiert auf der von H. Balling entwickelten Methode.<br \/>\nDie Formel wurde in unserem Labor verfeinert und mit Spurenelementen angereichert, die f\u00fcr die Gesunderhaltung der Organismen im Meerwasseraquarium von grundlegender Bedeutung sind.<br \/>\nAls Ergebnis haben wir 3 Fl\u00fcssigkeiten zusammengestellt, die f\u00fcr eine regelm\u00e4\u00dfige Dosierung in gleichen Mengen vorgesehen sind.<br \/>\nKomponente 1+2+3+ wurde entwickelt, um den Bedarf der Korallen nicht nur an Magnesium und Kalzium zu decken, sondern auch an anderen Elementen, die eine sorgf\u00e4ltige und systematische Dosierung erfordern, aber bekannterma\u00dfen schwer zu beurteilen sind.<\/p>\n<p>&nbsp;<\/p>\n<hr \/>\n<h3 data-fontsize=\"22\" data-lineheight=\"27.5px\"><\/h3>\n<h3 class=\"fusion-responsive-typography-calculated\" data-fontsize=\"22\" data-lineheight=\"27.5px\"><strong>Produktmerkmale:<\/strong><\/h3>\n<ul>\n<li>Erfahrungsbasierte Formel<\/li>\n<li>Ideales Verh\u00e4ltnis von Makro- und Spurenelementen<\/li>\n<li>Perfekt ausgewogene Fl\u00fcssigkeiten f\u00fcr den gesamten Bedarf des Aquariums<\/li>\n<li>Sorgt durch den Gehalt an Riffmineralsalz f\u00fcr ein ionisches Gleichgewicht<\/li>\n<\/ul>\n<p>&nbsp;<\/p>\n<hr \/>\n<h3 data-fontsize=\"22\" data-lineheight=\"27.5px\"><\/h3>\n<h3 class=\"fusion-responsive-typography-calculated\" data-fontsize=\"22\" data-lineheight=\"27.5px\">Pr\u00e4zise Dosierung leicht gemacht: Komponente 1+2+3+ f\u00fcr die Vitalit\u00e4t der Korallen<\/h3>\n<p><strong>Dosierung:<\/strong> Muss entsprechend dem Verbrauch von Makron\u00e4hrstoffen und auf der Grundlage kritischer Wasserparameter wie Calcium, Magnesium und KH angepasst werden.<br \/>\nWenn ein oder zwei Parameter immer noch nicht ausgeglichen sind, empfehlen wir, mit der Verabreichung gleicher Dosen jeder Komponente fortzufahren und einen unserer Zus\u00e4tze (Kalzium, Magnesium, KH-Puffer) zu verwenden, um die gew\u00fcnschten Werte wiederherzustellen.<br \/>\nUm eine angemessene Menge an Spurenelementen im Aquarienwasser aufrechtzuerhalten, m\u00fcssen sowohl die Magnesium- als auch die Calciumwerte innerhalb des empfohlenen Bereichs liegen (Ca 380-460 ppm, Mg 1180-1460 ppm). <strong>Ein typisches Aquarium mit einer durchschnittlichen Anzahl von Steinkorallen ben\u00f6tigt t\u00e4glich etwa 25 ml jeder Komponente pro 100 l (27 US gal) Wasser.<br \/>\nUm die Parameter stabil zu halten, raten wir Ihnen, die t\u00e4gliche Dosis in so viele kleine Dosen wie m\u00f6glich aufzuteilen.<\/strong><\/p>\n<p>&nbsp;<\/p>\n<hr \/>\n<p>&nbsp;<\/p>\n<p><b>Komponente 1+<\/b> enth\u00e4lt: Ca, Sr, Ba, Co, Mn, Cu, Fe, Zn, Ni, Cr, Mo (25 ml aufgel\u00f6st in 100 l\/27 US gal erh\u00f6ht Ca um 4,5 ppm).<\/p>\n<p><b>Komponente 2+<\/b> enth\u00e4lt: NaHCO3, F, I. (25 ml gel\u00f6st in 100 l\/27 US gal erh\u00f6ht KH um 0,65 dKH (Alk: 0,23 meq\/l)).<\/p>\n<p><b>Komponente 3+<\/b> enth\u00e4lt: Mg, Riffmineralsalz, K, B, Li (25 ml gel\u00f6st in 100 l\/27 US gal erh\u00f6ht Mg um 0,38 ppm).<br \/>\nKomponente 3 enth\u00e4lt Reef Mineral Salt, das f\u00fcr die Stabilisierung der Aquarienparameter erforderlich ist.<\/p>\n<p>&nbsp;<\/p>\n<hr \/>\n<h3><\/h3>\n<h3><strong>Warum ist das ionische Gleichgewicht so wichtig?<\/strong><\/h3>\n<div>Aquaforest Reef Mineral Salt ist ein Meersalz ohne Natriumchlorid (NaCl).<br \/>\nEs enth\u00e4lt alle anderen Grundbestandteile, die im nat\u00fcrlichen Meerwasser vorkommen, wie Magnesium, Kalzium, Kalium, Brom, Fluor, Barium, Jod und Spurenelemente.<\/div>\n<div><\/div>\n<div>NaCl-freies Salz ist eine der wichtigsten Komponenten der Balling-Methode und spielt eine wichtige Rolle, wenn Calciumchlorid und Natriumbicarbonat zugesetzt werden.<\/div>\n<div><strong>Es ist ein weit verbreiteter Irrglaube unter Aquarianern, dass die Verabreichung von natriumchloridfreiem Salz in erster Linie dazu dient, die Spurenelemente wieder aufzuf\u00fcllen.<br \/>\nDie Hauptaufgabe von natriumchloridfreiem Salz besteht darin, das Ionengleichgewicht des Aquarienwassers aufrechtzuerhalten. <\/strong><\/div>\n<div><\/div>\n<div>Diese Praxis basiert auf einer wichtigen Entdeckung von Prof. William Dittmar, einem chemischen Analytiker, und der &#8222;Regel der konstanten Proportionen&#8220;.<br \/>\nEr analysierte Wasserproben aus Ozeanen und Meeren rund um den Globus und dokumentierte, dass die Zusammensetzung des nat\u00fcrlichen Meerwassers konstant bleibt, auch wenn der Salzgehalt variiert.<\/div>\n<div><\/div>\n<h3><strong>Welche Bedeutung hat also die Zugabe von NaCl-freiem Salz bei der Verabreichung von Calciumchlorid und Natriumbicarbonat?<\/strong><\/h3>\n<div>Viele Meeresorganismen (z.B. Steinkorallen) ben\u00f6tigen Kalziumkarbonat (CaCO3), um ihre kalkhaltigen Strukturen aufzubauen.<br \/>\nDiese wichtige Substanz ist im nat\u00fcrlichen Meerwasser unl\u00f6slich. Eine M\u00f6glichkeit, dieses Problem zu umgehen, ist die Verabreichung von Ca++ und HCO3 in Form von wasserl\u00f6slichem Calciumchlorid (CaCl2) und Natriumbicarbonat (NaHCO3).<br \/>\nDiese Methode hat jedoch einen Nachteil &#8211; in Form von unerw\u00fcnschtem NaCl:<\/div>\n<div>CaCl2 + 2NaHCO3 = &gt; CaCO3 + 2NaCl +H2O +CO2<\/div>\n<div>Viele Menschen gehen davon aus, dass die zus\u00e4tzliche Anwesenheit von Natriumchlorid harmlos ist, solange der Salzgehalt auf dem gew\u00fcnschten Niveau gehalten wird.<br \/>\nDer Salzgehalt ist jedoch nicht nur ein Ma\u00df f\u00fcr das Kochsalz in H2O.<br \/>\nAuch Magnesiumsulfat, Kalziumsulfat, Kaliumsulfat, Magnesiumchlorid, Kalziumchlorid und Kaliumchlorid sind eigentlich Salze. Wenn also der Natrium- und Chloridgehalt steigt, verschiebt sich das nat\u00fcrliche Gleichgewicht der wichtigsten Elemente.<br \/>\n\u00dcbrigens kann der Salzgehalt stabil bleiben, aber nur aufgrund der \u00fcberm\u00e4\u00dfigen Anwesenheit von Natriumchlorid.<br \/>\nIn einem geschlossenen Aquarien-\u00d6kosystem k\u00f6nnen die Auswirkungen der NaCl-Ansammlung erheblich sein.<\/div>\n<div><\/div>\n<div>Viele Aquarianer gehen f\u00e4lschlicherweise davon aus, dass sich dieses Problem durch regelm\u00e4\u00dfige Wasserwechsel leicht beheben l\u00e4sst.<br \/>\nBedenken Sie jedoch, dass die einzige M\u00f6glichkeit, zu den urspr\u00fcnglichen Wasserparametern zur\u00fcckzukehren, ein 100%iger Wasserwechsel w\u00e4re, w\u00e4hrend kaum jemand w\u00f6chentlich mehr als 10% austauscht.<\/div>\n<div>Die Verwendung von NaCl-freiem Salz ist nicht mehr so \u00fcblich, und die Anwendung der Balling-Methode beschr\u00e4nkt sich oft auf 2 oder manchmal 3 seiner Hauptkomponenten.<br \/>\nDiese Methode wird wahrscheinlich mehrere Wochen oder sogar Monate lang keine Probleme verursachen, aber in der Zwischenzeit werden die chemischen Reaktionen, die im Meerwasseraquarium stattfinden, zu einem Defizit an Spurenelementen f\u00fchren.<\/div>\n<div><\/div>\n<div>Balling &#8222;zweiteilig&#8220; oder &#8222;leicht&#8220; wird immer beliebter, aber die Wahrheit ist, dass die alte, aber revolution\u00e4re Originalmethode viel effektiver ist, wenn es darum geht, stabile Wasserparameter zu erhalten.<br \/>\nDie regelm\u00e4\u00dfige Verwendung von NaCl-freiem Salz wird dringend empfohlen, um Probleme mit dem Ionen-Ungleichgewicht langfristig zu l\u00f6sen.<\/div>\n","protected":false},"excerpt":{"rendered":"<p>Ca, KH und Mg Erg\u00e4nzung f\u00fcr Meerwasseraquarien.<br \/>\nPerfekt ausgewogene Fl\u00fcssigkeiten f\u00fcr den gesamten Bedarf des Aquariums.<\/p>\n","protected":false},"featured_media":11470,"template":"","meta":{"_acf_changed":false,"content-type":""},"product_brand":[],"product_cat":[1158],"product_tag":[966,1120,1097],"class_list":{"0":"post-11478","1":"product","2":"type-product","3":"status-publish","4":"has-post-thumbnail","6":"product_cat-wasseraufbereitung","7":"product_tag-aquaforest-de","8":"product_tag-meerwasser-aquarien","9":"product_tag-wasserversorgung","11":"first","12":"instock","13":"taxable","14":"shipping-taxable","15":"purchasable","16":"product-type-simple"},"acf":[],"yoast_head":"<!-- This site is optimized with the Yoast SEO plugin v27.1.1 - https:\/\/yoast.com\/product\/yoast-seo-wordpress\/ -->\n<title>Component 123 - Aquaforest<\/title>\n<meta name=\"description\" content=\"Component 1+2+3 von Aquaforest: ein umfassendes Set aus drei Pr\u00e4paraten f\u00fcr die pr\u00e4zise Steuerung des Kalzium-, Magnesium- und Karbonatspiegels im Aquarium. Zuverl\u00e4ssige Formel f\u00fcr gesunde Korallen und optimale Wasserbedingungen.\" \/>\n<meta name=\"robots\" content=\"index, follow, max-snippet:-1, max-image-preview:large, max-video-preview:-1\" \/>\n<link rel=\"canonical\" href=\"https:\/\/aquaforest.eu\/de\/produkte\/seawater\/wasseraufbereitung\/component-123\/\" \/>\n<meta property=\"og:locale\" content=\"de_DE\" \/>\n<meta property=\"og:type\" content=\"article\" \/>\n<meta property=\"og:title\" content=\"Component 123 - Aquaforest\" \/>\n<meta property=\"og:description\" content=\"Component 1+2+3 von Aquaforest: ein umfassendes Set aus drei Pr\u00e4paraten f\u00fcr die pr\u00e4zise Steuerung des Kalzium-, Magnesium- und Karbonatspiegels im Aquarium. Zuverl\u00e4ssige Formel f\u00fcr gesunde Korallen und optimale Wasserbedingungen.\" \/>\n<meta property=\"og:url\" content=\"https:\/\/aquaforest.eu\/de\/produkte\/seawater\/wasseraufbereitung\/component-123\/\" \/>\n<meta property=\"og:site_name\" content=\"Aquaforest\" \/>\n<meta property=\"article:publisher\" content=\"https:\/\/www.facebook.com\/Aquaforest\/\" \/>\n<meta property=\"article:modified_time\" content=\"2024-10-23T00:16:00+00:00\" \/>\n<meta property=\"og:image\" content=\"https:\/\/aquaforest.eu\/wp-content\/uploads\/2024\/06\/COMPONENT123.png\" \/>\n\t<meta property=\"og:image:width\" content=\"480\" \/>\n\t<meta property=\"og:image:height\" content=\"600\" \/>\n\t<meta property=\"og:image:type\" content=\"image\/png\" \/>\n<meta name=\"twitter:card\" content=\"summary_large_image\" \/>\n<meta name=\"twitter:label1\" content=\"Gesch\u00e4tzte Lesezeit\" \/>\n\t<meta name=\"twitter:data1\" content=\"4\u00a0Minuten\" \/>\n<script type=\"application\/ld+json\" class=\"yoast-schema-graph\">{\"@context\":\"https:\/\/schema.org\",\"@graph\":[{\"@type\":\"WebPage\",\"@id\":\"https:\/\/aquaforest.eu\/de\/produkte\/seawater\/wasseraufbereitung\/component-123\/\",\"url\":\"https:\/\/aquaforest.eu\/de\/produkte\/seawater\/wasseraufbereitung\/component-123\/\",\"name\":\"Component 123 - Aquaforest\",\"isPartOf\":{\"@id\":\"https:\/\/aquaforest.eu\/de\/#website\"},\"primaryImageOfPage\":{\"@id\":\"https:\/\/aquaforest.eu\/de\/produkte\/seawater\/wasseraufbereitung\/component-123\/#primaryimage\"},\"image\":{\"@id\":\"https:\/\/aquaforest.eu\/de\/produkte\/seawater\/wasseraufbereitung\/component-123\/#primaryimage\"},\"thumbnailUrl\":\"https:\/\/aquaforest.eu\/wp-content\/uploads\/2024\/06\/COMPONENT123.png\",\"datePublished\":\"2024-06-26T00:18:24+00:00\",\"dateModified\":\"2024-10-23T00:16:00+00:00\",\"description\":\"Component 1+2+3 von Aquaforest: ein umfassendes Set aus drei Pr\u00e4paraten f\u00fcr die pr\u00e4zise Steuerung des Kalzium-, Magnesium- und Karbonatspiegels im Aquarium. Zuverl\u00e4ssige Formel f\u00fcr gesunde Korallen und optimale Wasserbedingungen.\",\"breadcrumb\":{\"@id\":\"https:\/\/aquaforest.eu\/de\/produkte\/seawater\/wasseraufbereitung\/component-123\/#breadcrumb\"},\"inLanguage\":\"de\",\"potentialAction\":[{\"@type\":\"ReadAction\",\"target\":[\"https:\/\/aquaforest.eu\/de\/produkte\/seawater\/wasseraufbereitung\/component-123\/\"]}]},{\"@type\":\"ImageObject\",\"inLanguage\":\"de\",\"@id\":\"https:\/\/aquaforest.eu\/de\/produkte\/seawater\/wasseraufbereitung\/component-123\/#primaryimage\",\"url\":\"https:\/\/aquaforest.eu\/wp-content\/uploads\/2024\/06\/COMPONENT123.png\",\"contentUrl\":\"https:\/\/aquaforest.eu\/wp-content\/uploads\/2024\/06\/COMPONENT123.png\",\"width\":480,\"height\":600,\"caption\":\"Aquaforest product, Component 1+2+3+. Developed based on the Balling Method\"},{\"@type\":\"BreadcrumbList\",\"@id\":\"https:\/\/aquaforest.eu\/de\/produkte\/seawater\/wasseraufbereitung\/component-123\/#breadcrumb\",\"itemListElement\":[{\"@type\":\"ListItem\",\"position\":1,\"name\":\"Home\",\"item\":\"https:\/\/aquaforest.eu\/de\/\"},{\"@type\":\"ListItem\",\"position\":2,\"name\":\"Produkte\",\"item\":\"https:\/\/aquaforest.eu\/de\/produkte\/\"},{\"@type\":\"ListItem\",\"position\":3,\"name\":\"Component 123\"}]},{\"@type\":\"WebSite\",\"@id\":\"https:\/\/aquaforest.eu\/de\/#website\",\"url\":\"https:\/\/aquaforest.eu\/de\/\",\"name\":\"Aquaforest\",\"description\":\"\",\"publisher\":{\"@id\":\"https:\/\/aquaforest.eu\/de\/#organization\"},\"potentialAction\":[{\"@type\":\"SearchAction\",\"target\":{\"@type\":\"EntryPoint\",\"urlTemplate\":\"https:\/\/aquaforest.eu\/de\/?s={search_term_string}\"},\"query-input\":{\"@type\":\"PropertyValueSpecification\",\"valueRequired\":true,\"valueName\":\"search_term_string\"}}],\"inLanguage\":\"de\"},{\"@type\":\"Organization\",\"@id\":\"https:\/\/aquaforest.eu\/de\/#organization\",\"name\":\"Aquaforest\",\"url\":\"https:\/\/aquaforest.eu\/de\/\",\"logo\":{\"@type\":\"ImageObject\",\"inLanguage\":\"de\",\"@id\":\"https:\/\/aquaforest.eu\/de\/#\/schema\/logo\/image\/\",\"url\":\"https:\/\/aquaforest.eu\/wp-content\/uploads\/2024\/05\/logotyp-aquaforest.svg\",\"contentUrl\":\"https:\/\/aquaforest.eu\/wp-content\/uploads\/2024\/05\/logotyp-aquaforest.svg\",\"width\":170,\"height\":22,\"caption\":\"Aquaforest\"},\"image\":{\"@id\":\"https:\/\/aquaforest.eu\/de\/#\/schema\/logo\/image\/\"},\"sameAs\":[\"https:\/\/www.facebook.com\/Aquaforest\/\",\"https:\/\/www.instagram.com\/aquaforest.eu\/\"]}]}<\/script>\n<!-- \/ Yoast SEO plugin. -->","yoast_head_json":{"title":"Component 123 - Aquaforest","description":"Component 1+2+3 von Aquaforest: ein umfassendes Set aus drei Pr\u00e4paraten f\u00fcr die pr\u00e4zise Steuerung des Kalzium-, Magnesium- und Karbonatspiegels im Aquarium. Zuverl\u00e4ssige Formel f\u00fcr gesunde Korallen und optimale Wasserbedingungen.","robots":{"index":"index","follow":"follow","max-snippet":"max-snippet:-1","max-image-preview":"max-image-preview:large","max-video-preview":"max-video-preview:-1"},"canonical":"https:\/\/aquaforest.eu\/de\/produkte\/seawater\/wasseraufbereitung\/component-123\/","og_locale":"de_DE","og_type":"article","og_title":"Component 123 - Aquaforest","og_description":"Component 1+2+3 von Aquaforest: ein umfassendes Set aus drei Pr\u00e4paraten f\u00fcr die pr\u00e4zise Steuerung des Kalzium-, Magnesium- und Karbonatspiegels im Aquarium. Zuverl\u00e4ssige Formel f\u00fcr gesunde Korallen und optimale Wasserbedingungen.","og_url":"https:\/\/aquaforest.eu\/de\/produkte\/seawater\/wasseraufbereitung\/component-123\/","og_site_name":"Aquaforest","article_publisher":"https:\/\/www.facebook.com\/Aquaforest\/","article_modified_time":"2024-10-23T00:16:00+00:00","og_image":[{"width":480,"height":600,"url":"https:\/\/aquaforest.eu\/wp-content\/uploads\/2024\/06\/COMPONENT123.png","type":"image\/png"}],"twitter_card":"summary_large_image","twitter_misc":{"Gesch\u00e4tzte Lesezeit":"4\u00a0Minuten"},"schema":{"@context":"https:\/\/schema.org","@graph":[{"@type":"WebPage","@id":"https:\/\/aquaforest.eu\/de\/produkte\/seawater\/wasseraufbereitung\/component-123\/","url":"https:\/\/aquaforest.eu\/de\/produkte\/seawater\/wasseraufbereitung\/component-123\/","name":"Component 123 - Aquaforest","isPartOf":{"@id":"https:\/\/aquaforest.eu\/de\/#website"},"primaryImageOfPage":{"@id":"https:\/\/aquaforest.eu\/de\/produkte\/seawater\/wasseraufbereitung\/component-123\/#primaryimage"},"image":{"@id":"https:\/\/aquaforest.eu\/de\/produkte\/seawater\/wasseraufbereitung\/component-123\/#primaryimage"},"thumbnailUrl":"https:\/\/aquaforest.eu\/wp-content\/uploads\/2024\/06\/COMPONENT123.png","datePublished":"2024-06-26T00:18:24+00:00","dateModified":"2024-10-23T00:16:00+00:00","description":"Component 1+2+3 von Aquaforest: ein umfassendes Set aus drei Pr\u00e4paraten f\u00fcr die pr\u00e4zise Steuerung des Kalzium-, Magnesium- und Karbonatspiegels im Aquarium. Zuverl\u00e4ssige Formel f\u00fcr gesunde Korallen und optimale Wasserbedingungen.","breadcrumb":{"@id":"https:\/\/aquaforest.eu\/de\/produkte\/seawater\/wasseraufbereitung\/component-123\/#breadcrumb"},"inLanguage":"de","potentialAction":[{"@type":"ReadAction","target":["https:\/\/aquaforest.eu\/de\/produkte\/seawater\/wasseraufbereitung\/component-123\/"]}]},{"@type":"ImageObject","inLanguage":"de","@id":"https:\/\/aquaforest.eu\/de\/produkte\/seawater\/wasseraufbereitung\/component-123\/#primaryimage","url":"https:\/\/aquaforest.eu\/wp-content\/uploads\/2024\/06\/COMPONENT123.png","contentUrl":"https:\/\/aquaforest.eu\/wp-content\/uploads\/2024\/06\/COMPONENT123.png","width":480,"height":600,"caption":"Aquaforest product, Component 1+2+3+. Developed based on the Balling Method"},{"@type":"BreadcrumbList","@id":"https:\/\/aquaforest.eu\/de\/produkte\/seawater\/wasseraufbereitung\/component-123\/#breadcrumb","itemListElement":[{"@type":"ListItem","position":1,"name":"Home","item":"https:\/\/aquaforest.eu\/de\/"},{"@type":"ListItem","position":2,"name":"Produkte","item":"https:\/\/aquaforest.eu\/de\/produkte\/"},{"@type":"ListItem","position":3,"name":"Component 123"}]},{"@type":"WebSite","@id":"https:\/\/aquaforest.eu\/de\/#website","url":"https:\/\/aquaforest.eu\/de\/","name":"Aquaforest","description":"","publisher":{"@id":"https:\/\/aquaforest.eu\/de\/#organization"},"potentialAction":[{"@type":"SearchAction","target":{"@type":"EntryPoint","urlTemplate":"https:\/\/aquaforest.eu\/de\/?s={search_term_string}"},"query-input":{"@type":"PropertyValueSpecification","valueRequired":true,"valueName":"search_term_string"}}],"inLanguage":"de"},{"@type":"Organization","@id":"https:\/\/aquaforest.eu\/de\/#organization","name":"Aquaforest","url":"https:\/\/aquaforest.eu\/de\/","logo":{"@type":"ImageObject","inLanguage":"de","@id":"https:\/\/aquaforest.eu\/de\/#\/schema\/logo\/image\/","url":"https:\/\/aquaforest.eu\/wp-content\/uploads\/2024\/05\/logotyp-aquaforest.svg","contentUrl":"https:\/\/aquaforest.eu\/wp-content\/uploads\/2024\/05\/logotyp-aquaforest.svg","width":170,"height":22,"caption":"Aquaforest"},"image":{"@id":"https:\/\/aquaforest.eu\/de\/#\/schema\/logo\/image\/"},"sameAs":["https:\/\/www.facebook.com\/Aquaforest\/","https:\/\/www.instagram.com\/aquaforest.eu\/"]}]}},"_links":{"self":[{"href":"https:\/\/aquaforest.eu\/de\/wp-json\/wp\/v2\/product\/11478","targetHints":{"allow":["GET"]}}],"collection":[{"href":"https:\/\/aquaforest.eu\/de\/wp-json\/wp\/v2\/product"}],"about":[{"href":"https:\/\/aquaforest.eu\/de\/wp-json\/wp\/v2\/types\/product"}],"version-history":[{"count":0,"href":"https:\/\/aquaforest.eu\/de\/wp-json\/wp\/v2\/product\/11478\/revisions"}],"wp:featuredmedia":[{"embeddable":true,"href":"https:\/\/aquaforest.eu\/de\/wp-json\/wp\/v2\/media\/11470"}],"wp:attachment":[{"href":"https:\/\/aquaforest.eu\/de\/wp-json\/wp\/v2\/media?parent=11478"}],"wp:term":[{"taxonomy":"product_brand","embeddable":true,"href":"https:\/\/aquaforest.eu\/de\/wp-json\/wp\/v2\/product_brand?post=11478"},{"taxonomy":"product_cat","embeddable":true,"href":"https:\/\/aquaforest.eu\/de\/wp-json\/wp\/v2\/product_cat?post=11478"},{"taxonomy":"product_tag","embeddable":true,"href":"https:\/\/aquaforest.eu\/de\/wp-json\/wp\/v2\/product_tag?post=11478"}],"curies":[{"name":"wp","href":"https:\/\/api.w.org\/{rel}","templated":true}]}}