{"id":11528,"date":"2024-06-26T02:18:22","date_gmt":"2024-06-26T00:18:22","guid":{"rendered":"https:\/\/aquaforest.eu\/products\/unkategorisiert\/magnesium-test-kit\/"},"modified":"2024-11-08T13:44:45","modified_gmt":"2024-11-08T12:44:45","slug":"magnesium-test-kit","status":"publish","type":"product","link":"https:\/\/aquaforest.eu\/de\/produkte\/seawater\/wassertests\/magnesium-test-kit\/","title":{"rendered":"Magnesium Test Kit"},"content":{"rendered":"<p>Aquaforest TestPro Magnesium wurde entwickelt, um schnell die Konzentration von Magnesium (Mg) im Meerwasser zu messen. Magnesium spielt bei vielen biologischen Prozessen eine wichtige Rolle, z.B. beim Aufbau des Kalziumkarbonatskeletts von Hartkorallen. Aufgrund seiner einzigartigen chemischen Eigenschaften hat es einen bedeutenden Einfluss auf die Pufferkapazit\u00e4t des Meerwassers und verhindert au\u00dferdem eine \u00fcberm\u00e4\u00dfige Ausf\u00e4llung von Kalziumkarbonat auf der Aquarienausstattung. Ein angemessener Magnesiumgehalt ist f\u00fcr die Aufrechterhaltung eines ausgewogenen Gleichgewichts zwischen Kalzium und Alkalinit\u00e4t in Riffaquarien von entscheidender Bedeutung. Der Magnesiumgehalt sollte zusammen mit anderen kritischen Wasserparametern wie Kalzium und Alkalinit\u00e4t regelm\u00e4\u00dfig analysiert werden. Die Konzentration von Magnesium in nat\u00fcrlichem Meerwasser liegt zwischen 1260-1460 mg\/l (ppm). Das Testkit enth\u00e4lt gen\u00fcgend Reagenzien, um ca. 55-60 separate Tests innerhalb dieses Bereichs durchzuf\u00fchren.<\/p>\n<p>&nbsp;<\/p>\n<hr \/>\n<p>&nbsp;<\/p>\n<p><strong>Set: <\/strong><\/p>\n<ol>\n<li>Reagenz A-Mg &#8211; 2 x 10 ml Flasche mit Tropfer<\/li>\n<li>Reagenz B-Mg &#8211; 1 x 10 ml Flasche mit Tropfer<\/li>\n<li>Reagenz C-Mg &#8211; 1 x Beh\u00e4lter<\/li>\n<li>Reagenz D-Mg &#8211; 50 ml Flasche<\/li>\n<li>Testfl\u00e4schchen<\/li>\n<li>Spritze (3 ml)<\/li>\n<li>Spritze (1 ml)<\/li>\n<li>Spitze der Spritze<\/li>\n<li>Messl\u00f6ffel<\/li>\n<li>Qualit\u00e4tszertifikat<\/li>\n<li>Gebrauchsanweisung<\/li>\n<\/ol>\n","protected":false},"excerpt":{"rendered":"<p>Schnelltest zur Messung der Magnesiumkonzentration.<br \/>\nReagenzien zur Durchf\u00fchrung von ca.<br \/>\n55-60 Einzeltests.<\/p>\n","protected":false},"featured_media":11538,"template":"","meta":{"_acf_changed":false,"content-type":""},"product_brand":[],"product_cat":[1565],"product_tag":[966,1120,1566],"class_list":{"0":"post-11528","1":"product","2":"type-product","3":"status-publish","4":"has-post-thumbnail","6":"product_cat-wassertests","7":"product_tag-aquaforest-de","8":"product_tag-meerwasser-aquarien","9":"product_tag-wassertests","11":"first","12":"instock","13":"taxable","14":"shipping-taxable","15":"purchasable","16":"product-type-simple"},"acf":[],"yoast_head":"<!-- This site is optimized with the Yoast SEO plugin v27.1.1 - https:\/\/yoast.com\/product\/yoast-seo-wordpress\/ -->\n<title>Magnesium Test Kit - Aquaforest<\/title>\n<meta name=\"description\" content=\"Schnelle Messung der Magnesiumkonzentration im Meerwasseraquarium. \u00dcberwachen Sie den Magnesium-, Kalzium- und Karbonath\u00e4rtegehalt f\u00fcr die Gesundheit der Korallen. Ausreichend f\u00fcr 55-60 Tests\" \/>\n<meta name=\"robots\" content=\"index, follow, max-snippet:-1, max-image-preview:large, max-video-preview:-1\" \/>\n<link rel=\"canonical\" href=\"https:\/\/aquaforest.eu\/de\/produkte\/seawater\/wassertests\/magnesium-test-kit\/\" \/>\n<meta property=\"og:locale\" content=\"de_DE\" \/>\n<meta property=\"og:type\" content=\"article\" \/>\n<meta property=\"og:title\" content=\"Magnesium Test Kit - Aquaforest\" \/>\n<meta property=\"og:description\" content=\"Schnelle Messung der Magnesiumkonzentration im Meerwasseraquarium. \u00dcberwachen Sie den Magnesium-, Kalzium- und Karbonath\u00e4rtegehalt f\u00fcr die Gesundheit der Korallen. Ausreichend f\u00fcr 55-60 Tests\" \/>\n<meta property=\"og:url\" content=\"https:\/\/aquaforest.eu\/de\/produkte\/seawater\/wassertests\/magnesium-test-kit\/\" \/>\n<meta property=\"og:site_name\" content=\"Aquaforest\" \/>\n<meta property=\"article:publisher\" content=\"https:\/\/www.facebook.com\/Aquaforest\/\" \/>\n<meta property=\"article:modified_time\" content=\"2024-11-08T12:44:45+00:00\" \/>\n<meta property=\"og:image\" content=\"https:\/\/aquaforest.eu\/wp-content\/uploads\/2024\/06\/TestPro_Mg.png\" \/>\n\t<meta property=\"og:image:width\" content=\"434\" \/>\n\t<meta property=\"og:image:height\" content=\"600\" \/>\n\t<meta property=\"og:image:type\" content=\"image\/png\" \/>\n<meta name=\"twitter:card\" content=\"summary_large_image\" \/>\n<meta name=\"twitter:label1\" content=\"Gesch\u00e4tzte Lesezeit\" \/>\n\t<meta name=\"twitter:data1\" content=\"1\u00a0Minute\" \/>\n<script type=\"application\/ld+json\" class=\"yoast-schema-graph\">{\"@context\":\"https:\/\/schema.org\",\"@graph\":[{\"@type\":\"WebPage\",\"@id\":\"https:\/\/aquaforest.eu\/de\/produkte\/seawater\/wassertests\/magnesium-test-kit\/\",\"url\":\"https:\/\/aquaforest.eu\/de\/produkte\/seawater\/wassertests\/magnesium-test-kit\/\",\"name\":\"Magnesium Test Kit - Aquaforest\",\"isPartOf\":{\"@id\":\"https:\/\/aquaforest.eu\/de\/#website\"},\"primaryImageOfPage\":{\"@id\":\"https:\/\/aquaforest.eu\/de\/produkte\/seawater\/wassertests\/magnesium-test-kit\/#primaryimage\"},\"image\":{\"@id\":\"https:\/\/aquaforest.eu\/de\/produkte\/seawater\/wassertests\/magnesium-test-kit\/#primaryimage\"},\"thumbnailUrl\":\"https:\/\/aquaforest.eu\/wp-content\/uploads\/2024\/06\/TestPro_Mg.png\",\"datePublished\":\"2024-06-26T00:18:22+00:00\",\"dateModified\":\"2024-11-08T12:44:45+00:00\",\"description\":\"Schnelle Messung der Magnesiumkonzentration im Meerwasseraquarium. \u00dcberwachen Sie den Magnesium-, Kalzium- und Karbonath\u00e4rtegehalt f\u00fcr die Gesundheit der Korallen. Ausreichend f\u00fcr 55-60 Tests\",\"breadcrumb\":{\"@id\":\"https:\/\/aquaforest.eu\/de\/produkte\/seawater\/wassertests\/magnesium-test-kit\/#breadcrumb\"},\"inLanguage\":\"de\",\"potentialAction\":[{\"@type\":\"ReadAction\",\"target\":[\"https:\/\/aquaforest.eu\/de\/produkte\/seawater\/wassertests\/magnesium-test-kit\/\"]}]},{\"@type\":\"ImageObject\",\"inLanguage\":\"de\",\"@id\":\"https:\/\/aquaforest.eu\/de\/produkte\/seawater\/wassertests\/magnesium-test-kit\/#primaryimage\",\"url\":\"https:\/\/aquaforest.eu\/wp-content\/uploads\/2024\/06\/TestPro_Mg.png\",\"contentUrl\":\"https:\/\/aquaforest.eu\/wp-content\/uploads\/2024\/06\/TestPro_Mg.png\",\"width\":434,\"height\":600},{\"@type\":\"BreadcrumbList\",\"@id\":\"https:\/\/aquaforest.eu\/de\/produkte\/seawater\/wassertests\/magnesium-test-kit\/#breadcrumb\",\"itemListElement\":[{\"@type\":\"ListItem\",\"position\":1,\"name\":\"Home\",\"item\":\"https:\/\/aquaforest.eu\/de\/\"},{\"@type\":\"ListItem\",\"position\":2,\"name\":\"Produkte\",\"item\":\"https:\/\/aquaforest.eu\/de\/produkte\/\"},{\"@type\":\"ListItem\",\"position\":3,\"name\":\"Magnesium Test Kit\"}]},{\"@type\":\"WebSite\",\"@id\":\"https:\/\/aquaforest.eu\/de\/#website\",\"url\":\"https:\/\/aquaforest.eu\/de\/\",\"name\":\"Aquaforest\",\"description\":\"\",\"publisher\":{\"@id\":\"https:\/\/aquaforest.eu\/de\/#organization\"},\"potentialAction\":[{\"@type\":\"SearchAction\",\"target\":{\"@type\":\"EntryPoint\",\"urlTemplate\":\"https:\/\/aquaforest.eu\/de\/?s={search_term_string}\"},\"query-input\":{\"@type\":\"PropertyValueSpecification\",\"valueRequired\":true,\"valueName\":\"search_term_string\"}}],\"inLanguage\":\"de\"},{\"@type\":\"Organization\",\"@id\":\"https:\/\/aquaforest.eu\/de\/#organization\",\"name\":\"Aquaforest\",\"url\":\"https:\/\/aquaforest.eu\/de\/\",\"logo\":{\"@type\":\"ImageObject\",\"inLanguage\":\"de\",\"@id\":\"https:\/\/aquaforest.eu\/de\/#\/schema\/logo\/image\/\",\"url\":\"https:\/\/aquaforest.eu\/wp-content\/uploads\/2024\/05\/logotyp-aquaforest.svg\",\"contentUrl\":\"https:\/\/aquaforest.eu\/wp-content\/uploads\/2024\/05\/logotyp-aquaforest.svg\",\"width\":170,\"height\":22,\"caption\":\"Aquaforest\"},\"image\":{\"@id\":\"https:\/\/aquaforest.eu\/de\/#\/schema\/logo\/image\/\"},\"sameAs\":[\"https:\/\/www.facebook.com\/Aquaforest\/\",\"https:\/\/www.instagram.com\/aquaforest.eu\/\"]}]}<\/script>\n<!-- \/ Yoast SEO plugin. -->","yoast_head_json":{"title":"Magnesium Test Kit - Aquaforest","description":"Schnelle Messung der Magnesiumkonzentration im Meerwasseraquarium. \u00dcberwachen Sie den Magnesium-, Kalzium- und Karbonath\u00e4rtegehalt f\u00fcr die Gesundheit der Korallen. Ausreichend f\u00fcr 55-60 Tests","robots":{"index":"index","follow":"follow","max-snippet":"max-snippet:-1","max-image-preview":"max-image-preview:large","max-video-preview":"max-video-preview:-1"},"canonical":"https:\/\/aquaforest.eu\/de\/produkte\/seawater\/wassertests\/magnesium-test-kit\/","og_locale":"de_DE","og_type":"article","og_title":"Magnesium Test Kit - Aquaforest","og_description":"Schnelle Messung der Magnesiumkonzentration im Meerwasseraquarium. \u00dcberwachen Sie den Magnesium-, Kalzium- und Karbonath\u00e4rtegehalt f\u00fcr die Gesundheit der Korallen. Ausreichend f\u00fcr 55-60 Tests","og_url":"https:\/\/aquaforest.eu\/de\/produkte\/seawater\/wassertests\/magnesium-test-kit\/","og_site_name":"Aquaforest","article_publisher":"https:\/\/www.facebook.com\/Aquaforest\/","article_modified_time":"2024-11-08T12:44:45+00:00","og_image":[{"width":434,"height":600,"url":"https:\/\/aquaforest.eu\/wp-content\/uploads\/2024\/06\/TestPro_Mg.png","type":"image\/png"}],"twitter_card":"summary_large_image","twitter_misc":{"Gesch\u00e4tzte Lesezeit":"1\u00a0Minute"},"schema":{"@context":"https:\/\/schema.org","@graph":[{"@type":"WebPage","@id":"https:\/\/aquaforest.eu\/de\/produkte\/seawater\/wassertests\/magnesium-test-kit\/","url":"https:\/\/aquaforest.eu\/de\/produkte\/seawater\/wassertests\/magnesium-test-kit\/","name":"Magnesium Test Kit - Aquaforest","isPartOf":{"@id":"https:\/\/aquaforest.eu\/de\/#website"},"primaryImageOfPage":{"@id":"https:\/\/aquaforest.eu\/de\/produkte\/seawater\/wassertests\/magnesium-test-kit\/#primaryimage"},"image":{"@id":"https:\/\/aquaforest.eu\/de\/produkte\/seawater\/wassertests\/magnesium-test-kit\/#primaryimage"},"thumbnailUrl":"https:\/\/aquaforest.eu\/wp-content\/uploads\/2024\/06\/TestPro_Mg.png","datePublished":"2024-06-26T00:18:22+00:00","dateModified":"2024-11-08T12:44:45+00:00","description":"Schnelle Messung der Magnesiumkonzentration im Meerwasseraquarium. \u00dcberwachen Sie den Magnesium-, Kalzium- und Karbonath\u00e4rtegehalt f\u00fcr die Gesundheit der Korallen. Ausreichend f\u00fcr 55-60 Tests","breadcrumb":{"@id":"https:\/\/aquaforest.eu\/de\/produkte\/seawater\/wassertests\/magnesium-test-kit\/#breadcrumb"},"inLanguage":"de","potentialAction":[{"@type":"ReadAction","target":["https:\/\/aquaforest.eu\/de\/produkte\/seawater\/wassertests\/magnesium-test-kit\/"]}]},{"@type":"ImageObject","inLanguage":"de","@id":"https:\/\/aquaforest.eu\/de\/produkte\/seawater\/wassertests\/magnesium-test-kit\/#primaryimage","url":"https:\/\/aquaforest.eu\/wp-content\/uploads\/2024\/06\/TestPro_Mg.png","contentUrl":"https:\/\/aquaforest.eu\/wp-content\/uploads\/2024\/06\/TestPro_Mg.png","width":434,"height":600},{"@type":"BreadcrumbList","@id":"https:\/\/aquaforest.eu\/de\/produkte\/seawater\/wassertests\/magnesium-test-kit\/#breadcrumb","itemListElement":[{"@type":"ListItem","position":1,"name":"Home","item":"https:\/\/aquaforest.eu\/de\/"},{"@type":"ListItem","position":2,"name":"Produkte","item":"https:\/\/aquaforest.eu\/de\/produkte\/"},{"@type":"ListItem","position":3,"name":"Magnesium Test Kit"}]},{"@type":"WebSite","@id":"https:\/\/aquaforest.eu\/de\/#website","url":"https:\/\/aquaforest.eu\/de\/","name":"Aquaforest","description":"","publisher":{"@id":"https:\/\/aquaforest.eu\/de\/#organization"},"potentialAction":[{"@type":"SearchAction","target":{"@type":"EntryPoint","urlTemplate":"https:\/\/aquaforest.eu\/de\/?s={search_term_string}"},"query-input":{"@type":"PropertyValueSpecification","valueRequired":true,"valueName":"search_term_string"}}],"inLanguage":"de"},{"@type":"Organization","@id":"https:\/\/aquaforest.eu\/de\/#organization","name":"Aquaforest","url":"https:\/\/aquaforest.eu\/de\/","logo":{"@type":"ImageObject","inLanguage":"de","@id":"https:\/\/aquaforest.eu\/de\/#\/schema\/logo\/image\/","url":"https:\/\/aquaforest.eu\/wp-content\/uploads\/2024\/05\/logotyp-aquaforest.svg","contentUrl":"https:\/\/aquaforest.eu\/wp-content\/uploads\/2024\/05\/logotyp-aquaforest.svg","width":170,"height":22,"caption":"Aquaforest"},"image":{"@id":"https:\/\/aquaforest.eu\/de\/#\/schema\/logo\/image\/"},"sameAs":["https:\/\/www.facebook.com\/Aquaforest\/","https:\/\/www.instagram.com\/aquaforest.eu\/"]}]}},"_links":{"self":[{"href":"https:\/\/aquaforest.eu\/de\/wp-json\/wp\/v2\/product\/11528","targetHints":{"allow":["GET"]}}],"collection":[{"href":"https:\/\/aquaforest.eu\/de\/wp-json\/wp\/v2\/product"}],"about":[{"href":"https:\/\/aquaforest.eu\/de\/wp-json\/wp\/v2\/types\/product"}],"version-history":[{"count":0,"href":"https:\/\/aquaforest.eu\/de\/wp-json\/wp\/v2\/product\/11528\/revisions"}],"wp:featuredmedia":[{"embeddable":true,"href":"https:\/\/aquaforest.eu\/de\/wp-json\/wp\/v2\/media\/11538"}],"wp:attachment":[{"href":"https:\/\/aquaforest.eu\/de\/wp-json\/wp\/v2\/media?parent=11528"}],"wp:term":[{"taxonomy":"product_brand","embeddable":true,"href":"https:\/\/aquaforest.eu\/de\/wp-json\/wp\/v2\/product_brand?post=11528"},{"taxonomy":"product_cat","embeddable":true,"href":"https:\/\/aquaforest.eu\/de\/wp-json\/wp\/v2\/product_cat?post=11528"},{"taxonomy":"product_tag","embeddable":true,"href":"https:\/\/aquaforest.eu\/de\/wp-json\/wp\/v2\/product_tag?post=11528"}],"curies":[{"name":"wp","href":"https:\/\/api.w.org\/{rel}","templated":true}]}}