{"id":11532,"date":"2024-06-26T02:18:21","date_gmt":"2024-06-26T00:18:21","guid":{"rendered":"https:\/\/aquaforest.eu\/products\/unkategorisiert\/af-algenfutter\/"},"modified":"2025-02-12T15:43:49","modified_gmt":"2025-02-12T14:43:49","slug":"af-algae-feed","status":"publish","type":"product","link":"https:\/\/aquaforest.eu\/de\/produkte\/seawater\/lebensmittel-und-nahrungsergaenzungsmittel\/af-algae-feed\/","title":{"rendered":"AF Algae Feed"},"content":{"rendered":"<p>AF Algenfutter ist ein speziell entwickeltes <b>Futter f\u00fcr Pflanzenfresser, Allesfresser und Paracanthurus<\/b>. Die Kombination aus Algen, Spirulina und einem <b>hohen Gehalt an Vitamin A<\/b> in diesem Futter <b>st\u00e4rkt das Immunsystem und den Stoffwechsel<\/b>. Es <b>unterst\u00fctzt die nat\u00fcrlichen Verdauungsprozesse<\/b> und <b>tr\u00e4gt zum Schutz von Haut und Schuppen bei<\/b>. Angereichert mit Phytoplankton sorgt dieses Futter f\u00fcr ein schnelleres und gr\u00f6\u00dferes Wachstum der Fische und <b>f\u00f6rdert<\/b> gleichzeitig <b>die Farbintensit\u00e4t<\/b>. Das Futter kann manuell dosiert werden und eignet sich auch gut f\u00fcr die Verwendung mit einem Futterautomaten.<\/p>\n<p>&nbsp;<\/p>\n<p><strong>Granulatgr\u00f6\u00dfe:\u00a0<\/strong>2,5 mm<\/p>\n<p>&nbsp;<\/p>\n<hr \/>\n<p>&nbsp;<\/p>\n<p><strong>Was dieses Produkt einzigartig macht:<\/strong><\/p>\n<ul>\n<li>Hochwertiges Futter f\u00fcr pflanzenfressende Fische<\/li>\n<li class=\"ewa-rteLine\">Bietet eine ideale Ern\u00e4hrung und F\u00e4rbung,<\/li>\n<li>Reich an Vitaminen und Mineralien<\/li>\n<li>Futter in Form von weichen Pellets<\/li>\n<li class=\"ewa-rteLine\">Unterst\u00fctzt die nat\u00fcrlichen Verdauungsprozesse,<\/li>\n<li class=\"ewa-rteLine\">St\u00e4rkt die Sehkraft, sch\u00fctzt die Haut,<\/li>\n<li class=\"ewa-rteLine\">Geeignet f\u00fcr die Verwendung mit einer automatischen Zuf\u00fchrung.<\/li>\n<\/ul>\n<p>&nbsp;<\/p>\n<hr \/>\n<p>&nbsp;<\/p>\n<p>Von Kindern fernhalten. Nur f\u00fcr den Gebrauch im Aquarium. Nicht f\u00fcr den menschlichen Verzehr geeignet.<\/p>\n","protected":false},"excerpt":{"rendered":"<p>Futter auf Algenbasis f\u00fcr Fische und wirbellose Tiere.<br \/>\nMischung aus Algen, Spirulina und einem hohen Anteil an Vitamin A.<\/p>\n","protected":false},"featured_media":11676,"template":"","meta":{"_acf_changed":false,"content-type":""},"product_brand":[],"product_cat":[1152],"product_tag":[966,1104,1120,1417],"class_list":{"0":"post-11532","1":"product","2":"type-product","3":"status-publish","4":"has-post-thumbnail","6":"product_cat-lebensmittel-und-nahrungsergaenzungsmittel","7":"product_tag-aquaforest-de","8":"product_tag-lebensmittel-und-nahrungserganzungsmittel","9":"product_tag-meerwasser-aquarien","10":"product_tag-variable-de","12":"first","13":"instock","14":"taxable","15":"shipping-taxable","16":"purchasable","17":"product-type-variable","18":"has-default-attributes"},"acf":[],"yoast_head":"<!-- This site is optimized with the Yoast SEO plugin v27.1.1 - https:\/\/yoast.com\/product\/yoast-seo-wordpress\/ -->\n<title>AF Algae Feed - Aquaforest<\/title>\n<meta name=\"description\" content=\"AF Algenfutter: Spezialfutter f\u00fcr Fische und wirbellose Tiere, angereichert mit Algen. Zuverl\u00e4ssige Formel, die Gesundheit, Wachstum und F\u00e4rbung unterst\u00fctzt.\" \/>\n<meta name=\"robots\" content=\"index, follow, max-snippet:-1, max-image-preview:large, max-video-preview:-1\" \/>\n<link rel=\"canonical\" href=\"https:\/\/aquaforest.eu\/de\/produkte\/seawater\/lebensmittel-und-nahrungsergaenzungsmittel\/af-algae-feed\/\" \/>\n<meta property=\"og:locale\" content=\"de_DE\" \/>\n<meta property=\"og:type\" content=\"article\" \/>\n<meta property=\"og:title\" content=\"AF Algae Feed - Aquaforest\" \/>\n<meta property=\"og:description\" content=\"AF Algenfutter: Spezialfutter f\u00fcr Fische und wirbellose Tiere, angereichert mit Algen. Zuverl\u00e4ssige Formel, die Gesundheit, Wachstum und F\u00e4rbung unterst\u00fctzt.\" \/>\n<meta property=\"og:url\" content=\"https:\/\/aquaforest.eu\/de\/produkte\/seawater\/lebensmittel-und-nahrungsergaenzungsmittel\/af-algae-feed\/\" \/>\n<meta property=\"og:site_name\" content=\"Aquaforest\" \/>\n<meta property=\"article:publisher\" content=\"https:\/\/www.facebook.com\/Aquaforest\/\" \/>\n<meta property=\"article:modified_time\" content=\"2025-02-12T14:43:49+00:00\" \/>\n<meta property=\"og:image\" content=\"https:\/\/aquaforest.eu\/wp-content\/uploads\/2024\/06\/AF-Algae-Feed.png\" \/>\n\t<meta property=\"og:image:width\" content=\"462\" \/>\n\t<meta property=\"og:image:height\" content=\"600\" \/>\n\t<meta property=\"og:image:type\" content=\"image\/png\" \/>\n<meta name=\"twitter:card\" content=\"summary_large_image\" \/>\n<meta name=\"twitter:label1\" content=\"Gesch\u00e4tzte Lesezeit\" \/>\n\t<meta name=\"twitter:data1\" content=\"1\u00a0Minute\" \/>\n<script type=\"application\/ld+json\" class=\"yoast-schema-graph\">{\"@context\":\"https:\/\/schema.org\",\"@graph\":[{\"@type\":\"WebPage\",\"@id\":\"https:\/\/aquaforest.eu\/de\/produkte\/seawater\/lebensmittel-und-nahrungsergaenzungsmittel\/af-algae-feed\/\",\"url\":\"https:\/\/aquaforest.eu\/de\/produkte\/seawater\/lebensmittel-und-nahrungsergaenzungsmittel\/af-algae-feed\/\",\"name\":\"AF Algae Feed - Aquaforest\",\"isPartOf\":{\"@id\":\"https:\/\/aquaforest.eu\/de\/#website\"},\"primaryImageOfPage\":{\"@id\":\"https:\/\/aquaforest.eu\/de\/produkte\/seawater\/lebensmittel-und-nahrungsergaenzungsmittel\/af-algae-feed\/#primaryimage\"},\"image\":{\"@id\":\"https:\/\/aquaforest.eu\/de\/produkte\/seawater\/lebensmittel-und-nahrungsergaenzungsmittel\/af-algae-feed\/#primaryimage\"},\"thumbnailUrl\":\"https:\/\/aquaforest.eu\/wp-content\/uploads\/2024\/06\/AF-Algae-Feed.png\",\"datePublished\":\"2024-06-26T00:18:21+00:00\",\"dateModified\":\"2025-02-12T14:43:49+00:00\",\"description\":\"AF Algenfutter: Spezialfutter f\u00fcr Fische und wirbellose Tiere, angereichert mit Algen. Zuverl\u00e4ssige Formel, die Gesundheit, Wachstum und F\u00e4rbung unterst\u00fctzt.\",\"breadcrumb\":{\"@id\":\"https:\/\/aquaforest.eu\/de\/produkte\/seawater\/lebensmittel-und-nahrungsergaenzungsmittel\/af-algae-feed\/#breadcrumb\"},\"inLanguage\":\"de\",\"potentialAction\":[{\"@type\":\"ReadAction\",\"target\":[\"https:\/\/aquaforest.eu\/de\/produkte\/seawater\/lebensmittel-und-nahrungsergaenzungsmittel\/af-algae-feed\/\"]}]},{\"@type\":\"ImageObject\",\"inLanguage\":\"de\",\"@id\":\"https:\/\/aquaforest.eu\/de\/produkte\/seawater\/lebensmittel-und-nahrungsergaenzungsmittel\/af-algae-feed\/#primaryimage\",\"url\":\"https:\/\/aquaforest.eu\/wp-content\/uploads\/2024\/06\/AF-Algae-Feed.png\",\"contentUrl\":\"https:\/\/aquaforest.eu\/wp-content\/uploads\/2024\/06\/AF-Algae-Feed.png\",\"width\":462,\"height\":600,\"caption\":\"AF Algae Feed product - fish food\"},{\"@type\":\"BreadcrumbList\",\"@id\":\"https:\/\/aquaforest.eu\/de\/produkte\/seawater\/lebensmittel-und-nahrungsergaenzungsmittel\/af-algae-feed\/#breadcrumb\",\"itemListElement\":[{\"@type\":\"ListItem\",\"position\":1,\"name\":\"Home\",\"item\":\"https:\/\/aquaforest.eu\/de\/\"},{\"@type\":\"ListItem\",\"position\":2,\"name\":\"Produkte\",\"item\":\"https:\/\/aquaforest.eu\/de\/produkte\/\"},{\"@type\":\"ListItem\",\"position\":3,\"name\":\"AF Algae Feed\"}]},{\"@type\":\"WebSite\",\"@id\":\"https:\/\/aquaforest.eu\/de\/#website\",\"url\":\"https:\/\/aquaforest.eu\/de\/\",\"name\":\"Aquaforest\",\"description\":\"\",\"publisher\":{\"@id\":\"https:\/\/aquaforest.eu\/de\/#organization\"},\"potentialAction\":[{\"@type\":\"SearchAction\",\"target\":{\"@type\":\"EntryPoint\",\"urlTemplate\":\"https:\/\/aquaforest.eu\/de\/?s={search_term_string}\"},\"query-input\":{\"@type\":\"PropertyValueSpecification\",\"valueRequired\":true,\"valueName\":\"search_term_string\"}}],\"inLanguage\":\"de\"},{\"@type\":\"Organization\",\"@id\":\"https:\/\/aquaforest.eu\/de\/#organization\",\"name\":\"Aquaforest\",\"url\":\"https:\/\/aquaforest.eu\/de\/\",\"logo\":{\"@type\":\"ImageObject\",\"inLanguage\":\"de\",\"@id\":\"https:\/\/aquaforest.eu\/de\/#\/schema\/logo\/image\/\",\"url\":\"https:\/\/aquaforest.eu\/wp-content\/uploads\/2024\/05\/logotyp-aquaforest.svg\",\"contentUrl\":\"https:\/\/aquaforest.eu\/wp-content\/uploads\/2024\/05\/logotyp-aquaforest.svg\",\"width\":170,\"height\":22,\"caption\":\"Aquaforest\"},\"image\":{\"@id\":\"https:\/\/aquaforest.eu\/de\/#\/schema\/logo\/image\/\"},\"sameAs\":[\"https:\/\/www.facebook.com\/Aquaforest\/\",\"https:\/\/www.instagram.com\/aquaforest.eu\/\"]}]}<\/script>\n<!-- \/ Yoast SEO plugin. -->","yoast_head_json":{"title":"AF Algae Feed - Aquaforest","description":"AF Algenfutter: Spezialfutter f\u00fcr Fische und wirbellose Tiere, angereichert mit Algen. Zuverl\u00e4ssige Formel, die Gesundheit, Wachstum und F\u00e4rbung unterst\u00fctzt.","robots":{"index":"index","follow":"follow","max-snippet":"max-snippet:-1","max-image-preview":"max-image-preview:large","max-video-preview":"max-video-preview:-1"},"canonical":"https:\/\/aquaforest.eu\/de\/produkte\/seawater\/lebensmittel-und-nahrungsergaenzungsmittel\/af-algae-feed\/","og_locale":"de_DE","og_type":"article","og_title":"AF Algae Feed - Aquaforest","og_description":"AF Algenfutter: Spezialfutter f\u00fcr Fische und wirbellose Tiere, angereichert mit Algen. Zuverl\u00e4ssige Formel, die Gesundheit, Wachstum und F\u00e4rbung unterst\u00fctzt.","og_url":"https:\/\/aquaforest.eu\/de\/produkte\/seawater\/lebensmittel-und-nahrungsergaenzungsmittel\/af-algae-feed\/","og_site_name":"Aquaforest","article_publisher":"https:\/\/www.facebook.com\/Aquaforest\/","article_modified_time":"2025-02-12T14:43:49+00:00","og_image":[{"width":462,"height":600,"url":"https:\/\/aquaforest.eu\/wp-content\/uploads\/2024\/06\/AF-Algae-Feed.png","type":"image\/png"}],"twitter_card":"summary_large_image","twitter_misc":{"Gesch\u00e4tzte Lesezeit":"1\u00a0Minute"},"schema":{"@context":"https:\/\/schema.org","@graph":[{"@type":"WebPage","@id":"https:\/\/aquaforest.eu\/de\/produkte\/seawater\/lebensmittel-und-nahrungsergaenzungsmittel\/af-algae-feed\/","url":"https:\/\/aquaforest.eu\/de\/produkte\/seawater\/lebensmittel-und-nahrungsergaenzungsmittel\/af-algae-feed\/","name":"AF Algae Feed - Aquaforest","isPartOf":{"@id":"https:\/\/aquaforest.eu\/de\/#website"},"primaryImageOfPage":{"@id":"https:\/\/aquaforest.eu\/de\/produkte\/seawater\/lebensmittel-und-nahrungsergaenzungsmittel\/af-algae-feed\/#primaryimage"},"image":{"@id":"https:\/\/aquaforest.eu\/de\/produkte\/seawater\/lebensmittel-und-nahrungsergaenzungsmittel\/af-algae-feed\/#primaryimage"},"thumbnailUrl":"https:\/\/aquaforest.eu\/wp-content\/uploads\/2024\/06\/AF-Algae-Feed.png","datePublished":"2024-06-26T00:18:21+00:00","dateModified":"2025-02-12T14:43:49+00:00","description":"AF Algenfutter: Spezialfutter f\u00fcr Fische und wirbellose Tiere, angereichert mit Algen. Zuverl\u00e4ssige Formel, die Gesundheit, Wachstum und F\u00e4rbung unterst\u00fctzt.","breadcrumb":{"@id":"https:\/\/aquaforest.eu\/de\/produkte\/seawater\/lebensmittel-und-nahrungsergaenzungsmittel\/af-algae-feed\/#breadcrumb"},"inLanguage":"de","potentialAction":[{"@type":"ReadAction","target":["https:\/\/aquaforest.eu\/de\/produkte\/seawater\/lebensmittel-und-nahrungsergaenzungsmittel\/af-algae-feed\/"]}]},{"@type":"ImageObject","inLanguage":"de","@id":"https:\/\/aquaforest.eu\/de\/produkte\/seawater\/lebensmittel-und-nahrungsergaenzungsmittel\/af-algae-feed\/#primaryimage","url":"https:\/\/aquaforest.eu\/wp-content\/uploads\/2024\/06\/AF-Algae-Feed.png","contentUrl":"https:\/\/aquaforest.eu\/wp-content\/uploads\/2024\/06\/AF-Algae-Feed.png","width":462,"height":600,"caption":"AF Algae Feed product - fish food"},{"@type":"BreadcrumbList","@id":"https:\/\/aquaforest.eu\/de\/produkte\/seawater\/lebensmittel-und-nahrungsergaenzungsmittel\/af-algae-feed\/#breadcrumb","itemListElement":[{"@type":"ListItem","position":1,"name":"Home","item":"https:\/\/aquaforest.eu\/de\/"},{"@type":"ListItem","position":2,"name":"Produkte","item":"https:\/\/aquaforest.eu\/de\/produkte\/"},{"@type":"ListItem","position":3,"name":"AF Algae Feed"}]},{"@type":"WebSite","@id":"https:\/\/aquaforest.eu\/de\/#website","url":"https:\/\/aquaforest.eu\/de\/","name":"Aquaforest","description":"","publisher":{"@id":"https:\/\/aquaforest.eu\/de\/#organization"},"potentialAction":[{"@type":"SearchAction","target":{"@type":"EntryPoint","urlTemplate":"https:\/\/aquaforest.eu\/de\/?s={search_term_string}"},"query-input":{"@type":"PropertyValueSpecification","valueRequired":true,"valueName":"search_term_string"}}],"inLanguage":"de"},{"@type":"Organization","@id":"https:\/\/aquaforest.eu\/de\/#organization","name":"Aquaforest","url":"https:\/\/aquaforest.eu\/de\/","logo":{"@type":"ImageObject","inLanguage":"de","@id":"https:\/\/aquaforest.eu\/de\/#\/schema\/logo\/image\/","url":"https:\/\/aquaforest.eu\/wp-content\/uploads\/2024\/05\/logotyp-aquaforest.svg","contentUrl":"https:\/\/aquaforest.eu\/wp-content\/uploads\/2024\/05\/logotyp-aquaforest.svg","width":170,"height":22,"caption":"Aquaforest"},"image":{"@id":"https:\/\/aquaforest.eu\/de\/#\/schema\/logo\/image\/"},"sameAs":["https:\/\/www.facebook.com\/Aquaforest\/","https:\/\/www.instagram.com\/aquaforest.eu\/"]}]}},"_links":{"self":[{"href":"https:\/\/aquaforest.eu\/de\/wp-json\/wp\/v2\/product\/11532","targetHints":{"allow":["GET"]}}],"collection":[{"href":"https:\/\/aquaforest.eu\/de\/wp-json\/wp\/v2\/product"}],"about":[{"href":"https:\/\/aquaforest.eu\/de\/wp-json\/wp\/v2\/types\/product"}],"version-history":[{"count":1,"href":"https:\/\/aquaforest.eu\/de\/wp-json\/wp\/v2\/product\/11532\/revisions"}],"predecessor-version":[{"id":21368,"href":"https:\/\/aquaforest.eu\/de\/wp-json\/wp\/v2\/product\/11532\/revisions\/21368"}],"wp:featuredmedia":[{"embeddable":true,"href":"https:\/\/aquaforest.eu\/de\/wp-json\/wp\/v2\/media\/11676"}],"wp:attachment":[{"href":"https:\/\/aquaforest.eu\/de\/wp-json\/wp\/v2\/media?parent=11532"}],"wp:term":[{"taxonomy":"product_brand","embeddable":true,"href":"https:\/\/aquaforest.eu\/de\/wp-json\/wp\/v2\/product_brand?post=11532"},{"taxonomy":"product_cat","embeddable":true,"href":"https:\/\/aquaforest.eu\/de\/wp-json\/wp\/v2\/product_cat?post=11532"},{"taxonomy":"product_tag","embeddable":true,"href":"https:\/\/aquaforest.eu\/de\/wp-json\/wp\/v2\/product_tag?post=11532"}],"curies":[{"name":"wp","href":"https:\/\/api.w.org\/{rel}","templated":true}]}}