{"id":11533,"date":"2024-06-26T02:18:21","date_gmt":"2024-06-26T00:18:21","guid":{"rendered":"https:\/\/aquaforest.eu\/products\/unkategorisiert\/pro-bio-f\/"},"modified":"2024-09-09T01:28:26","modified_gmt":"2024-09-08T23:28:26","slug":"pro-bio-f","status":"publish","type":"product","link":"https:\/\/aquaforest.eu\/de\/produkte\/seawater\/probiotische-methode\/pro-bio-f\/","title":{"rendered":"Pro Bio F"},"content":{"rendered":"<p>Das Produkt enth\u00e4lt eine einzigartige Zusammensetzung aus gefriergetrockneten probiotischen Bakterien und N\u00e4hrstoffen, die deren Vermehrung f\u00f6rdern.<br \/>\nPro Bio F wird besonders f\u00fcr kleine Aquarien empfohlen, in denen die Installation eines Filters mit Polymeren nicht m\u00f6glich oder sehr viel schwieriger ist.<br \/>\nEs kann die Gabe von VSV oder anderen Kohlenstoffquellen ersetzen.<br \/>\nDie einzigartige Zusammensetzung speziell ausgew\u00e4hlter St\u00e4mme probiotischer Bakterien wurde entwickelt, um die Zersetzung organischer Stoffe zu beschleunigen.<br \/>\nEs verbessert die Klarheit des Wassers und f\u00f6rdert die Reinigung des Substrats.<br \/>\nDie Verwendung von Pro Bio F reduziert die Nitratmenge auf ein nicht mehr nachweisbares Niveau und bietet den Korallen perfekt ausgewogene Lebensbedingungen und eine hervorragende F\u00e4rbung. <strong>Dosierung:<\/strong> 1 L\u00f6ffel pro 100 l (27 US gal) Wasser t\u00e4glich.<br \/>\nNur f\u00fcr den Gebrauch im Aquarium bestimmt.<br \/>\nVon Kindern fernhalten.<br \/>\nNicht f\u00fcr den menschlichen Verzehr geeignet.        <\/p>\n","protected":false},"excerpt":{"rendered":"<p>Einzigartige Zusammensetzung aus gefriergetrockneten probiotischen Bakterien und N\u00e4hrstoffen, um ihre Vermehrung zu erleichtern.<\/p>\n","protected":false},"featured_media":11535,"template":"","meta":{"_acf_changed":false,"content-type":""},"product_brand":[],"product_cat":[1156],"product_tag":[966,1120,1110],"class_list":{"0":"post-11533","1":"product","2":"type-product","3":"status-publish","4":"has-post-thumbnail","6":"product_cat-probiotische-methode","7":"product_tag-aquaforest-de","8":"product_tag-meerwasser-aquarien","9":"product_tag-probiotische-methode","11":"first","12":"instock","13":"taxable","14":"shipping-taxable","15":"purchasable","16":"product-type-simple"},"acf":[],"yoast_head":"<!-- This site is optimized with the Yoast SEO plugin v27.1.1 - https:\/\/yoast.com\/product\/yoast-seo-wordpress\/ -->\n<title>Pro Bio F - Aquaforest<\/title>\n<meta name=\"description\" content=\"Pro Bio F: einzigartige gefriergetrocknete probiotische Bakterien mit N\u00e4hrstoff, ideal f\u00fcr kleine Becken. Beschleunigt die Zersetzung von organischem Material und ersetzt VSV oder andere Kohlenstoffquellen.\" \/>\n<meta name=\"robots\" content=\"index, follow, max-snippet:-1, max-image-preview:large, max-video-preview:-1\" \/>\n<link rel=\"canonical\" href=\"https:\/\/aquaforest.eu\/de\/produkte\/seawater\/probiotische-methode\/pro-bio-f\/\" \/>\n<meta property=\"og:locale\" content=\"de_DE\" \/>\n<meta property=\"og:type\" content=\"article\" \/>\n<meta property=\"og:title\" content=\"Pro Bio F - Aquaforest\" \/>\n<meta property=\"og:description\" content=\"Pro Bio F: einzigartige gefriergetrocknete probiotische Bakterien mit N\u00e4hrstoff, ideal f\u00fcr kleine Becken. Beschleunigt die Zersetzung von organischem Material und ersetzt VSV oder andere Kohlenstoffquellen.\" \/>\n<meta property=\"og:url\" content=\"https:\/\/aquaforest.eu\/de\/produkte\/seawater\/probiotische-methode\/pro-bio-f\/\" \/>\n<meta property=\"og:site_name\" content=\"Aquaforest\" \/>\n<meta property=\"article:publisher\" content=\"https:\/\/www.facebook.com\/Aquaforest\/\" \/>\n<meta property=\"article:modified_time\" content=\"2024-09-08T23:28:26+00:00\" \/>\n<meta property=\"og:image\" content=\"https:\/\/aquaforest.eu\/wp-content\/uploads\/2024\/06\/ProBioF-1.png\" \/>\n\t<meta property=\"og:image:width\" content=\"564\" \/>\n\t<meta property=\"og:image:height\" content=\"600\" \/>\n\t<meta property=\"og:image:type\" content=\"image\/png\" \/>\n<meta name=\"twitter:card\" content=\"summary_large_image\" \/>\n<meta name=\"twitter:label1\" content=\"Gesch\u00e4tzte Lesezeit\" \/>\n\t<meta name=\"twitter:data1\" content=\"1\u00a0Minute\" \/>\n<script type=\"application\/ld+json\" class=\"yoast-schema-graph\">{\"@context\":\"https:\/\/schema.org\",\"@graph\":[{\"@type\":\"WebPage\",\"@id\":\"https:\/\/aquaforest.eu\/de\/produkte\/seawater\/probiotische-methode\/pro-bio-f\/\",\"url\":\"https:\/\/aquaforest.eu\/de\/produkte\/seawater\/probiotische-methode\/pro-bio-f\/\",\"name\":\"Pro Bio F - Aquaforest\",\"isPartOf\":{\"@id\":\"https:\/\/aquaforest.eu\/de\/#website\"},\"primaryImageOfPage\":{\"@id\":\"https:\/\/aquaforest.eu\/de\/produkte\/seawater\/probiotische-methode\/pro-bio-f\/#primaryimage\"},\"image\":{\"@id\":\"https:\/\/aquaforest.eu\/de\/produkte\/seawater\/probiotische-methode\/pro-bio-f\/#primaryimage\"},\"thumbnailUrl\":\"https:\/\/aquaforest.eu\/wp-content\/uploads\/2024\/06\/ProBioF-1.png\",\"datePublished\":\"2024-06-26T00:18:21+00:00\",\"dateModified\":\"2024-09-08T23:28:26+00:00\",\"description\":\"Pro Bio F: einzigartige gefriergetrocknete probiotische Bakterien mit N\u00e4hrstoff, ideal f\u00fcr kleine Becken. Beschleunigt die Zersetzung von organischem Material und ersetzt VSV oder andere Kohlenstoffquellen.\",\"breadcrumb\":{\"@id\":\"https:\/\/aquaforest.eu\/de\/produkte\/seawater\/probiotische-methode\/pro-bio-f\/#breadcrumb\"},\"inLanguage\":\"de\",\"potentialAction\":[{\"@type\":\"ReadAction\",\"target\":[\"https:\/\/aquaforest.eu\/de\/produkte\/seawater\/probiotische-methode\/pro-bio-f\/\"]}]},{\"@type\":\"ImageObject\",\"inLanguage\":\"de\",\"@id\":\"https:\/\/aquaforest.eu\/de\/produkte\/seawater\/probiotische-methode\/pro-bio-f\/#primaryimage\",\"url\":\"https:\/\/aquaforest.eu\/wp-content\/uploads\/2024\/06\/ProBioF-1.png\",\"contentUrl\":\"https:\/\/aquaforest.eu\/wp-content\/uploads\/2024\/06\/ProBioF-1.png\",\"width\":564,\"height\":600},{\"@type\":\"BreadcrumbList\",\"@id\":\"https:\/\/aquaforest.eu\/de\/produkte\/seawater\/probiotische-methode\/pro-bio-f\/#breadcrumb\",\"itemListElement\":[{\"@type\":\"ListItem\",\"position\":1,\"name\":\"Home\",\"item\":\"https:\/\/aquaforest.eu\/de\/\"},{\"@type\":\"ListItem\",\"position\":2,\"name\":\"Produkte\",\"item\":\"https:\/\/aquaforest.eu\/de\/produkte\/\"},{\"@type\":\"ListItem\",\"position\":3,\"name\":\"Pro Bio F\"}]},{\"@type\":\"WebSite\",\"@id\":\"https:\/\/aquaforest.eu\/de\/#website\",\"url\":\"https:\/\/aquaforest.eu\/de\/\",\"name\":\"Aquaforest\",\"description\":\"\",\"publisher\":{\"@id\":\"https:\/\/aquaforest.eu\/de\/#organization\"},\"potentialAction\":[{\"@type\":\"SearchAction\",\"target\":{\"@type\":\"EntryPoint\",\"urlTemplate\":\"https:\/\/aquaforest.eu\/de\/?s={search_term_string}\"},\"query-input\":{\"@type\":\"PropertyValueSpecification\",\"valueRequired\":true,\"valueName\":\"search_term_string\"}}],\"inLanguage\":\"de\"},{\"@type\":\"Organization\",\"@id\":\"https:\/\/aquaforest.eu\/de\/#organization\",\"name\":\"Aquaforest\",\"url\":\"https:\/\/aquaforest.eu\/de\/\",\"logo\":{\"@type\":\"ImageObject\",\"inLanguage\":\"de\",\"@id\":\"https:\/\/aquaforest.eu\/de\/#\/schema\/logo\/image\/\",\"url\":\"https:\/\/aquaforest.eu\/wp-content\/uploads\/2024\/05\/logotyp-aquaforest.svg\",\"contentUrl\":\"https:\/\/aquaforest.eu\/wp-content\/uploads\/2024\/05\/logotyp-aquaforest.svg\",\"width\":170,\"height\":22,\"caption\":\"Aquaforest\"},\"image\":{\"@id\":\"https:\/\/aquaforest.eu\/de\/#\/schema\/logo\/image\/\"},\"sameAs\":[\"https:\/\/www.facebook.com\/Aquaforest\/\",\"https:\/\/www.instagram.com\/aquaforest.eu\/\"]}]}<\/script>\n<!-- \/ Yoast SEO plugin. -->","yoast_head_json":{"title":"Pro Bio F - Aquaforest","description":"Pro Bio F: einzigartige gefriergetrocknete probiotische Bakterien mit N\u00e4hrstoff, ideal f\u00fcr kleine Becken. Beschleunigt die Zersetzung von organischem Material und ersetzt VSV oder andere Kohlenstoffquellen.","robots":{"index":"index","follow":"follow","max-snippet":"max-snippet:-1","max-image-preview":"max-image-preview:large","max-video-preview":"max-video-preview:-1"},"canonical":"https:\/\/aquaforest.eu\/de\/produkte\/seawater\/probiotische-methode\/pro-bio-f\/","og_locale":"de_DE","og_type":"article","og_title":"Pro Bio F - Aquaforest","og_description":"Pro Bio F: einzigartige gefriergetrocknete probiotische Bakterien mit N\u00e4hrstoff, ideal f\u00fcr kleine Becken. Beschleunigt die Zersetzung von organischem Material und ersetzt VSV oder andere Kohlenstoffquellen.","og_url":"https:\/\/aquaforest.eu\/de\/produkte\/seawater\/probiotische-methode\/pro-bio-f\/","og_site_name":"Aquaforest","article_publisher":"https:\/\/www.facebook.com\/Aquaforest\/","article_modified_time":"2024-09-08T23:28:26+00:00","og_image":[{"width":564,"height":600,"url":"https:\/\/aquaforest.eu\/wp-content\/uploads\/2024\/06\/ProBioF-1.png","type":"image\/png"}],"twitter_card":"summary_large_image","twitter_misc":{"Gesch\u00e4tzte Lesezeit":"1\u00a0Minute"},"schema":{"@context":"https:\/\/schema.org","@graph":[{"@type":"WebPage","@id":"https:\/\/aquaforest.eu\/de\/produkte\/seawater\/probiotische-methode\/pro-bio-f\/","url":"https:\/\/aquaforest.eu\/de\/produkte\/seawater\/probiotische-methode\/pro-bio-f\/","name":"Pro Bio F - Aquaforest","isPartOf":{"@id":"https:\/\/aquaforest.eu\/de\/#website"},"primaryImageOfPage":{"@id":"https:\/\/aquaforest.eu\/de\/produkte\/seawater\/probiotische-methode\/pro-bio-f\/#primaryimage"},"image":{"@id":"https:\/\/aquaforest.eu\/de\/produkte\/seawater\/probiotische-methode\/pro-bio-f\/#primaryimage"},"thumbnailUrl":"https:\/\/aquaforest.eu\/wp-content\/uploads\/2024\/06\/ProBioF-1.png","datePublished":"2024-06-26T00:18:21+00:00","dateModified":"2024-09-08T23:28:26+00:00","description":"Pro Bio F: einzigartige gefriergetrocknete probiotische Bakterien mit N\u00e4hrstoff, ideal f\u00fcr kleine Becken. Beschleunigt die Zersetzung von organischem Material und ersetzt VSV oder andere Kohlenstoffquellen.","breadcrumb":{"@id":"https:\/\/aquaforest.eu\/de\/produkte\/seawater\/probiotische-methode\/pro-bio-f\/#breadcrumb"},"inLanguage":"de","potentialAction":[{"@type":"ReadAction","target":["https:\/\/aquaforest.eu\/de\/produkte\/seawater\/probiotische-methode\/pro-bio-f\/"]}]},{"@type":"ImageObject","inLanguage":"de","@id":"https:\/\/aquaforest.eu\/de\/produkte\/seawater\/probiotische-methode\/pro-bio-f\/#primaryimage","url":"https:\/\/aquaforest.eu\/wp-content\/uploads\/2024\/06\/ProBioF-1.png","contentUrl":"https:\/\/aquaforest.eu\/wp-content\/uploads\/2024\/06\/ProBioF-1.png","width":564,"height":600},{"@type":"BreadcrumbList","@id":"https:\/\/aquaforest.eu\/de\/produkte\/seawater\/probiotische-methode\/pro-bio-f\/#breadcrumb","itemListElement":[{"@type":"ListItem","position":1,"name":"Home","item":"https:\/\/aquaforest.eu\/de\/"},{"@type":"ListItem","position":2,"name":"Produkte","item":"https:\/\/aquaforest.eu\/de\/produkte\/"},{"@type":"ListItem","position":3,"name":"Pro Bio F"}]},{"@type":"WebSite","@id":"https:\/\/aquaforest.eu\/de\/#website","url":"https:\/\/aquaforest.eu\/de\/","name":"Aquaforest","description":"","publisher":{"@id":"https:\/\/aquaforest.eu\/de\/#organization"},"potentialAction":[{"@type":"SearchAction","target":{"@type":"EntryPoint","urlTemplate":"https:\/\/aquaforest.eu\/de\/?s={search_term_string}"},"query-input":{"@type":"PropertyValueSpecification","valueRequired":true,"valueName":"search_term_string"}}],"inLanguage":"de"},{"@type":"Organization","@id":"https:\/\/aquaforest.eu\/de\/#organization","name":"Aquaforest","url":"https:\/\/aquaforest.eu\/de\/","logo":{"@type":"ImageObject","inLanguage":"de","@id":"https:\/\/aquaforest.eu\/de\/#\/schema\/logo\/image\/","url":"https:\/\/aquaforest.eu\/wp-content\/uploads\/2024\/05\/logotyp-aquaforest.svg","contentUrl":"https:\/\/aquaforest.eu\/wp-content\/uploads\/2024\/05\/logotyp-aquaforest.svg","width":170,"height":22,"caption":"Aquaforest"},"image":{"@id":"https:\/\/aquaforest.eu\/de\/#\/schema\/logo\/image\/"},"sameAs":["https:\/\/www.facebook.com\/Aquaforest\/","https:\/\/www.instagram.com\/aquaforest.eu\/"]}]}},"_links":{"self":[{"href":"https:\/\/aquaforest.eu\/de\/wp-json\/wp\/v2\/product\/11533","targetHints":{"allow":["GET"]}}],"collection":[{"href":"https:\/\/aquaforest.eu\/de\/wp-json\/wp\/v2\/product"}],"about":[{"href":"https:\/\/aquaforest.eu\/de\/wp-json\/wp\/v2\/types\/product"}],"version-history":[{"count":0,"href":"https:\/\/aquaforest.eu\/de\/wp-json\/wp\/v2\/product\/11533\/revisions"}],"wp:featuredmedia":[{"embeddable":true,"href":"https:\/\/aquaforest.eu\/de\/wp-json\/wp\/v2\/media\/11535"}],"wp:attachment":[{"href":"https:\/\/aquaforest.eu\/de\/wp-json\/wp\/v2\/media?parent=11533"}],"wp:term":[{"taxonomy":"product_brand","embeddable":true,"href":"https:\/\/aquaforest.eu\/de\/wp-json\/wp\/v2\/product_brand?post=11533"},{"taxonomy":"product_cat","embeddable":true,"href":"https:\/\/aquaforest.eu\/de\/wp-json\/wp\/v2\/product_cat?post=11533"},{"taxonomy":"product_tag","embeddable":true,"href":"https:\/\/aquaforest.eu\/de\/wp-json\/wp\/v2\/product_tag?post=11533"}],"curies":[{"name":"wp","href":"https:\/\/api.w.org\/{rel}","templated":true}]}}