{"id":11543,"date":"2024-06-26T02:18:21","date_gmt":"2024-06-26T00:18:21","guid":{"rendered":"https:\/\/aquaforest.eu\/products\/unkategorisiert\/phosphat-test-kit\/"},"modified":"2024-11-08T15:35:25","modified_gmt":"2024-11-08T14:35:25","slug":"phosphate-test-kit","status":"publish","type":"product","link":"https:\/\/aquaforest.eu\/de\/produkte\/seawater\/wassertests\/phosphate-test-kit\/","title":{"rendered":"Phosphate Test Kit"},"content":{"rendered":"<p>AF Phosphate TestPro wurde f\u00fcr die schnelle Messung von Phosphat-Ionen in einem Meerwasseraquarium entwickelt. Phosphat ist ein N\u00e4hrboden f\u00fcr das Wachstum unerw\u00fcnschter Algen, daher ist es sehr wichtig, seine Konzentration in Meerwasseraquarien st\u00e4ndig zu \u00fcberwachen. Dar\u00fcber hinaus kann eine hohe Phosphatkonzentration f\u00fcr Korallen sch\u00e4dlich sein. Der Phosphatgehalt im Meerwasseraquarium sollte 0,02 mg\/l (ppm) nicht \u00fcberschreiten. Dieses Testkit enth\u00e4lt ausreichend Reagenzien, um 40 Tests der Phosphatkonzentration durchzuf\u00fchren.<\/p>\n<p>&nbsp;<\/p>\n<hr \/>\n<p>&nbsp;<\/p>\n<p><strong>Set:<\/strong><\/p>\n<ol>\n<li>Flasche Reagenz <sub>A-PO4<\/sub><\/li>\n<li>Beh\u00e4lter f\u00fcr Reagenz <sub>B-PO4<\/sub><\/li>\n<li>1 Testfl\u00e4schchen mit Schraubverschluss<\/li>\n<li>Spritze &#8211; 5 ml<\/li>\n<li>Spritze &#8211; 1 ml<\/li>\n<li>Messl\u00f6ffel<\/li>\n<li>Gebrauchsanweisung<\/li>\n<li>Farbkarte<\/li>\n<\/ol>\n","protected":false},"excerpt":{"rendered":"<p>Schnelltest zur Messung der Phosphatkonzentration.<br \/>\nReagenzien zur Durchf\u00fchrung von 40 Tests der Phosphatkonzentration.<\/p>\n","protected":false},"featured_media":11539,"template":"","meta":{"_acf_changed":false,"content-type":""},"product_brand":[],"product_cat":[1565],"product_tag":[966,1120,1566],"class_list":{"0":"post-11543","1":"product","2":"type-product","3":"status-publish","4":"has-post-thumbnail","6":"product_cat-wassertests","7":"product_tag-aquaforest-de","8":"product_tag-meerwasser-aquarien","9":"product_tag-wassertests","11":"first","12":"instock","13":"taxable","14":"shipping-taxable","15":"purchasable","16":"product-type-simple"},"acf":[],"yoast_head":"<!-- This site is optimized with the Yoast SEO plugin v27.1.1 - https:\/\/yoast.com\/product\/yoast-seo-wordpress\/ -->\n<title>Phosphate Test Kit - Aquaforest<\/title>\n<meta name=\"description\" content=\"Schnelltest zur Messung der Phosphatkonzentration in Meerwasseraquarien. \u00dcberwachen Sie den Wert auf 0,02 mg\/l, um Algenwachstum zu verhindern und Korallen zu sch\u00fctzen. Ausreichend f\u00fcr 40 Messungen.\" \/>\n<meta name=\"robots\" content=\"index, follow, max-snippet:-1, max-image-preview:large, max-video-preview:-1\" \/>\n<link rel=\"canonical\" href=\"https:\/\/aquaforest.eu\/de\/produkte\/seawater\/wassertests\/phosphate-test-kit\/\" \/>\n<meta property=\"og:locale\" content=\"de_DE\" \/>\n<meta property=\"og:type\" content=\"article\" \/>\n<meta property=\"og:title\" content=\"Phosphate Test Kit - Aquaforest\" \/>\n<meta property=\"og:description\" content=\"Schnelltest zur Messung der Phosphatkonzentration in Meerwasseraquarien. \u00dcberwachen Sie den Wert auf 0,02 mg\/l, um Algenwachstum zu verhindern und Korallen zu sch\u00fctzen. Ausreichend f\u00fcr 40 Messungen.\" \/>\n<meta property=\"og:url\" content=\"https:\/\/aquaforest.eu\/de\/produkte\/seawater\/wassertests\/phosphate-test-kit\/\" \/>\n<meta property=\"og:site_name\" content=\"Aquaforest\" \/>\n<meta property=\"article:publisher\" content=\"https:\/\/www.facebook.com\/Aquaforest\/\" \/>\n<meta property=\"article:modified_time\" content=\"2024-11-08T14:35:25+00:00\" \/>\n<meta property=\"og:image\" content=\"https:\/\/aquaforest.eu\/wp-content\/uploads\/2024\/06\/TestPro_PO4.png\" \/>\n\t<meta property=\"og:image:width\" content=\"434\" \/>\n\t<meta property=\"og:image:height\" content=\"600\" \/>\n\t<meta property=\"og:image:type\" content=\"image\/png\" \/>\n<meta name=\"twitter:card\" content=\"summary_large_image\" \/>\n<meta name=\"twitter:label1\" content=\"Gesch\u00e4tzte Lesezeit\" \/>\n\t<meta name=\"twitter:data1\" content=\"1\u00a0Minute\" \/>\n<script type=\"application\/ld+json\" class=\"yoast-schema-graph\">{\"@context\":\"https:\/\/schema.org\",\"@graph\":[{\"@type\":\"WebPage\",\"@id\":\"https:\/\/aquaforest.eu\/de\/produkte\/seawater\/wassertests\/phosphate-test-kit\/\",\"url\":\"https:\/\/aquaforest.eu\/de\/produkte\/seawater\/wassertests\/phosphate-test-kit\/\",\"name\":\"Phosphate Test Kit - Aquaforest\",\"isPartOf\":{\"@id\":\"https:\/\/aquaforest.eu\/de\/#website\"},\"primaryImageOfPage\":{\"@id\":\"https:\/\/aquaforest.eu\/de\/produkte\/seawater\/wassertests\/phosphate-test-kit\/#primaryimage\"},\"image\":{\"@id\":\"https:\/\/aquaforest.eu\/de\/produkte\/seawater\/wassertests\/phosphate-test-kit\/#primaryimage\"},\"thumbnailUrl\":\"https:\/\/aquaforest.eu\/wp-content\/uploads\/2024\/06\/TestPro_PO4.png\",\"datePublished\":\"2024-06-26T00:18:21+00:00\",\"dateModified\":\"2024-11-08T14:35:25+00:00\",\"description\":\"Schnelltest zur Messung der Phosphatkonzentration in Meerwasseraquarien. \u00dcberwachen Sie den Wert auf 0,02 mg\/l, um Algenwachstum zu verhindern und Korallen zu sch\u00fctzen. Ausreichend f\u00fcr 40 Messungen.\",\"breadcrumb\":{\"@id\":\"https:\/\/aquaforest.eu\/de\/produkte\/seawater\/wassertests\/phosphate-test-kit\/#breadcrumb\"},\"inLanguage\":\"de\",\"potentialAction\":[{\"@type\":\"ReadAction\",\"target\":[\"https:\/\/aquaforest.eu\/de\/produkte\/seawater\/wassertests\/phosphate-test-kit\/\"]}]},{\"@type\":\"ImageObject\",\"inLanguage\":\"de\",\"@id\":\"https:\/\/aquaforest.eu\/de\/produkte\/seawater\/wassertests\/phosphate-test-kit\/#primaryimage\",\"url\":\"https:\/\/aquaforest.eu\/wp-content\/uploads\/2024\/06\/TestPro_PO4.png\",\"contentUrl\":\"https:\/\/aquaforest.eu\/wp-content\/uploads\/2024\/06\/TestPro_PO4.png\",\"width\":434,\"height\":600,\"caption\":\"Testy wody mierz\u0105ce poziom PO4 - TestPro PO4\"},{\"@type\":\"BreadcrumbList\",\"@id\":\"https:\/\/aquaforest.eu\/de\/produkte\/seawater\/wassertests\/phosphate-test-kit\/#breadcrumb\",\"itemListElement\":[{\"@type\":\"ListItem\",\"position\":1,\"name\":\"Home\",\"item\":\"https:\/\/aquaforest.eu\/de\/\"},{\"@type\":\"ListItem\",\"position\":2,\"name\":\"Produkte\",\"item\":\"https:\/\/aquaforest.eu\/de\/produkte\/\"},{\"@type\":\"ListItem\",\"position\":3,\"name\":\"Phosphate Test Kit\"}]},{\"@type\":\"WebSite\",\"@id\":\"https:\/\/aquaforest.eu\/de\/#website\",\"url\":\"https:\/\/aquaforest.eu\/de\/\",\"name\":\"Aquaforest\",\"description\":\"\",\"publisher\":{\"@id\":\"https:\/\/aquaforest.eu\/de\/#organization\"},\"potentialAction\":[{\"@type\":\"SearchAction\",\"target\":{\"@type\":\"EntryPoint\",\"urlTemplate\":\"https:\/\/aquaforest.eu\/de\/?s={search_term_string}\"},\"query-input\":{\"@type\":\"PropertyValueSpecification\",\"valueRequired\":true,\"valueName\":\"search_term_string\"}}],\"inLanguage\":\"de\"},{\"@type\":\"Organization\",\"@id\":\"https:\/\/aquaforest.eu\/de\/#organization\",\"name\":\"Aquaforest\",\"url\":\"https:\/\/aquaforest.eu\/de\/\",\"logo\":{\"@type\":\"ImageObject\",\"inLanguage\":\"de\",\"@id\":\"https:\/\/aquaforest.eu\/de\/#\/schema\/logo\/image\/\",\"url\":\"https:\/\/aquaforest.eu\/wp-content\/uploads\/2024\/05\/logotyp-aquaforest.svg\",\"contentUrl\":\"https:\/\/aquaforest.eu\/wp-content\/uploads\/2024\/05\/logotyp-aquaforest.svg\",\"width\":170,\"height\":22,\"caption\":\"Aquaforest\"},\"image\":{\"@id\":\"https:\/\/aquaforest.eu\/de\/#\/schema\/logo\/image\/\"},\"sameAs\":[\"https:\/\/www.facebook.com\/Aquaforest\/\",\"https:\/\/www.instagram.com\/aquaforest.eu\/\"]}]}<\/script>\n<!-- \/ Yoast SEO plugin. -->","yoast_head_json":{"title":"Phosphate Test Kit - Aquaforest","description":"Schnelltest zur Messung der Phosphatkonzentration in Meerwasseraquarien. \u00dcberwachen Sie den Wert auf 0,02 mg\/l, um Algenwachstum zu verhindern und Korallen zu sch\u00fctzen. Ausreichend f\u00fcr 40 Messungen.","robots":{"index":"index","follow":"follow","max-snippet":"max-snippet:-1","max-image-preview":"max-image-preview:large","max-video-preview":"max-video-preview:-1"},"canonical":"https:\/\/aquaforest.eu\/de\/produkte\/seawater\/wassertests\/phosphate-test-kit\/","og_locale":"de_DE","og_type":"article","og_title":"Phosphate Test Kit - Aquaforest","og_description":"Schnelltest zur Messung der Phosphatkonzentration in Meerwasseraquarien. \u00dcberwachen Sie den Wert auf 0,02 mg\/l, um Algenwachstum zu verhindern und Korallen zu sch\u00fctzen. Ausreichend f\u00fcr 40 Messungen.","og_url":"https:\/\/aquaforest.eu\/de\/produkte\/seawater\/wassertests\/phosphate-test-kit\/","og_site_name":"Aquaforest","article_publisher":"https:\/\/www.facebook.com\/Aquaforest\/","article_modified_time":"2024-11-08T14:35:25+00:00","og_image":[{"width":434,"height":600,"url":"https:\/\/aquaforest.eu\/wp-content\/uploads\/2024\/06\/TestPro_PO4.png","type":"image\/png"}],"twitter_card":"summary_large_image","twitter_misc":{"Gesch\u00e4tzte Lesezeit":"1\u00a0Minute"},"schema":{"@context":"https:\/\/schema.org","@graph":[{"@type":"WebPage","@id":"https:\/\/aquaforest.eu\/de\/produkte\/seawater\/wassertests\/phosphate-test-kit\/","url":"https:\/\/aquaforest.eu\/de\/produkte\/seawater\/wassertests\/phosphate-test-kit\/","name":"Phosphate Test Kit - Aquaforest","isPartOf":{"@id":"https:\/\/aquaforest.eu\/de\/#website"},"primaryImageOfPage":{"@id":"https:\/\/aquaforest.eu\/de\/produkte\/seawater\/wassertests\/phosphate-test-kit\/#primaryimage"},"image":{"@id":"https:\/\/aquaforest.eu\/de\/produkte\/seawater\/wassertests\/phosphate-test-kit\/#primaryimage"},"thumbnailUrl":"https:\/\/aquaforest.eu\/wp-content\/uploads\/2024\/06\/TestPro_PO4.png","datePublished":"2024-06-26T00:18:21+00:00","dateModified":"2024-11-08T14:35:25+00:00","description":"Schnelltest zur Messung der Phosphatkonzentration in Meerwasseraquarien. \u00dcberwachen Sie den Wert auf 0,02 mg\/l, um Algenwachstum zu verhindern und Korallen zu sch\u00fctzen. Ausreichend f\u00fcr 40 Messungen.","breadcrumb":{"@id":"https:\/\/aquaforest.eu\/de\/produkte\/seawater\/wassertests\/phosphate-test-kit\/#breadcrumb"},"inLanguage":"de","potentialAction":[{"@type":"ReadAction","target":["https:\/\/aquaforest.eu\/de\/produkte\/seawater\/wassertests\/phosphate-test-kit\/"]}]},{"@type":"ImageObject","inLanguage":"de","@id":"https:\/\/aquaforest.eu\/de\/produkte\/seawater\/wassertests\/phosphate-test-kit\/#primaryimage","url":"https:\/\/aquaforest.eu\/wp-content\/uploads\/2024\/06\/TestPro_PO4.png","contentUrl":"https:\/\/aquaforest.eu\/wp-content\/uploads\/2024\/06\/TestPro_PO4.png","width":434,"height":600,"caption":"Testy wody mierz\u0105ce poziom PO4 - TestPro PO4"},{"@type":"BreadcrumbList","@id":"https:\/\/aquaforest.eu\/de\/produkte\/seawater\/wassertests\/phosphate-test-kit\/#breadcrumb","itemListElement":[{"@type":"ListItem","position":1,"name":"Home","item":"https:\/\/aquaforest.eu\/de\/"},{"@type":"ListItem","position":2,"name":"Produkte","item":"https:\/\/aquaforest.eu\/de\/produkte\/"},{"@type":"ListItem","position":3,"name":"Phosphate Test Kit"}]},{"@type":"WebSite","@id":"https:\/\/aquaforest.eu\/de\/#website","url":"https:\/\/aquaforest.eu\/de\/","name":"Aquaforest","description":"","publisher":{"@id":"https:\/\/aquaforest.eu\/de\/#organization"},"potentialAction":[{"@type":"SearchAction","target":{"@type":"EntryPoint","urlTemplate":"https:\/\/aquaforest.eu\/de\/?s={search_term_string}"},"query-input":{"@type":"PropertyValueSpecification","valueRequired":true,"valueName":"search_term_string"}}],"inLanguage":"de"},{"@type":"Organization","@id":"https:\/\/aquaforest.eu\/de\/#organization","name":"Aquaforest","url":"https:\/\/aquaforest.eu\/de\/","logo":{"@type":"ImageObject","inLanguage":"de","@id":"https:\/\/aquaforest.eu\/de\/#\/schema\/logo\/image\/","url":"https:\/\/aquaforest.eu\/wp-content\/uploads\/2024\/05\/logotyp-aquaforest.svg","contentUrl":"https:\/\/aquaforest.eu\/wp-content\/uploads\/2024\/05\/logotyp-aquaforest.svg","width":170,"height":22,"caption":"Aquaforest"},"image":{"@id":"https:\/\/aquaforest.eu\/de\/#\/schema\/logo\/image\/"},"sameAs":["https:\/\/www.facebook.com\/Aquaforest\/","https:\/\/www.instagram.com\/aquaforest.eu\/"]}]}},"_links":{"self":[{"href":"https:\/\/aquaforest.eu\/de\/wp-json\/wp\/v2\/product\/11543","targetHints":{"allow":["GET"]}}],"collection":[{"href":"https:\/\/aquaforest.eu\/de\/wp-json\/wp\/v2\/product"}],"about":[{"href":"https:\/\/aquaforest.eu\/de\/wp-json\/wp\/v2\/types\/product"}],"version-history":[{"count":0,"href":"https:\/\/aquaforest.eu\/de\/wp-json\/wp\/v2\/product\/11543\/revisions"}],"wp:featuredmedia":[{"embeddable":true,"href":"https:\/\/aquaforest.eu\/de\/wp-json\/wp\/v2\/media\/11539"}],"wp:attachment":[{"href":"https:\/\/aquaforest.eu\/de\/wp-json\/wp\/v2\/media?parent=11543"}],"wp:term":[{"taxonomy":"product_brand","embeddable":true,"href":"https:\/\/aquaforest.eu\/de\/wp-json\/wp\/v2\/product_brand?post=11543"},{"taxonomy":"product_cat","embeddable":true,"href":"https:\/\/aquaforest.eu\/de\/wp-json\/wp\/v2\/product_cat?post=11543"},{"taxonomy":"product_tag","embeddable":true,"href":"https:\/\/aquaforest.eu\/de\/wp-json\/wp\/v2\/product_tag?post=11543"}],"curies":[{"name":"wp","href":"https:\/\/api.w.org\/{rel}","templated":true}]}}