{"id":11545,"date":"2024-06-26T02:18:21","date_gmt":"2024-06-26T00:18:21","guid":{"rendered":"https:\/\/aquaforest.eu\/products\/unkategorisiert\/af-calanidae-clip\/"},"modified":"2025-02-12T15:35:07","modified_gmt":"2025-02-12T14:35:07","slug":"af-calanidae-clip","status":"publish","type":"product","link":"https:\/\/aquaforest.eu\/de\/produkte\/seawater\/lebensmittel-und-nahrungsergaenzungsmittel\/af-calanidae-clip\/","title":{"rendered":"AF Calanidae Clip"},"content":{"rendered":"<p><span style=\"color: #000000;\">N\u00e4hrstoffreiches Fischfutter in Form von Clip-Futter, speziell entwickelt f\u00fcr kleine Meeresfische. Es zeichnet sich durch einen <b>hohen Gehalt an Fetts\u00e4uren wie EPA, DHA und SDA<\/b> aus.<\/span><br \/>\n<span style=\"color: #000000;\">Die Verwendung von Algen sorgt daf\u00fcr, dass die<b> Fische gut gen\u00e4hrt und intensiv gef\u00e4rbt sind, und tr\u00e4gt positiv<\/b> zu ihrer Gesamtentwicklung<b> bei<\/b>. Es f\u00f6rdert ein <b>schnelles und gesundes Wachstum der Fische<\/b>, indem es einen gefriergetrockneten Extrakt aus Calanus finmarchicus enth\u00e4lt<b>, der reich an Aminos\u00e4uren ist<\/b>. Es enth\u00e4lt essentielle Aminos\u00e4uren und Proteine, die f\u00fcr eine gute Entwicklung notwendig sind, sowie nat\u00fcrliche farbverst\u00e4rkende Substanzen.<\/span><br \/>\n<span style=\"color: #000000;\">Dar\u00fcber hinaus <b>enth\u00e4lt<\/b> das Produkt <b>einen speziellen Clip<\/b> zur einfachen und dauerhaften Befestigung an der Aquarienscheibe, so dass alle Fische im Aquarium optimalen Zugang zum Futter haben.<\/span><\/p>\n<p>&nbsp;<\/p>\n<p><strong>Durchmesser:<\/strong> 3cm<\/p>\n<p>&nbsp;<\/p>\n<hr \/>\n<h4><\/h4>\n<h4><span style=\"color: #000000;\">Was ist das Besondere an diesem Produkt?<\/span><\/h4>\n<ul>\n<li><span style=\"color: #000000;\">Clip-Futter f\u00fcr Zierfische<\/span><\/li>\n<li><span style=\"color: #000000;\">Reich an Vitaminen, Aminos\u00e4uren und Proteinen<\/span><\/li>\n<li><span style=\"color: #000000;\">Hergestellt mit nat\u00fcrlichen Zutaten<\/span><\/li>\n<li><span style=\"color: #000000;\">Keine Wasserverschmutzung oder Futterreste<\/span><\/li>\n<li><span style=\"color: #000000;\">Hilft den Fischen, sich an die Aufnahme von Trockenfutter zu gew\u00f6hnen<\/span><\/li>\n<li><span style=\"color: #000000;\">Inklusive eines speziellen, leicht zu installierenden Clips zur Befestigung am Glas<\/span><\/li>\n<li><span style=\"color: #000000;\">Wirkt sich positiv auf Wachstum und F\u00e4rbung aus<\/span><\/li>\n<\/ul>\n<p>&nbsp;<\/p>\n<hr \/>\n<p>&nbsp;<\/p>\n<p><span style=\"color: #000000;\">Das Produkt ist nur f\u00fcr den Gebrauch im Aquarium bestimmt. Lagern Sie es an einem trockenen und k\u00fchlen Ort. Au\u00dferhalb der Reichweite von Kindern aufbewahren.<\/span><\/p>\n<p>&nbsp;<\/p>\n<hr \/>\n<h4 data-fontsize=\"16\" data-lineheight=\"24px\"><\/h4>\n<h4 class=\"fusion-tab-heading fusion-responsive-typography-calculated\" data-fontsize=\"16\" data-lineheight=\"24px\"><span style=\"color: #000000;\">Inhaltsstoffe &amp; Verwendung<\/span><\/h4>\n<p><span style=\"color: #000000;\"><strong>Zusammensetzung:<\/strong> Calanus finmarchicus, Meeresalgen, Krebstiere und Weichtiere, Fisch und Fischderivate, pflanzliche Proteine, \u00d6le und Fette.<\/span><br \/>\n<span style=\"color: #000000;\"><strong>Zusatzstoffe:<\/strong> Vitamin A 15000 I.E.\/kg, Vitamin D3 3000 I.E.\/kg, Vitamin E 1000 I.E.\/kg, Vitamin C 1000 mg\/kg.<\/span><br \/>\n<span style=\"color: #000000;\"><strong>Analytische Bestandteile:<\/strong> Eiwei\u00df h\u00f6chstens 20,00%, Fett mindestens 12,20%, Ballaststoffe h\u00f6chstens 0,40%, Asche h\u00f6chstens 11,20%, Feuchtigkeit h\u00f6chstens 21,50%, Calcium mindestens 0,95%, Phosphor 0,37%.<\/span><br \/>\n<span style=\"color: #000000;\"><strong>Verwendung: <\/strong>Legen Sie das Futter in den mitgelieferten Clip und befestigen Sie es dann an der gew\u00fcnschten Stelle im Aquarium.<\/span><\/p>\n","protected":false},"excerpt":{"rendered":"<p>Fischfutter mit Clip zum Befestigen am Glas. Hoher Gehalt an Fetts\u00e4uren wie EPA, DHA und SDA.<\/p>\n","protected":false},"featured_media":11679,"template":"","meta":{"_acf_changed":false,"content-type":""},"product_brand":[],"product_cat":[1152],"product_tag":[966,1104,1120],"class_list":{"0":"post-11545","1":"product","2":"type-product","3":"status-publish","4":"has-post-thumbnail","6":"product_cat-lebensmittel-und-nahrungsergaenzungsmittel","7":"product_tag-aquaforest-de","8":"product_tag-lebensmittel-und-nahrungserganzungsmittel","9":"product_tag-meerwasser-aquarien","11":"first","12":"instock","13":"taxable","14":"shipping-taxable","15":"purchasable","16":"product-type-simple"},"acf":[],"yoast_head":"<!-- This site is optimized with the Yoast SEO plugin v27.1.1 - https:\/\/yoast.com\/product\/yoast-seo-wordpress\/ -->\n<title>AF Calanidae Clip - Aquaforest<\/title>\n<meta name=\"description\" content=\"AF Calanidae Clip: Innovativer Clip zum Befestigen von Calanoidae-Futter im Aquarium. Einzigartige Formel f\u00fcr einfache F\u00fctterung und gesundes Wachstum der Fische.\" \/>\n<meta name=\"robots\" content=\"index, follow, max-snippet:-1, max-image-preview:large, max-video-preview:-1\" \/>\n<link rel=\"canonical\" href=\"https:\/\/aquaforest.eu\/de\/produkte\/seawater\/lebensmittel-und-nahrungsergaenzungsmittel\/af-calanidae-clip\/\" \/>\n<meta property=\"og:locale\" content=\"de_DE\" \/>\n<meta property=\"og:type\" content=\"article\" \/>\n<meta property=\"og:title\" content=\"AF Calanidae Clip - Aquaforest\" \/>\n<meta property=\"og:description\" content=\"AF Calanidae Clip: Innovativer Clip zum Befestigen von Calanoidae-Futter im Aquarium. Einzigartige Formel f\u00fcr einfache F\u00fctterung und gesundes Wachstum der Fische.\" \/>\n<meta property=\"og:url\" content=\"https:\/\/aquaforest.eu\/de\/produkte\/seawater\/lebensmittel-und-nahrungsergaenzungsmittel\/af-calanidae-clip\/\" \/>\n<meta property=\"og:site_name\" content=\"Aquaforest\" \/>\n<meta property=\"article:publisher\" content=\"https:\/\/www.facebook.com\/Aquaforest\/\" \/>\n<meta property=\"article:modified_time\" content=\"2025-02-12T14:35:07+00:00\" \/>\n<meta property=\"og:image\" content=\"https:\/\/aquaforest.eu\/wp-content\/uploads\/2024\/06\/AF-Calanidae-Clip.png\" \/>\n\t<meta property=\"og:image:width\" content=\"462\" \/>\n\t<meta property=\"og:image:height\" content=\"600\" \/>\n\t<meta property=\"og:image:type\" content=\"image\/png\" \/>\n<meta name=\"twitter:card\" content=\"summary_large_image\" \/>\n<meta name=\"twitter:label1\" content=\"Gesch\u00e4tzte Lesezeit\" \/>\n\t<meta name=\"twitter:data1\" content=\"2\u00a0Minuten\" \/>\n<script type=\"application\/ld+json\" class=\"yoast-schema-graph\">{\"@context\":\"https:\/\/schema.org\",\"@graph\":[{\"@type\":\"WebPage\",\"@id\":\"https:\/\/aquaforest.eu\/de\/produkte\/seawater\/lebensmittel-und-nahrungsergaenzungsmittel\/af-calanidae-clip\/\",\"url\":\"https:\/\/aquaforest.eu\/de\/produkte\/seawater\/lebensmittel-und-nahrungsergaenzungsmittel\/af-calanidae-clip\/\",\"name\":\"AF Calanidae Clip - Aquaforest\",\"isPartOf\":{\"@id\":\"https:\/\/aquaforest.eu\/de\/#website\"},\"primaryImageOfPage\":{\"@id\":\"https:\/\/aquaforest.eu\/de\/produkte\/seawater\/lebensmittel-und-nahrungsergaenzungsmittel\/af-calanidae-clip\/#primaryimage\"},\"image\":{\"@id\":\"https:\/\/aquaforest.eu\/de\/produkte\/seawater\/lebensmittel-und-nahrungsergaenzungsmittel\/af-calanidae-clip\/#primaryimage\"},\"thumbnailUrl\":\"https:\/\/aquaforest.eu\/wp-content\/uploads\/2024\/06\/AF-Calanidae-Clip.png\",\"datePublished\":\"2024-06-26T00:18:21+00:00\",\"dateModified\":\"2025-02-12T14:35:07+00:00\",\"description\":\"AF Calanidae Clip: Innovativer Clip zum Befestigen von Calanoidae-Futter im Aquarium. Einzigartige Formel f\u00fcr einfache F\u00fctterung und gesundes Wachstum der Fische.\",\"breadcrumb\":{\"@id\":\"https:\/\/aquaforest.eu\/de\/produkte\/seawater\/lebensmittel-und-nahrungsergaenzungsmittel\/af-calanidae-clip\/#breadcrumb\"},\"inLanguage\":\"de\",\"potentialAction\":[{\"@type\":\"ReadAction\",\"target\":[\"https:\/\/aquaforest.eu\/de\/produkte\/seawater\/lebensmittel-und-nahrungsergaenzungsmittel\/af-calanidae-clip\/\"]}]},{\"@type\":\"ImageObject\",\"inLanguage\":\"de\",\"@id\":\"https:\/\/aquaforest.eu\/de\/produkte\/seawater\/lebensmittel-und-nahrungsergaenzungsmittel\/af-calanidae-clip\/#primaryimage\",\"url\":\"https:\/\/aquaforest.eu\/wp-content\/uploads\/2024\/06\/AF-Calanidae-Clip.png\",\"contentUrl\":\"https:\/\/aquaforest.eu\/wp-content\/uploads\/2024\/06\/AF-Calanidae-Clip.png\",\"width\":462,\"height\":600},{\"@type\":\"BreadcrumbList\",\"@id\":\"https:\/\/aquaforest.eu\/de\/produkte\/seawater\/lebensmittel-und-nahrungsergaenzungsmittel\/af-calanidae-clip\/#breadcrumb\",\"itemListElement\":[{\"@type\":\"ListItem\",\"position\":1,\"name\":\"Home\",\"item\":\"https:\/\/aquaforest.eu\/de\/\"},{\"@type\":\"ListItem\",\"position\":2,\"name\":\"Produkte\",\"item\":\"https:\/\/aquaforest.eu\/de\/produkte\/\"},{\"@type\":\"ListItem\",\"position\":3,\"name\":\"AF Calanidae Clip\"}]},{\"@type\":\"WebSite\",\"@id\":\"https:\/\/aquaforest.eu\/de\/#website\",\"url\":\"https:\/\/aquaforest.eu\/de\/\",\"name\":\"Aquaforest\",\"description\":\"\",\"publisher\":{\"@id\":\"https:\/\/aquaforest.eu\/de\/#organization\"},\"potentialAction\":[{\"@type\":\"SearchAction\",\"target\":{\"@type\":\"EntryPoint\",\"urlTemplate\":\"https:\/\/aquaforest.eu\/de\/?s={search_term_string}\"},\"query-input\":{\"@type\":\"PropertyValueSpecification\",\"valueRequired\":true,\"valueName\":\"search_term_string\"}}],\"inLanguage\":\"de\"},{\"@type\":\"Organization\",\"@id\":\"https:\/\/aquaforest.eu\/de\/#organization\",\"name\":\"Aquaforest\",\"url\":\"https:\/\/aquaforest.eu\/de\/\",\"logo\":{\"@type\":\"ImageObject\",\"inLanguage\":\"de\",\"@id\":\"https:\/\/aquaforest.eu\/de\/#\/schema\/logo\/image\/\",\"url\":\"https:\/\/aquaforest.eu\/wp-content\/uploads\/2024\/05\/logotyp-aquaforest.svg\",\"contentUrl\":\"https:\/\/aquaforest.eu\/wp-content\/uploads\/2024\/05\/logotyp-aquaforest.svg\",\"width\":170,\"height\":22,\"caption\":\"Aquaforest\"},\"image\":{\"@id\":\"https:\/\/aquaforest.eu\/de\/#\/schema\/logo\/image\/\"},\"sameAs\":[\"https:\/\/www.facebook.com\/Aquaforest\/\",\"https:\/\/www.instagram.com\/aquaforest.eu\/\"]}]}<\/script>\n<!-- \/ Yoast SEO plugin. -->","yoast_head_json":{"title":"AF Calanidae Clip - Aquaforest","description":"AF Calanidae Clip: Innovativer Clip zum Befestigen von Calanoidae-Futter im Aquarium. Einzigartige Formel f\u00fcr einfache F\u00fctterung und gesundes Wachstum der Fische.","robots":{"index":"index","follow":"follow","max-snippet":"max-snippet:-1","max-image-preview":"max-image-preview:large","max-video-preview":"max-video-preview:-1"},"canonical":"https:\/\/aquaforest.eu\/de\/produkte\/seawater\/lebensmittel-und-nahrungsergaenzungsmittel\/af-calanidae-clip\/","og_locale":"de_DE","og_type":"article","og_title":"AF Calanidae Clip - Aquaforest","og_description":"AF Calanidae Clip: Innovativer Clip zum Befestigen von Calanoidae-Futter im Aquarium. Einzigartige Formel f\u00fcr einfache F\u00fctterung und gesundes Wachstum der Fische.","og_url":"https:\/\/aquaforest.eu\/de\/produkte\/seawater\/lebensmittel-und-nahrungsergaenzungsmittel\/af-calanidae-clip\/","og_site_name":"Aquaforest","article_publisher":"https:\/\/www.facebook.com\/Aquaforest\/","article_modified_time":"2025-02-12T14:35:07+00:00","og_image":[{"width":462,"height":600,"url":"https:\/\/aquaforest.eu\/wp-content\/uploads\/2024\/06\/AF-Calanidae-Clip.png","type":"image\/png"}],"twitter_card":"summary_large_image","twitter_misc":{"Gesch\u00e4tzte Lesezeit":"2\u00a0Minuten"},"schema":{"@context":"https:\/\/schema.org","@graph":[{"@type":"WebPage","@id":"https:\/\/aquaforest.eu\/de\/produkte\/seawater\/lebensmittel-und-nahrungsergaenzungsmittel\/af-calanidae-clip\/","url":"https:\/\/aquaforest.eu\/de\/produkte\/seawater\/lebensmittel-und-nahrungsergaenzungsmittel\/af-calanidae-clip\/","name":"AF Calanidae Clip - Aquaforest","isPartOf":{"@id":"https:\/\/aquaforest.eu\/de\/#website"},"primaryImageOfPage":{"@id":"https:\/\/aquaforest.eu\/de\/produkte\/seawater\/lebensmittel-und-nahrungsergaenzungsmittel\/af-calanidae-clip\/#primaryimage"},"image":{"@id":"https:\/\/aquaforest.eu\/de\/produkte\/seawater\/lebensmittel-und-nahrungsergaenzungsmittel\/af-calanidae-clip\/#primaryimage"},"thumbnailUrl":"https:\/\/aquaforest.eu\/wp-content\/uploads\/2024\/06\/AF-Calanidae-Clip.png","datePublished":"2024-06-26T00:18:21+00:00","dateModified":"2025-02-12T14:35:07+00:00","description":"AF Calanidae Clip: Innovativer Clip zum Befestigen von Calanoidae-Futter im Aquarium. Einzigartige Formel f\u00fcr einfache F\u00fctterung und gesundes Wachstum der Fische.","breadcrumb":{"@id":"https:\/\/aquaforest.eu\/de\/produkte\/seawater\/lebensmittel-und-nahrungsergaenzungsmittel\/af-calanidae-clip\/#breadcrumb"},"inLanguage":"de","potentialAction":[{"@type":"ReadAction","target":["https:\/\/aquaforest.eu\/de\/produkte\/seawater\/lebensmittel-und-nahrungsergaenzungsmittel\/af-calanidae-clip\/"]}]},{"@type":"ImageObject","inLanguage":"de","@id":"https:\/\/aquaforest.eu\/de\/produkte\/seawater\/lebensmittel-und-nahrungsergaenzungsmittel\/af-calanidae-clip\/#primaryimage","url":"https:\/\/aquaforest.eu\/wp-content\/uploads\/2024\/06\/AF-Calanidae-Clip.png","contentUrl":"https:\/\/aquaforest.eu\/wp-content\/uploads\/2024\/06\/AF-Calanidae-Clip.png","width":462,"height":600},{"@type":"BreadcrumbList","@id":"https:\/\/aquaforest.eu\/de\/produkte\/seawater\/lebensmittel-und-nahrungsergaenzungsmittel\/af-calanidae-clip\/#breadcrumb","itemListElement":[{"@type":"ListItem","position":1,"name":"Home","item":"https:\/\/aquaforest.eu\/de\/"},{"@type":"ListItem","position":2,"name":"Produkte","item":"https:\/\/aquaforest.eu\/de\/produkte\/"},{"@type":"ListItem","position":3,"name":"AF Calanidae Clip"}]},{"@type":"WebSite","@id":"https:\/\/aquaforest.eu\/de\/#website","url":"https:\/\/aquaforest.eu\/de\/","name":"Aquaforest","description":"","publisher":{"@id":"https:\/\/aquaforest.eu\/de\/#organization"},"potentialAction":[{"@type":"SearchAction","target":{"@type":"EntryPoint","urlTemplate":"https:\/\/aquaforest.eu\/de\/?s={search_term_string}"},"query-input":{"@type":"PropertyValueSpecification","valueRequired":true,"valueName":"search_term_string"}}],"inLanguage":"de"},{"@type":"Organization","@id":"https:\/\/aquaforest.eu\/de\/#organization","name":"Aquaforest","url":"https:\/\/aquaforest.eu\/de\/","logo":{"@type":"ImageObject","inLanguage":"de","@id":"https:\/\/aquaforest.eu\/de\/#\/schema\/logo\/image\/","url":"https:\/\/aquaforest.eu\/wp-content\/uploads\/2024\/05\/logotyp-aquaforest.svg","contentUrl":"https:\/\/aquaforest.eu\/wp-content\/uploads\/2024\/05\/logotyp-aquaforest.svg","width":170,"height":22,"caption":"Aquaforest"},"image":{"@id":"https:\/\/aquaforest.eu\/de\/#\/schema\/logo\/image\/"},"sameAs":["https:\/\/www.facebook.com\/Aquaforest\/","https:\/\/www.instagram.com\/aquaforest.eu\/"]}]}},"_links":{"self":[{"href":"https:\/\/aquaforest.eu\/de\/wp-json\/wp\/v2\/product\/11545","targetHints":{"allow":["GET"]}}],"collection":[{"href":"https:\/\/aquaforest.eu\/de\/wp-json\/wp\/v2\/product"}],"about":[{"href":"https:\/\/aquaforest.eu\/de\/wp-json\/wp\/v2\/types\/product"}],"version-history":[{"count":1,"href":"https:\/\/aquaforest.eu\/de\/wp-json\/wp\/v2\/product\/11545\/revisions"}],"predecessor-version":[{"id":21359,"href":"https:\/\/aquaforest.eu\/de\/wp-json\/wp\/v2\/product\/11545\/revisions\/21359"}],"wp:featuredmedia":[{"embeddable":true,"href":"https:\/\/aquaforest.eu\/de\/wp-json\/wp\/v2\/media\/11679"}],"wp:attachment":[{"href":"https:\/\/aquaforest.eu\/de\/wp-json\/wp\/v2\/media?parent=11545"}],"wp:term":[{"taxonomy":"product_brand","embeddable":true,"href":"https:\/\/aquaforest.eu\/de\/wp-json\/wp\/v2\/product_brand?post=11545"},{"taxonomy":"product_cat","embeddable":true,"href":"https:\/\/aquaforest.eu\/de\/wp-json\/wp\/v2\/product_cat?post=11545"},{"taxonomy":"product_tag","embeddable":true,"href":"https:\/\/aquaforest.eu\/de\/wp-json\/wp\/v2\/product_tag?post=11545"}],"curies":[{"name":"wp","href":"https:\/\/api.w.org\/{rel}","templated":true}]}}