{"id":11546,"date":"2024-06-26T02:18:17","date_gmt":"2024-06-26T00:18:17","guid":{"rendered":"https:\/\/aquaforest.eu\/products\/unkategorisiert\/af-power-food\/"},"modified":"2024-10-25T15:33:41","modified_gmt":"2024-10-25T13:33:41","slug":"af-power-food","status":"publish","type":"product","link":"https:\/\/aquaforest.eu\/de\/produkte\/seawater\/lebensmittel-und-nahrungsergaenzungsmittel\/af-power-food\/","title":{"rendered":"AF Power Food"},"content":{"rendered":"<h3 class=\"fusion-responsive-typography-calculated\" data-fontsize=\"22\" data-lineheight=\"27.5px\"><span style=\"color: #000000;\">\u00c4u\u00dferst nahrhaftes Pulver f\u00fcr SPS-Korallen<\/span><\/h3>\n<p><span style=\"color: #000000;\">Pulverf\u00f6rmiges Futter f\u00fcr alle Arten von Korallen, insbesondere SPS-Korallen. Die einzigartige Formel von AF Power Food basiert auf einer speziellen Mischung aus sehr nahrhaftem Plankton und Meeres- und S\u00fc\u00dfwasseralgen. Die Formel wurde mit den hochwertigsten Produkten tierischen Ursprungs und Schalentierzus\u00e4tzen angereichert.<\/span><\/p>\n<p>&nbsp;<\/p>\n<hr \/>\n<h3 data-fontsize=\"22\" data-lineheight=\"27.5px\"><\/h3>\n<h3 class=\"fusion-responsive-typography-calculated\" data-fontsize=\"22\" data-lineheight=\"27.5px\"><span style=\"color: #000000;\">F\u00f6rdern Sie optimales Korallenwachstum<\/span><\/h3>\n<p><span style=\"color: #000000;\">Sorgf\u00e4ltig ausgew\u00e4hlte Zutaten wurden ausgew\u00e4hlt, um die Bed\u00fcrfnisse selbst der anspruchsvollsten Korallen zu erf\u00fcllen. AF Power Food ist leicht verdaulich und reich an wertvollen Extrakten, die die Korallen optimal mit N\u00e4hrstoffen versorgen.<\/span><\/p>\n<p>&nbsp;<\/p>\n<hr \/>\n<h3 data-fontsize=\"22\" data-lineheight=\"27.5px\"><\/h3>\n<h3 class=\"fusion-responsive-typography-calculated\" data-fontsize=\"22\" data-lineheight=\"27.5px\"><span style=\"color: #000000;\">Ausgezeichnete F\u00e4rbung und schnelles Korallenwachstum<\/span><\/h3>\n<p><span style=\"color: #000000;\">Die einzigartige Rezeptur wurde auf der Grundlage der N\u00e4hrstoffbed\u00fcrfnisse von SPS-Korallen entwickelt, um ihnen eine hervorragende F\u00e4rbung und ein schnelles Wachstum zu erm\u00f6glichen. AF Power Food ist mit einer Reihe von speziell ausgew\u00e4hlten Vitaminen angereichert, die die Immunit\u00e4t unterst\u00fctzen und den Korallen ein optimales Wachstum erm\u00f6glichen. Das Produkt enth\u00e4lt alle notwendigen Bestandteile f\u00fcr die t\u00e4gliche Ern\u00e4hrung von Korallen.<\/span><\/p>\n<p>&nbsp;<\/p>\n<hr \/>\n<p>&nbsp;<\/p>\n<p><span style=\"color: #000000;\"><strong>Dosierung:<\/strong> 1 Messl\u00f6ffel pro 100 l (27 US gal) Wasser. F\u00fcllen Sie einen kleinen Beh\u00e4lter mit ca. 20 ml Aquarienwasser, f\u00fcgen Sie einen L\u00f6ffel AF Power Food hinzu und mischen Sie es eine Minute lang. Verwenden Sie die Pipette, um ausgew\u00e4hlte Korallen mit der Suspension zu f\u00fcttern. Sie k\u00f6nnen die AF Power Food-Suspension auch direkt in das Aquarium geben. Die Dosierung betr\u00e4gt 1 L\u00f6ffel pro 100 l (27 US gal) Wasser. Verwenden Sie es mindestens einmal pro Woche. In gut bepflanzten, reifen Aquarien kann das Produkt h\u00e4ufiger, sogar t\u00e4glich, verwendet werden.<\/span><\/p>\n<p>&nbsp;<\/p>\n<hr \/>\n<p>&nbsp;<\/p>\n<p><span style=\"color: #000000;\"><strong>Wissenswert:<\/strong> Alle Futterpulver haben eine empfohlene Dosierung von 1 L\u00f6ffel pro 100 l (27 US gal) Wasser, aber es ist wichtig, dass jedes Aquarium anders ist und die Dosierung je nach Korallenbesatz variieren kann. Wir empfehlen, mit der Dosierung von Futter und Nahrungserg\u00e4nzungsmitteln bei der H\u00e4lfte (sogar \u00bc) der Dosis zu beginnen und die Korallen und ihre Reaktionen auf das verabreichte Futter zu beobachten. Sobald das Aquarium keine Anzeichen einer \u00dcberdosierung zeigt, empfehlen wir, die Dosierung auf die Zieldosis zu erh\u00f6hen. Korallen wie Zoanthus, Ricordea und andere Pilzkorallen sollten tags\u00fcber gef\u00fcttert werden. Um die Nahrungsaufnahme zu erleichtern, sollten SPS- und LPS-Korallen gef\u00fcttert werden, wenn das Licht aus ist. Um die beste N\u00e4hrstoffaufnahme zu gew\u00e4hrleisten, sollten alle Nahrungserg\u00e4nzungsmittel und Futtermittel f\u00fcr Korallen direkt in das Aquarium gegeben werden. W\u00e4hrend der F\u00fctterung empfehlen wir, den Absch\u00e4umer f\u00fcr etwa eine Stunde auszuschalten. Produkt nur f\u00fcr den Gebrauch im Aquarium. Bewahren Sie es an einem k\u00fchlen, lichtgesch\u00fctzten Ort auf. Von Kindern fernhalten.<\/span><\/p>\n","protected":false},"excerpt":{"rendered":"<p>Pulverf\u00f6rmiges Futter f\u00fcr Korallen auf der Basis einer speziellen Mischung aus n\u00e4hrstoffreichem Plankton und Meeres- und S\u00fc\u00dfwasseralgen.<\/p>\n","protected":false},"featured_media":11708,"template":"","meta":{"_acf_changed":false,"content-type":""},"product_brand":[],"product_cat":[1152],"product_tag":[966,1104,1120],"class_list":{"0":"post-11546","1":"product","2":"type-product","3":"status-publish","4":"has-post-thumbnail","6":"product_cat-lebensmittel-und-nahrungsergaenzungsmittel","7":"product_tag-aquaforest-de","8":"product_tag-lebensmittel-und-nahrungserganzungsmittel","9":"product_tag-meerwasser-aquarien","11":"first","12":"instock","13":"taxable","14":"shipping-taxable","15":"purchasable","16":"product-type-simple"},"acf":[],"yoast_head":"<!-- This site is optimized with the Yoast SEO plugin v27.1.1 - https:\/\/yoast.com\/product\/yoast-seo-wordpress\/ -->\n<title>AF Power Food - Aquaforest<\/title>\n<meta name=\"description\" content=\"AF Power Food von Aquaforest: konzentriertes Futter f\u00fcr Fische und Korallen, angereichert mit Proteinen und N\u00e4hrstoffen. Zuverl\u00e4ssige Formel f\u00fcr gesundes Wachstum und intensive Farben.\" \/>\n<meta name=\"robots\" content=\"index, follow, max-snippet:-1, max-image-preview:large, max-video-preview:-1\" \/>\n<link rel=\"canonical\" href=\"https:\/\/aquaforest.eu\/de\/produkte\/seawater\/lebensmittel-und-nahrungsergaenzungsmittel\/af-power-food\/\" \/>\n<meta property=\"og:locale\" content=\"de_DE\" \/>\n<meta property=\"og:type\" content=\"article\" \/>\n<meta property=\"og:title\" content=\"AF Power Food - Aquaforest\" \/>\n<meta property=\"og:description\" content=\"AF Power Food von Aquaforest: konzentriertes Futter f\u00fcr Fische und Korallen, angereichert mit Proteinen und N\u00e4hrstoffen. Zuverl\u00e4ssige Formel f\u00fcr gesundes Wachstum und intensive Farben.\" \/>\n<meta property=\"og:url\" content=\"https:\/\/aquaforest.eu\/de\/produkte\/seawater\/lebensmittel-und-nahrungsergaenzungsmittel\/af-power-food\/\" \/>\n<meta property=\"og:site_name\" content=\"Aquaforest\" \/>\n<meta property=\"article:publisher\" content=\"https:\/\/www.facebook.com\/Aquaforest\/\" \/>\n<meta property=\"article:modified_time\" content=\"2024-10-25T13:33:41+00:00\" \/>\n<meta property=\"og:image\" content=\"https:\/\/aquaforest.eu\/wp-content\/uploads\/2024\/06\/AF_Power-Food.png\" \/>\n\t<meta property=\"og:image:width\" content=\"571\" \/>\n\t<meta property=\"og:image:height\" content=\"600\" \/>\n\t<meta property=\"og:image:type\" content=\"image\/png\" \/>\n<meta name=\"twitter:card\" content=\"summary_large_image\" \/>\n<meta name=\"twitter:label1\" content=\"Gesch\u00e4tzte Lesezeit\" \/>\n\t<meta name=\"twitter:data1\" content=\"2\u00a0Minuten\" \/>\n<script type=\"application\/ld+json\" class=\"yoast-schema-graph\">{\"@context\":\"https:\/\/schema.org\",\"@graph\":[{\"@type\":\"WebPage\",\"@id\":\"https:\/\/aquaforest.eu\/de\/produkte\/seawater\/lebensmittel-und-nahrungsergaenzungsmittel\/af-power-food\/\",\"url\":\"https:\/\/aquaforest.eu\/de\/produkte\/seawater\/lebensmittel-und-nahrungsergaenzungsmittel\/af-power-food\/\",\"name\":\"AF Power Food - Aquaforest\",\"isPartOf\":{\"@id\":\"https:\/\/aquaforest.eu\/de\/#website\"},\"primaryImageOfPage\":{\"@id\":\"https:\/\/aquaforest.eu\/de\/produkte\/seawater\/lebensmittel-und-nahrungsergaenzungsmittel\/af-power-food\/#primaryimage\"},\"image\":{\"@id\":\"https:\/\/aquaforest.eu\/de\/produkte\/seawater\/lebensmittel-und-nahrungsergaenzungsmittel\/af-power-food\/#primaryimage\"},\"thumbnailUrl\":\"https:\/\/aquaforest.eu\/wp-content\/uploads\/2024\/06\/AF_Power-Food.png\",\"datePublished\":\"2024-06-26T00:18:17+00:00\",\"dateModified\":\"2024-10-25T13:33:41+00:00\",\"description\":\"AF Power Food von Aquaforest: konzentriertes Futter f\u00fcr Fische und Korallen, angereichert mit Proteinen und N\u00e4hrstoffen. Zuverl\u00e4ssige Formel f\u00fcr gesundes Wachstum und intensive Farben.\",\"breadcrumb\":{\"@id\":\"https:\/\/aquaforest.eu\/de\/produkte\/seawater\/lebensmittel-und-nahrungsergaenzungsmittel\/af-power-food\/#breadcrumb\"},\"inLanguage\":\"de\",\"potentialAction\":[{\"@type\":\"ReadAction\",\"target\":[\"https:\/\/aquaforest.eu\/de\/produkte\/seawater\/lebensmittel-und-nahrungsergaenzungsmittel\/af-power-food\/\"]}]},{\"@type\":\"ImageObject\",\"inLanguage\":\"de\",\"@id\":\"https:\/\/aquaforest.eu\/de\/produkte\/seawater\/lebensmittel-und-nahrungsergaenzungsmittel\/af-power-food\/#primaryimage\",\"url\":\"https:\/\/aquaforest.eu\/wp-content\/uploads\/2024\/06\/AF_Power-Food.png\",\"contentUrl\":\"https:\/\/aquaforest.eu\/wp-content\/uploads\/2024\/06\/AF_Power-Food.png\",\"width\":571,\"height\":600},{\"@type\":\"BreadcrumbList\",\"@id\":\"https:\/\/aquaforest.eu\/de\/produkte\/seawater\/lebensmittel-und-nahrungsergaenzungsmittel\/af-power-food\/#breadcrumb\",\"itemListElement\":[{\"@type\":\"ListItem\",\"position\":1,\"name\":\"Home\",\"item\":\"https:\/\/aquaforest.eu\/de\/\"},{\"@type\":\"ListItem\",\"position\":2,\"name\":\"Produkte\",\"item\":\"https:\/\/aquaforest.eu\/de\/produkte\/\"},{\"@type\":\"ListItem\",\"position\":3,\"name\":\"AF Power Food\"}]},{\"@type\":\"WebSite\",\"@id\":\"https:\/\/aquaforest.eu\/de\/#website\",\"url\":\"https:\/\/aquaforest.eu\/de\/\",\"name\":\"Aquaforest\",\"description\":\"\",\"publisher\":{\"@id\":\"https:\/\/aquaforest.eu\/de\/#organization\"},\"potentialAction\":[{\"@type\":\"SearchAction\",\"target\":{\"@type\":\"EntryPoint\",\"urlTemplate\":\"https:\/\/aquaforest.eu\/de\/?s={search_term_string}\"},\"query-input\":{\"@type\":\"PropertyValueSpecification\",\"valueRequired\":true,\"valueName\":\"search_term_string\"}}],\"inLanguage\":\"de\"},{\"@type\":\"Organization\",\"@id\":\"https:\/\/aquaforest.eu\/de\/#organization\",\"name\":\"Aquaforest\",\"url\":\"https:\/\/aquaforest.eu\/de\/\",\"logo\":{\"@type\":\"ImageObject\",\"inLanguage\":\"de\",\"@id\":\"https:\/\/aquaforest.eu\/de\/#\/schema\/logo\/image\/\",\"url\":\"https:\/\/aquaforest.eu\/wp-content\/uploads\/2024\/05\/logotyp-aquaforest.svg\",\"contentUrl\":\"https:\/\/aquaforest.eu\/wp-content\/uploads\/2024\/05\/logotyp-aquaforest.svg\",\"width\":170,\"height\":22,\"caption\":\"Aquaforest\"},\"image\":{\"@id\":\"https:\/\/aquaforest.eu\/de\/#\/schema\/logo\/image\/\"},\"sameAs\":[\"https:\/\/www.facebook.com\/Aquaforest\/\",\"https:\/\/www.instagram.com\/aquaforest.eu\/\"]}]}<\/script>\n<!-- \/ Yoast SEO plugin. -->","yoast_head_json":{"title":"AF Power Food - Aquaforest","description":"AF Power Food von Aquaforest: konzentriertes Futter f\u00fcr Fische und Korallen, angereichert mit Proteinen und N\u00e4hrstoffen. Zuverl\u00e4ssige Formel f\u00fcr gesundes Wachstum und intensive Farben.","robots":{"index":"index","follow":"follow","max-snippet":"max-snippet:-1","max-image-preview":"max-image-preview:large","max-video-preview":"max-video-preview:-1"},"canonical":"https:\/\/aquaforest.eu\/de\/produkte\/seawater\/lebensmittel-und-nahrungsergaenzungsmittel\/af-power-food\/","og_locale":"de_DE","og_type":"article","og_title":"AF Power Food - Aquaforest","og_description":"AF Power Food von Aquaforest: konzentriertes Futter f\u00fcr Fische und Korallen, angereichert mit Proteinen und N\u00e4hrstoffen. Zuverl\u00e4ssige Formel f\u00fcr gesundes Wachstum und intensive Farben.","og_url":"https:\/\/aquaforest.eu\/de\/produkte\/seawater\/lebensmittel-und-nahrungsergaenzungsmittel\/af-power-food\/","og_site_name":"Aquaforest","article_publisher":"https:\/\/www.facebook.com\/Aquaforest\/","article_modified_time":"2024-10-25T13:33:41+00:00","og_image":[{"width":571,"height":600,"url":"https:\/\/aquaforest.eu\/wp-content\/uploads\/2024\/06\/AF_Power-Food.png","type":"image\/png"}],"twitter_card":"summary_large_image","twitter_misc":{"Gesch\u00e4tzte Lesezeit":"2\u00a0Minuten"},"schema":{"@context":"https:\/\/schema.org","@graph":[{"@type":"WebPage","@id":"https:\/\/aquaforest.eu\/de\/produkte\/seawater\/lebensmittel-und-nahrungsergaenzungsmittel\/af-power-food\/","url":"https:\/\/aquaforest.eu\/de\/produkte\/seawater\/lebensmittel-und-nahrungsergaenzungsmittel\/af-power-food\/","name":"AF Power Food - Aquaforest","isPartOf":{"@id":"https:\/\/aquaforest.eu\/de\/#website"},"primaryImageOfPage":{"@id":"https:\/\/aquaforest.eu\/de\/produkte\/seawater\/lebensmittel-und-nahrungsergaenzungsmittel\/af-power-food\/#primaryimage"},"image":{"@id":"https:\/\/aquaforest.eu\/de\/produkte\/seawater\/lebensmittel-und-nahrungsergaenzungsmittel\/af-power-food\/#primaryimage"},"thumbnailUrl":"https:\/\/aquaforest.eu\/wp-content\/uploads\/2024\/06\/AF_Power-Food.png","datePublished":"2024-06-26T00:18:17+00:00","dateModified":"2024-10-25T13:33:41+00:00","description":"AF Power Food von Aquaforest: konzentriertes Futter f\u00fcr Fische und Korallen, angereichert mit Proteinen und N\u00e4hrstoffen. Zuverl\u00e4ssige Formel f\u00fcr gesundes Wachstum und intensive Farben.","breadcrumb":{"@id":"https:\/\/aquaforest.eu\/de\/produkte\/seawater\/lebensmittel-und-nahrungsergaenzungsmittel\/af-power-food\/#breadcrumb"},"inLanguage":"de","potentialAction":[{"@type":"ReadAction","target":["https:\/\/aquaforest.eu\/de\/produkte\/seawater\/lebensmittel-und-nahrungsergaenzungsmittel\/af-power-food\/"]}]},{"@type":"ImageObject","inLanguage":"de","@id":"https:\/\/aquaforest.eu\/de\/produkte\/seawater\/lebensmittel-und-nahrungsergaenzungsmittel\/af-power-food\/#primaryimage","url":"https:\/\/aquaforest.eu\/wp-content\/uploads\/2024\/06\/AF_Power-Food.png","contentUrl":"https:\/\/aquaforest.eu\/wp-content\/uploads\/2024\/06\/AF_Power-Food.png","width":571,"height":600},{"@type":"BreadcrumbList","@id":"https:\/\/aquaforest.eu\/de\/produkte\/seawater\/lebensmittel-und-nahrungsergaenzungsmittel\/af-power-food\/#breadcrumb","itemListElement":[{"@type":"ListItem","position":1,"name":"Home","item":"https:\/\/aquaforest.eu\/de\/"},{"@type":"ListItem","position":2,"name":"Produkte","item":"https:\/\/aquaforest.eu\/de\/produkte\/"},{"@type":"ListItem","position":3,"name":"AF Power Food"}]},{"@type":"WebSite","@id":"https:\/\/aquaforest.eu\/de\/#website","url":"https:\/\/aquaforest.eu\/de\/","name":"Aquaforest","description":"","publisher":{"@id":"https:\/\/aquaforest.eu\/de\/#organization"},"potentialAction":[{"@type":"SearchAction","target":{"@type":"EntryPoint","urlTemplate":"https:\/\/aquaforest.eu\/de\/?s={search_term_string}"},"query-input":{"@type":"PropertyValueSpecification","valueRequired":true,"valueName":"search_term_string"}}],"inLanguage":"de"},{"@type":"Organization","@id":"https:\/\/aquaforest.eu\/de\/#organization","name":"Aquaforest","url":"https:\/\/aquaforest.eu\/de\/","logo":{"@type":"ImageObject","inLanguage":"de","@id":"https:\/\/aquaforest.eu\/de\/#\/schema\/logo\/image\/","url":"https:\/\/aquaforest.eu\/wp-content\/uploads\/2024\/05\/logotyp-aquaforest.svg","contentUrl":"https:\/\/aquaforest.eu\/wp-content\/uploads\/2024\/05\/logotyp-aquaforest.svg","width":170,"height":22,"caption":"Aquaforest"},"image":{"@id":"https:\/\/aquaforest.eu\/de\/#\/schema\/logo\/image\/"},"sameAs":["https:\/\/www.facebook.com\/Aquaforest\/","https:\/\/www.instagram.com\/aquaforest.eu\/"]}]}},"_links":{"self":[{"href":"https:\/\/aquaforest.eu\/de\/wp-json\/wp\/v2\/product\/11546","targetHints":{"allow":["GET"]}}],"collection":[{"href":"https:\/\/aquaforest.eu\/de\/wp-json\/wp\/v2\/product"}],"about":[{"href":"https:\/\/aquaforest.eu\/de\/wp-json\/wp\/v2\/types\/product"}],"version-history":[{"count":0,"href":"https:\/\/aquaforest.eu\/de\/wp-json\/wp\/v2\/product\/11546\/revisions"}],"wp:featuredmedia":[{"embeddable":true,"href":"https:\/\/aquaforest.eu\/de\/wp-json\/wp\/v2\/media\/11708"}],"wp:attachment":[{"href":"https:\/\/aquaforest.eu\/de\/wp-json\/wp\/v2\/media?parent=11546"}],"wp:term":[{"taxonomy":"product_brand","embeddable":true,"href":"https:\/\/aquaforest.eu\/de\/wp-json\/wp\/v2\/product_brand?post=11546"},{"taxonomy":"product_cat","embeddable":true,"href":"https:\/\/aquaforest.eu\/de\/wp-json\/wp\/v2\/product_cat?post=11546"},{"taxonomy":"product_tag","embeddable":true,"href":"https:\/\/aquaforest.eu\/de\/wp-json\/wp\/v2\/product_tag?post=11546"}],"curies":[{"name":"wp","href":"https:\/\/api.w.org\/{rel}","templated":true}]}}