{"id":11549,"date":"2024-06-26T02:18:18","date_gmt":"2024-06-26T00:18:18","guid":{"rendered":"https:\/\/aquaforest.eu\/products\/unkategorisiert\/af-marine-mix-m\/"},"modified":"2025-02-12T15:59:29","modified_gmt":"2025-02-12T14:59:29","slug":"af-marine-mix-m","status":"publish","type":"product","link":"https:\/\/aquaforest.eu\/de\/produkte\/seawater\/lebensmittel-und-nahrungsergaenzungsmittel\/af-marine-mix-m\/","title":{"rendered":"AF Marine Mix M"},"content":{"rendered":"<p><span style=\"color: #000000;\">Hochwertiges Granulatfutter, das f\u00fcr fleischfressende Zierfische empfohlen wird, insbesondere f\u00fcr Fische der Gattung Amphiprion (Clownfisch). Dieses Futter <b>ist<\/b> besonders <b>reich an kleinen Krustentieren<\/b> und versorgt die Fische mit <b>hochwertigem tierischem Eiwei\u00df<\/b>, einem grundlegenden Baustein f\u00fcr <b>Gewebe, insbesondere Muskeln und Haut, und<\/b> <b>sorgt <\/b><b>mit seinem hohen Gehalt an Eiwei\u00df, den Vitaminen<\/b> A, C, E, D3, Eisen, Jod, Kupfer, Mangan und Zink <b>f\u00fcr eine ausgezeichnete Gesundheit <\/b>Ihrer aquatischen Gef\u00e4hrten. Zus\u00e4tzlich<b> angereichert mit Heilbutt\u00f6l.<\/b> Es erg\u00e4nzt die Ern\u00e4hrung von Fischen <b>, die eine gro\u00dfe Menge an Proteinen ben\u00f6tigen<\/b>. Es ist eine <b>ausgezeichnete Zusammensetzung eines ausgewogenen Futters, das die Vorteile von pflanzlicher und fleischlicher Nahrung kombiniert<\/b>. Au\u00dferdem hat es eine positive Wirkung auf das Nervensystem. Es ist in zwei Gr\u00f6\u00dfen erh\u00e4ltlich &#8211; S und M, so dass Sie die Granulatgr\u00f6\u00dfe je nach Bestand ausw\u00e4hlen k\u00f6nnen.<\/span><\/p>\n<p>&nbsp;<\/p>\n<p><strong>Granulatgr\u00f6\u00dfe:<\/strong> 2 mm<\/p>\n<p>&nbsp;<\/p>\n<hr \/>\n<p>&nbsp;<\/p>\n<p><span style=\"color: #000000;\"><strong>Was dieses Produkt einzigartig macht:<\/strong><\/span><\/p>\n<ul>\n<li><span style=\"color: #000000;\">Futtermischung f\u00fcr karnivore und omnivore Fische<\/span><\/li>\n<li><span style=\"color: #000000;\">Leicht verzehrbares, weiches Granulat<\/span><\/li>\n<li><span style=\"color: #000000;\">Nur nat\u00fcrliche Zutaten<\/span><\/li>\n<li><span style=\"color: #000000;\">Ausgewogene Zusammensetzung<\/span><\/li>\n<li><span style=\"color: #000000;\">Hoher Proteingehalt<\/span><\/li>\n<li><span style=\"color: #000000;\">Angereichert mit Vitaminen und Mineralien<\/span><\/li>\n<li><span style=\"color: #000000;\">St\u00e4rkt die Sehkraft, sch\u00fctzt die Haut<\/span><\/li>\n<li><span style=\"color: #000000;\">Zersetzt sich nicht im Wasser<\/span><\/li>\n<li><span style=\"color: #000000;\">Bietet hervorragenden Zustand<\/span><\/li>\n<\/ul>\n<p><span style=\"color: #000000;\">Das Produkt ist nur f\u00fcr den Gebrauch im Aquarium bestimmt. Es sollte an einem trockenen und k\u00fchlen Ort gelagert werden. Au\u00dferhalb der Reichweite von Kindern aufbewahren.<\/span><\/p>\n<p>&nbsp;<\/p>\n<hr \/>\n<h4 data-fontsize=\"16\" data-lineheight=\"24px\"><\/h4>\n<h4 class=\"fusion-tab-heading fusion-responsive-typography-calculated\" data-fontsize=\"16\" data-lineheight=\"24px\"><span style=\"color: #000000;\">Inhaltsstoffe &amp; Dosierung<\/span><\/h4>\n<p><span style=\"color: #000000;\"><strong>Dosierung: <\/strong>F\u00fcttern Sie mehrmals t\u00e4glich in kleinen Portionen, damit \u00fcbersch\u00fcssiges Futter nicht am Boden des Aquariums verbleibt. Um Abwechslung in die Ern\u00e4hrung von Fischen und Korallen zu bringen, empfiehlt es sich, AF Marine Mix M mit anderen Futtersorten der Marke Aquaforest abzuwechseln.<\/span><\/p>\n<p><span style=\"color: #000000;\"><strong>Zutaten:<\/strong> Fisch und Fischprodukte, Getreideprodukte, Fisch\u00f6l, Lecithin, Hefe, Antioxidantien.<\/span><\/p>\n<p><span style=\"color: #000000;\"><strong>Zusatzstoffe:<\/strong> Vit. A 8640 IU\/kg, Vit. C 432 mg\/kg, Vit. E 173 mg\/kg, Vit. D3 503 IU\/kg, Eisen 51,8 mg\/kg, Jod 4,3 mg\/kg, Kupfer 4,3 mg\/kg, Mangan 17,3 mg\/kg, Zink 51,8 mg\/kg.<\/span><\/p>\n<p><span style=\"color: #000000;\"><strong>Analytische Bestandteile:<\/strong> Rohprotein 38,8%, Rohfett 10,8%, Rohfaser 0,22%, Rohasche 7,3%, Feuchtigkeit 31,2%.<\/span><\/p>\n","protected":false},"excerpt":{"rendered":"<p>Umfassende Futtermischung f\u00fcr mittelgro\u00dfe Fische.<br \/>\nBesonders reich an kleinen Krustentieren.<\/p>\n","protected":false},"featured_media":11699,"template":"","meta":{"_acf_changed":false,"content-type":""},"product_brand":[],"product_cat":[1152],"product_tag":[966,1104,1120],"class_list":{"0":"post-11549","1":"product","2":"type-product","3":"status-publish","4":"has-post-thumbnail","6":"product_cat-lebensmittel-und-nahrungsergaenzungsmittel","7":"product_tag-aquaforest-de","8":"product_tag-lebensmittel-und-nahrungserganzungsmittel","9":"product_tag-meerwasser-aquarien","11":"first","12":"instock","13":"taxable","14":"shipping-taxable","15":"purchasable","16":"product-type-simple"},"acf":[],"yoast_head":"<!-- This site is optimized with the Yoast SEO plugin v27.1.1 - https:\/\/yoast.com\/product\/yoast-seo-wordpress\/ -->\n<title>AF Marine Mix M - Aquaforest<\/title>\n<meta name=\"description\" content=\"AF Marine Mix M von Aquaforest: umfassende Futtermischung f\u00fcr mittelgro\u00dfe Meeresfische. Einzigartige Formel, die Gesundheit, Kondition und intensive Farben unterst\u00fctzt.\" \/>\n<meta name=\"robots\" content=\"index, follow, max-snippet:-1, max-image-preview:large, max-video-preview:-1\" \/>\n<link rel=\"canonical\" href=\"https:\/\/aquaforest.eu\/de\/produkte\/seawater\/lebensmittel-und-nahrungsergaenzungsmittel\/af-marine-mix-m\/\" \/>\n<meta property=\"og:locale\" content=\"de_DE\" \/>\n<meta property=\"og:type\" content=\"article\" \/>\n<meta property=\"og:title\" content=\"AF Marine Mix M - Aquaforest\" \/>\n<meta property=\"og:description\" content=\"AF Marine Mix M von Aquaforest: umfassende Futtermischung f\u00fcr mittelgro\u00dfe Meeresfische. Einzigartige Formel, die Gesundheit, Kondition und intensive Farben unterst\u00fctzt.\" \/>\n<meta property=\"og:url\" content=\"https:\/\/aquaforest.eu\/de\/produkte\/seawater\/lebensmittel-und-nahrungsergaenzungsmittel\/af-marine-mix-m\/\" \/>\n<meta property=\"og:site_name\" content=\"Aquaforest\" \/>\n<meta property=\"article:publisher\" content=\"https:\/\/www.facebook.com\/Aquaforest\/\" \/>\n<meta property=\"article:modified_time\" content=\"2025-02-12T14:59:29+00:00\" \/>\n<meta property=\"og:image\" content=\"https:\/\/aquaforest.eu\/wp-content\/uploads\/2024\/06\/AF-Marine-Mix-M.png\" \/>\n\t<meta property=\"og:image:width\" content=\"462\" \/>\n\t<meta property=\"og:image:height\" content=\"600\" \/>\n\t<meta property=\"og:image:type\" content=\"image\/png\" \/>\n<meta name=\"twitter:card\" content=\"summary_large_image\" \/>\n<meta name=\"twitter:label1\" content=\"Gesch\u00e4tzte Lesezeit\" \/>\n\t<meta name=\"twitter:data1\" content=\"2\u00a0Minuten\" \/>\n<script type=\"application\/ld+json\" class=\"yoast-schema-graph\">{\"@context\":\"https:\/\/schema.org\",\"@graph\":[{\"@type\":\"WebPage\",\"@id\":\"https:\/\/aquaforest.eu\/de\/produkte\/seawater\/lebensmittel-und-nahrungsergaenzungsmittel\/af-marine-mix-m\/\",\"url\":\"https:\/\/aquaforest.eu\/de\/produkte\/seawater\/lebensmittel-und-nahrungsergaenzungsmittel\/af-marine-mix-m\/\",\"name\":\"AF Marine Mix M - Aquaforest\",\"isPartOf\":{\"@id\":\"https:\/\/aquaforest.eu\/de\/#website\"},\"primaryImageOfPage\":{\"@id\":\"https:\/\/aquaforest.eu\/de\/produkte\/seawater\/lebensmittel-und-nahrungsergaenzungsmittel\/af-marine-mix-m\/#primaryimage\"},\"image\":{\"@id\":\"https:\/\/aquaforest.eu\/de\/produkte\/seawater\/lebensmittel-und-nahrungsergaenzungsmittel\/af-marine-mix-m\/#primaryimage\"},\"thumbnailUrl\":\"https:\/\/aquaforest.eu\/wp-content\/uploads\/2024\/06\/AF-Marine-Mix-M.png\",\"datePublished\":\"2024-06-26T00:18:18+00:00\",\"dateModified\":\"2025-02-12T14:59:29+00:00\",\"description\":\"AF Marine Mix M von Aquaforest: umfassende Futtermischung f\u00fcr mittelgro\u00dfe Meeresfische. Einzigartige Formel, die Gesundheit, Kondition und intensive Farben unterst\u00fctzt.\",\"breadcrumb\":{\"@id\":\"https:\/\/aquaforest.eu\/de\/produkte\/seawater\/lebensmittel-und-nahrungsergaenzungsmittel\/af-marine-mix-m\/#breadcrumb\"},\"inLanguage\":\"de\",\"potentialAction\":[{\"@type\":\"ReadAction\",\"target\":[\"https:\/\/aquaforest.eu\/de\/produkte\/seawater\/lebensmittel-und-nahrungsergaenzungsmittel\/af-marine-mix-m\/\"]}]},{\"@type\":\"ImageObject\",\"inLanguage\":\"de\",\"@id\":\"https:\/\/aquaforest.eu\/de\/produkte\/seawater\/lebensmittel-und-nahrungsergaenzungsmittel\/af-marine-mix-m\/#primaryimage\",\"url\":\"https:\/\/aquaforest.eu\/wp-content\/uploads\/2024\/06\/AF-Marine-Mix-M.png\",\"contentUrl\":\"https:\/\/aquaforest.eu\/wp-content\/uploads\/2024\/06\/AF-Marine-Mix-M.png\",\"width\":462,\"height\":600},{\"@type\":\"BreadcrumbList\",\"@id\":\"https:\/\/aquaforest.eu\/de\/produkte\/seawater\/lebensmittel-und-nahrungsergaenzungsmittel\/af-marine-mix-m\/#breadcrumb\",\"itemListElement\":[{\"@type\":\"ListItem\",\"position\":1,\"name\":\"Home\",\"item\":\"https:\/\/aquaforest.eu\/de\/\"},{\"@type\":\"ListItem\",\"position\":2,\"name\":\"Produkte\",\"item\":\"https:\/\/aquaforest.eu\/de\/produkte\/\"},{\"@type\":\"ListItem\",\"position\":3,\"name\":\"AF Marine Mix M\"}]},{\"@type\":\"WebSite\",\"@id\":\"https:\/\/aquaforest.eu\/de\/#website\",\"url\":\"https:\/\/aquaforest.eu\/de\/\",\"name\":\"Aquaforest\",\"description\":\"\",\"publisher\":{\"@id\":\"https:\/\/aquaforest.eu\/de\/#organization\"},\"potentialAction\":[{\"@type\":\"SearchAction\",\"target\":{\"@type\":\"EntryPoint\",\"urlTemplate\":\"https:\/\/aquaforest.eu\/de\/?s={search_term_string}\"},\"query-input\":{\"@type\":\"PropertyValueSpecification\",\"valueRequired\":true,\"valueName\":\"search_term_string\"}}],\"inLanguage\":\"de\"},{\"@type\":\"Organization\",\"@id\":\"https:\/\/aquaforest.eu\/de\/#organization\",\"name\":\"Aquaforest\",\"url\":\"https:\/\/aquaforest.eu\/de\/\",\"logo\":{\"@type\":\"ImageObject\",\"inLanguage\":\"de\",\"@id\":\"https:\/\/aquaforest.eu\/de\/#\/schema\/logo\/image\/\",\"url\":\"https:\/\/aquaforest.eu\/wp-content\/uploads\/2024\/05\/logotyp-aquaforest.svg\",\"contentUrl\":\"https:\/\/aquaforest.eu\/wp-content\/uploads\/2024\/05\/logotyp-aquaforest.svg\",\"width\":170,\"height\":22,\"caption\":\"Aquaforest\"},\"image\":{\"@id\":\"https:\/\/aquaforest.eu\/de\/#\/schema\/logo\/image\/\"},\"sameAs\":[\"https:\/\/www.facebook.com\/Aquaforest\/\",\"https:\/\/www.instagram.com\/aquaforest.eu\/\"]}]}<\/script>\n<!-- \/ Yoast SEO plugin. -->","yoast_head_json":{"title":"AF Marine Mix M - Aquaforest","description":"AF Marine Mix M von Aquaforest: umfassende Futtermischung f\u00fcr mittelgro\u00dfe Meeresfische. Einzigartige Formel, die Gesundheit, Kondition und intensive Farben unterst\u00fctzt.","robots":{"index":"index","follow":"follow","max-snippet":"max-snippet:-1","max-image-preview":"max-image-preview:large","max-video-preview":"max-video-preview:-1"},"canonical":"https:\/\/aquaforest.eu\/de\/produkte\/seawater\/lebensmittel-und-nahrungsergaenzungsmittel\/af-marine-mix-m\/","og_locale":"de_DE","og_type":"article","og_title":"AF Marine Mix M - Aquaforest","og_description":"AF Marine Mix M von Aquaforest: umfassende Futtermischung f\u00fcr mittelgro\u00dfe Meeresfische. Einzigartige Formel, die Gesundheit, Kondition und intensive Farben unterst\u00fctzt.","og_url":"https:\/\/aquaforest.eu\/de\/produkte\/seawater\/lebensmittel-und-nahrungsergaenzungsmittel\/af-marine-mix-m\/","og_site_name":"Aquaforest","article_publisher":"https:\/\/www.facebook.com\/Aquaforest\/","article_modified_time":"2025-02-12T14:59:29+00:00","og_image":[{"width":462,"height":600,"url":"https:\/\/aquaforest.eu\/wp-content\/uploads\/2024\/06\/AF-Marine-Mix-M.png","type":"image\/png"}],"twitter_card":"summary_large_image","twitter_misc":{"Gesch\u00e4tzte Lesezeit":"2\u00a0Minuten"},"schema":{"@context":"https:\/\/schema.org","@graph":[{"@type":"WebPage","@id":"https:\/\/aquaforest.eu\/de\/produkte\/seawater\/lebensmittel-und-nahrungsergaenzungsmittel\/af-marine-mix-m\/","url":"https:\/\/aquaforest.eu\/de\/produkte\/seawater\/lebensmittel-und-nahrungsergaenzungsmittel\/af-marine-mix-m\/","name":"AF Marine Mix M - Aquaforest","isPartOf":{"@id":"https:\/\/aquaforest.eu\/de\/#website"},"primaryImageOfPage":{"@id":"https:\/\/aquaforest.eu\/de\/produkte\/seawater\/lebensmittel-und-nahrungsergaenzungsmittel\/af-marine-mix-m\/#primaryimage"},"image":{"@id":"https:\/\/aquaforest.eu\/de\/produkte\/seawater\/lebensmittel-und-nahrungsergaenzungsmittel\/af-marine-mix-m\/#primaryimage"},"thumbnailUrl":"https:\/\/aquaforest.eu\/wp-content\/uploads\/2024\/06\/AF-Marine-Mix-M.png","datePublished":"2024-06-26T00:18:18+00:00","dateModified":"2025-02-12T14:59:29+00:00","description":"AF Marine Mix M von Aquaforest: umfassende Futtermischung f\u00fcr mittelgro\u00dfe Meeresfische. Einzigartige Formel, die Gesundheit, Kondition und intensive Farben unterst\u00fctzt.","breadcrumb":{"@id":"https:\/\/aquaforest.eu\/de\/produkte\/seawater\/lebensmittel-und-nahrungsergaenzungsmittel\/af-marine-mix-m\/#breadcrumb"},"inLanguage":"de","potentialAction":[{"@type":"ReadAction","target":["https:\/\/aquaforest.eu\/de\/produkte\/seawater\/lebensmittel-und-nahrungsergaenzungsmittel\/af-marine-mix-m\/"]}]},{"@type":"ImageObject","inLanguage":"de","@id":"https:\/\/aquaforest.eu\/de\/produkte\/seawater\/lebensmittel-und-nahrungsergaenzungsmittel\/af-marine-mix-m\/#primaryimage","url":"https:\/\/aquaforest.eu\/wp-content\/uploads\/2024\/06\/AF-Marine-Mix-M.png","contentUrl":"https:\/\/aquaforest.eu\/wp-content\/uploads\/2024\/06\/AF-Marine-Mix-M.png","width":462,"height":600},{"@type":"BreadcrumbList","@id":"https:\/\/aquaforest.eu\/de\/produkte\/seawater\/lebensmittel-und-nahrungsergaenzungsmittel\/af-marine-mix-m\/#breadcrumb","itemListElement":[{"@type":"ListItem","position":1,"name":"Home","item":"https:\/\/aquaforest.eu\/de\/"},{"@type":"ListItem","position":2,"name":"Produkte","item":"https:\/\/aquaforest.eu\/de\/produkte\/"},{"@type":"ListItem","position":3,"name":"AF Marine Mix M"}]},{"@type":"WebSite","@id":"https:\/\/aquaforest.eu\/de\/#website","url":"https:\/\/aquaforest.eu\/de\/","name":"Aquaforest","description":"","publisher":{"@id":"https:\/\/aquaforest.eu\/de\/#organization"},"potentialAction":[{"@type":"SearchAction","target":{"@type":"EntryPoint","urlTemplate":"https:\/\/aquaforest.eu\/de\/?s={search_term_string}"},"query-input":{"@type":"PropertyValueSpecification","valueRequired":true,"valueName":"search_term_string"}}],"inLanguage":"de"},{"@type":"Organization","@id":"https:\/\/aquaforest.eu\/de\/#organization","name":"Aquaforest","url":"https:\/\/aquaforest.eu\/de\/","logo":{"@type":"ImageObject","inLanguage":"de","@id":"https:\/\/aquaforest.eu\/de\/#\/schema\/logo\/image\/","url":"https:\/\/aquaforest.eu\/wp-content\/uploads\/2024\/05\/logotyp-aquaforest.svg","contentUrl":"https:\/\/aquaforest.eu\/wp-content\/uploads\/2024\/05\/logotyp-aquaforest.svg","width":170,"height":22,"caption":"Aquaforest"},"image":{"@id":"https:\/\/aquaforest.eu\/de\/#\/schema\/logo\/image\/"},"sameAs":["https:\/\/www.facebook.com\/Aquaforest\/","https:\/\/www.instagram.com\/aquaforest.eu\/"]}]}},"_links":{"self":[{"href":"https:\/\/aquaforest.eu\/de\/wp-json\/wp\/v2\/product\/11549","targetHints":{"allow":["GET"]}}],"collection":[{"href":"https:\/\/aquaforest.eu\/de\/wp-json\/wp\/v2\/product"}],"about":[{"href":"https:\/\/aquaforest.eu\/de\/wp-json\/wp\/v2\/types\/product"}],"version-history":[{"count":1,"href":"https:\/\/aquaforest.eu\/de\/wp-json\/wp\/v2\/product\/11549\/revisions"}],"predecessor-version":[{"id":21381,"href":"https:\/\/aquaforest.eu\/de\/wp-json\/wp\/v2\/product\/11549\/revisions\/21381"}],"wp:featuredmedia":[{"embeddable":true,"href":"https:\/\/aquaforest.eu\/de\/wp-json\/wp\/v2\/media\/11699"}],"wp:attachment":[{"href":"https:\/\/aquaforest.eu\/de\/wp-json\/wp\/v2\/media?parent=11549"}],"wp:term":[{"taxonomy":"product_brand","embeddable":true,"href":"https:\/\/aquaforest.eu\/de\/wp-json\/wp\/v2\/product_brand?post=11549"},{"taxonomy":"product_cat","embeddable":true,"href":"https:\/\/aquaforest.eu\/de\/wp-json\/wp\/v2\/product_cat?post=11549"},{"taxonomy":"product_tag","embeddable":true,"href":"https:\/\/aquaforest.eu\/de\/wp-json\/wp\/v2\/product_tag?post=11549"}],"curies":[{"name":"wp","href":"https:\/\/api.w.org\/{rel}","templated":true}]}}