{"id":11553,"date":"2024-06-26T02:18:17","date_gmt":"2024-06-26T00:18:17","guid":{"rendered":"https:\/\/aquaforest.eu\/products\/unkategorisiert\/af-protein-power\/"},"modified":"2025-02-12T15:30:27","modified_gmt":"2025-02-12T14:30:27","slug":"af-protein-power","status":"publish","type":"product","link":"https:\/\/aquaforest.eu\/de\/produkte\/seawater\/lebensmittel-und-nahrungsergaenzungsmittel\/af-protein-power\/","title":{"rendered":"AF Protein Power"},"content":{"rendered":"<p><span style=\"color: #000000;\">Hochwertiges Fischfutter <b>in Form von weichem und feinem Granulat, das speziell f\u00fcr junge Zierfische formuliert wurde.<\/b> Sein<b> hoher Proteingehalt,<\/b> der ein wichtiger Baustein f\u00fcr Organismen ist, <b>erm\u00f6glicht ein schnelles und gesundes Wachstum.<\/b> Das in der Zusammensetzung enthaltene<b>Lecithin<\/b><b> wirkt sich positiv auf die Funktion des Nervensystems, des Kreislaufs und des Verdauungstrakts aus.<\/b> Eine <b>ausgewogene Mischung von Inhaltsstoffen verbessert die Verdauung und die Aufnahme von N\u00e4hrstoffen.<\/b> <b>Vitamine unterst\u00fctzen die richtige Entwicklung, f\u00f6rdern die Widerstandsf\u00e4higkeit gegen Krankheiten<\/b> und wirken sich positiv auf das gesamte Wachstum der Fische aus.<\/span><\/p>\n<p><strong>Granulatgr\u00f6\u00dfe:<\/strong> 1mm<\/p>\n<p>&nbsp;<\/p>\n<hr \/>\n<p>&nbsp;<\/p>\n<p><span style=\"color: #000000;\"><strong>Was dieses Produkt einzigartig macht:<\/strong><\/span><\/p>\n<ul>\n<li><span style=\"color: #000000;\">Komplette Futtermischung f\u00fcr Jungfische<\/span><\/li>\n<li><span style=\"color: #000000;\">Reich an Proteinen und Fetten<\/span><\/li>\n<li><span style=\"color: #000000;\">Angereichert mit Lecithin<\/span><\/li>\n<li><span style=\"color: #000000;\">Farbverst\u00e4rkendes Astaxanthin<\/span><\/li>\n<li><span style=\"color: #000000;\">Mit nat\u00fcrlichen Inhaltsstoffen formuliert<\/span><\/li>\n<li><span style=\"color: #000000;\">Fischfutter in Form von weichen Pellets<\/span><\/li>\n<li><span style=\"color: #000000;\">Verbessert die Verdauung und die N\u00e4hrstoffaufnahme<\/span><\/li>\n<\/ul>\n<p>&nbsp;<\/p>\n<hr \/>\n<h4 data-fontsize=\"16\" data-lineheight=\"24px\"><\/h4>\n<h4 class=\"fusion-tab-heading fusion-responsive-typography-calculated\" data-fontsize=\"16\" data-lineheight=\"24px\"><span style=\"color: #000000;\">Inhaltsstoffe &amp; Dosierung<\/span><\/h4>\n<p><span style=\"color: #000000;\"><strong>Zutaten:<\/strong> Fisch und Fischprodukte, Getreide, Fisch\u00f6l, Lecithin, Hefe, Antioxidantien, Farbstoffe (Astaxanthin).<\/span><br \/>\n<span style=\"color: #000000;\"><strong>Zusatzstoffe:<\/strong> Vit. A 11200 IU\/kg, Vit. C 560 mg\/kg, Vit. E 224 mg\/kg, Vit. D3 1300 IU\/kg, Eisen 67,2 mg\/kg, Jod 5,6 mg\/kg, Kupfer 5,6 mg\/kg, Mangan 22,4 mg\/kg, Zink 67,2 mg\/kg.<\/span><\/p>\n<p><span style=\"color: #000000;\"><strong>Analytische Bestandteile:<\/strong> Rohprotein: 42,4%, Rohfett: 10,4%, Rohfaser: 0,2%, Rohasche: 8,4%, Feuchtigkeitsgehalt: 24.2%.<\/span><\/p>\n<p><span style=\"color: #000000;\"><strong>Dosierung: <\/strong>F\u00fcttern Sie mehrmals t\u00e4glich in kleinen Portionen. Um die Ern\u00e4hrung der Fische abwechslungsreich zu gestalten, empfiehlt es sich, AF Protein Power mit anderen Futtersorten der Marke Aquaforest abzuwechseln.<\/span><\/p>\n<p>&nbsp;<\/p>\n<hr \/>\n<p>&nbsp;<\/p>\n<p><span style=\"color: #000000;\">Das Produkt ist nur f\u00fcr Aquarien geeignet. Nicht f\u00fcr den menschlichen Verzehr geeignet. Bewahren Sie es an einem trockenen und k\u00fchlen Ort und au\u00dferhalb der Reichweite von Kindern auf.<\/span><\/p>\n","protected":false},"excerpt":{"rendered":"<p>Weiches Granulat mit hohem Proteingehalt. Eine ausgewogene Mischung von Zutaten verbessert die Verdauung und die Aufnahme von N\u00e4hrstoffen.<\/p>\n","protected":false},"featured_media":11714,"template":"","meta":{"_acf_changed":false,"content-type":""},"product_brand":[],"product_cat":[1152],"product_tag":[966,1104,1120,1633],"class_list":{"0":"post-11553","1":"product","2":"type-product","3":"status-publish","4":"has-post-thumbnail","6":"product_cat-lebensmittel-und-nahrungsergaenzungsmittel","7":"product_tag-aquaforest-de","8":"product_tag-lebensmittel-und-nahrungserganzungsmittel","9":"product_tag-meerwasser-aquarien","10":"product_tag-simple-de","12":"first","13":"instock","14":"taxable","15":"shipping-taxable","16":"purchasable","17":"product-type-simple"},"acf":[],"yoast_head":"<!-- This site is optimized with the Yoast SEO plugin v27.1.1 - https:\/\/yoast.com\/product\/yoast-seo-wordpress\/ -->\n<title>AF Protein Power - Aquaforest<\/title>\n<meta name=\"description\" content=\"AF Protein Power: Konzentriertes Futter mit hohem Proteingehalt f\u00fcr Fische, das deren Wachstum und Regeneration unterst\u00fctzt. Eine einzigartige Formel f\u00fcr maximale Kondition und Gesundheit.\" \/>\n<meta name=\"robots\" content=\"index, follow, max-snippet:-1, max-image-preview:large, max-video-preview:-1\" \/>\n<link rel=\"canonical\" href=\"https:\/\/aquaforest.eu\/de\/produkte\/seawater\/lebensmittel-und-nahrungsergaenzungsmittel\/af-protein-power\/\" \/>\n<meta property=\"og:locale\" content=\"de_DE\" \/>\n<meta property=\"og:type\" content=\"article\" \/>\n<meta property=\"og:title\" content=\"AF Protein Power - Aquaforest\" \/>\n<meta property=\"og:description\" content=\"AF Protein Power: Konzentriertes Futter mit hohem Proteingehalt f\u00fcr Fische, das deren Wachstum und Regeneration unterst\u00fctzt. Eine einzigartige Formel f\u00fcr maximale Kondition und Gesundheit.\" \/>\n<meta property=\"og:url\" content=\"https:\/\/aquaforest.eu\/de\/produkte\/seawater\/lebensmittel-und-nahrungsergaenzungsmittel\/af-protein-power\/\" \/>\n<meta property=\"og:site_name\" content=\"Aquaforest\" \/>\n<meta property=\"article:publisher\" content=\"https:\/\/www.facebook.com\/Aquaforest\/\" \/>\n<meta property=\"article:modified_time\" content=\"2025-02-12T14:30:27+00:00\" \/>\n<meta property=\"og:image\" content=\"https:\/\/aquaforest.eu\/wp-content\/uploads\/2024\/06\/AF-Protein-Power.png\" \/>\n\t<meta property=\"og:image:width\" content=\"385\" \/>\n\t<meta property=\"og:image:height\" content=\"500\" \/>\n\t<meta property=\"og:image:type\" content=\"image\/png\" \/>\n<meta name=\"twitter:card\" content=\"summary_large_image\" \/>\n<meta name=\"twitter:label1\" content=\"Gesch\u00e4tzte Lesezeit\" \/>\n\t<meta name=\"twitter:data1\" content=\"2\u00a0Minuten\" \/>\n<script type=\"application\/ld+json\" class=\"yoast-schema-graph\">{\"@context\":\"https:\/\/schema.org\",\"@graph\":[{\"@type\":\"WebPage\",\"@id\":\"https:\/\/aquaforest.eu\/de\/produkte\/seawater\/lebensmittel-und-nahrungsergaenzungsmittel\/af-protein-power\/\",\"url\":\"https:\/\/aquaforest.eu\/de\/produkte\/seawater\/lebensmittel-und-nahrungsergaenzungsmittel\/af-protein-power\/\",\"name\":\"AF Protein Power - Aquaforest\",\"isPartOf\":{\"@id\":\"https:\/\/aquaforest.eu\/de\/#website\"},\"primaryImageOfPage\":{\"@id\":\"https:\/\/aquaforest.eu\/de\/produkte\/seawater\/lebensmittel-und-nahrungsergaenzungsmittel\/af-protein-power\/#primaryimage\"},\"image\":{\"@id\":\"https:\/\/aquaforest.eu\/de\/produkte\/seawater\/lebensmittel-und-nahrungsergaenzungsmittel\/af-protein-power\/#primaryimage\"},\"thumbnailUrl\":\"https:\/\/aquaforest.eu\/wp-content\/uploads\/2024\/06\/AF-Protein-Power.png\",\"datePublished\":\"2024-06-26T00:18:17+00:00\",\"dateModified\":\"2025-02-12T14:30:27+00:00\",\"description\":\"AF Protein Power: Konzentriertes Futter mit hohem Proteingehalt f\u00fcr Fische, das deren Wachstum und Regeneration unterst\u00fctzt. Eine einzigartige Formel f\u00fcr maximale Kondition und Gesundheit.\",\"breadcrumb\":{\"@id\":\"https:\/\/aquaforest.eu\/de\/produkte\/seawater\/lebensmittel-und-nahrungsergaenzungsmittel\/af-protein-power\/#breadcrumb\"},\"inLanguage\":\"de\",\"potentialAction\":[{\"@type\":\"ReadAction\",\"target\":[\"https:\/\/aquaforest.eu\/de\/produkte\/seawater\/lebensmittel-und-nahrungsergaenzungsmittel\/af-protein-power\/\"]}]},{\"@type\":\"ImageObject\",\"inLanguage\":\"de\",\"@id\":\"https:\/\/aquaforest.eu\/de\/produkte\/seawater\/lebensmittel-und-nahrungsergaenzungsmittel\/af-protein-power\/#primaryimage\",\"url\":\"https:\/\/aquaforest.eu\/wp-content\/uploads\/2024\/06\/AF-Protein-Power.png\",\"contentUrl\":\"https:\/\/aquaforest.eu\/wp-content\/uploads\/2024\/06\/AF-Protein-Power.png\",\"width\":385,\"height\":500},{\"@type\":\"BreadcrumbList\",\"@id\":\"https:\/\/aquaforest.eu\/de\/produkte\/seawater\/lebensmittel-und-nahrungsergaenzungsmittel\/af-protein-power\/#breadcrumb\",\"itemListElement\":[{\"@type\":\"ListItem\",\"position\":1,\"name\":\"Home\",\"item\":\"https:\/\/aquaforest.eu\/de\/\"},{\"@type\":\"ListItem\",\"position\":2,\"name\":\"Produkte\",\"item\":\"https:\/\/aquaforest.eu\/de\/produkte\/\"},{\"@type\":\"ListItem\",\"position\":3,\"name\":\"AF Protein Power\"}]},{\"@type\":\"WebSite\",\"@id\":\"https:\/\/aquaforest.eu\/de\/#website\",\"url\":\"https:\/\/aquaforest.eu\/de\/\",\"name\":\"Aquaforest\",\"description\":\"\",\"publisher\":{\"@id\":\"https:\/\/aquaforest.eu\/de\/#organization\"},\"potentialAction\":[{\"@type\":\"SearchAction\",\"target\":{\"@type\":\"EntryPoint\",\"urlTemplate\":\"https:\/\/aquaforest.eu\/de\/?s={search_term_string}\"},\"query-input\":{\"@type\":\"PropertyValueSpecification\",\"valueRequired\":true,\"valueName\":\"search_term_string\"}}],\"inLanguage\":\"de\"},{\"@type\":\"Organization\",\"@id\":\"https:\/\/aquaforest.eu\/de\/#organization\",\"name\":\"Aquaforest\",\"url\":\"https:\/\/aquaforest.eu\/de\/\",\"logo\":{\"@type\":\"ImageObject\",\"inLanguage\":\"de\",\"@id\":\"https:\/\/aquaforest.eu\/de\/#\/schema\/logo\/image\/\",\"url\":\"https:\/\/aquaforest.eu\/wp-content\/uploads\/2024\/05\/logotyp-aquaforest.svg\",\"contentUrl\":\"https:\/\/aquaforest.eu\/wp-content\/uploads\/2024\/05\/logotyp-aquaforest.svg\",\"width\":170,\"height\":22,\"caption\":\"Aquaforest\"},\"image\":{\"@id\":\"https:\/\/aquaforest.eu\/de\/#\/schema\/logo\/image\/\"},\"sameAs\":[\"https:\/\/www.facebook.com\/Aquaforest\/\",\"https:\/\/www.instagram.com\/aquaforest.eu\/\"]}]}<\/script>\n<!-- \/ Yoast SEO plugin. -->","yoast_head_json":{"title":"AF Protein Power - Aquaforest","description":"AF Protein Power: Konzentriertes Futter mit hohem Proteingehalt f\u00fcr Fische, das deren Wachstum und Regeneration unterst\u00fctzt. Eine einzigartige Formel f\u00fcr maximale Kondition und Gesundheit.","robots":{"index":"index","follow":"follow","max-snippet":"max-snippet:-1","max-image-preview":"max-image-preview:large","max-video-preview":"max-video-preview:-1"},"canonical":"https:\/\/aquaforest.eu\/de\/produkte\/seawater\/lebensmittel-und-nahrungsergaenzungsmittel\/af-protein-power\/","og_locale":"de_DE","og_type":"article","og_title":"AF Protein Power - Aquaforest","og_description":"AF Protein Power: Konzentriertes Futter mit hohem Proteingehalt f\u00fcr Fische, das deren Wachstum und Regeneration unterst\u00fctzt. Eine einzigartige Formel f\u00fcr maximale Kondition und Gesundheit.","og_url":"https:\/\/aquaforest.eu\/de\/produkte\/seawater\/lebensmittel-und-nahrungsergaenzungsmittel\/af-protein-power\/","og_site_name":"Aquaforest","article_publisher":"https:\/\/www.facebook.com\/Aquaforest\/","article_modified_time":"2025-02-12T14:30:27+00:00","og_image":[{"width":385,"height":500,"url":"https:\/\/aquaforest.eu\/wp-content\/uploads\/2024\/06\/AF-Protein-Power.png","type":"image\/png"}],"twitter_card":"summary_large_image","twitter_misc":{"Gesch\u00e4tzte Lesezeit":"2\u00a0Minuten"},"schema":{"@context":"https:\/\/schema.org","@graph":[{"@type":"WebPage","@id":"https:\/\/aquaforest.eu\/de\/produkte\/seawater\/lebensmittel-und-nahrungsergaenzungsmittel\/af-protein-power\/","url":"https:\/\/aquaforest.eu\/de\/produkte\/seawater\/lebensmittel-und-nahrungsergaenzungsmittel\/af-protein-power\/","name":"AF Protein Power - Aquaforest","isPartOf":{"@id":"https:\/\/aquaforest.eu\/de\/#website"},"primaryImageOfPage":{"@id":"https:\/\/aquaforest.eu\/de\/produkte\/seawater\/lebensmittel-und-nahrungsergaenzungsmittel\/af-protein-power\/#primaryimage"},"image":{"@id":"https:\/\/aquaforest.eu\/de\/produkte\/seawater\/lebensmittel-und-nahrungsergaenzungsmittel\/af-protein-power\/#primaryimage"},"thumbnailUrl":"https:\/\/aquaforest.eu\/wp-content\/uploads\/2024\/06\/AF-Protein-Power.png","datePublished":"2024-06-26T00:18:17+00:00","dateModified":"2025-02-12T14:30:27+00:00","description":"AF Protein Power: Konzentriertes Futter mit hohem Proteingehalt f\u00fcr Fische, das deren Wachstum und Regeneration unterst\u00fctzt. Eine einzigartige Formel f\u00fcr maximale Kondition und Gesundheit.","breadcrumb":{"@id":"https:\/\/aquaforest.eu\/de\/produkte\/seawater\/lebensmittel-und-nahrungsergaenzungsmittel\/af-protein-power\/#breadcrumb"},"inLanguage":"de","potentialAction":[{"@type":"ReadAction","target":["https:\/\/aquaforest.eu\/de\/produkte\/seawater\/lebensmittel-und-nahrungsergaenzungsmittel\/af-protein-power\/"]}]},{"@type":"ImageObject","inLanguage":"de","@id":"https:\/\/aquaforest.eu\/de\/produkte\/seawater\/lebensmittel-und-nahrungsergaenzungsmittel\/af-protein-power\/#primaryimage","url":"https:\/\/aquaforest.eu\/wp-content\/uploads\/2024\/06\/AF-Protein-Power.png","contentUrl":"https:\/\/aquaforest.eu\/wp-content\/uploads\/2024\/06\/AF-Protein-Power.png","width":385,"height":500},{"@type":"BreadcrumbList","@id":"https:\/\/aquaforest.eu\/de\/produkte\/seawater\/lebensmittel-und-nahrungsergaenzungsmittel\/af-protein-power\/#breadcrumb","itemListElement":[{"@type":"ListItem","position":1,"name":"Home","item":"https:\/\/aquaforest.eu\/de\/"},{"@type":"ListItem","position":2,"name":"Produkte","item":"https:\/\/aquaforest.eu\/de\/produkte\/"},{"@type":"ListItem","position":3,"name":"AF Protein Power"}]},{"@type":"WebSite","@id":"https:\/\/aquaforest.eu\/de\/#website","url":"https:\/\/aquaforest.eu\/de\/","name":"Aquaforest","description":"","publisher":{"@id":"https:\/\/aquaforest.eu\/de\/#organization"},"potentialAction":[{"@type":"SearchAction","target":{"@type":"EntryPoint","urlTemplate":"https:\/\/aquaforest.eu\/de\/?s={search_term_string}"},"query-input":{"@type":"PropertyValueSpecification","valueRequired":true,"valueName":"search_term_string"}}],"inLanguage":"de"},{"@type":"Organization","@id":"https:\/\/aquaforest.eu\/de\/#organization","name":"Aquaforest","url":"https:\/\/aquaforest.eu\/de\/","logo":{"@type":"ImageObject","inLanguage":"de","@id":"https:\/\/aquaforest.eu\/de\/#\/schema\/logo\/image\/","url":"https:\/\/aquaforest.eu\/wp-content\/uploads\/2024\/05\/logotyp-aquaforest.svg","contentUrl":"https:\/\/aquaforest.eu\/wp-content\/uploads\/2024\/05\/logotyp-aquaforest.svg","width":170,"height":22,"caption":"Aquaforest"},"image":{"@id":"https:\/\/aquaforest.eu\/de\/#\/schema\/logo\/image\/"},"sameAs":["https:\/\/www.facebook.com\/Aquaforest\/","https:\/\/www.instagram.com\/aquaforest.eu\/"]}]}},"_links":{"self":[{"href":"https:\/\/aquaforest.eu\/de\/wp-json\/wp\/v2\/product\/11553","targetHints":{"allow":["GET"]}}],"collection":[{"href":"https:\/\/aquaforest.eu\/de\/wp-json\/wp\/v2\/product"}],"about":[{"href":"https:\/\/aquaforest.eu\/de\/wp-json\/wp\/v2\/types\/product"}],"version-history":[{"count":1,"href":"https:\/\/aquaforest.eu\/de\/wp-json\/wp\/v2\/product\/11553\/revisions"}],"predecessor-version":[{"id":21352,"href":"https:\/\/aquaforest.eu\/de\/wp-json\/wp\/v2\/product\/11553\/revisions\/21352"}],"wp:featuredmedia":[{"embeddable":true,"href":"https:\/\/aquaforest.eu\/de\/wp-json\/wp\/v2\/media\/11714"}],"wp:attachment":[{"href":"https:\/\/aquaforest.eu\/de\/wp-json\/wp\/v2\/media?parent=11553"}],"wp:term":[{"taxonomy":"product_brand","embeddable":true,"href":"https:\/\/aquaforest.eu\/de\/wp-json\/wp\/v2\/product_brand?post=11553"},{"taxonomy":"product_cat","embeddable":true,"href":"https:\/\/aquaforest.eu\/de\/wp-json\/wp\/v2\/product_cat?post=11553"},{"taxonomy":"product_tag","embeddable":true,"href":"https:\/\/aquaforest.eu\/de\/wp-json\/wp\/v2\/product_tag?post=11553"}],"curies":[{"name":"wp","href":"https:\/\/api.w.org\/{rel}","templated":true}]}}