{"id":11587,"date":"2024-06-26T02:18:16","date_gmt":"2024-06-26T00:18:16","guid":{"rendered":"https:\/\/aquaforest.eu\/products\/unkategorisiert\/af-tiny-fish-futter\/"},"modified":"2025-02-12T15:50:47","modified_gmt":"2025-02-12T14:50:47","slug":"af-tiny-fish-feed","status":"publish","type":"product","link":"https:\/\/aquaforest.eu\/de\/produkte\/seawater\/lebensmittel-und-nahrungsergaenzungsmittel\/af-tiny-fish-feed\/","title":{"rendered":"AF Tiny Fish Feed"},"content":{"rendered":"<p><span style=\"color: #000000;\">Ein grundlegendes, <b>ausgewogenes Futter f\u00fcr kleine Meeresfische<\/b> in Form von winzigen Pellets in der Gr\u00f6\u00dfe von 1 mm. <b>Dieses Futter mit hohem Proteingehalt stimuliert das richtige Wachstum und st\u00e4rkt die Widerstandskraft, wodurch das Risiko von Entwicklungsproblemen verringert wird.<\/b> Der<b> Tapioka-Gehalt unterst\u00fctzt das reibungslose Funktionieren<\/b> des Herz-Kreislauf-Systems, der <b>Muskulatur und des Nervensystems<\/b>. <b>Das Futter enth\u00e4lt hochwertige Fette und tierische \u00d6le,<\/b> die f\u00fcr die St\u00e4rkung des Immunsystems und die <b>Unterst\u00fctzung anderer wichtiger K\u00f6rperfunktionen<\/b> verantwortlich sind<b>.<\/b><\/span><\/p>\n<p>&nbsp;<\/p>\n<p><strong>Granulatgr\u00f6\u00dfe:\u00a0<\/strong>1 mm<\/p>\n<p>&nbsp;<\/p>\n<hr \/>\n<p>&nbsp;<\/p>\n<p><span style=\"color: #000000;\"><strong>Was dieses Produkt einzigartig macht:<\/strong><\/span><\/p>\n<ul>\n<li><span style=\"color: #000000;\">Weiche Pelletfuttermischung f\u00fcr kleine Zierfische<\/span><\/li>\n<li><span style=\"color: #000000;\">Vollst\u00e4ndige und leicht assimilierbare Zusammensetzung<\/span><\/li>\n<li><span style=\"color: #000000;\">Reich an gesundheitsf\u00f6rdernden und das Immunsystem unterst\u00fctzenden Vitaminen und Mineralien<\/span><\/li>\n<li><span style=\"color: #000000;\">Kann die Grundlage einer Di\u00e4t bilden<\/span><\/li>\n<li><span style=\"color: #000000;\">Aus nat\u00fcrlichen Zutaten formuliert<\/span><\/li>\n<li><span style=\"color: #000000;\">Unterst\u00fctzt alle physiologischen Prozesse im K\u00f6rper<\/span><\/li>\n<li><span style=\"color: #000000;\">St\u00e4rkt das Immunsystem<\/span><\/li>\n<li><span style=\"color: #000000;\">Unterst\u00fctzt das reibungslose Funktionieren des Herz-Kreislauf-Systems, der Muskeln und des Nervensystems<\/span><\/li>\n<li><span style=\"color: #000000;\">Reduziert das Risiko von Entwicklungsanomalien<\/span><\/li>\n<li><span style=\"color: #000000;\">Geeignet f\u00fcr die Verwendung mit einer automatischen Zuf\u00fchrung<\/span><\/li>\n<\/ul>\n<p><span style=\"color: #000000;\">Produkt zur Verwendung in Aquarien. Nicht f\u00fcr den menschlichen Verzehr geeignet. An einem trockenen und k\u00fchlen Ort au\u00dferhalb der Reichweite von Kindern aufbewahren.<\/span><\/p>\n<p>&nbsp;<\/p>\n<hr \/>\n<h4 data-fontsize=\"16\" data-lineheight=\"24px\"><\/h4>\n<h4 class=\"fusion-tab-heading fusion-responsive-typography-calculated\" data-fontsize=\"16\" data-lineheight=\"24px\"><span style=\"color: #000000;\">Inhaltsstoffe &amp; Dosierung<\/span><\/h4>\n<p><span style=\"color: #000000;\"><strong>Zutaten:<\/strong> Fisch und Fischderivate, pflanzliches Eiwei\u00df, Tapioka, Fisch\u00f6l, Antioxidantien.<\/span><br \/>\n<span style=\"color: #000000;\"><strong>Zusatzstoffe:<\/strong> Vit. <\/span><span style=\"color: #000000;\">A 20.000 IU\/kg, Vit. <\/span><span style=\"color: #000000;\">C 800 mg\/kg, Vit. <\/span><span style=\"color: #000000;\">E 320 mg\/kg, Vit. <\/span><span style=\"color: #000000;\">D3 1800 IU\/kg, Eisen 46 mg\/kg, Jod 2 mg\/kg, Kupfer 4 mg\/kg, Mangan 29 mg\/kg, Zink 96 mg\/kg. <\/span><\/p>\n<p><span style=\"color: #000000;\"><strong>Analytische Bestandteile:<\/strong> Rohprotein 44%, Rohfett 12,8%, Rohfaser 1,2%, Rohasche 6%, Feuchtigkeit 29,2%. <\/span><\/p>\n<p><span style=\"color: #000000;\"><strong>Dosierung: <\/strong>F\u00fcttern Sie mehrmals t\u00e4glich in kleinen Portionen. <\/span><span style=\"color: #000000;\">F\u00fcr eine optimale Fischern\u00e4hrung wird empfohlen, AF Tiny Fish Feed mit anderen Futtersorten der Marke Aquaforest abzuwechseln.<\/span><\/p>\n","protected":false},"excerpt":{"rendered":"<p>Futter f\u00fcr kleine Fische und Jungfische. Dieses Futter mit hohem Proteingehalt stimuliert das richtige Wachstum und st\u00e4rkt die Immunit\u00e4t.<\/p>\n","protected":false},"featured_media":11701,"template":"","meta":{"_acf_changed":false,"content-type":""},"product_brand":[],"product_cat":[1152],"product_tag":[966,1104,1120,1633],"class_list":{"0":"post-11587","1":"product","2":"type-product","3":"status-publish","4":"has-post-thumbnail","6":"product_cat-lebensmittel-und-nahrungsergaenzungsmittel","7":"product_tag-aquaforest-de","8":"product_tag-lebensmittel-und-nahrungserganzungsmittel","9":"product_tag-meerwasser-aquarien","10":"product_tag-simple-de","12":"first","13":"instock","14":"taxable","15":"shipping-taxable","16":"purchasable","17":"product-type-simple"},"acf":[],"yoast_head":"<!-- This site is optimized with the Yoast SEO plugin v27.1.1 - https:\/\/yoast.com\/product\/yoast-seo-wordpress\/ -->\n<title>AF Tiny Fish Feed - Aquaforest<\/title>\n<meta name=\"description\" content=\"AF Tiny Fish Feed: Winziges Futter f\u00fcr kleine Fische und Jungfische, angereichert mit Proteinen und Vitaminen. Eine einzigartige Formel f\u00fcr eine gesunde Entwicklung und intensive Farben.\" \/>\n<meta name=\"robots\" content=\"index, follow, max-snippet:-1, max-image-preview:large, max-video-preview:-1\" \/>\n<link rel=\"canonical\" href=\"https:\/\/aquaforest.eu\/de\/produkte\/seawater\/lebensmittel-und-nahrungsergaenzungsmittel\/af-tiny-fish-feed\/\" \/>\n<meta property=\"og:locale\" content=\"de_DE\" \/>\n<meta property=\"og:type\" content=\"article\" \/>\n<meta property=\"og:title\" content=\"AF Tiny Fish Feed - Aquaforest\" \/>\n<meta property=\"og:description\" content=\"AF Tiny Fish Feed: Winziges Futter f\u00fcr kleine Fische und Jungfische, angereichert mit Proteinen und Vitaminen. Eine einzigartige Formel f\u00fcr eine gesunde Entwicklung und intensive Farben.\" \/>\n<meta property=\"og:url\" content=\"https:\/\/aquaforest.eu\/de\/produkte\/seawater\/lebensmittel-und-nahrungsergaenzungsmittel\/af-tiny-fish-feed\/\" \/>\n<meta property=\"og:site_name\" content=\"Aquaforest\" \/>\n<meta property=\"article:publisher\" content=\"https:\/\/www.facebook.com\/Aquaforest\/\" \/>\n<meta property=\"article:modified_time\" content=\"2025-02-12T14:50:47+00:00\" \/>\n<meta property=\"og:image\" content=\"https:\/\/aquaforest.eu\/wp-content\/uploads\/2024\/06\/AF-Tiny-Fish-Feed.png\" \/>\n\t<meta property=\"og:image:width\" content=\"462\" \/>\n\t<meta property=\"og:image:height\" content=\"600\" \/>\n\t<meta property=\"og:image:type\" content=\"image\/png\" \/>\n<meta name=\"twitter:card\" content=\"summary_large_image\" \/>\n<meta name=\"twitter:label1\" content=\"Gesch\u00e4tzte Lesezeit\" \/>\n\t<meta name=\"twitter:data1\" content=\"2\u00a0Minuten\" \/>\n<script type=\"application\/ld+json\" class=\"yoast-schema-graph\">{\"@context\":\"https:\/\/schema.org\",\"@graph\":[{\"@type\":\"WebPage\",\"@id\":\"https:\/\/aquaforest.eu\/de\/produkte\/seawater\/lebensmittel-und-nahrungsergaenzungsmittel\/af-tiny-fish-feed\/\",\"url\":\"https:\/\/aquaforest.eu\/de\/produkte\/seawater\/lebensmittel-und-nahrungsergaenzungsmittel\/af-tiny-fish-feed\/\",\"name\":\"AF Tiny Fish Feed - Aquaforest\",\"isPartOf\":{\"@id\":\"https:\/\/aquaforest.eu\/de\/#website\"},\"primaryImageOfPage\":{\"@id\":\"https:\/\/aquaforest.eu\/de\/produkte\/seawater\/lebensmittel-und-nahrungsergaenzungsmittel\/af-tiny-fish-feed\/#primaryimage\"},\"image\":{\"@id\":\"https:\/\/aquaforest.eu\/de\/produkte\/seawater\/lebensmittel-und-nahrungsergaenzungsmittel\/af-tiny-fish-feed\/#primaryimage\"},\"thumbnailUrl\":\"https:\/\/aquaforest.eu\/wp-content\/uploads\/2024\/06\/AF-Tiny-Fish-Feed.png\",\"datePublished\":\"2024-06-26T00:18:16+00:00\",\"dateModified\":\"2025-02-12T14:50:47+00:00\",\"description\":\"AF Tiny Fish Feed: Winziges Futter f\u00fcr kleine Fische und Jungfische, angereichert mit Proteinen und Vitaminen. Eine einzigartige Formel f\u00fcr eine gesunde Entwicklung und intensive Farben.\",\"breadcrumb\":{\"@id\":\"https:\/\/aquaforest.eu\/de\/produkte\/seawater\/lebensmittel-und-nahrungsergaenzungsmittel\/af-tiny-fish-feed\/#breadcrumb\"},\"inLanguage\":\"de\",\"potentialAction\":[{\"@type\":\"ReadAction\",\"target\":[\"https:\/\/aquaforest.eu\/de\/produkte\/seawater\/lebensmittel-und-nahrungsergaenzungsmittel\/af-tiny-fish-feed\/\"]}]},{\"@type\":\"ImageObject\",\"inLanguage\":\"de\",\"@id\":\"https:\/\/aquaforest.eu\/de\/produkte\/seawater\/lebensmittel-und-nahrungsergaenzungsmittel\/af-tiny-fish-feed\/#primaryimage\",\"url\":\"https:\/\/aquaforest.eu\/wp-content\/uploads\/2024\/06\/AF-Tiny-Fish-Feed.png\",\"contentUrl\":\"https:\/\/aquaforest.eu\/wp-content\/uploads\/2024\/06\/AF-Tiny-Fish-Feed.png\",\"width\":462,\"height\":600},{\"@type\":\"BreadcrumbList\",\"@id\":\"https:\/\/aquaforest.eu\/de\/produkte\/seawater\/lebensmittel-und-nahrungsergaenzungsmittel\/af-tiny-fish-feed\/#breadcrumb\",\"itemListElement\":[{\"@type\":\"ListItem\",\"position\":1,\"name\":\"Home\",\"item\":\"https:\/\/aquaforest.eu\/de\/\"},{\"@type\":\"ListItem\",\"position\":2,\"name\":\"Produkte\",\"item\":\"https:\/\/aquaforest.eu\/de\/produkte\/\"},{\"@type\":\"ListItem\",\"position\":3,\"name\":\"AF Tiny Fish Feed\"}]},{\"@type\":\"WebSite\",\"@id\":\"https:\/\/aquaforest.eu\/de\/#website\",\"url\":\"https:\/\/aquaforest.eu\/de\/\",\"name\":\"Aquaforest\",\"description\":\"\",\"publisher\":{\"@id\":\"https:\/\/aquaforest.eu\/de\/#organization\"},\"potentialAction\":[{\"@type\":\"SearchAction\",\"target\":{\"@type\":\"EntryPoint\",\"urlTemplate\":\"https:\/\/aquaforest.eu\/de\/?s={search_term_string}\"},\"query-input\":{\"@type\":\"PropertyValueSpecification\",\"valueRequired\":true,\"valueName\":\"search_term_string\"}}],\"inLanguage\":\"de\"},{\"@type\":\"Organization\",\"@id\":\"https:\/\/aquaforest.eu\/de\/#organization\",\"name\":\"Aquaforest\",\"url\":\"https:\/\/aquaforest.eu\/de\/\",\"logo\":{\"@type\":\"ImageObject\",\"inLanguage\":\"de\",\"@id\":\"https:\/\/aquaforest.eu\/de\/#\/schema\/logo\/image\/\",\"url\":\"https:\/\/aquaforest.eu\/wp-content\/uploads\/2024\/05\/logotyp-aquaforest.svg\",\"contentUrl\":\"https:\/\/aquaforest.eu\/wp-content\/uploads\/2024\/05\/logotyp-aquaforest.svg\",\"width\":170,\"height\":22,\"caption\":\"Aquaforest\"},\"image\":{\"@id\":\"https:\/\/aquaforest.eu\/de\/#\/schema\/logo\/image\/\"},\"sameAs\":[\"https:\/\/www.facebook.com\/Aquaforest\/\",\"https:\/\/www.instagram.com\/aquaforest.eu\/\"]}]}<\/script>\n<!-- \/ Yoast SEO plugin. -->","yoast_head_json":{"title":"AF Tiny Fish Feed - Aquaforest","description":"AF Tiny Fish Feed: Winziges Futter f\u00fcr kleine Fische und Jungfische, angereichert mit Proteinen und Vitaminen. Eine einzigartige Formel f\u00fcr eine gesunde Entwicklung und intensive Farben.","robots":{"index":"index","follow":"follow","max-snippet":"max-snippet:-1","max-image-preview":"max-image-preview:large","max-video-preview":"max-video-preview:-1"},"canonical":"https:\/\/aquaforest.eu\/de\/produkte\/seawater\/lebensmittel-und-nahrungsergaenzungsmittel\/af-tiny-fish-feed\/","og_locale":"de_DE","og_type":"article","og_title":"AF Tiny Fish Feed - Aquaforest","og_description":"AF Tiny Fish Feed: Winziges Futter f\u00fcr kleine Fische und Jungfische, angereichert mit Proteinen und Vitaminen. Eine einzigartige Formel f\u00fcr eine gesunde Entwicklung und intensive Farben.","og_url":"https:\/\/aquaforest.eu\/de\/produkte\/seawater\/lebensmittel-und-nahrungsergaenzungsmittel\/af-tiny-fish-feed\/","og_site_name":"Aquaforest","article_publisher":"https:\/\/www.facebook.com\/Aquaforest\/","article_modified_time":"2025-02-12T14:50:47+00:00","og_image":[{"width":462,"height":600,"url":"https:\/\/aquaforest.eu\/wp-content\/uploads\/2024\/06\/AF-Tiny-Fish-Feed.png","type":"image\/png"}],"twitter_card":"summary_large_image","twitter_misc":{"Gesch\u00e4tzte Lesezeit":"2\u00a0Minuten"},"schema":{"@context":"https:\/\/schema.org","@graph":[{"@type":"WebPage","@id":"https:\/\/aquaforest.eu\/de\/produkte\/seawater\/lebensmittel-und-nahrungsergaenzungsmittel\/af-tiny-fish-feed\/","url":"https:\/\/aquaforest.eu\/de\/produkte\/seawater\/lebensmittel-und-nahrungsergaenzungsmittel\/af-tiny-fish-feed\/","name":"AF Tiny Fish Feed - Aquaforest","isPartOf":{"@id":"https:\/\/aquaforest.eu\/de\/#website"},"primaryImageOfPage":{"@id":"https:\/\/aquaforest.eu\/de\/produkte\/seawater\/lebensmittel-und-nahrungsergaenzungsmittel\/af-tiny-fish-feed\/#primaryimage"},"image":{"@id":"https:\/\/aquaforest.eu\/de\/produkte\/seawater\/lebensmittel-und-nahrungsergaenzungsmittel\/af-tiny-fish-feed\/#primaryimage"},"thumbnailUrl":"https:\/\/aquaforest.eu\/wp-content\/uploads\/2024\/06\/AF-Tiny-Fish-Feed.png","datePublished":"2024-06-26T00:18:16+00:00","dateModified":"2025-02-12T14:50:47+00:00","description":"AF Tiny Fish Feed: Winziges Futter f\u00fcr kleine Fische und Jungfische, angereichert mit Proteinen und Vitaminen. Eine einzigartige Formel f\u00fcr eine gesunde Entwicklung und intensive Farben.","breadcrumb":{"@id":"https:\/\/aquaforest.eu\/de\/produkte\/seawater\/lebensmittel-und-nahrungsergaenzungsmittel\/af-tiny-fish-feed\/#breadcrumb"},"inLanguage":"de","potentialAction":[{"@type":"ReadAction","target":["https:\/\/aquaforest.eu\/de\/produkte\/seawater\/lebensmittel-und-nahrungsergaenzungsmittel\/af-tiny-fish-feed\/"]}]},{"@type":"ImageObject","inLanguage":"de","@id":"https:\/\/aquaforest.eu\/de\/produkte\/seawater\/lebensmittel-und-nahrungsergaenzungsmittel\/af-tiny-fish-feed\/#primaryimage","url":"https:\/\/aquaforest.eu\/wp-content\/uploads\/2024\/06\/AF-Tiny-Fish-Feed.png","contentUrl":"https:\/\/aquaforest.eu\/wp-content\/uploads\/2024\/06\/AF-Tiny-Fish-Feed.png","width":462,"height":600},{"@type":"BreadcrumbList","@id":"https:\/\/aquaforest.eu\/de\/produkte\/seawater\/lebensmittel-und-nahrungsergaenzungsmittel\/af-tiny-fish-feed\/#breadcrumb","itemListElement":[{"@type":"ListItem","position":1,"name":"Home","item":"https:\/\/aquaforest.eu\/de\/"},{"@type":"ListItem","position":2,"name":"Produkte","item":"https:\/\/aquaforest.eu\/de\/produkte\/"},{"@type":"ListItem","position":3,"name":"AF Tiny Fish Feed"}]},{"@type":"WebSite","@id":"https:\/\/aquaforest.eu\/de\/#website","url":"https:\/\/aquaforest.eu\/de\/","name":"Aquaforest","description":"","publisher":{"@id":"https:\/\/aquaforest.eu\/de\/#organization"},"potentialAction":[{"@type":"SearchAction","target":{"@type":"EntryPoint","urlTemplate":"https:\/\/aquaforest.eu\/de\/?s={search_term_string}"},"query-input":{"@type":"PropertyValueSpecification","valueRequired":true,"valueName":"search_term_string"}}],"inLanguage":"de"},{"@type":"Organization","@id":"https:\/\/aquaforest.eu\/de\/#organization","name":"Aquaforest","url":"https:\/\/aquaforest.eu\/de\/","logo":{"@type":"ImageObject","inLanguage":"de","@id":"https:\/\/aquaforest.eu\/de\/#\/schema\/logo\/image\/","url":"https:\/\/aquaforest.eu\/wp-content\/uploads\/2024\/05\/logotyp-aquaforest.svg","contentUrl":"https:\/\/aquaforest.eu\/wp-content\/uploads\/2024\/05\/logotyp-aquaforest.svg","width":170,"height":22,"caption":"Aquaforest"},"image":{"@id":"https:\/\/aquaforest.eu\/de\/#\/schema\/logo\/image\/"},"sameAs":["https:\/\/www.facebook.com\/Aquaforest\/","https:\/\/www.instagram.com\/aquaforest.eu\/"]}]}},"_links":{"self":[{"href":"https:\/\/aquaforest.eu\/de\/wp-json\/wp\/v2\/product\/11587","targetHints":{"allow":["GET"]}}],"collection":[{"href":"https:\/\/aquaforest.eu\/de\/wp-json\/wp\/v2\/product"}],"about":[{"href":"https:\/\/aquaforest.eu\/de\/wp-json\/wp\/v2\/types\/product"}],"version-history":[{"count":2,"href":"https:\/\/aquaforest.eu\/de\/wp-json\/wp\/v2\/product\/11587\/revisions"}],"predecessor-version":[{"id":21373,"href":"https:\/\/aquaforest.eu\/de\/wp-json\/wp\/v2\/product\/11587\/revisions\/21373"}],"wp:featuredmedia":[{"embeddable":true,"href":"https:\/\/aquaforest.eu\/de\/wp-json\/wp\/v2\/media\/11701"}],"wp:attachment":[{"href":"https:\/\/aquaforest.eu\/de\/wp-json\/wp\/v2\/media?parent=11587"}],"wp:term":[{"taxonomy":"product_brand","embeddable":true,"href":"https:\/\/aquaforest.eu\/de\/wp-json\/wp\/v2\/product_brand?post=11587"},{"taxonomy":"product_cat","embeddable":true,"href":"https:\/\/aquaforest.eu\/de\/wp-json\/wp\/v2\/product_cat?post=11587"},{"taxonomy":"product_tag","embeddable":true,"href":"https:\/\/aquaforest.eu\/de\/wp-json\/wp\/v2\/product_tag?post=11587"}],"curies":[{"name":"wp","href":"https:\/\/api.w.org\/{rel}","templated":true}]}}