{"id":11588,"date":"2024-06-26T02:18:16","date_gmt":"2024-06-26T00:18:16","guid":{"rendered":"https:\/\/aquaforest.eu\/products\/unkategorisiert\/af-pure-food\/"},"modified":"2024-11-08T15:50:40","modified_gmt":"2024-11-08T14:50:40","slug":"af-pure-food","status":"publish","type":"product","link":"https:\/\/aquaforest.eu\/de\/produkte\/seawater\/lebensmittel-und-nahrungsergaenzungsmittel\/af-pure-food\/","title":{"rendered":"AF Pure Food"},"content":{"rendered":"<p>AF Pure Food ist ein 100% nat\u00fcrliches Futter f\u00fcr Korallen. Die Zusammensetzung auf der Basis von Kalziumkarbonat versorgt die Bewohner des Aquariums mit allen notwendigen Mikro- und Makroelementen, sorgt so f\u00fcr ein gesundes Wachstum und erleichtert die Verkalkung. Aufgrund seiner besonderen Herkunft ist AF Pure Food ein Futter, das Korallen in ihrem nat\u00fcrlichen Lebensraum fressen. Die einzigartige Zusammensetzung des Produkts garantiert ein intensives Wachstum. Die an Kalziumkarbonat reiche Formel wirkt sich auch positiv auf die Aufrechterhaltung eines stabilen pH-Werts aus.<\/p>\n<p>&nbsp;<\/p>\n<hr \/>\n<p>&nbsp;<\/p>\n<p><strong>Dosierung<\/strong>: 1 Messl\u00f6ffel pro 100 l (27 US gal) Wasser. F\u00fcllen Sie einen kleinen Beh\u00e4lter mit ca. 20 ml Aquarienwasser, f\u00fcgen Sie einen L\u00f6ffel AF Pure Food hinzu und mischen Sie eine Minute lang. Gie\u00dfen Sie die Suspension direkt in das Aquarium oder verwenden Sie die Pipette, um ausgew\u00e4hlte Korallen zu f\u00fcttern. Verwenden Sie es mindestens einmal pro Woche. In gut bepflanzten, reifen Aquarien kann das Produkt h\u00e4ufiger, sogar t\u00e4glich, verwendet werden.<\/p>\n<p>&nbsp;<\/p>\n<hr \/>\n<p>&nbsp;<\/p>\n<p><strong>Wissenswert:<\/strong> Alle Futterpulver haben eine empfohlene Dosierung von 1 L\u00f6ffel pro 100 l (27 US gal) Wasser, aber es ist wichtig, dass jedes Aquarium anders ist und die Dosierung je nach Korallenbesatz variieren kann. Wir empfehlen, mit der Dosierung von Futter und Nahrungserg\u00e4nzungsmitteln bei der H\u00e4lfte (sogar \u00bc) der Dosis zu beginnen und die Korallen und ihre Reaktionen auf das verabreichte Futter zu beobachten. Sobald das Aquarium keine Anzeichen einer \u00dcberdosierung zeigt, empfehlen wir, die Dosierung auf die Zieldosis zu erh\u00f6hen. Korallen wie Zoanthus, Ricordea und andere Pilzkorallen sollten tags\u00fcber gef\u00fcttert werden. Um die Nahrungsaufnahme zu erleichtern, sollten SPS- und LPS-Korallen gef\u00fcttert werden, wenn das Licht aus ist. Um die beste N\u00e4hrstoffaufnahme zu gew\u00e4hrleisten, sollten alle Erg\u00e4nzungsmittel und Futtermittel f\u00fcr Korallen direkt in das Aquarium gegeben werden. W\u00e4hrend der F\u00fctterung empfehlen wir, den Absch\u00e4umer f\u00fcr etwa eine Stunde abzuschalten. Produkt nur f\u00fcr den Gebrauch im Aquarium. Bewahren Sie es an einem k\u00fchlen, lichtgesch\u00fctzten Ort auf. Von Kindern fernhalten.<\/p>\n","protected":false},"excerpt":{"rendered":"<p>Pulverf\u00f6rmiges Erg\u00e4nzungsmittel f\u00fcr Korallen.<br \/>\nZusammensetzung auf der Basis von Kalziumkarbonat zur F\u00f6rderung des Skelettaufbaus.<\/p>\n","protected":false},"featured_media":11704,"template":"","meta":{"_acf_changed":false,"content-type":""},"product_brand":[],"product_cat":[1152],"product_tag":[966,1104,1120],"class_list":{"0":"post-11588","1":"product","2":"type-product","3":"status-publish","4":"has-post-thumbnail","6":"product_cat-lebensmittel-und-nahrungsergaenzungsmittel","7":"product_tag-aquaforest-de","8":"product_tag-lebensmittel-und-nahrungserganzungsmittel","9":"product_tag-meerwasser-aquarien","11":"first","12":"instock","13":"taxable","14":"shipping-taxable","15":"purchasable","16":"product-type-simple"},"acf":[],"yoast_head":"<!-- This site is optimized with the Yoast SEO plugin v27.1.1 - https:\/\/yoast.com\/product\/yoast-seo-wordpress\/ -->\n<title>AF Pure Food - Aquaforest<\/title>\n<meta name=\"description\" content=\"AF Pure Food: reines, hochwertiges Futter f\u00fcr Fische, das deren Gesundheit und Kondition unterst\u00fctzt. Eine zuverl\u00e4ssige Formel f\u00fcr optimales Wachstum und optimale F\u00e4rbung.\" \/>\n<meta name=\"robots\" content=\"index, follow, max-snippet:-1, max-image-preview:large, max-video-preview:-1\" \/>\n<link rel=\"canonical\" href=\"https:\/\/aquaforest.eu\/de\/produkte\/seawater\/lebensmittel-und-nahrungsergaenzungsmittel\/af-pure-food\/\" \/>\n<meta property=\"og:locale\" content=\"de_DE\" \/>\n<meta property=\"og:type\" content=\"article\" \/>\n<meta property=\"og:title\" content=\"AF Pure Food - Aquaforest\" \/>\n<meta property=\"og:description\" content=\"AF Pure Food: reines, hochwertiges Futter f\u00fcr Fische, das deren Gesundheit und Kondition unterst\u00fctzt. Eine zuverl\u00e4ssige Formel f\u00fcr optimales Wachstum und optimale F\u00e4rbung.\" \/>\n<meta property=\"og:url\" content=\"https:\/\/aquaforest.eu\/de\/produkte\/seawater\/lebensmittel-und-nahrungsergaenzungsmittel\/af-pure-food\/\" \/>\n<meta property=\"og:site_name\" content=\"Aquaforest\" \/>\n<meta property=\"article:publisher\" content=\"https:\/\/www.facebook.com\/Aquaforest\/\" \/>\n<meta property=\"article:modified_time\" content=\"2024-11-08T14:50:40+00:00\" \/>\n<meta property=\"og:image\" content=\"https:\/\/aquaforest.eu\/wp-content\/uploads\/2024\/06\/AF_Pure-Food.png\" \/>\n\t<meta property=\"og:image:width\" content=\"571\" \/>\n\t<meta property=\"og:image:height\" content=\"600\" \/>\n\t<meta property=\"og:image:type\" content=\"image\/png\" \/>\n<meta name=\"twitter:card\" content=\"summary_large_image\" \/>\n<meta name=\"twitter:label1\" content=\"Gesch\u00e4tzte Lesezeit\" \/>\n\t<meta name=\"twitter:data1\" content=\"2\u00a0Minuten\" \/>\n<script type=\"application\/ld+json\" class=\"yoast-schema-graph\">{\"@context\":\"https:\/\/schema.org\",\"@graph\":[{\"@type\":\"WebPage\",\"@id\":\"https:\/\/aquaforest.eu\/de\/produkte\/seawater\/lebensmittel-und-nahrungsergaenzungsmittel\/af-pure-food\/\",\"url\":\"https:\/\/aquaforest.eu\/de\/produkte\/seawater\/lebensmittel-und-nahrungsergaenzungsmittel\/af-pure-food\/\",\"name\":\"AF Pure Food - Aquaforest\",\"isPartOf\":{\"@id\":\"https:\/\/aquaforest.eu\/de\/#website\"},\"primaryImageOfPage\":{\"@id\":\"https:\/\/aquaforest.eu\/de\/produkte\/seawater\/lebensmittel-und-nahrungsergaenzungsmittel\/af-pure-food\/#primaryimage\"},\"image\":{\"@id\":\"https:\/\/aquaforest.eu\/de\/produkte\/seawater\/lebensmittel-und-nahrungsergaenzungsmittel\/af-pure-food\/#primaryimage\"},\"thumbnailUrl\":\"https:\/\/aquaforest.eu\/wp-content\/uploads\/2024\/06\/AF_Pure-Food.png\",\"datePublished\":\"2024-06-26T00:18:16+00:00\",\"dateModified\":\"2024-11-08T14:50:40+00:00\",\"description\":\"AF Pure Food: reines, hochwertiges Futter f\u00fcr Fische, das deren Gesundheit und Kondition unterst\u00fctzt. Eine zuverl\u00e4ssige Formel f\u00fcr optimales Wachstum und optimale F\u00e4rbung.\",\"breadcrumb\":{\"@id\":\"https:\/\/aquaforest.eu\/de\/produkte\/seawater\/lebensmittel-und-nahrungsergaenzungsmittel\/af-pure-food\/#breadcrumb\"},\"inLanguage\":\"de\",\"potentialAction\":[{\"@type\":\"ReadAction\",\"target\":[\"https:\/\/aquaforest.eu\/de\/produkte\/seawater\/lebensmittel-und-nahrungsergaenzungsmittel\/af-pure-food\/\"]}]},{\"@type\":\"ImageObject\",\"inLanguage\":\"de\",\"@id\":\"https:\/\/aquaforest.eu\/de\/produkte\/seawater\/lebensmittel-und-nahrungsergaenzungsmittel\/af-pure-food\/#primaryimage\",\"url\":\"https:\/\/aquaforest.eu\/wp-content\/uploads\/2024\/06\/AF_Pure-Food.png\",\"contentUrl\":\"https:\/\/aquaforest.eu\/wp-content\/uploads\/2024\/06\/AF_Pure-Food.png\",\"width\":571,\"height\":600},{\"@type\":\"BreadcrumbList\",\"@id\":\"https:\/\/aquaforest.eu\/de\/produkte\/seawater\/lebensmittel-und-nahrungsergaenzungsmittel\/af-pure-food\/#breadcrumb\",\"itemListElement\":[{\"@type\":\"ListItem\",\"position\":1,\"name\":\"Home\",\"item\":\"https:\/\/aquaforest.eu\/de\/\"},{\"@type\":\"ListItem\",\"position\":2,\"name\":\"Produkte\",\"item\":\"https:\/\/aquaforest.eu\/de\/produkte\/\"},{\"@type\":\"ListItem\",\"position\":3,\"name\":\"AF Pure Food\"}]},{\"@type\":\"WebSite\",\"@id\":\"https:\/\/aquaforest.eu\/de\/#website\",\"url\":\"https:\/\/aquaforest.eu\/de\/\",\"name\":\"Aquaforest\",\"description\":\"\",\"publisher\":{\"@id\":\"https:\/\/aquaforest.eu\/de\/#organization\"},\"potentialAction\":[{\"@type\":\"SearchAction\",\"target\":{\"@type\":\"EntryPoint\",\"urlTemplate\":\"https:\/\/aquaforest.eu\/de\/?s={search_term_string}\"},\"query-input\":{\"@type\":\"PropertyValueSpecification\",\"valueRequired\":true,\"valueName\":\"search_term_string\"}}],\"inLanguage\":\"de\"},{\"@type\":\"Organization\",\"@id\":\"https:\/\/aquaforest.eu\/de\/#organization\",\"name\":\"Aquaforest\",\"url\":\"https:\/\/aquaforest.eu\/de\/\",\"logo\":{\"@type\":\"ImageObject\",\"inLanguage\":\"de\",\"@id\":\"https:\/\/aquaforest.eu\/de\/#\/schema\/logo\/image\/\",\"url\":\"https:\/\/aquaforest.eu\/wp-content\/uploads\/2024\/05\/logotyp-aquaforest.svg\",\"contentUrl\":\"https:\/\/aquaforest.eu\/wp-content\/uploads\/2024\/05\/logotyp-aquaforest.svg\",\"width\":170,\"height\":22,\"caption\":\"Aquaforest\"},\"image\":{\"@id\":\"https:\/\/aquaforest.eu\/de\/#\/schema\/logo\/image\/\"},\"sameAs\":[\"https:\/\/www.facebook.com\/Aquaforest\/\",\"https:\/\/www.instagram.com\/aquaforest.eu\/\"]}]}<\/script>\n<!-- \/ Yoast SEO plugin. -->","yoast_head_json":{"title":"AF Pure Food - Aquaforest","description":"AF Pure Food: reines, hochwertiges Futter f\u00fcr Fische, das deren Gesundheit und Kondition unterst\u00fctzt. Eine zuverl\u00e4ssige Formel f\u00fcr optimales Wachstum und optimale F\u00e4rbung.","robots":{"index":"index","follow":"follow","max-snippet":"max-snippet:-1","max-image-preview":"max-image-preview:large","max-video-preview":"max-video-preview:-1"},"canonical":"https:\/\/aquaforest.eu\/de\/produkte\/seawater\/lebensmittel-und-nahrungsergaenzungsmittel\/af-pure-food\/","og_locale":"de_DE","og_type":"article","og_title":"AF Pure Food - Aquaforest","og_description":"AF Pure Food: reines, hochwertiges Futter f\u00fcr Fische, das deren Gesundheit und Kondition unterst\u00fctzt. Eine zuverl\u00e4ssige Formel f\u00fcr optimales Wachstum und optimale F\u00e4rbung.","og_url":"https:\/\/aquaforest.eu\/de\/produkte\/seawater\/lebensmittel-und-nahrungsergaenzungsmittel\/af-pure-food\/","og_site_name":"Aquaforest","article_publisher":"https:\/\/www.facebook.com\/Aquaforest\/","article_modified_time":"2024-11-08T14:50:40+00:00","og_image":[{"width":571,"height":600,"url":"https:\/\/aquaforest.eu\/wp-content\/uploads\/2024\/06\/AF_Pure-Food.png","type":"image\/png"}],"twitter_card":"summary_large_image","twitter_misc":{"Gesch\u00e4tzte Lesezeit":"2\u00a0Minuten"},"schema":{"@context":"https:\/\/schema.org","@graph":[{"@type":"WebPage","@id":"https:\/\/aquaforest.eu\/de\/produkte\/seawater\/lebensmittel-und-nahrungsergaenzungsmittel\/af-pure-food\/","url":"https:\/\/aquaforest.eu\/de\/produkte\/seawater\/lebensmittel-und-nahrungsergaenzungsmittel\/af-pure-food\/","name":"AF Pure Food - Aquaforest","isPartOf":{"@id":"https:\/\/aquaforest.eu\/de\/#website"},"primaryImageOfPage":{"@id":"https:\/\/aquaforest.eu\/de\/produkte\/seawater\/lebensmittel-und-nahrungsergaenzungsmittel\/af-pure-food\/#primaryimage"},"image":{"@id":"https:\/\/aquaforest.eu\/de\/produkte\/seawater\/lebensmittel-und-nahrungsergaenzungsmittel\/af-pure-food\/#primaryimage"},"thumbnailUrl":"https:\/\/aquaforest.eu\/wp-content\/uploads\/2024\/06\/AF_Pure-Food.png","datePublished":"2024-06-26T00:18:16+00:00","dateModified":"2024-11-08T14:50:40+00:00","description":"AF Pure Food: reines, hochwertiges Futter f\u00fcr Fische, das deren Gesundheit und Kondition unterst\u00fctzt. Eine zuverl\u00e4ssige Formel f\u00fcr optimales Wachstum und optimale F\u00e4rbung.","breadcrumb":{"@id":"https:\/\/aquaforest.eu\/de\/produkte\/seawater\/lebensmittel-und-nahrungsergaenzungsmittel\/af-pure-food\/#breadcrumb"},"inLanguage":"de","potentialAction":[{"@type":"ReadAction","target":["https:\/\/aquaforest.eu\/de\/produkte\/seawater\/lebensmittel-und-nahrungsergaenzungsmittel\/af-pure-food\/"]}]},{"@type":"ImageObject","inLanguage":"de","@id":"https:\/\/aquaforest.eu\/de\/produkte\/seawater\/lebensmittel-und-nahrungsergaenzungsmittel\/af-pure-food\/#primaryimage","url":"https:\/\/aquaforest.eu\/wp-content\/uploads\/2024\/06\/AF_Pure-Food.png","contentUrl":"https:\/\/aquaforest.eu\/wp-content\/uploads\/2024\/06\/AF_Pure-Food.png","width":571,"height":600},{"@type":"BreadcrumbList","@id":"https:\/\/aquaforest.eu\/de\/produkte\/seawater\/lebensmittel-und-nahrungsergaenzungsmittel\/af-pure-food\/#breadcrumb","itemListElement":[{"@type":"ListItem","position":1,"name":"Home","item":"https:\/\/aquaforest.eu\/de\/"},{"@type":"ListItem","position":2,"name":"Produkte","item":"https:\/\/aquaforest.eu\/de\/produkte\/"},{"@type":"ListItem","position":3,"name":"AF Pure Food"}]},{"@type":"WebSite","@id":"https:\/\/aquaforest.eu\/de\/#website","url":"https:\/\/aquaforest.eu\/de\/","name":"Aquaforest","description":"","publisher":{"@id":"https:\/\/aquaforest.eu\/de\/#organization"},"potentialAction":[{"@type":"SearchAction","target":{"@type":"EntryPoint","urlTemplate":"https:\/\/aquaforest.eu\/de\/?s={search_term_string}"},"query-input":{"@type":"PropertyValueSpecification","valueRequired":true,"valueName":"search_term_string"}}],"inLanguage":"de"},{"@type":"Organization","@id":"https:\/\/aquaforest.eu\/de\/#organization","name":"Aquaforest","url":"https:\/\/aquaforest.eu\/de\/","logo":{"@type":"ImageObject","inLanguage":"de","@id":"https:\/\/aquaforest.eu\/de\/#\/schema\/logo\/image\/","url":"https:\/\/aquaforest.eu\/wp-content\/uploads\/2024\/05\/logotyp-aquaforest.svg","contentUrl":"https:\/\/aquaforest.eu\/wp-content\/uploads\/2024\/05\/logotyp-aquaforest.svg","width":170,"height":22,"caption":"Aquaforest"},"image":{"@id":"https:\/\/aquaforest.eu\/de\/#\/schema\/logo\/image\/"},"sameAs":["https:\/\/www.facebook.com\/Aquaforest\/","https:\/\/www.instagram.com\/aquaforest.eu\/"]}]}},"_links":{"self":[{"href":"https:\/\/aquaforest.eu\/de\/wp-json\/wp\/v2\/product\/11588","targetHints":{"allow":["GET"]}}],"collection":[{"href":"https:\/\/aquaforest.eu\/de\/wp-json\/wp\/v2\/product"}],"about":[{"href":"https:\/\/aquaforest.eu\/de\/wp-json\/wp\/v2\/types\/product"}],"version-history":[{"count":0,"href":"https:\/\/aquaforest.eu\/de\/wp-json\/wp\/v2\/product\/11588\/revisions"}],"wp:featuredmedia":[{"embeddable":true,"href":"https:\/\/aquaforest.eu\/de\/wp-json\/wp\/v2\/media\/11704"}],"wp:attachment":[{"href":"https:\/\/aquaforest.eu\/de\/wp-json\/wp\/v2\/media?parent=11588"}],"wp:term":[{"taxonomy":"product_brand","embeddable":true,"href":"https:\/\/aquaforest.eu\/de\/wp-json\/wp\/v2\/product_brand?post=11588"},{"taxonomy":"product_cat","embeddable":true,"href":"https:\/\/aquaforest.eu\/de\/wp-json\/wp\/v2\/product_cat?post=11588"},{"taxonomy":"product_tag","embeddable":true,"href":"https:\/\/aquaforest.eu\/de\/wp-json\/wp\/v2\/product_tag?post=11588"}],"curies":[{"name":"wp","href":"https:\/\/api.w.org\/{rel}","templated":true}]}}