{"id":11590,"date":"2024-06-26T02:18:14","date_gmt":"2024-06-26T00:18:14","guid":{"rendered":"https:\/\/aquaforest.eu\/products\/unkategorisiert\/af-bio-sand\/"},"modified":"2024-10-24T12:13:09","modified_gmt":"2024-10-24T10:13:09","slug":"af-bio-sand","status":"publish","type":"product","link":"https:\/\/aquaforest.eu\/de\/produkte\/seawater\/aquascaping\/af-bio-sand\/","title":{"rendered":"AF Bio Sand"},"content":{"rendered":"<h3 class=\"fusion-responsive-typography-calculated\" data-fontsize=\"22\" data-lineheight=\"27.5px\">Beschleunigt den Reifungsprozess des Aquariums<\/h3>\n<p>AF Bio Sand ist ein nat\u00fcrlicher wei\u00dfer Sand, der aus den hochwertigsten Lagerst\u00e4tten gewonnen wird. Er ist frei von jeglichen Verunreinigungen und sein Kalziumkarbonatgehalt tr\u00e4gt zur Stabilisierung der Wasserchemie bei. Die neueste Technologie in AF Bio Sand beschleunigt den Reifungsprozess eines Aquariums erheblich und erm\u00f6glicht eine schnellere Zugabe von Tieren in einem neu eingerichteten Becken. Die mitgelieferten Flaschen enthalten im Labor isolierte St\u00e4mme von nitrifizierenden Bakterien und eine Nahrung, die ihre Entwicklung und Vermehrung erleichtert.<\/p>\n<p>&nbsp;<\/p>\n<hr \/>\n<h3 data-fontsize=\"22\" data-lineheight=\"27.5px\"><\/h3>\n<h3 class=\"fusion-responsive-typography-calculated\" data-fontsize=\"22\" data-lineheight=\"27.5px\">Schnellerer Start des Stickstoffkreislaufs und Eliminierung von Schadstoffen<\/h3>\n<p>Die spezielle Formel des Produkts garantiert die Schlie\u00dfung des Stickstoffkreislaufs und die Eliminierung sch\u00e4dlicher chemischer Verbindungen viel schneller als bei der Verwendung herk\u00f6mmlicher Substrate. Die extrem einfache Anwendung von AF Bio Sand erm\u00f6glicht eine sofortige Vorbereitung des Sandes f\u00fcr die Verwendung im Aquarium. Aufgrund des extrem breiten Anwendungsspektrums eignet sich AF Bio Sand auch perfekt als Substraterg\u00e4nzung in ausgewachsenen Aquarien. Die Sandk\u00f6rnung betr\u00e4gt 0,5-1,5 mm.<\/p>\n<p>&nbsp;<\/p>\n<hr \/>\n<h3 data-fontsize=\"22\" data-lineheight=\"27.5px\"><\/h3>\n<h3 class=\"fusion-responsive-typography-calculated\" data-fontsize=\"22\" data-lineheight=\"27.5px\">Sofortige Vorbereitung von Sand f\u00fcr die Verwendung im Aquarium<\/h3>\n<p><strong>Vorbereitung:<\/strong> W\u00e4hrend des Transports entstehen Sandreste, die f\u00fcr Ihr Aquarium v\u00f6llig unbedenklich sind. Um Wassertr\u00fcbungen zu vermeiden, raten wir Ihnen jedoch dringend, den Sand vor der Verwendung in RODI-Wasser zu sp\u00fclen. Gie\u00dfen Sie den Inhalt beider Flaschen in 3 Liter Salzwasser, mischen Sie ihn gr\u00fcndlich, geben Sie ihn in den Sandsack und lassen Sie ihn 24 Stunden lang stehen. Um die Vermehrung der Bakterien zu erm\u00f6glichen, sollten Sie den Beutel nicht verschlie\u00dfen. Wir raten davon ab, den Sand an einem k\u00fchlen Ort zu lagern, da sich dadurch die Zeit der Bakterienvermehrung erheblich verl\u00e4ngert. Die optimale Temperatur f\u00fcr die Sandreifung liegt bei 25-28\u00b0C (77-82\u00b0F). Nach 24 Stunden ist der Sand f\u00fcr den Einsatz im Aquarium bereit. Geben Sie den Sand nach und nach in das Aquarium (kleine Mengen pro Tag) und beobachten Sie die Ver\u00e4nderungen der Parameter.<\/p>\n<p><img decoding=\"async\" class=\"alignnone size-medium wp-image-2703\" src=\"https:\/\/aquaforest.eu\/wp-content\/uploads\/2024\/06\/AF_Bio-Sand_tabelka-600x286-1-300x143.png\" alt=\"\" width=\"300\" height=\"143\" srcset=\"https:\/\/aquaforest.eu\/wp-content\/uploads\/2024\/06\/AF_Bio-Sand_tabelka-600x286-1-300x143.png 300w, https:\/\/aquaforest.eu\/wp-content\/uploads\/2024\/06\/AF_Bio-Sand_tabelka-600x286-1.png 600w\" sizes=\"(max-width: 300px) 100vw, 300px\" \/><\/p>\n","protected":false},"excerpt":{"rendered":"<p>Nat\u00fcrlicher wei\u00dfer Sand, der aus den hochwertigsten Vorkommen stammt.<br \/>\nFrei von Verunreinigungen.<\/p>\n","protected":false},"featured_media":11678,"template":"","meta":{"_acf_changed":false,"content-type":""},"product_brand":[],"product_cat":[1149],"product_tag":[966,1099,1120,1417],"class_list":{"0":"post-11590","1":"product","2":"type-product","3":"status-publish","4":"has-post-thumbnail","6":"product_cat-aquascaping","7":"product_tag-aquaforest-de","8":"product_tag-aquascaping-de","9":"product_tag-meerwasser-aquarien","10":"product_tag-variable-de","12":"first","13":"instock","14":"taxable","15":"shipping-taxable","16":"purchasable","17":"product-type-variable","18":"has-default-attributes"},"acf":[],"yoast_head":"<!-- This site is optimized with the Yoast SEO plugin v27.1.1 - https:\/\/yoast.com\/product\/yoast-seo-wordpress\/ -->\n<title>AF Bio Sand - Aquaforest<\/title>\n<meta name=\"description\" content=\"AF Bio Sand von Aquaforest: nat\u00fcrlicher Sand f\u00fcr Aquarien, der die Filtration und die Gesundheit des \u00d6kosystems unterst\u00fctzt. Bakterieller Zusatz zur Beschleunigung der Aquarienreifung.\" \/>\n<meta name=\"robots\" content=\"index, follow, max-snippet:-1, max-image-preview:large, max-video-preview:-1\" \/>\n<link rel=\"canonical\" href=\"https:\/\/aquaforest.eu\/de\/produkte\/seawater\/aquascaping\/af-bio-sand\/\" \/>\n<meta property=\"og:locale\" content=\"de_DE\" \/>\n<meta property=\"og:type\" content=\"article\" \/>\n<meta property=\"og:title\" content=\"AF Bio Sand - Aquaforest\" \/>\n<meta property=\"og:description\" content=\"AF Bio Sand von Aquaforest: nat\u00fcrlicher Sand f\u00fcr Aquarien, der die Filtration und die Gesundheit des \u00d6kosystems unterst\u00fctzt. Bakterieller Zusatz zur Beschleunigung der Aquarienreifung.\" \/>\n<meta property=\"og:url\" content=\"https:\/\/aquaforest.eu\/de\/produkte\/seawater\/aquascaping\/af-bio-sand\/\" \/>\n<meta property=\"og:site_name\" content=\"Aquaforest\" \/>\n<meta property=\"article:publisher\" content=\"https:\/\/www.facebook.com\/Aquaforest\/\" \/>\n<meta property=\"article:modified_time\" content=\"2024-10-24T10:13:09+00:00\" \/>\n<meta property=\"og:image\" content=\"https:\/\/aquaforest.eu\/wp-content\/uploads\/2024\/06\/AF-Bio-Sand.png\" \/>\n\t<meta property=\"og:image:width\" content=\"395\" \/>\n\t<meta property=\"og:image:height\" content=\"600\" \/>\n\t<meta property=\"og:image:type\" content=\"image\/png\" \/>\n<meta name=\"twitter:card\" content=\"summary_large_image\" \/>\n<meta name=\"twitter:label1\" content=\"Gesch\u00e4tzte Lesezeit\" \/>\n\t<meta name=\"twitter:data1\" content=\"2\u00a0Minuten\" \/>\n<script type=\"application\/ld+json\" class=\"yoast-schema-graph\">{\"@context\":\"https:\/\/schema.org\",\"@graph\":[{\"@type\":\"WebPage\",\"@id\":\"https:\/\/aquaforest.eu\/de\/produkte\/seawater\/aquascaping\/af-bio-sand\/\",\"url\":\"https:\/\/aquaforest.eu\/de\/produkte\/seawater\/aquascaping\/af-bio-sand\/\",\"name\":\"AF Bio Sand - Aquaforest\",\"isPartOf\":{\"@id\":\"https:\/\/aquaforest.eu\/de\/#website\"},\"primaryImageOfPage\":{\"@id\":\"https:\/\/aquaforest.eu\/de\/produkte\/seawater\/aquascaping\/af-bio-sand\/#primaryimage\"},\"image\":{\"@id\":\"https:\/\/aquaforest.eu\/de\/produkte\/seawater\/aquascaping\/af-bio-sand\/#primaryimage\"},\"thumbnailUrl\":\"https:\/\/aquaforest.eu\/wp-content\/uploads\/2024\/06\/AF-Bio-Sand.png\",\"datePublished\":\"2024-06-26T00:18:14+00:00\",\"dateModified\":\"2024-10-24T10:13:09+00:00\",\"description\":\"AF Bio Sand von Aquaforest: nat\u00fcrlicher Sand f\u00fcr Aquarien, der die Filtration und die Gesundheit des \u00d6kosystems unterst\u00fctzt. Bakterieller Zusatz zur Beschleunigung der Aquarienreifung.\",\"breadcrumb\":{\"@id\":\"https:\/\/aquaforest.eu\/de\/produkte\/seawater\/aquascaping\/af-bio-sand\/#breadcrumb\"},\"inLanguage\":\"de\",\"potentialAction\":[{\"@type\":\"ReadAction\",\"target\":[\"https:\/\/aquaforest.eu\/de\/produkte\/seawater\/aquascaping\/af-bio-sand\/\"]}]},{\"@type\":\"ImageObject\",\"inLanguage\":\"de\",\"@id\":\"https:\/\/aquaforest.eu\/de\/produkte\/seawater\/aquascaping\/af-bio-sand\/#primaryimage\",\"url\":\"https:\/\/aquaforest.eu\/wp-content\/uploads\/2024\/06\/AF-Bio-Sand.png\",\"contentUrl\":\"https:\/\/aquaforest.eu\/wp-content\/uploads\/2024\/06\/AF-Bio-Sand.png\",\"width\":395,\"height\":600},{\"@type\":\"BreadcrumbList\",\"@id\":\"https:\/\/aquaforest.eu\/de\/produkte\/seawater\/aquascaping\/af-bio-sand\/#breadcrumb\",\"itemListElement\":[{\"@type\":\"ListItem\",\"position\":1,\"name\":\"Home\",\"item\":\"https:\/\/aquaforest.eu\/de\/\"},{\"@type\":\"ListItem\",\"position\":2,\"name\":\"Produkte\",\"item\":\"https:\/\/aquaforest.eu\/de\/produkte\/\"},{\"@type\":\"ListItem\",\"position\":3,\"name\":\"AF Bio Sand\"}]},{\"@type\":\"WebSite\",\"@id\":\"https:\/\/aquaforest.eu\/de\/#website\",\"url\":\"https:\/\/aquaforest.eu\/de\/\",\"name\":\"Aquaforest\",\"description\":\"\",\"publisher\":{\"@id\":\"https:\/\/aquaforest.eu\/de\/#organization\"},\"potentialAction\":[{\"@type\":\"SearchAction\",\"target\":{\"@type\":\"EntryPoint\",\"urlTemplate\":\"https:\/\/aquaforest.eu\/de\/?s={search_term_string}\"},\"query-input\":{\"@type\":\"PropertyValueSpecification\",\"valueRequired\":true,\"valueName\":\"search_term_string\"}}],\"inLanguage\":\"de\"},{\"@type\":\"Organization\",\"@id\":\"https:\/\/aquaforest.eu\/de\/#organization\",\"name\":\"Aquaforest\",\"url\":\"https:\/\/aquaforest.eu\/de\/\",\"logo\":{\"@type\":\"ImageObject\",\"inLanguage\":\"de\",\"@id\":\"https:\/\/aquaforest.eu\/de\/#\/schema\/logo\/image\/\",\"url\":\"https:\/\/aquaforest.eu\/wp-content\/uploads\/2024\/05\/logotyp-aquaforest.svg\",\"contentUrl\":\"https:\/\/aquaforest.eu\/wp-content\/uploads\/2024\/05\/logotyp-aquaforest.svg\",\"width\":170,\"height\":22,\"caption\":\"Aquaforest\"},\"image\":{\"@id\":\"https:\/\/aquaforest.eu\/de\/#\/schema\/logo\/image\/\"},\"sameAs\":[\"https:\/\/www.facebook.com\/Aquaforest\/\",\"https:\/\/www.instagram.com\/aquaforest.eu\/\"]}]}<\/script>\n<!-- \/ Yoast SEO plugin. -->","yoast_head_json":{"title":"AF Bio Sand - Aquaforest","description":"AF Bio Sand von Aquaforest: nat\u00fcrlicher Sand f\u00fcr Aquarien, der die Filtration und die Gesundheit des \u00d6kosystems unterst\u00fctzt. Bakterieller Zusatz zur Beschleunigung der Aquarienreifung.","robots":{"index":"index","follow":"follow","max-snippet":"max-snippet:-1","max-image-preview":"max-image-preview:large","max-video-preview":"max-video-preview:-1"},"canonical":"https:\/\/aquaforest.eu\/de\/produkte\/seawater\/aquascaping\/af-bio-sand\/","og_locale":"de_DE","og_type":"article","og_title":"AF Bio Sand - Aquaforest","og_description":"AF Bio Sand von Aquaforest: nat\u00fcrlicher Sand f\u00fcr Aquarien, der die Filtration und die Gesundheit des \u00d6kosystems unterst\u00fctzt. Bakterieller Zusatz zur Beschleunigung der Aquarienreifung.","og_url":"https:\/\/aquaforest.eu\/de\/produkte\/seawater\/aquascaping\/af-bio-sand\/","og_site_name":"Aquaforest","article_publisher":"https:\/\/www.facebook.com\/Aquaforest\/","article_modified_time":"2024-10-24T10:13:09+00:00","og_image":[{"width":395,"height":600,"url":"https:\/\/aquaforest.eu\/wp-content\/uploads\/2024\/06\/AF-Bio-Sand.png","type":"image\/png"}],"twitter_card":"summary_large_image","twitter_misc":{"Gesch\u00e4tzte Lesezeit":"2\u00a0Minuten"},"schema":{"@context":"https:\/\/schema.org","@graph":[{"@type":"WebPage","@id":"https:\/\/aquaforest.eu\/de\/produkte\/seawater\/aquascaping\/af-bio-sand\/","url":"https:\/\/aquaforest.eu\/de\/produkte\/seawater\/aquascaping\/af-bio-sand\/","name":"AF Bio Sand - Aquaforest","isPartOf":{"@id":"https:\/\/aquaforest.eu\/de\/#website"},"primaryImageOfPage":{"@id":"https:\/\/aquaforest.eu\/de\/produkte\/seawater\/aquascaping\/af-bio-sand\/#primaryimage"},"image":{"@id":"https:\/\/aquaforest.eu\/de\/produkte\/seawater\/aquascaping\/af-bio-sand\/#primaryimage"},"thumbnailUrl":"https:\/\/aquaforest.eu\/wp-content\/uploads\/2024\/06\/AF-Bio-Sand.png","datePublished":"2024-06-26T00:18:14+00:00","dateModified":"2024-10-24T10:13:09+00:00","description":"AF Bio Sand von Aquaforest: nat\u00fcrlicher Sand f\u00fcr Aquarien, der die Filtration und die Gesundheit des \u00d6kosystems unterst\u00fctzt. Bakterieller Zusatz zur Beschleunigung der Aquarienreifung.","breadcrumb":{"@id":"https:\/\/aquaforest.eu\/de\/produkte\/seawater\/aquascaping\/af-bio-sand\/#breadcrumb"},"inLanguage":"de","potentialAction":[{"@type":"ReadAction","target":["https:\/\/aquaforest.eu\/de\/produkte\/seawater\/aquascaping\/af-bio-sand\/"]}]},{"@type":"ImageObject","inLanguage":"de","@id":"https:\/\/aquaforest.eu\/de\/produkte\/seawater\/aquascaping\/af-bio-sand\/#primaryimage","url":"https:\/\/aquaforest.eu\/wp-content\/uploads\/2024\/06\/AF-Bio-Sand.png","contentUrl":"https:\/\/aquaforest.eu\/wp-content\/uploads\/2024\/06\/AF-Bio-Sand.png","width":395,"height":600},{"@type":"BreadcrumbList","@id":"https:\/\/aquaforest.eu\/de\/produkte\/seawater\/aquascaping\/af-bio-sand\/#breadcrumb","itemListElement":[{"@type":"ListItem","position":1,"name":"Home","item":"https:\/\/aquaforest.eu\/de\/"},{"@type":"ListItem","position":2,"name":"Produkte","item":"https:\/\/aquaforest.eu\/de\/produkte\/"},{"@type":"ListItem","position":3,"name":"AF Bio Sand"}]},{"@type":"WebSite","@id":"https:\/\/aquaforest.eu\/de\/#website","url":"https:\/\/aquaforest.eu\/de\/","name":"Aquaforest","description":"","publisher":{"@id":"https:\/\/aquaforest.eu\/de\/#organization"},"potentialAction":[{"@type":"SearchAction","target":{"@type":"EntryPoint","urlTemplate":"https:\/\/aquaforest.eu\/de\/?s={search_term_string}"},"query-input":{"@type":"PropertyValueSpecification","valueRequired":true,"valueName":"search_term_string"}}],"inLanguage":"de"},{"@type":"Organization","@id":"https:\/\/aquaforest.eu\/de\/#organization","name":"Aquaforest","url":"https:\/\/aquaforest.eu\/de\/","logo":{"@type":"ImageObject","inLanguage":"de","@id":"https:\/\/aquaforest.eu\/de\/#\/schema\/logo\/image\/","url":"https:\/\/aquaforest.eu\/wp-content\/uploads\/2024\/05\/logotyp-aquaforest.svg","contentUrl":"https:\/\/aquaforest.eu\/wp-content\/uploads\/2024\/05\/logotyp-aquaforest.svg","width":170,"height":22,"caption":"Aquaforest"},"image":{"@id":"https:\/\/aquaforest.eu\/de\/#\/schema\/logo\/image\/"},"sameAs":["https:\/\/www.facebook.com\/Aquaforest\/","https:\/\/www.instagram.com\/aquaforest.eu\/"]}]}},"_links":{"self":[{"href":"https:\/\/aquaforest.eu\/de\/wp-json\/wp\/v2\/product\/11590","targetHints":{"allow":["GET"]}}],"collection":[{"href":"https:\/\/aquaforest.eu\/de\/wp-json\/wp\/v2\/product"}],"about":[{"href":"https:\/\/aquaforest.eu\/de\/wp-json\/wp\/v2\/types\/product"}],"version-history":[{"count":0,"href":"https:\/\/aquaforest.eu\/de\/wp-json\/wp\/v2\/product\/11590\/revisions"}],"wp:featuredmedia":[{"embeddable":true,"href":"https:\/\/aquaforest.eu\/de\/wp-json\/wp\/v2\/media\/11678"}],"wp:attachment":[{"href":"https:\/\/aquaforest.eu\/de\/wp-json\/wp\/v2\/media?parent=11590"}],"wp:term":[{"taxonomy":"product_brand","embeddable":true,"href":"https:\/\/aquaforest.eu\/de\/wp-json\/wp\/v2\/product_brand?post=11590"},{"taxonomy":"product_cat","embeddable":true,"href":"https:\/\/aquaforest.eu\/de\/wp-json\/wp\/v2\/product_cat?post=11590"},{"taxonomy":"product_tag","embeddable":true,"href":"https:\/\/aquaforest.eu\/de\/wp-json\/wp\/v2\/product_tag?post=11590"}],"curies":[{"name":"wp","href":"https:\/\/api.w.org\/{rel}","templated":true}]}}