{"id":11593,"date":"2024-06-26T02:18:11","date_gmt":"2024-06-26T00:18:11","guid":{"rendered":"https:\/\/aquaforest.eu\/products\/unkategorisiert\/afix-kleber\/"},"modified":"2024-10-24T12:59:51","modified_gmt":"2024-10-24T10:59:51","slug":"afix-glue","status":"publish","type":"product","link":"https:\/\/aquaforest.eu\/de\/produkte\/seawater\/aquascaping\/afix-glue\/","title":{"rendered":"AFix Glue"},"content":{"rendered":"<p>Der AFix Glue ist ein einzigartiger Zweikomponentenkleber aus Kunststoff, der zum Verkleben kleiner Aquarienkomponenten verwendet wird.<br \/>\nMit Hilfe des Klebers k\u00f6nnen Sie einfach und schnell Korallen an Steinen oder Untertassen befestigen, Transplantate erstellen und kleine Gesteinsfragmente miteinander verbinden.<\/p>\n<p>&nbsp;<\/p>\n<hr \/>\n<p>&nbsp;<\/p>\n<p><strong>Gebrauchsanweisung:<\/strong><\/p>\n<ul>\n<li>Trennen Sie gleiche Teile von jeder Komponente des Klebers ab<\/li>\n<li>Kombinieren Sie die beiden Teile des Klebstoffs und mischen Sie sie gr\u00fcndlich, bis eine homogene Masse entsteht.<\/li>\n<li>Der so vorbereitete Klebstoff ist gebrauchsfertig<\/li>\n<li>Um ein besseres Ergebnis zu erzielen, lassen Sie die Klebestelle vorsichtig trocknen und tragen dann eine Portion des Klebers auf.<\/li>\n<li>Legen Sie das geklebte Teil vorsichtig in den Zielbereich.<\/li>\n<\/ul>\n<p>&nbsp;<\/p>\n<hr \/>\n<p>&nbsp;<\/p>\n<p>F\u00fcr die Zeit der Verklebung im Aquarium<strong> wird empfohlen, die Umw\u00e4lzpumpen auszuschalten.<\/strong><br \/>\n30 Minuten <strong>Abbindezeit des Klebers<\/strong>.<br \/>\n<strong>Es wird nicht empfohlen<\/strong>, mehr als \u00bc Packung pro 100 Liter auf einmal zu verwenden, mit einem Abstand von nicht weniger als 3 Tagen.<\/p>\n<p>&nbsp;<\/p>\n<hr \/>\n<p>&nbsp;<\/p>\n<p><strong>Gut zu wissen:<\/strong> Das Produkt ist nur f\u00fcr den Gebrauch im Aquarium bestimmt. Lagern Sie es an einem k\u00fchlen Ort, fern von Licht und Kindern.<\/p>\n","protected":false},"excerpt":{"rendered":"<p>Einzigartiger Zweikomponentenkleber zum Verkleben kleiner Aquarienkomponenten.<br \/>\nH\u00e4rtet in 30 Minuten aus.<\/p>\n","protected":false},"featured_media":11620,"template":"","meta":{"_acf_changed":false,"content-type":""},"product_brand":[],"product_cat":[1149],"product_tag":[966,1099,1120],"class_list":{"0":"post-11593","1":"product","2":"type-product","3":"status-publish","4":"has-post-thumbnail","6":"product_cat-aquascaping","7":"product_tag-aquaforest-de","8":"product_tag-aquascaping-de","9":"product_tag-meerwasser-aquarien","11":"first","12":"instock","13":"taxable","14":"shipping-taxable","15":"purchasable","16":"product-type-simple"},"acf":[],"yoast_head":"<!-- This site is optimized with the Yoast SEO plugin v27.1.1 - https:\/\/yoast.com\/product\/yoast-seo-wordpress\/ -->\n<title>AFix Glue - Aquaforest<\/title>\n<meta name=\"description\" content=\"AFIX Glue von Aquaforest: starker Kleber f\u00fcr die schnelle und dauerhafte Befestigung von Elementen im Aquarium. Zuverl\u00e4ssige Formel f\u00fcr sichere Verbindungen und dauerhafte Anordnungen.\" \/>\n<meta name=\"robots\" content=\"index, follow, max-snippet:-1, max-image-preview:large, max-video-preview:-1\" \/>\n<link rel=\"canonical\" href=\"https:\/\/aquaforest.eu\/de\/produkte\/seawater\/aquascaping\/afix-glue\/\" \/>\n<meta property=\"og:locale\" content=\"de_DE\" \/>\n<meta property=\"og:type\" content=\"article\" \/>\n<meta property=\"og:title\" content=\"AFix Glue - Aquaforest\" \/>\n<meta property=\"og:description\" content=\"AFIX Glue von Aquaforest: starker Kleber f\u00fcr die schnelle und dauerhafte Befestigung von Elementen im Aquarium. Zuverl\u00e4ssige Formel f\u00fcr sichere Verbindungen und dauerhafte Anordnungen.\" \/>\n<meta property=\"og:url\" content=\"https:\/\/aquaforest.eu\/de\/produkte\/seawater\/aquascaping\/afix-glue\/\" \/>\n<meta property=\"og:site_name\" content=\"Aquaforest\" \/>\n<meta property=\"article:publisher\" content=\"https:\/\/www.facebook.com\/Aquaforest\/\" \/>\n<meta property=\"article:modified_time\" content=\"2024-10-24T10:59:51+00:00\" \/>\n<meta property=\"og:image\" content=\"https:\/\/aquaforest.eu\/wp-content\/uploads\/2024\/06\/AFix_Glue.png\" \/>\n\t<meta property=\"og:image:width\" content=\"600\" \/>\n\t<meta property=\"og:image:height\" content=\"600\" \/>\n\t<meta property=\"og:image:type\" content=\"image\/png\" \/>\n<meta name=\"twitter:card\" content=\"summary_large_image\" \/>\n<meta name=\"twitter:label1\" content=\"Gesch\u00e4tzte Lesezeit\" \/>\n\t<meta name=\"twitter:data1\" content=\"1\u00a0Minute\" \/>\n<script type=\"application\/ld+json\" class=\"yoast-schema-graph\">{\"@context\":\"https:\/\/schema.org\",\"@graph\":[{\"@type\":\"WebPage\",\"@id\":\"https:\/\/aquaforest.eu\/de\/produkte\/seawater\/aquascaping\/afix-glue\/\",\"url\":\"https:\/\/aquaforest.eu\/de\/produkte\/seawater\/aquascaping\/afix-glue\/\",\"name\":\"AFix Glue - Aquaforest\",\"isPartOf\":{\"@id\":\"https:\/\/aquaforest.eu\/de\/#website\"},\"primaryImageOfPage\":{\"@id\":\"https:\/\/aquaforest.eu\/de\/produkte\/seawater\/aquascaping\/afix-glue\/#primaryimage\"},\"image\":{\"@id\":\"https:\/\/aquaforest.eu\/de\/produkte\/seawater\/aquascaping\/afix-glue\/#primaryimage\"},\"thumbnailUrl\":\"https:\/\/aquaforest.eu\/wp-content\/uploads\/2024\/06\/AFix_Glue.png\",\"datePublished\":\"2024-06-26T00:18:11+00:00\",\"dateModified\":\"2024-10-24T10:59:51+00:00\",\"description\":\"AFIX Glue von Aquaforest: starker Kleber f\u00fcr die schnelle und dauerhafte Befestigung von Elementen im Aquarium. Zuverl\u00e4ssige Formel f\u00fcr sichere Verbindungen und dauerhafte Anordnungen.\",\"breadcrumb\":{\"@id\":\"https:\/\/aquaforest.eu\/de\/produkte\/seawater\/aquascaping\/afix-glue\/#breadcrumb\"},\"inLanguage\":\"de\",\"potentialAction\":[{\"@type\":\"ReadAction\",\"target\":[\"https:\/\/aquaforest.eu\/de\/produkte\/seawater\/aquascaping\/afix-glue\/\"]}]},{\"@type\":\"ImageObject\",\"inLanguage\":\"de\",\"@id\":\"https:\/\/aquaforest.eu\/de\/produkte\/seawater\/aquascaping\/afix-glue\/#primaryimage\",\"url\":\"https:\/\/aquaforest.eu\/wp-content\/uploads\/2024\/06\/AFix_Glue.png\",\"contentUrl\":\"https:\/\/aquaforest.eu\/wp-content\/uploads\/2024\/06\/AFix_Glue.png\",\"width\":600,\"height\":600},{\"@type\":\"BreadcrumbList\",\"@id\":\"https:\/\/aquaforest.eu\/de\/produkte\/seawater\/aquascaping\/afix-glue\/#breadcrumb\",\"itemListElement\":[{\"@type\":\"ListItem\",\"position\":1,\"name\":\"Home\",\"item\":\"https:\/\/aquaforest.eu\/de\/\"},{\"@type\":\"ListItem\",\"position\":2,\"name\":\"Produkte\",\"item\":\"https:\/\/aquaforest.eu\/de\/produkte\/\"},{\"@type\":\"ListItem\",\"position\":3,\"name\":\"AFix Glue\"}]},{\"@type\":\"WebSite\",\"@id\":\"https:\/\/aquaforest.eu\/de\/#website\",\"url\":\"https:\/\/aquaforest.eu\/de\/\",\"name\":\"Aquaforest\",\"description\":\"\",\"publisher\":{\"@id\":\"https:\/\/aquaforest.eu\/de\/#organization\"},\"potentialAction\":[{\"@type\":\"SearchAction\",\"target\":{\"@type\":\"EntryPoint\",\"urlTemplate\":\"https:\/\/aquaforest.eu\/de\/?s={search_term_string}\"},\"query-input\":{\"@type\":\"PropertyValueSpecification\",\"valueRequired\":true,\"valueName\":\"search_term_string\"}}],\"inLanguage\":\"de\"},{\"@type\":\"Organization\",\"@id\":\"https:\/\/aquaforest.eu\/de\/#organization\",\"name\":\"Aquaforest\",\"url\":\"https:\/\/aquaforest.eu\/de\/\",\"logo\":{\"@type\":\"ImageObject\",\"inLanguage\":\"de\",\"@id\":\"https:\/\/aquaforest.eu\/de\/#\/schema\/logo\/image\/\",\"url\":\"https:\/\/aquaforest.eu\/wp-content\/uploads\/2024\/05\/logotyp-aquaforest.svg\",\"contentUrl\":\"https:\/\/aquaforest.eu\/wp-content\/uploads\/2024\/05\/logotyp-aquaforest.svg\",\"width\":170,\"height\":22,\"caption\":\"Aquaforest\"},\"image\":{\"@id\":\"https:\/\/aquaforest.eu\/de\/#\/schema\/logo\/image\/\"},\"sameAs\":[\"https:\/\/www.facebook.com\/Aquaforest\/\",\"https:\/\/www.instagram.com\/aquaforest.eu\/\"]}]}<\/script>\n<!-- \/ Yoast SEO plugin. -->","yoast_head_json":{"title":"AFix Glue - Aquaforest","description":"AFIX Glue von Aquaforest: starker Kleber f\u00fcr die schnelle und dauerhafte Befestigung von Elementen im Aquarium. Zuverl\u00e4ssige Formel f\u00fcr sichere Verbindungen und dauerhafte Anordnungen.","robots":{"index":"index","follow":"follow","max-snippet":"max-snippet:-1","max-image-preview":"max-image-preview:large","max-video-preview":"max-video-preview:-1"},"canonical":"https:\/\/aquaforest.eu\/de\/produkte\/seawater\/aquascaping\/afix-glue\/","og_locale":"de_DE","og_type":"article","og_title":"AFix Glue - Aquaforest","og_description":"AFIX Glue von Aquaforest: starker Kleber f\u00fcr die schnelle und dauerhafte Befestigung von Elementen im Aquarium. Zuverl\u00e4ssige Formel f\u00fcr sichere Verbindungen und dauerhafte Anordnungen.","og_url":"https:\/\/aquaforest.eu\/de\/produkte\/seawater\/aquascaping\/afix-glue\/","og_site_name":"Aquaforest","article_publisher":"https:\/\/www.facebook.com\/Aquaforest\/","article_modified_time":"2024-10-24T10:59:51+00:00","og_image":[{"width":600,"height":600,"url":"https:\/\/aquaforest.eu\/wp-content\/uploads\/2024\/06\/AFix_Glue.png","type":"image\/png"}],"twitter_card":"summary_large_image","twitter_misc":{"Gesch\u00e4tzte Lesezeit":"1\u00a0Minute"},"schema":{"@context":"https:\/\/schema.org","@graph":[{"@type":"WebPage","@id":"https:\/\/aquaforest.eu\/de\/produkte\/seawater\/aquascaping\/afix-glue\/","url":"https:\/\/aquaforest.eu\/de\/produkte\/seawater\/aquascaping\/afix-glue\/","name":"AFix Glue - Aquaforest","isPartOf":{"@id":"https:\/\/aquaforest.eu\/de\/#website"},"primaryImageOfPage":{"@id":"https:\/\/aquaforest.eu\/de\/produkte\/seawater\/aquascaping\/afix-glue\/#primaryimage"},"image":{"@id":"https:\/\/aquaforest.eu\/de\/produkte\/seawater\/aquascaping\/afix-glue\/#primaryimage"},"thumbnailUrl":"https:\/\/aquaforest.eu\/wp-content\/uploads\/2024\/06\/AFix_Glue.png","datePublished":"2024-06-26T00:18:11+00:00","dateModified":"2024-10-24T10:59:51+00:00","description":"AFIX Glue von Aquaforest: starker Kleber f\u00fcr die schnelle und dauerhafte Befestigung von Elementen im Aquarium. Zuverl\u00e4ssige Formel f\u00fcr sichere Verbindungen und dauerhafte Anordnungen.","breadcrumb":{"@id":"https:\/\/aquaforest.eu\/de\/produkte\/seawater\/aquascaping\/afix-glue\/#breadcrumb"},"inLanguage":"de","potentialAction":[{"@type":"ReadAction","target":["https:\/\/aquaforest.eu\/de\/produkte\/seawater\/aquascaping\/afix-glue\/"]}]},{"@type":"ImageObject","inLanguage":"de","@id":"https:\/\/aquaforest.eu\/de\/produkte\/seawater\/aquascaping\/afix-glue\/#primaryimage","url":"https:\/\/aquaforest.eu\/wp-content\/uploads\/2024\/06\/AFix_Glue.png","contentUrl":"https:\/\/aquaforest.eu\/wp-content\/uploads\/2024\/06\/AFix_Glue.png","width":600,"height":600},{"@type":"BreadcrumbList","@id":"https:\/\/aquaforest.eu\/de\/produkte\/seawater\/aquascaping\/afix-glue\/#breadcrumb","itemListElement":[{"@type":"ListItem","position":1,"name":"Home","item":"https:\/\/aquaforest.eu\/de\/"},{"@type":"ListItem","position":2,"name":"Produkte","item":"https:\/\/aquaforest.eu\/de\/produkte\/"},{"@type":"ListItem","position":3,"name":"AFix Glue"}]},{"@type":"WebSite","@id":"https:\/\/aquaforest.eu\/de\/#website","url":"https:\/\/aquaforest.eu\/de\/","name":"Aquaforest","description":"","publisher":{"@id":"https:\/\/aquaforest.eu\/de\/#organization"},"potentialAction":[{"@type":"SearchAction","target":{"@type":"EntryPoint","urlTemplate":"https:\/\/aquaforest.eu\/de\/?s={search_term_string}"},"query-input":{"@type":"PropertyValueSpecification","valueRequired":true,"valueName":"search_term_string"}}],"inLanguage":"de"},{"@type":"Organization","@id":"https:\/\/aquaforest.eu\/de\/#organization","name":"Aquaforest","url":"https:\/\/aquaforest.eu\/de\/","logo":{"@type":"ImageObject","inLanguage":"de","@id":"https:\/\/aquaforest.eu\/de\/#\/schema\/logo\/image\/","url":"https:\/\/aquaforest.eu\/wp-content\/uploads\/2024\/05\/logotyp-aquaforest.svg","contentUrl":"https:\/\/aquaforest.eu\/wp-content\/uploads\/2024\/05\/logotyp-aquaforest.svg","width":170,"height":22,"caption":"Aquaforest"},"image":{"@id":"https:\/\/aquaforest.eu\/de\/#\/schema\/logo\/image\/"},"sameAs":["https:\/\/www.facebook.com\/Aquaforest\/","https:\/\/www.instagram.com\/aquaforest.eu\/"]}]}},"_links":{"self":[{"href":"https:\/\/aquaforest.eu\/de\/wp-json\/wp\/v2\/product\/11593","targetHints":{"allow":["GET"]}}],"collection":[{"href":"https:\/\/aquaforest.eu\/de\/wp-json\/wp\/v2\/product"}],"about":[{"href":"https:\/\/aquaforest.eu\/de\/wp-json\/wp\/v2\/types\/product"}],"version-history":[{"count":0,"href":"https:\/\/aquaforest.eu\/de\/wp-json\/wp\/v2\/product\/11593\/revisions"}],"wp:featuredmedia":[{"embeddable":true,"href":"https:\/\/aquaforest.eu\/de\/wp-json\/wp\/v2\/media\/11620"}],"wp:attachment":[{"href":"https:\/\/aquaforest.eu\/de\/wp-json\/wp\/v2\/media?parent=11593"}],"wp:term":[{"taxonomy":"product_brand","embeddable":true,"href":"https:\/\/aquaforest.eu\/de\/wp-json\/wp\/v2\/product_brand?post=11593"},{"taxonomy":"product_cat","embeddable":true,"href":"https:\/\/aquaforest.eu\/de\/wp-json\/wp\/v2\/product_cat?post=11593"},{"taxonomy":"product_tag","embeddable":true,"href":"https:\/\/aquaforest.eu\/de\/wp-json\/wp\/v2\/product_tag?post=11593"}],"curies":[{"name":"wp","href":"https:\/\/api.w.org\/{rel}","templated":true}]}}