{"id":11594,"date":"2024-06-26T02:18:15","date_gmt":"2024-06-26T00:18:15","guid":{"rendered":"https:\/\/aquaforest.eu\/products\/unkategorisiert\/af-vege-staerke\/"},"modified":"2025-02-12T15:31:13","modified_gmt":"2025-02-12T14:31:13","slug":"af-vege-strength","status":"publish","type":"product","link":"https:\/\/aquaforest.eu\/de\/produkte\/seawater\/lebensmittel-und-nahrungsergaenzungsmittel\/af-vege-strength\/","title":{"rendered":"AF Vege Strength"},"content":{"rendered":"<p><span style=\"color: #000000;\">Fischfutter in Form von 1,5 mm gro\u00dfen Pellets f\u00fcr gr\u00f6\u00dfere pflanzenfressende und allesfressende Fische. Dieses <b>leicht verdauliche<\/b> Futter auf pflanzlicher Basis mit einem <b>hohen Ballaststoffgehalt<\/b> verursacht keine Verdauungsbeschwerden und <b>beeinflusst die Darmperistaltik positiv<\/b>. <\/span><span style=\"color: #000000;\">Au\u00dferdem<b> enth\u00e4lt<\/b> das Futter<b> Spirulina &#8211; ein Superfood<\/b>, das f\u00fcr seinen hohen N\u00e4hrstoffgehalt, die <b>Stimulierung von Wachstum und Entwicklung und die St\u00e4rkung des Immunsystems<\/b> bekannt ist. <\/span><span style=\"color: #000000;\">Der im <b>Futter<\/b> enthaltene Krill <b>stimuliert die Verdauungsprozesse und tr\u00e4gt zur Intensivierung der Farben bei.<\/b> Nat\u00fcrliche<b>Proteine, die aus Krill und Tintenfisch gewonnen werden, sorgen f\u00fcr ein starkes Wachstum, w\u00e4hrend Vitamine und Mineralien<\/b> wie Kalzium, Magnesium, Phosphor, Eisen, Kalium und Jod <b>die Immunabwehr f\u00f6rdern.<\/b><\/span><\/p>\n<p>&nbsp;<\/p>\n<p><strong>Granulatgr\u00f6\u00dfe:<\/strong> 1,5 mm<\/p>\n<p>&nbsp;<\/p>\n<hr \/>\n<p>&nbsp;<\/p>\n<p><span style=\"color: #000000;\"><strong>Was dieses Produkt einzigartig macht:<\/strong><\/span><\/p>\n<ul>\n<li><span style=\"color: #000000;\">Pflanzliche Lebensmittel mit hohem Ballaststoffgehalt<\/span><\/li>\n<li><span style=\"color: #000000;\">Beeinflusst die Darmperistaltik positiv<\/span><\/li>\n<li><span style=\"color: #000000;\">Stimuliert Wachstum und Entwicklung<\/span><\/li>\n<li><span style=\"color: #000000;\">St\u00e4rken Sie das Immunsystem<\/span><\/li>\n<li><span style=\"color: #000000;\">Krill stimuliert die Verdauungsprozesse und tr\u00e4gt zur Farbintensivierung bei<\/span><\/li>\n<\/ul>\n<p><span style=\"color: #000000;\">Das Produkt ist nur f\u00fcr Aquarien geeignet. <\/span><span style=\"color: #000000;\">Nicht f\u00fcr den menschlichen Verzehr geeignet. <\/span><span style=\"color: #000000;\">Bewahren Sie es an einem trockenen und k\u00fchlen Ort und au\u00dferhalb der Reichweite von Kindern auf.<\/span><\/p>\n<p>&nbsp;<\/p>\n<hr \/>\n<h4 data-fontsize=\"16\" data-lineheight=\"24px\"><\/h4>\n<h4 class=\"fusion-tab-heading fusion-responsive-typography-calculated\" data-fontsize=\"16\" data-lineheight=\"24px\"><span style=\"color: #000000;\">Inhaltsstoffe &amp; Dosierung<\/span><\/h4>\n<p><span style=\"color: #000000;\"><strong>Dosierung: <\/strong>F\u00fcttern Sie mehrmals am Tag in kleinen Portionen.<\/span><br \/>\n<span style=\"color: #000000;\">F\u00fcr eine optimale Fischern\u00e4hrung empfiehlt es sich, AF Vege Strength abwechselnd mit anderen Futtermischungen der Marke Aquaforest zu f\u00fcttern. <\/span><\/p>\n<p><span style=\"color: #000000;\"><strong>Zutaten:<\/strong> Getreideschrot, Sojabohnen, Hefe, Krill, Tintenfisch, pflanzliche Fette, Spirulina, Antioxidationsmittel. <\/span><\/p>\n<p><span style=\"color: #000000;\"><strong>Zusatzstoffe:<\/strong> Vit. <\/span><span style=\"color: #000000;\">E 130 mg\/kg, Vit. <\/span><span style=\"color: #000000;\">C 100 mg\/kg, Vit. <\/span><span style=\"color: #000000;\">A 10000 IU\/kg, Vit. <\/span><span style=\"color: #000000;\">D3 1300 UI\/kg. <\/span><\/p>\n<p><span style=\"color: #000000;\"><strong>Analytische Bestandteile:<\/strong> Roheiwei\u00df 37,0%, Rohfett 6,0%, Rohfaser 1,8%, Feuchtigkeit 10,0%, Rohasche 10,1%, Phosphor 1,4%.<\/span><\/p>\n","protected":false},"excerpt":{"rendered":"<p>Pflanzliches Futter f\u00fcr Fische und wirbellose Tiere. Leicht verdaulich, hoher Ballaststoffgehalt und Zusatz von Spirulina.<\/p>\n","protected":false},"featured_media":11602,"template":"","meta":{"_acf_changed":false,"content-type":""},"product_brand":[],"product_cat":[1152],"product_tag":[966,1104,1120,1633],"class_list":{"0":"post-11594","1":"product","2":"type-product","3":"status-publish","4":"has-post-thumbnail","6":"product_cat-lebensmittel-und-nahrungsergaenzungsmittel","7":"product_tag-aquaforest-de","8":"product_tag-lebensmittel-und-nahrungserganzungsmittel","9":"product_tag-meerwasser-aquarien","10":"product_tag-simple-de","12":"first","13":"instock","14":"taxable","15":"shipping-taxable","16":"purchasable","17":"product-type-simple"},"acf":[],"yoast_head":"<!-- This site is optimized with the Yoast SEO plugin v27.1.1 - https:\/\/yoast.com\/product\/yoast-seo-wordpress\/ -->\n<title>AF Vege Strength - Aquaforest<\/title>\n<meta name=\"description\" content=\"AF Vege Strength von Aquaforest: konzentriertes pflanzliches Futter f\u00fcr Fische und Wirbellose, das deren Gesundheit und Kondition unterst\u00fctzt. Eine einzigartige Formel f\u00fcr intensive Farben und starkes Wachstum.\" \/>\n<meta name=\"robots\" content=\"index, follow, max-snippet:-1, max-image-preview:large, max-video-preview:-1\" \/>\n<link rel=\"canonical\" href=\"https:\/\/aquaforest.eu\/de\/produkte\/seawater\/lebensmittel-und-nahrungsergaenzungsmittel\/af-vege-strength\/\" \/>\n<meta property=\"og:locale\" content=\"de_DE\" \/>\n<meta property=\"og:type\" content=\"article\" \/>\n<meta property=\"og:title\" content=\"AF Vege Strength - Aquaforest\" \/>\n<meta property=\"og:description\" content=\"AF Vege Strength von Aquaforest: konzentriertes pflanzliches Futter f\u00fcr Fische und Wirbellose, das deren Gesundheit und Kondition unterst\u00fctzt. Eine einzigartige Formel f\u00fcr intensive Farben und starkes Wachstum.\" \/>\n<meta property=\"og:url\" content=\"https:\/\/aquaforest.eu\/de\/produkte\/seawater\/lebensmittel-und-nahrungsergaenzungsmittel\/af-vege-strength\/\" \/>\n<meta property=\"og:site_name\" content=\"Aquaforest\" \/>\n<meta property=\"article:publisher\" content=\"https:\/\/www.facebook.com\/Aquaforest\/\" \/>\n<meta property=\"article:modified_time\" content=\"2025-02-12T14:31:13+00:00\" \/>\n<meta property=\"og:image\" content=\"https:\/\/aquaforest.eu\/wp-content\/uploads\/2024\/06\/AF-Vege-Strength.png\" \/>\n\t<meta property=\"og:image:width\" content=\"462\" \/>\n\t<meta property=\"og:image:height\" content=\"600\" \/>\n\t<meta property=\"og:image:type\" content=\"image\/png\" \/>\n<meta name=\"twitter:card\" content=\"summary_large_image\" \/>\n<meta name=\"twitter:label1\" content=\"Gesch\u00e4tzte Lesezeit\" \/>\n\t<meta name=\"twitter:data1\" content=\"2\u00a0Minuten\" \/>\n<script type=\"application\/ld+json\" class=\"yoast-schema-graph\">{\"@context\":\"https:\/\/schema.org\",\"@graph\":[{\"@type\":\"WebPage\",\"@id\":\"https:\/\/aquaforest.eu\/de\/produkte\/seawater\/lebensmittel-und-nahrungsergaenzungsmittel\/af-vege-strength\/\",\"url\":\"https:\/\/aquaforest.eu\/de\/produkte\/seawater\/lebensmittel-und-nahrungsergaenzungsmittel\/af-vege-strength\/\",\"name\":\"AF Vege Strength - Aquaforest\",\"isPartOf\":{\"@id\":\"https:\/\/aquaforest.eu\/de\/#website\"},\"primaryImageOfPage\":{\"@id\":\"https:\/\/aquaforest.eu\/de\/produkte\/seawater\/lebensmittel-und-nahrungsergaenzungsmittel\/af-vege-strength\/#primaryimage\"},\"image\":{\"@id\":\"https:\/\/aquaforest.eu\/de\/produkte\/seawater\/lebensmittel-und-nahrungsergaenzungsmittel\/af-vege-strength\/#primaryimage\"},\"thumbnailUrl\":\"https:\/\/aquaforest.eu\/wp-content\/uploads\/2024\/06\/AF-Vege-Strength.png\",\"datePublished\":\"2024-06-26T00:18:15+00:00\",\"dateModified\":\"2025-02-12T14:31:13+00:00\",\"description\":\"AF Vege Strength von Aquaforest: konzentriertes pflanzliches Futter f\u00fcr Fische und Wirbellose, das deren Gesundheit und Kondition unterst\u00fctzt. Eine einzigartige Formel f\u00fcr intensive Farben und starkes Wachstum.\",\"breadcrumb\":{\"@id\":\"https:\/\/aquaforest.eu\/de\/produkte\/seawater\/lebensmittel-und-nahrungsergaenzungsmittel\/af-vege-strength\/#breadcrumb\"},\"inLanguage\":\"de\",\"potentialAction\":[{\"@type\":\"ReadAction\",\"target\":[\"https:\/\/aquaforest.eu\/de\/produkte\/seawater\/lebensmittel-und-nahrungsergaenzungsmittel\/af-vege-strength\/\"]}]},{\"@type\":\"ImageObject\",\"inLanguage\":\"de\",\"@id\":\"https:\/\/aquaforest.eu\/de\/produkte\/seawater\/lebensmittel-und-nahrungsergaenzungsmittel\/af-vege-strength\/#primaryimage\",\"url\":\"https:\/\/aquaforest.eu\/wp-content\/uploads\/2024\/06\/AF-Vege-Strength.png\",\"contentUrl\":\"https:\/\/aquaforest.eu\/wp-content\/uploads\/2024\/06\/AF-Vege-Strength.png\",\"width\":462,\"height\":600},{\"@type\":\"BreadcrumbList\",\"@id\":\"https:\/\/aquaforest.eu\/de\/produkte\/seawater\/lebensmittel-und-nahrungsergaenzungsmittel\/af-vege-strength\/#breadcrumb\",\"itemListElement\":[{\"@type\":\"ListItem\",\"position\":1,\"name\":\"Home\",\"item\":\"https:\/\/aquaforest.eu\/de\/\"},{\"@type\":\"ListItem\",\"position\":2,\"name\":\"Produkte\",\"item\":\"https:\/\/aquaforest.eu\/de\/produkte\/\"},{\"@type\":\"ListItem\",\"position\":3,\"name\":\"AF Vege Strength\"}]},{\"@type\":\"WebSite\",\"@id\":\"https:\/\/aquaforest.eu\/de\/#website\",\"url\":\"https:\/\/aquaforest.eu\/de\/\",\"name\":\"Aquaforest\",\"description\":\"\",\"publisher\":{\"@id\":\"https:\/\/aquaforest.eu\/de\/#organization\"},\"potentialAction\":[{\"@type\":\"SearchAction\",\"target\":{\"@type\":\"EntryPoint\",\"urlTemplate\":\"https:\/\/aquaforest.eu\/de\/?s={search_term_string}\"},\"query-input\":{\"@type\":\"PropertyValueSpecification\",\"valueRequired\":true,\"valueName\":\"search_term_string\"}}],\"inLanguage\":\"de\"},{\"@type\":\"Organization\",\"@id\":\"https:\/\/aquaforest.eu\/de\/#organization\",\"name\":\"Aquaforest\",\"url\":\"https:\/\/aquaforest.eu\/de\/\",\"logo\":{\"@type\":\"ImageObject\",\"inLanguage\":\"de\",\"@id\":\"https:\/\/aquaforest.eu\/de\/#\/schema\/logo\/image\/\",\"url\":\"https:\/\/aquaforest.eu\/wp-content\/uploads\/2024\/05\/logotyp-aquaforest.svg\",\"contentUrl\":\"https:\/\/aquaforest.eu\/wp-content\/uploads\/2024\/05\/logotyp-aquaforest.svg\",\"width\":170,\"height\":22,\"caption\":\"Aquaforest\"},\"image\":{\"@id\":\"https:\/\/aquaforest.eu\/de\/#\/schema\/logo\/image\/\"},\"sameAs\":[\"https:\/\/www.facebook.com\/Aquaforest\/\",\"https:\/\/www.instagram.com\/aquaforest.eu\/\"]}]}<\/script>\n<!-- \/ Yoast SEO plugin. -->","yoast_head_json":{"title":"AF Vege Strength - Aquaforest","description":"AF Vege Strength von Aquaforest: konzentriertes pflanzliches Futter f\u00fcr Fische und Wirbellose, das deren Gesundheit und Kondition unterst\u00fctzt. Eine einzigartige Formel f\u00fcr intensive Farben und starkes Wachstum.","robots":{"index":"index","follow":"follow","max-snippet":"max-snippet:-1","max-image-preview":"max-image-preview:large","max-video-preview":"max-video-preview:-1"},"canonical":"https:\/\/aquaforest.eu\/de\/produkte\/seawater\/lebensmittel-und-nahrungsergaenzungsmittel\/af-vege-strength\/","og_locale":"de_DE","og_type":"article","og_title":"AF Vege Strength - Aquaforest","og_description":"AF Vege Strength von Aquaforest: konzentriertes pflanzliches Futter f\u00fcr Fische und Wirbellose, das deren Gesundheit und Kondition unterst\u00fctzt. Eine einzigartige Formel f\u00fcr intensive Farben und starkes Wachstum.","og_url":"https:\/\/aquaforest.eu\/de\/produkte\/seawater\/lebensmittel-und-nahrungsergaenzungsmittel\/af-vege-strength\/","og_site_name":"Aquaforest","article_publisher":"https:\/\/www.facebook.com\/Aquaforest\/","article_modified_time":"2025-02-12T14:31:13+00:00","og_image":[{"width":462,"height":600,"url":"https:\/\/aquaforest.eu\/wp-content\/uploads\/2024\/06\/AF-Vege-Strength.png","type":"image\/png"}],"twitter_card":"summary_large_image","twitter_misc":{"Gesch\u00e4tzte Lesezeit":"2\u00a0Minuten"},"schema":{"@context":"https:\/\/schema.org","@graph":[{"@type":"WebPage","@id":"https:\/\/aquaforest.eu\/de\/produkte\/seawater\/lebensmittel-und-nahrungsergaenzungsmittel\/af-vege-strength\/","url":"https:\/\/aquaforest.eu\/de\/produkte\/seawater\/lebensmittel-und-nahrungsergaenzungsmittel\/af-vege-strength\/","name":"AF Vege Strength - Aquaforest","isPartOf":{"@id":"https:\/\/aquaforest.eu\/de\/#website"},"primaryImageOfPage":{"@id":"https:\/\/aquaforest.eu\/de\/produkte\/seawater\/lebensmittel-und-nahrungsergaenzungsmittel\/af-vege-strength\/#primaryimage"},"image":{"@id":"https:\/\/aquaforest.eu\/de\/produkte\/seawater\/lebensmittel-und-nahrungsergaenzungsmittel\/af-vege-strength\/#primaryimage"},"thumbnailUrl":"https:\/\/aquaforest.eu\/wp-content\/uploads\/2024\/06\/AF-Vege-Strength.png","datePublished":"2024-06-26T00:18:15+00:00","dateModified":"2025-02-12T14:31:13+00:00","description":"AF Vege Strength von Aquaforest: konzentriertes pflanzliches Futter f\u00fcr Fische und Wirbellose, das deren Gesundheit und Kondition unterst\u00fctzt. Eine einzigartige Formel f\u00fcr intensive Farben und starkes Wachstum.","breadcrumb":{"@id":"https:\/\/aquaforest.eu\/de\/produkte\/seawater\/lebensmittel-und-nahrungsergaenzungsmittel\/af-vege-strength\/#breadcrumb"},"inLanguage":"de","potentialAction":[{"@type":"ReadAction","target":["https:\/\/aquaforest.eu\/de\/produkte\/seawater\/lebensmittel-und-nahrungsergaenzungsmittel\/af-vege-strength\/"]}]},{"@type":"ImageObject","inLanguage":"de","@id":"https:\/\/aquaforest.eu\/de\/produkte\/seawater\/lebensmittel-und-nahrungsergaenzungsmittel\/af-vege-strength\/#primaryimage","url":"https:\/\/aquaforest.eu\/wp-content\/uploads\/2024\/06\/AF-Vege-Strength.png","contentUrl":"https:\/\/aquaforest.eu\/wp-content\/uploads\/2024\/06\/AF-Vege-Strength.png","width":462,"height":600},{"@type":"BreadcrumbList","@id":"https:\/\/aquaforest.eu\/de\/produkte\/seawater\/lebensmittel-und-nahrungsergaenzungsmittel\/af-vege-strength\/#breadcrumb","itemListElement":[{"@type":"ListItem","position":1,"name":"Home","item":"https:\/\/aquaforest.eu\/de\/"},{"@type":"ListItem","position":2,"name":"Produkte","item":"https:\/\/aquaforest.eu\/de\/produkte\/"},{"@type":"ListItem","position":3,"name":"AF Vege Strength"}]},{"@type":"WebSite","@id":"https:\/\/aquaforest.eu\/de\/#website","url":"https:\/\/aquaforest.eu\/de\/","name":"Aquaforest","description":"","publisher":{"@id":"https:\/\/aquaforest.eu\/de\/#organization"},"potentialAction":[{"@type":"SearchAction","target":{"@type":"EntryPoint","urlTemplate":"https:\/\/aquaforest.eu\/de\/?s={search_term_string}"},"query-input":{"@type":"PropertyValueSpecification","valueRequired":true,"valueName":"search_term_string"}}],"inLanguage":"de"},{"@type":"Organization","@id":"https:\/\/aquaforest.eu\/de\/#organization","name":"Aquaforest","url":"https:\/\/aquaforest.eu\/de\/","logo":{"@type":"ImageObject","inLanguage":"de","@id":"https:\/\/aquaforest.eu\/de\/#\/schema\/logo\/image\/","url":"https:\/\/aquaforest.eu\/wp-content\/uploads\/2024\/05\/logotyp-aquaforest.svg","contentUrl":"https:\/\/aquaforest.eu\/wp-content\/uploads\/2024\/05\/logotyp-aquaforest.svg","width":170,"height":22,"caption":"Aquaforest"},"image":{"@id":"https:\/\/aquaforest.eu\/de\/#\/schema\/logo\/image\/"},"sameAs":["https:\/\/www.facebook.com\/Aquaforest\/","https:\/\/www.instagram.com\/aquaforest.eu\/"]}]}},"_links":{"self":[{"href":"https:\/\/aquaforest.eu\/de\/wp-json\/wp\/v2\/product\/11594","targetHints":{"allow":["GET"]}}],"collection":[{"href":"https:\/\/aquaforest.eu\/de\/wp-json\/wp\/v2\/product"}],"about":[{"href":"https:\/\/aquaforest.eu\/de\/wp-json\/wp\/v2\/types\/product"}],"version-history":[{"count":1,"href":"https:\/\/aquaforest.eu\/de\/wp-json\/wp\/v2\/product\/11594\/revisions"}],"predecessor-version":[{"id":21353,"href":"https:\/\/aquaforest.eu\/de\/wp-json\/wp\/v2\/product\/11594\/revisions\/21353"}],"wp:featuredmedia":[{"embeddable":true,"href":"https:\/\/aquaforest.eu\/de\/wp-json\/wp\/v2\/media\/11602"}],"wp:attachment":[{"href":"https:\/\/aquaforest.eu\/de\/wp-json\/wp\/v2\/media?parent=11594"}],"wp:term":[{"taxonomy":"product_brand","embeddable":true,"href":"https:\/\/aquaforest.eu\/de\/wp-json\/wp\/v2\/product_brand?post=11594"},{"taxonomy":"product_cat","embeddable":true,"href":"https:\/\/aquaforest.eu\/de\/wp-json\/wp\/v2\/product_cat?post=11594"},{"taxonomy":"product_tag","embeddable":true,"href":"https:\/\/aquaforest.eu\/de\/wp-json\/wp\/v2\/product_tag?post=11594"}],"curies":[{"name":"wp","href":"https:\/\/api.w.org\/{rel}","templated":true}]}}